{"id":294,"date":"2014-04-14T14:26:12","date_gmt":"2014-04-14T13:26:12","guid":{"rendered":"\/urad-mestske-casti\/?page_id=294"},"modified":"2024-04-10T15:42:00","modified_gmt":"2024-04-10T13:42:00","slug":"sazebnik-uhrad-za-poskytovani-informaci","status":"publish","type":"page","link":"https:\/\/www.praha14.cz\/urad-mestske-casti\/sazebnik-uhrad-za-poskytovani-informaci\/","title":{"rendered":"Sazebn\u00edk \u00fahrad za poskytov\u00e1n\u00ed informac\u00ed"},"content":{"rendered":"<p>V\u00a0souvislosti s\u00a0poskytov\u00e1n\u00edm informac\u00ed a p\u0159i zabezpe\u010dov\u00e1n\u00ed po\u0159izov\u00e1n\u00ed kopi\u00ed pro ob\u010dany p\u0159i vy\u0159izov\u00e1n\u00ed jejich z\u00e1le\u017eitost\u00ed na \u00da\u0159ad\u011b m\u011bstsk\u00e9 \u010d\u00e1sti Praha 14 m\u016f\u017ee\u00a0<strong>b\u00fdt povinn\u00fdm subjektem po\u017eadov\u00e1na \u00fahrada n\u00e1klad\u016f za zhotoven\u00ed kopi\u00ed listin<\/strong>, a\u00a0to :<\/p>\n<table>\n<tbody>\n<tr>\n<th>Form\u00e1t<\/th>\n<th>K\u010d<\/th>\n<\/tr>\n<tr>\n<td>A4<\/td>\n<td>2,-<\/td>\n<\/tr>\n<tr>\n<td>A4 oboustrann\u011b<\/td>\n<td>3,-<\/td>\n<\/tr>\n<tr>\n<td>v\u00fdtisk z\u00a0tisk\u00e1rny po\u010d\u00edta\u010de jedna str\u00e1nka<\/td>\n<td>3,-<\/td>\n<\/tr>\n<tr>\n<td>A3<\/td>\n<td>3,-<\/td>\n<\/tr>\n<tr>\n<td>A3 oboustrann\u011b<\/td>\n<td>4,-<\/td>\n<\/tr>\n<tr>\n<td>na \u017e\u00e1dost ob\u010dana barevn\u00fd v\u00fdtisk zvy\u0161uje \u010d\u00e1stky o<\/td>\n<td>10,-<\/td>\n<\/tr>\n<\/tbody>\n<\/table>\n<ul>\n<li>po\u0161tovn\u00e9 dle skute\u010dn\u00fdch n\u00e1klad\u016f<\/li>\n<li>technick\u00fd nosi\u010d dle skute\u010dn\u00fdch n\u00e1klad\u016f<\/li>\n<\/ul>\n<p>N\u00e1klady spojen\u00e9 s\u00a0mimo\u0159\u00e1dn\u011b rozs\u00e1hl\u00fdm vyhled\u00e1n\u00edm informac\u00ed<\/p>\n<p>&#8211; pokud je poskytnut\u00ed informace spojeno s mimo\u0159\u00e1dn\u011b rozs\u00e1hl\u00fdm vyhled\u00e1v\u00e1n\u00edm informace, \u010din\u00ed n\u00e1klady za ka\u017edou celou 1 hodinu mimo\u0159\u00e1dn\u011b rozs\u00e1hl\u00e9ho vyhled\u00e1v\u00e1n\u00ed\u00a0 250 K\u010d.<\/p>\n<p>Pokud o to \u017eadatel po\u017e\u00e1d\u00e1, mus\u00ed mu b\u00fdt potvrzena v\u00fd\u0161e \u00fahrady n\u00e1klad\u016f.<\/p>\n<p><strong>M\u00edsta, kde mohou ob\u010dan\u00e9 po\u017e\u00e1dat o vyhotoven\u00ed kopi\u00ed:<\/strong><\/p>\n<ul>\n<li>v objektu Brat\u0159\u00ed Vencl\u00edk\u016f 1073:\u00a0v podateln\u011b \u00da\u0159adu m\u011bstsk\u00e9 \u010d\u00e1sti Praha 14<\/li>\n<\/ul>\n<p>&nbsp;<\/p>\n","protected":false},"excerpt":{"rendered":"<p>V\u00a0souvislosti s\u00a0poskytov\u00e1n\u00edm informac\u00ed a p\u0159i zabezpe\u010dov\u00e1n\u00ed po\u0159izov\u00e1n\u00ed kopi\u00ed pro ob\u010dany p\u0159i vy\u0159izov\u00e1n\u00ed jejich z\u00e1le\u017eitost\u00ed na \u00da\u0159ad\u011b m\u011bstsk\u00e9 \u010d\u00e1sti Praha 14 m\u016f\u017ee\u00a0b\u00fdt povinn\u00fdm subjektem po\u017eadov\u00e1na \u00fahrada n\u00e1klad\u016f za zhotoven\u00ed kopi\u00ed listin, a\u00a0to : Form\u00e1t K\u010d A4 2,- A4 oboustrann\u011b 3,- v\u00fdtisk z\u00a0tisk\u00e1rny po\u010d\u00edta\u010de jedna str\u00e1nka 3,- A3 3,- A3 oboustrann\u011b 4,- na \u017e\u00e1dost ob\u010dana barevn\u00fd v\u00fdtisk&#8230;<\/p>\n","protected":false},"author":1,"featured_media":0,"parent":0,"menu_order":0,"comment_status":"closed","ping_status":"open","template":"","meta":{"_acf_changed":false,"footnotes":""},"class_list":["post-294","page","type-page","status-publish","hentry"],"acf":[],"yoast_head":"<!-- This site is optimized with the Yoast SEO plugin v27.2 - https:\/\/yoast.com\/product\/yoast-seo-wordpress\/ -->\n<title>Sazebn\u00edk \u00fahrad za poskytov\u00e1n\u00ed informac\u00ed - \u00daM\u010c P14<\/title>\n<meta name=\"robots\" content=\"index, follow, max-snippet:-1, max-image-preview:large, max-video-preview:-1\" \/>\n<link rel=\"canonical\" href=\"https:\/\/www.praha14.cz\/urad-mestske-casti\/sazebnik-uhrad-za-poskytovani-informaci\/\" \/>\n<meta property=\"og:locale\" content=\"cs_CZ\" \/>\n<meta property=\"og:type\" content=\"article\" \/>\n<meta property=\"og:title\" content=\"Sazebn\u00edk \u00fahrad za poskytov\u00e1n\u00ed informac\u00ed - \u00daM\u010c P14\" \/>\n<meta property=\"og:description\" content=\"V\u00a0souvislosti s\u00a0poskytov\u00e1n\u00edm informac\u00ed a p\u0159i zabezpe\u010dov\u00e1n\u00ed po\u0159izov\u00e1n\u00ed kopi\u00ed pro ob\u010dany p\u0159i vy\u0159izov\u00e1n\u00ed jejich z\u00e1le\u017eitost\u00ed na \u00da\u0159ad\u011b m\u011bstsk\u00e9 \u010d\u00e1sti Praha 14 m\u016f\u017ee\u00a0b\u00fdt povinn\u00fdm subjektem po\u017eadov\u00e1na \u00fahrada n\u00e1klad\u016f za zhotoven\u00ed kopi\u00ed listin, a\u00a0to : Form\u00e1t K\u010d A4 2,- A4 oboustrann\u011b 3,- v\u00fdtisk z\u00a0tisk\u00e1rny po\u010d\u00edta\u010de jedna str\u00e1nka 3,- A3 3,- A3 oboustrann\u011b 4,- na \u017e\u00e1dost ob\u010dana barevn\u00fd v\u00fdtisk...\" \/>\n<meta property=\"og:url\" content=\"https:\/\/www.praha14.cz\/urad-mestske-casti\/sazebnik-uhrad-za-poskytovani-informaci\/\" \/>\n<meta property=\"og:site_name\" content=\"\u00daM\u010c P14\" \/>\n<meta property=\"article:modified_time\" content=\"2024-04-10T13:42:00+00:00\" \/>\n<meta name=\"twitter:card\" content=\"summary_large_image\" \/>\n<meta name=\"twitter:label1\" content=\"Est. reading time\" \/>\n\t<meta name=\"twitter:data1\" content=\"1 minuta\" \/>\n<script type=\"application\/ld+json\" class=\"yoast-schema-graph\">{\"@context\":\"https:\/\/schema.org\",\"@graph\":[{\"@type\":\"WebPage\",\"@id\":\"https:\/\/www.praha14.cz\/urad-mestske-casti\/sazebnik-uhrad-za-poskytovani-informaci\/\",\"url\":\"https:\/\/www.praha14.cz\/urad-mestske-casti\/sazebnik-uhrad-za-poskytovani-informaci\/\",\"name\":\"Sazebn\u00edk \u00fahrad za poskytov\u00e1n\u00ed informac\u00ed - \u00daM\u010c P14\",\"isPartOf\":{\"@id\":\"https:\/\/www.praha14.cz\/urad-mestske-casti\/#website\"},\"datePublished\":\"2014-04-14T13:26:12+00:00\",\"dateModified\":\"2024-04-10T13:42:00+00:00\",\"breadcrumb\":{\"@id\":\"https:\/\/www.praha14.cz\/urad-mestske-casti\/sazebnik-uhrad-za-poskytovani-informaci\/#breadcrumb\"},\"inLanguage\":\"cs\",\"potentialAction\":[{\"@type\":\"ReadAction\",\"target\":[\"https:\/\/www.praha14.cz\/urad-mestske-casti\/sazebnik-uhrad-za-poskytovani-informaci\/\"]}]},{\"@type\":\"BreadcrumbList\",\"@id\":\"https:\/\/www.praha14.cz\/urad-mestske-casti\/sazebnik-uhrad-za-poskytovani-informaci\/#breadcrumb\",\"itemListElement\":[{\"@type\":\"ListItem\",\"position\":1,\"name\":\"\u00da\u0159ad m\u011bstsk\u00e9 \u010d\u00e1sti Praha 14\",\"item\":\"https:\/\/www.praha14.cz\/urad-mestske-casti\/\"},{\"@type\":\"ListItem\",\"position\":2,\"name\":\"Sazebn\u00edk \u00fahrad za poskytov\u00e1n\u00ed informac\u00ed\"}]},{\"@type\":\"WebSite\",\"@id\":\"https:\/\/www.praha14.cz\/urad-mestske-casti\/#website\",\"url\":\"https:\/\/www.praha14.cz\/urad-mestske-casti\/\",\"name\":\"\u00daM\u010c P14\",\"description\":\"Ofici\u00e1ln\u00ed str\u00e1nky m\u011bstsk\u00e9 \u010d\u00e1sti Praha 14\",\"potentialAction\":[{\"@type\":\"SearchAction\",\"target\":{\"@type\":\"EntryPoint\",\"urlTemplate\":\"https:\/\/www.praha14.cz\/urad-mestske-casti\/?s={search_term_string}\"},\"query-input\":{\"@type\":\"PropertyValueSpecification\",\"valueRequired\":true,\"valueName\":\"search_term_string\"}}],\"inLanguage\":\"cs\"}]}<\/script>\n<!-- \/ Yoast SEO plugin. -->","yoast_head_json":{"title":"Sazebn\u00edk \u00fahrad za poskytov\u00e1n\u00ed informac\u00ed - \u00daM\u010c P14","robots":{"index":"index","follow":"follow","max-snippet":"max-snippet:-1","max-image-preview":"max-image-preview:large","max-video-preview":"max-video-preview:-1"},"canonical":"https:\/\/www.praha14.cz\/urad-mestske-casti\/sazebnik-uhrad-za-poskytovani-informaci\/","og_locale":"cs_CZ","og_type":"article","og_title":"Sazebn\u00edk \u00fahrad za poskytov\u00e1n\u00ed informac\u00ed - \u00daM\u010c P14","og_description":"V\u00a0souvislosti s\u00a0poskytov\u00e1n\u00edm informac\u00ed a p\u0159i zabezpe\u010dov\u00e1n\u00ed po\u0159izov\u00e1n\u00ed kopi\u00ed pro ob\u010dany p\u0159i vy\u0159izov\u00e1n\u00ed jejich z\u00e1le\u017eitost\u00ed na \u00da\u0159ad\u011b m\u011bstsk\u00e9 \u010d\u00e1sti Praha 14 m\u016f\u017ee\u00a0b\u00fdt povinn\u00fdm subjektem po\u017eadov\u00e1na \u00fahrada n\u00e1klad\u016f za zhotoven\u00ed kopi\u00ed listin, a\u00a0to : Form\u00e1t K\u010d A4 2,- A4 oboustrann\u011b 3,- v\u00fdtisk z\u00a0tisk\u00e1rny po\u010d\u00edta\u010de jedna str\u00e1nka 3,- A3 3,- A3 oboustrann\u011b 4,- na \u017e\u00e1dost ob\u010dana barevn\u00fd v\u00fdtisk...","og_url":"https:\/\/www.praha14.cz\/urad-mestske-casti\/sazebnik-uhrad-za-poskytovani-informaci\/","og_site_name":"\u00daM\u010c P14","article_modified_time":"2024-04-10T13:42:00+00:00","twitter_card":"summary_large_image","twitter_misc":{"Est. reading time":"1 minuta"},"schema":{"@context":"https:\/\/schema.org","@graph":[{"@type":"WebPage","@id":"https:\/\/www.praha14.cz\/urad-mestske-casti\/sazebnik-uhrad-za-poskytovani-informaci\/","url":"https:\/\/www.praha14.cz\/urad-mestske-casti\/sazebnik-uhrad-za-poskytovani-informaci\/","name":"Sazebn\u00edk \u00fahrad za poskytov\u00e1n\u00ed informac\u00ed - \u00daM\u010c P14","isPartOf":{"@id":"https:\/\/www.praha14.cz\/urad-mestske-casti\/#website"},"datePublished":"2014-04-14T13:26:12+00:00","dateModified":"2024-04-10T13:42:00+00:00","breadcrumb":{"@id":"https:\/\/www.praha14.cz\/urad-mestske-casti\/sazebnik-uhrad-za-poskytovani-informaci\/#breadcrumb"},"inLanguage":"cs","potentialAction":[{"@type":"ReadAction","target":["https:\/\/www.praha14.cz\/urad-mestske-casti\/sazebnik-uhrad-za-poskytovani-informaci\/"]}]},{"@type":"BreadcrumbList","@id":"https:\/\/www.praha14.cz\/urad-mestske-casti\/sazebnik-uhrad-za-poskytovani-informaci\/#breadcrumb","itemListElement":[{"@type":"ListItem","position":1,"name":"\u00da\u0159ad m\u011bstsk\u00e9 \u010d\u00e1sti Praha 14","item":"https:\/\/www.praha14.cz\/urad-mestske-casti\/"},{"@type":"ListItem","position":2,"name":"Sazebn\u00edk \u00fahrad za poskytov\u00e1n\u00ed informac\u00ed"}]},{"@type":"WebSite","@id":"https:\/\/www.praha14.cz\/urad-mestske-casti\/#website","url":"https:\/\/www.praha14.cz\/urad-mestske-casti\/","name":"\u00daM\u010c P14","description":"Ofici\u00e1ln\u00ed str\u00e1nky m\u011bstsk\u00e9 \u010d\u00e1sti Praha 14","potentialAction":[{"@type":"SearchAction","target":{"@type":"EntryPoint","urlTemplate":"https:\/\/www.praha14.cz\/urad-mestske-casti\/?s={search_term_string}"},"query-input":{"@type":"PropertyValueSpecification","valueRequired":true,"valueName":"search_term_string"}}],"inLanguage":"cs"}]}},"_links":{"self":[{"href":"https:\/\/www.praha14.cz\/urad-mestske-casti\/wp-json\/wp\/v2\/pages\/294","targetHints":{"allow":["GET"]}}],"collection":[{"href":"https:\/\/www.praha14.cz\/urad-mestske-casti\/wp-json\/wp\/v2\/pages"}],"about":[{"href":"https:\/\/www.praha14.cz\/urad-mestske-casti\/wp-json\/wp\/v2\/types\/page"}],"author":[{"embeddable":true,"href":"https:\/\/www.praha14.cz\/urad-mestske-casti\/wp-json\/wp\/v2\/users\/1"}],"replies":[{"embeddable":true,"href":"https:\/\/www.praha14.cz\/urad-mestske-casti\/wp-json\/wp\/v2\/comments?post=294"}],"version-history":[{"count":7,"href":"https:\/\/www.praha14.cz\/urad-mestske-casti\/wp-json\/wp\/v2\/pages\/294\/revisions"}],"predecessor-version":[{"id":51600,"href":"https:\/\/www.praha14.cz\/urad-mestske-casti\/wp-json\/wp\/v2\/pages\/294\/revisions\/51600"}],"wp:attachment":[{"href":"https:\/\/www.praha14.cz\/urad-mestske-casti\/wp-json\/wp\/v2\/media?parent=294"}],"curies":[{"name":"wp","href":"https:\/\/api.w.org\/{rel}","templated":true}]}}