{"id":298,"date":"2014-04-14T14:34:22","date_gmt":"2014-04-14T13:34:22","guid":{"rendered":"\/urad-mestske-casti\/?page_id=298"},"modified":"2024-04-10T15:43:09","modified_gmt":"2024-04-10T13:43:09","slug":"postup-pri-porizovani-kopii-v-ramci-spravniho-rizeni","status":"publish","type":"page","link":"https:\/\/www.praha14.cz\/urad-mestske-casti\/postup-pri-porizovani-kopii-v-ramci-spravniho-rizeni\/","title":{"rendered":"Postup p\u0159i po\u0159izov\u00e1n\u00ed kopi\u00ed v r\u00e1mci spr\u00e1vn\u00edho \u0159\u00edzen\u00ed"},"content":{"rendered":"<p>(V\u00fd\u0148atek z instrukce <a href=\"https:\/\/www.praha14.cz\/app\/uploads\/sites\/2\/2024\/04\/QI-42_02_04.pdf\" target=\"_blank\" rel=\"noopener\">QI 42 02 04<\/a>)<\/p>\n<p>Zam\u011bstnanci M\u010c se \u0159\u00edd\u00ed t\u00edmto postupem, budou-li na z\u00e1klad\u011b po\u017eadavku \u00fa\u010dastn\u00edk\u016f\u00a0 \u0159\u00edzen\u00ed, jejich z\u00e1stupc\u016f, pop\u0159. jin\u00fdch osob, kter\u00e9 prok\u00e1\u017e\u00ed pr\u00e1vn\u00ed z\u00e1jem nebo jin\u00fd v\u00e1\u017en\u00fd d\u016fvod (nebude-li t\u00edm poru\u0161eno pr\u00e1vo n\u011bkter\u00e9ho z\u00a0\u00fa\u010dastn\u00edk\u016f, pop\u0159\u00edpad\u011b dal\u0161\u00edch dot\u010den\u00fdch osob anebo ve\u0159ejn\u00fd z\u00e1jem), po\u0159izovat kopie spisu nebo jeho \u010d\u00e1sti.<\/p>\n<p>T\u00edmto postupem se tak\u00e9 \u0159\u00edd\u00ed zam\u011bstnanci M\u010c, kte\u0159\u00ed jsou povinni v\u00e9st podle zvl\u00e1\u0161tn\u00edch pr\u00e1vn\u00edch p\u0159edpis\u016f spisovou dokumentaci a pro stanoven\u00ed \u00fahrady za po\u0159\u00edzen\u00ed kopie ze spisov\u00e9 dokumentace plat\u00ed z\u00e1kon \u010d. 634\/2004 Sb., o spr\u00e1vn\u00edch poplatc\u00edch, ve zn\u011bn\u00ed pozd\u011bj\u0161\u00edch p\u0159edpis\u016f, a nejedn\u00e1 se o spr\u00e1vn\u00ed \u0159\u00edzen\u00ed.<\/p>\n<p>Zam\u011bstnanec M\u010c po\u0159\u00edd\u00ed kopie spisu nebo jeho \u010d\u00e1sti za t\u011bchto podm\u00ednek:<\/p>\n<ol>\n<li>je-li po\u017eadov\u00e1no po\u0159\u00edzen\u00ed kopi\u00ed do po\u010dtu 5 list\u016f, po\u0159\u00edd\u00ed zam\u011bstnanec M\u010c kopie obratem a\u00a0\u017eadatel zaplat\u00ed spr\u00e1vn\u00ed poplatek v\u00a0pokladn\u011b \u00daM\u010c (pop\u0159. v informa\u010dn\u00ed kancel\u00e1\u0159i nebo v\u00a0podateln\u011b); na z\u00e1klad\u011b potvrzen\u00ed o zaplacen\u00ed budou \u017eadateli vyd\u00e1ny zhotoven\u00e9 kopie;<\/li>\n<li>pokud \u017eadatel bude po\u017eadovat v\u00edce kopi\u00ed ne\u017e 5 list\u016f, vypln\u00ed p\u00edsemnou \u017e\u00e1dost, kter\u00e1 je p\u0159\u00edlohou \u010d. 4 t\u00e9to instrukce;\u00a0zam\u011bstnanec M\u010c s\u00a0\u017eadatelem domluv\u00ed term\u00edn vyzvednut\u00ed kopi\u00ed, zpravidla na n\u00e1sleduj\u00edc\u00ed \u00fa\u0159edn\u00ed den (pop\u0159. zasl\u00e1n\u00ed na adresu)\u00a0 a zaplacen\u00ed kopi\u00ed prob\u011bhne stejn\u00fdm zp\u016fsobem jako u kopi\u00ed, vyhotoven\u00fdch obratem.<\/li>\n<\/ol>\n<p>\u017dadatel zaplat\u00ed\u00a015 K\u010d za prvn\u00ed str\u00e1nku a 5 K\u010d za ka\u017edou dal\u0161\u00ed i zapo\u010datou str\u00e1nku, je-li po\u0159izov\u00e1na na kop\u00edrovac\u00edm stroji nebo tisk\u00e1rn\u011b po\u010d\u00edta\u010de.<\/p>\n<p>Pokud \u017eadatel bude po\u017eadovat kopie spisu nebo jeho \u010d\u00e1sti (v p\u0159\u00edpad\u011b, \u017ee materi\u00e1ly ve spisu na \u00daM\u010c budou v\u00a0elektronick\u00e9 podob\u011b) na p\u0159inesen\u00e9m datov\u00e9m nosi\u010di (nap\u0159. CD\/DVD\/USB flash disk apod.), zaplat\u00ed spr\u00e1vn\u00ed poplatek ve v\u00fd\u0161i 80 K\u010d v\u00a0pokladn\u011b \u00daM\u010c, v informa\u010dn\u00ed kancel\u00e1\u0159i\u00a0 nebo v\u00a0podateln\u011b; na z\u00e1klad\u011b potvrzen\u00ed o zaplacen\u00ed budou \u017eadateli p\u0159\u00edslu\u0161n\u00e1 data ulo\u017eena na jeho datov\u00fd nosi\u010d.<\/p>\n<p>Ceny za po\u0159\u00edzen\u00ed kopi\u00ed jsou v\u00a0souladu s\u00a0polo\u017ekou \u010d. 3 sazebn\u00edku spr\u00e1vn\u00edch poplatk\u016f z\u00e1kona \u010d.\u00a0634\/2004 Sb., o spr\u00e1vn\u00edch poplatc\u00edch, ve zn\u011bn\u00ed pozd\u011bj\u0161\u00edch p\u0159edpis\u016f, kde je t\u00e9\u017e stanoveno, kdo je osvobozen od spr\u00e1vn\u00edho poplatku a co nen\u00ed p\u0159edm\u011btem spr\u00e1vn\u00edho poplatku podle t\u00e9to polo\u017eky.<\/p>\n<p><strong><a href=\"https:\/\/www.praha14.cz\/app\/uploads\/sites\/2\/2022\/04\/Priloha.pdf\" target=\"_blank\" rel=\"noopener\">\u017d\u00e1dost o poskytnut\u00ed kopi\u00ed spisov\u00e9ho materi\u00e1lu<\/a><\/strong><\/p>\n<p>Mgr. Robin L\u00e9dl, vedouc\u00ed OPK\u010c<br \/>\n\u00fadaje o poplatc\u00edch aktualizov\u00e1ny 25. 1. 2022<\/p>\n","protected":false},"excerpt":{"rendered":"<p>(V\u00fd\u0148atek z instrukce QI 42 02 04) Zam\u011bstnanci M\u010c se \u0159\u00edd\u00ed t\u00edmto postupem, budou-li na z\u00e1klad\u011b po\u017eadavku \u00fa\u010dastn\u00edk\u016f\u00a0 \u0159\u00edzen\u00ed, jejich z\u00e1stupc\u016f, pop\u0159. jin\u00fdch osob, kter\u00e9 prok\u00e1\u017e\u00ed pr\u00e1vn\u00ed z\u00e1jem nebo jin\u00fd v\u00e1\u017en\u00fd d\u016fvod (nebude-li t\u00edm poru\u0161eno pr\u00e1vo n\u011bkter\u00e9ho z\u00a0\u00fa\u010dastn\u00edk\u016f, pop\u0159\u00edpad\u011b dal\u0161\u00edch dot\u010den\u00fdch osob anebo ve\u0159ejn\u00fd z\u00e1jem), po\u0159izovat kopie spisu nebo jeho \u010d\u00e1sti. T\u00edmto postupem se tak\u00e9&#8230;<\/p>\n","protected":false},"author":1,"featured_media":0,"parent":0,"menu_order":0,"comment_status":"closed","ping_status":"open","template":"","meta":{"_acf_changed":false,"footnotes":""},"class_list":["post-298","page","type-page","status-publish","hentry"],"acf":[],"yoast_head":"<!-- This site is optimized with the Yoast SEO plugin v27.2 - https:\/\/yoast.com\/product\/yoast-seo-wordpress\/ -->\n<title>Postup p\u0159i po\u0159izov\u00e1n\u00ed kopi\u00ed v r\u00e1mci spr\u00e1vn\u00edho \u0159\u00edzen\u00ed - \u00daM\u010c P14<\/title>\n<meta name=\"robots\" content=\"index, follow, max-snippet:-1, max-image-preview:large, max-video-preview:-1\" \/>\n<link rel=\"canonical\" href=\"https:\/\/www.praha14.cz\/urad-mestske-casti\/postup-pri-porizovani-kopii-v-ramci-spravniho-rizeni\/\" \/>\n<meta property=\"og:locale\" content=\"cs_CZ\" \/>\n<meta property=\"og:type\" content=\"article\" \/>\n<meta property=\"og:title\" content=\"Postup p\u0159i po\u0159izov\u00e1n\u00ed kopi\u00ed v r\u00e1mci spr\u00e1vn\u00edho \u0159\u00edzen\u00ed - \u00daM\u010c P14\" \/>\n<meta property=\"og:description\" content=\"(V\u00fd\u0148atek z instrukce QI 42 02 04) Zam\u011bstnanci M\u010c se \u0159\u00edd\u00ed t\u00edmto postupem, budou-li na z\u00e1klad\u011b po\u017eadavku \u00fa\u010dastn\u00edk\u016f\u00a0 \u0159\u00edzen\u00ed, jejich z\u00e1stupc\u016f, pop\u0159. jin\u00fdch osob, kter\u00e9 prok\u00e1\u017e\u00ed pr\u00e1vn\u00ed z\u00e1jem nebo jin\u00fd v\u00e1\u017en\u00fd d\u016fvod (nebude-li t\u00edm poru\u0161eno pr\u00e1vo n\u011bkter\u00e9ho z\u00a0\u00fa\u010dastn\u00edk\u016f, pop\u0159\u00edpad\u011b dal\u0161\u00edch dot\u010den\u00fdch osob anebo ve\u0159ejn\u00fd z\u00e1jem), po\u0159izovat kopie spisu nebo jeho \u010d\u00e1sti. T\u00edmto postupem se tak\u00e9...\" \/>\n<meta property=\"og:url\" content=\"https:\/\/www.praha14.cz\/urad-mestske-casti\/postup-pri-porizovani-kopii-v-ramci-spravniho-rizeni\/\" \/>\n<meta property=\"og:site_name\" content=\"\u00daM\u010c P14\" \/>\n<meta property=\"article:modified_time\" content=\"2024-04-10T13:43:09+00:00\" \/>\n<meta name=\"twitter:card\" content=\"summary_large_image\" \/>\n<meta name=\"twitter:label1\" content=\"Est. reading time\" \/>\n\t<meta name=\"twitter:data1\" content=\"2 minuty\" \/>\n<script type=\"application\/ld+json\" class=\"yoast-schema-graph\">{\"@context\":\"https:\/\/schema.org\",\"@graph\":[{\"@type\":\"WebPage\",\"@id\":\"https:\/\/www.praha14.cz\/urad-mestske-casti\/postup-pri-porizovani-kopii-v-ramci-spravniho-rizeni\/\",\"url\":\"https:\/\/www.praha14.cz\/urad-mestske-casti\/postup-pri-porizovani-kopii-v-ramci-spravniho-rizeni\/\",\"name\":\"Postup p\u0159i po\u0159izov\u00e1n\u00ed kopi\u00ed v r\u00e1mci spr\u00e1vn\u00edho \u0159\u00edzen\u00ed - \u00daM\u010c P14\",\"isPartOf\":{\"@id\":\"https:\/\/www.praha14.cz\/urad-mestske-casti\/#website\"},\"datePublished\":\"2014-04-14T13:34:22+00:00\",\"dateModified\":\"2024-04-10T13:43:09+00:00\",\"breadcrumb\":{\"@id\":\"https:\/\/www.praha14.cz\/urad-mestske-casti\/postup-pri-porizovani-kopii-v-ramci-spravniho-rizeni\/#breadcrumb\"},\"inLanguage\":\"cs\",\"potentialAction\":[{\"@type\":\"ReadAction\",\"target\":[\"https:\/\/www.praha14.cz\/urad-mestske-casti\/postup-pri-porizovani-kopii-v-ramci-spravniho-rizeni\/\"]}]},{\"@type\":\"BreadcrumbList\",\"@id\":\"https:\/\/www.praha14.cz\/urad-mestske-casti\/postup-pri-porizovani-kopii-v-ramci-spravniho-rizeni\/#breadcrumb\",\"itemListElement\":[{\"@type\":\"ListItem\",\"position\":1,\"name\":\"\u00da\u0159ad m\u011bstsk\u00e9 \u010d\u00e1sti Praha 14\",\"item\":\"https:\/\/www.praha14.cz\/urad-mestske-casti\/\"},{\"@type\":\"ListItem\",\"position\":2,\"name\":\"Postup p\u0159i po\u0159izov\u00e1n\u00ed kopi\u00ed v r\u00e1mci spr\u00e1vn\u00edho \u0159\u00edzen\u00ed\"}]},{\"@type\":\"WebSite\",\"@id\":\"https:\/\/www.praha14.cz\/urad-mestske-casti\/#website\",\"url\":\"https:\/\/www.praha14.cz\/urad-mestske-casti\/\",\"name\":\"\u00daM\u010c P14\",\"description\":\"Ofici\u00e1ln\u00ed str\u00e1nky m\u011bstsk\u00e9 \u010d\u00e1sti Praha 14\",\"potentialAction\":[{\"@type\":\"SearchAction\",\"target\":{\"@type\":\"EntryPoint\",\"urlTemplate\":\"https:\/\/www.praha14.cz\/urad-mestske-casti\/?s={search_term_string}\"},\"query-input\":{\"@type\":\"PropertyValueSpecification\",\"valueRequired\":true,\"valueName\":\"search_term_string\"}}],\"inLanguage\":\"cs\"}]}<\/script>\n<!-- \/ Yoast SEO plugin. -->","yoast_head_json":{"title":"Postup p\u0159i po\u0159izov\u00e1n\u00ed kopi\u00ed v r\u00e1mci spr\u00e1vn\u00edho \u0159\u00edzen\u00ed - \u00daM\u010c P14","robots":{"index":"index","follow":"follow","max-snippet":"max-snippet:-1","max-image-preview":"max-image-preview:large","max-video-preview":"max-video-preview:-1"},"canonical":"https:\/\/www.praha14.cz\/urad-mestske-casti\/postup-pri-porizovani-kopii-v-ramci-spravniho-rizeni\/","og_locale":"cs_CZ","og_type":"article","og_title":"Postup p\u0159i po\u0159izov\u00e1n\u00ed kopi\u00ed v r\u00e1mci spr\u00e1vn\u00edho \u0159\u00edzen\u00ed - \u00daM\u010c P14","og_description":"(V\u00fd\u0148atek z instrukce QI 42 02 04) Zam\u011bstnanci M\u010c se \u0159\u00edd\u00ed t\u00edmto postupem, budou-li na z\u00e1klad\u011b po\u017eadavku \u00fa\u010dastn\u00edk\u016f\u00a0 \u0159\u00edzen\u00ed, jejich z\u00e1stupc\u016f, pop\u0159. jin\u00fdch osob, kter\u00e9 prok\u00e1\u017e\u00ed pr\u00e1vn\u00ed z\u00e1jem nebo jin\u00fd v\u00e1\u017en\u00fd d\u016fvod (nebude-li t\u00edm poru\u0161eno pr\u00e1vo n\u011bkter\u00e9ho z\u00a0\u00fa\u010dastn\u00edk\u016f, pop\u0159\u00edpad\u011b dal\u0161\u00edch dot\u010den\u00fdch osob anebo ve\u0159ejn\u00fd z\u00e1jem), po\u0159izovat kopie spisu nebo jeho \u010d\u00e1sti. T\u00edmto postupem se tak\u00e9...","og_url":"https:\/\/www.praha14.cz\/urad-mestske-casti\/postup-pri-porizovani-kopii-v-ramci-spravniho-rizeni\/","og_site_name":"\u00daM\u010c P14","article_modified_time":"2024-04-10T13:43:09+00:00","twitter_card":"summary_large_image","twitter_misc":{"Est. reading time":"2 minuty"},"schema":{"@context":"https:\/\/schema.org","@graph":[{"@type":"WebPage","@id":"https:\/\/www.praha14.cz\/urad-mestske-casti\/postup-pri-porizovani-kopii-v-ramci-spravniho-rizeni\/","url":"https:\/\/www.praha14.cz\/urad-mestske-casti\/postup-pri-porizovani-kopii-v-ramci-spravniho-rizeni\/","name":"Postup p\u0159i po\u0159izov\u00e1n\u00ed kopi\u00ed v r\u00e1mci spr\u00e1vn\u00edho \u0159\u00edzen\u00ed - \u00daM\u010c P14","isPartOf":{"@id":"https:\/\/www.praha14.cz\/urad-mestske-casti\/#website"},"datePublished":"2014-04-14T13:34:22+00:00","dateModified":"2024-04-10T13:43:09+00:00","breadcrumb":{"@id":"https:\/\/www.praha14.cz\/urad-mestske-casti\/postup-pri-porizovani-kopii-v-ramci-spravniho-rizeni\/#breadcrumb"},"inLanguage":"cs","potentialAction":[{"@type":"ReadAction","target":["https:\/\/www.praha14.cz\/urad-mestske-casti\/postup-pri-porizovani-kopii-v-ramci-spravniho-rizeni\/"]}]},{"@type":"BreadcrumbList","@id":"https:\/\/www.praha14.cz\/urad-mestske-casti\/postup-pri-porizovani-kopii-v-ramci-spravniho-rizeni\/#breadcrumb","itemListElement":[{"@type":"ListItem","position":1,"name":"\u00da\u0159ad m\u011bstsk\u00e9 \u010d\u00e1sti Praha 14","item":"https:\/\/www.praha14.cz\/urad-mestske-casti\/"},{"@type":"ListItem","position":2,"name":"Postup p\u0159i po\u0159izov\u00e1n\u00ed kopi\u00ed v r\u00e1mci spr\u00e1vn\u00edho \u0159\u00edzen\u00ed"}]},{"@type":"WebSite","@id":"https:\/\/www.praha14.cz\/urad-mestske-casti\/#website","url":"https:\/\/www.praha14.cz\/urad-mestske-casti\/","name":"\u00daM\u010c P14","description":"Ofici\u00e1ln\u00ed str\u00e1nky m\u011bstsk\u00e9 \u010d\u00e1sti Praha 14","potentialAction":[{"@type":"SearchAction","target":{"@type":"EntryPoint","urlTemplate":"https:\/\/www.praha14.cz\/urad-mestske-casti\/?s={search_term_string}"},"query-input":{"@type":"PropertyValueSpecification","valueRequired":true,"valueName":"search_term_string"}}],"inLanguage":"cs"}]}},"_links":{"self":[{"href":"https:\/\/www.praha14.cz\/urad-mestske-casti\/wp-json\/wp\/v2\/pages\/298","targetHints":{"allow":["GET"]}}],"collection":[{"href":"https:\/\/www.praha14.cz\/urad-mestske-casti\/wp-json\/wp\/v2\/pages"}],"about":[{"href":"https:\/\/www.praha14.cz\/urad-mestske-casti\/wp-json\/wp\/v2\/types\/page"}],"author":[{"embeddable":true,"href":"https:\/\/www.praha14.cz\/urad-mestske-casti\/wp-json\/wp\/v2\/users\/1"}],"replies":[{"embeddable":true,"href":"https:\/\/www.praha14.cz\/urad-mestske-casti\/wp-json\/wp\/v2\/comments?post=298"}],"version-history":[{"count":3,"href":"https:\/\/www.praha14.cz\/urad-mestske-casti\/wp-json\/wp\/v2\/pages\/298\/revisions"}],"predecessor-version":[{"id":51602,"href":"https:\/\/www.praha14.cz\/urad-mestske-casti\/wp-json\/wp\/v2\/pages\/298\/revisions\/51602"}],"wp:attachment":[{"href":"https:\/\/www.praha14.cz\/urad-mestske-casti\/wp-json\/wp\/v2\/media?parent=298"}],"curies":[{"name":"wp","href":"https:\/\/api.w.org\/{rel}","templated":true}]}}