{"id":34330,"date":"2014-08-01T09:33:50","date_gmt":"2014-08-01T07:33:50","guid":{"rendered":"https:\/\/www.praha14.cz\/urad-mestske-casti\/?page_id=34330"},"modified":"2025-05-26T15:33:15","modified_gmt":"2025-05-26T13:33:15","slug":"hlaseni_zavad_poruch_neporadku","status":"publish","type":"page","link":"https:\/\/www.praha14.cz\/urad-mestske-casti\/hlaseni_zavad_poruch_neporadku\/","title":{"rendered":"Hl\u00e1\u0161en\u00ed z\u00e1vad, poruch a nepo\u0159\u00e1dku"},"content":{"rendered":"<p>P\u0159esto\u017ee \u00da\u0159ad M\u010c Praha 14 spravuje jen pom\u011brn\u011b malou \u010d\u00e1st ulic a ve\u0159ejn\u00fdch prostranstv\u00ed na \u00fazem\u00ed m\u011bstsk\u00e9 \u010d\u00e1sti, jeho pracovn\u00edci maj\u00ed z\u00e1jem \u0159e\u0161it probl\u00e9my ob\u010dan\u016f. Pros\u00edm, nev\u00e1hejte n\u00e1s upozor\u0148ovat na nedostatky. Pro tyto \u00fa\u010dely m\u016f\u017eete vyu\u017e\u00edt mobiln\u00ed aplikaci m\u011bstsk\u00e9 \u010d\u00e1sti <a href=\"https:\/\/www.praha14.cz\/zivot-na-praze-14\/aplikace-moje-14\/\" target=\"_blank\" rel=\"noopener\">Moje 14<\/a>, kter\u00e1 mimo jin\u00e9 umo\u017e\u0148uje hl\u00e1\u0161en\u00ed nepo\u0159\u00e1dku. Podn\u011bty, kter\u00e9 nedok\u00e1\u017eeme \u0159e\u0161it vlastn\u00edmi silami, p\u0159ed\u00e1v\u00e1me odpov\u011bdn\u00fdm \u00fa\u0159ad\u016fm a spr\u00e1vcovsk\u00fdm firm\u00e1m. N\u00ed\u017ee uv\u00e1d\u00edme &#8222;pr\u016fvodce&#8220; nej\u010dast\u011bj\u0161\u00edmi situacemi i s p\u0159\u00edm\u00fdmi kontakty na odpov\u011bdn\u00e9 \u00fa\u0159ady, organizace a osoby.<\/p>\n<p>&nbsp;<\/p>\n<table width=\"794\">\n<tbody>\n<tr>\n<td style=\"text-align: center;\" width=\"287\">POT\u0158EBUJI \u0158E\u0160IT<\/td>\n<td style=\"text-align: center;\" width=\"229\">KDE HL\u00c1SIT PROBL\u00c9M?<\/td>\n<td style=\"text-align: center;\" width=\"278\">KDO POM\u016e\u017dE?<\/td>\n<\/tr>\n<tr>\n<td><strong>Stav d\u011btsk\u00fdch h\u0159i\u0161\u0165<\/strong><\/p>\n<p><a href=\"https:\/\/www.praha14.cz\/app\/uploads\/sites\/2\/2014\/08\/DH.jpg\" data-rel=\"lightbox-image-0\" data-rl_title=\"\" data-rl_caption=\"\" title=\"\"><img loading=\"lazy\" decoding=\"async\" class=\"wp-image-42879 alignleft\" src=\"https:\/\/www.praha14.cz\/app\/uploads\/sites\/2\/2014\/08\/DH-370x247.jpg\" alt=\"\" width=\"225\" height=\"151\" srcset=\"https:\/\/www.praha14.cz\/app\/uploads\/sites\/2\/2014\/08\/DH-370x247.jpg 370w, https:\/\/www.praha14.cz\/app\/uploads\/sites\/2\/2014\/08\/DH-768x512.jpg 768w, https:\/\/www.praha14.cz\/app\/uploads\/sites\/2\/2014\/08\/DH-1024x683.jpg 1024w, https:\/\/www.praha14.cz\/app\/uploads\/sites\/2\/2014\/08\/DH.jpg 1920w\" sizes=\"(max-width: 225px) 100vw, 225px\" \/><\/a><\/td>\n<td width=\"229\">Odbor \u017eivotn\u00edho prost\u0159ed\u00ed \u00daM\u010c Praha 14<\/td>\n<td width=\"278\">z\u00e1vady mo\u017en\u00e9 hl\u00e1sit telefonicky: 225 295 325, 225 295 328 nebo e-mailem: <a href=\"mailto:Marketa.Adamkova@praha14.cz\" target=\"_blank\" rel=\"noopener noreferrer\">Marketa.Adamkova@praha14.cz<\/a>, <a href=\"mailto:lukas.wesselsky@praha14.cz\" target=\"_blank\" rel=\"noopener noreferrer\">lukas.wesselsky@praha14.cz<\/a><\/td>\n<\/tr>\n<tr>\n<td><strong>\u00daklid ve\u0159ejn\u00fdch prostranstv\u00ed<\/strong><\/p>\n<p><a href=\"https:\/\/www.praha14.cz\/app\/uploads\/sites\/2\/2014\/08\/\u00faklid-ve\u0159ejn\u00fdch-ploch.jpg\" data-rel=\"lightbox-image-1\" data-rl_title=\"\" data-rl_caption=\"\" title=\"\"><img loading=\"lazy\" decoding=\"async\" class=\"alignnone wp-image-42950\" src=\"https:\/\/www.praha14.cz\/app\/uploads\/sites\/2\/2014\/08\/\u00faklid-ve\u0159ejn\u00fdch-ploch-370x278.jpg\" alt=\"\" width=\"225\" height=\"169\" srcset=\"https:\/\/www.praha14.cz\/app\/uploads\/sites\/2\/2014\/08\/\u00faklid-ve\u0159ejn\u00fdch-ploch-370x278.jpg 370w, https:\/\/www.praha14.cz\/app\/uploads\/sites\/2\/2014\/08\/\u00faklid-ve\u0159ejn\u00fdch-ploch-768x576.jpg 768w, https:\/\/www.praha14.cz\/app\/uploads\/sites\/2\/2014\/08\/\u00faklid-ve\u0159ejn\u00fdch-ploch.jpg 960w\" sizes=\"(max-width: 225px) 100vw, 225px\" \/><\/a><\/td>\n<td width=\"229\">Odbor \u017eivotn\u00edho prost\u0159ed\u00ed \u00daM\u010c Praha 14 (\u00fadr\u017eba zelen\u011b, \u010distoty, odvoz a likvidace komun\u00e1ln\u00edho odpadu)<\/td>\n<td width=\"278\">nedostatky mo\u017en\u00e9 hl\u00e1sit telefonicky: 225 295 325, 225 295 328 nebo e-mailem: <a href=\"mailto:Marketa.Adamkova@praha14.cz\" target=\"_blank\" rel=\"noopener noreferrer\">Marketa.Adamkova@praha14.cz<\/a>, <a href=\"mailto:Lukas.Wesselsky@praha14.cz\" target=\"_blank\" rel=\"noopener noreferrer\">Lukas.Wesselsky@praha14.cz<\/a><\/td>\n<\/tr>\n<tr>\n<td><strong>\u00a0\u00daklid komunikac\u00ed<\/strong><\/p>\n<p><a href=\"https:\/\/www.praha14.cz\/app\/uploads\/sites\/2\/2014\/08\/\u00faklid-komunikac\u00ed.jpg\" data-rel=\"lightbox-image-2\" data-rl_title=\"\" data-rl_caption=\"\" title=\"\"><img loading=\"lazy\" decoding=\"async\" class=\"alignnone wp-image-42949\" src=\"https:\/\/www.praha14.cz\/app\/uploads\/sites\/2\/2014\/08\/\u00faklid-komunikac\u00ed-370x168.jpg\" alt=\"\" width=\"229\" height=\"104\" srcset=\"https:\/\/www.praha14.cz\/app\/uploads\/sites\/2\/2014\/08\/\u00faklid-komunikac\u00ed-370x168.jpg 370w, https:\/\/www.praha14.cz\/app\/uploads\/sites\/2\/2014\/08\/\u00faklid-komunikac\u00ed-768x349.jpg 768w, https:\/\/www.praha14.cz\/app\/uploads\/sites\/2\/2014\/08\/\u00faklid-komunikac\u00ed.jpg 960w\" sizes=\"(max-width: 229px) 100vw, 229px\" \/><\/a><\/td>\n<td width=\"229\">Odbor dopravy \u00daM\u010c Praha 14 (\u00faklid komunikac\u00ed)<\/td>\n<td width=\"278\">nedostatky mo\u017en\u00e9 hl\u00e1sit telefonicky: 225 295 351<\/p>\n<p>&nbsp;<\/td>\n<\/tr>\n<tr>\n<td width=\"287\"><strong>Dopravn\u00ed zna\u010dky, sv\u011bteln\u00e1 signalizace hl. m. Prahy, stav vozovek<\/strong><\/p>\n<p><a href=\"https:\/\/www.praha14.cz\/app\/uploads\/sites\/2\/2014\/08\/dopr.z.jpg\" data-rel=\"lightbox-image-3\" data-rl_title=\"\" data-rl_caption=\"\" title=\"\"><img loading=\"lazy\" decoding=\"async\" class=\"alignleft wp-image-42882\" src=\"https:\/\/www.praha14.cz\/app\/uploads\/sites\/2\/2014\/08\/dopr.z-370x262.jpg\" alt=\"\" width=\"226\" height=\"160\" srcset=\"https:\/\/www.praha14.cz\/app\/uploads\/sites\/2\/2014\/08\/dopr.z-370x262.jpg 370w, https:\/\/www.praha14.cz\/app\/uploads\/sites\/2\/2014\/08\/dopr.z-768x543.jpg 768w, https:\/\/www.praha14.cz\/app\/uploads\/sites\/2\/2014\/08\/dopr.z-1024x724.jpg 1024w, https:\/\/www.praha14.cz\/app\/uploads\/sites\/2\/2014\/08\/dopr.z.jpg 1920w\" sizes=\"(max-width: 226px) 100vw, 226px\" \/><\/a><\/td>\n<td>Odbor dopravy \u00daM\u010c Praha 14<\/td>\n<td width=\"278\">nedostatky mo\u017en\u00e9 hl\u00e1sit telefonicky: 225 295 351<\/td>\n<\/tr>\n<tr>\n<td><strong>Ve\u0159ejn\u00e9 osv\u011btlen\u00ed<\/strong><\/p>\n<p><a href=\"https:\/\/www.praha14.cz\/app\/uploads\/sites\/2\/2014\/08\/lampy.jpg\" data-rel=\"lightbox-image-4\" data-rl_title=\"\" data-rl_caption=\"\" title=\"\"><img loading=\"lazy\" decoding=\"async\" class=\"alignleft wp-image-42883\" src=\"https:\/\/www.praha14.cz\/app\/uploads\/sites\/2\/2014\/08\/lampy-370x224.jpg\" alt=\"\" width=\"238\" height=\"144\" srcset=\"https:\/\/www.praha14.cz\/app\/uploads\/sites\/2\/2014\/08\/lampy-370x224.jpg 370w, https:\/\/www.praha14.cz\/app\/uploads\/sites\/2\/2014\/08\/lampy-768x464.jpg 768w, https:\/\/www.praha14.cz\/app\/uploads\/sites\/2\/2014\/08\/lampy-1024x619.jpg 1024w, https:\/\/www.praha14.cz\/app\/uploads\/sites\/2\/2014\/08\/lampy.jpg 1920w\" sizes=\"(max-width: 238px) 100vw, 238px\" \/><\/a><\/td>\n<td>Technologie hl. m. Prahy, a. s.<\/td>\n<td width=\"278\">nedostatky mo\u017en\u00e9 hl\u00e1sit telefonicky: 800 404 060 nebo e-mailem: <a href=\"mailto:poruchyvo@thmp.cz\" target=\"_blank\" rel=\"noopener noreferrer\">poruchyvo@thmp.cz<\/a><\/td>\n<\/tr>\n<tr>\n<td width=\"287\"><strong>P\u0159epln\u011bn\u00fd kontejner na t\u0159\u00edd\u011bn\u00fd odpad<\/strong><\/p>\n<p><a href=\"https:\/\/www.praha14.cz\/app\/uploads\/sites\/2\/2014\/08\/odpad.jpg\" data-rel=\"lightbox-image-5\" data-rl_title=\"\" data-rl_caption=\"\" title=\"\"><img loading=\"lazy\" decoding=\"async\" class=\"alignleft wp-image-42885\" src=\"https:\/\/www.praha14.cz\/app\/uploads\/sites\/2\/2014\/08\/odpad-370x247.jpg\" alt=\"\" width=\"246\" height=\"164\" srcset=\"https:\/\/www.praha14.cz\/app\/uploads\/sites\/2\/2014\/08\/odpad-370x247.jpg 370w, https:\/\/www.praha14.cz\/app\/uploads\/sites\/2\/2014\/08\/odpad-768x512.jpg 768w, https:\/\/www.praha14.cz\/app\/uploads\/sites\/2\/2014\/08\/odpad.jpg 960w\" sizes=\"(max-width: 246px) 100vw, 246px\" \/><\/a><\/td>\n<td width=\"229\">Odbor \u017eivotn\u00edho prost\u0159ed\u00ed \u00daM\u010c Praha 14<\/td>\n<td width=\"278\">nedostatky mo\u017en\u00e9 hl\u00e1sit telefonicky: 225 295 332 nebo e-mailem: <a href=\"mailto:Pavel.Brazdil@praha14.cz\" target=\"_blank\" rel=\"noopener noreferrer\">Pavel.Brazdil@praha14.cz<\/a><\/td>\n<\/tr>\n<tr>\n<td><strong>Poruchy dod\u00e1vky elekt\u0159iny<\/strong><\/p>\n<p><a href=\"https:\/\/www.praha14.cz\/app\/uploads\/sites\/2\/2014\/08\/elektro.jpg\" data-rel=\"lightbox-image-6\" data-rl_title=\"\" data-rl_caption=\"\" title=\"\"><img loading=\"lazy\" decoding=\"async\" class=\"alignleft wp-image-42886\" src=\"https:\/\/www.praha14.cz\/app\/uploads\/sites\/2\/2014\/08\/elektro-370x208.jpg\" alt=\"\" width=\"250\" height=\"141\" srcset=\"https:\/\/www.praha14.cz\/app\/uploads\/sites\/2\/2014\/08\/elektro-370x208.jpg 370w, https:\/\/www.praha14.cz\/app\/uploads\/sites\/2\/2014\/08\/elektro-768x432.jpg 768w, https:\/\/www.praha14.cz\/app\/uploads\/sites\/2\/2014\/08\/elektro-1024x576.jpg 1024w, https:\/\/www.praha14.cz\/app\/uploads\/sites\/2\/2014\/08\/elektro.jpg 1920w\" sizes=\"(max-width: 250px) 100vw, 250px\" \/><\/a><\/td>\n<td>PREdistribuce, a. s.<\/td>\n<td width=\"278\">telefonick\u00fd kontakt: 800 823 823, 267 055 555<\/td>\n<\/tr>\n<tr>\n<td><\/td>\n<td>\u010cEZ, a. s.<\/td>\n<td width=\"278\">telefonick\u00fd kontakt: 800 810 820<\/td>\n<\/tr>\n<tr>\n<td><strong>Poruchy dod\u00e1vky plynu<\/strong><\/p>\n<p><a href=\"https:\/\/www.praha14.cz\/app\/uploads\/sites\/2\/2014\/08\/plyn.jpg\" data-rel=\"lightbox-image-7\" data-rl_title=\"\" data-rl_caption=\"\" title=\"\"><img loading=\"lazy\" decoding=\"async\" class=\"alignleft wp-image-42887\" src=\"https:\/\/www.praha14.cz\/app\/uploads\/sites\/2\/2014\/08\/plyn-370x278.jpg\" alt=\"\" width=\"252\" height=\"189\" srcset=\"https:\/\/www.praha14.cz\/app\/uploads\/sites\/2\/2014\/08\/plyn-370x278.jpg 370w, https:\/\/www.praha14.cz\/app\/uploads\/sites\/2\/2014\/08\/plyn-768x576.jpg 768w, https:\/\/www.praha14.cz\/app\/uploads\/sites\/2\/2014\/08\/plyn-1024x768.jpg 1024w, https:\/\/www.praha14.cz\/app\/uploads\/sites\/2\/2014\/08\/plyn.jpg 1920w\" sizes=\"(max-width: 252px) 100vw, 252px\" \/><\/a><\/td>\n<td>Pra\u017esk\u00e1 plyn\u00e1rensk\u00e1, a. s.<\/td>\n<td width=\"278\">pohotovostn\u00ed a poruchov\u00e1 linka: 1239, z\u00e1kaznick\u00e1 linka 800 134 134 ( od 8 do 18 hodin)<\/td>\n<\/tr>\n<tr>\n<td><strong>Poruchy dod\u00e1vky vody, poruchy na kanalizaci<\/strong><\/p>\n<p><a href=\"https:\/\/www.praha14.cz\/app\/uploads\/sites\/2\/2014\/08\/voda.jpg\" data-rel=\"lightbox-image-8\" data-rl_title=\"\" data-rl_caption=\"\" title=\"\"><img loading=\"lazy\" decoding=\"async\" class=\"alignleft wp-image-42888\" src=\"https:\/\/www.praha14.cz\/app\/uploads\/sites\/2\/2014\/08\/voda-370x247.jpg\" alt=\"\" width=\"255\" height=\"170\" srcset=\"https:\/\/www.praha14.cz\/app\/uploads\/sites\/2\/2014\/08\/voda-370x247.jpg 370w, https:\/\/www.praha14.cz\/app\/uploads\/sites\/2\/2014\/08\/voda-768x512.jpg 768w, https:\/\/www.praha14.cz\/app\/uploads\/sites\/2\/2014\/08\/voda-1024x683.jpg 1024w, https:\/\/www.praha14.cz\/app\/uploads\/sites\/2\/2014\/08\/voda.jpg 1920w\" sizes=\"(max-width: 255px) 100vw, 255px\" \/><\/a><\/td>\n<td>Pra\u017esk\u00e9 vodovody a kanalizace, a. s.<\/td>\n<td width=\"278\">z\u00e1kaznick\u00e1 linka: 840 111 112, 601 274 274<\/td>\n<\/tr>\n<tr>\n<td><strong>L\u00e9ka\u0159sk\u00e1 pohotovostn\u00ed slu\u017eba v Praze 9<\/strong><\/p>\n<p><a href=\"https:\/\/www.praha14.cz\/app\/uploads\/sites\/2\/2014\/08\/doctor-1149149_1920.jpg\" data-rel=\"lightbox-image-9\" data-rl_title=\"\" data-rl_caption=\"\" title=\"\"><img loading=\"lazy\" decoding=\"async\" class=\"alignleft wp-image-42890\" src=\"https:\/\/www.praha14.cz\/app\/uploads\/sites\/2\/2014\/08\/doctor-1149149_1920-370x247.jpg\" alt=\"\" width=\"251\" height=\"168\" srcset=\"https:\/\/www.praha14.cz\/app\/uploads\/sites\/2\/2014\/08\/doctor-1149149_1920-370x247.jpg 370w, https:\/\/www.praha14.cz\/app\/uploads\/sites\/2\/2014\/08\/doctor-1149149_1920-768x512.jpg 768w, https:\/\/www.praha14.cz\/app\/uploads\/sites\/2\/2014\/08\/doctor-1149149_1920-1024x683.jpg 1024w, https:\/\/www.praha14.cz\/app\/uploads\/sites\/2\/2014\/08\/doctor-1149149_1920.jpg 1920w\" sizes=\"(max-width: 251px) 100vw, 251px\" \/><\/a><\/td>\n<td><\/td>\n<td width=\"278\">Nemocnice Na Bulovce, Bud\u00ednova 67\/2 Praha 8; <u>\u00fast\u0159edna<\/u>: tel. 266\u00a0081\u00a0111 <u>l\u00e9k\u00e1rna<\/u>: tel. 266\u00a0082\u00a0017; <u>pohotovost pro dosp\u011bl\u00e9<\/u>: tel. 266\u00a0083\u00a0301, Po-P\u00e1 od\u00a019:00 do 6:00 hod., So-Ne nep\u0159etr\u017eit\u011b; <u>pohotovost pro d\u011bti<\/u>: tel.\u00a0266\u00a0084\u00a0220, Po-P\u00e1 od 16:00 do 6:00 hod., So-Ne nep\u0159etr\u017eit\u011b<\/td>\n<\/tr>\n<tr>\n<td width=\"287\"><strong>Poruchy v objektech ve spr\u00e1v\u011b M\u010c Praha 14<\/strong><\/p>\n<p><a href=\"https:\/\/www.praha14.cz\/app\/uploads\/sites\/2\/2014\/08\/SMP.png\" data-rel=\"lightbox-image-10\" data-rl_title=\"\" data-rl_caption=\"\" title=\"\"><img loading=\"lazy\" decoding=\"async\" class=\"alignnone wp-image-42952\" src=\"https:\/\/www.praha14.cz\/app\/uploads\/sites\/2\/2014\/08\/SMP.png\" alt=\"\" width=\"173\" height=\"138\" \/><\/a><\/td>\n<td>Spr\u00e1va majetku Praha 14<\/td>\n<td width=\"278\">nedostatky m\u016f\u017eete hl\u00e1sit v pracovn\u00ed dob\u011b na tel.: 281 021 477, 281 021 479, mimo pracovn\u00ed dobu, o sv\u00e1tc\u00edch: p\u0159es Bytoservis &#8211; Non stop, s. r. o. na tel.: 605 424 242 nebo e-mailem: <a href=\"mailto:dispecink@bytoservis.eu\" target=\"_blank\" rel=\"noopener noreferrer\">dispecink@bytoservis.eu<\/a><\/td>\n<\/tr>\n<tr>\n<td width=\"287\"><strong>St\u00ed\u017enosti na \u010dinnost \u00daM\u010c Praha 14 a jeho zam\u011bstnance<\/strong><\/p>\n<p><a href=\"https:\/\/www.praha14.cz\/app\/uploads\/sites\/2\/2014\/08\/logo-druhotn\u00e9-rgb.png\" data-rel=\"lightbox-image-11\" data-rl_title=\"\" data-rl_caption=\"\" title=\"\"><img loading=\"lazy\" decoding=\"async\" class=\"alignnone wp-image-42953\" src=\"https:\/\/www.praha14.cz\/app\/uploads\/sites\/2\/2014\/08\/logo-druhotn\u00e9-rgb-370x203.png\" alt=\"\" width=\"202\" height=\"111\" srcset=\"https:\/\/www.praha14.cz\/app\/uploads\/sites\/2\/2014\/08\/logo-druhotn\u00e9-rgb-370x203.png 370w, https:\/\/www.praha14.cz\/app\/uploads\/sites\/2\/2014\/08\/logo-druhotn\u00e9-rgb.png 506w\" sizes=\"(max-width: 202px) 100vw, 202px\" \/><\/a><\/td>\n<td width=\"229\">\u00dasek kontroly a st\u00ed\u017enost\u00ed \u00daM\u010c Praha 14<\/td>\n<td width=\"278\">tel.: 225 295 247, e-mail: <a href=\"mailto:Sona.Mrvova@praha14.cz\" target=\"_blank\" rel=\"noopener noreferrer\">Sona.Mrvova@praha14.cz<\/a>; tel.: 225 295 252, e-mail: <a href=\"mailto:Jarmila.Liskovcova@praha14.cz\" target=\"_blank\" rel=\"noopener noreferrer\">Jarmila.Liskovcova@praha14.cz<\/a><\/td>\n<\/tr>\n<\/tbody>\n<\/table>\n<p>&nbsp;<\/p>\n<h3><span style=\"color: #000000;\"><strong>Kontakty na organizace hl. m. Prahy:<\/strong><\/span><\/h3>\n<p>Kontakty sd\u011bl\u00ed\u00a0pracovn\u00edci\u00a0Informa\u010dn\u00ed kancel\u00e1\u0159e \u00daM\u010c Praha 14 &#8211; tel. 225 295 270, \u00a0e-mail: <a href=\"mailto:informace@praha14.cz\" target=\"_blank\" rel=\"noopener noreferrer\">informace@praha14.cz<\/a><\/p>\n","protected":false},"excerpt":{"rendered":"<p>P\u0159esto\u017ee \u00da\u0159ad M\u010c Praha 14 spravuje jen pom\u011brn\u011b malou \u010d\u00e1st ulic a ve\u0159ejn\u00fdch prostranstv\u00ed na \u00fazem\u00ed m\u011bstsk\u00e9 \u010d\u00e1sti, jeho pracovn\u00edci maj\u00ed z\u00e1jem \u0159e\u0161it probl\u00e9my ob\u010dan\u016f. Pros\u00edm, nev\u00e1hejte n\u00e1s upozor\u0148ovat na nedostatky. Pro tyto \u00fa\u010dely m\u016f\u017eete vyu\u017e\u00edt mobiln\u00ed aplikaci m\u011bstsk\u00e9 \u010d\u00e1sti Moje 14, kter\u00e1 mimo jin\u00e9 umo\u017e\u0148uje hl\u00e1\u0161en\u00ed nepo\u0159\u00e1dku. Podn\u011bty, kter\u00e9 nedok\u00e1\u017eeme \u0159e\u0161it vlastn\u00edmi silami, p\u0159ed\u00e1v\u00e1me&#8230;<\/p>\n","protected":false},"author":6,"featured_media":0,"parent":0,"menu_order":0,"comment_status":"closed","ping_status":"open","template":"","meta":{"_acf_changed":false,"footnotes":""},"class_list":["post-34330","page","type-page","status-publish","hentry"],"acf":[],"yoast_head":"<!-- This site is optimized with the Yoast SEO plugin v27.2 - https:\/\/yoast.com\/product\/yoast-seo-wordpress\/ -->\n<title>Hl\u00e1\u0161en\u00ed z\u00e1vad, poruch a nepo\u0159\u00e1dku - \u00daM\u010c P14<\/title>\n<meta name=\"robots\" content=\"index, follow, max-snippet:-1, max-image-preview:large, max-video-preview:-1\" \/>\n<link rel=\"canonical\" href=\"https:\/\/www.praha14.cz\/urad-mestske-casti\/hlaseni_zavad_poruch_neporadku\/\" \/>\n<meta property=\"og:locale\" content=\"cs_CZ\" \/>\n<meta property=\"og:type\" content=\"article\" \/>\n<meta property=\"og:title\" content=\"Hl\u00e1\u0161en\u00ed z\u00e1vad, poruch a nepo\u0159\u00e1dku - \u00daM\u010c P14\" \/>\n<meta property=\"og:description\" content=\"P\u0159esto\u017ee \u00da\u0159ad M\u010c Praha 14 spravuje jen pom\u011brn\u011b malou \u010d\u00e1st ulic a ve\u0159ejn\u00fdch prostranstv\u00ed na \u00fazem\u00ed m\u011bstsk\u00e9 \u010d\u00e1sti, jeho pracovn\u00edci maj\u00ed z\u00e1jem \u0159e\u0161it probl\u00e9my ob\u010dan\u016f. Pros\u00edm, nev\u00e1hejte n\u00e1s upozor\u0148ovat na nedostatky. Pro tyto \u00fa\u010dely m\u016f\u017eete vyu\u017e\u00edt mobiln\u00ed aplikaci m\u011bstsk\u00e9 \u010d\u00e1sti Moje 14, kter\u00e1 mimo jin\u00e9 umo\u017e\u0148uje hl\u00e1\u0161en\u00ed nepo\u0159\u00e1dku. Podn\u011bty, kter\u00e9 nedok\u00e1\u017eeme \u0159e\u0161it vlastn\u00edmi silami, p\u0159ed\u00e1v\u00e1me...\" \/>\n<meta property=\"og:url\" content=\"https:\/\/www.praha14.cz\/urad-mestske-casti\/hlaseni_zavad_poruch_neporadku\/\" \/>\n<meta property=\"og:site_name\" content=\"\u00daM\u010c P14\" \/>\n<meta property=\"article:modified_time\" content=\"2025-05-26T13:33:15+00:00\" \/>\n<meta property=\"og:image\" content=\"https:\/\/www.praha14.cz\/app\/uploads\/sites\/2\/2014\/08\/DH.jpg\" \/>\n\t<meta property=\"og:image:width\" content=\"1920\" \/>\n\t<meta property=\"og:image:height\" content=\"1280\" \/>\n\t<meta property=\"og:image:type\" content=\"image\/jpeg\" \/>\n<meta name=\"twitter:card\" content=\"summary_large_image\" \/>\n<meta name=\"twitter:label1\" content=\"Est. reading time\" \/>\n\t<meta name=\"twitter:data1\" content=\"5 minut\" \/>\n<script type=\"application\/ld+json\" class=\"yoast-schema-graph\">{\"@context\":\"https:\/\/schema.org\",\"@graph\":[{\"@type\":\"WebPage\",\"@id\":\"https:\/\/www.praha14.cz\/urad-mestske-casti\/hlaseni_zavad_poruch_neporadku\/\",\"url\":\"https:\/\/www.praha14.cz\/urad-mestske-casti\/hlaseni_zavad_poruch_neporadku\/\",\"name\":\"Hl\u00e1\u0161en\u00ed z\u00e1vad, poruch a nepo\u0159\u00e1dku - \u00daM\u010c P14\",\"isPartOf\":{\"@id\":\"https:\/\/www.praha14.cz\/urad-mestske-casti\/#website\"},\"primaryImageOfPage\":{\"@id\":\"https:\/\/www.praha14.cz\/urad-mestske-casti\/hlaseni_zavad_poruch_neporadku\/#primaryimage\"},\"image\":{\"@id\":\"https:\/\/www.praha14.cz\/urad-mestske-casti\/hlaseni_zavad_poruch_neporadku\/#primaryimage\"},\"thumbnailUrl\":\"https:\/\/www.praha14.cz\/app\/uploads\/sites\/2\/2014\/08\/DH-370x247.jpg\",\"datePublished\":\"2014-08-01T07:33:50+00:00\",\"dateModified\":\"2025-05-26T13:33:15+00:00\",\"breadcrumb\":{\"@id\":\"https:\/\/www.praha14.cz\/urad-mestske-casti\/hlaseni_zavad_poruch_neporadku\/#breadcrumb\"},\"inLanguage\":\"cs\",\"potentialAction\":[{\"@type\":\"ReadAction\",\"target\":[\"https:\/\/www.praha14.cz\/urad-mestske-casti\/hlaseni_zavad_poruch_neporadku\/\"]}]},{\"@type\":\"ImageObject\",\"inLanguage\":\"cs\",\"@id\":\"https:\/\/www.praha14.cz\/urad-mestske-casti\/hlaseni_zavad_poruch_neporadku\/#primaryimage\",\"url\":\"https:\/\/www.praha14.cz\/app\/uploads\/sites\/2\/2014\/08\/DH-370x247.jpg\",\"contentUrl\":\"https:\/\/www.praha14.cz\/app\/uploads\/sites\/2\/2014\/08\/DH-370x247.jpg\"},{\"@type\":\"BreadcrumbList\",\"@id\":\"https:\/\/www.praha14.cz\/urad-mestske-casti\/hlaseni_zavad_poruch_neporadku\/#breadcrumb\",\"itemListElement\":[{\"@type\":\"ListItem\",\"position\":1,\"name\":\"\u00da\u0159ad m\u011bstsk\u00e9 \u010d\u00e1sti Praha 14\",\"item\":\"https:\/\/www.praha14.cz\/urad-mestske-casti\/\"},{\"@type\":\"ListItem\",\"position\":2,\"name\":\"Hl\u00e1\u0161en\u00ed z\u00e1vad, poruch a nepo\u0159\u00e1dku\"}]},{\"@type\":\"WebSite\",\"@id\":\"https:\/\/www.praha14.cz\/urad-mestske-casti\/#website\",\"url\":\"https:\/\/www.praha14.cz\/urad-mestske-casti\/\",\"name\":\"\u00daM\u010c P14\",\"description\":\"Ofici\u00e1ln\u00ed str\u00e1nky m\u011bstsk\u00e9 \u010d\u00e1sti Praha 14\",\"potentialAction\":[{\"@type\":\"SearchAction\",\"target\":{\"@type\":\"EntryPoint\",\"urlTemplate\":\"https:\/\/www.praha14.cz\/urad-mestske-casti\/?s={search_term_string}\"},\"query-input\":{\"@type\":\"PropertyValueSpecification\",\"valueRequired\":true,\"valueName\":\"search_term_string\"}}],\"inLanguage\":\"cs\"}]}<\/script>\n<!-- \/ Yoast SEO plugin. -->","yoast_head_json":{"title":"Hl\u00e1\u0161en\u00ed z\u00e1vad, poruch a nepo\u0159\u00e1dku - \u00daM\u010c P14","robots":{"index":"index","follow":"follow","max-snippet":"max-snippet:-1","max-image-preview":"max-image-preview:large","max-video-preview":"max-video-preview:-1"},"canonical":"https:\/\/www.praha14.cz\/urad-mestske-casti\/hlaseni_zavad_poruch_neporadku\/","og_locale":"cs_CZ","og_type":"article","og_title":"Hl\u00e1\u0161en\u00ed z\u00e1vad, poruch a nepo\u0159\u00e1dku - \u00daM\u010c P14","og_description":"P\u0159esto\u017ee \u00da\u0159ad M\u010c Praha 14 spravuje jen pom\u011brn\u011b malou \u010d\u00e1st ulic a ve\u0159ejn\u00fdch prostranstv\u00ed na \u00fazem\u00ed m\u011bstsk\u00e9 \u010d\u00e1sti, jeho pracovn\u00edci maj\u00ed z\u00e1jem \u0159e\u0161it probl\u00e9my ob\u010dan\u016f. Pros\u00edm, nev\u00e1hejte n\u00e1s upozor\u0148ovat na nedostatky. Pro tyto \u00fa\u010dely m\u016f\u017eete vyu\u017e\u00edt mobiln\u00ed aplikaci m\u011bstsk\u00e9 \u010d\u00e1sti Moje 14, kter\u00e1 mimo jin\u00e9 umo\u017e\u0148uje hl\u00e1\u0161en\u00ed nepo\u0159\u00e1dku. Podn\u011bty, kter\u00e9 nedok\u00e1\u017eeme \u0159e\u0161it vlastn\u00edmi silami, p\u0159ed\u00e1v\u00e1me...","og_url":"https:\/\/www.praha14.cz\/urad-mestske-casti\/hlaseni_zavad_poruch_neporadku\/","og_site_name":"\u00daM\u010c P14","article_modified_time":"2025-05-26T13:33:15+00:00","og_image":[{"width":1920,"height":1280,"url":"https:\/\/www.praha14.cz\/app\/uploads\/sites\/2\/2014\/08\/DH.jpg","type":"image\/jpeg"}],"twitter_card":"summary_large_image","twitter_misc":{"Est. reading time":"5 minut"},"schema":{"@context":"https:\/\/schema.org","@graph":[{"@type":"WebPage","@id":"https:\/\/www.praha14.cz\/urad-mestske-casti\/hlaseni_zavad_poruch_neporadku\/","url":"https:\/\/www.praha14.cz\/urad-mestske-casti\/hlaseni_zavad_poruch_neporadku\/","name":"Hl\u00e1\u0161en\u00ed z\u00e1vad, poruch a nepo\u0159\u00e1dku - \u00daM\u010c P14","isPartOf":{"@id":"https:\/\/www.praha14.cz\/urad-mestske-casti\/#website"},"primaryImageOfPage":{"@id":"https:\/\/www.praha14.cz\/urad-mestske-casti\/hlaseni_zavad_poruch_neporadku\/#primaryimage"},"image":{"@id":"https:\/\/www.praha14.cz\/urad-mestske-casti\/hlaseni_zavad_poruch_neporadku\/#primaryimage"},"thumbnailUrl":"https:\/\/www.praha14.cz\/app\/uploads\/sites\/2\/2014\/08\/DH-370x247.jpg","datePublished":"2014-08-01T07:33:50+00:00","dateModified":"2025-05-26T13:33:15+00:00","breadcrumb":{"@id":"https:\/\/www.praha14.cz\/urad-mestske-casti\/hlaseni_zavad_poruch_neporadku\/#breadcrumb"},"inLanguage":"cs","potentialAction":[{"@type":"ReadAction","target":["https:\/\/www.praha14.cz\/urad-mestske-casti\/hlaseni_zavad_poruch_neporadku\/"]}]},{"@type":"ImageObject","inLanguage":"cs","@id":"https:\/\/www.praha14.cz\/urad-mestske-casti\/hlaseni_zavad_poruch_neporadku\/#primaryimage","url":"https:\/\/www.praha14.cz\/app\/uploads\/sites\/2\/2014\/08\/DH-370x247.jpg","contentUrl":"https:\/\/www.praha14.cz\/app\/uploads\/sites\/2\/2014\/08\/DH-370x247.jpg"},{"@type":"BreadcrumbList","@id":"https:\/\/www.praha14.cz\/urad-mestske-casti\/hlaseni_zavad_poruch_neporadku\/#breadcrumb","itemListElement":[{"@type":"ListItem","position":1,"name":"\u00da\u0159ad m\u011bstsk\u00e9 \u010d\u00e1sti Praha 14","item":"https:\/\/www.praha14.cz\/urad-mestske-casti\/"},{"@type":"ListItem","position":2,"name":"Hl\u00e1\u0161en\u00ed z\u00e1vad, poruch a nepo\u0159\u00e1dku"}]},{"@type":"WebSite","@id":"https:\/\/www.praha14.cz\/urad-mestske-casti\/#website","url":"https:\/\/www.praha14.cz\/urad-mestske-casti\/","name":"\u00daM\u010c P14","description":"Ofici\u00e1ln\u00ed str\u00e1nky m\u011bstsk\u00e9 \u010d\u00e1sti Praha 14","potentialAction":[{"@type":"SearchAction","target":{"@type":"EntryPoint","urlTemplate":"https:\/\/www.praha14.cz\/urad-mestske-casti\/?s={search_term_string}"},"query-input":{"@type":"PropertyValueSpecification","valueRequired":true,"valueName":"search_term_string"}}],"inLanguage":"cs"}]}},"_links":{"self":[{"href":"https:\/\/www.praha14.cz\/urad-mestske-casti\/wp-json\/wp\/v2\/pages\/34330","targetHints":{"allow":["GET"]}}],"collection":[{"href":"https:\/\/www.praha14.cz\/urad-mestske-casti\/wp-json\/wp\/v2\/pages"}],"about":[{"href":"https:\/\/www.praha14.cz\/urad-mestske-casti\/wp-json\/wp\/v2\/types\/page"}],"author":[{"embeddable":true,"href":"https:\/\/www.praha14.cz\/urad-mestske-casti\/wp-json\/wp\/v2\/users\/6"}],"replies":[{"embeddable":true,"href":"https:\/\/www.praha14.cz\/urad-mestske-casti\/wp-json\/wp\/v2\/comments?post=34330"}],"version-history":[{"count":12,"href":"https:\/\/www.praha14.cz\/urad-mestske-casti\/wp-json\/wp\/v2\/pages\/34330\/revisions"}],"predecessor-version":[{"id":53442,"href":"https:\/\/www.praha14.cz\/urad-mestske-casti\/wp-json\/wp\/v2\/pages\/34330\/revisions\/53442"}],"wp:attachment":[{"href":"https:\/\/www.praha14.cz\/urad-mestske-casti\/wp-json\/wp\/v2\/media?parent=34330"}],"curies":[{"name":"wp","href":"https:\/\/api.w.org\/{rel}","templated":true}]}}