{"id":34786,"date":"2014-09-02T14:52:48","date_gmt":"2014-09-02T12:52:48","guid":{"rendered":"https:\/\/www.praha14.cz\/urad-mestske-casti\/?page_id=34786"},"modified":"2023-02-01T10:37:10","modified_gmt":"2023-02-01T09:37:10","slug":"urad-volna-mista","status":"publish","type":"page","link":"https:\/\/www.praha14.cz\/urad-mestske-casti\/urad-volna-mista\/","title":{"rendered":"Voln\u00e1 m\u00edsta"},"content":{"rendered":"<p>Dnem 1.1.2003 nab\u00fdv\u00e1 \u00fa\u010dinnosti z\u00e1kon \u010d. 312\/2002 Sb., o \u00fa\u0159edn\u00edc\u00edch \u00fazemn\u00edch samospr\u00e1vn\u00fdch celk\u016f. Z\u00e1kon se nevztahuje na \u010dleny zastupitelstev, \u010dleny komis\u00ed, pokud nejsou zam\u011bstnanci \u00fazemn\u00edch celk\u016f, zam\u011bstnance za\u0159azen\u00e9 v organiza\u010dn\u00edch slo\u017ek\u00e1ch z\u0159\u00edzen\u00fdch samospr\u00e1vn\u00fdmi celky a na zam\u011bstnance vykon\u00e1vaj\u00edc\u00ed obslu\u017en\u00e9 \u010dinnosti, jako jsou pr\u00e1ce servisn\u00ed, pomocn\u00e9 a manu\u00e1ln\u00ed.<\/p>\n<p><a href=\"https:\/\/www.praha14.cz\/app\/uploads\/sites\/2\/2014\/09\/QF_62-01-09_prihlaska_vyber_riz.rtf\" target=\"_blank\" rel=\"noopener noreferrer\">Formul\u00e1\u0159 p\u0159ihl\u00e1\u0161ky do v\u00fdb\u011brov\u00e9ho \u0159\u00edzen\u00ed (QF 62-01-09)<\/a><\/p>\n<p><a href=\"https:\/\/www.praha14.cz\/app\/uploads\/sites\/2\/2014\/09\/cestne-prohlaseni.doc\" target=\"_blank\" rel=\"noopener noreferrer\">\u010cestn\u00e9 prohl\u00e1\u0161en\u00ed (QF 62-01-08)<\/a><\/p>\n<p>&nbsp;<\/p>\n","protected":false},"excerpt":{"rendered":"<p>Dnem 1.1.2003 nab\u00fdv\u00e1 \u00fa\u010dinnosti z\u00e1kon \u010d. 312\/2002 Sb., o \u00fa\u0159edn\u00edc\u00edch \u00fazemn\u00edch samospr\u00e1vn\u00fdch celk\u016f. Z\u00e1kon se nevztahuje na \u010dleny zastupitelstev, \u010dleny komis\u00ed, pokud nejsou zam\u011bstnanci \u00fazemn\u00edch celk\u016f, zam\u011bstnance za\u0159azen\u00e9 v organiza\u010dn\u00edch slo\u017ek\u00e1ch z\u0159\u00edzen\u00fdch samospr\u00e1vn\u00fdmi celky a na zam\u011bstnance vykon\u00e1vaj\u00edc\u00ed obslu\u017en\u00e9 \u010dinnosti, jako jsou pr\u00e1ce servisn\u00ed, pomocn\u00e9 a manu\u00e1ln\u00ed. Formul\u00e1\u0159 p\u0159ihl\u00e1\u0161ky do v\u00fdb\u011brov\u00e9ho \u0159\u00edzen\u00ed (QF 62-01-09) \u010cestn\u00e9&#8230;<\/p>\n","protected":false},"author":1,"featured_media":0,"parent":0,"menu_order":0,"comment_status":"open","ping_status":"open","template":"page-urad-volna-mista.php","meta":{"_acf_changed":false,"footnotes":""},"class_list":["post-34786","page","type-page","status-publish","hentry"],"acf":[],"yoast_head":"<!-- This site is optimized with the Yoast SEO plugin v27.2 - https:\/\/yoast.com\/product\/yoast-seo-wordpress\/ -->\n<title>Voln\u00e1 m\u00edsta - \u00daM\u010c P14<\/title>\n<meta name=\"robots\" content=\"index, follow, max-snippet:-1, max-image-preview:large, max-video-preview:-1\" \/>\n<link rel=\"canonical\" href=\"https:\/\/www.praha14.cz\/urad-mestske-casti\/urad-volna-mista\/\" \/>\n<meta property=\"og:locale\" content=\"cs_CZ\" \/>\n<meta property=\"og:type\" content=\"article\" \/>\n<meta property=\"og:title\" content=\"Voln\u00e1 m\u00edsta - \u00daM\u010c P14\" \/>\n<meta property=\"og:description\" content=\"Dnem 1.1.2003 nab\u00fdv\u00e1 \u00fa\u010dinnosti z\u00e1kon \u010d. 312\/2002 Sb., o \u00fa\u0159edn\u00edc\u00edch \u00fazemn\u00edch samospr\u00e1vn\u00fdch celk\u016f. Z\u00e1kon se nevztahuje na \u010dleny zastupitelstev, \u010dleny komis\u00ed, pokud nejsou zam\u011bstnanci \u00fazemn\u00edch celk\u016f, zam\u011bstnance za\u0159azen\u00e9 v organiza\u010dn\u00edch slo\u017ek\u00e1ch z\u0159\u00edzen\u00fdch samospr\u00e1vn\u00fdmi celky a na zam\u011bstnance vykon\u00e1vaj\u00edc\u00ed obslu\u017en\u00e9 \u010dinnosti, jako jsou pr\u00e1ce servisn\u00ed, pomocn\u00e9 a manu\u00e1ln\u00ed. Formul\u00e1\u0159 p\u0159ihl\u00e1\u0161ky do v\u00fdb\u011brov\u00e9ho \u0159\u00edzen\u00ed (QF 62-01-09) \u010cestn\u00e9...\" \/>\n<meta property=\"og:url\" content=\"https:\/\/www.praha14.cz\/urad-mestske-casti\/urad-volna-mista\/\" \/>\n<meta property=\"og:site_name\" content=\"\u00daM\u010c P14\" \/>\n<meta property=\"article:modified_time\" content=\"2023-02-01T09:37:10+00:00\" \/>\n<meta name=\"twitter:card\" content=\"summary_large_image\" \/>\n<meta name=\"twitter:label1\" content=\"Est. reading time\" \/>\n\t<meta name=\"twitter:data1\" content=\"1 minuta\" \/>\n<script type=\"application\/ld+json\" class=\"yoast-schema-graph\">{\"@context\":\"https:\/\/schema.org\",\"@graph\":[{\"@type\":\"WebPage\",\"@id\":\"https:\/\/www.praha14.cz\/urad-mestske-casti\/urad-volna-mista\/\",\"url\":\"https:\/\/www.praha14.cz\/urad-mestske-casti\/urad-volna-mista\/\",\"name\":\"Voln\u00e1 m\u00edsta - \u00daM\u010c P14\",\"isPartOf\":{\"@id\":\"https:\/\/www.praha14.cz\/urad-mestske-casti\/#website\"},\"datePublished\":\"2014-09-02T12:52:48+00:00\",\"dateModified\":\"2023-02-01T09:37:10+00:00\",\"breadcrumb\":{\"@id\":\"https:\/\/www.praha14.cz\/urad-mestske-casti\/urad-volna-mista\/#breadcrumb\"},\"inLanguage\":\"cs\",\"potentialAction\":[{\"@type\":\"ReadAction\",\"target\":[\"https:\/\/www.praha14.cz\/urad-mestske-casti\/urad-volna-mista\/\"]}]},{\"@type\":\"BreadcrumbList\",\"@id\":\"https:\/\/www.praha14.cz\/urad-mestske-casti\/urad-volna-mista\/#breadcrumb\",\"itemListElement\":[{\"@type\":\"ListItem\",\"position\":1,\"name\":\"\u00da\u0159ad m\u011bstsk\u00e9 \u010d\u00e1sti Praha 14\",\"item\":\"https:\/\/www.praha14.cz\/urad-mestske-casti\/\"},{\"@type\":\"ListItem\",\"position\":2,\"name\":\"Voln\u00e1 m\u00edsta\"}]},{\"@type\":\"WebSite\",\"@id\":\"https:\/\/www.praha14.cz\/urad-mestske-casti\/#website\",\"url\":\"https:\/\/www.praha14.cz\/urad-mestske-casti\/\",\"name\":\"\u00daM\u010c P14\",\"description\":\"Ofici\u00e1ln\u00ed str\u00e1nky m\u011bstsk\u00e9 \u010d\u00e1sti Praha 14\",\"potentialAction\":[{\"@type\":\"SearchAction\",\"target\":{\"@type\":\"EntryPoint\",\"urlTemplate\":\"https:\/\/www.praha14.cz\/urad-mestske-casti\/?s={search_term_string}\"},\"query-input\":{\"@type\":\"PropertyValueSpecification\",\"valueRequired\":true,\"valueName\":\"search_term_string\"}}],\"inLanguage\":\"cs\"}]}<\/script>\n<!-- \/ Yoast SEO plugin. -->","yoast_head_json":{"title":"Voln\u00e1 m\u00edsta - \u00daM\u010c P14","robots":{"index":"index","follow":"follow","max-snippet":"max-snippet:-1","max-image-preview":"max-image-preview:large","max-video-preview":"max-video-preview:-1"},"canonical":"https:\/\/www.praha14.cz\/urad-mestske-casti\/urad-volna-mista\/","og_locale":"cs_CZ","og_type":"article","og_title":"Voln\u00e1 m\u00edsta - \u00daM\u010c P14","og_description":"Dnem 1.1.2003 nab\u00fdv\u00e1 \u00fa\u010dinnosti z\u00e1kon \u010d. 312\/2002 Sb., o \u00fa\u0159edn\u00edc\u00edch \u00fazemn\u00edch samospr\u00e1vn\u00fdch celk\u016f. Z\u00e1kon se nevztahuje na \u010dleny zastupitelstev, \u010dleny komis\u00ed, pokud nejsou zam\u011bstnanci \u00fazemn\u00edch celk\u016f, zam\u011bstnance za\u0159azen\u00e9 v organiza\u010dn\u00edch slo\u017ek\u00e1ch z\u0159\u00edzen\u00fdch samospr\u00e1vn\u00fdmi celky a na zam\u011bstnance vykon\u00e1vaj\u00edc\u00ed obslu\u017en\u00e9 \u010dinnosti, jako jsou pr\u00e1ce servisn\u00ed, pomocn\u00e9 a manu\u00e1ln\u00ed. Formul\u00e1\u0159 p\u0159ihl\u00e1\u0161ky do v\u00fdb\u011brov\u00e9ho \u0159\u00edzen\u00ed (QF 62-01-09) \u010cestn\u00e9...","og_url":"https:\/\/www.praha14.cz\/urad-mestske-casti\/urad-volna-mista\/","og_site_name":"\u00daM\u010c P14","article_modified_time":"2023-02-01T09:37:10+00:00","twitter_card":"summary_large_image","twitter_misc":{"Est. reading time":"1 minuta"},"schema":{"@context":"https:\/\/schema.org","@graph":[{"@type":"WebPage","@id":"https:\/\/www.praha14.cz\/urad-mestske-casti\/urad-volna-mista\/","url":"https:\/\/www.praha14.cz\/urad-mestske-casti\/urad-volna-mista\/","name":"Voln\u00e1 m\u00edsta - \u00daM\u010c P14","isPartOf":{"@id":"https:\/\/www.praha14.cz\/urad-mestske-casti\/#website"},"datePublished":"2014-09-02T12:52:48+00:00","dateModified":"2023-02-01T09:37:10+00:00","breadcrumb":{"@id":"https:\/\/www.praha14.cz\/urad-mestske-casti\/urad-volna-mista\/#breadcrumb"},"inLanguage":"cs","potentialAction":[{"@type":"ReadAction","target":["https:\/\/www.praha14.cz\/urad-mestske-casti\/urad-volna-mista\/"]}]},{"@type":"BreadcrumbList","@id":"https:\/\/www.praha14.cz\/urad-mestske-casti\/urad-volna-mista\/#breadcrumb","itemListElement":[{"@type":"ListItem","position":1,"name":"\u00da\u0159ad m\u011bstsk\u00e9 \u010d\u00e1sti Praha 14","item":"https:\/\/www.praha14.cz\/urad-mestske-casti\/"},{"@type":"ListItem","position":2,"name":"Voln\u00e1 m\u00edsta"}]},{"@type":"WebSite","@id":"https:\/\/www.praha14.cz\/urad-mestske-casti\/#website","url":"https:\/\/www.praha14.cz\/urad-mestske-casti\/","name":"\u00daM\u010c P14","description":"Ofici\u00e1ln\u00ed str\u00e1nky m\u011bstsk\u00e9 \u010d\u00e1sti Praha 14","potentialAction":[{"@type":"SearchAction","target":{"@type":"EntryPoint","urlTemplate":"https:\/\/www.praha14.cz\/urad-mestske-casti\/?s={search_term_string}"},"query-input":{"@type":"PropertyValueSpecification","valueRequired":true,"valueName":"search_term_string"}}],"inLanguage":"cs"}]}},"_links":{"self":[{"href":"https:\/\/www.praha14.cz\/urad-mestske-casti\/wp-json\/wp\/v2\/pages\/34786","targetHints":{"allow":["GET"]}}],"collection":[{"href":"https:\/\/www.praha14.cz\/urad-mestske-casti\/wp-json\/wp\/v2\/pages"}],"about":[{"href":"https:\/\/www.praha14.cz\/urad-mestske-casti\/wp-json\/wp\/v2\/types\/page"}],"author":[{"embeddable":true,"href":"https:\/\/www.praha14.cz\/urad-mestske-casti\/wp-json\/wp\/v2\/users\/1"}],"replies":[{"embeddable":true,"href":"https:\/\/www.praha14.cz\/urad-mestske-casti\/wp-json\/wp\/v2\/comments?post=34786"}],"version-history":[{"count":5,"href":"https:\/\/www.praha14.cz\/urad-mestske-casti\/wp-json\/wp\/v2\/pages\/34786\/revisions"}],"predecessor-version":[{"id":39901,"href":"https:\/\/www.praha14.cz\/urad-mestske-casti\/wp-json\/wp\/v2\/pages\/34786\/revisions\/39901"}],"wp:attachment":[{"href":"https:\/\/www.praha14.cz\/urad-mestske-casti\/wp-json\/wp\/v2\/media?parent=34786"}],"curies":[{"name":"wp","href":"https:\/\/api.w.org\/{rel}","templated":true}]}}