{"id":35089,"date":"2014-09-25T14:25:15","date_gmt":"2014-09-25T12:25:15","guid":{"rendered":"https:\/\/www.praha14.cz\/urad-mestske-casti\/?page_id=35089"},"modified":"2025-05-22T10:39:03","modified_gmt":"2025-05-22T08:39:03","slug":"rezervace-urednich-hodin","status":"publish","type":"page","link":"https:\/\/www.praha14.cz\/urad-mestske-casti\/rezervace-urednich-hodin\/","title":{"rendered":"Rezervace \u00fa\u0159edn\u00edch hodin"},"content":{"rendered":"<h2>Pro ob\u010danky, pasy, ov\u011b\u0159ov\u00e1n\u00ed\u2026<\/h2>\n<ul class=\"p1423-ul-list\">\n<li><a href=\"https:\/\/webcall.praha14.cz\/obj\/index.php?id=151&amp;cinnostId=5632\" target=\"_blank\" rel=\"noopener\">POD\u00c1N\u00cd \u017d\u00c1DOSTI O OP<\/a><\/li>\n<li><a href=\"https:\/\/webcall.praha14.cz\/obj\/index.php?id=151&amp;cinnostId=5633\" target=\"_blank\" rel=\"noopener\">EXPRESN\u00cd\u00ad \u017d\u00c1DOST O OP<\/a><\/li>\n<li><a href=\"https:\/\/webcall.praha14.cz\/obj\/index.php?id=151&amp;cinnostId=5634\" target=\"_blank\" rel=\"noopener\">V\u00ddDEJ OP<\/a><\/li>\n<li><a href=\"https:\/\/webcall.praha14.cz\/obj\/index.php?id=151&amp;cinnostId=5635\" target=\"_blank\" rel=\"noopener\">POD\u00c1N\u00cd\u00ad \u017d\u00c1DOSTI O CESTOVN\u00cd PAS<\/a><\/li>\n<li><a href=\"https:\/\/webcall.praha14.cz\/obj\/index.php?id=151&amp;cinnostId=5636\" target=\"_blank\" rel=\"noopener\">EXPRESN\u00cd\u00ad \u017d\u00c1DOSTI O CESTOVN\u00cd PAS<\/a><\/li>\n<li><a href=\"https:\/\/webcall.praha14.cz\/obj\/index.php?id=151&amp;cinnostId=5637\" target=\"_blank\" rel=\"noopener\">V\u00ddDEJ CESTOVN\u00cdCH PAS\u016e<\/a><\/li>\n<li><a href=\"https:\/\/webcall.praha14.cz\/obj\/index.php?id=151&amp;cinnostId=5671\" target=\"_blank\" rel=\"noopener\">OV\u011a\u0158OV\u00c1N\u00cd\u00ad \/ VOLI\u010cSK\u00dd PR\u016eKAZ<\/a><\/li>\n<\/ul>\n<p><span style=\"color: #ff0000;\"><strong><a style=\"color: #ff0000;\" href=\"https:\/\/webcall.praha14.cz\/mon\/index.html?id=151\" target=\"_blank\" rel=\"noopener\">MONITORING P\u0158EP\u00c1\u017dEK<\/a><\/strong><\/span><\/p>\n<h2>Ostatn\u00ed agendy \u00fa\u0159adu bez vazby na vyvol\u00e1vac\u00ed syst\u00e9m\u2026<\/h2>\n<ul class=\"p1423-ul-list\">\n<li><a href=\"https:\/\/webcall2.praha14.cz\/obj\/index.php?id=1086&amp;cinnostId=2438\" target=\"_blank\" rel=\"noopener\">MATRIKA<br \/>\n(MATRIKA MAN\u017dELSTV\u00cd, NAROZEN\u00cd A \u00daMRT\u00cd, ZM\u011aNA JM\u00c9NA A P\u0158\u00cdJMEN\u00cd, UR\u010cEN\u00cd OTCOVSTV\u00cd)<\/a><\/li>\n<li><a href=\"https:\/\/webcall2.praha14.cz\/obj\/index.php?id=1086&amp;cinnostId=2443\" target=\"_blank\" rel=\"noopener\">MATRIKA &#8211; ST\u00c1TN\u00cd OB\u010cANSTV\u00cd<\/a><\/li>\n<li><a href=\"https:\/\/webcall2.praha14.cz\/obj\/index.php?id=1086&amp;cinnostId=2290\" target=\"_blank\" rel=\"noopener\">EVIDENCE OBYVATEL, TRVAL\u00dd POBYT, V\u00ddPIS \u00daDAJ\u016e Z EO<\/a><\/li>\n<li><a href=\"https:\/\/webcall2.praha14.cz\/obj\/index.php?id=1086&amp;cinnostId=2291\" target=\"_blank\" rel=\"noopener\">\u017dIVNOSTENSK\u00dd ODBOR &#8211; REGISTRACE<\/a><\/li>\n<li><a href=\"https:\/\/webcall2.praha14.cz\/obj\/index.php?id=1086&amp;cinnostId=2292\" target=\"_blank\" rel=\"noopener\">\u017dIVNOSTENSK\u00dd ODBOR &#8211; KONTROLA<\/a><\/li>\n<li><a href=\"https:\/\/webcall2.praha14.cz\/obj\/index.php?id=1086&amp;cinnostId=2293\" target=\"_blank\" rel=\"noopener\">VYD\u00c1V\u00c1N\u00cd RYB\u00c1\u0158SK\u00ddCH L\u00cdSTK\u016e na VYD\u00c1V\u00c1N\u00cd RYB\u00c1\u0158SK\u00ddCH A LOVECK\u00ddCH L\u00cdSTK\u016e<\/a><\/li>\n<li><a href=\"https:\/\/webcall2.praha14.cz\/obj\/index.php?id=1086&amp;cinnostId=2295\" target=\"_blank\" rel=\"noopener\">ODBOR \u017dIVOTN\u00cdHO PROST\u0158ED\u00cd Z\u00c1BOR VE\u0158EJN\u00c9HO PROSTRANSTV\u00cd<\/a><\/li>\n<li><a href=\"https:\/\/webcall2.praha14.cz\/obj\/index.php?id=1086&amp;cinnostId=2436\" target=\"_blank\" rel=\"noopener\">ODBOR DOPRAVY( Z\u00c1BOR KOMUNIKACE )<\/a><\/li>\n<li><a href=\"https:\/\/webcall2.praha14.cz\/obj\/index.php?id=1086&amp;cinnostId=2298\" target=\"_blank\" rel=\"noopener\">ODBOR \u0158\u00cdZEN\u00cd EKONOMIKY A \u0160KOLSTV\u00cd<br \/>\nODD\u011aLEN\u00cd M\u00cdSTN\u00cdCH DAN\u00cd A POPLATK\u016e<br \/>\nM\u00cdSTN\u00cd POPLATKY ZE PS\u016e, POPLATKY Z POBYTU A VSTUPN\u00c9<\/a><\/li>\n<li><a href=\"https:\/\/webcall2.praha14.cz\/obj\/index.php?id=1086&amp;cinnostId=2434\" target=\"_blank\" rel=\"noopener\">ODBOR \u0158\u00cdZEN\u00cd EKONOMIKY A \u0160KOLSTV\u00cd<br \/>\nODD\u011aLEN\u00cd M\u00cdSTN\u00cdCH DAN\u00cd A POPLATK\u016e<br \/>\nEXEKUCE<\/a><\/li>\n<li><a href=\"https:\/\/webcall2.praha14.cz\/obj\/index.php?id=1086&amp;cinnostId=2435\" target=\"_blank\" rel=\"noopener\">ODBOR PR\u00c1VN\u00cdCH A KONTROLN\u00cdCH \u010cINNOST\u00cd<br \/>\nST\u00cd\u017dNOSTI<\/a><\/li>\n<\/ul>\n<p><!--\n \t\n\n<li><a href=\"https:\/\/webcall2.praha14.cz\/obj\/index.php?id=1086&amp;cinnostId=2439\" target=\"_blank\" rel=\"noopener\">ODBOR SOCI\u00c1LN\u00cdCH V\u011aC\u00cd A ZDRAVOTNICTV\u00cd\nPR\u00c1VN\u00cd PORADNA<\/a><\/li>\n\n\n--><\/p>\n<ul class=\"p1423-ul-list\">\n<li><a href=\"https:\/\/webcall2.praha14.cz\/obj\/index.php?id=1086&amp;cinnostId=2440\" target=\"_blank\" rel=\"noopener\">ODBOR SOCI\u00c1LN\u00cdCH V\u011aC\u00cd A ZDRAVOTNICTV\u00cd<br \/>\nVYD\u00c1V\u00c1N\u00cd PARKOVAC\u00cdCH PR\u016eKAZ\u016e<\/a><\/li>\n<li><a href=\"https:\/\/webcall2.praha14.cz\/obj\/index.php?id=1086&amp;cinnostId=2441\" target=\"_blank\" rel=\"noopener\">ODBOR SOCI\u00c1LN\u00cdCH V\u011aC\u00cd A ZDRAVOTNICTV\u00cd<br \/>\n\u017d\u00c1DOST V PROGRAMU PREVENCE N\u00c1DOROV\u00ddCH ONEMOCN\u011aN\u00cd PRSOU<\/a><\/li>\n<\/ul>\n","protected":false},"excerpt":{"rendered":"<p>Pro ob\u010danky, pasy, ov\u011b\u0159ov\u00e1n\u00ed\u2026 POD\u00c1N\u00cd \u017d\u00c1DOSTI O OP EXPRESN\u00cd\u00ad \u017d\u00c1DOST O OP V\u00ddDEJ OP POD\u00c1N\u00cd\u00ad \u017d\u00c1DOSTI O CESTOVN\u00cd PAS EXPRESN\u00cd\u00ad \u017d\u00c1DOSTI O CESTOVN\u00cd PAS V\u00ddDEJ CESTOVN\u00cdCH PAS\u016e OV\u011a\u0158OV\u00c1N\u00cd\u00ad \/ VOLI\u010cSK\u00dd PR\u016eKAZ MONITORING P\u0158EP\u00c1\u017dEK Ostatn\u00ed agendy \u00fa\u0159adu bez vazby na vyvol\u00e1vac\u00ed syst\u00e9m\u2026 MATRIKA (MATRIKA MAN\u017dELSTV\u00cd, NAROZEN\u00cd A \u00daMRT\u00cd, ZM\u011aNA JM\u00c9NA A P\u0158\u00cdJMEN\u00cd, UR\u010cEN\u00cd OTCOVSTV\u00cd) MATRIKA &#8211;&#8230;<\/p>\n","protected":false},"author":1,"featured_media":0,"parent":0,"menu_order":0,"comment_status":"closed","ping_status":"open","template":"","meta":{"_acf_changed":false,"footnotes":""},"class_list":["post-35089","page","type-page","status-publish","hentry"],"acf":[],"yoast_head":"<!-- This site is optimized with the Yoast SEO plugin v27.2 - https:\/\/yoast.com\/product\/yoast-seo-wordpress\/ -->\n<title>Rezervace \u00fa\u0159edn\u00edch hodin - \u00daM\u010c P14<\/title>\n<meta name=\"robots\" content=\"index, follow, max-snippet:-1, max-image-preview:large, max-video-preview:-1\" \/>\n<link rel=\"canonical\" href=\"https:\/\/www.praha14.cz\/urad-mestske-casti\/rezervace-urednich-hodin\/\" \/>\n<meta property=\"og:locale\" content=\"cs_CZ\" \/>\n<meta property=\"og:type\" content=\"article\" \/>\n<meta property=\"og:title\" content=\"Rezervace \u00fa\u0159edn\u00edch hodin - \u00daM\u010c P14\" \/>\n<meta property=\"og:description\" content=\"Pro ob\u010danky, pasy, ov\u011b\u0159ov\u00e1n\u00ed\u2026 POD\u00c1N\u00cd \u017d\u00c1DOSTI O OP EXPRESN\u00cd\u00ad \u017d\u00c1DOST O OP V\u00ddDEJ OP POD\u00c1N\u00cd\u00ad \u017d\u00c1DOSTI O CESTOVN\u00cd PAS EXPRESN\u00cd\u00ad \u017d\u00c1DOSTI O CESTOVN\u00cd PAS V\u00ddDEJ CESTOVN\u00cdCH PAS\u016e OV\u011a\u0158OV\u00c1N\u00cd\u00ad \/ VOLI\u010cSK\u00dd PR\u016eKAZ MONITORING P\u0158EP\u00c1\u017dEK Ostatn\u00ed agendy \u00fa\u0159adu bez vazby na vyvol\u00e1vac\u00ed syst\u00e9m\u2026 MATRIKA (MATRIKA MAN\u017dELSTV\u00cd, NAROZEN\u00cd A \u00daMRT\u00cd, ZM\u011aNA JM\u00c9NA A P\u0158\u00cdJMEN\u00cd, UR\u010cEN\u00cd OTCOVSTV\u00cd) MATRIKA &#8211;...\" \/>\n<meta property=\"og:url\" content=\"https:\/\/www.praha14.cz\/urad-mestske-casti\/rezervace-urednich-hodin\/\" \/>\n<meta property=\"og:site_name\" content=\"\u00daM\u010c P14\" \/>\n<meta property=\"article:modified_time\" content=\"2025-05-22T08:39:03+00:00\" \/>\n<meta name=\"twitter:card\" content=\"summary_large_image\" \/>\n<meta name=\"twitter:label1\" content=\"Est. reading time\" \/>\n\t<meta name=\"twitter:data1\" content=\"1 minuta\" \/>\n<script type=\"application\/ld+json\" class=\"yoast-schema-graph\">{\"@context\":\"https:\/\/schema.org\",\"@graph\":[{\"@type\":\"WebPage\",\"@id\":\"https:\/\/www.praha14.cz\/urad-mestske-casti\/rezervace-urednich-hodin\/\",\"url\":\"https:\/\/www.praha14.cz\/urad-mestske-casti\/rezervace-urednich-hodin\/\",\"name\":\"Rezervace \u00fa\u0159edn\u00edch hodin - \u00daM\u010c P14\",\"isPartOf\":{\"@id\":\"https:\/\/www.praha14.cz\/urad-mestske-casti\/#website\"},\"datePublished\":\"2014-09-25T12:25:15+00:00\",\"dateModified\":\"2025-05-22T08:39:03+00:00\",\"breadcrumb\":{\"@id\":\"https:\/\/www.praha14.cz\/urad-mestske-casti\/rezervace-urednich-hodin\/#breadcrumb\"},\"inLanguage\":\"cs\",\"potentialAction\":[{\"@type\":\"ReadAction\",\"target\":[\"https:\/\/www.praha14.cz\/urad-mestske-casti\/rezervace-urednich-hodin\/\"]}]},{\"@type\":\"BreadcrumbList\",\"@id\":\"https:\/\/www.praha14.cz\/urad-mestske-casti\/rezervace-urednich-hodin\/#breadcrumb\",\"itemListElement\":[{\"@type\":\"ListItem\",\"position\":1,\"name\":\"\u00da\u0159ad m\u011bstsk\u00e9 \u010d\u00e1sti Praha 14\",\"item\":\"https:\/\/www.praha14.cz\/urad-mestske-casti\/\"},{\"@type\":\"ListItem\",\"position\":2,\"name\":\"Rezervace \u00fa\u0159edn\u00edch hodin\"}]},{\"@type\":\"WebSite\",\"@id\":\"https:\/\/www.praha14.cz\/urad-mestske-casti\/#website\",\"url\":\"https:\/\/www.praha14.cz\/urad-mestske-casti\/\",\"name\":\"\u00daM\u010c P14\",\"description\":\"Ofici\u00e1ln\u00ed str\u00e1nky m\u011bstsk\u00e9 \u010d\u00e1sti Praha 14\",\"potentialAction\":[{\"@type\":\"SearchAction\",\"target\":{\"@type\":\"EntryPoint\",\"urlTemplate\":\"https:\/\/www.praha14.cz\/urad-mestske-casti\/?s={search_term_string}\"},\"query-input\":{\"@type\":\"PropertyValueSpecification\",\"valueRequired\":true,\"valueName\":\"search_term_string\"}}],\"inLanguage\":\"cs\"}]}<\/script>\n<!-- \/ Yoast SEO plugin. -->","yoast_head_json":{"title":"Rezervace \u00fa\u0159edn\u00edch hodin - \u00daM\u010c P14","robots":{"index":"index","follow":"follow","max-snippet":"max-snippet:-1","max-image-preview":"max-image-preview:large","max-video-preview":"max-video-preview:-1"},"canonical":"https:\/\/www.praha14.cz\/urad-mestske-casti\/rezervace-urednich-hodin\/","og_locale":"cs_CZ","og_type":"article","og_title":"Rezervace \u00fa\u0159edn\u00edch hodin - \u00daM\u010c P14","og_description":"Pro ob\u010danky, pasy, ov\u011b\u0159ov\u00e1n\u00ed\u2026 POD\u00c1N\u00cd \u017d\u00c1DOSTI O OP EXPRESN\u00cd\u00ad \u017d\u00c1DOST O OP V\u00ddDEJ OP POD\u00c1N\u00cd\u00ad \u017d\u00c1DOSTI O CESTOVN\u00cd PAS EXPRESN\u00cd\u00ad \u017d\u00c1DOSTI O CESTOVN\u00cd PAS V\u00ddDEJ CESTOVN\u00cdCH PAS\u016e OV\u011a\u0158OV\u00c1N\u00cd\u00ad \/ VOLI\u010cSK\u00dd PR\u016eKAZ MONITORING P\u0158EP\u00c1\u017dEK Ostatn\u00ed agendy \u00fa\u0159adu bez vazby na vyvol\u00e1vac\u00ed syst\u00e9m\u2026 MATRIKA (MATRIKA MAN\u017dELSTV\u00cd, NAROZEN\u00cd A \u00daMRT\u00cd, ZM\u011aNA JM\u00c9NA A P\u0158\u00cdJMEN\u00cd, UR\u010cEN\u00cd OTCOVSTV\u00cd) MATRIKA &#8211;...","og_url":"https:\/\/www.praha14.cz\/urad-mestske-casti\/rezervace-urednich-hodin\/","og_site_name":"\u00daM\u010c P14","article_modified_time":"2025-05-22T08:39:03+00:00","twitter_card":"summary_large_image","twitter_misc":{"Est. reading time":"1 minuta"},"schema":{"@context":"https:\/\/schema.org","@graph":[{"@type":"WebPage","@id":"https:\/\/www.praha14.cz\/urad-mestske-casti\/rezervace-urednich-hodin\/","url":"https:\/\/www.praha14.cz\/urad-mestske-casti\/rezervace-urednich-hodin\/","name":"Rezervace \u00fa\u0159edn\u00edch hodin - \u00daM\u010c P14","isPartOf":{"@id":"https:\/\/www.praha14.cz\/urad-mestske-casti\/#website"},"datePublished":"2014-09-25T12:25:15+00:00","dateModified":"2025-05-22T08:39:03+00:00","breadcrumb":{"@id":"https:\/\/www.praha14.cz\/urad-mestske-casti\/rezervace-urednich-hodin\/#breadcrumb"},"inLanguage":"cs","potentialAction":[{"@type":"ReadAction","target":["https:\/\/www.praha14.cz\/urad-mestske-casti\/rezervace-urednich-hodin\/"]}]},{"@type":"BreadcrumbList","@id":"https:\/\/www.praha14.cz\/urad-mestske-casti\/rezervace-urednich-hodin\/#breadcrumb","itemListElement":[{"@type":"ListItem","position":1,"name":"\u00da\u0159ad m\u011bstsk\u00e9 \u010d\u00e1sti Praha 14","item":"https:\/\/www.praha14.cz\/urad-mestske-casti\/"},{"@type":"ListItem","position":2,"name":"Rezervace \u00fa\u0159edn\u00edch hodin"}]},{"@type":"WebSite","@id":"https:\/\/www.praha14.cz\/urad-mestske-casti\/#website","url":"https:\/\/www.praha14.cz\/urad-mestske-casti\/","name":"\u00daM\u010c P14","description":"Ofici\u00e1ln\u00ed str\u00e1nky m\u011bstsk\u00e9 \u010d\u00e1sti Praha 14","potentialAction":[{"@type":"SearchAction","target":{"@type":"EntryPoint","urlTemplate":"https:\/\/www.praha14.cz\/urad-mestske-casti\/?s={search_term_string}"},"query-input":{"@type":"PropertyValueSpecification","valueRequired":true,"valueName":"search_term_string"}}],"inLanguage":"cs"}]}},"_links":{"self":[{"href":"https:\/\/www.praha14.cz\/urad-mestske-casti\/wp-json\/wp\/v2\/pages\/35089","targetHints":{"allow":["GET"]}}],"collection":[{"href":"https:\/\/www.praha14.cz\/urad-mestske-casti\/wp-json\/wp\/v2\/pages"}],"about":[{"href":"https:\/\/www.praha14.cz\/urad-mestske-casti\/wp-json\/wp\/v2\/types\/page"}],"author":[{"embeddable":true,"href":"https:\/\/www.praha14.cz\/urad-mestske-casti\/wp-json\/wp\/v2\/users\/1"}],"replies":[{"embeddable":true,"href":"https:\/\/www.praha14.cz\/urad-mestske-casti\/wp-json\/wp\/v2\/comments?post=35089"}],"version-history":[{"count":42,"href":"https:\/\/www.praha14.cz\/urad-mestske-casti\/wp-json\/wp\/v2\/pages\/35089\/revisions"}],"predecessor-version":[{"id":53429,"href":"https:\/\/www.praha14.cz\/urad-mestske-casti\/wp-json\/wp\/v2\/pages\/35089\/revisions\/53429"}],"wp:attachment":[{"href":"https:\/\/www.praha14.cz\/urad-mestske-casti\/wp-json\/wp\/v2\/media?parent=35089"}],"curies":[{"name":"wp","href":"https:\/\/api.w.org\/{rel}","templated":true}]}}