{"id":40378,"date":"2018-01-23T10:37:23","date_gmt":"2018-01-23T09:37:23","guid":{"rendered":"https:\/\/www.praha14.cz\/urad-mestske-casti\/?page_id=40378"},"modified":"2023-02-01T15:48:15","modified_gmt":"2023-02-01T14:48:15","slug":"bezpecnostni-portal-hl-m-prahy","status":"publish","type":"page","link":"https:\/\/www.praha14.cz\/urad-mestske-casti\/hledam-informaci\/bezpecnost\/bezpecnostni-portal-hl-m-prahy\/","title":{"rendered":"Bezpe\u010dnostn\u00ed port\u00e1l hl. m. Prahy"},"content":{"rendered":"<p>Hlavn\u00ed m\u011bsto Praha provozuje <strong>bezpe\u010dnostn\u00ed port\u00e1l<\/strong> pro lep\u0161\u00ed informovanost obyvatel nejen p\u0159i krizov\u00fdch situac\u00edch, ale nap\u0159\u00edklad i p\u0159i dopravn\u00edch uzav\u00edrk\u00e1ch, omezen\u00edch provozu m\u011bstsk\u00e9 hromadn\u00e9 dopravy, ekologick\u00fdch hav\u00e1ri\u00edch, v\u011bt\u0161\u00edch po\u017e\u00e1rech, v\u00fdpadc\u00edch elekt\u0159iny a podobn\u011b. Informace poskytuje Opera\u010dn\u00ed st\u0159edisko krizov\u00e9ho \u0161t\u00e1bu hlavn\u00edho m\u011bsta Prahy, kter\u00e9 je dost\u00e1v\u00e1 od ostatn\u00edch slo\u017eek Integrovan\u00e9ho z\u00e1chrann\u00e9ho syst\u00e9mu.<\/p>\n<p>Sou\u010d\u00e1st\u00ed port\u00e1lu je i poradna\u00a0<strong><a href=\"https:\/\/bezpecnost.praha.eu\/clanky\/co_delat_kdyz\" target=\"_blank\" rel=\"noopener noreferrer\">CO D\u011aLAT, KDY\u017d&#8230;<\/a><\/strong>,kter\u00e1 z\u00e1jemc\u016fm pom\u00e1h\u00e1 s p\u0159\u00edpravou na nenad\u00e1l\u00e9 \u017eivotn\u00ed situace.<\/p>\n<p><a href=\"https:\/\/bezpecnost.praha.eu\/\" target=\"_blank\" rel=\"noopener noreferrer\"><img loading=\"lazy\" decoding=\"async\" class=\"alignnone wp-image-40390 size-medium\" src=\"https:\/\/www.praha14.cz\/app\/uploads\/sites\/2\/2018\/01\/bezpe\u010dnost-1-370x62.jpg\" alt=\"\" width=\"370\" height=\"62\" srcset=\"https:\/\/www.praha14.cz\/app\/uploads\/sites\/2\/2018\/01\/bezpe\u010dnost-1-370x62.jpg 370w, https:\/\/www.praha14.cz\/app\/uploads\/sites\/2\/2018\/01\/bezpe\u010dnost-1.jpg 425w\" sizes=\"(max-width: 370px) 100vw, 370px\" \/><\/a><\/p>\n<p>&nbsp;<\/p>\n<div id=\"page\">\n<div id=\"main-frame\" class=\"not-illustrated\">\n<div class=\"col-set\"><\/div>\n<\/div>\n<\/div>\n","protected":false},"excerpt":{"rendered":"<p>Hlavn\u00ed m\u011bsto Praha provozuje bezpe\u010dnostn\u00ed port\u00e1l pro lep\u0161\u00ed informovanost obyvatel nejen p\u0159i krizov\u00fdch situac\u00edch, ale nap\u0159\u00edklad i p\u0159i dopravn\u00edch uzav\u00edrk\u00e1ch, omezen\u00edch provozu m\u011bstsk\u00e9 hromadn\u00e9 dopravy, ekologick\u00fdch hav\u00e1ri\u00edch, v\u011bt\u0161\u00edch po\u017e\u00e1rech, v\u00fdpadc\u00edch elekt\u0159iny a podobn\u011b. Informace poskytuje Opera\u010dn\u00ed st\u0159edisko krizov\u00e9ho \u0161t\u00e1bu hlavn\u00edho m\u011bsta Prahy, kter\u00e9 je dost\u00e1v\u00e1 od ostatn\u00edch slo\u017eek Integrovan\u00e9ho z\u00e1chrann\u00e9ho syst\u00e9mu. Sou\u010d\u00e1st\u00ed port\u00e1lu je i&#8230;<\/p>\n","protected":false},"author":6,"featured_media":0,"parent":27880,"menu_order":0,"comment_status":"closed","ping_status":"closed","template":"","meta":{"_acf_changed":false,"footnotes":""},"class_list":["post-40378","page","type-page","status-publish","hentry"],"acf":[],"yoast_head":"<!-- This site is optimized with the Yoast SEO plugin v27.2 - https:\/\/yoast.com\/product\/yoast-seo-wordpress\/ -->\n<title>Bezpe\u010dnostn\u00ed port\u00e1l hl. m. Prahy - \u00daM\u010c P14<\/title>\n<meta name=\"robots\" content=\"index, follow, max-snippet:-1, max-image-preview:large, max-video-preview:-1\" \/>\n<link rel=\"canonical\" href=\"https:\/\/www.praha14.cz\/urad-mestske-casti\/hledam-informaci\/bezpecnost\/bezpecnostni-portal-hl-m-prahy\/\" \/>\n<meta property=\"og:locale\" content=\"cs_CZ\" \/>\n<meta property=\"og:type\" content=\"article\" \/>\n<meta property=\"og:title\" content=\"Bezpe\u010dnostn\u00ed port\u00e1l hl. m. Prahy - \u00daM\u010c P14\" \/>\n<meta property=\"og:description\" content=\"Hlavn\u00ed m\u011bsto Praha provozuje bezpe\u010dnostn\u00ed port\u00e1l pro lep\u0161\u00ed informovanost obyvatel nejen p\u0159i krizov\u00fdch situac\u00edch, ale nap\u0159\u00edklad i p\u0159i dopravn\u00edch uzav\u00edrk\u00e1ch, omezen\u00edch provozu m\u011bstsk\u00e9 hromadn\u00e9 dopravy, ekologick\u00fdch hav\u00e1ri\u00edch, v\u011bt\u0161\u00edch po\u017e\u00e1rech, v\u00fdpadc\u00edch elekt\u0159iny a podobn\u011b. Informace poskytuje Opera\u010dn\u00ed st\u0159edisko krizov\u00e9ho \u0161t\u00e1bu hlavn\u00edho m\u011bsta Prahy, kter\u00e9 je dost\u00e1v\u00e1 od ostatn\u00edch slo\u017eek Integrovan\u00e9ho z\u00e1chrann\u00e9ho syst\u00e9mu. Sou\u010d\u00e1st\u00ed port\u00e1lu je i...\" \/>\n<meta property=\"og:url\" content=\"https:\/\/www.praha14.cz\/urad-mestske-casti\/hledam-informaci\/bezpecnost\/bezpecnostni-portal-hl-m-prahy\/\" \/>\n<meta property=\"og:site_name\" content=\"\u00daM\u010c P14\" \/>\n<meta property=\"article:modified_time\" content=\"2023-02-01T14:48:15+00:00\" \/>\n<meta name=\"twitter:card\" content=\"summary_large_image\" \/>\n<meta name=\"twitter:label1\" content=\"Est. reading time\" \/>\n\t<meta name=\"twitter:data1\" content=\"1 minuta\" \/>\n<script type=\"application\/ld+json\" class=\"yoast-schema-graph\">{\"@context\":\"https:\/\/schema.org\",\"@graph\":[{\"@type\":\"WebPage\",\"@id\":\"https:\/\/www.praha14.cz\/urad-mestske-casti\/hledam-informaci\/bezpecnost\/bezpecnostni-portal-hl-m-prahy\/\",\"url\":\"https:\/\/www.praha14.cz\/urad-mestske-casti\/hledam-informaci\/bezpecnost\/bezpecnostni-portal-hl-m-prahy\/\",\"name\":\"Bezpe\u010dnostn\u00ed port\u00e1l hl. m. Prahy - \u00daM\u010c P14\",\"isPartOf\":{\"@id\":\"https:\/\/www.praha14.cz\/urad-mestske-casti\/#website\"},\"datePublished\":\"2018-01-23T09:37:23+00:00\",\"dateModified\":\"2023-02-01T14:48:15+00:00\",\"breadcrumb\":{\"@id\":\"https:\/\/www.praha14.cz\/urad-mestske-casti\/hledam-informaci\/bezpecnost\/bezpecnostni-portal-hl-m-prahy\/#breadcrumb\"},\"inLanguage\":\"cs\",\"potentialAction\":[{\"@type\":\"ReadAction\",\"target\":[\"https:\/\/www.praha14.cz\/urad-mestske-casti\/hledam-informaci\/bezpecnost\/bezpecnostni-portal-hl-m-prahy\/\"]}]},{\"@type\":\"BreadcrumbList\",\"@id\":\"https:\/\/www.praha14.cz\/urad-mestske-casti\/hledam-informaci\/bezpecnost\/bezpecnostni-portal-hl-m-prahy\/#breadcrumb\",\"itemListElement\":[{\"@type\":\"ListItem\",\"position\":1,\"name\":\"\u00da\u0159ad m\u011bstsk\u00e9 \u010d\u00e1sti Praha 14\",\"item\":\"https:\/\/www.praha14.cz\/urad-mestske-casti\/\"},{\"@type\":\"ListItem\",\"position\":2,\"name\":\"Hled\u00e1m informaci\",\"item\":\"https:\/\/www.praha14.cz\/urad-mestske-casti\/hledam-informaci\/\"},{\"@type\":\"ListItem\",\"position\":3,\"name\":\"Bezpe\u010dnost\",\"item\":\"https:\/\/www.praha14.cz\/urad-mestske-casti\/hledam-informaci\/bezpecnost\/\"},{\"@type\":\"ListItem\",\"position\":4,\"name\":\"Bezpe\u010dnostn\u00ed port\u00e1l hl. m. Prahy\"}]},{\"@type\":\"WebSite\",\"@id\":\"https:\/\/www.praha14.cz\/urad-mestske-casti\/#website\",\"url\":\"https:\/\/www.praha14.cz\/urad-mestske-casti\/\",\"name\":\"\u00daM\u010c P14\",\"description\":\"Ofici\u00e1ln\u00ed str\u00e1nky m\u011bstsk\u00e9 \u010d\u00e1sti Praha 14\",\"potentialAction\":[{\"@type\":\"SearchAction\",\"target\":{\"@type\":\"EntryPoint\",\"urlTemplate\":\"https:\/\/www.praha14.cz\/urad-mestske-casti\/?s={search_term_string}\"},\"query-input\":{\"@type\":\"PropertyValueSpecification\",\"valueRequired\":true,\"valueName\":\"search_term_string\"}}],\"inLanguage\":\"cs\"}]}<\/script>\n<!-- \/ Yoast SEO plugin. -->","yoast_head_json":{"title":"Bezpe\u010dnostn\u00ed port\u00e1l hl. m. Prahy - \u00daM\u010c P14","robots":{"index":"index","follow":"follow","max-snippet":"max-snippet:-1","max-image-preview":"max-image-preview:large","max-video-preview":"max-video-preview:-1"},"canonical":"https:\/\/www.praha14.cz\/urad-mestske-casti\/hledam-informaci\/bezpecnost\/bezpecnostni-portal-hl-m-prahy\/","og_locale":"cs_CZ","og_type":"article","og_title":"Bezpe\u010dnostn\u00ed port\u00e1l hl. m. Prahy - \u00daM\u010c P14","og_description":"Hlavn\u00ed m\u011bsto Praha provozuje bezpe\u010dnostn\u00ed port\u00e1l pro lep\u0161\u00ed informovanost obyvatel nejen p\u0159i krizov\u00fdch situac\u00edch, ale nap\u0159\u00edklad i p\u0159i dopravn\u00edch uzav\u00edrk\u00e1ch, omezen\u00edch provozu m\u011bstsk\u00e9 hromadn\u00e9 dopravy, ekologick\u00fdch hav\u00e1ri\u00edch, v\u011bt\u0161\u00edch po\u017e\u00e1rech, v\u00fdpadc\u00edch elekt\u0159iny a podobn\u011b. Informace poskytuje Opera\u010dn\u00ed st\u0159edisko krizov\u00e9ho \u0161t\u00e1bu hlavn\u00edho m\u011bsta Prahy, kter\u00e9 je dost\u00e1v\u00e1 od ostatn\u00edch slo\u017eek Integrovan\u00e9ho z\u00e1chrann\u00e9ho syst\u00e9mu. Sou\u010d\u00e1st\u00ed port\u00e1lu je i...","og_url":"https:\/\/www.praha14.cz\/urad-mestske-casti\/hledam-informaci\/bezpecnost\/bezpecnostni-portal-hl-m-prahy\/","og_site_name":"\u00daM\u010c P14","article_modified_time":"2023-02-01T14:48:15+00:00","twitter_card":"summary_large_image","twitter_misc":{"Est. reading time":"1 minuta"},"schema":{"@context":"https:\/\/schema.org","@graph":[{"@type":"WebPage","@id":"https:\/\/www.praha14.cz\/urad-mestske-casti\/hledam-informaci\/bezpecnost\/bezpecnostni-portal-hl-m-prahy\/","url":"https:\/\/www.praha14.cz\/urad-mestske-casti\/hledam-informaci\/bezpecnost\/bezpecnostni-portal-hl-m-prahy\/","name":"Bezpe\u010dnostn\u00ed port\u00e1l hl. m. Prahy - \u00daM\u010c P14","isPartOf":{"@id":"https:\/\/www.praha14.cz\/urad-mestske-casti\/#website"},"datePublished":"2018-01-23T09:37:23+00:00","dateModified":"2023-02-01T14:48:15+00:00","breadcrumb":{"@id":"https:\/\/www.praha14.cz\/urad-mestske-casti\/hledam-informaci\/bezpecnost\/bezpecnostni-portal-hl-m-prahy\/#breadcrumb"},"inLanguage":"cs","potentialAction":[{"@type":"ReadAction","target":["https:\/\/www.praha14.cz\/urad-mestske-casti\/hledam-informaci\/bezpecnost\/bezpecnostni-portal-hl-m-prahy\/"]}]},{"@type":"BreadcrumbList","@id":"https:\/\/www.praha14.cz\/urad-mestske-casti\/hledam-informaci\/bezpecnost\/bezpecnostni-portal-hl-m-prahy\/#breadcrumb","itemListElement":[{"@type":"ListItem","position":1,"name":"\u00da\u0159ad m\u011bstsk\u00e9 \u010d\u00e1sti Praha 14","item":"https:\/\/www.praha14.cz\/urad-mestske-casti\/"},{"@type":"ListItem","position":2,"name":"Hled\u00e1m informaci","item":"https:\/\/www.praha14.cz\/urad-mestske-casti\/hledam-informaci\/"},{"@type":"ListItem","position":3,"name":"Bezpe\u010dnost","item":"https:\/\/www.praha14.cz\/urad-mestske-casti\/hledam-informaci\/bezpecnost\/"},{"@type":"ListItem","position":4,"name":"Bezpe\u010dnostn\u00ed port\u00e1l hl. m. Prahy"}]},{"@type":"WebSite","@id":"https:\/\/www.praha14.cz\/urad-mestske-casti\/#website","url":"https:\/\/www.praha14.cz\/urad-mestske-casti\/","name":"\u00daM\u010c P14","description":"Ofici\u00e1ln\u00ed str\u00e1nky m\u011bstsk\u00e9 \u010d\u00e1sti Praha 14","potentialAction":[{"@type":"SearchAction","target":{"@type":"EntryPoint","urlTemplate":"https:\/\/www.praha14.cz\/urad-mestske-casti\/?s={search_term_string}"},"query-input":{"@type":"PropertyValueSpecification","valueRequired":true,"valueName":"search_term_string"}}],"inLanguage":"cs"}]}},"_links":{"self":[{"href":"https:\/\/www.praha14.cz\/urad-mestske-casti\/wp-json\/wp\/v2\/pages\/40378","targetHints":{"allow":["GET"]}}],"collection":[{"href":"https:\/\/www.praha14.cz\/urad-mestske-casti\/wp-json\/wp\/v2\/pages"}],"about":[{"href":"https:\/\/www.praha14.cz\/urad-mestske-casti\/wp-json\/wp\/v2\/types\/page"}],"author":[{"embeddable":true,"href":"https:\/\/www.praha14.cz\/urad-mestske-casti\/wp-json\/wp\/v2\/users\/6"}],"replies":[{"embeddable":true,"href":"https:\/\/www.praha14.cz\/urad-mestske-casti\/wp-json\/wp\/v2\/comments?post=40378"}],"version-history":[{"count":5,"href":"https:\/\/www.praha14.cz\/urad-mestske-casti\/wp-json\/wp\/v2\/pages\/40378\/revisions"}],"predecessor-version":[{"id":40392,"href":"https:\/\/www.praha14.cz\/urad-mestske-casti\/wp-json\/wp\/v2\/pages\/40378\/revisions\/40392"}],"up":[{"embeddable":true,"href":"https:\/\/www.praha14.cz\/urad-mestske-casti\/wp-json\/wp\/v2\/pages\/27880"}],"wp:attachment":[{"href":"https:\/\/www.praha14.cz\/urad-mestske-casti\/wp-json\/wp\/v2\/media?parent=40378"}],"curies":[{"name":"wp","href":"https:\/\/api.w.org\/{rel}","templated":true}]}}