{"id":41465,"date":"2018-05-25T10:46:35","date_gmt":"2018-05-25T08:46:35","guid":{"rendered":"https:\/\/www.praha14.cz\/urad-mestske-casti\/?page_id=41465"},"modified":"2018-05-25T11:00:57","modified_gmt":"2018-05-25T09:00:57","slug":"zasady-pouzivani-cookies","status":"publish","type":"page","link":"https:\/\/www.praha14.cz\/urad-mestske-casti\/zasady-pouzivani-cookies\/","title":{"rendered":"Z\u00e1sady pou\u017e\u00edv\u00e1n\u00ed cookies"},"content":{"rendered":"<p>N\u00ed\u017ee naleznete informace o souborech cookie a o tom, jak je na na\u0161ich webov\u00fdch str\u00e1nk\u00e1ch pou\u017e\u00edv\u00e1me.<\/p>\n<h2>Co je to cookie?<\/h2>\n<p>Cookie je soubor ulo\u017een\u00fd ve va\u0161em za\u0159\u00edzen\u00edch, kter\u00fd umo\u017e\u0148uje fungov\u00e1n\u00ed webu a c\u00edlen\u00e9 reklamy. Soubory cookie se na modern\u00edch webov\u00fdch str\u00e1nk\u00e1ch pou\u017e\u00edvaj\u00ed velmi \u010dasto a jejich c\u00edlem je zlep\u0161it zku\u0161enosti u\u017eivatel\u016f s pou\u017e\u00edv\u00e1n\u00edm dan\u00fdch str\u00e1nek prost\u0159ednictv\u00edm shroma\u017e\u010fov\u00e1n\u00ed \u00fadaj\u016f o v\u00fdkonnosti webu. D\u00e1le tak\u00e9 slou\u017e\u00ed pro ukl\u00e1d\u00e1n\u00ed stavu str\u00e1nek, kter\u00fd u\u017eivatel n\u011bjak\u00fdm zp\u016fsobem inicionval, nebo zm\u011bnil.<\/p>\n<h2>Pou\u017e\u00edvaj\u00ed na\u0161e str\u00e1nky soubory cookie?<\/h2>\n<p>Ano.<\/p>\n<h2>Jsou soubory cookie nutn\u00e9 k tomu, aby str\u00e1nky fungovaly?<\/h2>\n<p>Ano, ale n\u00e9 v\u0161echny.<\/p>\n<h2>Pro\u010d str\u00e1nky pou\u017e\u00edvaj\u00ed soubory cookie?<\/h2>\n<p>Soubory cookie pou\u017e\u00edv\u00e1me, abychom na\u0161im u\u017eivatel\u016fm nab\u00eddli co nejlep\u0161\u00ed zku\u0161enost p\u0159i pou\u017e\u00edv\u00e1n\u00ed na\u0161ich str\u00e1nek.<\/p>\n<p>Soubory cookie pou\u017e\u00edvan\u00e9 na str\u00e1nk\u00e1ch praha14.cz rozd\u011blujeme do t\u0159\u00ed kategori\u00ed:<\/p>\n<p>Statistika: tyto soubory cookie n\u00e1m pom\u00e1haj\u00ed analyzovat, jak si na\u0161e str\u00e1nky vedou. Tyto informace pou\u017e\u00edv\u00e1me k vylep\u0161ov\u00e1n\u00ed fungov\u00e1n\u00ed na\u0161ich str\u00e1nek.<\/p>\n<p>Nap\u0159. Pomoc\u00ed soubor\u016f cookie vypo\u010d\u00edt\u00e1me, kolikr\u00e1t se ur\u010dit\u00e1 reklama zobrazila nebo jak \u010dasto lid\u00e9 kliknou nebo zobraz\u00ed na\u0161e reklamy. Pomoc\u00ed t\u011bchto \u00fadaj\u016f analyzujeme, zda je reklama relevantn\u00ed a u\u017eite\u010dn\u00e1.<\/p>\n<p>Reklama: soubory cookie m\u016f\u017eeme pou\u017e\u00edvat k tomu, aby se v\u00e1m na webu praha14.cz i mimo n\u011bj zobrazovaly relevantn\u011bj\u0161\u00ed reklamy. Pomoc\u00ed soubor\u016f cookie tak\u00e9 zji\u0161\u0165ujeme, zda n\u011bkdo po zobrazen\u00ed reklamy na na\u0161ich str\u00e1nk\u00e1ch provedl n\u011bjakou \u010dinnost.<\/p>\n<p>Nap\u0159. D\u00edky soubor\u016fm cookie m\u016f\u017eeme zobrazovat reklamy lidem, kte\u0159\u00ed v minulosti nav\u0161t\u00edvili str\u00e1nky praha14.cz nebo zakoupili na\u0161e v\u00fdrobky.<\/p>\n<p>Funkcionalita: pokud se p\u0159ihl\u00e1s\u00edte na str\u00e1nky praha14.cz, m\u016f\u017eeme pomoc\u00ed soubor\u016f cookie p\u0159izp\u016fsobit str\u00e1nky na m\u00edru zobrazov\u00e1n\u00edm relevantn\u011bj\u0161\u00edho obsahu.<\/p>\n<p>Nap\u0159. Budou se v\u00e1m zobrazovat relevantn\u011bj\u0161\u00ed doporu\u010den\u00ed t\u00fdkaj\u00edc\u00ed se oble\u010den\u00ed, kdy\u017e se p\u0159ihl\u00e1s\u00edte na web praha14.cz.<\/p>\n<h2>Pou\u017e\u00edvaj\u00ed str\u00e1nky praha14.cz soubory cookie t\u0159et\u00edch stran?<\/h2>\n<p>Ano. Soubory cookie t\u0159et\u00edch stran m\u016f\u017eeme pou\u017e\u00edvat pro \u00fa\u010dely reklamy a analytiky. V\u0161echny soubory cookie, kter\u00e9 pou\u017e\u00edv\u00e1me, najdete v tabulce soubor\u016f cookie.<\/p>\n<h2>Zak\u00e1z\u00e1n\u00ed soubor\u016f cookie<\/h2>\n<p>Pou\u017e\u00edv\u00e1n\u00ed soubor\u016f cookie m\u016f\u017eete spravovat v nastaven\u00ed va\u0161eho prohl\u00ed\u017ee\u010de. Pokud chcete, m\u016f\u017eete soubory cookie zcela zak\u00e1zat, ale to by mohlo znamenat, \u017ee str\u00e1nky praha14.cz nebudou fungovat korektn\u011b a nebudou v\u00e1m moci nab\u00eddnout tu nejlep\u0161\u00ed mo\u017enou zku\u0161enost p\u0159i jejich prohl\u00ed\u017een\u00ed.<\/p>\n<p>V\u00edce informac\u00ed o souborech cookie<\/p>\n<p><a href=\"http:\/\/www.youronlinechoices.eu\/\" target=\"_blank\" rel=\"noopener\">http:\/\/www.youronlinechoices.eu\/<\/a><\/p>\n<h2>Seznam Cookies:<\/h2>\n<ul>\n<li>_ga \u2013\u00a0analytick\u00e1 cookie<\/li>\n<li>_gat \u2013\u00a0analytick\u00e1 cookie<\/li>\n<li>_gid \u2013\u00a0analytick\u00e1 cookie<\/li>\n<\/ul>\n","protected":false},"excerpt":{"rendered":"<p>N\u00ed\u017ee naleznete informace o souborech cookie a o tom, jak je na na\u0161ich webov\u00fdch str\u00e1nk\u00e1ch pou\u017e\u00edv\u00e1me. Co je to cookie? Cookie je soubor ulo\u017een\u00fd ve va\u0161em za\u0159\u00edzen\u00edch, kter\u00fd umo\u017e\u0148uje fungov\u00e1n\u00ed webu a c\u00edlen\u00e9 reklamy. Soubory cookie se na modern\u00edch webov\u00fdch str\u00e1nk\u00e1ch pou\u017e\u00edvaj\u00ed velmi \u010dasto a jejich c\u00edlem je zlep\u0161it zku\u0161enosti u\u017eivatel\u016f s pou\u017e\u00edv\u00e1n\u00edm dan\u00fdch str\u00e1nek&#8230;<\/p>\n","protected":false},"author":1,"featured_media":0,"parent":0,"menu_order":0,"comment_status":"closed","ping_status":"closed","template":"","meta":{"_acf_changed":false,"footnotes":""},"class_list":["post-41465","page","type-page","status-publish","hentry"],"acf":[],"yoast_head":"<!-- This site is optimized with the Yoast SEO plugin v27.2 - https:\/\/yoast.com\/product\/yoast-seo-wordpress\/ -->\n<title>Z\u00e1sady pou\u017e\u00edv\u00e1n\u00ed cookies - \u00daM\u010c P14<\/title>\n<meta name=\"robots\" content=\"index, follow, max-snippet:-1, max-image-preview:large, max-video-preview:-1\" \/>\n<link rel=\"canonical\" href=\"https:\/\/www.praha14.cz\/urad-mestske-casti\/zasady-pouzivani-cookies\/\" \/>\n<meta property=\"og:locale\" content=\"cs_CZ\" \/>\n<meta property=\"og:type\" content=\"article\" \/>\n<meta property=\"og:title\" content=\"Z\u00e1sady pou\u017e\u00edv\u00e1n\u00ed cookies - \u00daM\u010c P14\" \/>\n<meta property=\"og:description\" content=\"N\u00ed\u017ee naleznete informace o souborech cookie a o tom, jak je na na\u0161ich webov\u00fdch str\u00e1nk\u00e1ch pou\u017e\u00edv\u00e1me. Co je to cookie? Cookie je soubor ulo\u017een\u00fd ve va\u0161em za\u0159\u00edzen\u00edch, kter\u00fd umo\u017e\u0148uje fungov\u00e1n\u00ed webu a c\u00edlen\u00e9 reklamy. Soubory cookie se na modern\u00edch webov\u00fdch str\u00e1nk\u00e1ch pou\u017e\u00edvaj\u00ed velmi \u010dasto a jejich c\u00edlem je zlep\u0161it zku\u0161enosti u\u017eivatel\u016f s pou\u017e\u00edv\u00e1n\u00edm dan\u00fdch str\u00e1nek...\" \/>\n<meta property=\"og:url\" content=\"https:\/\/www.praha14.cz\/urad-mestske-casti\/zasady-pouzivani-cookies\/\" \/>\n<meta property=\"og:site_name\" content=\"\u00daM\u010c P14\" \/>\n<meta property=\"article:modified_time\" content=\"2018-05-25T09:00:57+00:00\" \/>\n<meta name=\"twitter:card\" content=\"summary_large_image\" \/>\n<meta name=\"twitter:label1\" content=\"Est. reading time\" \/>\n\t<meta name=\"twitter:data1\" content=\"3 minuty\" \/>\n<script type=\"application\/ld+json\" class=\"yoast-schema-graph\">{\"@context\":\"https:\/\/schema.org\",\"@graph\":[{\"@type\":\"WebPage\",\"@id\":\"https:\/\/www.praha14.cz\/urad-mestske-casti\/zasady-pouzivani-cookies\/\",\"url\":\"https:\/\/www.praha14.cz\/urad-mestske-casti\/zasady-pouzivani-cookies\/\",\"name\":\"Z\u00e1sady pou\u017e\u00edv\u00e1n\u00ed cookies - \u00daM\u010c P14\",\"isPartOf\":{\"@id\":\"https:\/\/www.praha14.cz\/urad-mestske-casti\/#website\"},\"datePublished\":\"2018-05-25T08:46:35+00:00\",\"dateModified\":\"2018-05-25T09:00:57+00:00\",\"breadcrumb\":{\"@id\":\"https:\/\/www.praha14.cz\/urad-mestske-casti\/zasady-pouzivani-cookies\/#breadcrumb\"},\"inLanguage\":\"cs\",\"potentialAction\":[{\"@type\":\"ReadAction\",\"target\":[\"https:\/\/www.praha14.cz\/urad-mestske-casti\/zasady-pouzivani-cookies\/\"]}]},{\"@type\":\"BreadcrumbList\",\"@id\":\"https:\/\/www.praha14.cz\/urad-mestske-casti\/zasady-pouzivani-cookies\/#breadcrumb\",\"itemListElement\":[{\"@type\":\"ListItem\",\"position\":1,\"name\":\"\u00da\u0159ad m\u011bstsk\u00e9 \u010d\u00e1sti Praha 14\",\"item\":\"https:\/\/www.praha14.cz\/urad-mestske-casti\/\"},{\"@type\":\"ListItem\",\"position\":2,\"name\":\"Z\u00e1sady pou\u017e\u00edv\u00e1n\u00ed cookies\"}]},{\"@type\":\"WebSite\",\"@id\":\"https:\/\/www.praha14.cz\/urad-mestske-casti\/#website\",\"url\":\"https:\/\/www.praha14.cz\/urad-mestske-casti\/\",\"name\":\"\u00daM\u010c P14\",\"description\":\"Ofici\u00e1ln\u00ed str\u00e1nky m\u011bstsk\u00e9 \u010d\u00e1sti Praha 14\",\"potentialAction\":[{\"@type\":\"SearchAction\",\"target\":{\"@type\":\"EntryPoint\",\"urlTemplate\":\"https:\/\/www.praha14.cz\/urad-mestske-casti\/?s={search_term_string}\"},\"query-input\":{\"@type\":\"PropertyValueSpecification\",\"valueRequired\":true,\"valueName\":\"search_term_string\"}}],\"inLanguage\":\"cs\"}]}<\/script>\n<!-- \/ Yoast SEO plugin. -->","yoast_head_json":{"title":"Z\u00e1sady pou\u017e\u00edv\u00e1n\u00ed cookies - \u00daM\u010c P14","robots":{"index":"index","follow":"follow","max-snippet":"max-snippet:-1","max-image-preview":"max-image-preview:large","max-video-preview":"max-video-preview:-1"},"canonical":"https:\/\/www.praha14.cz\/urad-mestske-casti\/zasady-pouzivani-cookies\/","og_locale":"cs_CZ","og_type":"article","og_title":"Z\u00e1sady pou\u017e\u00edv\u00e1n\u00ed cookies - \u00daM\u010c P14","og_description":"N\u00ed\u017ee naleznete informace o souborech cookie a o tom, jak je na na\u0161ich webov\u00fdch str\u00e1nk\u00e1ch pou\u017e\u00edv\u00e1me. Co je to cookie? Cookie je soubor ulo\u017een\u00fd ve va\u0161em za\u0159\u00edzen\u00edch, kter\u00fd umo\u017e\u0148uje fungov\u00e1n\u00ed webu a c\u00edlen\u00e9 reklamy. Soubory cookie se na modern\u00edch webov\u00fdch str\u00e1nk\u00e1ch pou\u017e\u00edvaj\u00ed velmi \u010dasto a jejich c\u00edlem je zlep\u0161it zku\u0161enosti u\u017eivatel\u016f s pou\u017e\u00edv\u00e1n\u00edm dan\u00fdch str\u00e1nek...","og_url":"https:\/\/www.praha14.cz\/urad-mestske-casti\/zasady-pouzivani-cookies\/","og_site_name":"\u00daM\u010c P14","article_modified_time":"2018-05-25T09:00:57+00:00","twitter_card":"summary_large_image","twitter_misc":{"Est. reading time":"3 minuty"},"schema":{"@context":"https:\/\/schema.org","@graph":[{"@type":"WebPage","@id":"https:\/\/www.praha14.cz\/urad-mestske-casti\/zasady-pouzivani-cookies\/","url":"https:\/\/www.praha14.cz\/urad-mestske-casti\/zasady-pouzivani-cookies\/","name":"Z\u00e1sady pou\u017e\u00edv\u00e1n\u00ed cookies - \u00daM\u010c P14","isPartOf":{"@id":"https:\/\/www.praha14.cz\/urad-mestske-casti\/#website"},"datePublished":"2018-05-25T08:46:35+00:00","dateModified":"2018-05-25T09:00:57+00:00","breadcrumb":{"@id":"https:\/\/www.praha14.cz\/urad-mestske-casti\/zasady-pouzivani-cookies\/#breadcrumb"},"inLanguage":"cs","potentialAction":[{"@type":"ReadAction","target":["https:\/\/www.praha14.cz\/urad-mestske-casti\/zasady-pouzivani-cookies\/"]}]},{"@type":"BreadcrumbList","@id":"https:\/\/www.praha14.cz\/urad-mestske-casti\/zasady-pouzivani-cookies\/#breadcrumb","itemListElement":[{"@type":"ListItem","position":1,"name":"\u00da\u0159ad m\u011bstsk\u00e9 \u010d\u00e1sti Praha 14","item":"https:\/\/www.praha14.cz\/urad-mestske-casti\/"},{"@type":"ListItem","position":2,"name":"Z\u00e1sady pou\u017e\u00edv\u00e1n\u00ed cookies"}]},{"@type":"WebSite","@id":"https:\/\/www.praha14.cz\/urad-mestske-casti\/#website","url":"https:\/\/www.praha14.cz\/urad-mestske-casti\/","name":"\u00daM\u010c P14","description":"Ofici\u00e1ln\u00ed str\u00e1nky m\u011bstsk\u00e9 \u010d\u00e1sti Praha 14","potentialAction":[{"@type":"SearchAction","target":{"@type":"EntryPoint","urlTemplate":"https:\/\/www.praha14.cz\/urad-mestske-casti\/?s={search_term_string}"},"query-input":{"@type":"PropertyValueSpecification","valueRequired":true,"valueName":"search_term_string"}}],"inLanguage":"cs"}]}},"_links":{"self":[{"href":"https:\/\/www.praha14.cz\/urad-mestske-casti\/wp-json\/wp\/v2\/pages\/41465","targetHints":{"allow":["GET"]}}],"collection":[{"href":"https:\/\/www.praha14.cz\/urad-mestske-casti\/wp-json\/wp\/v2\/pages"}],"about":[{"href":"https:\/\/www.praha14.cz\/urad-mestske-casti\/wp-json\/wp\/v2\/types\/page"}],"author":[{"embeddable":true,"href":"https:\/\/www.praha14.cz\/urad-mestske-casti\/wp-json\/wp\/v2\/users\/1"}],"replies":[{"embeddable":true,"href":"https:\/\/www.praha14.cz\/urad-mestske-casti\/wp-json\/wp\/v2\/comments?post=41465"}],"version-history":[{"count":3,"href":"https:\/\/www.praha14.cz\/urad-mestske-casti\/wp-json\/wp\/v2\/pages\/41465\/revisions"}],"predecessor-version":[{"id":41467,"href":"https:\/\/www.praha14.cz\/urad-mestske-casti\/wp-json\/wp\/v2\/pages\/41465\/revisions\/41467"}],"wp:attachment":[{"href":"https:\/\/www.praha14.cz\/urad-mestske-casti\/wp-json\/wp\/v2\/media?parent=41465"}],"curies":[{"name":"wp","href":"https:\/\/api.w.org\/{rel}","templated":true}]}}