{"id":46076,"date":"2021-10-12T10:39:20","date_gmt":"2021-10-12T08:39:20","guid":{"rendered":"https:\/\/www.praha14.cz\/urad-mestske-casti\/?page_id=46076"},"modified":"2024-07-10T08:19:22","modified_gmt":"2024-07-10T06:19:22","slug":"autovraky","status":"publish","type":"page","link":"https:\/\/www.praha14.cz\/urad-mestske-casti\/autovraky\/","title":{"rendered":"Autovraky"},"content":{"rendered":"<p>V\u00a0polovin\u011b dubna 2020 vstoupila v\u00a0platnost novela z\u00e1kona o pozemn\u00edch komunikac\u00edch (\u010d. 162\/2020), kter\u00e1 \u00fa\u0159ad\u016fm usnad\u0148uje nakl\u00e1d\u00e1n\u00ed s\u00a0autovraky odlo\u017een\u00fdmi v\u00a0ulic\u00edch. Zat\u00edmco d\u0159\u00edve bylo ze z\u00e1kona za vrak pova\u017eov\u00e1no pouze takov\u00e9 vozidlo, kter\u00e9mu \u2013 mimo jin\u00e9 \u2013 chyb\u011bly tzv. podstatn\u00e9 \u010d\u00e1sti mechanismu nebo konstrukce, co\u017e se \u010dasto velmi obt\u00ed\u017en\u011b prokazovalo, nyn\u00ed sta\u010d\u00ed, kdy\u017e se jedn\u00e1 o v\u016fz, kter\u00fd m\u00e1 d\u00e9le ne\u017e p\u016fl roku propadlou technickou kontrolu.<\/p>\n<p><strong>V\u00a0souvislosti s\u00a0jejich nahla\u0161ov\u00e1n\u00edm a odstra\u0148ov\u00e1n\u00edm aktu\u00e1ln\u011b plat\u00ed n\u00e1sleduj\u00edc\u00ed postup:<\/strong><\/p>\n<p>Vlastn\u00edk komunikace vyzve majitele vozu s\u00a0v\u00edce ne\u017e 6 m\u011bs\u00edc\u016f propadlou STK, aby auto z\u00a0komunikace odstranil nebo jej uvedl do stavu, kdy bude provozuschopn\u00e9 (\u00fasp\u011b\u0161n\u011b projde STK). Po marn\u00e9m uplynut\u00ed dvou m\u011bs\u00edc\u016f od doru\u010den\u00ed v\u00fdzvy, je vlastn\u00edk komunikace opr\u00e1vn\u011bn vozidlo p\u0159em\u00edstit na vhodn\u00e9 m\u00edsto (k tomu ur\u010den\u00e9 odstavn\u00e9 parkovi\u0161t\u011b). N\u00e1klady na odstran\u011bn\u00ed a odstaven\u00ed vozidla hrad\u00ed (a\u017e na v\u00fdjimky) jeho majitel. Toho lze z\u00e1rove\u0148 v\u00a0r\u00e1mci spr\u00e1vn\u00edho \u0159\u00edzen\u00ed postihnout sankc\u00ed ve v\u00fd\u0161i a\u017e 300.000 K\u010d.<\/p>\n<p><strong>Autovraky v\u00a0Praze 14 je mo\u017en\u00e9 hl\u00e1sit:<\/strong><\/p>\n<ul>\n<li>na e-mail <a href=\"mailto:lubomir.stecha@praha14.cz\">Lubomir.Stecha@praha14.cz<\/a> \u00a0(pracovn\u00edk Odboru dopravy \u00daM\u010c Praha 14);<\/li>\n<li>prost\u0159ednictv\u00edm k tomu ur\u010den\u00e9 str\u00e1nky <a href=\"https:\/\/www.sshmp.cz\/sluzby\/nahlaseni-vraku\/\" target=\"_blank\" rel=\"noopener\">Spr\u00e1vy slu\u017eeb hlavn\u00edho m\u011bsta Prahy<\/a>;<\/li>\n<li>prost\u0159ednictv\u00edm webu <a href=\"https:\/\/www.zmapujto.cz\/\" target=\"_blank\" rel=\"noopener\">www.zmapujto.cz<\/a>.<\/li>\n<\/ul>\n<p>Podrobn\u011b problematiku nakl\u00e1d\u00e1n\u00ed s\u00a0autovraky, v\u010detn\u011b toho, co se nimi d\u011bje po odstran\u011bn\u00ed z\u00a0komunikace, upravuje z\u00e1kon \u010d. 13\/1997 Sb., o pozemn\u00edch komunikac\u00edch a jeho\u00a0v\u00fd\u0161e zmi\u0148ovan\u00e1 novelizace. (<a href=\"https:\/\/www.sagit.cz\/info\/sb19227\">Z\u00e1kon, kter\u00fdm se m\u011bn\u00ed z\u00e1kon \u010d. 13\/1997 Sb., o pozemn\u00edch komunikac\u00edch, ve zn\u011bn\u00ed pozd\u011bj\u0161\u00edch p\u0159edpis\u016f &#8211; Z\u00e1kony.cz (zakony.cz)<\/a><\/p>\n","protected":false},"excerpt":{"rendered":"<p>V\u00a0polovin\u011b dubna 2020 vstoupila v\u00a0platnost novela z\u00e1kona o pozemn\u00edch komunikac\u00edch (\u010d. 162\/2020), kter\u00e1 \u00fa\u0159ad\u016fm usnad\u0148uje nakl\u00e1d\u00e1n\u00ed s\u00a0autovraky odlo\u017een\u00fdmi v\u00a0ulic\u00edch. Zat\u00edmco d\u0159\u00edve bylo ze z\u00e1kona za vrak pova\u017eov\u00e1no pouze takov\u00e9 vozidlo, kter\u00e9mu \u2013 mimo jin\u00e9 \u2013 chyb\u011bly tzv. podstatn\u00e9 \u010d\u00e1sti mechanismu nebo konstrukce, co\u017e se \u010dasto velmi obt\u00ed\u017en\u011b prokazovalo, nyn\u00ed sta\u010d\u00ed, kdy\u017e se jedn\u00e1 o v\u016fz,&#8230;<\/p>\n","protected":false},"author":6,"featured_media":0,"parent":0,"menu_order":0,"comment_status":"closed","ping_status":"closed","template":"","meta":{"_acf_changed":false,"footnotes":""},"class_list":["post-46076","page","type-page","status-publish","hentry"],"acf":[],"yoast_head":"<!-- This site is optimized with the Yoast SEO plugin v27.2 - https:\/\/yoast.com\/product\/yoast-seo-wordpress\/ -->\n<title>Autovraky - \u00daM\u010c P14<\/title>\n<meta name=\"robots\" content=\"index, follow, max-snippet:-1, max-image-preview:large, max-video-preview:-1\" \/>\n<link rel=\"canonical\" href=\"https:\/\/www.praha14.cz\/urad-mestske-casti\/autovraky\/\" \/>\n<meta property=\"og:locale\" content=\"cs_CZ\" \/>\n<meta property=\"og:type\" content=\"article\" \/>\n<meta property=\"og:title\" content=\"Autovraky - \u00daM\u010c P14\" \/>\n<meta property=\"og:description\" content=\"V\u00a0polovin\u011b dubna 2020 vstoupila v\u00a0platnost novela z\u00e1kona o pozemn\u00edch komunikac\u00edch (\u010d. 162\/2020), kter\u00e1 \u00fa\u0159ad\u016fm usnad\u0148uje nakl\u00e1d\u00e1n\u00ed s\u00a0autovraky odlo\u017een\u00fdmi v\u00a0ulic\u00edch. Zat\u00edmco d\u0159\u00edve bylo ze z\u00e1kona za vrak pova\u017eov\u00e1no pouze takov\u00e9 vozidlo, kter\u00e9mu \u2013 mimo jin\u00e9 \u2013 chyb\u011bly tzv. podstatn\u00e9 \u010d\u00e1sti mechanismu nebo konstrukce, co\u017e se \u010dasto velmi obt\u00ed\u017en\u011b prokazovalo, nyn\u00ed sta\u010d\u00ed, kdy\u017e se jedn\u00e1 o v\u016fz,...\" \/>\n<meta property=\"og:url\" content=\"https:\/\/www.praha14.cz\/urad-mestske-casti\/autovraky\/\" \/>\n<meta property=\"og:site_name\" content=\"\u00daM\u010c P14\" \/>\n<meta property=\"article:modified_time\" content=\"2024-07-10T06:19:22+00:00\" \/>\n<meta name=\"twitter:card\" content=\"summary_large_image\" \/>\n<meta name=\"twitter:label1\" content=\"Est. reading time\" \/>\n\t<meta name=\"twitter:data1\" content=\"2 minuty\" \/>\n<script type=\"application\/ld+json\" class=\"yoast-schema-graph\">{\"@context\":\"https:\/\/schema.org\",\"@graph\":[{\"@type\":\"WebPage\",\"@id\":\"https:\/\/www.praha14.cz\/urad-mestske-casti\/autovraky\/\",\"url\":\"https:\/\/www.praha14.cz\/urad-mestske-casti\/autovraky\/\",\"name\":\"Autovraky - \u00daM\u010c P14\",\"isPartOf\":{\"@id\":\"https:\/\/www.praha14.cz\/urad-mestske-casti\/#website\"},\"datePublished\":\"2021-10-12T08:39:20+00:00\",\"dateModified\":\"2024-07-10T06:19:22+00:00\",\"breadcrumb\":{\"@id\":\"https:\/\/www.praha14.cz\/urad-mestske-casti\/autovraky\/#breadcrumb\"},\"inLanguage\":\"cs\",\"potentialAction\":[{\"@type\":\"ReadAction\",\"target\":[\"https:\/\/www.praha14.cz\/urad-mestske-casti\/autovraky\/\"]}]},{\"@type\":\"BreadcrumbList\",\"@id\":\"https:\/\/www.praha14.cz\/urad-mestske-casti\/autovraky\/#breadcrumb\",\"itemListElement\":[{\"@type\":\"ListItem\",\"position\":1,\"name\":\"\u00da\u0159ad m\u011bstsk\u00e9 \u010d\u00e1sti Praha 14\",\"item\":\"https:\/\/www.praha14.cz\/urad-mestske-casti\/\"},{\"@type\":\"ListItem\",\"position\":2,\"name\":\"Autovraky\"}]},{\"@type\":\"WebSite\",\"@id\":\"https:\/\/www.praha14.cz\/urad-mestske-casti\/#website\",\"url\":\"https:\/\/www.praha14.cz\/urad-mestske-casti\/\",\"name\":\"\u00daM\u010c P14\",\"description\":\"Ofici\u00e1ln\u00ed str\u00e1nky m\u011bstsk\u00e9 \u010d\u00e1sti Praha 14\",\"potentialAction\":[{\"@type\":\"SearchAction\",\"target\":{\"@type\":\"EntryPoint\",\"urlTemplate\":\"https:\/\/www.praha14.cz\/urad-mestske-casti\/?s={search_term_string}\"},\"query-input\":{\"@type\":\"PropertyValueSpecification\",\"valueRequired\":true,\"valueName\":\"search_term_string\"}}],\"inLanguage\":\"cs\"}]}<\/script>\n<!-- \/ Yoast SEO plugin. -->","yoast_head_json":{"title":"Autovraky - \u00daM\u010c P14","robots":{"index":"index","follow":"follow","max-snippet":"max-snippet:-1","max-image-preview":"max-image-preview:large","max-video-preview":"max-video-preview:-1"},"canonical":"https:\/\/www.praha14.cz\/urad-mestske-casti\/autovraky\/","og_locale":"cs_CZ","og_type":"article","og_title":"Autovraky - \u00daM\u010c P14","og_description":"V\u00a0polovin\u011b dubna 2020 vstoupila v\u00a0platnost novela z\u00e1kona o pozemn\u00edch komunikac\u00edch (\u010d. 162\/2020), kter\u00e1 \u00fa\u0159ad\u016fm usnad\u0148uje nakl\u00e1d\u00e1n\u00ed s\u00a0autovraky odlo\u017een\u00fdmi v\u00a0ulic\u00edch. Zat\u00edmco d\u0159\u00edve bylo ze z\u00e1kona za vrak pova\u017eov\u00e1no pouze takov\u00e9 vozidlo, kter\u00e9mu \u2013 mimo jin\u00e9 \u2013 chyb\u011bly tzv. podstatn\u00e9 \u010d\u00e1sti mechanismu nebo konstrukce, co\u017e se \u010dasto velmi obt\u00ed\u017en\u011b prokazovalo, nyn\u00ed sta\u010d\u00ed, kdy\u017e se jedn\u00e1 o v\u016fz,...","og_url":"https:\/\/www.praha14.cz\/urad-mestske-casti\/autovraky\/","og_site_name":"\u00daM\u010c P14","article_modified_time":"2024-07-10T06:19:22+00:00","twitter_card":"summary_large_image","twitter_misc":{"Est. reading time":"2 minuty"},"schema":{"@context":"https:\/\/schema.org","@graph":[{"@type":"WebPage","@id":"https:\/\/www.praha14.cz\/urad-mestske-casti\/autovraky\/","url":"https:\/\/www.praha14.cz\/urad-mestske-casti\/autovraky\/","name":"Autovraky - \u00daM\u010c P14","isPartOf":{"@id":"https:\/\/www.praha14.cz\/urad-mestske-casti\/#website"},"datePublished":"2021-10-12T08:39:20+00:00","dateModified":"2024-07-10T06:19:22+00:00","breadcrumb":{"@id":"https:\/\/www.praha14.cz\/urad-mestske-casti\/autovraky\/#breadcrumb"},"inLanguage":"cs","potentialAction":[{"@type":"ReadAction","target":["https:\/\/www.praha14.cz\/urad-mestske-casti\/autovraky\/"]}]},{"@type":"BreadcrumbList","@id":"https:\/\/www.praha14.cz\/urad-mestske-casti\/autovraky\/#breadcrumb","itemListElement":[{"@type":"ListItem","position":1,"name":"\u00da\u0159ad m\u011bstsk\u00e9 \u010d\u00e1sti Praha 14","item":"https:\/\/www.praha14.cz\/urad-mestske-casti\/"},{"@type":"ListItem","position":2,"name":"Autovraky"}]},{"@type":"WebSite","@id":"https:\/\/www.praha14.cz\/urad-mestske-casti\/#website","url":"https:\/\/www.praha14.cz\/urad-mestske-casti\/","name":"\u00daM\u010c P14","description":"Ofici\u00e1ln\u00ed str\u00e1nky m\u011bstsk\u00e9 \u010d\u00e1sti Praha 14","potentialAction":[{"@type":"SearchAction","target":{"@type":"EntryPoint","urlTemplate":"https:\/\/www.praha14.cz\/urad-mestske-casti\/?s={search_term_string}"},"query-input":{"@type":"PropertyValueSpecification","valueRequired":true,"valueName":"search_term_string"}}],"inLanguage":"cs"}]}},"_links":{"self":[{"href":"https:\/\/www.praha14.cz\/urad-mestske-casti\/wp-json\/wp\/v2\/pages\/46076","targetHints":{"allow":["GET"]}}],"collection":[{"href":"https:\/\/www.praha14.cz\/urad-mestske-casti\/wp-json\/wp\/v2\/pages"}],"about":[{"href":"https:\/\/www.praha14.cz\/urad-mestske-casti\/wp-json\/wp\/v2\/types\/page"}],"author":[{"embeddable":true,"href":"https:\/\/www.praha14.cz\/urad-mestske-casti\/wp-json\/wp\/v2\/users\/6"}],"replies":[{"embeddable":true,"href":"https:\/\/www.praha14.cz\/urad-mestske-casti\/wp-json\/wp\/v2\/comments?post=46076"}],"version-history":[{"count":6,"href":"https:\/\/www.praha14.cz\/urad-mestske-casti\/wp-json\/wp\/v2\/pages\/46076\/revisions"}],"predecessor-version":[{"id":52133,"href":"https:\/\/www.praha14.cz\/urad-mestske-casti\/wp-json\/wp\/v2\/pages\/46076\/revisions\/52133"}],"wp:attachment":[{"href":"https:\/\/www.praha14.cz\/urad-mestske-casti\/wp-json\/wp\/v2\/media?parent=46076"}],"curies":[{"name":"wp","href":"https:\/\/api.w.org\/{rel}","templated":true}]}}