{"id":46907,"date":"2022-01-31T13:57:13","date_gmt":"2022-01-31T12:57:13","guid":{"rendered":"https:\/\/www.praha14.cz\/urad-mestske-casti\/?page_id=46907"},"modified":"2023-08-01T08:16:23","modified_gmt":"2023-08-01T06:16:23","slug":"formular-pro-oznameni-poruseni-prava-unie-ve-smyslu-smernice-evropskeho-parlamentu-a-rady-eu-2019-1937-ze-dne-23-10-2019-tzv-whistleblowing","status":"publish","type":"page","link":"https:\/\/www.praha14.cz\/urad-mestske-casti\/formular-pro-oznameni-poruseni-prava-unie-ve-smyslu-smernice-evropskeho-parlamentu-a-rady-eu-2019-1937-ze-dne-23-10-2019-tzv-whistleblowing\/","title":{"rendered":"Formul\u00e1\u0159 pro ozn\u00e1men\u00ed protipr\u00e1vn\u00edho jedn\u00e1n\u00ed ve smyslu z\u00e1kona \u010d. 171\/2023 Sb., o ochran\u011b oznamovatel\u016f (tzv. &#8222;whistleblowing&#8220;)"},"content":{"rendered":"<p>Prost\u0159ednictv\u00edm tohoto formul\u00e1\u0159e lze u\u010dinit ozn\u00e1men\u00ed o protipr\u00e1vn\u00edm jedn\u00e1n\u00ed ve smyslu z\u00e1kona \u010d. 171\/2023 Sb., o ochran\u011b oznamovatel\u016f (\u201ez\u00e1kon\u201c).<\/p>\n<p>Oznamovatelem se rozum\u00ed zam\u011bstnanec m\u011bstsk\u00e9 \u010d\u00e1sti Praha 14 (\u201em\u011bstsk\u00e1 \u010d\u00e1st\u201c) nebo jin\u00e1 fyzick\u00e1 osoba, kter\u00e1 kon\u00e1 u m\u011bstsk\u00e9 \u010d\u00e1sti nebo pro m\u011bstskou \u010d\u00e1st obdobnou \u010dinnost (nap\u0159. st\u00e1\u017eista, extern\u00ed spolupracovn\u00edk, uchaze\u010d o pr\u00e1ci), \u010dlen org\u00e1nu m\u011bstsk\u00e9 \u010d\u00e1sti, jen\u017e oznamuje protipr\u00e1vn\u00ed jedn\u00e1n\u00ed v souladu se z\u00e1konem, o kter\u00e9m se dov\u011bd\u011bl p\u0159i v\u00fdkonu sv\u00fdch pracovn\u00edch nebo obdobn\u00fdch \u010dinnost\u00ed \u010din\u011bn\u00fdch pro m\u011bstskou \u010d\u00e1st.<\/p>\n<p>Oznamovatel, kter\u00fd m\u00e1 podez\u0159en\u00ed, \u017ee do\u0161lo, nebo by mohlo doj\u00edt k\u00a0protipr\u00e1vn\u00edmu jedn\u00e1n\u00ed<em>,<\/em>\u00a0m\u00e1 mo\u017enost ozn\u00e1mit sv\u00e9 podez\u0159en\u00ed bez obav z\u00a0jak\u00fdchkoliv negativn\u00edch d\u016fsledk\u016f.<\/p>\n<p>Ozn\u00e1men\u00ed obsahuje informace o mo\u017en\u00e9m protipr\u00e1vn\u00edm jedn\u00e1n\u00ed, k\u00a0n\u011bmu\u017e do\u0161lo nebo m\u00e1 doj\u00edt u m\u011bstsk\u00e9 \u010d\u00e1sti, pro ni\u017e oznamovatel, by\u0165 zprost\u0159edkovan\u011b, vykon\u00e1val nebo vykon\u00e1v\u00e1 pr\u00e1ci nebo jinou obdobnou \u010dinnost, nebo u osoby, se kterou oznamovatel byl nebo je v\u00a0kontaktu v\u00a0souvislosti s\u00a0v\u00fdkonem pr\u00e1ce nebo jin\u00e9 obdobn\u00e9 \u010dinnosti, a kter\u00e9<\/p>\n<ul>\n<li>m\u00e1 znaky trestn\u00e9ho \u010dinu,<\/li>\n<li>m\u00e1 znaky p\u0159estupku, za kter\u00fd z\u00e1kon stanov\u00ed sazbu pokuty, jej\u00ed\u017e horn\u00ed hranice je alespo\u0148 100 tis. K\u010d,<\/li>\n<li>poru\u0161uje z\u00e1kon, nebo<\/li>\n<li>poru\u0161uje jin\u00fd pr\u00e1vn\u00ed p\u0159edpis nebo p\u0159edpis Evropsk\u00e9 unie v oblasti vymezen\u00e9 v \u00a7 2 odst. 1 p\u00edsm. d) bod 1-14 z\u00e1kona.<\/li>\n<\/ul>\n<p>Oznamovatel je opr\u00e1vn\u011bn podat ozn\u00e1men\u00ed pov\u011b\u0159en\u00e9mu zam\u011bstnanci osobn\u011b, telefonicky nebo p\u00edsemn\u011b (elektronicky nebo v listinn\u00e9 podob\u011b).<\/p>\n<p>Ozn\u00e1men\u00ed v listinn\u00e9 podob\u011b lze vlo\u017eit do schr\u00e1nky ozna\u010den\u00e9 \u201eOznamov\u00e1n\u00ed protipr\u00e1vn\u00edho jedn\u00e1n\u00ed\u201c, kter\u00e1 je um\u00edst\u011bna v\u00a0budov\u011b \u00da\u0159adu m\u011bstsk\u00e9 \u010d\u00e1sti Praha 14, na adrese Brat\u0159\u00ed Vencl\u00edk\u016f 1073, Praha 9, v\u00a0p\u0159\u00edzem\u00ed budovy.<\/p>\n<p>Oznamovatel m\u016f\u017ee u\u010dinit p\u00edsemn\u00e9 ozn\u00e1men\u00ed i jin\u00fdm zp\u016fsobem, nicm\u00e9n\u011b se doporu\u010duje vyu\u017eit\u00ed <strong><a href=\"https:\/\/helpdesk.praha14.cz\/oznamuji\" target=\"_blank\" rel=\"noopener\">elektronick\u00e9ho formul\u00e1\u0159e<\/a>, <\/strong>nebo schr\u00e1nky v\u00a0budov\u011b \u00da\u0159adu m\u011bstsk\u00e9 \u010d\u00e1sti.<\/p>\n<p>Pov\u011b\u0159en\u00fd zam\u011bstnanec potvrd\u00ed oznamovateli p\u0159ijet\u00ed ozn\u00e1men\u00ed do 7 dn\u016f ode dne p\u0159ijet\u00ed ozn\u00e1men\u00ed, leda\u017ee oznamovatel v\u00fdslovn\u011b po\u017e\u00e1dal pov\u011b\u0159en\u00e9ho zam\u011bstnance, aby ho o p\u0159ijet\u00ed ozn\u00e1men\u00ed nevyrozum\u00edval, nebo je z\u0159ejm\u00e9, \u017ee vyrozum\u011bn\u00edm o p\u0159ijet\u00ed ozn\u00e1men\u00ed by do\u0161lo k prozrazen\u00ed toto\u017enosti oznamovatele jin\u00e9 osob\u011b.<\/p>\n<p>Ve\u0161ker\u00e1 ozn\u00e1men\u00ed budou posuzov\u00e1na objektivn\u011b a d\u016fv\u011brn\u011b a budou v p\u0159im\u011b\u0159en\u00e9 lh\u016ft\u011b d\u016fkladn\u011b pro\u0161et\u0159ena.<\/p>\n<p>M\u011bstsk\u00e1 \u010d\u00e1st vylu\u010duje p\u0159ij\u00edm\u00e1n\u00ed ozn\u00e1men\u00ed od osoby, kter\u00e1 pro ni nevykon\u00e1v\u00e1 pr\u00e1ci nebo jinou obdobnou \u010dinnost podle \u00a7 2 odst. 3 p\u00edsm. a), b), h) nebo i) z\u00e1kona.<\/p>\n<p>Ozn\u00e1men\u00ed lze podat i Ministerstvu spravedlnosti na adrese: <a href=\"https:\/\/oznamovatel.justice.cz\/chci-podat-oznameni\/\" target=\"_blank\" rel=\"noopener\">https:\/\/oznamovatel.justice.cz\/chci-podat-oznameni\/<\/a> nebo zvolit kontakty: e-mail: <a href=\"mailto:oznamovatel@msp.justice.cz\" target=\"_blank\" rel=\"noopener\">oznamovatel@msp.justice.cz<\/a>; tel.: 221 997\u00a0840.<\/p>\n<p>&nbsp;<\/p>\n<p><strong>Pov\u011b\u0159en\u00fd zam\u011bstnanec m\u011bstsk\u00e9 \u010d\u00e1sti:<\/strong><\/p>\n<p>So\u0148a Mrvov\u00e1, vedouc\u00ed \u00faseku kontroly a st\u00ed\u017enost\u00ed OPK\u010c<br \/>\nTel.: +420 225 295 247<br \/>\nE-mail:\u00a0<a href=\"mailto:Sona.Mrvova@praha14.cz\" target=\"_blank\" rel=\"noopener\">Sona.Mrvova@praha14.cz<\/a><\/p>\n<p>&nbsp;<\/p>\n<p>&nbsp;<\/p>\n","protected":false},"excerpt":{"rendered":"<p>Prost\u0159ednictv\u00edm tohoto formul\u00e1\u0159e lze u\u010dinit ozn\u00e1men\u00ed o protipr\u00e1vn\u00edm jedn\u00e1n\u00ed ve smyslu z\u00e1kona \u010d. 171\/2023 Sb., o ochran\u011b oznamovatel\u016f (\u201ez\u00e1kon\u201c). Oznamovatelem se rozum\u00ed zam\u011bstnanec m\u011bstsk\u00e9 \u010d\u00e1sti Praha 14 (\u201em\u011bstsk\u00e1 \u010d\u00e1st\u201c) nebo jin\u00e1 fyzick\u00e1 osoba, kter\u00e1 kon\u00e1 u m\u011bstsk\u00e9 \u010d\u00e1sti nebo pro m\u011bstskou \u010d\u00e1st obdobnou \u010dinnost (nap\u0159. st\u00e1\u017eista, extern\u00ed spolupracovn\u00edk, uchaze\u010d o pr\u00e1ci), \u010dlen org\u00e1nu m\u011bstsk\u00e9 \u010d\u00e1sti,&#8230;<\/p>\n","protected":false},"author":6,"featured_media":0,"parent":0,"menu_order":0,"comment_status":"closed","ping_status":"closed","template":"","meta":{"_acf_changed":false,"footnotes":""},"class_list":["post-46907","page","type-page","status-publish","hentry"],"acf":[],"yoast_head":"<!-- This site is optimized with the Yoast SEO plugin v27.2 - https:\/\/yoast.com\/product\/yoast-seo-wordpress\/ -->\n<title>Formul\u00e1\u0159 pro ozn\u00e1men\u00ed protipr\u00e1vn\u00edho jedn\u00e1n\u00ed ve smyslu z\u00e1kona \u010d. 171\/2023 Sb., o ochran\u011b oznamovatel\u016f (tzv. &quot;whistleblowing&quot;) - \u00daM\u010c P14<\/title>\n<meta name=\"robots\" content=\"index, follow, max-snippet:-1, max-image-preview:large, max-video-preview:-1\" \/>\n<link rel=\"canonical\" href=\"https:\/\/www.praha14.cz\/urad-mestske-casti\/formular-pro-oznameni-poruseni-prava-unie-ve-smyslu-smernice-evropskeho-parlamentu-a-rady-eu-2019-1937-ze-dne-23-10-2019-tzv-whistleblowing\/\" \/>\n<meta property=\"og:locale\" content=\"cs_CZ\" \/>\n<meta property=\"og:type\" content=\"article\" \/>\n<meta property=\"og:title\" content=\"Formul\u00e1\u0159 pro ozn\u00e1men\u00ed protipr\u00e1vn\u00edho jedn\u00e1n\u00ed ve smyslu z\u00e1kona \u010d. 171\/2023 Sb., o ochran\u011b oznamovatel\u016f (tzv. &quot;whistleblowing&quot;) - \u00daM\u010c P14\" \/>\n<meta property=\"og:description\" content=\"Prost\u0159ednictv\u00edm tohoto formul\u00e1\u0159e lze u\u010dinit ozn\u00e1men\u00ed o protipr\u00e1vn\u00edm jedn\u00e1n\u00ed ve smyslu z\u00e1kona \u010d. 171\/2023 Sb., o ochran\u011b oznamovatel\u016f (\u201ez\u00e1kon\u201c). Oznamovatelem se rozum\u00ed zam\u011bstnanec m\u011bstsk\u00e9 \u010d\u00e1sti Praha 14 (\u201em\u011bstsk\u00e1 \u010d\u00e1st\u201c) nebo jin\u00e1 fyzick\u00e1 osoba, kter\u00e1 kon\u00e1 u m\u011bstsk\u00e9 \u010d\u00e1sti nebo pro m\u011bstskou \u010d\u00e1st obdobnou \u010dinnost (nap\u0159. st\u00e1\u017eista, extern\u00ed spolupracovn\u00edk, uchaze\u010d o pr\u00e1ci), \u010dlen org\u00e1nu m\u011bstsk\u00e9 \u010d\u00e1sti,...\" \/>\n<meta property=\"og:url\" content=\"https:\/\/www.praha14.cz\/urad-mestske-casti\/formular-pro-oznameni-poruseni-prava-unie-ve-smyslu-smernice-evropskeho-parlamentu-a-rady-eu-2019-1937-ze-dne-23-10-2019-tzv-whistleblowing\/\" \/>\n<meta property=\"og:site_name\" content=\"\u00daM\u010c P14\" \/>\n<meta property=\"article:modified_time\" content=\"2023-08-01T06:16:23+00:00\" \/>\n<meta name=\"twitter:card\" content=\"summary_large_image\" \/>\n<meta name=\"twitter:label1\" content=\"Est. reading time\" \/>\n\t<meta name=\"twitter:data1\" content=\"3 minuty\" \/>\n<script type=\"application\/ld+json\" class=\"yoast-schema-graph\">{\"@context\":\"https:\/\/schema.org\",\"@graph\":[{\"@type\":\"WebPage\",\"@id\":\"https:\/\/www.praha14.cz\/urad-mestske-casti\/formular-pro-oznameni-poruseni-prava-unie-ve-smyslu-smernice-evropskeho-parlamentu-a-rady-eu-2019-1937-ze-dne-23-10-2019-tzv-whistleblowing\/\",\"url\":\"https:\/\/www.praha14.cz\/urad-mestske-casti\/formular-pro-oznameni-poruseni-prava-unie-ve-smyslu-smernice-evropskeho-parlamentu-a-rady-eu-2019-1937-ze-dne-23-10-2019-tzv-whistleblowing\/\",\"name\":\"Formul\u00e1\u0159 pro ozn\u00e1men\u00ed protipr\u00e1vn\u00edho jedn\u00e1n\u00ed ve smyslu z\u00e1kona \u010d. 171\/2023 Sb., o ochran\u011b oznamovatel\u016f (tzv. \\\"whistleblowing\\\") - \u00daM\u010c P14\",\"isPartOf\":{\"@id\":\"https:\/\/www.praha14.cz\/urad-mestske-casti\/#website\"},\"datePublished\":\"2022-01-31T12:57:13+00:00\",\"dateModified\":\"2023-08-01T06:16:23+00:00\",\"breadcrumb\":{\"@id\":\"https:\/\/www.praha14.cz\/urad-mestske-casti\/formular-pro-oznameni-poruseni-prava-unie-ve-smyslu-smernice-evropskeho-parlamentu-a-rady-eu-2019-1937-ze-dne-23-10-2019-tzv-whistleblowing\/#breadcrumb\"},\"inLanguage\":\"cs\",\"potentialAction\":[{\"@type\":\"ReadAction\",\"target\":[\"https:\/\/www.praha14.cz\/urad-mestske-casti\/formular-pro-oznameni-poruseni-prava-unie-ve-smyslu-smernice-evropskeho-parlamentu-a-rady-eu-2019-1937-ze-dne-23-10-2019-tzv-whistleblowing\/\"]}]},{\"@type\":\"BreadcrumbList\",\"@id\":\"https:\/\/www.praha14.cz\/urad-mestske-casti\/formular-pro-oznameni-poruseni-prava-unie-ve-smyslu-smernice-evropskeho-parlamentu-a-rady-eu-2019-1937-ze-dne-23-10-2019-tzv-whistleblowing\/#breadcrumb\",\"itemListElement\":[{\"@type\":\"ListItem\",\"position\":1,\"name\":\"\u00da\u0159ad m\u011bstsk\u00e9 \u010d\u00e1sti Praha 14\",\"item\":\"https:\/\/www.praha14.cz\/urad-mestske-casti\/\"},{\"@type\":\"ListItem\",\"position\":2,\"name\":\"Formul\u00e1\u0159 pro ozn\u00e1men\u00ed protipr\u00e1vn\u00edho jedn\u00e1n\u00ed ve smyslu z\u00e1kona \u010d. 171\/2023 Sb., o ochran\u011b oznamovatel\u016f (tzv. &#8222;whistleblowing&#8220;)\"}]},{\"@type\":\"WebSite\",\"@id\":\"https:\/\/www.praha14.cz\/urad-mestske-casti\/#website\",\"url\":\"https:\/\/www.praha14.cz\/urad-mestske-casti\/\",\"name\":\"\u00daM\u010c P14\",\"description\":\"Ofici\u00e1ln\u00ed str\u00e1nky m\u011bstsk\u00e9 \u010d\u00e1sti Praha 14\",\"potentialAction\":[{\"@type\":\"SearchAction\",\"target\":{\"@type\":\"EntryPoint\",\"urlTemplate\":\"https:\/\/www.praha14.cz\/urad-mestske-casti\/?s={search_term_string}\"},\"query-input\":{\"@type\":\"PropertyValueSpecification\",\"valueRequired\":true,\"valueName\":\"search_term_string\"}}],\"inLanguage\":\"cs\"}]}<\/script>\n<!-- \/ Yoast SEO plugin. -->","yoast_head_json":{"title":"Formul\u00e1\u0159 pro ozn\u00e1men\u00ed protipr\u00e1vn\u00edho jedn\u00e1n\u00ed ve smyslu z\u00e1kona \u010d. 171\/2023 Sb., o ochran\u011b oznamovatel\u016f (tzv. \"whistleblowing\") - \u00daM\u010c P14","robots":{"index":"index","follow":"follow","max-snippet":"max-snippet:-1","max-image-preview":"max-image-preview:large","max-video-preview":"max-video-preview:-1"},"canonical":"https:\/\/www.praha14.cz\/urad-mestske-casti\/formular-pro-oznameni-poruseni-prava-unie-ve-smyslu-smernice-evropskeho-parlamentu-a-rady-eu-2019-1937-ze-dne-23-10-2019-tzv-whistleblowing\/","og_locale":"cs_CZ","og_type":"article","og_title":"Formul\u00e1\u0159 pro ozn\u00e1men\u00ed protipr\u00e1vn\u00edho jedn\u00e1n\u00ed ve smyslu z\u00e1kona \u010d. 171\/2023 Sb., o ochran\u011b oznamovatel\u016f (tzv. \"whistleblowing\") - \u00daM\u010c P14","og_description":"Prost\u0159ednictv\u00edm tohoto formul\u00e1\u0159e lze u\u010dinit ozn\u00e1men\u00ed o protipr\u00e1vn\u00edm jedn\u00e1n\u00ed ve smyslu z\u00e1kona \u010d. 171\/2023 Sb., o ochran\u011b oznamovatel\u016f (\u201ez\u00e1kon\u201c). Oznamovatelem se rozum\u00ed zam\u011bstnanec m\u011bstsk\u00e9 \u010d\u00e1sti Praha 14 (\u201em\u011bstsk\u00e1 \u010d\u00e1st\u201c) nebo jin\u00e1 fyzick\u00e1 osoba, kter\u00e1 kon\u00e1 u m\u011bstsk\u00e9 \u010d\u00e1sti nebo pro m\u011bstskou \u010d\u00e1st obdobnou \u010dinnost (nap\u0159. st\u00e1\u017eista, extern\u00ed spolupracovn\u00edk, uchaze\u010d o pr\u00e1ci), \u010dlen org\u00e1nu m\u011bstsk\u00e9 \u010d\u00e1sti,...","og_url":"https:\/\/www.praha14.cz\/urad-mestske-casti\/formular-pro-oznameni-poruseni-prava-unie-ve-smyslu-smernice-evropskeho-parlamentu-a-rady-eu-2019-1937-ze-dne-23-10-2019-tzv-whistleblowing\/","og_site_name":"\u00daM\u010c P14","article_modified_time":"2023-08-01T06:16:23+00:00","twitter_card":"summary_large_image","twitter_misc":{"Est. reading time":"3 minuty"},"schema":{"@context":"https:\/\/schema.org","@graph":[{"@type":"WebPage","@id":"https:\/\/www.praha14.cz\/urad-mestske-casti\/formular-pro-oznameni-poruseni-prava-unie-ve-smyslu-smernice-evropskeho-parlamentu-a-rady-eu-2019-1937-ze-dne-23-10-2019-tzv-whistleblowing\/","url":"https:\/\/www.praha14.cz\/urad-mestske-casti\/formular-pro-oznameni-poruseni-prava-unie-ve-smyslu-smernice-evropskeho-parlamentu-a-rady-eu-2019-1937-ze-dne-23-10-2019-tzv-whistleblowing\/","name":"Formul\u00e1\u0159 pro ozn\u00e1men\u00ed protipr\u00e1vn\u00edho jedn\u00e1n\u00ed ve smyslu z\u00e1kona \u010d. 171\/2023 Sb., o ochran\u011b oznamovatel\u016f (tzv. \"whistleblowing\") - \u00daM\u010c P14","isPartOf":{"@id":"https:\/\/www.praha14.cz\/urad-mestske-casti\/#website"},"datePublished":"2022-01-31T12:57:13+00:00","dateModified":"2023-08-01T06:16:23+00:00","breadcrumb":{"@id":"https:\/\/www.praha14.cz\/urad-mestske-casti\/formular-pro-oznameni-poruseni-prava-unie-ve-smyslu-smernice-evropskeho-parlamentu-a-rady-eu-2019-1937-ze-dne-23-10-2019-tzv-whistleblowing\/#breadcrumb"},"inLanguage":"cs","potentialAction":[{"@type":"ReadAction","target":["https:\/\/www.praha14.cz\/urad-mestske-casti\/formular-pro-oznameni-poruseni-prava-unie-ve-smyslu-smernice-evropskeho-parlamentu-a-rady-eu-2019-1937-ze-dne-23-10-2019-tzv-whistleblowing\/"]}]},{"@type":"BreadcrumbList","@id":"https:\/\/www.praha14.cz\/urad-mestske-casti\/formular-pro-oznameni-poruseni-prava-unie-ve-smyslu-smernice-evropskeho-parlamentu-a-rady-eu-2019-1937-ze-dne-23-10-2019-tzv-whistleblowing\/#breadcrumb","itemListElement":[{"@type":"ListItem","position":1,"name":"\u00da\u0159ad m\u011bstsk\u00e9 \u010d\u00e1sti Praha 14","item":"https:\/\/www.praha14.cz\/urad-mestske-casti\/"},{"@type":"ListItem","position":2,"name":"Formul\u00e1\u0159 pro ozn\u00e1men\u00ed protipr\u00e1vn\u00edho jedn\u00e1n\u00ed ve smyslu z\u00e1kona \u010d. 171\/2023 Sb., o ochran\u011b oznamovatel\u016f (tzv. &#8222;whistleblowing&#8220;)"}]},{"@type":"WebSite","@id":"https:\/\/www.praha14.cz\/urad-mestske-casti\/#website","url":"https:\/\/www.praha14.cz\/urad-mestske-casti\/","name":"\u00daM\u010c P14","description":"Ofici\u00e1ln\u00ed str\u00e1nky m\u011bstsk\u00e9 \u010d\u00e1sti Praha 14","potentialAction":[{"@type":"SearchAction","target":{"@type":"EntryPoint","urlTemplate":"https:\/\/www.praha14.cz\/urad-mestske-casti\/?s={search_term_string}"},"query-input":{"@type":"PropertyValueSpecification","valueRequired":true,"valueName":"search_term_string"}}],"inLanguage":"cs"}]}},"_links":{"self":[{"href":"https:\/\/www.praha14.cz\/urad-mestske-casti\/wp-json\/wp\/v2\/pages\/46907","targetHints":{"allow":["GET"]}}],"collection":[{"href":"https:\/\/www.praha14.cz\/urad-mestske-casti\/wp-json\/wp\/v2\/pages"}],"about":[{"href":"https:\/\/www.praha14.cz\/urad-mestske-casti\/wp-json\/wp\/v2\/types\/page"}],"author":[{"embeddable":true,"href":"https:\/\/www.praha14.cz\/urad-mestske-casti\/wp-json\/wp\/v2\/users\/6"}],"replies":[{"embeddable":true,"href":"https:\/\/www.praha14.cz\/urad-mestske-casti\/wp-json\/wp\/v2\/comments?post=46907"}],"version-history":[{"count":4,"href":"https:\/\/www.praha14.cz\/urad-mestske-casti\/wp-json\/wp\/v2\/pages\/46907\/revisions"}],"predecessor-version":[{"id":50559,"href":"https:\/\/www.praha14.cz\/urad-mestske-casti\/wp-json\/wp\/v2\/pages\/46907\/revisions\/50559"}],"wp:attachment":[{"href":"https:\/\/www.praha14.cz\/urad-mestske-casti\/wp-json\/wp\/v2\/media?parent=46907"}],"curies":[{"name":"wp","href":"https:\/\/api.w.org\/{rel}","templated":true}]}}