{"id":49769,"date":"2023-02-01T16:42:31","date_gmt":"2023-02-01T15:42:31","guid":{"rendered":"https:\/\/www.praha14.cz\/urad-mestske-casti\/?page_id=49769"},"modified":"2023-02-01T16:42:31","modified_gmt":"2023-02-01T15:42:31","slug":"hygienicka-stanice-hl-m-prahy","status":"publish","type":"page","link":"https:\/\/www.praha14.cz\/urad-mestske-casti\/hledam-informaci\/zdravotnictvi\/hygienicka-stanice-hl-m-prahy\/","title":{"rendered":"Hygienick\u00e1 stanice hl. m. Prahy"},"content":{"rendered":"<p><a href=\"https:\/\/www.hygpraha.cz\/\" target=\"_blank\" rel=\"noopener\">Hygienick\u00e1 stanice hlavn\u00edho m\u011bsta Prahy (hygpraha.cz)<\/a><\/p>\n","protected":false},"excerpt":{"rendered":"<p>Hygienick\u00e1 stanice hlavn\u00edho m\u011bsta Prahy (hygpraha.cz)<\/p>\n","protected":false},"author":6,"featured_media":0,"parent":27856,"menu_order":0,"comment_status":"closed","ping_status":"closed","template":"","meta":{"_acf_changed":false,"footnotes":""},"class_list":["post-49769","page","type-page","status-publish","hentry"],"acf":[],"yoast_head":"<!-- This site is optimized with the Yoast SEO plugin v27.2 - https:\/\/yoast.com\/product\/yoast-seo-wordpress\/ -->\n<title>Hygienick\u00e1 stanice hl. m. Prahy - \u00daM\u010c P14<\/title>\n<meta name=\"robots\" content=\"index, follow, max-snippet:-1, max-image-preview:large, max-video-preview:-1\" \/>\n<link rel=\"canonical\" href=\"https:\/\/www.praha14.cz\/urad-mestske-casti\/hledam-informaci\/zdravotnictvi\/hygienicka-stanice-hl-m-prahy\/\" \/>\n<meta property=\"og:locale\" content=\"cs_CZ\" \/>\n<meta property=\"og:type\" content=\"article\" \/>\n<meta property=\"og:title\" content=\"Hygienick\u00e1 stanice hl. m. Prahy - \u00daM\u010c P14\" \/>\n<meta property=\"og:description\" content=\"Hygienick\u00e1 stanice hlavn\u00edho m\u011bsta Prahy (hygpraha.cz)\" \/>\n<meta property=\"og:url\" content=\"https:\/\/www.praha14.cz\/urad-mestske-casti\/hledam-informaci\/zdravotnictvi\/hygienicka-stanice-hl-m-prahy\/\" \/>\n<meta property=\"og:site_name\" content=\"\u00daM\u010c P14\" \/>\n<meta name=\"twitter:card\" content=\"summary_large_image\" \/>\n<meta name=\"twitter:label1\" content=\"Est. reading time\" \/>\n\t<meta name=\"twitter:data1\" content=\"1 minuta\" \/>\n<script type=\"application\/ld+json\" class=\"yoast-schema-graph\">{\"@context\":\"https:\/\/schema.org\",\"@graph\":[{\"@type\":\"WebPage\",\"@id\":\"https:\/\/www.praha14.cz\/urad-mestske-casti\/hledam-informaci\/zdravotnictvi\/hygienicka-stanice-hl-m-prahy\/\",\"url\":\"https:\/\/www.praha14.cz\/urad-mestske-casti\/hledam-informaci\/zdravotnictvi\/hygienicka-stanice-hl-m-prahy\/\",\"name\":\"Hygienick\u00e1 stanice hl. m. Prahy - \u00daM\u010c P14\",\"isPartOf\":{\"@id\":\"https:\/\/www.praha14.cz\/urad-mestske-casti\/#website\"},\"datePublished\":\"2023-02-01T15:42:31+00:00\",\"breadcrumb\":{\"@id\":\"https:\/\/www.praha14.cz\/urad-mestske-casti\/hledam-informaci\/zdravotnictvi\/hygienicka-stanice-hl-m-prahy\/#breadcrumb\"},\"inLanguage\":\"cs\",\"potentialAction\":[{\"@type\":\"ReadAction\",\"target\":[\"https:\/\/www.praha14.cz\/urad-mestske-casti\/hledam-informaci\/zdravotnictvi\/hygienicka-stanice-hl-m-prahy\/\"]}]},{\"@type\":\"BreadcrumbList\",\"@id\":\"https:\/\/www.praha14.cz\/urad-mestske-casti\/hledam-informaci\/zdravotnictvi\/hygienicka-stanice-hl-m-prahy\/#breadcrumb\",\"itemListElement\":[{\"@type\":\"ListItem\",\"position\":1,\"name\":\"\u00da\u0159ad m\u011bstsk\u00e9 \u010d\u00e1sti Praha 14\",\"item\":\"https:\/\/www.praha14.cz\/urad-mestske-casti\/\"},{\"@type\":\"ListItem\",\"position\":2,\"name\":\"Hled\u00e1m informaci\",\"item\":\"https:\/\/www.praha14.cz\/urad-mestske-casti\/hledam-informaci\/\"},{\"@type\":\"ListItem\",\"position\":3,\"name\":\"Zdravotnictv\u00ed\",\"item\":\"https:\/\/www.praha14.cz\/urad-mestske-casti\/hledam-informaci\/zdravotnictvi\/\"},{\"@type\":\"ListItem\",\"position\":4,\"name\":\"Hygienick\u00e1 stanice hl. m. Prahy\"}]},{\"@type\":\"WebSite\",\"@id\":\"https:\/\/www.praha14.cz\/urad-mestske-casti\/#website\",\"url\":\"https:\/\/www.praha14.cz\/urad-mestske-casti\/\",\"name\":\"\u00daM\u010c P14\",\"description\":\"Ofici\u00e1ln\u00ed str\u00e1nky m\u011bstsk\u00e9 \u010d\u00e1sti Praha 14\",\"potentialAction\":[{\"@type\":\"SearchAction\",\"target\":{\"@type\":\"EntryPoint\",\"urlTemplate\":\"https:\/\/www.praha14.cz\/urad-mestske-casti\/?s={search_term_string}\"},\"query-input\":{\"@type\":\"PropertyValueSpecification\",\"valueRequired\":true,\"valueName\":\"search_term_string\"}}],\"inLanguage\":\"cs\"}]}<\/script>\n<!-- \/ Yoast SEO plugin. -->","yoast_head_json":{"title":"Hygienick\u00e1 stanice hl. m. Prahy - \u00daM\u010c P14","robots":{"index":"index","follow":"follow","max-snippet":"max-snippet:-1","max-image-preview":"max-image-preview:large","max-video-preview":"max-video-preview:-1"},"canonical":"https:\/\/www.praha14.cz\/urad-mestske-casti\/hledam-informaci\/zdravotnictvi\/hygienicka-stanice-hl-m-prahy\/","og_locale":"cs_CZ","og_type":"article","og_title":"Hygienick\u00e1 stanice hl. m. Prahy - \u00daM\u010c P14","og_description":"Hygienick\u00e1 stanice hlavn\u00edho m\u011bsta Prahy (hygpraha.cz)","og_url":"https:\/\/www.praha14.cz\/urad-mestske-casti\/hledam-informaci\/zdravotnictvi\/hygienicka-stanice-hl-m-prahy\/","og_site_name":"\u00daM\u010c P14","twitter_card":"summary_large_image","twitter_misc":{"Est. reading time":"1 minuta"},"schema":{"@context":"https:\/\/schema.org","@graph":[{"@type":"WebPage","@id":"https:\/\/www.praha14.cz\/urad-mestske-casti\/hledam-informaci\/zdravotnictvi\/hygienicka-stanice-hl-m-prahy\/","url":"https:\/\/www.praha14.cz\/urad-mestske-casti\/hledam-informaci\/zdravotnictvi\/hygienicka-stanice-hl-m-prahy\/","name":"Hygienick\u00e1 stanice hl. m. Prahy - \u00daM\u010c P14","isPartOf":{"@id":"https:\/\/www.praha14.cz\/urad-mestske-casti\/#website"},"datePublished":"2023-02-01T15:42:31+00:00","breadcrumb":{"@id":"https:\/\/www.praha14.cz\/urad-mestske-casti\/hledam-informaci\/zdravotnictvi\/hygienicka-stanice-hl-m-prahy\/#breadcrumb"},"inLanguage":"cs","potentialAction":[{"@type":"ReadAction","target":["https:\/\/www.praha14.cz\/urad-mestske-casti\/hledam-informaci\/zdravotnictvi\/hygienicka-stanice-hl-m-prahy\/"]}]},{"@type":"BreadcrumbList","@id":"https:\/\/www.praha14.cz\/urad-mestske-casti\/hledam-informaci\/zdravotnictvi\/hygienicka-stanice-hl-m-prahy\/#breadcrumb","itemListElement":[{"@type":"ListItem","position":1,"name":"\u00da\u0159ad m\u011bstsk\u00e9 \u010d\u00e1sti Praha 14","item":"https:\/\/www.praha14.cz\/urad-mestske-casti\/"},{"@type":"ListItem","position":2,"name":"Hled\u00e1m informaci","item":"https:\/\/www.praha14.cz\/urad-mestske-casti\/hledam-informaci\/"},{"@type":"ListItem","position":3,"name":"Zdravotnictv\u00ed","item":"https:\/\/www.praha14.cz\/urad-mestske-casti\/hledam-informaci\/zdravotnictvi\/"},{"@type":"ListItem","position":4,"name":"Hygienick\u00e1 stanice hl. m. Prahy"}]},{"@type":"WebSite","@id":"https:\/\/www.praha14.cz\/urad-mestske-casti\/#website","url":"https:\/\/www.praha14.cz\/urad-mestske-casti\/","name":"\u00daM\u010c P14","description":"Ofici\u00e1ln\u00ed str\u00e1nky m\u011bstsk\u00e9 \u010d\u00e1sti Praha 14","potentialAction":[{"@type":"SearchAction","target":{"@type":"EntryPoint","urlTemplate":"https:\/\/www.praha14.cz\/urad-mestske-casti\/?s={search_term_string}"},"query-input":{"@type":"PropertyValueSpecification","valueRequired":true,"valueName":"search_term_string"}}],"inLanguage":"cs"}]}},"_links":{"self":[{"href":"https:\/\/www.praha14.cz\/urad-mestske-casti\/wp-json\/wp\/v2\/pages\/49769","targetHints":{"allow":["GET"]}}],"collection":[{"href":"https:\/\/www.praha14.cz\/urad-mestske-casti\/wp-json\/wp\/v2\/pages"}],"about":[{"href":"https:\/\/www.praha14.cz\/urad-mestske-casti\/wp-json\/wp\/v2\/types\/page"}],"author":[{"embeddable":true,"href":"https:\/\/www.praha14.cz\/urad-mestske-casti\/wp-json\/wp\/v2\/users\/6"}],"replies":[{"embeddable":true,"href":"https:\/\/www.praha14.cz\/urad-mestske-casti\/wp-json\/wp\/v2\/comments?post=49769"}],"version-history":[{"count":1,"href":"https:\/\/www.praha14.cz\/urad-mestske-casti\/wp-json\/wp\/v2\/pages\/49769\/revisions"}],"predecessor-version":[{"id":49770,"href":"https:\/\/www.praha14.cz\/urad-mestske-casti\/wp-json\/wp\/v2\/pages\/49769\/revisions\/49770"}],"up":[{"embeddable":true,"href":"https:\/\/www.praha14.cz\/urad-mestske-casti\/wp-json\/wp\/v2\/pages\/27856"}],"wp:attachment":[{"href":"https:\/\/www.praha14.cz\/urad-mestske-casti\/wp-json\/wp\/v2\/media?parent=49769"}],"curies":[{"name":"wp","href":"https:\/\/api.w.org\/{rel}","templated":true}]}}