{"id":50983,"date":"2023-12-12T12:56:58","date_gmt":"2023-12-12T11:56:58","guid":{"rendered":"https:\/\/www.praha14.cz\/urad-mestske-casti\/?page_id=50983"},"modified":"2023-12-14T07:44:49","modified_gmt":"2023-12-14T06:44:49","slug":"hrbitov-kyje","status":"publish","type":"page","link":"https:\/\/www.praha14.cz\/urad-mestske-casti\/potrebuji-vyridit\/hrbitov-kyje\/","title":{"rendered":"H\u0159bitov Kyje"},"content":{"rendered":"<section class=\"p14-panel-group\"><div id=\"panel_group_1\" class=\"panel-group\"><article class=\"panel panel-default\">\n\t\t\t<div class=\"panel-heading\">\n\t\t\t\t<h1 class=\"panel-title\">\n\t\t\t\t\t<a data-toggle=\"collapse\" data-parent=\"#panel_group_1\" href=\"#panel_1_1\" class=\"collapsed\">\n\t\t\t\t\t\t\u00davod\n\t\t\t\t\t<\/a>\n\t\t\t\t<\/h1>\n\t\t\t<\/div>\n\t\t\t<div id=\"panel_1_1\" class=\"panel-collapse collapse\">\n\t\t\t\t<div class=\"panel-body\">\n\t\t\t\t\t<\/p>\n<p>Nov\u00fd h\u0159bitov v Kyj\u00edch byl zalo\u017een na adrese Broumarsk\u00e1 1338\/27. V sou\u010dasnosti je rozd\u011blen do t\u0159\u00ed celk\u016f. Nejstar\u0161\u00ed je centr\u00e1ln\u00ed \u010d\u00e1st o v\u00fdm\u011b\u0159e zhruba 100 m2 a poch\u00e1z\u00ed z konce 19. stolet\u00ed, kdy se p\u0159estalo poh\u0159b\u00edvat u kostela sv. Bartolom\u011bje. Uprost\u0159ed star\u00e9 \u010d\u00e1sti vede od z\u00e1padu na v\u00fdchod cesta, na n\u00ed\u017e je p\u0159ibli\u017en\u011b v polovin\u011b na podstavci um\u00edst\u011bn kovov\u00fd k\u0159\u00ed\u017e. Na konci cesty stoj\u00ed kaple. Tento h\u0159bitov slou\u017eil rovn\u011b\u017e ob\u010dan\u016fm Male\u0161ic, najdeme zde hroby Ma\u0159enc\u016f a Hovork\u016f, tamn\u00edch statk\u00e1\u0159\u016f a roln\u00edk\u016f. Nejstar\u0161\u00edm poh\u0159ben\u00fdm zde je Franti\u0161ek Ma\u0159enec, male\u0161ick\u00fd roln\u00edk, jeho\u017e zde ulo\u017eili k posledn\u00edmu odpo\u010dinku v roce 1881.<\/p>\n<p>V t\u00e9to \u010d\u00e1sti jsou rovn\u011b\u017e \u010dty\u0159i hroby sov\u011btsk\u00fdch voj\u00e1k\u016f, kte\u0159\u00ed padli p\u0159i osvobozov\u00e1n\u00ed Prahy v roce 1945. U h\u0159bitovn\u00ed zdi je pietn\u00ed m\u00edsto s pam\u011btn\u00ed deskou jako vzpom\u00ednka na Ladislava Sta\u0148ka, kter\u00fd zde 7. 5. 1945 padl v boji s ustupuj\u00edc\u00ed Sch\u00f6rnerovou arm\u00e1dou. Stan\u011bk byl zam\u011bstnancem filmov\u00e9 tov\u00e1rny v Radlic\u00edch a Hostiva\u0159i a p\u0159edsedou ileg\u00e1ln\u00edho N\u00e1rodn\u00edho v\u00fdboru. Pochov\u00e1n je rovn\u011b\u017e na zdej\u0161\u00edm h\u0159bitov\u011b. Na sever od t\u00e9to \u010d\u00e1sti se rozprost\u00edr\u00e1 o n\u011bco men\u0161\u00ed nov\u00fd h\u0159bitov, kter\u00fd se za\u010dal vyu\u017e\u00edvat koncem 40. let 20. stolet\u00ed. Na jih je pak nejmlad\u0161\u00ed \u010d\u00e1st h\u0159bitova s kolumb\u00e1riem a rozptylovou lou\u010dkou.<\/p>\n<p>\n\t\t\t\t<\/div>\n\t\t\t<\/div>\n\t\t<\/article><article class=\"panel panel-default\">\n\t\t\t<div class=\"panel-heading\">\n\t\t\t\t<h1 class=\"panel-title\">\n\t\t\t\t\t<a data-toggle=\"collapse\" data-parent=\"#panel_group_1\" href=\"#panel_1_2\" class=\"collapsed\">\n\t\t\t\t\t\tFotogalerie\n\t\t\t\t\t<\/a>\n\t\t\t\t<\/h1>\n\t\t\t<\/div>\n\t\t\t<div id=\"panel_1_2\" class=\"panel-collapse collapse\">\n\t\t\t\t<div class=\"panel-body\">\n\t\t\t\t\t<\/p>\n<p>&nbsp;<\/p>\n<p>\n\t\t<style type=\"text\/css\">\n\t\t\t#gallery-1 {\n\t\t\t\tmargin: auto;\n\t\t\t}\n\t\t\t#gallery-1 .gallery-item {\n\t\t\t\tfloat: left;\n\t\t\t\tmargin-top: 10px;\n\t\t\t\ttext-align: center;\n\t\t\t\twidth: 33%;\n\t\t\t}\n\t\t\t#gallery-1 img {\n\t\t\t\tborder: 2px solid #cfcfcf;\n\t\t\t}\n\t\t\t#gallery-1 .gallery-caption {\n\t\t\t\tmargin-left: 0;\n\t\t\t}\n\t\t\t\/* see gallery_shortcode() in wp-includes\/media.php *\/\n\t\t<\/style>\n\t\t<div id='gallery-1' class='gallery galleryid-50983 gallery-columns-3 gallery-size-thumbnail'><dl class='gallery-item'>\n\t\t\t<dt class='gallery-icon landscape'>\n\t\t\t\t<a rel=\"galleryInfomapa\" class=\"thickbox no_icon rl-gallery-link\"  href='https:\/\/www.praha14.cz\/app\/uploads\/sites\/2\/2023\/12\/20231204_091740-scaled.jpg' title=\"\" data-rl_title=\"\" data-rl_caption=\"\" data-rel=\"lightbox-gallery-1\"><img loading=\"lazy\" decoding=\"async\" width=\"150\" height=\"150\" src=\"https:\/\/www.praha14.cz\/app\/uploads\/sites\/2\/2023\/12\/20231204_091740-150x150.jpg\" class=\"attachment-thumbnail size-thumbnail\" alt=\"20231204_091740\" \/><\/a>\n\t\t\t<\/dt><\/dl><dl class='gallery-item'>\n\t\t\t<dt class='gallery-icon landscape'>\n\t\t\t\t<a rel=\"galleryInfomapa\" class=\"thickbox no_icon rl-gallery-link\"  href='https:\/\/www.praha14.cz\/app\/uploads\/sites\/2\/2023\/12\/P9150100-scaled.jpg' title=\"\" data-rl_title=\"\" data-rl_caption=\"\" data-rel=\"lightbox-gallery-1\"><img loading=\"lazy\" decoding=\"async\" width=\"150\" height=\"150\" src=\"https:\/\/www.praha14.cz\/app\/uploads\/sites\/2\/2023\/12\/P9150100-150x150.jpg\" class=\"attachment-thumbnail size-thumbnail\" alt=\"P9150100\" \/><\/a>\n\t\t\t<\/dt><\/dl><dl class='gallery-item'>\n\t\t\t<dt class='gallery-icon portrait'>\n\t\t\t\t<a rel=\"galleryInfomapa\" class=\"thickbox no_icon rl-gallery-link\"  href='https:\/\/www.praha14.cz\/app\/uploads\/sites\/2\/2023\/12\/P9150102-scaled.jpg' title=\"\" data-rl_title=\"\" data-rl_caption=\"\" data-rel=\"lightbox-gallery-1\"><img loading=\"lazy\" decoding=\"async\" width=\"150\" height=\"150\" src=\"https:\/\/www.praha14.cz\/app\/uploads\/sites\/2\/2023\/12\/P9150102-150x150.jpg\" class=\"attachment-thumbnail size-thumbnail\" alt=\"P9150102\" \/><\/a>\n\t\t\t<\/dt><\/dl><br style=\"clear: both\" \/><dl class='gallery-item'>\n\t\t\t<dt class='gallery-icon landscape'>\n\t\t\t\t<a rel=\"galleryInfomapa\" class=\"thickbox no_icon rl-gallery-link\"  href='https:\/\/www.praha14.cz\/app\/uploads\/sites\/2\/2023\/12\/P9150105-scaled.jpg' title=\"\" data-rl_title=\"\" data-rl_caption=\"\" data-rel=\"lightbox-gallery-1\"><img loading=\"lazy\" decoding=\"async\" width=\"150\" height=\"150\" src=\"https:\/\/www.praha14.cz\/app\/uploads\/sites\/2\/2023\/12\/P9150105-150x150.jpg\" class=\"attachment-thumbnail size-thumbnail\" alt=\"P9150105\" \/><\/a>\n\t\t\t<\/dt><\/dl><dl class='gallery-item'>\n\t\t\t<dt class='gallery-icon landscape'>\n\t\t\t\t<a rel=\"galleryInfomapa\" class=\"thickbox no_icon rl-gallery-link\"  href='https:\/\/www.praha14.cz\/app\/uploads\/sites\/2\/2023\/12\/P9150112-scaled.jpg' title=\"\" data-rl_title=\"\" data-rl_caption=\"\" data-rel=\"lightbox-gallery-1\"><img loading=\"lazy\" decoding=\"async\" width=\"150\" height=\"150\" src=\"https:\/\/www.praha14.cz\/app\/uploads\/sites\/2\/2023\/12\/P9150112-150x150.jpg\" class=\"attachment-thumbnail size-thumbnail\" alt=\"P9150112\" \/><\/a>\n\t\t\t<\/dt><\/dl><dl class='gallery-item'>\n\t\t\t<dt class='gallery-icon landscape'>\n\t\t\t\t<a rel=\"galleryInfomapa\" class=\"thickbox no_icon rl-gallery-link\"  href='https:\/\/www.praha14.cz\/app\/uploads\/sites\/2\/2023\/12\/P9150114-scaled.jpg' title=\"\" data-rl_title=\"\" data-rl_caption=\"\" data-rel=\"lightbox-gallery-1\"><img loading=\"lazy\" decoding=\"async\" width=\"150\" height=\"150\" src=\"https:\/\/www.praha14.cz\/app\/uploads\/sites\/2\/2023\/12\/P9150114-150x150.jpg\" class=\"attachment-thumbnail size-thumbnail\" alt=\"P9150114\" \/><\/a>\n\t\t\t<\/dt><\/dl><br style=\"clear: both\" \/><dl class='gallery-item'>\n\t\t\t<dt class='gallery-icon landscape'>\n\t\t\t\t<a rel=\"galleryInfomapa\" class=\"thickbox no_icon rl-gallery-link\"  href='https:\/\/www.praha14.cz\/app\/uploads\/sites\/2\/2023\/12\/P9150121-scaled.jpg' title=\"\" data-rl_title=\"\" data-rl_caption=\"\" data-rel=\"lightbox-gallery-1\"><img loading=\"lazy\" decoding=\"async\" width=\"150\" height=\"150\" src=\"https:\/\/www.praha14.cz\/app\/uploads\/sites\/2\/2023\/12\/P9150121-150x150.jpg\" class=\"attachment-thumbnail size-thumbnail\" alt=\"P9150121\" \/><\/a>\n\t\t\t<\/dt><\/dl><dl class='gallery-item'>\n\t\t\t<dt class='gallery-icon landscape'>\n\t\t\t\t<a rel=\"galleryInfomapa\" class=\"thickbox no_icon rl-gallery-link\"  href='https:\/\/www.praha14.cz\/app\/uploads\/sites\/2\/2023\/12\/P9150123-scaled.jpg' title=\"\" data-rl_title=\"\" data-rl_caption=\"\" data-rel=\"lightbox-gallery-1\"><img loading=\"lazy\" decoding=\"async\" width=\"150\" height=\"150\" src=\"https:\/\/www.praha14.cz\/app\/uploads\/sites\/2\/2023\/12\/P9150123-150x150.jpg\" class=\"attachment-thumbnail size-thumbnail\" alt=\"P9150123\" \/><\/a>\n\t\t\t<\/dt><\/dl><dl class='gallery-item'>\n\t\t\t<dt class='gallery-icon portrait'>\n\t\t\t\t<a rel=\"galleryInfomapa\" class=\"thickbox no_icon rl-gallery-link\"  href='https:\/\/www.praha14.cz\/app\/uploads\/sites\/2\/2023\/12\/P9150126-scaled.jpg' title=\"\" data-rl_title=\"\" data-rl_caption=\"\" data-rel=\"lightbox-gallery-1\"><img loading=\"lazy\" decoding=\"async\" width=\"150\" height=\"150\" src=\"https:\/\/www.praha14.cz\/app\/uploads\/sites\/2\/2023\/12\/P9150126-150x150.jpg\" class=\"attachment-thumbnail size-thumbnail\" alt=\"P9150126\" \/><\/a>\n\t\t\t<\/dt><\/dl><br style=\"clear: both\" \/><dl class='gallery-item'>\n\t\t\t<dt class='gallery-icon portrait'>\n\t\t\t\t<a rel=\"galleryInfomapa\" class=\"thickbox no_icon rl-gallery-link\"  href='https:\/\/www.praha14.cz\/app\/uploads\/sites\/2\/2023\/12\/P9150141-scaled.jpg' title=\"\" data-rl_title=\"\" data-rl_caption=\"\" data-rel=\"lightbox-gallery-1\"><img loading=\"lazy\" decoding=\"async\" width=\"150\" height=\"150\" src=\"https:\/\/www.praha14.cz\/app\/uploads\/sites\/2\/2023\/12\/P9150141-150x150.jpg\" class=\"attachment-thumbnail size-thumbnail\" alt=\"P9150141\" \/><\/a>\n\t\t\t<\/dt><\/dl><dl class='gallery-item'>\n\t\t\t<dt class='gallery-icon landscape'>\n\t\t\t\t<a rel=\"galleryInfomapa\" class=\"thickbox no_icon rl-gallery-link\"  href='https:\/\/www.praha14.cz\/app\/uploads\/sites\/2\/2023\/12\/P9150145-scaled.jpg' title=\"\" data-rl_title=\"\" data-rl_caption=\"\" data-rel=\"lightbox-gallery-1\"><img loading=\"lazy\" decoding=\"async\" width=\"150\" height=\"150\" src=\"https:\/\/www.praha14.cz\/app\/uploads\/sites\/2\/2023\/12\/P9150145-150x150.jpg\" class=\"attachment-thumbnail size-thumbnail\" alt=\"P9150145\" \/><\/a>\n\t\t\t<\/dt><\/dl><dl class='gallery-item'>\n\t\t\t<dt class='gallery-icon portrait'>\n\t\t\t\t<a rel=\"galleryInfomapa\" class=\"thickbox no_icon rl-gallery-link\"  href='https:\/\/www.praha14.cz\/app\/uploads\/sites\/2\/2023\/12\/P9150146-scaled.jpg' title=\"\" data-rl_title=\"\" data-rl_caption=\"\" data-rel=\"lightbox-gallery-1\"><img loading=\"lazy\" decoding=\"async\" width=\"150\" height=\"150\" src=\"https:\/\/www.praha14.cz\/app\/uploads\/sites\/2\/2023\/12\/P9150146-150x150.jpg\" class=\"attachment-thumbnail size-thumbnail\" alt=\"P9150146\" \/><\/a>\n\t\t\t<\/dt><\/dl><br style=\"clear: both\" \/>\n\t\t<\/div>\n<\/p>\n<p>\n\t\t\t\t<\/div>\n\t\t\t<\/div>\n\t\t<\/article><article class=\"panel panel-default\">\n\t\t\t<div class=\"panel-heading\">\n\t\t\t\t<h1 class=\"panel-title\">\n\t\t\t\t\t<a data-toggle=\"collapse\" data-parent=\"#panel_group_1\" href=\"#panel_1_3\" class=\"collapsed\">\n\t\t\t\t\t\tCeny za pron\u00e1jem hrobov\u00fdch m\u00edst platn\u00e9 od 1. 1. 2024\n\t\t\t\t\t<\/a>\n\t\t\t\t<\/h1>\n\t\t\t<\/div>\n\t\t\t<div id=\"panel_1_3\" class=\"panel-collapse collapse\">\n\t\t\t\t<div class=\"panel-body\">\n\t\t\t\t\t<\/p>\n<p><a href=\"https:\/\/www.praha14.cz\/app\/uploads\/sites\/2\/2023\/12\/Cenik-za-pronajem-hrobovych-mist-web.pdf\" target=\"_blank\" rel=\"noopener\">Cen\u00edk platn\u00fd od 1. 1. 2024<\/a><\/p>\n<p>\n\t\t\t\t<\/div>\n\t\t\t<\/div>\n\t\t<\/article><article class=\"panel panel-default\">\n\t\t\t<div class=\"panel-heading\">\n\t\t\t\t<h1 class=\"panel-title\">\n\t\t\t\t\t<a data-toggle=\"collapse\" data-parent=\"#panel_group_1\" href=\"#panel_1_4\" class=\"collapsed\">\n\t\t\t\t\t\tOrienta\u010dn\u00ed pl\u00e1n h\u0159bitova\n\t\t\t\t\t<\/a>\n\t\t\t\t<\/h1>\n\t\t\t<\/div>\n\t\t\t<div id=\"panel_1_4\" class=\"panel-collapse collapse\">\n\t\t\t\t<div class=\"panel-body\">\n\t\t\t\t\t<\/p>\n<p><a href=\"https:\/\/www.praha14.cz\/app\/uploads\/sites\/2\/2023\/12\/Orientacni-planek-web.pdf\" target=\"_blank\" rel=\"noopener\">Orienta\u010dn\u00ed pl\u00e1n h\u0159bitova<\/a><\/p>\n<p>\n\t\t\t\t<\/div>\n\t\t\t<\/div>\n\t\t<\/article><article class=\"panel panel-default\">\n\t\t\t<div class=\"panel-heading\">\n\t\t\t\t<h1 class=\"panel-title\">\n\t\t\t\t\t<a data-toggle=\"collapse\" data-parent=\"#panel_group_1\" href=\"#panel_1_5\" class=\"collapsed\">\n\t\t\t\t\t\tOtv\u00edrac\u00ed doba h\u0159bitova a kontakt na spr\u00e1vu h\u0159bitova\n\t\t\t\t\t<\/a>\n\t\t\t\t<\/h1>\n\t\t\t<\/div>\n\t\t\t<div id=\"panel_1_5\" class=\"panel-collapse collapse\">\n\t\t\t\t<div class=\"panel-body\">\n\t\t\t\t\t<\/p>\n<p><strong>H\u0158BITOV<\/strong><\/p>\n<ul>\n<li>duben &#8211; z\u00e1\u0159\u00ed od 9 do 19 hodin<\/li>\n<li>\u0159\u00edjen &#8211; b\u0159ezen od 9 do 17 hodin<\/li>\n<li>sv\u00e1tky v\u00e1no\u010dn\u00ed, velikono\u010dn\u00ed, pam\u00e1tka zesnul\u00fdch od 9 do 19 hodin<\/li>\n<\/ul>\n<p>Ka\u017ed\u00fd n\u00e1v\u0161t\u011bvn\u00edk je povinen do stanoven\u00e9 uzav\u00edrac\u00ed hodiny bez zvl\u00e1\u0161tn\u00edho upozorn\u011bn\u00ed poh\u0159ebi\u0161t\u011b opustit.<\/p>\n<p><strong>SPR\u00c1VA H\u0158BITOVA<\/strong><\/p>\n<p>\u00daM\u010c Praha 14<br \/>\nBrat\u0159\u00ed Vencl\u00edk\u016f 1073, 198 21 Praha 9<br \/>\nODBOR HOSPOD\u00c1\u0158SK\u00c9 SPR\u00c1VY<br \/>\nE-mail: spravahrbitova@praha14.cz<\/p>\n<p>\n\t\t\t\t<\/div>\n\t\t\t<\/div>\n\t\t<\/article><article class=\"panel panel-default\">\n\t\t\t<div class=\"panel-heading\">\n\t\t\t\t<h1 class=\"panel-title\">\n\t\t\t\t\t<a data-toggle=\"collapse\" data-parent=\"#panel_group_1\" href=\"#panel_1_6\" class=\"collapsed\">\n\t\t\t\t\t\t\u0158\u00e1d poh\u0159ebi\u0161t\u011b\n\t\t\t\t\t<\/a>\n\t\t\t\t<\/h1>\n\t\t\t<\/div>\n\t\t\t<div id=\"panel_1_6\" class=\"panel-collapse collapse\">\n\t\t\t\t<div class=\"panel-body\">\n\t\t\t\t\t<\/p>\n<p><a href=\"https:\/\/www.praha14.cz\/app\/uploads\/sites\/2\/2023\/12\/Rad-pohrebiste-28.8.2020-web.pdf\" target=\"_blank\" rel=\"noopener\">\u0158\u00e1d poh\u0159ebi\u0161t\u011b<\/a><\/p>\n<p>\n\t\t\t\t<\/div>\n\t\t\t<\/div>\n\t\t<\/article><\/div><\/section>\n","protected":false},"excerpt":{"rendered":"","protected":false},"author":6,"featured_media":0,"parent":27858,"menu_order":0,"comment_status":"closed","ping_status":"closed","template":"","meta":{"_acf_changed":false,"footnotes":""},"class_list":["post-50983","page","type-page","status-publish","hentry"],"acf":[],"yoast_head":"<!-- This site is optimized with the Yoast SEO plugin v27.2 - https:\/\/yoast.com\/product\/yoast-seo-wordpress\/ -->\n<title>H\u0159bitov Kyje - \u00daM\u010c P14<\/title>\n<meta name=\"robots\" content=\"index, follow, max-snippet:-1, max-image-preview:large, max-video-preview:-1\" \/>\n<link rel=\"canonical\" href=\"https:\/\/www.praha14.cz\/urad-mestske-casti\/potrebuji-vyridit\/hrbitov-kyje\/\" \/>\n<meta property=\"og:locale\" content=\"cs_CZ\" \/>\n<meta property=\"og:type\" content=\"article\" \/>\n<meta property=\"og:title\" content=\"H\u0159bitov Kyje - \u00daM\u010c P14\" \/>\n<meta property=\"og:url\" content=\"https:\/\/www.praha14.cz\/urad-mestske-casti\/potrebuji-vyridit\/hrbitov-kyje\/\" \/>\n<meta property=\"og:site_name\" content=\"\u00daM\u010c P14\" \/>\n<meta property=\"article:modified_time\" content=\"2023-12-14T06:44:49+00:00\" \/>\n<meta name=\"twitter:card\" content=\"summary_large_image\" \/>\n<meta name=\"twitter:label1\" content=\"Est. reading time\" \/>\n\t<meta name=\"twitter:data1\" content=\"2 minuty\" \/>\n<script type=\"application\/ld+json\" class=\"yoast-schema-graph\">{\"@context\":\"https:\/\/schema.org\",\"@graph\":[{\"@type\":\"WebPage\",\"@id\":\"https:\/\/www.praha14.cz\/urad-mestske-casti\/potrebuji-vyridit\/hrbitov-kyje\/\",\"url\":\"https:\/\/www.praha14.cz\/urad-mestske-casti\/potrebuji-vyridit\/hrbitov-kyje\/\",\"name\":\"H\u0159bitov Kyje - \u00daM\u010c P14\",\"isPartOf\":{\"@id\":\"https:\/\/www.praha14.cz\/urad-mestske-casti\/#website\"},\"datePublished\":\"2023-12-12T11:56:58+00:00\",\"dateModified\":\"2023-12-14T06:44:49+00:00\",\"breadcrumb\":{\"@id\":\"https:\/\/www.praha14.cz\/urad-mestske-casti\/potrebuji-vyridit\/hrbitov-kyje\/#breadcrumb\"},\"inLanguage\":\"cs\",\"potentialAction\":[{\"@type\":\"ReadAction\",\"target\":[\"https:\/\/www.praha14.cz\/urad-mestske-casti\/potrebuji-vyridit\/hrbitov-kyje\/\"]}]},{\"@type\":\"BreadcrumbList\",\"@id\":\"https:\/\/www.praha14.cz\/urad-mestske-casti\/potrebuji-vyridit\/hrbitov-kyje\/#breadcrumb\",\"itemListElement\":[{\"@type\":\"ListItem\",\"position\":1,\"name\":\"\u00da\u0159ad m\u011bstsk\u00e9 \u010d\u00e1sti Praha 14\",\"item\":\"https:\/\/www.praha14.cz\/urad-mestske-casti\/\"},{\"@type\":\"ListItem\",\"position\":2,\"name\":\"Pot\u0159ebuji vy\u0159\u00eddit\",\"item\":\"https:\/\/www.praha14.cz\/urad-mestske-casti\/potrebuji-vyridit\/\"},{\"@type\":\"ListItem\",\"position\":3,\"name\":\"H\u0159bitov Kyje\"}]},{\"@type\":\"WebSite\",\"@id\":\"https:\/\/www.praha14.cz\/urad-mestske-casti\/#website\",\"url\":\"https:\/\/www.praha14.cz\/urad-mestske-casti\/\",\"name\":\"\u00daM\u010c P14\",\"description\":\"Ofici\u00e1ln\u00ed str\u00e1nky m\u011bstsk\u00e9 \u010d\u00e1sti Praha 14\",\"potentialAction\":[{\"@type\":\"SearchAction\",\"target\":{\"@type\":\"EntryPoint\",\"urlTemplate\":\"https:\/\/www.praha14.cz\/urad-mestske-casti\/?s={search_term_string}\"},\"query-input\":{\"@type\":\"PropertyValueSpecification\",\"valueRequired\":true,\"valueName\":\"search_term_string\"}}],\"inLanguage\":\"cs\"}]}<\/script>\n<!-- \/ Yoast SEO plugin. -->","yoast_head_json":{"title":"H\u0159bitov Kyje - \u00daM\u010c P14","robots":{"index":"index","follow":"follow","max-snippet":"max-snippet:-1","max-image-preview":"max-image-preview:large","max-video-preview":"max-video-preview:-1"},"canonical":"https:\/\/www.praha14.cz\/urad-mestske-casti\/potrebuji-vyridit\/hrbitov-kyje\/","og_locale":"cs_CZ","og_type":"article","og_title":"H\u0159bitov Kyje - \u00daM\u010c P14","og_url":"https:\/\/www.praha14.cz\/urad-mestske-casti\/potrebuji-vyridit\/hrbitov-kyje\/","og_site_name":"\u00daM\u010c P14","article_modified_time":"2023-12-14T06:44:49+00:00","twitter_card":"summary_large_image","twitter_misc":{"Est. reading time":"2 minuty"},"schema":{"@context":"https:\/\/schema.org","@graph":[{"@type":"WebPage","@id":"https:\/\/www.praha14.cz\/urad-mestske-casti\/potrebuji-vyridit\/hrbitov-kyje\/","url":"https:\/\/www.praha14.cz\/urad-mestske-casti\/potrebuji-vyridit\/hrbitov-kyje\/","name":"H\u0159bitov Kyje - \u00daM\u010c P14","isPartOf":{"@id":"https:\/\/www.praha14.cz\/urad-mestske-casti\/#website"},"datePublished":"2023-12-12T11:56:58+00:00","dateModified":"2023-12-14T06:44:49+00:00","breadcrumb":{"@id":"https:\/\/www.praha14.cz\/urad-mestske-casti\/potrebuji-vyridit\/hrbitov-kyje\/#breadcrumb"},"inLanguage":"cs","potentialAction":[{"@type":"ReadAction","target":["https:\/\/www.praha14.cz\/urad-mestske-casti\/potrebuji-vyridit\/hrbitov-kyje\/"]}]},{"@type":"BreadcrumbList","@id":"https:\/\/www.praha14.cz\/urad-mestske-casti\/potrebuji-vyridit\/hrbitov-kyje\/#breadcrumb","itemListElement":[{"@type":"ListItem","position":1,"name":"\u00da\u0159ad m\u011bstsk\u00e9 \u010d\u00e1sti Praha 14","item":"https:\/\/www.praha14.cz\/urad-mestske-casti\/"},{"@type":"ListItem","position":2,"name":"Pot\u0159ebuji vy\u0159\u00eddit","item":"https:\/\/www.praha14.cz\/urad-mestske-casti\/potrebuji-vyridit\/"},{"@type":"ListItem","position":3,"name":"H\u0159bitov Kyje"}]},{"@type":"WebSite","@id":"https:\/\/www.praha14.cz\/urad-mestske-casti\/#website","url":"https:\/\/www.praha14.cz\/urad-mestske-casti\/","name":"\u00daM\u010c P14","description":"Ofici\u00e1ln\u00ed str\u00e1nky m\u011bstsk\u00e9 \u010d\u00e1sti Praha 14","potentialAction":[{"@type":"SearchAction","target":{"@type":"EntryPoint","urlTemplate":"https:\/\/www.praha14.cz\/urad-mestske-casti\/?s={search_term_string}"},"query-input":{"@type":"PropertyValueSpecification","valueRequired":true,"valueName":"search_term_string"}}],"inLanguage":"cs"}]}},"_links":{"self":[{"href":"https:\/\/www.praha14.cz\/urad-mestske-casti\/wp-json\/wp\/v2\/pages\/50983","targetHints":{"allow":["GET"]}}],"collection":[{"href":"https:\/\/www.praha14.cz\/urad-mestske-casti\/wp-json\/wp\/v2\/pages"}],"about":[{"href":"https:\/\/www.praha14.cz\/urad-mestske-casti\/wp-json\/wp\/v2\/types\/page"}],"author":[{"embeddable":true,"href":"https:\/\/www.praha14.cz\/urad-mestske-casti\/wp-json\/wp\/v2\/users\/6"}],"replies":[{"embeddable":true,"href":"https:\/\/www.praha14.cz\/urad-mestske-casti\/wp-json\/wp\/v2\/comments?post=50983"}],"version-history":[{"count":3,"href":"https:\/\/www.praha14.cz\/urad-mestske-casti\/wp-json\/wp\/v2\/pages\/50983\/revisions"}],"predecessor-version":[{"id":51001,"href":"https:\/\/www.praha14.cz\/urad-mestske-casti\/wp-json\/wp\/v2\/pages\/50983\/revisions\/51001"}],"up":[{"embeddable":true,"href":"https:\/\/www.praha14.cz\/urad-mestske-casti\/wp-json\/wp\/v2\/pages\/27858"}],"wp:attachment":[{"href":"https:\/\/www.praha14.cz\/urad-mestske-casti\/wp-json\/wp\/v2\/media?parent=50983"}],"curies":[{"name":"wp","href":"https:\/\/api.w.org\/{rel}","templated":true}]}}