{"id":61,"date":"2014-04-11T10:37:55","date_gmt":"2014-04-11T09:37:55","guid":{"rendered":"\/urad-mestske-casti\/?page_id=61"},"modified":"2014-06-18T10:50:18","modified_gmt":"2014-06-18T09:50:18","slug":"eticky-kodex","status":"publish","type":"page","link":"https:\/\/www.praha14.cz\/urad-mestske-casti\/o-uradu-mc-p14\/eticky-kodex\/","title":{"rendered":"Etick\u00fd kodex"},"content":{"rendered":"<p>Etick\u00fd kodex stanovuje z\u00e1sady chov\u00e1n\u00ed a jedn\u00e1n\u00ed zam\u011bstnanc\u016f m\u011bstsk\u00e9 \u010d\u00e1sti Praha 14 za\u0159azen\u00fdch do \u00da\u0159adu m\u011bstsk\u00e9 \u010d\u00e1sti Praha 14 (d\u00e1le jen zam\u011bstnanci \u00fa\u0159adu). Je z\u00e1kladn\u00ed etickou normou jejich vystupov\u00e1n\u00ed p\u0159edev\u0161\u00edm v\u016f\u010di ve\u0159ejnosti.<\/p>\n<p><section class=\"p14-panel-group\"><div id=\"panel_group_1\" class=\"panel-group\"><article class=\"panel panel-default\">\n\t\t\t<div class=\"panel-heading\">\n\t\t\t\t<h1 class=\"panel-title\">\n\t\t\t\t\t<a data-toggle=\"collapse\" data-parent=\"#panel_group_1\" href=\"#panel_1_1\" class=\"collapsed\">\n\t\t\t\t\t\tZ\u00e1kladn\u00ed ustanoven\u00ed\n\t\t\t\t\t<\/a>\n\t\t\t\t<\/h1>\n\t\t\t<\/div>\n\t\t\t<div id=\"panel_1_1\" class=\"panel-collapse collapse\">\n\t\t\t\t<div class=\"panel-body\">\n\t\t\t\t\t<\/p>\n<p>Etick\u00fd kodex navazuje na z\u00e1kladn\u00ed pr\u00e1va a povinnosti zam\u011bstnanc\u016f uveden\u00e9 v z\u00e1kon\u00edku pr\u00e1ce v oblasti obecn\u00fdch etick\u00fdch norem chov\u00e1n\u00ed a jedn\u00e1n\u00ed. Dodr\u017eov\u00e1n\u00ed z\u00e1sad v n\u011bm uveden\u00fdch spolu s n\u00e1sleduj\u00edc\u00edmi z\u00e1sadami bude m\u00edt vliv na hodnocen\u00ed zam\u011bstnance \u00fa\u0159adu a jeho profesn\u00ed r\u016fst, z\u00e1sadn\u00ed poru\u0161ov\u00e1n\u00ed pak m\u016f\u017ee b\u00fdt posuzov\u00e1no jako poru\u0161en\u00ed ( \u00a7 52 ZP odst. g ) se v\u0161emi vypl\u00fdvaj\u00edc\u00edmi d\u016fsledky.<\/p>\n<p>\n\t\t\t\t<\/div>\n\t\t\t<\/div>\n\t\t<\/article><article class=\"panel panel-default\">\n\t\t\t<div class=\"panel-heading\">\n\t\t\t\t<h1 class=\"panel-title\">\n\t\t\t\t\t<a data-toggle=\"collapse\" data-parent=\"#panel_group_1\" href=\"#panel_1_2\" class=\"collapsed\">\n\t\t\t\t\t\tZ\u00e1sady etick\u00e9ho jedn\u00e1n\u00ed zam\u011bstnance\n\t\t\t\t\t<\/a>\n\t\t\t\t<\/h1>\n\t\t\t<\/div>\n\t\t\t<div id=\"panel_1_2\" class=\"panel-collapse collapse\">\n\t\t\t\t<div class=\"panel-body\">\n\t\t\t\t\t<\/p>\n<style><!--\n.entry li {margin-bottom: 15px !important;}\n--><\/style>\n<ol>\n<li><strong><span style=\"color: #a2c516;\">V\u00fdkon ve\u0159ejn\u00e9 spr\u00e1vy je slu\u017ebou ob\u010dan\u016fm. Z\u00e1kladn\u00edmi z\u00e1sadami, jako\u017e i hodnotov\u00fdmi kriterii p\u0159i v\u00fdkonu ve\u0159ejn\u00e9 spr\u00e1vy jsou z\u00e1konnost, kvalita a efektivnost pr\u00e1ce a etick\u00fd v\u00fdkon pr\u00e1ce<\/span><\/strong><span style=\"font-size: 0.75em;\">\u00a0<\/span><span style=\"color: #a2c516;\"><span style=\"color: #a2c516;\">(zejm\u00e9na dodr\u017eov\u00e1n\u00ed nestrannosti a rovn\u00e9ho p\u0159\u00edstupu).<\/span><\/span><br \/>\nDal\u0161\u00edmi z\u00e1sadami jsou informa\u010dn\u00ed otev\u0159enost, neovlivnitelnost, ne\u00faplatnost a poctivost. Zam\u011bstnanci \u00fa\u0159adu jsou rovn\u011b\u017e povinni usilovat o zachov\u00e1n\u00ed dobr\u00e9ho jm\u00e9na \u00da\u0159adu m\u011bstsk\u00e9 \u010d\u00e1sti Praha 14.<\/li>\n<li><span style=\"color: #a2c516;\"><strong>Z\u00e1sada z\u00e1konnosti:<\/strong><br \/>\n<\/span>Zam\u011bstnanec \u00fa\u0159adu vykon\u00e1v\u00e1 svou pr\u00e1ci v souladu s platn\u00fdm pr\u00e1vn\u00edm \u0159\u00e1dem \u010cesk\u00e9 republiky a vnit\u0159n\u00edmi p\u0159edpisy \u00fa\u0159adu. Z\u00e1rove\u0148 v jejich r\u00e1mci usiluje o urychlen\u00ed a zjednodu\u0161en\u00ed \u00fa\u0159edn\u00edch postup\u016f, dodr\u017eov\u00e1n\u00ed term\u00edn\u016f a o maxim\u00e1ln\u00ed zkr\u00e1cen\u00ed z\u00e1konn\u00fdch lh\u016ft ve prosp\u011bch ve\u0159ejnosti. Jestli\u017ee nen\u00ed mo\u017en\u00e9 ve\u0159ejnosti vyhov\u011bt, je nutno tuto skute\u010dnost sd\u011blit v\u010das a s \u0159\u00e1dn\u00fdm vysv\u011btlen\u00edm d\u016fvod\u016f.\u00a0V p\u0159\u00edpad\u011b, \u017ee je zam\u011bstnanec \u00fa\u0159adu po\u017e\u00e1d\u00e1n, aby jednal v rozporu s pr\u00e1vn\u00edmi p\u0159edpisy nebo zp\u016fsobem, kter\u00fd p\u0159edstavuje mo\u017enost zneu\u017eit\u00ed pravomoci ve\u0159ejn\u00e9ho \u010dinitele, je povinen tuto skute\u010dnost neprodlen\u011b ozn\u00e1mit sv\u00e9mu nad\u0159\u00edzen\u00e9mu.<\/li>\n<li><strong><span style=\"color: #a2c516;\">Z\u00e1sada kvality a efektivity:<br \/>\n<\/span><\/strong>Zam\u011bstnanec \u00fa\u0159adu vykon\u00e1v\u00e1 svou pr\u00e1ci na vysok\u00e9 odborn\u00e9 \u00farovni, kterou je povinen studiem pr\u016fb\u011b\u017en\u011b zvy\u0161ovat a dopl\u0148ovat, jako\u017e i vynalo\u017eit ve\u0161ker\u00e9 \u00fasil\u00ed k maxim\u00e1ln\u011b efektivn\u00edmu a ekonomick\u00e9mu spravov\u00e1n\u00ed a vyu\u017e\u00edv\u00e1n\u00ed lidsk\u00fdch zdroj\u016f, finan\u010dn\u00edch prost\u0159edk\u016f, za\u0159\u00edzen\u00ed a slu\u017eeb, kter\u00e9 mu byly sv\u011b\u0159eny. V p\u0159\u00edpad\u011b, \u017ee zjist\u00ed ztr\u00e1tu nebo \u00fajmu na ve\u0159ejn\u00e9m majetku, podvodn\u00e9 \u010di korup\u010dn\u00ed jedn\u00e1n\u00ed, je povinen neprodlen\u011b ozn\u00e1mit tuto skute\u010dnost p\u0159\u00edslu\u0161n\u00e9mu vedouc\u00edmu odboru nebo tajemn\u00edkovi \u00fa\u0159adu.<\/li>\n<li><strong><span style=\"color: #a2c516;\">Z\u00e1sada etick\u00e9ho v\u00fdkonu pr\u00e1ce:<br \/>\n<\/span><\/strong>Zam\u011bstnanec \u00fa\u0159adu je povinen pr\u00e1ce vykon\u00e1vat odpov\u011bdn\u011b, \u010destn\u011b, sv\u011bdomit\u011b, v dobr\u00e9 v\u00ed\u0159e a ve shod\u011b s posl\u00e1n\u00edm \u00fa\u0159adu. V\u00fdkon pr\u00e1ce mus\u00ed b\u00fdt spojen s nejvy\u0161\u0161\u00ed m\u00edrou slu\u0161nosti, porozum\u011bn\u00ed, ochoty a s dodr\u017eov\u00e1n\u00edm v\u0161eobecn\u00fdch pravidel etick\u00e9 komunikace.Zam\u011bstnanec \u00fa\u0159adu jedn\u00e1 v\u016f\u010di ve\u0159ejnosti v\u017edy zdvo\u0159ile a s \u00factou, bez ohledu na pohlav\u00ed, etnick\u00fd nebo soci\u00e1ln\u00ed p\u016fvod, barvu pleti, sexu\u00e1ln\u00ed orientaci, n\u00e1rodnost, majetkov\u00e9 pom\u011bry, zdravotn\u00ed stav, v\u011bk, man\u017eelsk\u00fd a rodinn\u00fd stav, jazyk, v\u00edru a n\u00e1bo\u017eenstv\u00ed, politick\u00e9 nebo jin\u00e9 sm\u00fd\u0161len\u00ed, \u010dlenstv\u00ed nebo \u010dinnost v politick\u00fdch stran\u00e1ch nebo politick\u00fdch hnut\u00edch, odborov\u00fdch organizac\u00edch a jin\u00fdch sdru\u017een\u00edch.Zam\u011bstnanci \u00fa\u0159adu v\u0161ak nejsou povinni sn\u00e1\u0161et vulg\u00e1rn\u00ed projevy a jednat s klienty kte\u0159\u00ed projevuj\u00ed zn\u00e1mky opilosti nebo po\u017eit\u00ed drog. V takov\u00e9m p\u0159\u00edpad\u011b jsou opr\u00e1vn\u011bni jedn\u00e1n\u00ed p\u0159eru\u0161it a informuj\u00ed neprodlen\u011b sv\u00e9 p\u0159\u00edm\u00e9 nad\u0159\u00edzen\u00e9.<\/li>\n<li><span style=\"color: #a2c516;\"><strong>Z\u00e1sada informa\u010dn\u00ed otev\u0159enosti:<\/strong><\/span><br \/>\nZam\u011bstnanec \u00fa\u0159adu poskytuje ve\u0159ejnosti pokud mo\u017eno co nej\u00fapln\u011bj\u0161\u00ed informace v souladu s p\u0159\u00edslu\u0161n\u00fdmi pr\u00e1vn\u00edmi a vnit\u0159n\u00edmi p\u0159edpisy (zejm\u00e9na z\u00e1kon \u010d\u00edslo 106\/1999 Sb., o svobodn\u00e9m p\u0159\u00edstupu k informac\u00edm, ve zn\u011bn\u00ed pozd\u011bj\u0161\u00edch p\u0159edpis\u016f a QI 42-02-04 \u00daprava podm\u00ednek pr\u00e1va svobodn\u00e9ho p\u0159\u00edstupu k informac\u00edm ).<br \/>\nZam\u011bstnanec \u00fa\u0159adu neuvede v\u011bdom\u011b v omyl ve\u0159ejnost t\u00edm, \u017ee by u\u010dinil nepravdiv\u00e9 nebo zav\u00e1d\u011bj\u00edc\u00ed prohl\u00e1\u0161en\u00ed nebo \u017ee by zaml\u010del p\u0159\u00edslu\u0161nou informaci.<\/li>\n<li><span style=\"color: #a2c516;\"><strong>Z\u00e1sada neovlivnitelnosti:<br \/>\n<\/strong><\/span>Zam\u011bstnanec \u00fa\u0159adu \u010din\u00ed rozhodnut\u00ed a \u0159e\u0161\u00ed z\u00e1le\u017eitosti na z\u00e1klad\u011b jejich skutkov\u00e9 podstaty, objektivn\u011b a transparentn\u011b. P\u0159i rozhodov\u00e1n\u00ed o po\u017eadavc\u00edch nesm\u00ed zam\u011bstnanec preferovat osobn\u00ed \u010di skupinov\u00e9 z\u00e1jmy ani b\u00fdt ovlivn\u011bn pozitivn\u00edmi \u010di negativn\u00edmi vztahy ke konkr\u00e9tn\u00edm osob\u00e1m. Ve\u0161ker\u00e1 jedn\u00e1n\u00ed mus\u00ed b\u00fdt ze strany zam\u011bstnance vedena slu\u0161n\u011b a nestrann\u011b. V p\u0159\u00edpad\u011b, \u017ee se zam\u011bstnanec \u00fa\u0159adu dostane do situace, kdy je na n\u011bj vykon\u00e1v\u00e1n n\u00e1tlak, uv\u011bdom\u00ed o situaci okam\u017eit\u011b vedouc\u00edho odboru nebo tajemn\u00edka \u00fa\u0159adu.<\/li>\n<li><strong><span style=\"color: #a2c516;\">Z\u00e1sada ne\u00faplatnosti a poctivosti:<br \/>\n<\/span><\/strong>Zam\u011bstnanec \u00fa\u0159adu za v\u00fdkon sv\u00e9 pr\u00e1ce nep\u0159ij\u00edm\u00e1 \u017e\u00e1dn\u00e9 pozornosti ani zv\u00fdhodn\u011bn\u00ed, kter\u00e1 by mohla p\u0159\u00edpadn\u011b ovlivnit rozhodov\u00e1n\u00ed nebo naru\u0161it poctiv\u00fd p\u0159\u00edstup k v\u011bci.<br \/>\nInformace z\u00edskan\u00e9 p\u0159i v\u00fdkonu ve\u0159ejn\u00e9 spr\u00e1vy zam\u011bstnanec nepou\u017e\u00edv\u00e1 k osobn\u00edmu prosp\u011bchu ani k prosp\u011bchu jin\u00fdch osob. Nesna\u017e\u00ed se ovlivnit pro soukrom\u00e9 \u00fa\u010dely \u017e\u00e1dnou osobu \u010di instituci t\u00edm, \u017ee by zneu\u017eil sv\u00e9ho \u00fa\u0159edn\u00edho postaven\u00ed. Zam\u011bstnanec \u00fa\u0159adu je povinen vyhnout se konfliktu z\u00e1jm\u016f a v p\u0159\u00edpad\u011b jeho vzniku neprodlen\u011b uv\u011bdom\u00ed p\u0159\u00edslu\u0161n\u00e9ho nad\u0159\u00edzen\u00e9ho.<\/li>\n<li><strong><span style=\"color: #a2c516;\">Z\u00e1sada odpov\u011bdnosti za dobr\u00e9 jm\u00e9no m\u011bstsk\u00e9 \u010d\u00e1sti Praha 14 a jej\u00edch org\u00e1n\u016f:<br \/>\n<\/span><\/strong>Zam\u011bstnanec \u00fa\u0159adu je loaj\u00e1ln\u00ed ve vztahu k z\u00e1kladn\u00edmu posl\u00e1n\u00ed m\u011bstsk\u00e9 \u010d\u00e1sti a jej\u00edch org\u00e1n\u016f a v maxim\u00e1ln\u00ed m\u00ed\u0159e se sna\u017e\u00ed zabr\u00e1nit jak\u00e9koli \u010dinnosti, \u010di jedn\u00e1n\u00ed, je\u017e by po\u0161kozovaly jejich dobr\u00e9 jm\u00e9no. Tato z\u00e1sada se vztahuje i na z\u00e1le\u017eitosti, kter\u00e9 se p\u0159\u00edmo net\u00fdkaj\u00ed v\u00fdkonu pracovn\u00ed \u010dinnosti zam\u011bstnance.<br \/>\nZam\u011bstnanec z\u00e1sadn\u011b rozli\u0161uje mezi nutnost\u00ed podporovat nev\u00edtan\u00e9 rozhodnut\u00ed a povinnost\u00ed ozn\u00e1mit nep\u0159\u00edpustn\u00e9.<br \/>\nKrom\u011b nekorektn\u00edho a neslu\u0161n\u00e9ho jedn\u00e1n\u00ed v\u016f\u010di ve\u0159ejnosti se zam\u011bstnanec mus\u00ed vyvarovat i nevhodn\u00e9ho vystupov\u00e1n\u00ed na ve\u0159ejnosti a \u00faniku informac\u00ed.<br \/>\nZam\u011bstnanec \u00fa\u0159adu se vyh\u00fdb\u00e1 i v osobn\u00edm \u017eivot\u011b takov\u00e9mu chov\u00e1n\u00ed a jedn\u00e1n\u00ed, kter\u00e9 by mohlo sn\u00ed\u017eit d\u016fv\u011bru ve\u0159ejnosti v nestrannost, spravedlnost a efektivnost \u00fa\u0159adu, nebo kter\u00e9 by mohlo zavdat p\u0159\u00ed\u010dinu k r\u016fzn\u00fdm form\u00e1m n\u00e1tlaku na zam\u011bstnance ze strany jin\u00fdch osob.<br \/>\nZam\u011bstnanec \u00fa\u0159adu nakl\u00e1d\u00e1 se v\u0161emi informacemi, kter\u00e9 z\u00edsk\u00e1 ve sv\u00e9m postaven\u00ed s ve\u0161kerou diskr\u00e9tnost\u00ed, zachov\u00e1v\u00e1 ml\u010denlivost o slu\u017eebn\u00edch z\u00e1le\u017eitostech, pokud nen\u00ed t\u00e9to povinnosti zpro\u0161t\u011bn.<\/li>\n<\/ol>\n<p>\n\t\t\t\t<\/div>\n\t\t\t<\/div>\n\t\t<\/article><article class=\"panel panel-default\">\n\t\t\t<div class=\"panel-heading\">\n\t\t\t\t<h1 class=\"panel-title\">\n\t\t\t\t\t<a data-toggle=\"collapse\" data-parent=\"#panel_group_1\" href=\"#panel_1_3\" class=\"collapsed\">\n\t\t\t\t\t\tVztahy na pracovi\u0161ti\n\t\t\t\t\t<\/a>\n\t\t\t\t<\/h1>\n\t\t\t<\/div>\n\t\t\t<div id=\"panel_1_3\" class=\"panel-collapse collapse\">\n\t\t\t\t<div class=\"panel-body\">\n\t\t\t\t\t<\/p>\n<p>Pro uplatn\u011bn\u00ed t\u011bchto z\u00e1sad a pro efektivn\u00ed v\u00fdkon ve\u0159ejn\u00e9 spr\u00e1vy p\u0159isp\u00edv\u00e1 ze strany veden\u00ed \u00fa\u0159adu p\u0159edev\u0161\u00edm tvorba podn\u011btn\u00e9ho pracovn\u00edho prost\u0159ed\u00ed a rovn\u00fd p\u0159\u00edstup k zam\u011bstnanc\u016fm s d\u016frazem na hodnocen\u00ed dle odveden\u00e9 pr\u00e1ce, ze strany zam\u011bstnanc\u016f pak zejm\u00e9na dodr\u017eov\u00e1n\u00ed z\u00e1kladn\u00edch princip\u016f etick\u00e9 komunikace na sv\u00e9m pracovi\u0161ti.<\/p>\n<p>Vytv\u00e1\u0159en\u00ed vz\u00e1jemn\u00e9 d\u016fv\u011bry, \u00facty a spolupr\u00e1ce je z\u00e1kladem dobr\u00fdch mezilidsk\u00fdch vztah\u016f na pracovi\u0161ti a rozvoje kultury p\u0159i v\u00fdkonu ve\u0159ejn\u00e9 spr\u00e1vy.<br \/>\n\n\t\t\t\t<\/div>\n\t\t\t<\/div>\n\t\t<\/article><\/div><\/section><br \/>\n<span style=\"color: #58595b;\"> \u00a0 Tento Etick\u00fd kodex je sou\u010d\u00e1st\u00ed Pracovn\u00edho \u0159\u00e1du.<\/span><\/p>\n","protected":false},"excerpt":{"rendered":"<p>Etick\u00fd kodex stanovuje z\u00e1sady chov\u00e1n\u00ed a jedn\u00e1n\u00ed zam\u011bstnanc\u016f m\u011bstsk\u00e9 \u010d\u00e1sti Praha 14 za\u0159azen\u00fdch do \u00da\u0159adu m\u011bstsk\u00e9 \u010d\u00e1sti Praha 14 (d\u00e1le jen zam\u011bstnanci \u00fa\u0159adu). Je z\u00e1kladn\u00ed etickou normou jejich vystupov\u00e1n\u00ed p\u0159edev\u0161\u00edm v\u016f\u010di ve\u0159ejnosti. \u00a0 Tento Etick\u00fd kodex je sou\u010d\u00e1st\u00ed Pracovn\u00edho \u0159\u00e1du.<\/p>\n","protected":false},"author":1,"featured_media":0,"parent":27877,"menu_order":0,"comment_status":"closed","ping_status":"closed","template":"","meta":{"_acf_changed":false,"footnotes":""},"class_list":["post-61","page","type-page","status-publish","hentry"],"acf":[],"yoast_head":"<!-- This site is optimized with the Yoast SEO plugin v27.2 - https:\/\/yoast.com\/product\/yoast-seo-wordpress\/ -->\n<title>Etick\u00fd kodex - \u00daM\u010c P14<\/title>\n<meta name=\"robots\" content=\"index, follow, max-snippet:-1, max-image-preview:large, max-video-preview:-1\" \/>\n<link rel=\"canonical\" href=\"https:\/\/www.praha14.cz\/urad-mestske-casti\/o-uradu-mc-p14\/eticky-kodex\/\" \/>\n<meta property=\"og:locale\" content=\"cs_CZ\" \/>\n<meta property=\"og:type\" content=\"article\" \/>\n<meta property=\"og:title\" content=\"Etick\u00fd kodex - \u00daM\u010c P14\" \/>\n<meta property=\"og:description\" content=\"Etick\u00fd kodex stanovuje z\u00e1sady chov\u00e1n\u00ed a jedn\u00e1n\u00ed zam\u011bstnanc\u016f m\u011bstsk\u00e9 \u010d\u00e1sti Praha 14 za\u0159azen\u00fdch do \u00da\u0159adu m\u011bstsk\u00e9 \u010d\u00e1sti Praha 14 (d\u00e1le jen zam\u011bstnanci \u00fa\u0159adu). Je z\u00e1kladn\u00ed etickou normou jejich vystupov\u00e1n\u00ed p\u0159edev\u0161\u00edm v\u016f\u010di ve\u0159ejnosti. \u00a0 Tento Etick\u00fd kodex je sou\u010d\u00e1st\u00ed Pracovn\u00edho \u0159\u00e1du.\" \/>\n<meta property=\"og:url\" content=\"https:\/\/www.praha14.cz\/urad-mestske-casti\/o-uradu-mc-p14\/eticky-kodex\/\" \/>\n<meta property=\"og:site_name\" content=\"\u00daM\u010c P14\" \/>\n<meta property=\"article:modified_time\" content=\"2014-06-18T09:50:18+00:00\" \/>\n<meta name=\"twitter:card\" content=\"summary_large_image\" \/>\n<meta name=\"twitter:label1\" content=\"Est. reading time\" \/>\n\t<meta name=\"twitter:data1\" content=\"7 minut\" \/>\n<script type=\"application\/ld+json\" class=\"yoast-schema-graph\">{\"@context\":\"https:\/\/schema.org\",\"@graph\":[{\"@type\":\"WebPage\",\"@id\":\"https:\/\/www.praha14.cz\/urad-mestske-casti\/o-uradu-mc-p14\/eticky-kodex\/\",\"url\":\"https:\/\/www.praha14.cz\/urad-mestske-casti\/o-uradu-mc-p14\/eticky-kodex\/\",\"name\":\"Etick\u00fd kodex - \u00daM\u010c P14\",\"isPartOf\":{\"@id\":\"https:\/\/www.praha14.cz\/urad-mestske-casti\/#website\"},\"datePublished\":\"2014-04-11T09:37:55+00:00\",\"dateModified\":\"2014-06-18T09:50:18+00:00\",\"breadcrumb\":{\"@id\":\"https:\/\/www.praha14.cz\/urad-mestske-casti\/o-uradu-mc-p14\/eticky-kodex\/#breadcrumb\"},\"inLanguage\":\"cs\",\"potentialAction\":[{\"@type\":\"ReadAction\",\"target\":[\"https:\/\/www.praha14.cz\/urad-mestske-casti\/o-uradu-mc-p14\/eticky-kodex\/\"]}]},{\"@type\":\"BreadcrumbList\",\"@id\":\"https:\/\/www.praha14.cz\/urad-mestske-casti\/o-uradu-mc-p14\/eticky-kodex\/#breadcrumb\",\"itemListElement\":[{\"@type\":\"ListItem\",\"position\":1,\"name\":\"\u00da\u0159ad m\u011bstsk\u00e9 \u010d\u00e1sti Praha 14\",\"item\":\"https:\/\/www.praha14.cz\/urad-mestske-casti\/\"},{\"@type\":\"ListItem\",\"position\":2,\"name\":\"O \u00fa\u0159adu M\u010c P14\",\"item\":\"https:\/\/www.praha14.cz\/urad-mestske-casti\/o-uradu-mc-p14\/\"},{\"@type\":\"ListItem\",\"position\":3,\"name\":\"Etick\u00fd kodex\"}]},{\"@type\":\"WebSite\",\"@id\":\"https:\/\/www.praha14.cz\/urad-mestske-casti\/#website\",\"url\":\"https:\/\/www.praha14.cz\/urad-mestske-casti\/\",\"name\":\"\u00daM\u010c P14\",\"description\":\"Ofici\u00e1ln\u00ed str\u00e1nky m\u011bstsk\u00e9 \u010d\u00e1sti Praha 14\",\"potentialAction\":[{\"@type\":\"SearchAction\",\"target\":{\"@type\":\"EntryPoint\",\"urlTemplate\":\"https:\/\/www.praha14.cz\/urad-mestske-casti\/?s={search_term_string}\"},\"query-input\":{\"@type\":\"PropertyValueSpecification\",\"valueRequired\":true,\"valueName\":\"search_term_string\"}}],\"inLanguage\":\"cs\"}]}<\/script>\n<!-- \/ Yoast SEO plugin. -->","yoast_head_json":{"title":"Etick\u00fd kodex - \u00daM\u010c P14","robots":{"index":"index","follow":"follow","max-snippet":"max-snippet:-1","max-image-preview":"max-image-preview:large","max-video-preview":"max-video-preview:-1"},"canonical":"https:\/\/www.praha14.cz\/urad-mestske-casti\/o-uradu-mc-p14\/eticky-kodex\/","og_locale":"cs_CZ","og_type":"article","og_title":"Etick\u00fd kodex - \u00daM\u010c P14","og_description":"Etick\u00fd kodex stanovuje z\u00e1sady chov\u00e1n\u00ed a jedn\u00e1n\u00ed zam\u011bstnanc\u016f m\u011bstsk\u00e9 \u010d\u00e1sti Praha 14 za\u0159azen\u00fdch do \u00da\u0159adu m\u011bstsk\u00e9 \u010d\u00e1sti Praha 14 (d\u00e1le jen zam\u011bstnanci \u00fa\u0159adu). Je z\u00e1kladn\u00ed etickou normou jejich vystupov\u00e1n\u00ed p\u0159edev\u0161\u00edm v\u016f\u010di ve\u0159ejnosti. \u00a0 Tento Etick\u00fd kodex je sou\u010d\u00e1st\u00ed Pracovn\u00edho \u0159\u00e1du.","og_url":"https:\/\/www.praha14.cz\/urad-mestske-casti\/o-uradu-mc-p14\/eticky-kodex\/","og_site_name":"\u00daM\u010c P14","article_modified_time":"2014-06-18T09:50:18+00:00","twitter_card":"summary_large_image","twitter_misc":{"Est. reading time":"7 minut"},"schema":{"@context":"https:\/\/schema.org","@graph":[{"@type":"WebPage","@id":"https:\/\/www.praha14.cz\/urad-mestske-casti\/o-uradu-mc-p14\/eticky-kodex\/","url":"https:\/\/www.praha14.cz\/urad-mestske-casti\/o-uradu-mc-p14\/eticky-kodex\/","name":"Etick\u00fd kodex - \u00daM\u010c P14","isPartOf":{"@id":"https:\/\/www.praha14.cz\/urad-mestske-casti\/#website"},"datePublished":"2014-04-11T09:37:55+00:00","dateModified":"2014-06-18T09:50:18+00:00","breadcrumb":{"@id":"https:\/\/www.praha14.cz\/urad-mestske-casti\/o-uradu-mc-p14\/eticky-kodex\/#breadcrumb"},"inLanguage":"cs","potentialAction":[{"@type":"ReadAction","target":["https:\/\/www.praha14.cz\/urad-mestske-casti\/o-uradu-mc-p14\/eticky-kodex\/"]}]},{"@type":"BreadcrumbList","@id":"https:\/\/www.praha14.cz\/urad-mestske-casti\/o-uradu-mc-p14\/eticky-kodex\/#breadcrumb","itemListElement":[{"@type":"ListItem","position":1,"name":"\u00da\u0159ad m\u011bstsk\u00e9 \u010d\u00e1sti Praha 14","item":"https:\/\/www.praha14.cz\/urad-mestske-casti\/"},{"@type":"ListItem","position":2,"name":"O \u00fa\u0159adu M\u010c P14","item":"https:\/\/www.praha14.cz\/urad-mestske-casti\/o-uradu-mc-p14\/"},{"@type":"ListItem","position":3,"name":"Etick\u00fd kodex"}]},{"@type":"WebSite","@id":"https:\/\/www.praha14.cz\/urad-mestske-casti\/#website","url":"https:\/\/www.praha14.cz\/urad-mestske-casti\/","name":"\u00daM\u010c P14","description":"Ofici\u00e1ln\u00ed str\u00e1nky m\u011bstsk\u00e9 \u010d\u00e1sti Praha 14","potentialAction":[{"@type":"SearchAction","target":{"@type":"EntryPoint","urlTemplate":"https:\/\/www.praha14.cz\/urad-mestske-casti\/?s={search_term_string}"},"query-input":{"@type":"PropertyValueSpecification","valueRequired":true,"valueName":"search_term_string"}}],"inLanguage":"cs"}]}},"_links":{"self":[{"href":"https:\/\/www.praha14.cz\/urad-mestske-casti\/wp-json\/wp\/v2\/pages\/61","targetHints":{"allow":["GET"]}}],"collection":[{"href":"https:\/\/www.praha14.cz\/urad-mestske-casti\/wp-json\/wp\/v2\/pages"}],"about":[{"href":"https:\/\/www.praha14.cz\/urad-mestske-casti\/wp-json\/wp\/v2\/types\/page"}],"author":[{"embeddable":true,"href":"https:\/\/www.praha14.cz\/urad-mestske-casti\/wp-json\/wp\/v2\/users\/1"}],"replies":[{"embeddable":true,"href":"https:\/\/www.praha14.cz\/urad-mestske-casti\/wp-json\/wp\/v2\/comments?post=61"}],"version-history":[{"count":0,"href":"https:\/\/www.praha14.cz\/urad-mestske-casti\/wp-json\/wp\/v2\/pages\/61\/revisions"}],"up":[{"embeddable":true,"href":"https:\/\/www.praha14.cz\/urad-mestske-casti\/wp-json\/wp\/v2\/pages\/27877"}],"wp:attachment":[{"href":"https:\/\/www.praha14.cz\/urad-mestske-casti\/wp-json\/wp\/v2\/media?parent=61"}],"curies":[{"name":"wp","href":"https:\/\/api.w.org\/{rel}","templated":true}]}}