{"id":80,"date":"2014-04-11T12:33:33","date_gmt":"2014-04-11T11:33:33","guid":{"rendered":"\/urad-mestske-casti\/?page_id=80"},"modified":"2026-02-02T15:08:39","modified_gmt":"2026-02-02T14:08:39","slug":"informace-o-povinnem-subjektu","status":"publish","type":"page","link":"https:\/\/www.praha14.cz\/urad-mestske-casti\/o-uradu-mc-p14\/informace-o-povinnem-subjektu\/","title":{"rendered":"Informace o povinn\u00e9m subjektu"},"content":{"rendered":"<p>Informace podle z\u00e1kona \u010d. 106\/1999 Sb., o svobodn\u00e9m p\u0159\u00edstupu k informac\u00edm, ve zn\u011bn\u00ed vyhl\u00e1\u0161ky \u010d. 515\/2020 Sb.<\/p>\n<p>&nbsp;<\/p>\n<table>\n<tbody>\n<tr>\n<th colspan=\"5\">Povinn\u011b zve\u0159ej\u0148ovan\u00e9 informace<\/th>\n<\/tr>\n<tr>\n<td>1.<\/td>\n<td>Ofici\u00e1ln\u00ed<br \/>\nn\u00e1zev<\/td>\n<td colspan=\"3\">M\u011bstsk\u00e1 \u010d\u00e1st Praha 14, se s\u00eddlem Brat\u0159\u00ed Vencl\u00edk\u016f 1073, 198 21 Praha 9<\/td>\n<\/tr>\n<tr>\n<td>2.<\/td>\n<td>D\u016fvod<br \/>\na zp\u016fsob zalo\u017een\u00ed<\/td>\n<td colspan=\"3\"><a href=\"\/zivot-na-praze-14\/uvod-o-praze-14\/vznik-mestske-casti\/\">Vznik M\u010c Praha 14 a podm\u00ednky jej\u00ed \u010dinnosti<\/a><\/td>\n<\/tr>\n<tr>\n<td>3.<\/td>\n<td>Organiza\u010dn\u00ed struktura<\/td>\n<td colspan=\"3\">\n<ul>\n<li><a href=\"https:\/\/www.praha14.cz\/urad-mestske-casti\/o-uradu-mc-p14\/organizacni-struktura-rad\/#panel_1_3\" target=\"_blank\" rel=\"noopener\">Organiza\u010dn\u00ed struktura \u00daM\u010c P14<\/a><\/li>\n<li><a style=\"font-family: inherit; font-size: inherit;\" href=\"https:\/\/www.praha14.cz\/samosprava\/clen-samospravy-funkce\/clen-rady\/\" target=\"_blank\" rel=\"noopener\">Oblasti p\u016fsobnosti \u010dlen\u016f Rady M\u010c Praha 14<\/a><\/li>\n<li><a style=\"font-family: inherit; font-size: inherit;\" title=\"Odbory \u00fa\u0159adu\" href=\"\/urad-mestske-casti\/odbory-uradu\/\">Seznam odbor\u016f \u00da\u0159adu M\u010c Praha 14<\/a><\/li>\n<li><a style=\"font-family: inherit; font-size: inherit;\" title=\"Organizace z\u0159\u00edzen\u00e9 \u010di zalo\u017een\u00e9 M\u010c Praha 14\" href=\"\/urad-mestske-casti\/informace-o-povinnem-subjektu\/organizace-zrizene-ci-zalozene-mc-praha-14\/\">Organizace z\u0159\u00edzen\u00e9 M\u010c Praha 14<\/a><\/li>\n<li><a style=\"font-family: inherit; font-size: inherit;\" href=\"https:\/\/www.praha14.cz\/samosprava\/komise-rady\/\" target=\"_blank\" rel=\"noopener noreferrer\">V\u00fdbory ZM\u010c a Komise RM\u010c<\/a><\/li>\n<\/ul>\n<\/td>\n<\/tr>\n<tr>\n<td>4.<\/td>\n<td>Kontaktn\u00ed<br \/>\nspojen\u00ed<\/td>\n<td colspan=\"3\"><\/td>\n<\/tr>\n<tr>\n<td>4.1<\/td>\n<td>Kontaktn\u00ed po\u0161tovn\u00ed adresa<\/td>\n<td colspan=\"3\">\u00da\u0159ad M\u010c Praha 14<br \/>\nBrat\u0159\u00ed Vencl\u00edk\u016f 1073<br \/>\nPraha 9 &#8211; \u010cern\u00fd Most<br \/>\n198 21<\/td>\n<\/tr>\n<tr>\n<td>4.2<\/td>\n<td>Adresa \u00fa\u0159adovny pro osobn\u00ed n\u00e1v\u0161t\u011bvu<\/td>\n<td colspan=\"3\">\u00da\u0159ad M\u010c Praha 14 s\u00eddl\u00ed:<br \/>\nBrat\u0159\u00ed Vencl\u00edk\u016f 1073, Praha 9<br \/>\nBrat\u0159\u00ed Vencl\u00edk\u016f 1072, Praha 9<br \/>\nBrat\u0159\u00ed Vencl\u00edk\u016f 1070, Praha 9<\/td>\n<\/tr>\n<tr>\n<td>4.3<\/td>\n<td>\u00da\u0159edn\u00ed hodiny<\/td>\n<td colspan=\"3\"><a title=\"Kontakty, \u00fa\u0159edn\u00ed hodiny\" href=\"\/urad-mestske-casti\/?go=#panel-uredni-hodiny\">\u00fa\u0159edn\u00ed hodiny<\/a><\/td>\n<\/tr>\n<tr>\n<td>4.4<\/td>\n<td>Telefonn\u00ed \u010d\u00edsla<\/td>\n<td colspan=\"3\">\u00fast\u0159edna tel.: 281005111, 225295111<br \/>\np\u0159\u00edm\u00e9 vol\u00e1n\u00ed: 281005+linka, 225295+linka<br \/>\n<a title=\"Telefonn\u00ed seznam\" href=\"\/urad-mestske-casti\/telefonni-seznam\/\">seznam pracovn\u00edk\u016f \u00fa\u0159adu<\/a><\/td>\n<\/tr>\n<tr>\n<td>4.5<\/td>\n<td>\u010c\u00edslo faxu<\/td>\n<td colspan=\"3\">fax podatelna: 225\u00a0295\u00a0861<\/td>\n<\/tr>\n<tr>\n<td>4.6<\/td>\n<td>Adresa internetov\u00e9 str\u00e1nky<\/td>\n<td colspan=\"3\"><a href=\"https:\/\/www.praha14.cz\">www.www.praha14.cz<\/a><\/td>\n<\/tr>\n<tr>\n<td>4.7<\/td>\n<td>Adresa e-podatelny<\/td>\n<td colspan=\"3\"><a href=\"mailto:posta@praha14.cz\">podatelna@praha14.cz<\/a><\/td>\n<\/tr>\n<tr>\n<td>4.8<\/td>\n<td>Dal\u0161\u00ed elektronick\u00e9 adresy<\/td>\n<td colspan=\"3\"><a href=\"mailto:informace@praha14.cz\">informace@praha14.cz<\/a><br \/>\nIDS: pmabtfa<\/td>\n<\/tr>\n<tr>\n<td>5.<\/td>\n<td>P\u0159\u00edpadn\u00e9<br \/>\nplatby<\/td>\n<td colspan=\"3\">P\u0159\u00edjmov\u00fd<br \/>\n\u00fa\u010det \u00da\u0159adu M\u010c Praha 14: PPF banka, Praha 1, \u010d.\u00fa.: 19-9800050998\/6000<\/td>\n<\/tr>\n<tr>\n<td>6.<\/td>\n<td>I\u010c<\/td>\n<td colspan=\"3\">I\u010c:<br \/>\n00231312<\/td>\n<\/tr>\n<tr>\n<td>7.<\/td>\n<td>DI\u010c<\/td>\n<td colspan=\"3\">DI\u010c: CZ00231312<\/td>\n<\/tr>\n<tr>\n<td>8.<\/td>\n<td>Dokumenty<\/td>\n<td colspan=\"3\"><\/td>\n<\/tr>\n<tr>\n<td>8.1<\/td>\n<td>Seznam hlavn\u00edch dokument\u016f<\/td>\n<td colspan=\"3\"><a href=\"https:\/\/www.praha14.cz\/zivot-na-praze-14\/strategicky-plan-rozvoje-pro-obdobi-2015-az-2025\/\" target=\"_blank\" rel=\"noopener noreferrer\">M\u00edstn\u00ed ak\u010dn\u00ed pl\u00e1n Praha 14 a Strategick\u00fd pl\u00e1n rozvoje pro obdob\u00ed 2015 a\u017e 2025<\/a><\/td>\n<\/tr>\n<tr>\n<td>8.2<\/td>\n<td>Rozpo\u010det<br \/>\nv tomto a p\u0159edchoz\u00edm roce<\/td>\n<td colspan=\"3\"><a title=\"Rozpo\u010det\" href=\"\/urad-mestske-casti\/rozpocet\/\">Rozpo\u010det M\u010c Praha 14<\/a><\/td>\n<\/tr>\n<tr>\n<td>9.<\/td>\n<td>\u017d\u00e1dost<br \/>\no informace<\/td>\n<td colspan=\"3\"><a href=\"\/urad-mestske-casti\/zivotni-situace\/zadost-o-poskytnuti-informace-dle-zakona-c-1061999-sb\/?mode=u\">Postup p\u0159i pod\u00e1v\u00e1n\u00ed \u017e\u00e1dosti o informace<\/a><\/td>\n<\/tr>\n<tr>\n<td>10.<\/td>\n<td>P\u0159\u00edjem<br \/>\n\u017e\u00e1dost\u00ed a dal\u0161\u00edch pod\u00e1n\u00ed<\/td>\n<td colspan=\"3\"><a href=\"\/urad-mestske-casti\/zivotni-situace\/podani-stiznosti\/?mode=u\">Postup p\u0159i vy\u0159izov\u00e1n\u00ed st\u00ed\u017enost\u00ed, ozn\u00e1men\u00ed a podn\u011bt\u016f <\/a><\/td>\n<\/tr>\n<tr>\n<td>11.<\/td>\n<td>Opravn\u00e9<br \/>\nprost\u0159edky<\/td>\n<td colspan=\"3\"><a title=\"Odvol\u00e1n\u00ed proti rozhodnut\u00ed\" href=\"\/urad-mestske-casti\/informace-o-povinnem-subjektu\/odvolani-proti-rozhodnuti\/\" target=\"_blank\" rel=\"noopener noreferrer\">Odvol\u00e1n\u00ed proti rozhodnut\u00ed<\/a><\/td>\n<\/tr>\n<tr>\n<td>12.<\/td>\n<td>Formul\u00e1\u0159e<\/td>\n<td colspan=\"3\"><a href=\"https:\/\/www.praha14.cz\/app\/uploads\/sites\/2\/2014\/04\/QF_42-02-04-01_zadost-106_fyz_osoba.rtf\" target=\"_blank\" rel=\"noopener noreferrer\">QF 42-02-04-01: \u017d\u00e1dost o poskytnut\u00ed informace fyzick\u00e1 osoba<\/a><br \/>\n<a href=\"https:\/\/www.praha14.cz\/app\/uploads\/sites\/2\/2014\/04\/QF_42-02-04-02_zadost-106_prav_osoba.rtf\" target=\"_blank\" rel=\"noopener noreferrer\">QF 42-02-04-02: \u017d\u00e1dost o poskytnut\u00ed informace pr\u00e1vnick\u00e1 osoba<\/a><br \/>\nDal\u0161\u00ed formul\u00e1\u0159e jsou k dispozici v\u017edy u p\u0159\u00edslu\u0161n\u00e9 <a id=\"t161\" title=\"\u017divotn\u00ed situace (Jak postupovat)\" href=\"\/urad-mestske-casti\/zivotni-situace-kategorie\/vse\/\">\u017eivotn\u00ed situace<\/a>.<\/td>\n<\/tr>\n<tr>\n<td>13.<\/td>\n<td>N\u00e1vody<br \/>\npro \u0159e\u0161en\u00ed situac\u00ed<\/td>\n<td colspan=\"3\"><a title=\"\u017divotn\u00ed situace\" href=\"\/urad-mestske-casti\/zivotni-situace-kategorie\/vse\/\">\u017divotn\u00ed situace<\/a><\/td>\n<\/tr>\n<tr>\n<td>14.<\/td>\n<td>P\u0159edpisy<\/td>\n<td colspan=\"3\"><\/td>\n<\/tr>\n<tr>\n<td>14.1<\/td>\n<td>Nejd\u016fle\u017eit\u011bj\u0161\u00ed pou\u017e\u00edvan\u00e9 p\u0159edpisy<\/td>\n<td colspan=\"3\">Z\u00e1kon \u010d. 131\/2000 Sb., o hlavn\u00edm m\u011bst\u011b Praze<br \/>\nZ\u00e1kon \u010d. 500\/2004 Sb., spr\u00e1vn\u00ed \u0159\u00e1d<\/td>\n<\/tr>\n<tr>\n<td>14.2<\/td>\n<td>Vydan\u00e9 pr\u00e1vn\u00ed p\u0159episy<\/td>\n<td colspan=\"3\">Nejsou vyd\u00e1v\u00e1ny \u017e\u00e1dn\u00e9 pr\u00e1vn\u00ed p\u0159edpisy.<\/td>\n<\/tr>\n<tr>\n<td>15<\/td>\n<td>\u00dahrady za poskytov\u00e1n\u00ed informac\u00ed<\/td>\n<td colspan=\"3\"><\/td>\n<\/tr>\n<tr>\n<td>15.1<\/td>\n<td>Sazebn\u00edk \u00fahrad za poskytov\u00e1n\u00ed informac\u00ed<\/td>\n<td colspan=\"3\"><a title=\"Sazebn\u00edk \u00fahrad za poskytov\u00e1n\u00ed informac\u00ed\" href=\"\/urad-mestske-casti\/informace-o-povinnem-subjektu\/sazebnik-uhrad-za-poskytovani-informaci\/\">Sazebn\u00edk \u00fahrad za poskytov\u00e1n\u00ed informac\u00ed<\/a><br \/>\n<a title=\"Postup p\u0159i po\u0159izov\u00e1n\u00ed kopi\u00ed v r\u00e1mci spr\u00e1vn\u00edho \u0159\u00edzen\u00ed\" href=\"\/urad-mestske-casti\/informace-o-povinnem-subjektu\/postup-pri-porizovani-kopii-v-ramci-spravniho-rizeni\/\">Po\u0159izov\u00e1n\u00ed kopi\u00ed v r\u00e1mci spr\u00e1vn\u00edho \u0159\u00edzen\u00ed a z \u00fa\u0159edn\u00ed spisov\u00e9 dokumentace veden\u00e9 podle zvl\u00e1\u0161tn\u00edch pr\u00e1vn\u00edch<br \/>\np\u0159edpis\u016f na \u00da\u0159ad\u011b m\u011bstsk\u00e9 \u010d\u00e1sti Praha 14<\/a> (v\u00fd\u0148atek ze sm\u011brnice QI 42-02-04)<\/td>\n<\/tr>\n<tr>\n<td>15.2<\/td>\n<td>Usnesen\u00ed nad\u0159\u00edzen\u00e9ho org\u00e1nu o v\u00fd\u0161i \u00fahrad za poskytnut\u00ed informac\u00ed<\/td>\n<td colspan=\"3\">Usnesen\u00ed nad\u0159\u00edzen\u00e9ho org\u00e1nu nebylo vyd\u00e1no<\/td>\n<\/tr>\n<tr>\n<td>16<\/td>\n<td>Licen\u010dn\u00ed smlouvy<\/td>\n<td colspan=\"3\"><\/td>\n<\/tr>\n<tr>\n<td>16.1.<\/td>\n<td>Vzory licen\u010dn\u00edch smluv<\/td>\n<td colspan=\"3\">\u00da\u0159ad M\u010c neeviduje \u017e\u00e1dn\u00e9 licen\u010dn\u00ed smlouvy<\/td>\n<\/tr>\n<tr>\n<td>16.2<\/td>\n<td>V\u00fdhradn\u00ed licence<\/td>\n<td colspan=\"3\">\u00da\u0159ad M\u010c neposkytl \u017e\u00e1dn\u00e9 v\u00fdhradn\u00ed licence<\/td>\n<\/tr>\n<tr>\n<td>17.<\/td>\n<td>V\u00fdro\u010dn\u00ed zpr\u00e1va podle z\u00e1kona \u010d. 106\/1999 Sb.<\/td>\n<td colspan=\"3\"><a href=\"https:\/\/www.praha14.cz\/urad-mestske-casti\/vyrocni-zprava-a-zadosti-o-poskytnuti-informace-dle-zak-c-106-1999-sb-o-svobodnem-pristupu-k-informacim\/\" target=\"_blank\" rel=\"noopener\">V\u00fdro\u010dn\u00ed zpr\u00e1vy a \u017e\u00e1dosti o poskytnut\u00ed informace dle z\u00e1k. \u010d. 106\/1999 Sb o svobodn\u00e9m p\u0159\u00edstupu k informac\u00edm<\/a><\/td>\n<\/tr>\n<tr>\n<td>18.<\/td>\n<td>Informace o v\u00fdsledc\u00edch kontrol podle \u00a7 26 z\u00e1kona \u010d. 255\/2012 Sb., o kontrole (kontroln\u00ed \u0159\u00e1d)<\/td>\n<td style=\"text-align: left;\" colspan=\"3\">\n<ul>\n<li><a href=\"https:\/\/www.praha14.cz\/app\/uploads\/sites\/2\/2014\/04\/Zve\u0159ejn\u011bn\u00ed-Informac\u00ed-o-v\u00fdsledc\u00edch-kontrol-za-rok-2014-dle-\u00a7-26-z.-\u010d.-255_2012-Sb.-kontroln\u00ed-\u0159\u00e1d.pdf\" target=\"_blank\" rel=\"noopener noreferrer\">Informace o v\u00fdsledc\u00edch kontrol za rok 2014<\/a><\/li>\n<li><a style=\"font-family: inherit; font-size: inherit;\" href=\"https:\/\/www.praha14.cz\/app\/uploads\/sites\/2\/2014\/04\/Informace-o-v\u00fdsledc\u00edch-kontrol-za-rok-2015.pdf\" target=\"_blank\" rel=\"noopener noreferrer\">Informace o v\u00fdsledc\u00edch kontrol za rok 2015<\/a><\/li>\n<li><a style=\"font-family: inherit; font-size: inherit;\" href=\"https:\/\/www.praha14.cz\/app\/uploads\/sites\/2\/2014\/04\/Informace-o-v\u00fdsledku-kontrol-za-rok-2016.pdf\" target=\"_blank\" rel=\"noopener noreferrer\">Informace o v\u00fdsledc\u00edch kontrol za rok 2016<\/a><\/li>\n<li><a style=\"font-family: inherit; font-size: inherit;\" href=\"https:\/\/www.praha14.cz\/app\/uploads\/sites\/2\/2014\/04\/Zve\u0159ejn\u011bn\u00ed-informac\u00ed-o-v\u00fdsledc\u00edch-kontrol-za-rok-2017.pdf\">Informace o v\u00fdsledc\u00edch kontrol za rok 2017<\/a><\/li>\n<li><a style=\"font-family: inherit; font-size: inherit;\" href=\"https:\/\/www.praha14.cz\/app\/uploads\/sites\/2\/2014\/04\/Informace-o-v\u00fdsledc\u00edch-kontrol-za-rok-2018.pdf\" target=\"_blank\" rel=\"noopener noreferrer\">Informace o v\u00fdsledc\u00edch kontrol za rok 2018<\/a><\/li>\n<li><a style=\"font-family: inherit; font-size: inherit;\" href=\"https:\/\/www.praha14.cz\/app\/uploads\/sites\/2\/2020\/01\/V\u00fdsledek-kontrol-za-rok-2019.pdf\" target=\"_blank\" rel=\"noopener noreferrer\">Informace o v\u00fdsledc\u00edch kontrol za rok 2019<\/a><\/li>\n<li><a style=\"font-family: inherit; font-size: inherit;\" href=\"https:\/\/www.praha14.cz\/app\/uploads\/sites\/2\/2021\/02\/V\u00fdsledek-kontrol-za-rok-2020.pdf\" target=\"_blank\" rel=\"noopener noreferrer\">Informace o v\u00fdsledc\u00edch kontrol za rok 2020<\/a><\/li>\n<li><a style=\"font-family: inherit; font-size: inherit;\" href=\"https:\/\/www.praha14.cz\/app\/uploads\/sites\/2\/2022\/01\/Zverejneni-informaci-o-vysledcich-kontrol-za-rok-2021.pdf\" target=\"_blank\" rel=\"noopener\">Informace o v\u00fdsledc\u00edch kontrol za rok 2021<\/a><\/li>\n<li><a style=\"font-family: inherit; font-size: inherit;\" href=\"https:\/\/www.praha14.cz\/app\/uploads\/sites\/2\/2023\/01\/Informace-o-vysledcich-kontrol-za-rok-2022-dle-kontrolniho-radu.pdf\" target=\"_blank\" rel=\"noopener\">Informace o v\u00fdsledc\u00edch kontrol za rok 2022<\/a><\/li>\n<li><a href=\"https:\/\/www.praha14.cz\/app\/uploads\/sites\/2\/2024\/02\/Informace-o-vysledcich-kontrol-za-rok-2023.pdf\" target=\"_blank\" rel=\"noopener\">Informace o v\u00fdsledc\u00edch kontrol za rok 2023<\/a><\/li>\n<li><a href=\"https:\/\/www.praha14.cz\/app\/uploads\/sites\/2\/2025\/02\/Zverejneni-informaci-o-vysledcich-kontrol-za-rok-2024.pdf\" target=\"_blank\" rel=\"noopener\">Informace o v\u00fdsledc\u00edch kontrol za rok 2024<\/a><\/li>\n<li><a href=\"https:\/\/www.praha14.cz\/app\/uploads\/sites\/2\/2026\/02\/Informace-o-vysledcich-kontrol-za-rok-2025.pdf\" target=\"_blank\" rel=\"noopener\">Informace o v\u00fdsledc\u00edch kontrol za rok 2025<\/a><\/li>\n<\/ul>\n<\/td>\n<\/tr>\n<\/tbody>\n<tbody>\n<tr>\n<td>19.<\/td>\n<td>Informace dle ustanoven\u00ed \u00a7 30 odst. 1 p\u00edsm. f) z\u00e1kona \u010d. 201\/2012 Sb., o ochran\u011b ovzdu\u0161\u00ed<\/td>\n<td style=\"text-align: left;\" colspan=\"3\">Z\u00e1konem \u010d. 201\/2012 Sb., o ochran\u011b ovzdu\u0161\u00ed byla zavedena povinnost<br \/>\npro org\u00e1ny ochrany ovzdu\u0161\u00ed aktivn\u011b zp\u0159\u00edstup\u0148ovat ve\u0159ejnosti informace o podan\u00fdch \u017e\u00e1dostech o z\u00e1vazn\u00e1<br \/>\nstanoviska.<br \/>\nKe sta\u017een\u00ed <a href=\"https:\/\/www.praha14.cz\/app\/uploads\/sites\/2\/2022\/06\/Ovzdusi_stanoviska.xls\" target=\"_blank\" rel=\"noopener\">Seznam \u017e\u00e1dost\u00ed evidovan\u00fdch Odborem \u017eivotn\u00edho prost\u0159ed\u00ed \u00daM\u010c Praha 14.<\/a><\/td>\n<\/tr>\n<\/tbody>\n<\/table>\n","protected":false},"excerpt":{"rendered":"<p>Informace podle z\u00e1kona \u010d. 106\/1999 Sb., o svobodn\u00e9m p\u0159\u00edstupu k informac\u00edm, ve zn\u011bn\u00ed vyhl\u00e1\u0161ky \u010d. 515\/2020 Sb. &nbsp; Povinn\u011b zve\u0159ej\u0148ovan\u00e9 informace 1. Ofici\u00e1ln\u00ed n\u00e1zev M\u011bstsk\u00e1 \u010d\u00e1st Praha 14, se s\u00eddlem Brat\u0159\u00ed Vencl\u00edk\u016f 1073, 198 21 Praha 9 2. D\u016fvod a zp\u016fsob zalo\u017een\u00ed Vznik M\u010c Praha 14 a podm\u00ednky jej\u00ed \u010dinnosti 3. Organiza\u010dn\u00ed struktura Organiza\u010dn\u00ed struktura&#8230;<\/p>\n","protected":false},"author":1,"featured_media":0,"parent":27877,"menu_order":0,"comment_status":"closed","ping_status":"closed","template":"","meta":{"_acf_changed":false,"footnotes":""},"class_list":["post-80","page","type-page","status-publish","hentry"],"acf":[],"yoast_head":"<!-- This site is optimized with the Yoast SEO plugin v27.2 - https:\/\/yoast.com\/product\/yoast-seo-wordpress\/ -->\n<title>Informace o povinn\u00e9m subjektu - \u00daM\u010c P14<\/title>\n<meta name=\"robots\" content=\"index, follow, max-snippet:-1, max-image-preview:large, max-video-preview:-1\" \/>\n<link rel=\"canonical\" href=\"https:\/\/www.praha14.cz\/urad-mestske-casti\/o-uradu-mc-p14\/informace-o-povinnem-subjektu\/\" \/>\n<meta property=\"og:locale\" content=\"cs_CZ\" \/>\n<meta property=\"og:type\" content=\"article\" \/>\n<meta property=\"og:title\" content=\"Informace o povinn\u00e9m subjektu - \u00daM\u010c P14\" \/>\n<meta property=\"og:description\" content=\"Informace podle z\u00e1kona \u010d. 106\/1999 Sb., o svobodn\u00e9m p\u0159\u00edstupu k informac\u00edm, ve zn\u011bn\u00ed vyhl\u00e1\u0161ky \u010d. 515\/2020 Sb. &nbsp; Povinn\u011b zve\u0159ej\u0148ovan\u00e9 informace 1. Ofici\u00e1ln\u00ed n\u00e1zev M\u011bstsk\u00e1 \u010d\u00e1st Praha 14, se s\u00eddlem Brat\u0159\u00ed Vencl\u00edk\u016f 1073, 198 21 Praha 9 2. D\u016fvod a zp\u016fsob zalo\u017een\u00ed Vznik M\u010c Praha 14 a podm\u00ednky jej\u00ed \u010dinnosti 3. Organiza\u010dn\u00ed struktura Organiza\u010dn\u00ed struktura...\" \/>\n<meta property=\"og:url\" content=\"https:\/\/www.praha14.cz\/urad-mestske-casti\/o-uradu-mc-p14\/informace-o-povinnem-subjektu\/\" \/>\n<meta property=\"og:site_name\" content=\"\u00daM\u010c P14\" \/>\n<meta property=\"article:modified_time\" content=\"2026-02-02T14:08:39+00:00\" \/>\n<meta name=\"twitter:card\" content=\"summary_large_image\" \/>\n<meta name=\"twitter:label1\" content=\"Est. reading time\" \/>\n\t<meta name=\"twitter:data1\" content=\"4 minuty\" \/>\n<script type=\"application\/ld+json\" class=\"yoast-schema-graph\">{\"@context\":\"https:\/\/schema.org\",\"@graph\":[{\"@type\":\"WebPage\",\"@id\":\"https:\/\/www.praha14.cz\/urad-mestske-casti\/o-uradu-mc-p14\/informace-o-povinnem-subjektu\/\",\"url\":\"https:\/\/www.praha14.cz\/urad-mestske-casti\/o-uradu-mc-p14\/informace-o-povinnem-subjektu\/\",\"name\":\"Informace o povinn\u00e9m subjektu - \u00daM\u010c P14\",\"isPartOf\":{\"@id\":\"https:\/\/www.praha14.cz\/urad-mestske-casti\/#website\"},\"datePublished\":\"2014-04-11T11:33:33+00:00\",\"dateModified\":\"2026-02-02T14:08:39+00:00\",\"breadcrumb\":{\"@id\":\"https:\/\/www.praha14.cz\/urad-mestske-casti\/o-uradu-mc-p14\/informace-o-povinnem-subjektu\/#breadcrumb\"},\"inLanguage\":\"cs\",\"potentialAction\":[{\"@type\":\"ReadAction\",\"target\":[\"https:\/\/www.praha14.cz\/urad-mestske-casti\/o-uradu-mc-p14\/informace-o-povinnem-subjektu\/\"]}]},{\"@type\":\"BreadcrumbList\",\"@id\":\"https:\/\/www.praha14.cz\/urad-mestske-casti\/o-uradu-mc-p14\/informace-o-povinnem-subjektu\/#breadcrumb\",\"itemListElement\":[{\"@type\":\"ListItem\",\"position\":1,\"name\":\"\u00da\u0159ad m\u011bstsk\u00e9 \u010d\u00e1sti Praha 14\",\"item\":\"https:\/\/www.praha14.cz\/urad-mestske-casti\/\"},{\"@type\":\"ListItem\",\"position\":2,\"name\":\"O \u00fa\u0159adu M\u010c P14\",\"item\":\"https:\/\/www.praha14.cz\/urad-mestske-casti\/o-uradu-mc-p14\/\"},{\"@type\":\"ListItem\",\"position\":3,\"name\":\"Informace o povinn\u00e9m subjektu\"}]},{\"@type\":\"WebSite\",\"@id\":\"https:\/\/www.praha14.cz\/urad-mestske-casti\/#website\",\"url\":\"https:\/\/www.praha14.cz\/urad-mestske-casti\/\",\"name\":\"\u00daM\u010c P14\",\"description\":\"Ofici\u00e1ln\u00ed str\u00e1nky m\u011bstsk\u00e9 \u010d\u00e1sti Praha 14\",\"potentialAction\":[{\"@type\":\"SearchAction\",\"target\":{\"@type\":\"EntryPoint\",\"urlTemplate\":\"https:\/\/www.praha14.cz\/urad-mestske-casti\/?s={search_term_string}\"},\"query-input\":{\"@type\":\"PropertyValueSpecification\",\"valueRequired\":true,\"valueName\":\"search_term_string\"}}],\"inLanguage\":\"cs\"}]}<\/script>\n<!-- \/ Yoast SEO plugin. -->","yoast_head_json":{"title":"Informace o povinn\u00e9m subjektu - \u00daM\u010c P14","robots":{"index":"index","follow":"follow","max-snippet":"max-snippet:-1","max-image-preview":"max-image-preview:large","max-video-preview":"max-video-preview:-1"},"canonical":"https:\/\/www.praha14.cz\/urad-mestske-casti\/o-uradu-mc-p14\/informace-o-povinnem-subjektu\/","og_locale":"cs_CZ","og_type":"article","og_title":"Informace o povinn\u00e9m subjektu - \u00daM\u010c P14","og_description":"Informace podle z\u00e1kona \u010d. 106\/1999 Sb., o svobodn\u00e9m p\u0159\u00edstupu k informac\u00edm, ve zn\u011bn\u00ed vyhl\u00e1\u0161ky \u010d. 515\/2020 Sb. &nbsp; Povinn\u011b zve\u0159ej\u0148ovan\u00e9 informace 1. Ofici\u00e1ln\u00ed n\u00e1zev M\u011bstsk\u00e1 \u010d\u00e1st Praha 14, se s\u00eddlem Brat\u0159\u00ed Vencl\u00edk\u016f 1073, 198 21 Praha 9 2. D\u016fvod a zp\u016fsob zalo\u017een\u00ed Vznik M\u010c Praha 14 a podm\u00ednky jej\u00ed \u010dinnosti 3. Organiza\u010dn\u00ed struktura Organiza\u010dn\u00ed struktura...","og_url":"https:\/\/www.praha14.cz\/urad-mestske-casti\/o-uradu-mc-p14\/informace-o-povinnem-subjektu\/","og_site_name":"\u00daM\u010c P14","article_modified_time":"2026-02-02T14:08:39+00:00","twitter_card":"summary_large_image","twitter_misc":{"Est. reading time":"4 minuty"},"schema":{"@context":"https:\/\/schema.org","@graph":[{"@type":"WebPage","@id":"https:\/\/www.praha14.cz\/urad-mestske-casti\/o-uradu-mc-p14\/informace-o-povinnem-subjektu\/","url":"https:\/\/www.praha14.cz\/urad-mestske-casti\/o-uradu-mc-p14\/informace-o-povinnem-subjektu\/","name":"Informace o povinn\u00e9m subjektu - \u00daM\u010c P14","isPartOf":{"@id":"https:\/\/www.praha14.cz\/urad-mestske-casti\/#website"},"datePublished":"2014-04-11T11:33:33+00:00","dateModified":"2026-02-02T14:08:39+00:00","breadcrumb":{"@id":"https:\/\/www.praha14.cz\/urad-mestske-casti\/o-uradu-mc-p14\/informace-o-povinnem-subjektu\/#breadcrumb"},"inLanguage":"cs","potentialAction":[{"@type":"ReadAction","target":["https:\/\/www.praha14.cz\/urad-mestske-casti\/o-uradu-mc-p14\/informace-o-povinnem-subjektu\/"]}]},{"@type":"BreadcrumbList","@id":"https:\/\/www.praha14.cz\/urad-mestske-casti\/o-uradu-mc-p14\/informace-o-povinnem-subjektu\/#breadcrumb","itemListElement":[{"@type":"ListItem","position":1,"name":"\u00da\u0159ad m\u011bstsk\u00e9 \u010d\u00e1sti Praha 14","item":"https:\/\/www.praha14.cz\/urad-mestske-casti\/"},{"@type":"ListItem","position":2,"name":"O \u00fa\u0159adu M\u010c P14","item":"https:\/\/www.praha14.cz\/urad-mestske-casti\/o-uradu-mc-p14\/"},{"@type":"ListItem","position":3,"name":"Informace o povinn\u00e9m subjektu"}]},{"@type":"WebSite","@id":"https:\/\/www.praha14.cz\/urad-mestske-casti\/#website","url":"https:\/\/www.praha14.cz\/urad-mestske-casti\/","name":"\u00daM\u010c P14","description":"Ofici\u00e1ln\u00ed str\u00e1nky m\u011bstsk\u00e9 \u010d\u00e1sti Praha 14","potentialAction":[{"@type":"SearchAction","target":{"@type":"EntryPoint","urlTemplate":"https:\/\/www.praha14.cz\/urad-mestske-casti\/?s={search_term_string}"},"query-input":{"@type":"PropertyValueSpecification","valueRequired":true,"valueName":"search_term_string"}}],"inLanguage":"cs"}]}},"_links":{"self":[{"href":"https:\/\/www.praha14.cz\/urad-mestske-casti\/wp-json\/wp\/v2\/pages\/80","targetHints":{"allow":["GET"]}}],"collection":[{"href":"https:\/\/www.praha14.cz\/urad-mestske-casti\/wp-json\/wp\/v2\/pages"}],"about":[{"href":"https:\/\/www.praha14.cz\/urad-mestske-casti\/wp-json\/wp\/v2\/types\/page"}],"author":[{"embeddable":true,"href":"https:\/\/www.praha14.cz\/urad-mestske-casti\/wp-json\/wp\/v2\/users\/1"}],"replies":[{"embeddable":true,"href":"https:\/\/www.praha14.cz\/urad-mestske-casti\/wp-json\/wp\/v2\/comments?post=80"}],"version-history":[{"count":73,"href":"https:\/\/www.praha14.cz\/urad-mestske-casti\/wp-json\/wp\/v2\/pages\/80\/revisions"}],"predecessor-version":[{"id":54534,"href":"https:\/\/www.praha14.cz\/urad-mestske-casti\/wp-json\/wp\/v2\/pages\/80\/revisions\/54534"}],"up":[{"embeddable":true,"href":"https:\/\/www.praha14.cz\/urad-mestske-casti\/wp-json\/wp\/v2\/pages\/27877"}],"wp:attachment":[{"href":"https:\/\/www.praha14.cz\/urad-mestske-casti\/wp-json\/wp\/v2\/media?parent=80"}],"curies":[{"name":"wp","href":"https:\/\/api.w.org\/{rel}","templated":true}]}}