{"id":91,"date":"2014-04-11T12:50:07","date_gmt":"2014-04-11T11:50:07","guid":{"rendered":"\/urad-mestske-casti\/?page_id=91"},"modified":"2022-08-24T12:43:40","modified_gmt":"2022-08-24T10:43:40","slug":"pusobnost-mestske-casti","status":"publish","type":"page","link":"https:\/\/www.praha14.cz\/urad-mestske-casti\/o-uradu-mc-p14\/pusobnost-mestske-casti\/","title":{"rendered":"P\u016fsobnost m\u011bstsk\u00e9 \u010d\u00e1sti"},"content":{"rendered":"<section class=\"p14-panel-group\"><div id=\"panel_group_1\" class=\"panel-group\"><article class=\"panel panel-default\">\n\t\t\t<div class=\"panel-heading\">\n\t\t\t\t<h1 class=\"panel-title\">\n\t\t\t\t\t<a data-toggle=\"collapse\" data-parent=\"#panel_group_1\" href=\"#panel_1_1\" class=\"collapsed\">\n\t\t\t\t\t\tVyhl\u00e1\u0161ka \u010d. 55\/2000 Sb. hl. m. Prahy\n\t\t\t\t\t<\/a>\n\t\t\t\t<\/h1>\n\t\t\t<\/div>\n\t\t\t<div id=\"panel_1_1\" class=\"panel-collapse collapse\">\n\t\t\t\t<div class=\"panel-body\">\n\t\t\t\t\t<\/p>\n<h5>Spr\u00e1vn\u00ed p\u016fsobnost m\u011bstsk\u00e9 \u010d\u00e1sti Praha 14<\/h5>\n<p>Dne\u00a0<strong>21.12.2000<\/strong>\u00a0se Zastupitelstvo hlavn\u00edho m\u011bsta Prahy usneslo vydat podle \u00a7 17 odst. 3 z\u00e1kona \u010d. 131\/2000 Sb., o hlavn\u00edm m\u011bst\u011b Praze, obecn\u011b z\u00e1vaznou vyhl\u00e1\u0161ku\u00a0<a title=\"Odkaz do nov\u00e9ho okna\" href=\"https:\/\/www.praha.eu\/jnp\/cz\/o_meste\/vyhlasky_a_narizeni\/vyhledavani_v_pravnich_predpisech\/rok_2000-vyhlaska_cislo_55_ze_dne_21_12_2000.html\" target=\"_blank\" rel=\"noopener\">55\/2000<\/a>, kterou se vyd\u00e1v\u00e1 nov\u00fd\u00a0<strong>Statut hl.m.Prahy,\u00a0<\/strong>platn\u00fd od\u00a0<strong><strong>1.7.2001.<\/strong><\/strong><\/p>\n<h5>Zm\u011bny vyhl\u00e1\u0161ky 55\/2000:<\/h5>\n<p>Dne<strong>\u00a027.5.2004<\/strong>\u00a0Zastupitelstvo hlavn\u00edho m\u011bsta Prahy schv\u00e1lilo\u00a0<a href=\"\/app\/uploads\/sites\/2\/2014\/04\/statut55_novela-1.rtf\">obecn\u011b z\u00e1vaznou vyhl\u00e1\u0161ku (27.5.2004)<\/a>\u00a0(rtf, 37KB), kterou se m\u011bn\u00ed obecn\u011b z\u00e1vazn\u00e1 vyhl\u00e1\u0161ka \u010d. 55\/2000 Sb. hl. m. Prahy, kterou se vyd\u00e1v\u00e1 Statut hlavn\u00edho m\u011bsta Prahy, ve zn\u011bn\u00ed pozd\u011bj\u0161\u00edch p\u0159edpis\u016f.<\/p>\n<p>Dne<strong>\u00a024.6.2004\u00a0<\/strong>se Zastupitelstvo hlavn\u00edho m\u011bsta Prahy usneslo vydat podle \u00a7 17 odst. 3 z\u00e1kona \u010d. 131\/2000 Sb., o hlavn\u00edm m\u011bst\u011b Praze\u00a0<a title=\"Odkaz do nov\u00e9ho okna\" href=\"https:\/\/www.praha.eu\/jnp\/cz\/o_meste\/vyhlasky_a_narizeni\/vyhledavani_v_pravnich_predpisech\/rok_2004-vyhlaska_cislo_12_ze_dne_24_06_2004.html\" target=\"_blank\" rel=\"noopener\">obecn\u011b z\u00e1vaznou vyhl\u00e1\u0161ku \u010d. 12<\/a>, kterou se m\u011bn\u00ed obecn\u011b z\u00e1vazn\u00e1 vyhl\u00e1\u0161ka \u010d. 55\/2000 Sb. hl. m. Prahy, kterou se vyd\u00e1v\u00e1 Statut hlavn\u00edho m\u011bsta Prahy, ve zn\u011bn\u00ed pozd\u011bj\u0161\u00edch p\u0159edpis\u016f.<\/p>\n<p>Dne\u00a0<strong>24.2.2005<\/strong>\u00a0se Zastupitelstvo hlavn\u00edho m\u011bsta Prahy usneslo vydat\u00a0<a href=\"\/app\/uploads\/sites\/2\/2014\/04\/vyhl55_24-2-051.rtf\">obecn\u011b z\u00e1vaznou vyhl\u00e1\u0161ku (24.2.2005)<\/a>\u00a0(form\u00e1t .rtf, 29KB), kterou se m\u011bn\u00ed obecn\u011b z\u00e1vazn\u00e1 vyhl\u00e1\u0161ka \u010d. 55\/2000 Sb. hl.m.Prahy, kterou se vyd\u00e1v\u00e1 Statut hlavn\u00edho m\u011bsta Prahy, ve zn\u011bn\u00ed pozd\u011bj\u0161\u00edch p\u0159edpis\u016f, kde jsou upraveny kompetence \u00fazemn\u00ed samospr\u00e1vy ve \u0161kolstv\u00ed jednotliv\u00fdch m\u011bstsk\u00fdch \u010d\u00e1st\u00ed a d\u00e1le kompetence v\u00fdkonu st\u00e1tn\u00ed spr\u00e1vy ve \u0161kolstv\u00ed, kter\u00e9 vykon\u00e1vaj\u00ed m\u011bstsk\u00e9 \u010d\u00e1sti Praha 1 &#8211; 22.<\/p>\n<p>&nbsp;<\/p>\n<h5>Vybran\u00e9 \u010d\u00e1sti vyhl\u00e1\u0161ky \u010d. 55\/2000:<\/h5>\n<p><span style=\"color: #a2c516;\"><strong>\u010c\u00e1st druh\u00e1<\/strong><\/span><\/p>\n<p>Z\u00e1le\u017eitosti , kter\u00e9 se sv\u011b\u0159uj\u00ed do p\u016fsobnosti m\u011bstsk\u00fdch \u010d\u00e1st\u00ed nad rozsah stanoven\u00fd z\u00e1konem<br \/>\n<strong>Hlava I<\/strong><br \/>\n<span style=\"color: #a2c516;\"><strong>Samostatn\u00e1 p\u016fsobnost<\/strong><\/span><\/p>\n<p><strong>\u00a7 2<\/strong><\/p>\n<p>Do samostatn\u00e9 p\u016fsobnosti v\u0161ech m\u011bstsk\u00fdch \u010d\u00e1st\u00ed se nad rozsah stanoven\u00fd z\u00e1konem sv\u011b\u0159uj\u00ed z\u00e1le\u017eitosti uveden\u00e9 v\u00a0<a title=\"Odkaz do nov\u00e9ho okna\" href=\"\/app\/uploads\/sites\/2\/2014\/04\/priloha2.rtf\" target=\"_blank\" rel=\"noopener\">p\u0159\u00edloze \u010d. 2<\/a>\u00a0t\u00e9to vyhl\u00e1\u0161ky (67Kb).<br \/>\n<strong>Hlava II<\/strong><br \/>\n<span style=\"color: #a2c516;\"><strong>P\u0159enesen\u00e1 p\u016fsobnost<\/strong><\/span><\/p>\n<p><strong>\u00a7 3<\/strong><\/p>\n<p>(1) Do p\u0159enesen\u00e9 p\u016fsobnosti v\u0161ech m\u011bstsk\u00fdch \u010d\u00e1st\u00ed se nad rozsah stanoven\u00fd z\u00e1konem sv\u011b\u0159uj\u00ed z\u00e1le\u017eitosti uveden\u00e9 v \u010d\u00e1sti A\u00a0<a title=\"Odkaz do nov\u00e9ho okna\" href=\"\/app\/uploads\/sites\/2\/2014\/04\/priloha3.rtf\" target=\"_blank\" rel=\"noopener\">p\u0159\u00edlohy \u010d. 3<\/a>\u00a0t\u00e9to vyhl\u00e1\u0161ky (112KB).<\/p>\n<p>(2) Do p\u0159enesen\u00e9 p\u016fsobnosti m\u011bstsk\u00fdch \u010d\u00e1st\u00ed, kter\u00e9 nevedou matriku, se nad rozsah stanoven\u00fd z\u00e1konem sv\u011b\u0159uj\u00ed z\u00e1le\u017eitosti uveden\u00e9 v \u010d\u00e1sti B\u00a0<a title=\"Odkaz do nov\u00e9ho okna\" href=\"\/app\/uploads\/sites\/2\/2014\/04\/priloha3.rtf\" target=\"_blank\" rel=\"noopener\">p\u0159\u00edlohy \u010d. 3<\/a>\u00a0t\u00e9to vyhl\u00e1\u0161ky.<\/p>\n<p>(3) M\u011bstsk\u00e9 \u010d\u00e1sti vykon\u00e1vaj\u00ed p\u0159enesenou p\u016fsobnost podle odstavce 1 a 2 na sv\u00e9m \u00fazem\u00ed.<\/p>\n<p><strong>\u00a7 4<\/strong><\/p>\n<p>(1) Do p\u0159enesen\u00e9 p\u016fsobnosti m\u011bstsk\u00fdch \u010d\u00e1st\u00ed Praha 1, Praha 2, Praha 3, Praha 4, Praha 5, Praha 6, Praha 7, Praha 8, Praha 9, Praha 10, Praha 11, Praha 12, Praha 13,\u00a0<strong>Praha 14<\/strong>, Praha 15, Praha &#8211; Horn\u00ed Po\u010dernice, Praha &#8211; Kbely, Praha &#8211; Let\u0148any, Praha &#8211; Radot\u00edn, Praha &#8211; \u0158epy, Praha &#8211; Uh\u0159\u00edn\u011bves a Praha &#8211; \u00dajezd nad Lesy se nad rozsah stanoven\u00fd z\u00e1konem sv\u011b\u0159uj\u00ed z\u00e1le\u017eitosti uveden\u00e9 v \u010d\u00e1sti A\u00a0<a title=\"Odkaz do nov\u00e9ho okna\" href=\"\/app\/uploads\/sites\/2\/2014\/04\/priloha4.rtf\" target=\"_blank\" rel=\"noopener\">p\u0159\u00edlohy \u010d. 4<\/a>\u00a0t\u00e9to vyhl\u00e1\u0161ky (272KB).<\/p>\n<p>(2) Do p\u0159enesen\u00e9 p\u016fsobnosti m\u011bstsk\u00fdch \u010d\u00e1st\u00ed Praha 11, Praha 12, Praha 13,\u00a0<strong>Praha 14<\/strong>, Praha 15, Praha &#8211; Horn\u00ed Po\u010dernice, Praha &#8211; Kbely, Praha &#8211; Let\u0148any, Praha &#8211; Radot\u00edn, Praha &#8211; \u0158epy, Praha &#8211; Uh\u0159\u00edn\u011bves a Praha &#8211; \u00dajezd nad Lesy se nad rozsah stanoven\u00fd z\u00e1konem sv\u011b\u0159uj\u00ed z\u00e1le\u017eitosti uveden\u00e9 v \u010d\u00e1sti B\u00a0<a title=\"Odkaz do nov\u00e9ho okna\" href=\"\/app\/uploads\/sites\/2\/2014\/04\/priloha4.rtf\" target=\"_blank\" rel=\"noopener\">p\u0159\u00edlohy \u010d. 4<\/a>\u00a0t\u00e9to vyhl\u00e1\u0161ky.<\/p>\n<p>(16)\u00a0<strong>M\u011bstsk\u00e1 \u010d\u00e1st Praha 14<\/strong>\u00a0vykon\u00e1v\u00e1 p\u0159enesenou p\u016fsobnost podle odstavc\u016f 1 a 2 a p\u0159enesenou p\u016fsobnost uvedenou v \u010d\u00e1sti C\u00a0<a title=\"Odkaz do nov\u00e9ho okna\" href=\"\/app\/uploads\/sites\/2\/2014\/04\/priloha4.rtf\" target=\"_blank\" rel=\"noopener\">p\u0159\u00edlohy \u010d. 4<\/a>\u00a0t\u00e9to vyhl\u00e1\u0161ky na sv\u00e9m \u00fazem\u00ed a na \u00fazem\u00ed m\u011bstsk\u00e9 \u010d\u00e1sti\u00a0<strong>Praha &#8211; Doln\u00ed Po\u010dernice<\/strong>.<\/p>\n<p><strong>Z hlediska \u00fast\u0159edn\u00edch org\u00e1n\u016f st\u00e1tn\u00ed spr\u00e1vy je Praha 14 sou\u010d\u00e1st\u00ed obvodu Praha 9.<\/strong><\/p>\n<p>&nbsp;<\/p>\n<h5><strong>Informace Odboru v\u00fdstavby:<\/strong><\/h5>\n<p>Odbor v\u00fdstavby informuje o zm\u011bn\u00e1ch, ke kter\u00fdm do\u0161lo v souvislosti se zm\u011bnou obecn\u011b z\u00e1vazn\u00e9 vyhl\u00e1\u0161ky hl. m. Prahy &#8211; \u010d. 55\/2000 Sb hl.m. Prahy, kterou se vyd\u00e1v\u00e1 Statut hlavn\u00edho m\u011bsta Prahy, ve zn\u011bn\u00ed pozd\u011bj\u0161\u00edch p\u0159edpis\u016f:<\/p>\n<p>Doch\u00e1z\u00ed ke zm\u011bn\u011b p\u0159edm\u011btu p\u016fsobnosti odboru v\u00fdstavby &#8211;\u00a0<strong>dle z\u00e1kona \u010d. 50\/1976 Sb (stavebn\u00ed z\u00e1kon) je sv\u011b\u0159en do p\u016fsobnosti odboru v\u00fdstavby v\u00fdkon p\u016fsobnosti stavebn\u00edho \u00fa\u0159adu s v\u00fdjimkou sv\u011bteln\u00fdch signaliza\u010dn\u00edch za\u0159\u00edzen\u00ed a nosn\u00fdch konstrukc\u00ed pro dopravn\u011b informa\u010dn\u00ed syst\u00e9my a dopravn\u00ed zna\u010den\u00ed.<\/strong><\/p>\n<p>K t\u00e9to zm\u011bn\u011b do\u0161lo v souladu s decentralizac\u00ed rozhodov\u00e1n\u00ed v r\u00e1mci reformy ve\u0159ejn\u00e9 spr\u00e1vy a z d\u016fvodu jasn\u00e9ho ur\u010den\u00ed p\u0159\u00edslu\u0161nosti stavebn\u00edho \u00fa\u0159adu v \u00fazemn\u00edm \u0159\u00edzen\u00ed a jednotn\u00e9ho posuzov\u00e1n\u00ed staveb v \u0159\u00edzen\u00ed \u00fazemn\u00edm a stavebn\u00edm.<br \/>\nStejn\u011b jako stavebn\u00ed povolen\u00ed tak i \u00fazemn\u00ed rozhodnut\u00ed vyd\u00e1van\u00e9 OV , \u00da\u0159adem M\u010c bude v p\u0159\u00edpadn\u00e9m odvolac\u00edm \u0159\u00edzen\u00ed p\u0159ezkoum\u00e1vat MHMP.<br \/>\nV p\u0159\u00edpad\u011b celom\u011bstsk\u00e9ho z\u00e1jmu u jednotliv\u00fdch zvl\u00e1\u0161\u0165 technicky obt\u00ed\u017en\u00fdch nebo neobvykl\u00fdch staveb nebo u opat\u0159en\u00ed s rozs\u00e1hlej\u0161\u00edmi \u00fa\u010dinky na \u017eivotn\u00ed prost\u0159ed\u00ed a jeho okol\u00ed, m\u016f\u017ee MHMP vyu\u017e\u00edt sv\u00e9ho pr\u00e1va dle \u00a7 123 stavebn\u00edho z\u00e1k. a vyhradit si pravomoc stavebn\u00edho \u00fa\u0159adu.<\/p>\n<p><strong>Ing. V\u011bra Joudov\u00e1<\/strong><br \/>\nVed odboru v\u00fdstavby<\/p>\n<p>\n\t\t\t\t<\/div>\n\t\t\t<\/div>\n\t\t<\/article><article class=\"panel panel-default\">\n\t\t\t<div class=\"panel-heading\">\n\t\t\t\t<h1 class=\"panel-title\">\n\t\t\t\t\t<a data-toggle=\"collapse\" data-parent=\"#panel_group_1\" href=\"#panel_1_2\" class=\"collapsed\">\n\t\t\t\t\t\tSpr\u00e1vn\u00ed obvody Prahy\n\t\t\t\t\t<\/a>\n\t\t\t\t<\/h1>\n\t\t\t<\/div>\n\t\t\t<div id=\"panel_1_2\" class=\"panel-collapse collapse\">\n\t\t\t\t<div class=\"panel-body\">\n\t\t\t\t\t<br \/>\nPodle nov\u00e9ho Statutu hl. m. Prahy, platn\u00e9ho od 1.7.2001, m\u00e1 Praha dvacet dva spr\u00e1vn\u00ed obvody, do kter\u00fdch je rozd\u011bleno 57 m\u011bstsk\u00fdch \u010d\u00e1st\u00ed:<\/p>\n<table>\n<colgroup>\n<col width=\"17%\" align=\"center\" \/>\n<col width=\"25%\" align=\"center\" \/>\n<col width=\"58%\" align=\"center\" \/><\/colgroup>\n<tbody>\n<tr>\n<th scope=\"col\">\u010c\u00edslo spr\u00e1vn\u00edho obvodu<\/th>\n<th scope=\"col\">Pov\u011b\u0159en\u00e1<br \/>\nM\u010c pro spr\u00e1vn\u00ed obvod<\/th>\n<th scope=\"col\">Za\u0159azen\u00e9 M\u010c<\/th>\n<\/tr>\n<tr>\n<td><b>1 <\/b><\/td>\n<td><b>Praha 1<\/b><\/td>\n<td>Praha 1<\/td>\n<\/tr>\n<tr>\n<td><b> 2 <\/b><\/td>\n<td><b>Praha 2<\/b><\/td>\n<td>Praha 2<\/td>\n<\/tr>\n<tr>\n<td><b> 3 <\/b><\/td>\n<td><b>Praha 3 <\/b><\/td>\n<td>Praha 3<\/td>\n<\/tr>\n<tr>\n<td><b>4 <\/b><\/td>\n<td><b>Praha 4 <\/b><\/td>\n<td>Praha 4, Kunratice<\/td>\n<\/tr>\n<tr>\n<td><b>5 <\/b><\/td>\n<td><b>Praha 5 <\/b><\/td>\n<td>Praha 5, Slivenec<\/td>\n<\/tr>\n<tr>\n<td><b> 6 <\/b><\/td>\n<td><b>Praha 6 <\/b><\/td>\n<td>Praha 6, Suchdol, Lysolaje, Nebu\u0161ice, P\u0159edn\u00ed Kopanina<\/td>\n<\/tr>\n<tr>\n<td><b>7 <\/b><\/td>\n<td><b>Praha 7 <\/b><\/td>\n<td>Praha 7, Troja<\/td>\n<\/tr>\n<tr>\n<td><b>8 <\/b><\/td>\n<td><b>Praha 8 <\/b><\/td>\n<td>Praha 8, \u010e\u00e1blice, B\u0159ezin\u011bves, Doln\u00ed Chabry<\/td>\n<\/tr>\n<tr>\n<td><b>9 <\/b><\/td>\n<td><b>Praha 9 <\/b><\/td>\n<td>Praha 9<\/td>\n<\/tr>\n<tr>\n<td><b>10 <\/b><\/td>\n<td><b>Praha 10 <\/b><\/td>\n<td>Praha 10<\/td>\n<\/tr>\n<tr>\n<td><b>11 <\/b><\/td>\n<td><b>Praha 11 <\/b><\/td>\n<td>Praha 11, \u0160eberov, \u00dajezd u Pr\u016fhonic, K\u0159eslice<\/td>\n<\/tr>\n<tr>\n<td><b>12 <\/b><\/td>\n<td><b>Praha 12 <\/b><\/td>\n<td>Praha 12, Libu\u0161<\/td>\n<\/tr>\n<tr>\n<td><b>13 <\/b><\/td>\n<td><b>Praha 13 <\/b><\/td>\n<td>Praha 13, \u0158eporyje<\/td>\n<\/tr>\n<tr class=\"c0c0cf\">\n<td><b>14 <\/b><\/td>\n<td><b>Praha 14 <\/b><\/td>\n<td>Praha 14, Doln\u00ed Po\u010dernice<\/td>\n<\/tr>\n<tr>\n<td><b>15 <\/b><\/td>\n<td><b>Praha 15 <\/b><\/td>\n<td>Praha 15, Doln\u00ed M\u011bcholupy, \u0160t\u011brboholy, Petrovice, Dube\u010d<\/td>\n<\/tr>\n<tr>\n<td><b>16 <\/b><\/td>\n<td><b>Praha 16\u00a0<\/b>(Radot\u00edn ) *<\/td>\n<td>Praha 16, Velk\u00e1 Chuchle, Lochkov, Zbraslav, Lipence<\/td>\n<\/tr>\n<tr>\n<td><b>17 <\/b><\/td>\n<td><b>Praha 17\u00a0<\/b>(\u0158epy) *<\/td>\n<td>Praha 17, Zli\u010d\u00edn<\/td>\n<\/tr>\n<tr>\n<td><b>18 <\/b><\/td>\n<td><b>Praha 18\u00a0<\/b>(Let\u0148any) *<\/td>\n<td>Praha 18, \u010cakovice (od 1.11.2007)<\/td>\n<\/tr>\n<tr>\n<td><b>19 <\/b><\/td>\n<td><b>Praha 19\u00a0<\/b>(Kbely) *<\/td>\n<td>Praha 19, Vino\u0159, Satalice, \u010cakovice (do 31.10.2007)<\/td>\n<\/tr>\n<tr>\n<td><b>20 <\/b><\/td>\n<td><b>Praha 20\u00a0<\/b>(Horn\u00ed Po\u010dernice) *<\/td>\n<td>Praha 20<\/td>\n<\/tr>\n<tr>\n<td><b>21 <\/b><\/td>\n<td><b>Praha 21\u00a0<\/b>(\u00dajezd nad Lesy) *<\/td>\n<td>Praha 21, Kl\u00e1novice, Kolod\u011bje, B\u011bchovice<\/td>\n<\/tr>\n<tr>\n<td><b>22 <\/b><\/td>\n<td><b>Praha 22\u00a0<\/b>(Uh\u0159\u00edn\u011bves ) *<\/td>\n<td>Praha 22, Kr\u00e1lovice, Nedv\u011bz\u00ed, Kolovraty, Benice<\/td>\n<\/tr>\n<\/tbody>\n<\/table>\n<p>* M\u011bstsk\u00e9 \u010d\u00e1sti Radot\u00edn, \u0158epy, Let\u0148any, Kbely, Horn\u00ed Po\u010dernice a Uh\u0159\u00edn\u011bves se od 1. ledna 2002 ozna\u010duj\u00ed\u00a0<b>Praha 16 a\u017e 22<\/b>.<br \/>\n\n\t\t\t\t<\/div>\n\t\t\t<\/div>\n\t\t<\/article><\/div><\/section>\n","protected":false},"excerpt":{"rendered":"","protected":false},"author":1,"featured_media":0,"parent":27877,"menu_order":0,"comment_status":"closed","ping_status":"closed","template":"","meta":{"_acf_changed":false,"footnotes":""},"class_list":["post-91","page","type-page","status-publish","hentry"],"acf":[],"yoast_head":"<!-- This site is optimized with the Yoast SEO plugin v27.2 - https:\/\/yoast.com\/product\/yoast-seo-wordpress\/ -->\n<title>P\u016fsobnost m\u011bstsk\u00e9 \u010d\u00e1sti - \u00daM\u010c P14<\/title>\n<meta name=\"robots\" content=\"index, follow, max-snippet:-1, max-image-preview:large, max-video-preview:-1\" \/>\n<link rel=\"canonical\" href=\"https:\/\/www.praha14.cz\/urad-mestske-casti\/o-uradu-mc-p14\/pusobnost-mestske-casti\/\" \/>\n<meta property=\"og:locale\" content=\"cs_CZ\" \/>\n<meta property=\"og:type\" content=\"article\" \/>\n<meta property=\"og:title\" content=\"P\u016fsobnost m\u011bstsk\u00e9 \u010d\u00e1sti - \u00daM\u010c P14\" \/>\n<meta property=\"og:url\" content=\"https:\/\/www.praha14.cz\/urad-mestske-casti\/o-uradu-mc-p14\/pusobnost-mestske-casti\/\" \/>\n<meta property=\"og:site_name\" content=\"\u00daM\u010c P14\" \/>\n<meta property=\"article:modified_time\" content=\"2022-08-24T10:43:40+00:00\" \/>\n<meta name=\"twitter:card\" content=\"summary_large_image\" \/>\n<meta name=\"twitter:label1\" content=\"Est. reading time\" \/>\n\t<meta name=\"twitter:data1\" content=\"5 minut\" \/>\n<script type=\"application\/ld+json\" class=\"yoast-schema-graph\">{\"@context\":\"https:\/\/schema.org\",\"@graph\":[{\"@type\":\"WebPage\",\"@id\":\"https:\/\/www.praha14.cz\/urad-mestske-casti\/o-uradu-mc-p14\/pusobnost-mestske-casti\/\",\"url\":\"https:\/\/www.praha14.cz\/urad-mestske-casti\/o-uradu-mc-p14\/pusobnost-mestske-casti\/\",\"name\":\"P\u016fsobnost m\u011bstsk\u00e9 \u010d\u00e1sti - \u00daM\u010c P14\",\"isPartOf\":{\"@id\":\"https:\/\/www.praha14.cz\/urad-mestske-casti\/#website\"},\"datePublished\":\"2014-04-11T11:50:07+00:00\",\"dateModified\":\"2022-08-24T10:43:40+00:00\",\"breadcrumb\":{\"@id\":\"https:\/\/www.praha14.cz\/urad-mestske-casti\/o-uradu-mc-p14\/pusobnost-mestske-casti\/#breadcrumb\"},\"inLanguage\":\"cs\",\"potentialAction\":[{\"@type\":\"ReadAction\",\"target\":[\"https:\/\/www.praha14.cz\/urad-mestske-casti\/o-uradu-mc-p14\/pusobnost-mestske-casti\/\"]}]},{\"@type\":\"BreadcrumbList\",\"@id\":\"https:\/\/www.praha14.cz\/urad-mestske-casti\/o-uradu-mc-p14\/pusobnost-mestske-casti\/#breadcrumb\",\"itemListElement\":[{\"@type\":\"ListItem\",\"position\":1,\"name\":\"\u00da\u0159ad m\u011bstsk\u00e9 \u010d\u00e1sti Praha 14\",\"item\":\"https:\/\/www.praha14.cz\/urad-mestske-casti\/\"},{\"@type\":\"ListItem\",\"position\":2,\"name\":\"O \u00fa\u0159adu M\u010c P14\",\"item\":\"https:\/\/www.praha14.cz\/urad-mestske-casti\/o-uradu-mc-p14\/\"},{\"@type\":\"ListItem\",\"position\":3,\"name\":\"P\u016fsobnost m\u011bstsk\u00e9 \u010d\u00e1sti\"}]},{\"@type\":\"WebSite\",\"@id\":\"https:\/\/www.praha14.cz\/urad-mestske-casti\/#website\",\"url\":\"https:\/\/www.praha14.cz\/urad-mestske-casti\/\",\"name\":\"\u00daM\u010c P14\",\"description\":\"Ofici\u00e1ln\u00ed str\u00e1nky m\u011bstsk\u00e9 \u010d\u00e1sti Praha 14\",\"potentialAction\":[{\"@type\":\"SearchAction\",\"target\":{\"@type\":\"EntryPoint\",\"urlTemplate\":\"https:\/\/www.praha14.cz\/urad-mestske-casti\/?s={search_term_string}\"},\"query-input\":{\"@type\":\"PropertyValueSpecification\",\"valueRequired\":true,\"valueName\":\"search_term_string\"}}],\"inLanguage\":\"cs\"}]}<\/script>\n<!-- \/ Yoast SEO plugin. -->","yoast_head_json":{"title":"P\u016fsobnost m\u011bstsk\u00e9 \u010d\u00e1sti - \u00daM\u010c P14","robots":{"index":"index","follow":"follow","max-snippet":"max-snippet:-1","max-image-preview":"max-image-preview:large","max-video-preview":"max-video-preview:-1"},"canonical":"https:\/\/www.praha14.cz\/urad-mestske-casti\/o-uradu-mc-p14\/pusobnost-mestske-casti\/","og_locale":"cs_CZ","og_type":"article","og_title":"P\u016fsobnost m\u011bstsk\u00e9 \u010d\u00e1sti - \u00daM\u010c P14","og_url":"https:\/\/www.praha14.cz\/urad-mestske-casti\/o-uradu-mc-p14\/pusobnost-mestske-casti\/","og_site_name":"\u00daM\u010c P14","article_modified_time":"2022-08-24T10:43:40+00:00","twitter_card":"summary_large_image","twitter_misc":{"Est. reading time":"5 minut"},"schema":{"@context":"https:\/\/schema.org","@graph":[{"@type":"WebPage","@id":"https:\/\/www.praha14.cz\/urad-mestske-casti\/o-uradu-mc-p14\/pusobnost-mestske-casti\/","url":"https:\/\/www.praha14.cz\/urad-mestske-casti\/o-uradu-mc-p14\/pusobnost-mestske-casti\/","name":"P\u016fsobnost m\u011bstsk\u00e9 \u010d\u00e1sti - \u00daM\u010c P14","isPartOf":{"@id":"https:\/\/www.praha14.cz\/urad-mestske-casti\/#website"},"datePublished":"2014-04-11T11:50:07+00:00","dateModified":"2022-08-24T10:43:40+00:00","breadcrumb":{"@id":"https:\/\/www.praha14.cz\/urad-mestske-casti\/o-uradu-mc-p14\/pusobnost-mestske-casti\/#breadcrumb"},"inLanguage":"cs","potentialAction":[{"@type":"ReadAction","target":["https:\/\/www.praha14.cz\/urad-mestske-casti\/o-uradu-mc-p14\/pusobnost-mestske-casti\/"]}]},{"@type":"BreadcrumbList","@id":"https:\/\/www.praha14.cz\/urad-mestske-casti\/o-uradu-mc-p14\/pusobnost-mestske-casti\/#breadcrumb","itemListElement":[{"@type":"ListItem","position":1,"name":"\u00da\u0159ad m\u011bstsk\u00e9 \u010d\u00e1sti Praha 14","item":"https:\/\/www.praha14.cz\/urad-mestske-casti\/"},{"@type":"ListItem","position":2,"name":"O \u00fa\u0159adu M\u010c P14","item":"https:\/\/www.praha14.cz\/urad-mestske-casti\/o-uradu-mc-p14\/"},{"@type":"ListItem","position":3,"name":"P\u016fsobnost m\u011bstsk\u00e9 \u010d\u00e1sti"}]},{"@type":"WebSite","@id":"https:\/\/www.praha14.cz\/urad-mestske-casti\/#website","url":"https:\/\/www.praha14.cz\/urad-mestske-casti\/","name":"\u00daM\u010c P14","description":"Ofici\u00e1ln\u00ed str\u00e1nky m\u011bstsk\u00e9 \u010d\u00e1sti Praha 14","potentialAction":[{"@type":"SearchAction","target":{"@type":"EntryPoint","urlTemplate":"https:\/\/www.praha14.cz\/urad-mestske-casti\/?s={search_term_string}"},"query-input":{"@type":"PropertyValueSpecification","valueRequired":true,"valueName":"search_term_string"}}],"inLanguage":"cs"}]}},"_links":{"self":[{"href":"https:\/\/www.praha14.cz\/urad-mestske-casti\/wp-json\/wp\/v2\/pages\/91","targetHints":{"allow":["GET"]}}],"collection":[{"href":"https:\/\/www.praha14.cz\/urad-mestske-casti\/wp-json\/wp\/v2\/pages"}],"about":[{"href":"https:\/\/www.praha14.cz\/urad-mestske-casti\/wp-json\/wp\/v2\/types\/page"}],"author":[{"embeddable":true,"href":"https:\/\/www.praha14.cz\/urad-mestske-casti\/wp-json\/wp\/v2\/users\/1"}],"replies":[{"embeddable":true,"href":"https:\/\/www.praha14.cz\/urad-mestske-casti\/wp-json\/wp\/v2\/comments?post=91"}],"version-history":[{"count":4,"href":"https:\/\/www.praha14.cz\/urad-mestske-casti\/wp-json\/wp\/v2\/pages\/91\/revisions"}],"predecessor-version":[{"id":48062,"href":"https:\/\/www.praha14.cz\/urad-mestske-casti\/wp-json\/wp\/v2\/pages\/91\/revisions\/48062"}],"up":[{"embeddable":true,"href":"https:\/\/www.praha14.cz\/urad-mestske-casti\/wp-json\/wp\/v2\/pages\/27877"}],"wp:attachment":[{"href":"https:\/\/www.praha14.cz\/urad-mestske-casti\/wp-json\/wp\/v2\/media?parent=91"}],"curies":[{"name":"wp","href":"https:\/\/api.w.org\/{rel}","templated":true}]}}