{"id":10153,"date":"2014-04-23T14:12:55","date_gmt":"2014-04-23T13:12:55","guid":{"rendered":"https:\/\/www.praha14.cz\/zpravodajstvi\/?page_id=10153"},"modified":"2014-06-18T09:24:08","modified_gmt":"2014-06-18T08:24:08","slug":"archiv-52002","status":"publish","type":"page","link":"https:\/\/www.praha14.cz\/zivot-na-praze-14\/casopis-ctrnactka-14\/listy-prahy-14\/archiv-52002\/","title":{"rendered":"Archiv &#8211; 5\/2002"},"content":{"rendered":"<p><b style=\"line-height: 1.5em\">Seznam \u010dl\u00e1nk\u016f \u010d. 5\/2002<\/b><\/p>\n<table>\n<tbody>\n<tr>\n<td><b><span>Tituln\u00ed strana<\/span><\/b><\/td>\n<td><a href=\"https:\/\/www.praha14.cz\/app\/uploads\/sites\/3\/2014\/04\/2002_5_anketa.pdf\">Anketa<\/a><\/td>\n<\/tr>\n<tr>\n<td><a href=\"https:\/\/www.praha14.cz\/app\/uploads\/sites\/3\/2014\/04\/2002_5_kamenkrasa.pdf\">Kamenn\u00e1 kr\u00e1sa<\/a><\/td>\n<td><span><b>strana 9<\/b><\/span><\/td>\n<\/tr>\n<tr>\n<td><b><span>strana 2<\/span><\/b><\/td>\n<td><span><a href=\"https:\/\/www.praha14.cz\/app\/uploads\/sites\/3\/2014\/04\/2002_5_kostel.pdf\">Tribunov\u00fd kostel sv.Bartolom\u011bje v Kyj\u00edch<\/a><\/span><\/td>\n<\/tr>\n<tr>\n<td><a href=\"https:\/\/www.praha14.cz\/app\/uploads\/sites\/3\/2014\/04\/Zpravodajstv\u00ed-z-radnice.pdf\">Zpravodajstv\u00ed z Radnice<\/a><\/td>\n<td><span><b>strana 10<\/b><\/span><\/td>\n<\/tr>\n<tr>\n<td><\/td>\n<td><a href=\"https:\/\/www.praha14.cz\/app\/uploads\/sites\/3\/2014\/04\/2002_5_motylek.pdf\">Tv\u016fr\u010d\u00ed d\u00edlna s Mot\u00fdlkem<\/a><\/td>\n<\/tr>\n<tr>\n<td><span><b>strana 3<\/b><\/span><\/td>\n<td><span><a href=\"https:\/\/www.praha14.cz\/app\/uploads\/sites\/3\/2014\/04\/2002_5_telegraficky.pdf\">Telegraficky z regionu<\/a><\/span><\/td>\n<\/tr>\n<tr>\n<td><a href=\"https:\/\/www.praha14.cz\/app\/uploads\/sites\/3\/2014\/04\/Vylepov\u00e1n\u00ed-plak\u00e1t\u016f-m\u00e1-sv\u00e1-pravidla.pdf\">Vylepov\u00e1n\u00ed plak\u00e1t\u016f m\u00e1 sv\u00e1 pravidla<\/a><\/td>\n<td><span><b>strana 11<\/b><\/span><\/td>\n<\/tr>\n<tr>\n<td><a href=\"https:\/\/www.praha14.cz\/app\/uploads\/sites\/3\/2014\/04\/2002_5_volby.pdf\">Aktu\u00e1ln\u011b o volb\u00e1ch<\/a><\/td>\n<td><a href=\"https:\/\/www.praha14.cz\/app\/uploads\/sites\/3\/2014\/04\/2002_5_nactileti.pdf\">\u010cern\u00fd Most a \u00a0-n\u00e1ctilet\u00ed aneb kulat\u00fd st\u016fl s otazn\u00edky<\/a><\/td>\n<\/tr>\n<tr>\n<td><a href=\"https:\/\/www.praha14.cz\/app\/uploads\/sites\/3\/2014\/04\/2002_5_zamecek.pdf\">Zve\u0159ejn\u011bn\u00ed z\u00e1m\u011bru na pron\u00e1jem hostavick\u00e9ho z\u00e1me\u010dku<\/a><\/td>\n<td><a href=\"https:\/\/www.praha14.cz\/app\/uploads\/sites\/3\/2014\/04\/2002_5_okrskar.pdf\">Zn\u00e1te sv\u00e9ho okrsk\u00e1\u0159e<\/a><\/td>\n<\/tr>\n<tr>\n<td><a href=\"https:\/\/www.praha14.cz\/app\/uploads\/sites\/3\/2014\/04\/2002_5_oslava.pdf\">Oslava v\u00fdro\u010d\u00ed ukon\u010den\u00ed druh\u00e9 sv\u011btov\u00e9 v\u00e1lky<\/a><\/td>\n<td><b><span>strana 12<\/span><\/b><\/td>\n<\/tr>\n<tr>\n<td><a href=\"https:\/\/www.praha14.cz\/app\/uploads\/sites\/3\/2014\/04\/2002_5_zdravotnictvi.pdf\">Informace ze zdravotnictv\u00ed<\/a><\/td>\n<td><a href=\"https:\/\/www.praha14.cz\/app\/uploads\/sites\/3\/2014\/04\/2002_5_pragensis.pdf\">Jak\u00e1 byla Schola Pragensis 2002<\/a><\/td>\n<\/tr>\n<tr>\n<td><a href=\"https:\/\/www.praha14.cz\/app\/uploads\/sites\/3\/2014\/04\/2002_5_redakce.pdf\">Redakce List\u016f Prahy 14 po p\u0159est\u011bhov\u00e1n\u00ed<\/a><\/td>\n<td><a href=\"https:\/\/www.praha14.cz\/app\/uploads\/sites\/3\/2014\/04\/2002_5_poradna.pdf\">Ob\u010danskospr\u00e1vn\u00ed poradna<\/a><\/td>\n<\/tr>\n<tr>\n<td><span><b>strana 4<\/b><\/span><\/td>\n<td><a href=\"https:\/\/www.praha14.cz\/app\/uploads\/sites\/3\/2014\/04\/2002_5_dobrovolnici.pdf\">Dobrovoln\u00edci nab\u00eddnou d\u011btem program<\/a><\/td>\n<\/tr>\n<tr>\n<td><a href=\"https:\/\/www.praha14.cz\/app\/uploads\/sites\/3\/2014\/04\/2002_5_rozhovor.pdf\">Rozhovor se \u010dlenem Zatupitelstva Vladim\u00edrem Svobodou(ODS)<\/a><\/td>\n<td><a href=\"https:\/\/www.praha14.cz\/app\/uploads\/sites\/3\/2014\/04\/2002_5_montessori.pdf\">Montessori v centru z\u00e1jmu<\/a><\/td>\n<\/tr>\n<tr>\n<td><a href=\"https:\/\/www.praha14.cz\/app\/uploads\/sites\/3\/2014\/04\/2002_5_skauti.pdf\">Den otev\u0159en\u00fdch dve\u0159\u00ed ve skautsk\u00e9 klubovn\u011b<\/a><\/td>\n<td><span><b>strana 13<\/b><\/span><\/td>\n<\/tr>\n<tr>\n<td><a href=\"https:\/\/www.praha14.cz\/app\/uploads\/sites\/3\/2014\/04\/2002_5_kulturnizen.pdf\">Kulturn\u00ed a sportovn\u00ed \u017ee\u0148<\/a><\/td>\n<td><a href=\"https:\/\/www.praha14.cz\/app\/uploads\/sites\/3\/2014\/04\/2002_5_travnicek.pdf\">Knihy Tr\u00e1vn\u00ed\u010dek<\/a><\/td>\n<\/tr>\n<tr>\n<td><span><b>strana 5<\/b><\/span><\/td>\n<td><\/td>\n<\/tr>\n<tr>\n<td><a href=\"https:\/\/www.praha14.cz\/app\/uploads\/sites\/3\/2014\/04\/2002_5_majetek.pdf\">\u010cern\u00fd Most z hlediska majetku m.\u010d. Praha 14<\/a><\/td>\n<td><span><b>16 strana<\/b><\/span><\/td>\n<\/tr>\n<tr>\n<td><a href=\"https:\/\/www.praha14.cz\/app\/uploads\/sites\/3\/2014\/04\/2002_5_kontejnery.pdf\">Velkoobjemov\u00e9 kontejnery<\/a><\/td>\n<td><span><a href=\"https:\/\/www.praha14.cz\/app\/uploads\/sites\/3\/2014\/04\/2002_5_popisky.pdf\">fotografie<\/a><\/span><\/td>\n<\/tr>\n<tr>\n<td><a href=\"https:\/\/www.praha14.cz\/app\/uploads\/sites\/3\/2014\/04\/2002_5_seniori.pdf\">Spole\u010densk\u00e9 odpoledne pro seniory<\/a><\/td>\n<td><a href=\"https:\/\/www.praha14.cz\/app\/uploads\/sites\/3\/2014\/04\/2002_5_turnaj.pdf\">Nejdel\u0161\u00ed a jedine\u010dn\u00fd turnaj<\/a><\/td>\n<\/tr>\n<tr>\n<td><b><span>strana 6 a\u017e 8<\/span><\/b><\/td>\n<td><a href=\"https:\/\/www.praha14.cz\/app\/uploads\/sites\/3\/2014\/04\/2002_5_materinka.pdf\">Roztan\u010den\u00e1 Mate\u0159inka<\/a><\/td>\n<\/tr>\n<tr>\n<td><a href=\"https:\/\/www.praha14.cz\/app\/uploads\/sites\/3\/2014\/04\/2002_5_program_rozvoje.pdf\">Pln\u011bn\u00ed programu rozvoje m.\u010d. Praha 14(1998-2002)<\/a><\/td>\n<td><a href=\"https:\/\/www.praha14.cz\/app\/uploads\/sites\/3\/2014\/04\/2002_5_majova.pdf\">M\u00e1jov\u00e1 oslava pohybu<\/a><\/td>\n<\/tr>\n<tr>\n<td><a href=\"https:\/\/www.praha14.cz\/app\/uploads\/sites\/3\/2014\/04\/2002_5_volejbal.pdf\">Volejbalov\u00fd turnaj<\/a><\/td>\n<td><\/td>\n<\/tr>\n<tr>\n<td><a href=\"https:\/\/www.praha14.cz\/app\/uploads\/sites\/3\/2014\/04\/2002_5_kvetinovyden.pdf\">Kv\u011btinov\u00fd den<\/a><\/td>\n<td><\/td>\n<\/tr>\n<\/tbody>\n<\/table>\n<p><img loading=\"lazy\" decoding=\"async\" alt=\"logo listy\" src=\"https:\/\/www.praha14.cz\/app\/uploads\/sites\/3\/2014\/04\/logoListy.jpg\" width=\"480\" height=\"174\" \/><\/p>\n","protected":false},"excerpt":{"rendered":"<p>Seznam \u010dl\u00e1nk\u016f \u010d. 5\/2002 Tituln\u00ed strana Anketa Kamenn\u00e1 kr\u00e1sa strana 9 strana 2 Tribunov\u00fd kostel sv.Bartolom\u011bje v Kyj\u00edch Zpravodajstv\u00ed z Radnice strana 10 Tv\u016fr\u010d\u00ed d\u00edlna s Mot\u00fdlkem strana 3 Telegraficky z regionu Vylepov\u00e1n\u00ed plak\u00e1t\u016f m\u00e1 sv\u00e1 pravidla strana 11 Aktu\u00e1ln\u011b o volb\u00e1ch \u010cern\u00fd Most a \u00a0-n\u00e1ctilet\u00ed aneb kulat\u00fd st\u016fl s otazn\u00edky Zve\u0159ejn\u011bn\u00ed z\u00e1m\u011bru na pron\u00e1jem&#8230;<\/p>\n","protected":false},"author":1,"featured_media":0,"parent":409,"menu_order":0,"comment_status":"closed","ping_status":"open","template":"","meta":{"_acf_changed":false,"footnotes":""},"class_list":["post-10153","page","type-page","status-publish","hentry"],"acf":[],"yoast_head":"<!-- This site is optimized with the Yoast SEO plugin v27.2 - https:\/\/yoast.com\/product\/yoast-seo-wordpress\/ -->\n<title>Archiv - 5\/2002 - \u017divot na Praze 14<\/title>\n<meta name=\"robots\" content=\"index, follow, max-snippet:-1, max-image-preview:large, max-video-preview:-1\" \/>\n<link rel=\"canonical\" href=\"https:\/\/www.praha14.cz\/zivot-na-praze-14\/casopis-ctrnactka-14\/listy-prahy-14\/archiv-52002\/\" \/>\n<meta property=\"og:locale\" content=\"cs_CZ\" \/>\n<meta property=\"og:type\" content=\"article\" \/>\n<meta property=\"og:title\" content=\"Archiv - 5\/2002 - \u017divot na Praze 14\" \/>\n<meta property=\"og:description\" content=\"Seznam \u010dl\u00e1nk\u016f \u010d. 5\/2002 Tituln\u00ed strana Anketa Kamenn\u00e1 kr\u00e1sa strana 9 strana 2 Tribunov\u00fd kostel sv.Bartolom\u011bje v Kyj\u00edch Zpravodajstv\u00ed z Radnice strana 10 Tv\u016fr\u010d\u00ed d\u00edlna s Mot\u00fdlkem strana 3 Telegraficky z regionu Vylepov\u00e1n\u00ed plak\u00e1t\u016f m\u00e1 sv\u00e1 pravidla strana 11 Aktu\u00e1ln\u011b o volb\u00e1ch \u010cern\u00fd Most a \u00a0-n\u00e1ctilet\u00ed aneb kulat\u00fd st\u016fl s otazn\u00edky Zve\u0159ejn\u011bn\u00ed z\u00e1m\u011bru na pron\u00e1jem...\" \/>\n<meta property=\"og:url\" content=\"https:\/\/www.praha14.cz\/zivot-na-praze-14\/casopis-ctrnactka-14\/listy-prahy-14\/archiv-52002\/\" \/>\n<meta property=\"og:site_name\" content=\"\u017divot na Praze 14\" \/>\n<meta property=\"article:modified_time\" content=\"2014-06-18T08:24:08+00:00\" \/>\n<meta property=\"og:image\" content=\"https:\/\/www.praha14.cz\/app\/uploads\/sites\/3\/2014\/04\/logoListy.jpg\" \/>\n<meta name=\"twitter:card\" content=\"summary_large_image\" \/>\n<meta name=\"twitter:label1\" content=\"Est. reading time\" \/>\n\t<meta name=\"twitter:data1\" content=\"1 minuta\" \/>\n<script type=\"application\/ld+json\" class=\"yoast-schema-graph\">{\"@context\":\"https:\/\/schema.org\",\"@graph\":[{\"@type\":\"WebPage\",\"@id\":\"https:\/\/www.praha14.cz\/zivot-na-praze-14\/casopis-ctrnactka-14\/listy-prahy-14\/archiv-52002\/\",\"url\":\"https:\/\/www.praha14.cz\/zivot-na-praze-14\/casopis-ctrnactka-14\/listy-prahy-14\/archiv-52002\/\",\"name\":\"Archiv - 5\/2002 - \u017divot na Praze 14\",\"isPartOf\":{\"@id\":\"https:\/\/www.praha14.cz\/zivot-na-praze-14\/#website\"},\"primaryImageOfPage\":{\"@id\":\"https:\/\/www.praha14.cz\/zivot-na-praze-14\/casopis-ctrnactka-14\/listy-prahy-14\/archiv-52002\/#primaryimage\"},\"image\":{\"@id\":\"https:\/\/www.praha14.cz\/zivot-na-praze-14\/casopis-ctrnactka-14\/listy-prahy-14\/archiv-52002\/#primaryimage\"},\"thumbnailUrl\":\"https:\/\/www.praha14.cz\/app\/uploads\/sites\/3\/2014\/04\/logoListy.jpg\",\"datePublished\":\"2014-04-23T13:12:55+00:00\",\"dateModified\":\"2014-06-18T08:24:08+00:00\",\"breadcrumb\":{\"@id\":\"https:\/\/www.praha14.cz\/zivot-na-praze-14\/casopis-ctrnactka-14\/listy-prahy-14\/archiv-52002\/#breadcrumb\"},\"inLanguage\":\"cs\",\"potentialAction\":[{\"@type\":\"ReadAction\",\"target\":[\"https:\/\/www.praha14.cz\/zivot-na-praze-14\/casopis-ctrnactka-14\/listy-prahy-14\/archiv-52002\/\"]}]},{\"@type\":\"ImageObject\",\"inLanguage\":\"cs\",\"@id\":\"https:\/\/www.praha14.cz\/zivot-na-praze-14\/casopis-ctrnactka-14\/listy-prahy-14\/archiv-52002\/#primaryimage\",\"url\":\"https:\/\/www.praha14.cz\/app\/uploads\/sites\/3\/2014\/04\/logoListy.jpg\",\"contentUrl\":\"https:\/\/www.praha14.cz\/app\/uploads\/sites\/3\/2014\/04\/logoListy.jpg\"},{\"@type\":\"BreadcrumbList\",\"@id\":\"https:\/\/www.praha14.cz\/zivot-na-praze-14\/casopis-ctrnactka-14\/listy-prahy-14\/archiv-52002\/#breadcrumb\",\"itemListElement\":[{\"@type\":\"ListItem\",\"position\":1,\"name\":\"\u017divot na Praze 14\",\"item\":\"https:\/\/www.praha14.cz\/zivot-na-praze-14\/\"},{\"@type\":\"ListItem\",\"position\":2,\"name\":\"\u010casopis \u010ctrn\u00e1ctka\",\"item\":\"https:\/\/www.praha14.cz\/zivot-na-praze-14\/casopis-ctrnactka-14\/\"},{\"@type\":\"ListItem\",\"position\":3,\"name\":\"Listy Prahy 14\",\"item\":\"https:\/\/www.praha14.cz\/zivot-na-praze-14\/casopis-ctrnactka-14\/listy-prahy-14\/\"},{\"@type\":\"ListItem\",\"position\":4,\"name\":\"Archiv &#8211; 5\/2002\"}]},{\"@type\":\"WebSite\",\"@id\":\"https:\/\/www.praha14.cz\/zivot-na-praze-14\/#website\",\"url\":\"https:\/\/www.praha14.cz\/zivot-na-praze-14\/\",\"name\":\"\u017divot na Praze 14\",\"description\":\"\",\"potentialAction\":[{\"@type\":\"SearchAction\",\"target\":{\"@type\":\"EntryPoint\",\"urlTemplate\":\"https:\/\/www.praha14.cz\/zivot-na-praze-14\/?s={search_term_string}\"},\"query-input\":{\"@type\":\"PropertyValueSpecification\",\"valueRequired\":true,\"valueName\":\"search_term_string\"}}],\"inLanguage\":\"cs\"}]}<\/script>\n<!-- \/ Yoast SEO plugin. -->","yoast_head_json":{"title":"Archiv - 5\/2002 - \u017divot na Praze 14","robots":{"index":"index","follow":"follow","max-snippet":"max-snippet:-1","max-image-preview":"max-image-preview:large","max-video-preview":"max-video-preview:-1"},"canonical":"https:\/\/www.praha14.cz\/zivot-na-praze-14\/casopis-ctrnactka-14\/listy-prahy-14\/archiv-52002\/","og_locale":"cs_CZ","og_type":"article","og_title":"Archiv - 5\/2002 - \u017divot na Praze 14","og_description":"Seznam \u010dl\u00e1nk\u016f \u010d. 5\/2002 Tituln\u00ed strana Anketa Kamenn\u00e1 kr\u00e1sa strana 9 strana 2 Tribunov\u00fd kostel sv.Bartolom\u011bje v Kyj\u00edch Zpravodajstv\u00ed z Radnice strana 10 Tv\u016fr\u010d\u00ed d\u00edlna s Mot\u00fdlkem strana 3 Telegraficky z regionu Vylepov\u00e1n\u00ed plak\u00e1t\u016f m\u00e1 sv\u00e1 pravidla strana 11 Aktu\u00e1ln\u011b o volb\u00e1ch \u010cern\u00fd Most a \u00a0-n\u00e1ctilet\u00ed aneb kulat\u00fd st\u016fl s otazn\u00edky Zve\u0159ejn\u011bn\u00ed z\u00e1m\u011bru na pron\u00e1jem...","og_url":"https:\/\/www.praha14.cz\/zivot-na-praze-14\/casopis-ctrnactka-14\/listy-prahy-14\/archiv-52002\/","og_site_name":"\u017divot na Praze 14","article_modified_time":"2014-06-18T08:24:08+00:00","og_image":[{"url":"https:\/\/www.praha14.cz\/app\/uploads\/sites\/3\/2014\/04\/logoListy.jpg","type":"","width":"","height":""}],"twitter_card":"summary_large_image","twitter_misc":{"Est. reading time":"1 minuta"},"schema":{"@context":"https:\/\/schema.org","@graph":[{"@type":"WebPage","@id":"https:\/\/www.praha14.cz\/zivot-na-praze-14\/casopis-ctrnactka-14\/listy-prahy-14\/archiv-52002\/","url":"https:\/\/www.praha14.cz\/zivot-na-praze-14\/casopis-ctrnactka-14\/listy-prahy-14\/archiv-52002\/","name":"Archiv - 5\/2002 - \u017divot na Praze 14","isPartOf":{"@id":"https:\/\/www.praha14.cz\/zivot-na-praze-14\/#website"},"primaryImageOfPage":{"@id":"https:\/\/www.praha14.cz\/zivot-na-praze-14\/casopis-ctrnactka-14\/listy-prahy-14\/archiv-52002\/#primaryimage"},"image":{"@id":"https:\/\/www.praha14.cz\/zivot-na-praze-14\/casopis-ctrnactka-14\/listy-prahy-14\/archiv-52002\/#primaryimage"},"thumbnailUrl":"https:\/\/www.praha14.cz\/app\/uploads\/sites\/3\/2014\/04\/logoListy.jpg","datePublished":"2014-04-23T13:12:55+00:00","dateModified":"2014-06-18T08:24:08+00:00","breadcrumb":{"@id":"https:\/\/www.praha14.cz\/zivot-na-praze-14\/casopis-ctrnactka-14\/listy-prahy-14\/archiv-52002\/#breadcrumb"},"inLanguage":"cs","potentialAction":[{"@type":"ReadAction","target":["https:\/\/www.praha14.cz\/zivot-na-praze-14\/casopis-ctrnactka-14\/listy-prahy-14\/archiv-52002\/"]}]},{"@type":"ImageObject","inLanguage":"cs","@id":"https:\/\/www.praha14.cz\/zivot-na-praze-14\/casopis-ctrnactka-14\/listy-prahy-14\/archiv-52002\/#primaryimage","url":"https:\/\/www.praha14.cz\/app\/uploads\/sites\/3\/2014\/04\/logoListy.jpg","contentUrl":"https:\/\/www.praha14.cz\/app\/uploads\/sites\/3\/2014\/04\/logoListy.jpg"},{"@type":"BreadcrumbList","@id":"https:\/\/www.praha14.cz\/zivot-na-praze-14\/casopis-ctrnactka-14\/listy-prahy-14\/archiv-52002\/#breadcrumb","itemListElement":[{"@type":"ListItem","position":1,"name":"\u017divot na Praze 14","item":"https:\/\/www.praha14.cz\/zivot-na-praze-14\/"},{"@type":"ListItem","position":2,"name":"\u010casopis \u010ctrn\u00e1ctka","item":"https:\/\/www.praha14.cz\/zivot-na-praze-14\/casopis-ctrnactka-14\/"},{"@type":"ListItem","position":3,"name":"Listy Prahy 14","item":"https:\/\/www.praha14.cz\/zivot-na-praze-14\/casopis-ctrnactka-14\/listy-prahy-14\/"},{"@type":"ListItem","position":4,"name":"Archiv &#8211; 5\/2002"}]},{"@type":"WebSite","@id":"https:\/\/www.praha14.cz\/zivot-na-praze-14\/#website","url":"https:\/\/www.praha14.cz\/zivot-na-praze-14\/","name":"\u017divot na Praze 14","description":"","potentialAction":[{"@type":"SearchAction","target":{"@type":"EntryPoint","urlTemplate":"https:\/\/www.praha14.cz\/zivot-na-praze-14\/?s={search_term_string}"},"query-input":{"@type":"PropertyValueSpecification","valueRequired":true,"valueName":"search_term_string"}}],"inLanguage":"cs"}]}},"_links":{"self":[{"href":"https:\/\/www.praha14.cz\/zivot-na-praze-14\/wp-json\/wp\/v2\/pages\/10153","targetHints":{"allow":["GET"]}}],"collection":[{"href":"https:\/\/www.praha14.cz\/zivot-na-praze-14\/wp-json\/wp\/v2\/pages"}],"about":[{"href":"https:\/\/www.praha14.cz\/zivot-na-praze-14\/wp-json\/wp\/v2\/types\/page"}],"author":[{"embeddable":true,"href":"https:\/\/www.praha14.cz\/zivot-na-praze-14\/wp-json\/wp\/v2\/users\/1"}],"replies":[{"embeddable":true,"href":"https:\/\/www.praha14.cz\/zivot-na-praze-14\/wp-json\/wp\/v2\/comments?post=10153"}],"version-history":[{"count":0,"href":"https:\/\/www.praha14.cz\/zivot-na-praze-14\/wp-json\/wp\/v2\/pages\/10153\/revisions"}],"up":[{"embeddable":true,"href":"https:\/\/www.praha14.cz\/zivot-na-praze-14\/wp-json\/wp\/v2\/pages\/409"}],"wp:attachment":[{"href":"https:\/\/www.praha14.cz\/zivot-na-praze-14\/wp-json\/wp\/v2\/media?parent=10153"}],"curies":[{"name":"wp","href":"https:\/\/api.w.org\/{rel}","templated":true}]}}