{"id":1092,"date":"2014-04-30T09:59:03","date_gmt":"2014-04-30T08:59:03","guid":{"rendered":"https:\/\/www.praha14.cz\/zivot-na-praze-14\/?page_id=1092"},"modified":"2023-01-31T11:42:39","modified_gmt":"2023-01-31T11:42:39","slug":"naucna-stezka","status":"publish","type":"page","link":"https:\/\/www.praha14.cz\/zivot-na-praze-14\/uvod-o-praze-14\/naucna-stezka\/","title":{"rendered":"Nau\u010dn\u00e1 stezka"},"content":{"rendered":"<p>I p\u0159es to, \u017ee na\u0161e m\u011bstsk\u00e1 \u010d\u00e1st pat\u0159\u00ed mezi ty mlad\u0161\u00ed, najdeme zde mnoho zaj\u00edmav\u00fdch odkaz\u016f na d\u00e1vnou historii i p\u0159\u00edrodn\u00ed zaj\u00edmavosti. Proto tak\u00e9 jako jedna z\u00a0m\u00e1la pra\u017esk\u00fdch \u010dtvrt\u00ed vybudovala\u00a0na sv\u00e9m \u00fazem\u00ed vlastn\u00ed nau\u010dnou stezku nazvanou <strong>14 zastaven\u00ed Prahy 14.<\/strong><\/p>\n<p>Stezka za\u010d\u00edn\u00e1 v\u00a0Hloub\u011bt\u00edn\u011b u stanice metra a p\u0159es star\u00fd Hloub\u011bt\u00edn postupn\u011b pokra\u010duje do Kyj\u00ed, Hostavic a Jahodnice. Odtud vede sm\u011brem na \u010cern\u00fd Most, Rajskou zahradou a Hut\u011b, kde kon\u010d\u00ed. Na ka\u017ed\u00e9 zast\u00e1vce je instalov\u00e1n informa\u010dn\u00ed panel, kter\u00fd p\u0159edstavuje zaj\u00edmavosti dan\u00e9ho m\u00edsta.<\/p>\n<p>Proj\u00edt celou trasu zabere okolo p\u011bti hodin. Vyu\u017e\u00edt ji m\u016f\u017eete i ke krat\u0161\u00edm proch\u00e1zk\u00e1m podle n\u00e1lady, po\u010das\u00ed nebo vybran\u00e9ho c\u00edle. Sta\u010d\u00ed se jen rozhodnout.<\/p>\n<p>&nbsp;<\/p>\n<h5>Z\u00e1kladn\u00ed \u00fadaje<\/h5>\n<p><strong>Vznik:<\/strong><br \/>\nb\u0159ezen 2007<\/p>\n<p><strong>Trasa:<\/strong><br \/>\nokruh za\u010d\u00ednaj\u00edc\u00ed a kon\u010d\u00edc\u00ed u stanice metra trasy B Hloub\u011bt\u00edn<\/p>\n<p><strong>D\u00e9lka:<\/strong><br \/>\ncca 11,7 km<\/p>\n<p><strong>Po\u010det zast\u00e1vek:<\/strong><br \/>\n14<\/p>\n<p><strong>Zna\u010den\u00ed trasy:<\/strong><br \/>\nzelenob\u00edl\u00e9 zna\u010dky nau\u010dn\u00fdch stezek<\/p>\n<p><strong>Tv\u016frci stezky:<\/strong><br \/>\nZ\u0160 Hloub\u011bt\u00ednsk\u00e1 (zem\u011bpisn\u00fd semin\u00e1\u0159 pod veden\u00edm M.\u00a0Platze), M\u010c Praha\u00a014, letopiseck\u00e1 komise.<\/p>\n<p>&nbsp;<\/p>\n<h5>Zast\u00e1vky<\/h5>\n<ol>\n<li><a href=\"https:\/\/www.praha14.cz\/zivot-na-praze-14\/nsp14-1\/\" target=\"_blank\" rel=\"noopener\">Metro Hloub\u011bt\u00edn<\/a><\/li>\n<li><a href=\"https:\/\/www.praha14.cz\/zivot-na-praze-14\/nsp14-2\/\" target=\"_blank\" rel=\"noopener\">Hloub\u011bt\u00ednsk\u00fd z\u00e1me\u010dek a kostel sv. Ji\u0159\u00ed<\/a><\/li>\n<li><a href=\"https:\/\/www.praha14.cz\/zivot-na-praze-14\/nsp14-3\/\" target=\"_blank\" rel=\"noopener\">Kyjsk\u00fd rybn\u00edk<\/a><\/li>\n<li><a href=\"https:\/\/www.praha14.cz\/zivot-na-praze-14\/nsp14-4\/\" target=\"_blank\" rel=\"noopener\">Kostel sv. Bartolom\u011bje<\/a><\/li>\n<li><a href=\"https:\/\/www.praha14.cz\/zivot-na-praze-14\/nsp14-5\/\" target=\"_blank\" rel=\"noopener\">Hr\u00e1z such\u00e9ho poldru<\/a><\/li>\n<li><a href=\"https:\/\/www.praha14.cz\/zivot-na-praze-14\/nsp14-6\/\" target=\"_blank\" rel=\"noopener\">Such\u00fd poldr &#8211; st\u0159ed<\/a><\/li>\n<li><a href=\"https:\/\/www.praha14.cz\/zivot-na-praze-14\/nsp14-7\/\" target=\"_blank\" rel=\"noopener\">Hostavice (zvoni\u010dka)<\/a><\/li>\n<li><a href=\"https:\/\/www.praha14.cz\/zivot-na-praze-14\/nsp14-8\/\" target=\"_blank\" rel=\"noopener\">Jahodnice<\/a><\/li>\n<li><a href=\"https:\/\/www.praha14.cz\/zivot-na-praze-14\/nsp14-9\/\" target=\"_blank\" rel=\"noopener\">P\u00edskovna<\/a><\/li>\n<li><a href=\"https:\/\/www.praha14.cz\/zivot-na-praze-14\/nsp14-10\/\" target=\"_blank\" rel=\"noopener\">\u010cihadla<\/a><\/li>\n<li><a href=\"https:\/\/www.praha14.cz\/zivot-na-praze-14\/nsp14-11\/\" target=\"_blank\" rel=\"noopener\">N\u00e1m. Plk. Vl\u010dka<\/a><\/li>\n<li><a href=\"https:\/\/www.praha14.cz\/zivot-na-praze-14\/nsp14-12\/\" target=\"_blank\" rel=\"noopener\">Rybn\u00edk Aloisov<\/a><\/li>\n<li><a href=\"https:\/\/www.praha14.cz\/zivot-na-praze-14\/nsp14-13\/\" target=\"_blank\" rel=\"noopener\">Rajsk\u00e1 zahrada<\/a><\/li>\n<li><a href=\"https:\/\/www.praha14.cz\/zivot-na-praze-14\/nsp14-14\/\" target=\"_blank\" rel=\"noopener\">Hut\u011b<\/a><\/li>\n<\/ol>\n<p><a href=\"https:\/\/www.praha14.cz\/app\/uploads\/sites\/4\/2014\/04\/naucna_stezka.pdf\" target=\"_blank\" rel=\"noopener\">Nau\u010dn\u00e1 stezka &#8211; 14 zastaven\u00ed na Praze 14<\/a>\u00a0(pdf)<\/p>\n","protected":false},"excerpt":{"rendered":"<p>I p\u0159es to, \u017ee na\u0161e m\u011bstsk\u00e1 \u010d\u00e1st pat\u0159\u00ed mezi ty mlad\u0161\u00ed, najdeme zde mnoho zaj\u00edmav\u00fdch odkaz\u016f na d\u00e1vnou historii i p\u0159\u00edrodn\u00ed zaj\u00edmavosti. Proto tak\u00e9 jako jedna z\u00a0m\u00e1la pra\u017esk\u00fdch \u010dtvrt\u00ed vybudovala\u00a0na sv\u00e9m \u00fazem\u00ed vlastn\u00ed nau\u010dnou stezku nazvanou 14 zastaven\u00ed Prahy 14. Stezka za\u010d\u00edn\u00e1 v\u00a0Hloub\u011bt\u00edn\u011b u stanice metra a p\u0159es star\u00fd Hloub\u011bt\u00edn postupn\u011b pokra\u010duje do Kyj\u00ed, Hostavic&#8230;<\/p>\n","protected":false},"author":1,"featured_media":0,"parent":64,"menu_order":0,"comment_status":"closed","ping_status":"closed","template":"","meta":{"_acf_changed":false,"footnotes":""},"class_list":["post-1092","page","type-page","status-publish","hentry"],"acf":[],"yoast_head":"<!-- This site is optimized with the Yoast SEO plugin v27.2 - https:\/\/yoast.com\/product\/yoast-seo-wordpress\/ -->\n<title>Nau\u010dn\u00e1 stezka - \u017divot na Praze 14<\/title>\n<meta name=\"robots\" content=\"index, follow, max-snippet:-1, max-image-preview:large, max-video-preview:-1\" \/>\n<link rel=\"canonical\" href=\"https:\/\/www.praha14.cz\/zivot-na-praze-14\/uvod-o-praze-14\/naucna-stezka\/\" \/>\n<meta property=\"og:locale\" content=\"cs_CZ\" \/>\n<meta property=\"og:type\" content=\"article\" \/>\n<meta property=\"og:title\" content=\"Nau\u010dn\u00e1 stezka - \u017divot na Praze 14\" \/>\n<meta property=\"og:description\" content=\"I p\u0159es to, \u017ee na\u0161e m\u011bstsk\u00e1 \u010d\u00e1st pat\u0159\u00ed mezi ty mlad\u0161\u00ed, najdeme zde mnoho zaj\u00edmav\u00fdch odkaz\u016f na d\u00e1vnou historii i p\u0159\u00edrodn\u00ed zaj\u00edmavosti. Proto tak\u00e9 jako jedna z\u00a0m\u00e1la pra\u017esk\u00fdch \u010dtvrt\u00ed vybudovala\u00a0na sv\u00e9m \u00fazem\u00ed vlastn\u00ed nau\u010dnou stezku nazvanou 14 zastaven\u00ed Prahy 14. Stezka za\u010d\u00edn\u00e1 v\u00a0Hloub\u011bt\u00edn\u011b u stanice metra a p\u0159es star\u00fd Hloub\u011bt\u00edn postupn\u011b pokra\u010duje do Kyj\u00ed, Hostavic...\" \/>\n<meta property=\"og:url\" content=\"https:\/\/www.praha14.cz\/zivot-na-praze-14\/uvod-o-praze-14\/naucna-stezka\/\" \/>\n<meta property=\"og:site_name\" content=\"\u017divot na Praze 14\" \/>\n<meta property=\"article:modified_time\" content=\"2023-01-31T11:42:39+00:00\" \/>\n<meta name=\"twitter:card\" content=\"summary_large_image\" \/>\n<meta name=\"twitter:label1\" content=\"Est. reading time\" \/>\n\t<meta name=\"twitter:data1\" content=\"2 minuty\" \/>\n<script type=\"application\/ld+json\" class=\"yoast-schema-graph\">{\"@context\":\"https:\/\/schema.org\",\"@graph\":[{\"@type\":\"WebPage\",\"@id\":\"https:\/\/www.praha14.cz\/zivot-na-praze-14\/uvod-o-praze-14\/naucna-stezka\/\",\"url\":\"https:\/\/www.praha14.cz\/zivot-na-praze-14\/uvod-o-praze-14\/naucna-stezka\/\",\"name\":\"Nau\u010dn\u00e1 stezka - \u017divot na Praze 14\",\"isPartOf\":{\"@id\":\"https:\/\/www.praha14.cz\/zivot-na-praze-14\/#website\"},\"datePublished\":\"2014-04-30T08:59:03+00:00\",\"dateModified\":\"2023-01-31T11:42:39+00:00\",\"breadcrumb\":{\"@id\":\"https:\/\/www.praha14.cz\/zivot-na-praze-14\/uvod-o-praze-14\/naucna-stezka\/#breadcrumb\"},\"inLanguage\":\"cs\",\"potentialAction\":[{\"@type\":\"ReadAction\",\"target\":[\"https:\/\/www.praha14.cz\/zivot-na-praze-14\/uvod-o-praze-14\/naucna-stezka\/\"]}]},{\"@type\":\"BreadcrumbList\",\"@id\":\"https:\/\/www.praha14.cz\/zivot-na-praze-14\/uvod-o-praze-14\/naucna-stezka\/#breadcrumb\",\"itemListElement\":[{\"@type\":\"ListItem\",\"position\":1,\"name\":\"\u017divot na Praze 14\",\"item\":\"https:\/\/www.praha14.cz\/zivot-na-praze-14\/\"},{\"@type\":\"ListItem\",\"position\":2,\"name\":\"O Praze 14\",\"item\":\"https:\/\/www.praha14.cz\/zivot-na-praze-14\/uvod-o-praze-14\/\"},{\"@type\":\"ListItem\",\"position\":3,\"name\":\"Nau\u010dn\u00e1 stezka\"}]},{\"@type\":\"WebSite\",\"@id\":\"https:\/\/www.praha14.cz\/zivot-na-praze-14\/#website\",\"url\":\"https:\/\/www.praha14.cz\/zivot-na-praze-14\/\",\"name\":\"\u017divot na Praze 14\",\"description\":\"\",\"potentialAction\":[{\"@type\":\"SearchAction\",\"target\":{\"@type\":\"EntryPoint\",\"urlTemplate\":\"https:\/\/www.praha14.cz\/zivot-na-praze-14\/?s={search_term_string}\"},\"query-input\":{\"@type\":\"PropertyValueSpecification\",\"valueRequired\":true,\"valueName\":\"search_term_string\"}}],\"inLanguage\":\"cs\"}]}<\/script>\n<!-- \/ Yoast SEO plugin. -->","yoast_head_json":{"title":"Nau\u010dn\u00e1 stezka - \u017divot na Praze 14","robots":{"index":"index","follow":"follow","max-snippet":"max-snippet:-1","max-image-preview":"max-image-preview:large","max-video-preview":"max-video-preview:-1"},"canonical":"https:\/\/www.praha14.cz\/zivot-na-praze-14\/uvod-o-praze-14\/naucna-stezka\/","og_locale":"cs_CZ","og_type":"article","og_title":"Nau\u010dn\u00e1 stezka - \u017divot na Praze 14","og_description":"I p\u0159es to, \u017ee na\u0161e m\u011bstsk\u00e1 \u010d\u00e1st pat\u0159\u00ed mezi ty mlad\u0161\u00ed, najdeme zde mnoho zaj\u00edmav\u00fdch odkaz\u016f na d\u00e1vnou historii i p\u0159\u00edrodn\u00ed zaj\u00edmavosti. Proto tak\u00e9 jako jedna z\u00a0m\u00e1la pra\u017esk\u00fdch \u010dtvrt\u00ed vybudovala\u00a0na sv\u00e9m \u00fazem\u00ed vlastn\u00ed nau\u010dnou stezku nazvanou 14 zastaven\u00ed Prahy 14. Stezka za\u010d\u00edn\u00e1 v\u00a0Hloub\u011bt\u00edn\u011b u stanice metra a p\u0159es star\u00fd Hloub\u011bt\u00edn postupn\u011b pokra\u010duje do Kyj\u00ed, Hostavic...","og_url":"https:\/\/www.praha14.cz\/zivot-na-praze-14\/uvod-o-praze-14\/naucna-stezka\/","og_site_name":"\u017divot na Praze 14","article_modified_time":"2023-01-31T11:42:39+00:00","twitter_card":"summary_large_image","twitter_misc":{"Est. reading time":"2 minuty"},"schema":{"@context":"https:\/\/schema.org","@graph":[{"@type":"WebPage","@id":"https:\/\/www.praha14.cz\/zivot-na-praze-14\/uvod-o-praze-14\/naucna-stezka\/","url":"https:\/\/www.praha14.cz\/zivot-na-praze-14\/uvod-o-praze-14\/naucna-stezka\/","name":"Nau\u010dn\u00e1 stezka - \u017divot na Praze 14","isPartOf":{"@id":"https:\/\/www.praha14.cz\/zivot-na-praze-14\/#website"},"datePublished":"2014-04-30T08:59:03+00:00","dateModified":"2023-01-31T11:42:39+00:00","breadcrumb":{"@id":"https:\/\/www.praha14.cz\/zivot-na-praze-14\/uvod-o-praze-14\/naucna-stezka\/#breadcrumb"},"inLanguage":"cs","potentialAction":[{"@type":"ReadAction","target":["https:\/\/www.praha14.cz\/zivot-na-praze-14\/uvod-o-praze-14\/naucna-stezka\/"]}]},{"@type":"BreadcrumbList","@id":"https:\/\/www.praha14.cz\/zivot-na-praze-14\/uvod-o-praze-14\/naucna-stezka\/#breadcrumb","itemListElement":[{"@type":"ListItem","position":1,"name":"\u017divot na Praze 14","item":"https:\/\/www.praha14.cz\/zivot-na-praze-14\/"},{"@type":"ListItem","position":2,"name":"O Praze 14","item":"https:\/\/www.praha14.cz\/zivot-na-praze-14\/uvod-o-praze-14\/"},{"@type":"ListItem","position":3,"name":"Nau\u010dn\u00e1 stezka"}]},{"@type":"WebSite","@id":"https:\/\/www.praha14.cz\/zivot-na-praze-14\/#website","url":"https:\/\/www.praha14.cz\/zivot-na-praze-14\/","name":"\u017divot na Praze 14","description":"","potentialAction":[{"@type":"SearchAction","target":{"@type":"EntryPoint","urlTemplate":"https:\/\/www.praha14.cz\/zivot-na-praze-14\/?s={search_term_string}"},"query-input":{"@type":"PropertyValueSpecification","valueRequired":true,"valueName":"search_term_string"}}],"inLanguage":"cs"}]}},"_links":{"self":[{"href":"https:\/\/www.praha14.cz\/zivot-na-praze-14\/wp-json\/wp\/v2\/pages\/1092","targetHints":{"allow":["GET"]}}],"collection":[{"href":"https:\/\/www.praha14.cz\/zivot-na-praze-14\/wp-json\/wp\/v2\/pages"}],"about":[{"href":"https:\/\/www.praha14.cz\/zivot-na-praze-14\/wp-json\/wp\/v2\/types\/page"}],"author":[{"embeddable":true,"href":"https:\/\/www.praha14.cz\/zivot-na-praze-14\/wp-json\/wp\/v2\/users\/1"}],"replies":[{"embeddable":true,"href":"https:\/\/www.praha14.cz\/zivot-na-praze-14\/wp-json\/wp\/v2\/comments?post=1092"}],"version-history":[{"count":19,"href":"https:\/\/www.praha14.cz\/zivot-na-praze-14\/wp-json\/wp\/v2\/pages\/1092\/revisions"}],"predecessor-version":[{"id":66039,"href":"https:\/\/www.praha14.cz\/zivot-na-praze-14\/wp-json\/wp\/v2\/pages\/1092\/revisions\/66039"}],"up":[{"embeddable":true,"href":"https:\/\/www.praha14.cz\/zivot-na-praze-14\/wp-json\/wp\/v2\/pages\/64"}],"wp:attachment":[{"href":"https:\/\/www.praha14.cz\/zivot-na-praze-14\/wp-json\/wp\/v2\/media?parent=1092"}],"curies":[{"name":"wp","href":"https:\/\/api.w.org\/{rel}","templated":true}]}}