{"id":10964,"date":"2014-04-23T14:25:35","date_gmt":"2014-04-23T13:25:35","guid":{"rendered":"https:\/\/www.praha14.cz\/zpravodajstvi\/?page_id=10964"},"modified":"2014-06-18T09:24:08","modified_gmt":"2014-06-18T08:24:08","slug":"archiv-112002","status":"publish","type":"page","link":"https:\/\/www.praha14.cz\/zivot-na-praze-14\/casopis-ctrnactka-14\/listy-prahy-14\/archiv-112002\/","title":{"rendered":"Archiv &#8211; 11\/2002"},"content":{"rendered":"<p><b>Seznam \u010dl\u00e1nk\u016f \u010d.11\/2002<\/b><\/p>\n<table>\n<tbody>\n<tr>\n<td><span><b>Tituln\u00ed strana<\/b><\/span><\/td>\n<td><span><b>strana 7<\/b><\/span><\/td>\n<\/tr>\n<tr>\n<td><a href=\"https:\/\/www.praha14.cz\/app\/uploads\/sites\/3\/2014\/04\/2002_11_vystavy.pdf\">V\u00fdstavy v Galerii 14<\/a><\/td>\n<td><a href=\"https:\/\/www.praha14.cz\/app\/uploads\/sites\/3\/2014\/04\/2002_11_telegraficky.pdf\">Tis\u00edc druh\u016f dve\u0159\u00ed<\/a><\/td>\n<\/tr>\n<tr>\n<td><a href=\"https:\/\/www.praha14.cz\/app\/uploads\/sites\/3\/2014\/04\/2002_11_14kilometru.pdf\">14 kilometr\u016f kolem Prahy 14<\/a><\/td>\n<td><a href=\"https:\/\/www.praha14.cz\/app\/uploads\/sites\/3\/2014\/04\/2002_11_burza.pdf\">Burza hra\u010dek a setk\u00e1n\u00ed sb\u011bratel\u016f<\/a><\/td>\n<\/tr>\n<tr>\n<td><a href=\"https:\/\/www.praha14.cz\/app\/uploads\/sites\/3\/2014\/04\/2002_11_vanocni.pdf\">V\u00e1no\u010dn\u00ed koncert<\/a><\/td>\n<td><a href=\"https:\/\/www.praha14.cz\/app\/uploads\/sites\/3\/2014\/04\/2002_11_arspueris.pdf\">Ars Pueris pro v\u00fdtvarn\u011b nadan\u00e9<\/a><\/td>\n<\/tr>\n<tr>\n<td><a href=\"https:\/\/www.praha14.cz\/app\/uploads\/sites\/3\/2014\/04\/2002_11_mikulasska.pdf\">Mikul\u00e1\u0161sk\u00e1 nad\u00edlka<\/a><\/td>\n<td><span><a href=\"https:\/\/www.praha14.cz\/app\/uploads\/sites\/3\/2014\/04\/2002_11_zeleny_dum.pdf\">Galerie<\/a><\/span><\/td>\n<\/tr>\n<tr>\n<td><span><b>strana 3<\/b><\/span><\/td>\n<td><a href=\"https:\/\/www.praha14.cz\/app\/uploads\/sites\/3\/2014\/04\/2002_11_klub.pdf\">Klub MUM pro spest\u0159en\u00ed mate\u0159sk\u00e9<\/a><\/td>\n<\/tr>\n<tr>\n<td><a href=\"https:\/\/www.praha14.cz\/app\/uploads\/sites\/3\/2014\/04\/2002_11_z_odbornych.pdf\">Z odborn\u00fdch komis\u00ed<\/a><\/td>\n<td><a href=\"https:\/\/www.praha14.cz\/app\/uploads\/sites\/3\/2014\/04\/2002_11_s_jahodou.pdf\">S jahodou jsou d\u011bti siln\u011bj\u0161\u00ed<\/a><\/td>\n<\/tr>\n<tr>\n<td><a href=\"https:\/\/www.praha14.cz\/app\/uploads\/sites\/3\/2014\/04\/2002_11_z_jednani.pdf\">Z jedn\u00e1n\u00ed v\u00fdbor\u016f<\/a><\/td>\n<td><a href=\"https:\/\/www.praha14.cz\/app\/uploads\/sites\/3\/2014\/04\/2002_11_hadejte.pdf\">H\u00e1dejte kde je?<\/a><\/td>\n<\/tr>\n<tr>\n<td><a href=\"https:\/\/www.praha14.cz\/app\/uploads\/sites\/3\/2014\/04\/2002_11_evidence.pdf\">Evidence obyvatel na Pod\u011bbradsk\u00e9 kon\u010d\u00ed<\/a><\/td>\n<td><span><b>strana 8 a 9<\/b><\/span><\/td>\n<\/tr>\n<tr>\n<td><a href=\"https:\/\/www.praha14.cz\/app\/uploads\/sites\/3\/2014\/04\/2002_11_prehledkolaudaci.pdf\">P\u0159ehled nov\u00fdch kolaudac\u00ed<\/a><\/td>\n<td><a href=\"https:\/\/www.praha14.cz\/app\/uploads\/sites\/3\/2014\/04\/2002_11_zastupitelske.pdf\">Zastupitelsk\u00e9 posledn\u00ed zvon\u011bn\u00ed<\/a><\/td>\n<\/tr>\n<tr>\n<td><a href=\"https:\/\/www.praha14.cz\/app\/uploads\/sites\/3\/2014\/04\/2002_11_vysledky.pdf\">V\u00fdskedky voleb na \u00fa\u0159edn\u00edch desk\u00e1ch<\/a><\/td>\n<td><span><b>strana 10<\/b><\/span><\/td>\n<\/tr>\n<tr>\n<td><a href=\"https:\/\/www.praha14.cz\/app\/uploads\/sites\/3\/2014\/04\/2002_11_diskusni.pdf\">Diskusn\u00ed f\u00f3rum a dal\u0161\u00ed u\u017eite\u010dn\u00e9 informace<\/a><\/td>\n<td><a href=\"https:\/\/www.praha14.cz\/app\/uploads\/sites\/3\/2014\/04\/2002_11_svatovaclavsky.pdf\">Svatov\u00e1clavsk\u00fd turnaj<\/a><\/td>\n<\/tr>\n<tr>\n<td><a href=\"https:\/\/www.praha14.cz\/app\/uploads\/sites\/3\/2014\/04\/2002_11_proverka.pdf\">Prov\u011brka sir\u00e9n<\/a><\/td>\n<td><span><a href=\"https:\/\/www.praha14.cz\/app\/uploads\/sites\/3\/2014\/04\/2002_11_kolobezkova.pdf\">Kolob\u011b\u017ekov\u00e9 dov\u00e1d\u011bn\u00ed<\/a><\/span><\/td>\n<\/tr>\n<tr>\n<td><a href=\"https:\/\/www.praha14.cz\/app\/uploads\/sites\/3\/2014\/04\/2002_11_stomatolog.pdf\">Stomatologick\u00e1 slu\u017eba prvn\u00ed pomoci<\/a><\/td>\n<td><a href=\"https:\/\/www.praha14.cz\/app\/uploads\/sites\/3\/2014\/04\/2002_11_pocernicke.pdf\">Po\u010dernick\u00e9 duatlony<\/a><\/td>\n<\/tr>\n<tr>\n<td><span><b>strana 4<\/b><\/span><\/td>\n<td><span><a href=\"https:\/\/www.praha14.cz\/app\/uploads\/sites\/3\/2014\/04\/2002_11_ccm.pdf\">C\u010cM v olympijsk\u00e9m duchu<\/a><\/span><\/td>\n<\/tr>\n<tr>\n<td><a href=\"https:\/\/www.praha14.cz\/app\/uploads\/sites\/3\/2014\/04\/2002_11_pojdte_snami.pdf\">Poj\u010fte s n\u00e1mi na \u00fa\u0159ad<\/a><\/td>\n<td><span><b>strana 11<\/b><\/span><\/td>\n<\/tr>\n<tr>\n<td><span><b>strana 5<\/b><\/span><\/td>\n<td><a href=\"https:\/\/www.praha14.cz\/app\/uploads\/sites\/3\/2014\/04\/2002_11_krby.pdf\">Krby a kamna<\/a><\/td>\n<\/tr>\n<tr>\n<td><a href=\"https:\/\/www.praha14.cz\/app\/uploads\/sites\/3\/2014\/04\/2002_11_divadlo.pdf\">M\u011bstsk\u00e1 \u010d\u00e1st Praha 14 a divadlo K\u00e1men<\/a><\/td>\n<td><a href=\"https:\/\/www.praha14.cz\/app\/uploads\/sites\/3\/2014\/04\/2002_11_restaurace.pdf\">Restaurace na konci sv\u011bta<\/a><\/td>\n<\/tr>\n<tr>\n<td><a href=\"https:\/\/www.praha14.cz\/app\/uploads\/sites\/3\/2014\/04\/2002_11_s_klidem.pdf\">S klidem a l\u00e1skou jde v\u0161echno l\u00e9pe<\/a><\/td>\n<td><a href=\"https:\/\/www.praha14.cz\/app\/uploads\/sites\/3\/2014\/04\/2002_11_vzpouzeni.pdf\">Vzpouzen\u00ed se lenosti<\/a><\/td>\n<\/tr>\n<tr>\n<td><span><b>strana 6<\/b><\/span><\/td>\n<td><span><b>strana 12<\/b><\/span><\/td>\n<\/tr>\n<tr>\n<td><a href=\"https:\/\/www.praha14.cz\/app\/uploads\/sites\/3\/2014\/04\/2002_11_z_parniku.pdf\">Z Parn\u00edku na cest\u011b ke zdrav\u00ed<\/a><\/td>\n<td><a href=\"https:\/\/www.praha14.cz\/app\/uploads\/sites\/3\/2014\/04\/2002_11_odvazni.pdf\">Odv\u00e1\u017en\u00ed mu\u017ei na l\u00e9taj\u00edc\u00edch stroj\u00edch<\/a><\/td>\n<\/tr>\n<tr>\n<td><a href=\"https:\/\/www.praha14.cz\/app\/uploads\/sites\/3\/2014\/04\/2002_11_knihy.pdf\">Knihy Tr\u00e1vn\u00ed\u010dek<\/a><\/td>\n<td><span><a href=\"https:\/\/www.praha14.cz\/app\/uploads\/sites\/3\/2014\/04\/2002_11_ze_vzpominek.pdf\">Ze vzpom\u00ednek st\u00edhac\u00edho pilota<\/a><\/span><\/td>\n<\/tr>\n<tr>\n<td><a href=\"https:\/\/www.praha14.cz\/app\/uploads\/sites\/3\/2014\/04\/2002_11_blahoprani.pdf\">Blahop\u0159\u00e1n\u00ed<\/a><\/td>\n<td><span><b>strana 16<\/b><\/span><\/td>\n<\/tr>\n<tr>\n<td><\/td>\n<td><a href=\"https:\/\/www.praha14.cz\/app\/uploads\/sites\/3\/2014\/04\/2002_11_zahradni.pdf\">Zahradn\u00ed slavnosti Bab\u00edho l\u00e9ta<\/a><\/td>\n<\/tr>\n<\/tbody>\n<\/table>\n<p><img loading=\"lazy\" decoding=\"async\" alt=\"logo listy\" src=\"https:\/\/www.praha14.cz\/app\/uploads\/sites\/3\/2014\/04\/logoListy.jpg\" width=\"480\" height=\"174\" \/><\/p>\n<p>&nbsp;<\/p>\n<p>&nbsp;<\/p>\n<p>&nbsp;<\/p>\n<p>&nbsp;<\/p>\n<p>&nbsp;<\/p>\n","protected":false},"excerpt":{"rendered":"<p>Seznam \u010dl\u00e1nk\u016f \u010d.11\/2002 Tituln\u00ed strana strana 7 V\u00fdstavy v Galerii 14 Tis\u00edc druh\u016f dve\u0159\u00ed 14 kilometr\u016f kolem Prahy 14 Burza hra\u010dek a setk\u00e1n\u00ed sb\u011bratel\u016f V\u00e1no\u010dn\u00ed koncert Ars Pueris pro v\u00fdtvarn\u011b nadan\u00e9 Mikul\u00e1\u0161sk\u00e1 nad\u00edlka Galerie strana 3 Klub MUM pro spest\u0159en\u00ed mate\u0159sk\u00e9 Z odborn\u00fdch komis\u00ed S jahodou jsou d\u011bti siln\u011bj\u0161\u00ed Z jedn\u00e1n\u00ed v\u00fdbor\u016f H\u00e1dejte kde je?&#8230;<\/p>\n","protected":false},"author":1,"featured_media":0,"parent":409,"menu_order":0,"comment_status":"closed","ping_status":"open","template":"","meta":{"_acf_changed":false,"footnotes":""},"class_list":["post-10964","page","type-page","status-publish","hentry"],"acf":[],"yoast_head":"<!-- This site is optimized with the Yoast SEO plugin v27.2 - https:\/\/yoast.com\/product\/yoast-seo-wordpress\/ -->\n<title>Archiv - 11\/2002 - \u017divot na Praze 14<\/title>\n<meta name=\"robots\" content=\"index, follow, max-snippet:-1, max-image-preview:large, max-video-preview:-1\" \/>\n<link rel=\"canonical\" href=\"https:\/\/www.praha14.cz\/zivot-na-praze-14\/casopis-ctrnactka-14\/listy-prahy-14\/archiv-112002\/\" \/>\n<meta property=\"og:locale\" content=\"cs_CZ\" \/>\n<meta property=\"og:type\" content=\"article\" \/>\n<meta property=\"og:title\" content=\"Archiv - 11\/2002 - \u017divot na Praze 14\" \/>\n<meta property=\"og:description\" content=\"Seznam \u010dl\u00e1nk\u016f \u010d.11\/2002 Tituln\u00ed strana strana 7 V\u00fdstavy v Galerii 14 Tis\u00edc druh\u016f dve\u0159\u00ed 14 kilometr\u016f kolem Prahy 14 Burza hra\u010dek a setk\u00e1n\u00ed sb\u011bratel\u016f V\u00e1no\u010dn\u00ed koncert Ars Pueris pro v\u00fdtvarn\u011b nadan\u00e9 Mikul\u00e1\u0161sk\u00e1 nad\u00edlka Galerie strana 3 Klub MUM pro spest\u0159en\u00ed mate\u0159sk\u00e9 Z odborn\u00fdch komis\u00ed S jahodou jsou d\u011bti siln\u011bj\u0161\u00ed Z jedn\u00e1n\u00ed v\u00fdbor\u016f H\u00e1dejte kde je?...\" \/>\n<meta property=\"og:url\" content=\"https:\/\/www.praha14.cz\/zivot-na-praze-14\/casopis-ctrnactka-14\/listy-prahy-14\/archiv-112002\/\" \/>\n<meta property=\"og:site_name\" content=\"\u017divot na Praze 14\" \/>\n<meta property=\"article:modified_time\" content=\"2014-06-18T08:24:08+00:00\" \/>\n<meta property=\"og:image\" content=\"https:\/\/www.praha14.cz\/app\/uploads\/sites\/3\/2014\/04\/logoListy.jpg\" \/>\n<meta name=\"twitter:card\" content=\"summary_large_image\" \/>\n<meta name=\"twitter:label1\" content=\"Est. reading time\" \/>\n\t<meta name=\"twitter:data1\" content=\"1 minuta\" \/>\n<script type=\"application\/ld+json\" class=\"yoast-schema-graph\">{\"@context\":\"https:\/\/schema.org\",\"@graph\":[{\"@type\":\"WebPage\",\"@id\":\"https:\/\/www.praha14.cz\/zivot-na-praze-14\/casopis-ctrnactka-14\/listy-prahy-14\/archiv-112002\/\",\"url\":\"https:\/\/www.praha14.cz\/zivot-na-praze-14\/casopis-ctrnactka-14\/listy-prahy-14\/archiv-112002\/\",\"name\":\"Archiv - 11\/2002 - \u017divot na Praze 14\",\"isPartOf\":{\"@id\":\"https:\/\/www.praha14.cz\/zivot-na-praze-14\/#website\"},\"primaryImageOfPage\":{\"@id\":\"https:\/\/www.praha14.cz\/zivot-na-praze-14\/casopis-ctrnactka-14\/listy-prahy-14\/archiv-112002\/#primaryimage\"},\"image\":{\"@id\":\"https:\/\/www.praha14.cz\/zivot-na-praze-14\/casopis-ctrnactka-14\/listy-prahy-14\/archiv-112002\/#primaryimage\"},\"thumbnailUrl\":\"https:\/\/www.praha14.cz\/app\/uploads\/sites\/3\/2014\/04\/logoListy.jpg\",\"datePublished\":\"2014-04-23T13:25:35+00:00\",\"dateModified\":\"2014-06-18T08:24:08+00:00\",\"breadcrumb\":{\"@id\":\"https:\/\/www.praha14.cz\/zivot-na-praze-14\/casopis-ctrnactka-14\/listy-prahy-14\/archiv-112002\/#breadcrumb\"},\"inLanguage\":\"cs\",\"potentialAction\":[{\"@type\":\"ReadAction\",\"target\":[\"https:\/\/www.praha14.cz\/zivot-na-praze-14\/casopis-ctrnactka-14\/listy-prahy-14\/archiv-112002\/\"]}]},{\"@type\":\"ImageObject\",\"inLanguage\":\"cs\",\"@id\":\"https:\/\/www.praha14.cz\/zivot-na-praze-14\/casopis-ctrnactka-14\/listy-prahy-14\/archiv-112002\/#primaryimage\",\"url\":\"https:\/\/www.praha14.cz\/app\/uploads\/sites\/3\/2014\/04\/logoListy.jpg\",\"contentUrl\":\"https:\/\/www.praha14.cz\/app\/uploads\/sites\/3\/2014\/04\/logoListy.jpg\"},{\"@type\":\"BreadcrumbList\",\"@id\":\"https:\/\/www.praha14.cz\/zivot-na-praze-14\/casopis-ctrnactka-14\/listy-prahy-14\/archiv-112002\/#breadcrumb\",\"itemListElement\":[{\"@type\":\"ListItem\",\"position\":1,\"name\":\"\u017divot na Praze 14\",\"item\":\"https:\/\/www.praha14.cz\/zivot-na-praze-14\/\"},{\"@type\":\"ListItem\",\"position\":2,\"name\":\"\u010casopis \u010ctrn\u00e1ctka\",\"item\":\"https:\/\/www.praha14.cz\/zivot-na-praze-14\/casopis-ctrnactka-14\/\"},{\"@type\":\"ListItem\",\"position\":3,\"name\":\"Listy Prahy 14\",\"item\":\"https:\/\/www.praha14.cz\/zivot-na-praze-14\/casopis-ctrnactka-14\/listy-prahy-14\/\"},{\"@type\":\"ListItem\",\"position\":4,\"name\":\"Archiv &#8211; 11\/2002\"}]},{\"@type\":\"WebSite\",\"@id\":\"https:\/\/www.praha14.cz\/zivot-na-praze-14\/#website\",\"url\":\"https:\/\/www.praha14.cz\/zivot-na-praze-14\/\",\"name\":\"\u017divot na Praze 14\",\"description\":\"\",\"potentialAction\":[{\"@type\":\"SearchAction\",\"target\":{\"@type\":\"EntryPoint\",\"urlTemplate\":\"https:\/\/www.praha14.cz\/zivot-na-praze-14\/?s={search_term_string}\"},\"query-input\":{\"@type\":\"PropertyValueSpecification\",\"valueRequired\":true,\"valueName\":\"search_term_string\"}}],\"inLanguage\":\"cs\"}]}<\/script>\n<!-- \/ Yoast SEO plugin. -->","yoast_head_json":{"title":"Archiv - 11\/2002 - \u017divot na Praze 14","robots":{"index":"index","follow":"follow","max-snippet":"max-snippet:-1","max-image-preview":"max-image-preview:large","max-video-preview":"max-video-preview:-1"},"canonical":"https:\/\/www.praha14.cz\/zivot-na-praze-14\/casopis-ctrnactka-14\/listy-prahy-14\/archiv-112002\/","og_locale":"cs_CZ","og_type":"article","og_title":"Archiv - 11\/2002 - \u017divot na Praze 14","og_description":"Seznam \u010dl\u00e1nk\u016f \u010d.11\/2002 Tituln\u00ed strana strana 7 V\u00fdstavy v Galerii 14 Tis\u00edc druh\u016f dve\u0159\u00ed 14 kilometr\u016f kolem Prahy 14 Burza hra\u010dek a setk\u00e1n\u00ed sb\u011bratel\u016f V\u00e1no\u010dn\u00ed koncert Ars Pueris pro v\u00fdtvarn\u011b nadan\u00e9 Mikul\u00e1\u0161sk\u00e1 nad\u00edlka Galerie strana 3 Klub MUM pro spest\u0159en\u00ed mate\u0159sk\u00e9 Z odborn\u00fdch komis\u00ed S jahodou jsou d\u011bti siln\u011bj\u0161\u00ed Z jedn\u00e1n\u00ed v\u00fdbor\u016f H\u00e1dejte kde je?...","og_url":"https:\/\/www.praha14.cz\/zivot-na-praze-14\/casopis-ctrnactka-14\/listy-prahy-14\/archiv-112002\/","og_site_name":"\u017divot na Praze 14","article_modified_time":"2014-06-18T08:24:08+00:00","og_image":[{"url":"https:\/\/www.praha14.cz\/app\/uploads\/sites\/3\/2014\/04\/logoListy.jpg","type":"","width":"","height":""}],"twitter_card":"summary_large_image","twitter_misc":{"Est. reading time":"1 minuta"},"schema":{"@context":"https:\/\/schema.org","@graph":[{"@type":"WebPage","@id":"https:\/\/www.praha14.cz\/zivot-na-praze-14\/casopis-ctrnactka-14\/listy-prahy-14\/archiv-112002\/","url":"https:\/\/www.praha14.cz\/zivot-na-praze-14\/casopis-ctrnactka-14\/listy-prahy-14\/archiv-112002\/","name":"Archiv - 11\/2002 - \u017divot na Praze 14","isPartOf":{"@id":"https:\/\/www.praha14.cz\/zivot-na-praze-14\/#website"},"primaryImageOfPage":{"@id":"https:\/\/www.praha14.cz\/zivot-na-praze-14\/casopis-ctrnactka-14\/listy-prahy-14\/archiv-112002\/#primaryimage"},"image":{"@id":"https:\/\/www.praha14.cz\/zivot-na-praze-14\/casopis-ctrnactka-14\/listy-prahy-14\/archiv-112002\/#primaryimage"},"thumbnailUrl":"https:\/\/www.praha14.cz\/app\/uploads\/sites\/3\/2014\/04\/logoListy.jpg","datePublished":"2014-04-23T13:25:35+00:00","dateModified":"2014-06-18T08:24:08+00:00","breadcrumb":{"@id":"https:\/\/www.praha14.cz\/zivot-na-praze-14\/casopis-ctrnactka-14\/listy-prahy-14\/archiv-112002\/#breadcrumb"},"inLanguage":"cs","potentialAction":[{"@type":"ReadAction","target":["https:\/\/www.praha14.cz\/zivot-na-praze-14\/casopis-ctrnactka-14\/listy-prahy-14\/archiv-112002\/"]}]},{"@type":"ImageObject","inLanguage":"cs","@id":"https:\/\/www.praha14.cz\/zivot-na-praze-14\/casopis-ctrnactka-14\/listy-prahy-14\/archiv-112002\/#primaryimage","url":"https:\/\/www.praha14.cz\/app\/uploads\/sites\/3\/2014\/04\/logoListy.jpg","contentUrl":"https:\/\/www.praha14.cz\/app\/uploads\/sites\/3\/2014\/04\/logoListy.jpg"},{"@type":"BreadcrumbList","@id":"https:\/\/www.praha14.cz\/zivot-na-praze-14\/casopis-ctrnactka-14\/listy-prahy-14\/archiv-112002\/#breadcrumb","itemListElement":[{"@type":"ListItem","position":1,"name":"\u017divot na Praze 14","item":"https:\/\/www.praha14.cz\/zivot-na-praze-14\/"},{"@type":"ListItem","position":2,"name":"\u010casopis \u010ctrn\u00e1ctka","item":"https:\/\/www.praha14.cz\/zivot-na-praze-14\/casopis-ctrnactka-14\/"},{"@type":"ListItem","position":3,"name":"Listy Prahy 14","item":"https:\/\/www.praha14.cz\/zivot-na-praze-14\/casopis-ctrnactka-14\/listy-prahy-14\/"},{"@type":"ListItem","position":4,"name":"Archiv &#8211; 11\/2002"}]},{"@type":"WebSite","@id":"https:\/\/www.praha14.cz\/zivot-na-praze-14\/#website","url":"https:\/\/www.praha14.cz\/zivot-na-praze-14\/","name":"\u017divot na Praze 14","description":"","potentialAction":[{"@type":"SearchAction","target":{"@type":"EntryPoint","urlTemplate":"https:\/\/www.praha14.cz\/zivot-na-praze-14\/?s={search_term_string}"},"query-input":{"@type":"PropertyValueSpecification","valueRequired":true,"valueName":"search_term_string"}}],"inLanguage":"cs"}]}},"_links":{"self":[{"href":"https:\/\/www.praha14.cz\/zivot-na-praze-14\/wp-json\/wp\/v2\/pages\/10964","targetHints":{"allow":["GET"]}}],"collection":[{"href":"https:\/\/www.praha14.cz\/zivot-na-praze-14\/wp-json\/wp\/v2\/pages"}],"about":[{"href":"https:\/\/www.praha14.cz\/zivot-na-praze-14\/wp-json\/wp\/v2\/types\/page"}],"author":[{"embeddable":true,"href":"https:\/\/www.praha14.cz\/zivot-na-praze-14\/wp-json\/wp\/v2\/users\/1"}],"replies":[{"embeddable":true,"href":"https:\/\/www.praha14.cz\/zivot-na-praze-14\/wp-json\/wp\/v2\/comments?post=10964"}],"version-history":[{"count":0,"href":"https:\/\/www.praha14.cz\/zivot-na-praze-14\/wp-json\/wp\/v2\/pages\/10964\/revisions"}],"up":[{"embeddable":true,"href":"https:\/\/www.praha14.cz\/zivot-na-praze-14\/wp-json\/wp\/v2\/pages\/409"}],"wp:attachment":[{"href":"https:\/\/www.praha14.cz\/zivot-na-praze-14\/wp-json\/wp\/v2\/media?parent=10964"}],"curies":[{"name":"wp","href":"https:\/\/api.w.org\/{rel}","templated":true}]}}