{"id":11253,"date":"2014-04-23T14:30:45","date_gmt":"2014-04-23T13:30:45","guid":{"rendered":"https:\/\/www.praha14.cz\/zpravodajstvi\/?page_id=11253"},"modified":"2014-06-18T09:24:08","modified_gmt":"2014-06-18T08:24:08","slug":"archiv-12003","status":"publish","type":"page","link":"https:\/\/www.praha14.cz\/zivot-na-praze-14\/casopis-ctrnactka-14\/listy-prahy-14\/archiv-12003\/","title":{"rendered":"Archiv &#8211; 1\/2003"},"content":{"rendered":"<table>\n<tbody>\n<tr>\n<td colspan=\"2\">\n<div><b><span>Seznam \u010dl\u00e1nk\u016f \u010d.1\/2003<\/span><\/b><\/div>\n<\/td>\n<\/tr>\n<tr>\n<td><span><b>Tituln\u00ed strana<\/b><\/span><\/td>\n<td><a href=\"https:\/\/www.praha14.cz\/app\/uploads\/sites\/3\/2014\/04\/2003_1_ccm.pdf\">C\u010cM p\u011btilet\u00e9<\/a><\/td>\n<\/tr>\n<tr>\n<td><a href=\"https:\/\/www.praha14.cz\/app\/uploads\/sites\/3\/2014\/04\/2003_1_obalka1_2003.pdf\">Ob\u00e1lka \u010d.1\/2003<\/a><\/td>\n<td><a href=\"https:\/\/www.praha14.cz\/app\/uploads\/sites\/3\/2014\/04\/2003_1_budte.pdf\">Bu\u010fte aktivn\u00ed<\/a><\/td>\n<\/tr>\n<tr>\n<td><b><span>strana 2<\/span><\/b><\/td>\n<td><a href=\"https:\/\/www.praha14.cz\/app\/uploads\/sites\/3\/2014\/04\/2003_1_cesta.pdf\">Cesta do R\u00e1je<\/a><\/td>\n<\/tr>\n<tr>\n<td><a href=\"https:\/\/www.praha14.cz\/app\/uploads\/sites\/3\/2014\/04\/2003_1_overovani.pdf\">Ov\u011b\u0159ov\u00e1n\u00ed listi a podpis\u016f<\/a><\/td>\n<td><a href=\"https:\/\/www.praha14.cz\/app\/uploads\/sites\/3\/2014\/04\/2003_1_s_orionem.pdf\">S Orionem na hory<\/a><\/td>\n<\/tr>\n<tr>\n<td><a href=\"https:\/\/www.praha14.cz\/app\/uploads\/sites\/3\/2014\/04\/2003_1_prehled.pdf\">P\u0159ehled nov\u00fdch kolaudac\u00ed<\/a><\/td>\n<td><a href=\"https:\/\/www.praha14.cz\/app\/uploads\/sites\/3\/2014\/04\/2003_1_jahoda.pdf\">Jahodov\u00e9 menu<\/a><\/td>\n<\/tr>\n<tr>\n<td><a href=\"https:\/\/www.praha14.cz\/app\/uploads\/sites\/3\/2014\/04\/2003_1_kontejnery.pdf\">Kontejnery a\u017e v b\u0159eznu<\/a><\/td>\n<td><span><b>strana 8 a\u017e 10<\/b><\/span><\/td>\n<\/tr>\n<tr>\n<td><span><b>strana 3<\/b><\/span><\/td>\n<td><a href=\"https:\/\/www.praha14.cz\/app\/uploads\/sites\/3\/2014\/04\/2003_1_rodice.pdf\">Rodi\u010de maj\u00ed z \u010deho vyb\u00edrat<\/a><\/td>\n<\/tr>\n<tr>\n<td><a href=\"https:\/\/www.praha14.cz\/app\/uploads\/sites\/3\/2014\/04\/2003_1_co_se_deje.pdf\">Co se d\u011bje v Praze<\/a><\/td>\n<td><span><b>strana 11<\/b><\/span><\/td>\n<\/tr>\n<tr>\n<td><a href=\"https:\/\/www.praha14.cz\/app\/uploads\/sites\/3\/2014\/04\/2003_1_na_aktualni.pdf\">Na aktu\u00e1ln\u00ed t\u00e9ma:distribuce List\u016f<\/a><\/td>\n<td><a href=\"https:\/\/www.praha14.cz\/app\/uploads\/sites\/3\/2014\/04\/2003_1_cose_delo.pdf\">Co se d\u011blo p\u0159ed V\u00e1nocemi<\/a><\/td>\n<\/tr>\n<tr>\n<td><a href=\"https:\/\/www.praha14.cz\/app\/uploads\/sites\/3\/2014\/04\/2003_1_pomoc.pdf\">Pomoc nejen po V\u00e1noc\u00edch<\/a><\/td>\n<td><a href=\"https:\/\/www.praha14.cz\/app\/uploads\/sites\/3\/2014\/04\/2003_1_napomoc.pdf\">Na pomoc d\u011btem<\/a><\/td>\n<\/tr>\n<tr>\n<td><a href=\"https:\/\/www.praha14.cz\/app\/uploads\/sites\/3\/2014\/04\/2003_1_otevirani.pdf\">Otev\u00edr\u00e1n\u00ed nov\u00fdch mo\u017enost\u00ed<\/a><\/td>\n<td><span><b>strana 12<\/b><\/span><\/td>\n<\/tr>\n<tr>\n<td><a href=\"https:\/\/www.praha14.cz\/app\/uploads\/sites\/3\/2014\/04\/2003_1_napsali_jste.pdf\">Napsali jste n\u00e1m-pi\u0161te d\u00e1l<\/a><\/td>\n<td><a href=\"https:\/\/www.praha14.cz\/app\/uploads\/sites\/3\/2014\/04\/2003_1_defile.pdf\">Defil\u00e9 kamenn\u00e9 kr\u00e1sy<\/a><\/td>\n<\/tr>\n<tr>\n<td><b><span>strana 4<\/span><\/b><\/td>\n<td><span><b>strana 13<\/b><\/span><\/td>\n<\/tr>\n<tr>\n<td><a href=\"https:\/\/www.praha14.cz\/app\/uploads\/sites\/3\/2014\/04\/2003_1_nalince156.pdf\">Na lince 156<\/a><\/td>\n<td><a href=\"https:\/\/www.praha14.cz\/app\/uploads\/sites\/3\/2014\/04\/2003_1_splneny.pdf\">Spln\u011bn\u00fd basketbalov\u00fd sen<\/a><\/td>\n<\/tr>\n<tr>\n<td><b><span>strana 5<\/span><\/b><\/td>\n<td><a href=\"https:\/\/www.praha14.cz\/app\/uploads\/sites\/3\/2014\/04\/2003_1_fotbalova.pdf\">Fotbalov\u00e1 nab\u00eddka<\/a><\/td>\n<\/tr>\n<tr>\n<td><a href=\"https:\/\/www.praha14.cz\/app\/uploads\/sites\/3\/2014\/04\/2003_1_kulture.pdf\">Kultu\u0159e se na \u010cern\u00e9m Most\u011b da\u0159\u00ed<\/a><\/td>\n<td><a href=\"https:\/\/www.praha14.cz\/app\/uploads\/sites\/3\/2014\/04\/2003_1_plavani.pdf\">Plav\u00e1n\u00ed pro ve\u0159ejnost<\/a><\/td>\n<\/tr>\n<tr>\n<td><b><span>strana 6<\/span><\/b><\/td>\n<td><a href=\"https:\/\/www.praha14.cz\/app\/uploads\/sites\/3\/2014\/04\/2003_1_v_bazenu.pdf\">V baz\u00e9nu se z\u00e1vodilo<\/a><\/td>\n<\/tr>\n<tr>\n<td><a href=\"https:\/\/www.praha14.cz\/app\/uploads\/sites\/3\/2014\/04\/2003_1_nejvetsi_platno.pdf\">Nejv\u011bt\u0161\u00ed pl\u00e1tno tis\u00edcilet\u00ed aneb z\u00e1\u017eitky nad\u010dasov\u00e9<\/a><\/td>\n<td><span><b>strana 16<\/b><\/span><\/td>\n<\/tr>\n<tr>\n<td><span><b>strana 7<\/b><\/span><\/td>\n<td><a href=\"https:\/\/www.praha14.cz\/app\/uploads\/sites\/3\/2014\/04\/2003_1_prani.pdf\">PF 2003<\/a><\/td>\n<\/tr>\n<tr>\n<td><a href=\"https:\/\/www.praha14.cz\/app\/uploads\/sites\/3\/2014\/04\/2003_1_inzerat.pdf\">Inzer\u00e1t<\/a><\/td>\n<td><span>\u00a0<\/span><\/td>\n<\/tr>\n<\/tbody>\n<\/table>\n<p><img loading=\"lazy\" decoding=\"async\" style=\"line-height: 1.5em\" alt=\"logo listy\" src=\"https:\/\/www.praha14.cz\/app\/uploads\/sites\/3\/2014\/04\/logoListy.jpg\" width=\"480\" height=\"174\" \/><\/p>\n","protected":false},"excerpt":{"rendered":"<p>Seznam \u010dl\u00e1nk\u016f \u010d.1\/2003 Tituln\u00ed strana C\u010cM p\u011btilet\u00e9 Ob\u00e1lka \u010d.1\/2003 Bu\u010fte aktivn\u00ed strana 2 Cesta do R\u00e1je Ov\u011b\u0159ov\u00e1n\u00ed listi a podpis\u016f S Orionem na hory P\u0159ehled nov\u00fdch kolaudac\u00ed Jahodov\u00e9 menu Kontejnery a\u017e v b\u0159eznu strana 8 a\u017e 10 strana 3 Rodi\u010de maj\u00ed z \u010deho vyb\u00edrat Co se d\u011bje v Praze strana 11 Na aktu\u00e1ln\u00ed t\u00e9ma:distribuce List\u016f&#8230;<\/p>\n","protected":false},"author":1,"featured_media":0,"parent":409,"menu_order":0,"comment_status":"closed","ping_status":"open","template":"","meta":{"_acf_changed":false,"footnotes":""},"class_list":["post-11253","page","type-page","status-publish","hentry"],"acf":[],"yoast_head":"<!-- This site is optimized with the Yoast SEO plugin v27.2 - https:\/\/yoast.com\/product\/yoast-seo-wordpress\/ -->\n<title>Archiv - 1\/2003 - \u017divot na Praze 14<\/title>\n<meta name=\"robots\" content=\"index, follow, max-snippet:-1, max-image-preview:large, max-video-preview:-1\" \/>\n<link rel=\"canonical\" href=\"https:\/\/www.praha14.cz\/zivot-na-praze-14\/casopis-ctrnactka-14\/listy-prahy-14\/archiv-12003\/\" \/>\n<meta property=\"og:locale\" content=\"cs_CZ\" \/>\n<meta property=\"og:type\" content=\"article\" \/>\n<meta property=\"og:title\" content=\"Archiv - 1\/2003 - \u017divot na Praze 14\" \/>\n<meta property=\"og:description\" content=\"Seznam \u010dl\u00e1nk\u016f \u010d.1\/2003 Tituln\u00ed strana C\u010cM p\u011btilet\u00e9 Ob\u00e1lka \u010d.1\/2003 Bu\u010fte aktivn\u00ed strana 2 Cesta do R\u00e1je Ov\u011b\u0159ov\u00e1n\u00ed listi a podpis\u016f S Orionem na hory P\u0159ehled nov\u00fdch kolaudac\u00ed Jahodov\u00e9 menu Kontejnery a\u017e v b\u0159eznu strana 8 a\u017e 10 strana 3 Rodi\u010de maj\u00ed z \u010deho vyb\u00edrat Co se d\u011bje v Praze strana 11 Na aktu\u00e1ln\u00ed t\u00e9ma:distribuce List\u016f...\" \/>\n<meta property=\"og:url\" content=\"https:\/\/www.praha14.cz\/zivot-na-praze-14\/casopis-ctrnactka-14\/listy-prahy-14\/archiv-12003\/\" \/>\n<meta property=\"og:site_name\" content=\"\u017divot na Praze 14\" \/>\n<meta property=\"article:modified_time\" content=\"2014-06-18T08:24:08+00:00\" \/>\n<meta property=\"og:image\" content=\"https:\/\/www.praha14.cz\/app\/uploads\/sites\/3\/2014\/04\/logoListy.jpg\" \/>\n<meta name=\"twitter:card\" content=\"summary_large_image\" \/>\n<meta name=\"twitter:label1\" content=\"Est. reading time\" \/>\n\t<meta name=\"twitter:data1\" content=\"1 minuta\" \/>\n<script type=\"application\/ld+json\" class=\"yoast-schema-graph\">{\"@context\":\"https:\/\/schema.org\",\"@graph\":[{\"@type\":\"WebPage\",\"@id\":\"https:\/\/www.praha14.cz\/zivot-na-praze-14\/casopis-ctrnactka-14\/listy-prahy-14\/archiv-12003\/\",\"url\":\"https:\/\/www.praha14.cz\/zivot-na-praze-14\/casopis-ctrnactka-14\/listy-prahy-14\/archiv-12003\/\",\"name\":\"Archiv - 1\/2003 - \u017divot na Praze 14\",\"isPartOf\":{\"@id\":\"https:\/\/www.praha14.cz\/zivot-na-praze-14\/#website\"},\"primaryImageOfPage\":{\"@id\":\"https:\/\/www.praha14.cz\/zivot-na-praze-14\/casopis-ctrnactka-14\/listy-prahy-14\/archiv-12003\/#primaryimage\"},\"image\":{\"@id\":\"https:\/\/www.praha14.cz\/zivot-na-praze-14\/casopis-ctrnactka-14\/listy-prahy-14\/archiv-12003\/#primaryimage\"},\"thumbnailUrl\":\"https:\/\/www.praha14.cz\/app\/uploads\/sites\/3\/2014\/04\/logoListy.jpg\",\"datePublished\":\"2014-04-23T13:30:45+00:00\",\"dateModified\":\"2014-06-18T08:24:08+00:00\",\"breadcrumb\":{\"@id\":\"https:\/\/www.praha14.cz\/zivot-na-praze-14\/casopis-ctrnactka-14\/listy-prahy-14\/archiv-12003\/#breadcrumb\"},\"inLanguage\":\"cs\",\"potentialAction\":[{\"@type\":\"ReadAction\",\"target\":[\"https:\/\/www.praha14.cz\/zivot-na-praze-14\/casopis-ctrnactka-14\/listy-prahy-14\/archiv-12003\/\"]}]},{\"@type\":\"ImageObject\",\"inLanguage\":\"cs\",\"@id\":\"https:\/\/www.praha14.cz\/zivot-na-praze-14\/casopis-ctrnactka-14\/listy-prahy-14\/archiv-12003\/#primaryimage\",\"url\":\"https:\/\/www.praha14.cz\/app\/uploads\/sites\/3\/2014\/04\/logoListy.jpg\",\"contentUrl\":\"https:\/\/www.praha14.cz\/app\/uploads\/sites\/3\/2014\/04\/logoListy.jpg\"},{\"@type\":\"BreadcrumbList\",\"@id\":\"https:\/\/www.praha14.cz\/zivot-na-praze-14\/casopis-ctrnactka-14\/listy-prahy-14\/archiv-12003\/#breadcrumb\",\"itemListElement\":[{\"@type\":\"ListItem\",\"position\":1,\"name\":\"\u017divot na Praze 14\",\"item\":\"https:\/\/www.praha14.cz\/zivot-na-praze-14\/\"},{\"@type\":\"ListItem\",\"position\":2,\"name\":\"\u010casopis \u010ctrn\u00e1ctka\",\"item\":\"https:\/\/www.praha14.cz\/zivot-na-praze-14\/casopis-ctrnactka-14\/\"},{\"@type\":\"ListItem\",\"position\":3,\"name\":\"Listy Prahy 14\",\"item\":\"https:\/\/www.praha14.cz\/zivot-na-praze-14\/casopis-ctrnactka-14\/listy-prahy-14\/\"},{\"@type\":\"ListItem\",\"position\":4,\"name\":\"Archiv &#8211; 1\/2003\"}]},{\"@type\":\"WebSite\",\"@id\":\"https:\/\/www.praha14.cz\/zivot-na-praze-14\/#website\",\"url\":\"https:\/\/www.praha14.cz\/zivot-na-praze-14\/\",\"name\":\"\u017divot na Praze 14\",\"description\":\"\",\"potentialAction\":[{\"@type\":\"SearchAction\",\"target\":{\"@type\":\"EntryPoint\",\"urlTemplate\":\"https:\/\/www.praha14.cz\/zivot-na-praze-14\/?s={search_term_string}\"},\"query-input\":{\"@type\":\"PropertyValueSpecification\",\"valueRequired\":true,\"valueName\":\"search_term_string\"}}],\"inLanguage\":\"cs\"}]}<\/script>\n<!-- \/ Yoast SEO plugin. -->","yoast_head_json":{"title":"Archiv - 1\/2003 - \u017divot na Praze 14","robots":{"index":"index","follow":"follow","max-snippet":"max-snippet:-1","max-image-preview":"max-image-preview:large","max-video-preview":"max-video-preview:-1"},"canonical":"https:\/\/www.praha14.cz\/zivot-na-praze-14\/casopis-ctrnactka-14\/listy-prahy-14\/archiv-12003\/","og_locale":"cs_CZ","og_type":"article","og_title":"Archiv - 1\/2003 - \u017divot na Praze 14","og_description":"Seznam \u010dl\u00e1nk\u016f \u010d.1\/2003 Tituln\u00ed strana C\u010cM p\u011btilet\u00e9 Ob\u00e1lka \u010d.1\/2003 Bu\u010fte aktivn\u00ed strana 2 Cesta do R\u00e1je Ov\u011b\u0159ov\u00e1n\u00ed listi a podpis\u016f S Orionem na hory P\u0159ehled nov\u00fdch kolaudac\u00ed Jahodov\u00e9 menu Kontejnery a\u017e v b\u0159eznu strana 8 a\u017e 10 strana 3 Rodi\u010de maj\u00ed z \u010deho vyb\u00edrat Co se d\u011bje v Praze strana 11 Na aktu\u00e1ln\u00ed t\u00e9ma:distribuce List\u016f...","og_url":"https:\/\/www.praha14.cz\/zivot-na-praze-14\/casopis-ctrnactka-14\/listy-prahy-14\/archiv-12003\/","og_site_name":"\u017divot na Praze 14","article_modified_time":"2014-06-18T08:24:08+00:00","og_image":[{"url":"https:\/\/www.praha14.cz\/app\/uploads\/sites\/3\/2014\/04\/logoListy.jpg","type":"","width":"","height":""}],"twitter_card":"summary_large_image","twitter_misc":{"Est. reading time":"1 minuta"},"schema":{"@context":"https:\/\/schema.org","@graph":[{"@type":"WebPage","@id":"https:\/\/www.praha14.cz\/zivot-na-praze-14\/casopis-ctrnactka-14\/listy-prahy-14\/archiv-12003\/","url":"https:\/\/www.praha14.cz\/zivot-na-praze-14\/casopis-ctrnactka-14\/listy-prahy-14\/archiv-12003\/","name":"Archiv - 1\/2003 - \u017divot na Praze 14","isPartOf":{"@id":"https:\/\/www.praha14.cz\/zivot-na-praze-14\/#website"},"primaryImageOfPage":{"@id":"https:\/\/www.praha14.cz\/zivot-na-praze-14\/casopis-ctrnactka-14\/listy-prahy-14\/archiv-12003\/#primaryimage"},"image":{"@id":"https:\/\/www.praha14.cz\/zivot-na-praze-14\/casopis-ctrnactka-14\/listy-prahy-14\/archiv-12003\/#primaryimage"},"thumbnailUrl":"https:\/\/www.praha14.cz\/app\/uploads\/sites\/3\/2014\/04\/logoListy.jpg","datePublished":"2014-04-23T13:30:45+00:00","dateModified":"2014-06-18T08:24:08+00:00","breadcrumb":{"@id":"https:\/\/www.praha14.cz\/zivot-na-praze-14\/casopis-ctrnactka-14\/listy-prahy-14\/archiv-12003\/#breadcrumb"},"inLanguage":"cs","potentialAction":[{"@type":"ReadAction","target":["https:\/\/www.praha14.cz\/zivot-na-praze-14\/casopis-ctrnactka-14\/listy-prahy-14\/archiv-12003\/"]}]},{"@type":"ImageObject","inLanguage":"cs","@id":"https:\/\/www.praha14.cz\/zivot-na-praze-14\/casopis-ctrnactka-14\/listy-prahy-14\/archiv-12003\/#primaryimage","url":"https:\/\/www.praha14.cz\/app\/uploads\/sites\/3\/2014\/04\/logoListy.jpg","contentUrl":"https:\/\/www.praha14.cz\/app\/uploads\/sites\/3\/2014\/04\/logoListy.jpg"},{"@type":"BreadcrumbList","@id":"https:\/\/www.praha14.cz\/zivot-na-praze-14\/casopis-ctrnactka-14\/listy-prahy-14\/archiv-12003\/#breadcrumb","itemListElement":[{"@type":"ListItem","position":1,"name":"\u017divot na Praze 14","item":"https:\/\/www.praha14.cz\/zivot-na-praze-14\/"},{"@type":"ListItem","position":2,"name":"\u010casopis \u010ctrn\u00e1ctka","item":"https:\/\/www.praha14.cz\/zivot-na-praze-14\/casopis-ctrnactka-14\/"},{"@type":"ListItem","position":3,"name":"Listy Prahy 14","item":"https:\/\/www.praha14.cz\/zivot-na-praze-14\/casopis-ctrnactka-14\/listy-prahy-14\/"},{"@type":"ListItem","position":4,"name":"Archiv &#8211; 1\/2003"}]},{"@type":"WebSite","@id":"https:\/\/www.praha14.cz\/zivot-na-praze-14\/#website","url":"https:\/\/www.praha14.cz\/zivot-na-praze-14\/","name":"\u017divot na Praze 14","description":"","potentialAction":[{"@type":"SearchAction","target":{"@type":"EntryPoint","urlTemplate":"https:\/\/www.praha14.cz\/zivot-na-praze-14\/?s={search_term_string}"},"query-input":{"@type":"PropertyValueSpecification","valueRequired":true,"valueName":"search_term_string"}}],"inLanguage":"cs"}]}},"_links":{"self":[{"href":"https:\/\/www.praha14.cz\/zivot-na-praze-14\/wp-json\/wp\/v2\/pages\/11253","targetHints":{"allow":["GET"]}}],"collection":[{"href":"https:\/\/www.praha14.cz\/zivot-na-praze-14\/wp-json\/wp\/v2\/pages"}],"about":[{"href":"https:\/\/www.praha14.cz\/zivot-na-praze-14\/wp-json\/wp\/v2\/types\/page"}],"author":[{"embeddable":true,"href":"https:\/\/www.praha14.cz\/zivot-na-praze-14\/wp-json\/wp\/v2\/users\/1"}],"replies":[{"embeddable":true,"href":"https:\/\/www.praha14.cz\/zivot-na-praze-14\/wp-json\/wp\/v2\/comments?post=11253"}],"version-history":[{"count":0,"href":"https:\/\/www.praha14.cz\/zivot-na-praze-14\/wp-json\/wp\/v2\/pages\/11253\/revisions"}],"up":[{"embeddable":true,"href":"https:\/\/www.praha14.cz\/zivot-na-praze-14\/wp-json\/wp\/v2\/pages\/409"}],"wp:attachment":[{"href":"https:\/\/www.praha14.cz\/zivot-na-praze-14\/wp-json\/wp\/v2\/media?parent=11253"}],"curies":[{"name":"wp","href":"https:\/\/api.w.org\/{rel}","templated":true}]}}