{"id":11709,"date":"2014-04-23T14:42:22","date_gmt":"2014-04-23T13:42:22","guid":{"rendered":"https:\/\/www.praha14.cz\/zpravodajstvi\/?page_id=11709"},"modified":"2014-06-18T09:24:08","modified_gmt":"2014-06-18T08:24:08","slug":"archiv-62003","status":"publish","type":"page","link":"https:\/\/www.praha14.cz\/zivot-na-praze-14\/casopis-ctrnactka-14\/listy-prahy-14\/archiv-62003\/","title":{"rendered":"Archiv &#8211; 6\/2003"},"content":{"rendered":"<p><b>Seznam \u010dl\u00e1nk\u016f \u010d. 6\/2003<\/b><\/p>\n<table>\n<tbody>\n<tr>\n<td><span><b>Tituln\u00ed strana<\/b><\/span><\/td>\n<td><span><b>strana 14<\/b><\/span><\/td>\n<\/tr>\n<tr>\n<td><a href=\"https:\/\/www.praha14.cz\/app\/uploads\/sites\/3\/2014\/04\/obalka6_2003.pdf\">ob\u00e1lka 6\/2003<\/a><\/td>\n<td><a href=\"https:\/\/www.praha14.cz\/app\/uploads\/sites\/3\/2014\/04\/knihovna.pdf\">Knihovna na \u010dty\u0159ech kolech<\/a><\/td>\n<\/tr>\n<tr>\n<td><b><span>strana 2 a\u017e 3<\/span><\/b><\/td>\n<td><a href=\"https:\/\/www.praha14.cz\/app\/uploads\/sites\/3\/2014\/04\/knihy.pdf\">Knihy o\u010dek\u00e1van\u00e9 v \u010dervnu<\/a><\/td>\n<\/tr>\n<tr>\n<td><a href=\"https:\/\/www.praha14.cz\/app\/uploads\/sites\/3\/2014\/04\/zpravodajstvi.pdf\">Zpravodajstv\u00ed z radnice<\/a><\/td>\n<td><a href=\"https:\/\/www.praha14.cz\/app\/uploads\/sites\/3\/2014\/04\/novinky.pdf\">Novinky v m\u00edstn\u00edch knihovn\u00e1ch<\/a><\/td>\n<\/tr>\n<tr>\n<td><a href=\"https:\/\/www.praha14.cz\/app\/uploads\/sites\/3\/2014\/04\/podekovani.pdf\">Pod\u011bkov\u00e1n\u00ed starosty<\/a><\/td>\n<td><span><b>strana 15 a\u017e 18<\/b><\/span><\/td>\n<\/tr>\n<tr>\n<td><a href=\"https:\/\/www.praha14.cz\/app\/uploads\/sites\/3\/2014\/04\/aktuality.pdf\">Aktuality z odboru v\u00fdstavby<\/a><\/td>\n<td><a href=\"https:\/\/www.praha14.cz\/app\/uploads\/sites\/3\/2014\/04\/referendum.pdf\">Referendum<\/a><\/td>\n<\/tr>\n<tr>\n<td><b><span>strana 4 a\u017e 5<\/span><\/b><\/td>\n<td><span><b>strana 19<\/b><\/span><\/td>\n<\/tr>\n<tr>\n<td><a href=\"https:\/\/www.praha14.cz\/app\/uploads\/sites\/3\/2014\/04\/prideleni.pdf\">P\u0159id\u011blen\u00ed grant\u016f<\/a><\/td>\n<td><a href=\"https:\/\/www.praha14.cz\/app\/uploads\/sites\/3\/2014\/04\/materske.pdf\">Mate\u0159sk\u00e9 centrum Klub\u00ed\u010dko<\/a><\/td>\n<\/tr>\n<tr>\n<td><a href=\"https:\/\/www.praha14.cz\/app\/uploads\/sites\/3\/2014\/04\/kvetnove.pdf\">Kv\u011btnov\u00e9 dny v Praze 14<\/a><\/td>\n<td><a href=\"https:\/\/www.praha14.cz\/app\/uploads\/sites\/3\/2014\/04\/byvaly.pdf\">B\u00fdval\u00fd azylov\u00fd d\u016fm o\u017e\u00edv\u00e1<\/a><\/td>\n<\/tr>\n<tr>\n<td><a href=\"https:\/\/www.praha14.cz\/app\/uploads\/sites\/3\/2014\/04\/pozvanka.pdf\">Pozv\u00e1nka na Zastupitelstvo<\/a><\/td>\n<td><a href=\"https:\/\/www.praha14.cz\/app\/uploads\/sites\/3\/2014\/04\/triangl.pdf\">Triangl<\/a><\/td>\n<\/tr>\n<tr>\n<td><a href=\"https:\/\/www.praha14.cz\/app\/uploads\/sites\/3\/2014\/04\/kioskar.pdf\">Kiosk\u00e1\u0159 U Splavu na \u0161t\u00edru se z\u00e1konem<\/a><\/td>\n<td><b><span>strana 20 a\u017e 21<\/span><\/b><\/td>\n<\/tr>\n<tr>\n<td><span><b>strana 6 a\u017e 7<\/b><\/span><\/td>\n<td><a href=\"https:\/\/www.praha14.cz\/app\/uploads\/sites\/3\/2014\/04\/nejen_ucenim.pdf\">Nejen u\u010den\u00edm \u017eiv je \u0161kol\u00e1k<\/a><\/td>\n<\/tr>\n<tr>\n<td><a href=\"https:\/\/www.praha14.cz\/app\/uploads\/sites\/3\/2014\/04\/co_sedeje.pdf\">Co se d\u011bje nejen v regionu<\/a><\/td>\n<td><a href=\"https:\/\/www.praha14.cz\/app\/uploads\/sites\/3\/2014\/04\/z_literarniho.pdf\">Z liter\u00e1rn\u00edho p\u00e1sma 8.A.<\/a><\/td>\n<\/tr>\n<tr>\n<td><b><span>strana 8<\/span><\/b><\/td>\n<td><span><b>strana 22 a\u017e 23<\/b><\/span><\/td>\n<\/tr>\n<tr>\n<td><a href=\"https:\/\/www.praha14.cz\/app\/uploads\/sites\/3\/2014\/04\/obchodni.pdf\">Obchodn\u00ed centrum Skanska \u010cern\u00fd Most<\/a><\/td>\n<td><a href=\"https:\/\/www.praha14.cz\/app\/uploads\/sites\/3\/2014\/04\/Na_lince.pdf\">Na lince 156 aneb \u010d\u00edm \u017eije M\u011bstsk\u00e1 policie<\/a><\/td>\n<\/tr>\n<tr>\n<td><a href=\"https:\/\/www.praha14.cz\/app\/uploads\/sites\/3\/2014\/04\/dobrovolne.pdf\">Dobrovoln\u00e9 vojensk\u00e9 cvi\u010den\u00ed<\/a><\/td>\n<td><a href=\"https:\/\/www.praha14.cz\/app\/uploads\/sites\/3\/2014\/04\/neklidne.pdf\">Neklidn\u00e9 t\u00e9ma:Doprava v klidu<\/a><\/td>\n<\/tr>\n<tr>\n<td><a href=\"https:\/\/www.praha14.cz\/app\/uploads\/sites\/3\/2014\/04\/jahodove.pdf\">Jahodov\u00e9 menu<\/a><\/td>\n<td><span><b>strana 24 a\u017e 25<\/b><\/span><\/td>\n<\/tr>\n<tr>\n<td><a href=\"https:\/\/www.praha14.cz\/app\/uploads\/sites\/3\/2014\/04\/navstevni.pdf\">N\u00e1v\u0161t\u011bvn\u00ed den v Harmonii<\/a><\/td>\n<td><a href=\"https:\/\/www.praha14.cz\/app\/uploads\/sites\/3\/2014\/04\/saga.pdf\">S\u00e1ga rodu Karaus\u016f<\/a><\/td>\n<\/tr>\n<tr>\n<td><a href=\"https:\/\/www.praha14.cz\/app\/uploads\/sites\/3\/2014\/04\/maly.pdf\">Mal\u00fd ob\u010dansk\u00fd oznamovatel<\/a><\/td>\n<td><b><span>strana 26<\/span><\/b><\/td>\n<\/tr>\n<tr>\n<td><span><b>strana 9<\/b><\/span><\/td>\n<td><a href=\"https:\/\/www.praha14.cz\/app\/uploads\/sites\/3\/2014\/04\/kvalitni.pdf\">Kvalitn\u00ed \u017eivot s astmatem<\/a><\/td>\n<\/tr>\n<tr>\n<td><a href=\"https:\/\/www.praha14.cz\/app\/uploads\/sites\/3\/2014\/04\/lakave.pdf\">L\u00e1kav\u00e9 C\u010cM spolu se z\u00e1bavn\u00edm centrem<\/a><\/td>\n<td><b><span>strana 27<\/span><\/b><\/td>\n<\/tr>\n<tr>\n<td><a href=\"https:\/\/www.praha14.cz\/app\/uploads\/sites\/3\/2014\/04\/nintendo.pdf\">Nintendo Wawe Race<\/a><\/td>\n<td><a href=\"https:\/\/www.praha14.cz\/app\/uploads\/sites\/3\/2014\/04\/z_cinnosti.pdf\">Z \u010dinnosti Klubu AA<\/a><\/td>\n<\/tr>\n<tr>\n<td><a href=\"https:\/\/www.praha14.cz\/app\/uploads\/sites\/3\/2014\/04\/czech.pdf\">Czech streetball cup<\/a><\/td>\n<td><a href=\"https:\/\/www.praha14.cz\/app\/uploads\/sites\/3\/2014\/04\/sdruzeni.pdf\">Sdru\u017een\u00ed d\u011btem zdrav\u00ed<\/a><\/td>\n<\/tr>\n<tr>\n<td><span><b>strana 10<\/b><\/span><\/td>\n<td><a href=\"https:\/\/www.praha14.cz\/app\/uploads\/sites\/3\/2014\/04\/cestovka.pdf\">Cestovn\u00ed agentura<\/a><\/td>\n<\/tr>\n<tr>\n<td><a href=\"https:\/\/www.praha14.cz\/app\/uploads\/sites\/3\/2014\/04\/sportovni.pdf\">Sportovn\u00ed p\u0159ehled<\/a><\/td>\n<td><span><b>strana 28<\/b><\/span><\/td>\n<\/tr>\n<tr>\n<td><span><b>strana 11<\/b><\/span><\/td>\n<td><a href=\"https:\/\/www.praha14.cz\/app\/uploads\/sites\/3\/2014\/04\/velkoobjemove.pdf\">Velkoobjemov\u00e9 kontejnery na \u010derven<\/a><\/td>\n<\/tr>\n<tr>\n<td><a href=\"https:\/\/www.praha14.cz\/app\/uploads\/sites\/3\/2014\/04\/master.pdf\">Master class na pln\u00e9 obr\u00e1tky<\/a><\/td>\n<td><a href=\"https:\/\/www.praha14.cz\/app\/uploads\/sites\/3\/2014\/04\/harmonogram.pdf\">Harmonogram sb\u011bru nebezpe\u010dn\u00e9ho odpadu<\/a><\/td>\n<\/tr>\n<tr>\n<td><span><b>strana 12<\/b><\/span><\/td>\n<td><a href=\"https:\/\/www.praha14.cz\/app\/uploads\/sites\/3\/2014\/04\/neruste.pdf\">Neru\u0161te labut\u011b<\/a><\/td>\n<\/tr>\n<tr>\n<td><a href=\"https:\/\/www.praha14.cz\/app\/uploads\/sites\/3\/2014\/04\/motylek.pdf\">Mot\u00fdlek na cest\u011b vzh\u016fru<\/a><\/td>\n<td><span><b>strana 32<\/b><\/span><\/td>\n<\/tr>\n<tr>\n<td><a href=\"https:\/\/www.praha14.cz\/app\/uploads\/sites\/3\/2014\/04\/sdruzeni.pdf\">Sdru\u017een\u00ed na pomoc d\u011btem<\/a><\/td>\n<td><a href=\"https:\/\/www.praha14.cz\/app\/uploads\/sites\/3\/2014\/04\/pohodovy.pdf\">Pohodov\u00fd hudebn\u00ed m\u00e1j<\/a><\/td>\n<\/tr>\n<tr>\n<td><b><span>strana 13<\/span><\/b><\/td>\n<td><\/td>\n<\/tr>\n<tr>\n<td><a href=\"https:\/\/www.praha14.cz\/app\/uploads\/sites\/3\/2014\/04\/dvanacta.pdf\">Dvan\u00e1ct\u00e1 sezona s CK Pepa<\/a><\/td>\n<td><\/td>\n<\/tr>\n<\/tbody>\n<\/table>\n<p><img loading=\"lazy\" decoding=\"async\" alt=\"logo listy\" src=\"https:\/\/www.praha14.cz\/app\/uploads\/sites\/3\/2014\/04\/logoListy.jpg\" width=\"480\" height=\"174\" \/><\/p>\n","protected":false},"excerpt":{"rendered":"<p>Seznam \u010dl\u00e1nk\u016f \u010d. 6\/2003 Tituln\u00ed strana strana 14 ob\u00e1lka 6\/2003 Knihovna na \u010dty\u0159ech kolech strana 2 a\u017e 3 Knihy o\u010dek\u00e1van\u00e9 v \u010dervnu Zpravodajstv\u00ed z radnice Novinky v m\u00edstn\u00edch knihovn\u00e1ch Pod\u011bkov\u00e1n\u00ed starosty strana 15 a\u017e 18 Aktuality z odboru v\u00fdstavby Referendum strana 4 a\u017e 5 strana 19 P\u0159id\u011blen\u00ed grant\u016f Mate\u0159sk\u00e9 centrum Klub\u00ed\u010dko Kv\u011btnov\u00e9 dny v Praze&#8230;<\/p>\n","protected":false},"author":1,"featured_media":0,"parent":409,"menu_order":0,"comment_status":"closed","ping_status":"open","template":"","meta":{"_acf_changed":false,"footnotes":""},"class_list":["post-11709","page","type-page","status-publish","hentry"],"acf":[],"yoast_head":"<!-- This site is optimized with the Yoast SEO plugin v27.2 - https:\/\/yoast.com\/product\/yoast-seo-wordpress\/ -->\n<title>Archiv - 6\/2003 - \u017divot na Praze 14<\/title>\n<meta name=\"robots\" content=\"index, follow, max-snippet:-1, max-image-preview:large, max-video-preview:-1\" \/>\n<link rel=\"canonical\" href=\"https:\/\/www.praha14.cz\/zivot-na-praze-14\/casopis-ctrnactka-14\/listy-prahy-14\/archiv-62003\/\" \/>\n<meta property=\"og:locale\" content=\"cs_CZ\" \/>\n<meta property=\"og:type\" content=\"article\" \/>\n<meta property=\"og:title\" content=\"Archiv - 6\/2003 - \u017divot na Praze 14\" \/>\n<meta property=\"og:description\" content=\"Seznam \u010dl\u00e1nk\u016f \u010d. 6\/2003 Tituln\u00ed strana strana 14 ob\u00e1lka 6\/2003 Knihovna na \u010dty\u0159ech kolech strana 2 a\u017e 3 Knihy o\u010dek\u00e1van\u00e9 v \u010dervnu Zpravodajstv\u00ed z radnice Novinky v m\u00edstn\u00edch knihovn\u00e1ch Pod\u011bkov\u00e1n\u00ed starosty strana 15 a\u017e 18 Aktuality z odboru v\u00fdstavby Referendum strana 4 a\u017e 5 strana 19 P\u0159id\u011blen\u00ed grant\u016f Mate\u0159sk\u00e9 centrum Klub\u00ed\u010dko Kv\u011btnov\u00e9 dny v Praze...\" \/>\n<meta property=\"og:url\" content=\"https:\/\/www.praha14.cz\/zivot-na-praze-14\/casopis-ctrnactka-14\/listy-prahy-14\/archiv-62003\/\" \/>\n<meta property=\"og:site_name\" content=\"\u017divot na Praze 14\" \/>\n<meta property=\"article:modified_time\" content=\"2014-06-18T08:24:08+00:00\" \/>\n<meta property=\"og:image\" content=\"https:\/\/www.praha14.cz\/app\/uploads\/sites\/3\/2014\/04\/logoListy.jpg\" \/>\n<meta name=\"twitter:card\" content=\"summary_large_image\" \/>\n<meta name=\"twitter:label1\" content=\"Est. reading time\" \/>\n\t<meta name=\"twitter:data1\" content=\"1 minuta\" \/>\n<script type=\"application\/ld+json\" class=\"yoast-schema-graph\">{\"@context\":\"https:\/\/schema.org\",\"@graph\":[{\"@type\":\"WebPage\",\"@id\":\"https:\/\/www.praha14.cz\/zivot-na-praze-14\/casopis-ctrnactka-14\/listy-prahy-14\/archiv-62003\/\",\"url\":\"https:\/\/www.praha14.cz\/zivot-na-praze-14\/casopis-ctrnactka-14\/listy-prahy-14\/archiv-62003\/\",\"name\":\"Archiv - 6\/2003 - \u017divot na Praze 14\",\"isPartOf\":{\"@id\":\"https:\/\/www.praha14.cz\/zivot-na-praze-14\/#website\"},\"primaryImageOfPage\":{\"@id\":\"https:\/\/www.praha14.cz\/zivot-na-praze-14\/casopis-ctrnactka-14\/listy-prahy-14\/archiv-62003\/#primaryimage\"},\"image\":{\"@id\":\"https:\/\/www.praha14.cz\/zivot-na-praze-14\/casopis-ctrnactka-14\/listy-prahy-14\/archiv-62003\/#primaryimage\"},\"thumbnailUrl\":\"https:\/\/www.praha14.cz\/app\/uploads\/sites\/3\/2014\/04\/logoListy.jpg\",\"datePublished\":\"2014-04-23T13:42:22+00:00\",\"dateModified\":\"2014-06-18T08:24:08+00:00\",\"breadcrumb\":{\"@id\":\"https:\/\/www.praha14.cz\/zivot-na-praze-14\/casopis-ctrnactka-14\/listy-prahy-14\/archiv-62003\/#breadcrumb\"},\"inLanguage\":\"cs\",\"potentialAction\":[{\"@type\":\"ReadAction\",\"target\":[\"https:\/\/www.praha14.cz\/zivot-na-praze-14\/casopis-ctrnactka-14\/listy-prahy-14\/archiv-62003\/\"]}]},{\"@type\":\"ImageObject\",\"inLanguage\":\"cs\",\"@id\":\"https:\/\/www.praha14.cz\/zivot-na-praze-14\/casopis-ctrnactka-14\/listy-prahy-14\/archiv-62003\/#primaryimage\",\"url\":\"https:\/\/www.praha14.cz\/app\/uploads\/sites\/3\/2014\/04\/logoListy.jpg\",\"contentUrl\":\"https:\/\/www.praha14.cz\/app\/uploads\/sites\/3\/2014\/04\/logoListy.jpg\"},{\"@type\":\"BreadcrumbList\",\"@id\":\"https:\/\/www.praha14.cz\/zivot-na-praze-14\/casopis-ctrnactka-14\/listy-prahy-14\/archiv-62003\/#breadcrumb\",\"itemListElement\":[{\"@type\":\"ListItem\",\"position\":1,\"name\":\"\u017divot na Praze 14\",\"item\":\"https:\/\/www.praha14.cz\/zivot-na-praze-14\/\"},{\"@type\":\"ListItem\",\"position\":2,\"name\":\"\u010casopis \u010ctrn\u00e1ctka\",\"item\":\"https:\/\/www.praha14.cz\/zivot-na-praze-14\/casopis-ctrnactka-14\/\"},{\"@type\":\"ListItem\",\"position\":3,\"name\":\"Listy Prahy 14\",\"item\":\"https:\/\/www.praha14.cz\/zivot-na-praze-14\/casopis-ctrnactka-14\/listy-prahy-14\/\"},{\"@type\":\"ListItem\",\"position\":4,\"name\":\"Archiv &#8211; 6\/2003\"}]},{\"@type\":\"WebSite\",\"@id\":\"https:\/\/www.praha14.cz\/zivot-na-praze-14\/#website\",\"url\":\"https:\/\/www.praha14.cz\/zivot-na-praze-14\/\",\"name\":\"\u017divot na Praze 14\",\"description\":\"\",\"potentialAction\":[{\"@type\":\"SearchAction\",\"target\":{\"@type\":\"EntryPoint\",\"urlTemplate\":\"https:\/\/www.praha14.cz\/zivot-na-praze-14\/?s={search_term_string}\"},\"query-input\":{\"@type\":\"PropertyValueSpecification\",\"valueRequired\":true,\"valueName\":\"search_term_string\"}}],\"inLanguage\":\"cs\"}]}<\/script>\n<!-- \/ Yoast SEO plugin. -->","yoast_head_json":{"title":"Archiv - 6\/2003 - \u017divot na Praze 14","robots":{"index":"index","follow":"follow","max-snippet":"max-snippet:-1","max-image-preview":"max-image-preview:large","max-video-preview":"max-video-preview:-1"},"canonical":"https:\/\/www.praha14.cz\/zivot-na-praze-14\/casopis-ctrnactka-14\/listy-prahy-14\/archiv-62003\/","og_locale":"cs_CZ","og_type":"article","og_title":"Archiv - 6\/2003 - \u017divot na Praze 14","og_description":"Seznam \u010dl\u00e1nk\u016f \u010d. 6\/2003 Tituln\u00ed strana strana 14 ob\u00e1lka 6\/2003 Knihovna na \u010dty\u0159ech kolech strana 2 a\u017e 3 Knihy o\u010dek\u00e1van\u00e9 v \u010dervnu Zpravodajstv\u00ed z radnice Novinky v m\u00edstn\u00edch knihovn\u00e1ch Pod\u011bkov\u00e1n\u00ed starosty strana 15 a\u017e 18 Aktuality z odboru v\u00fdstavby Referendum strana 4 a\u017e 5 strana 19 P\u0159id\u011blen\u00ed grant\u016f Mate\u0159sk\u00e9 centrum Klub\u00ed\u010dko Kv\u011btnov\u00e9 dny v Praze...","og_url":"https:\/\/www.praha14.cz\/zivot-na-praze-14\/casopis-ctrnactka-14\/listy-prahy-14\/archiv-62003\/","og_site_name":"\u017divot na Praze 14","article_modified_time":"2014-06-18T08:24:08+00:00","og_image":[{"url":"https:\/\/www.praha14.cz\/app\/uploads\/sites\/3\/2014\/04\/logoListy.jpg","type":"","width":"","height":""}],"twitter_card":"summary_large_image","twitter_misc":{"Est. reading time":"1 minuta"},"schema":{"@context":"https:\/\/schema.org","@graph":[{"@type":"WebPage","@id":"https:\/\/www.praha14.cz\/zivot-na-praze-14\/casopis-ctrnactka-14\/listy-prahy-14\/archiv-62003\/","url":"https:\/\/www.praha14.cz\/zivot-na-praze-14\/casopis-ctrnactka-14\/listy-prahy-14\/archiv-62003\/","name":"Archiv - 6\/2003 - \u017divot na Praze 14","isPartOf":{"@id":"https:\/\/www.praha14.cz\/zivot-na-praze-14\/#website"},"primaryImageOfPage":{"@id":"https:\/\/www.praha14.cz\/zivot-na-praze-14\/casopis-ctrnactka-14\/listy-prahy-14\/archiv-62003\/#primaryimage"},"image":{"@id":"https:\/\/www.praha14.cz\/zivot-na-praze-14\/casopis-ctrnactka-14\/listy-prahy-14\/archiv-62003\/#primaryimage"},"thumbnailUrl":"https:\/\/www.praha14.cz\/app\/uploads\/sites\/3\/2014\/04\/logoListy.jpg","datePublished":"2014-04-23T13:42:22+00:00","dateModified":"2014-06-18T08:24:08+00:00","breadcrumb":{"@id":"https:\/\/www.praha14.cz\/zivot-na-praze-14\/casopis-ctrnactka-14\/listy-prahy-14\/archiv-62003\/#breadcrumb"},"inLanguage":"cs","potentialAction":[{"@type":"ReadAction","target":["https:\/\/www.praha14.cz\/zivot-na-praze-14\/casopis-ctrnactka-14\/listy-prahy-14\/archiv-62003\/"]}]},{"@type":"ImageObject","inLanguage":"cs","@id":"https:\/\/www.praha14.cz\/zivot-na-praze-14\/casopis-ctrnactka-14\/listy-prahy-14\/archiv-62003\/#primaryimage","url":"https:\/\/www.praha14.cz\/app\/uploads\/sites\/3\/2014\/04\/logoListy.jpg","contentUrl":"https:\/\/www.praha14.cz\/app\/uploads\/sites\/3\/2014\/04\/logoListy.jpg"},{"@type":"BreadcrumbList","@id":"https:\/\/www.praha14.cz\/zivot-na-praze-14\/casopis-ctrnactka-14\/listy-prahy-14\/archiv-62003\/#breadcrumb","itemListElement":[{"@type":"ListItem","position":1,"name":"\u017divot na Praze 14","item":"https:\/\/www.praha14.cz\/zivot-na-praze-14\/"},{"@type":"ListItem","position":2,"name":"\u010casopis \u010ctrn\u00e1ctka","item":"https:\/\/www.praha14.cz\/zivot-na-praze-14\/casopis-ctrnactka-14\/"},{"@type":"ListItem","position":3,"name":"Listy Prahy 14","item":"https:\/\/www.praha14.cz\/zivot-na-praze-14\/casopis-ctrnactka-14\/listy-prahy-14\/"},{"@type":"ListItem","position":4,"name":"Archiv &#8211; 6\/2003"}]},{"@type":"WebSite","@id":"https:\/\/www.praha14.cz\/zivot-na-praze-14\/#website","url":"https:\/\/www.praha14.cz\/zivot-na-praze-14\/","name":"\u017divot na Praze 14","description":"","potentialAction":[{"@type":"SearchAction","target":{"@type":"EntryPoint","urlTemplate":"https:\/\/www.praha14.cz\/zivot-na-praze-14\/?s={search_term_string}"},"query-input":{"@type":"PropertyValueSpecification","valueRequired":true,"valueName":"search_term_string"}}],"inLanguage":"cs"}]}},"_links":{"self":[{"href":"https:\/\/www.praha14.cz\/zivot-na-praze-14\/wp-json\/wp\/v2\/pages\/11709","targetHints":{"allow":["GET"]}}],"collection":[{"href":"https:\/\/www.praha14.cz\/zivot-na-praze-14\/wp-json\/wp\/v2\/pages"}],"about":[{"href":"https:\/\/www.praha14.cz\/zivot-na-praze-14\/wp-json\/wp\/v2\/types\/page"}],"author":[{"embeddable":true,"href":"https:\/\/www.praha14.cz\/zivot-na-praze-14\/wp-json\/wp\/v2\/users\/1"}],"replies":[{"embeddable":true,"href":"https:\/\/www.praha14.cz\/zivot-na-praze-14\/wp-json\/wp\/v2\/comments?post=11709"}],"version-history":[{"count":0,"href":"https:\/\/www.praha14.cz\/zivot-na-praze-14\/wp-json\/wp\/v2\/pages\/11709\/revisions"}],"up":[{"embeddable":true,"href":"https:\/\/www.praha14.cz\/zivot-na-praze-14\/wp-json\/wp\/v2\/pages\/409"}],"wp:attachment":[{"href":"https:\/\/www.praha14.cz\/zivot-na-praze-14\/wp-json\/wp\/v2\/media?parent=11709"}],"curies":[{"name":"wp","href":"https:\/\/api.w.org\/{rel}","templated":true}]}}