{"id":11716,"date":"2014-04-23T14:50:02","date_gmt":"2014-04-23T13:50:02","guid":{"rendered":"https:\/\/www.praha14.cz\/zpravodajstvi\/?page_id=11716"},"modified":"2014-06-18T09:24:08","modified_gmt":"2014-06-18T08:24:08","slug":"archiv-102003","status":"publish","type":"page","link":"https:\/\/www.praha14.cz\/zivot-na-praze-14\/casopis-ctrnactka-14\/listy-prahy-14\/archiv-102003\/","title":{"rendered":"Archiv &#8211; 10\/2003"},"content":{"rendered":"<p><b>Seznam \u010dl\u00e1nk\u016f \u010d. 10\/2003<\/b><\/p>\n<table>\n<tbody>\n<tr>\n<td><span><b>Tituln\u00ed strana<\/b><\/span><\/td>\n<td><b><span>strana 10<\/span><\/b><\/td>\n<\/tr>\n<tr>\n<td><a href=\"https:\/\/www.praha14.cz\/app\/uploads\/sites\/3\/2014\/04\/2003_10_obalka10_2003.pdf\">Osm\u00fd ro\u010dn\u00edk Bab\u00edho l\u00e9ta<\/a><\/td>\n<td><a href=\"https:\/\/www.praha14.cz\/app\/uploads\/sites\/3\/2014\/04\/2003_10_motylek.pdf\">Mot\u00fdlek informuje<\/a><\/td>\n<\/tr>\n<tr>\n<td><b><span>strana 2 a\u017e 3<\/span><\/b><\/td>\n<td><a href=\"https:\/\/www.praha14.cz\/app\/uploads\/sites\/3\/2014\/04\/2003_10_komunitni.pdf\">Komunitn\u00ed centrum<\/a><\/td>\n<\/tr>\n<tr>\n<td><a href=\"https:\/\/www.praha14.cz\/app\/uploads\/sites\/3\/2014\/04\/2003_10_zpravodajstvi.pdf\">Zpravodajstv\u00ed z Radnice<\/a><\/td>\n<td><a href=\"https:\/\/www.praha14.cz\/app\/uploads\/sites\/3\/2014\/04\/2003_10_indiansky.pdf\">Indi\u00e1nsk\u00fd p\u0159\u00edm\u011bstsk\u00fd t\u00e1bor<\/a><\/td>\n<\/tr>\n<tr>\n<td><a href=\"https:\/\/www.praha14.cz\/app\/uploads\/sites\/3\/2014\/04\/2003_10_zmena.pdf\">Zm\u011bna p\u016fsobnosti odboru v\u00fdstavby<\/a><\/td>\n<td><a href=\"https:\/\/www.praha14.cz\/app\/uploads\/sites\/3\/2014\/04\/2003_10_motylek.pdf\">Mot\u00fdlek let\u00ed d\u00e1l<\/a><\/td>\n<\/tr>\n<tr>\n<td><b><span>strana 4<\/span><\/b><\/td>\n<td><\/td>\n<\/tr>\n<tr>\n<td><a href=\"https:\/\/www.praha14.cz\/app\/uploads\/sites\/3\/2014\/04\/2003_10_velkoobjemove.pdf\">Velkoobjemov\u00e9 kontejnery na \u0159\u00edjen<\/a><\/td>\n<td><b><span>strana 11<\/span><\/b><\/td>\n<\/tr>\n<tr>\n<td><a href=\"https:\/\/www.praha14.cz\/app\/uploads\/sites\/3\/2014\/04\/2003_10_aktualne.pdf\">Aktu\u00e1ln\u011b ke t\u0159em stavebn\u00edm akc\u00edm z oblasti dopravy<\/a><\/td>\n<td><a href=\"https:\/\/www.praha14.cz\/app\/uploads\/sites\/3\/2014\/04\/2003_10_kazdy_den.pdf\">Ka\u017ed\u00fd den s n\u00e1kupn\u00edm i z\u00e1bavn\u00edm C\u010cM<\/a><\/td>\n<\/tr>\n<tr>\n<td><b><span>strana 5<\/span><\/b><\/td>\n<td><a href=\"https:\/\/www.praha14.cz\/app\/uploads\/sites\/3\/2014\/04\/2003_10_ohlednuti.pdf\">Ohl\u00e9dnut\u00ed za Olypijsk\u00fdm dnem v C\u010cM<\/a><\/td>\n<\/tr>\n<tr>\n<td><a href=\"https:\/\/www.praha14.cz\/app\/uploads\/sites\/3\/2014\/04\/2003_10_fotografie.pdf\">Fotografie z cest<\/a><\/td>\n<td><b><span>strana 12<\/span><\/b><\/td>\n<\/tr>\n<tr>\n<td><a href=\"https:\/\/www.praha14.cz\/app\/uploads\/sites\/3\/2014\/04\/2003_10_humor.pdf\">Humor Dodal i Dost\u00e1l<\/a><\/td>\n<td><a href=\"https:\/\/www.praha14.cz\/app\/uploads\/sites\/3\/2014\/04\/2003_10_co_delaji.pdf\">Co d\u011blaj\u00ed d\u011bti \u0161kolou povinn\u00e9 ve voln\u00e9m \u010dase?<\/a><\/td>\n<\/tr>\n<tr>\n<td><span><b>strana 6 a\u017e 7<\/b><\/span><\/td>\n<td><a href=\"https:\/\/www.praha14.cz\/app\/uploads\/sites\/3\/2014\/04\/2003_10_nevahejte.pdf\">Nev\u00e1hejte s o\u010dkov\u00e1n\u00edm proti ch\u0159ipce!<\/a><\/td>\n<\/tr>\n<tr>\n<td><a href=\"https:\/\/www.praha14.cz\/app\/uploads\/sites\/3\/2014\/04\/2003_10_co_sedeje.pdf\">Co se d\u011bje nejen v Regionu<\/a><\/td>\n<td><a href=\"https:\/\/www.praha14.cz\/app\/uploads\/sites\/3\/2014\/04\/2003_10_podzimni.pdf\">Podzimn\u00ed v\u00fdpravy mal\u00fdch turist\u016f<\/a><\/td>\n<\/tr>\n<tr>\n<td><b><span>strana 8<\/span><\/b><\/td>\n<td><a href=\"https:\/\/www.praha14.cz\/app\/uploads\/sites\/3\/2014\/04\/2003_10_trinactka.pdf\">T\u0159in\u00e1ctka p\u0159in\u00e1\u0161\u00ed z\u00e1chranu<\/a><\/td>\n<\/tr>\n<tr>\n<td><a href=\"https:\/\/www.praha14.cz\/app\/uploads\/sites\/3\/2014\/04\/2003_10_plavecky.pdf\">Plaveck\u00fd a sportovn\u00ed are\u00e1l Hloub\u011bt\u00edn<\/a><\/td>\n<td><a href=\"https:\/\/www.praha14.cz\/app\/uploads\/sites\/3\/2014\/04\/2003_10_oprava.pdf\">Oprava tiskov\u00e9 chyby v Listech 7\/8<\/a><\/td>\n<\/tr>\n<tr>\n<td><a href=\"https:\/\/www.praha14.cz\/app\/uploads\/sites\/3\/2014\/04\/2003_10_kdy_anaco.pdf\">Kdy a na co do baz\u00e9nu<\/a><\/td>\n<td><b><span>strana 16<\/span><\/b><\/td>\n<\/tr>\n<tr>\n<td><a href=\"https:\/\/www.praha14.cz\/app\/uploads\/sites\/3\/2014\/04\/2003_10_tenisova.pdf\">Tenisov\u00e1 \u0161kola<\/a><\/td>\n<td><a href=\"https:\/\/www.praha14.cz\/app\/uploads\/sites\/3\/2014\/04\/2003_10_8rocnik.pdf\">8.ro\u010dn\u00edk Bab\u00edho l\u00e9ta-fotky<\/a><\/td>\n<\/tr>\n<tr>\n<td><a href=\"https:\/\/www.praha14.cz\/app\/uploads\/sites\/3\/2014\/04\/2003_10_v_hloubetine.pdf\">V Hloub\u011bt\u00edn\u011b se sportu da\u0159\u00ed<\/a><\/td>\n<td><\/td>\n<\/tr>\n<tr>\n<td><span><b>strana 9<\/b><\/span><\/td>\n<td><\/td>\n<\/tr>\n<tr>\n<td><a href=\"https:\/\/www.praha14.cz\/app\/uploads\/sites\/3\/2014\/04\/2003_10_dedkove.pdf\">D\u011bdkov\u00e9 obh\u00e1jili<\/a><\/td>\n<td><\/td>\n<\/tr>\n<tr>\n<td><a href=\"https:\/\/www.praha14.cz\/app\/uploads\/sites\/3\/2014\/04\/2003_10_desaty.pdf\">Des\u00e1t\u00fd ro\u010dn\u00edk sj\u00ed\u017ed\u011bn\u00ed Rokytky<\/a><\/td>\n<td><\/td>\n<\/tr>\n<tr>\n<td><a href=\"https:\/\/www.praha14.cz\/app\/uploads\/sites\/3\/2014\/04\/2003_10_babi.pdf\">Bab\u00ed l\u00e9to s tenisem<\/a><\/td>\n<td><\/td>\n<\/tr>\n<tr>\n<td><a href=\"https:\/\/www.praha14.cz\/app\/uploads\/sites\/3\/2014\/04\/2003_10_oddily.pdf\">Odd\u00edly TJ Kyje<\/a><\/td>\n<td><\/td>\n<\/tr>\n<tr>\n<td><a href=\"https:\/\/www.praha14.cz\/app\/uploads\/sites\/3\/2014\/04\/2003_10_dve.pdf\">Dv\u011b ot\u00e1zky pro&#8230;..<\/a><\/td>\n<td><\/td>\n<\/tr>\n<tr>\n<td><a href=\"https:\/\/www.praha14.cz\/app\/uploads\/sites\/3\/2014\/04\/2003_10_vysledky.pdf\">V\u00fdsledky fotbalist\u016f<\/a><\/td>\n<td><\/td>\n<\/tr>\n<\/tbody>\n<\/table>\n<p><img loading=\"lazy\" decoding=\"async\" alt=\"logo listy\" src=\"https:\/\/www.praha14.cz\/app\/uploads\/sites\/3\/2014\/04\/logoListy.jpg\" width=\"480\" height=\"174\" \/><\/p>\n","protected":false},"excerpt":{"rendered":"<p>Seznam \u010dl\u00e1nk\u016f \u010d. 10\/2003 Tituln\u00ed strana strana 10 Osm\u00fd ro\u010dn\u00edk Bab\u00edho l\u00e9ta Mot\u00fdlek informuje strana 2 a\u017e 3 Komunitn\u00ed centrum Zpravodajstv\u00ed z Radnice Indi\u00e1nsk\u00fd p\u0159\u00edm\u011bstsk\u00fd t\u00e1bor Zm\u011bna p\u016fsobnosti odboru v\u00fdstavby Mot\u00fdlek let\u00ed d\u00e1l strana 4 Velkoobjemov\u00e9 kontejnery na \u0159\u00edjen strana 11 Aktu\u00e1ln\u011b ke t\u0159em stavebn\u00edm akc\u00edm z oblasti dopravy Ka\u017ed\u00fd den s n\u00e1kupn\u00edm i z\u00e1bavn\u00edm&#8230;<\/p>\n","protected":false},"author":1,"featured_media":0,"parent":409,"menu_order":0,"comment_status":"closed","ping_status":"open","template":"","meta":{"_acf_changed":false,"footnotes":""},"class_list":["post-11716","page","type-page","status-publish","hentry"],"acf":[],"yoast_head":"<!-- This site is optimized with the Yoast SEO plugin v27.2 - https:\/\/yoast.com\/product\/yoast-seo-wordpress\/ -->\n<title>Archiv - 10\/2003 - \u017divot na Praze 14<\/title>\n<meta name=\"robots\" content=\"index, follow, max-snippet:-1, max-image-preview:large, max-video-preview:-1\" \/>\n<link rel=\"canonical\" href=\"https:\/\/www.praha14.cz\/zivot-na-praze-14\/casopis-ctrnactka-14\/listy-prahy-14\/archiv-102003\/\" \/>\n<meta property=\"og:locale\" content=\"cs_CZ\" \/>\n<meta property=\"og:type\" content=\"article\" \/>\n<meta property=\"og:title\" content=\"Archiv - 10\/2003 - \u017divot na Praze 14\" \/>\n<meta property=\"og:description\" content=\"Seznam \u010dl\u00e1nk\u016f \u010d. 10\/2003 Tituln\u00ed strana strana 10 Osm\u00fd ro\u010dn\u00edk Bab\u00edho l\u00e9ta Mot\u00fdlek informuje strana 2 a\u017e 3 Komunitn\u00ed centrum Zpravodajstv\u00ed z Radnice Indi\u00e1nsk\u00fd p\u0159\u00edm\u011bstsk\u00fd t\u00e1bor Zm\u011bna p\u016fsobnosti odboru v\u00fdstavby Mot\u00fdlek let\u00ed d\u00e1l strana 4 Velkoobjemov\u00e9 kontejnery na \u0159\u00edjen strana 11 Aktu\u00e1ln\u011b ke t\u0159em stavebn\u00edm akc\u00edm z oblasti dopravy Ka\u017ed\u00fd den s n\u00e1kupn\u00edm i z\u00e1bavn\u00edm...\" \/>\n<meta property=\"og:url\" content=\"https:\/\/www.praha14.cz\/zivot-na-praze-14\/casopis-ctrnactka-14\/listy-prahy-14\/archiv-102003\/\" \/>\n<meta property=\"og:site_name\" content=\"\u017divot na Praze 14\" \/>\n<meta property=\"article:modified_time\" content=\"2014-06-18T08:24:08+00:00\" \/>\n<meta property=\"og:image\" content=\"https:\/\/www.praha14.cz\/app\/uploads\/sites\/3\/2014\/04\/logoListy.jpg\" \/>\n<meta name=\"twitter:card\" content=\"summary_large_image\" \/>\n<meta name=\"twitter:label1\" content=\"Est. reading time\" \/>\n\t<meta name=\"twitter:data1\" content=\"1 minuta\" \/>\n<script type=\"application\/ld+json\" class=\"yoast-schema-graph\">{\"@context\":\"https:\/\/schema.org\",\"@graph\":[{\"@type\":\"WebPage\",\"@id\":\"https:\/\/www.praha14.cz\/zivot-na-praze-14\/casopis-ctrnactka-14\/listy-prahy-14\/archiv-102003\/\",\"url\":\"https:\/\/www.praha14.cz\/zivot-na-praze-14\/casopis-ctrnactka-14\/listy-prahy-14\/archiv-102003\/\",\"name\":\"Archiv - 10\/2003 - \u017divot na Praze 14\",\"isPartOf\":{\"@id\":\"https:\/\/www.praha14.cz\/zivot-na-praze-14\/#website\"},\"primaryImageOfPage\":{\"@id\":\"https:\/\/www.praha14.cz\/zivot-na-praze-14\/casopis-ctrnactka-14\/listy-prahy-14\/archiv-102003\/#primaryimage\"},\"image\":{\"@id\":\"https:\/\/www.praha14.cz\/zivot-na-praze-14\/casopis-ctrnactka-14\/listy-prahy-14\/archiv-102003\/#primaryimage\"},\"thumbnailUrl\":\"https:\/\/www.praha14.cz\/app\/uploads\/sites\/3\/2014\/04\/logoListy.jpg\",\"datePublished\":\"2014-04-23T13:50:02+00:00\",\"dateModified\":\"2014-06-18T08:24:08+00:00\",\"breadcrumb\":{\"@id\":\"https:\/\/www.praha14.cz\/zivot-na-praze-14\/casopis-ctrnactka-14\/listy-prahy-14\/archiv-102003\/#breadcrumb\"},\"inLanguage\":\"cs\",\"potentialAction\":[{\"@type\":\"ReadAction\",\"target\":[\"https:\/\/www.praha14.cz\/zivot-na-praze-14\/casopis-ctrnactka-14\/listy-prahy-14\/archiv-102003\/\"]}]},{\"@type\":\"ImageObject\",\"inLanguage\":\"cs\",\"@id\":\"https:\/\/www.praha14.cz\/zivot-na-praze-14\/casopis-ctrnactka-14\/listy-prahy-14\/archiv-102003\/#primaryimage\",\"url\":\"https:\/\/www.praha14.cz\/app\/uploads\/sites\/3\/2014\/04\/logoListy.jpg\",\"contentUrl\":\"https:\/\/www.praha14.cz\/app\/uploads\/sites\/3\/2014\/04\/logoListy.jpg\"},{\"@type\":\"BreadcrumbList\",\"@id\":\"https:\/\/www.praha14.cz\/zivot-na-praze-14\/casopis-ctrnactka-14\/listy-prahy-14\/archiv-102003\/#breadcrumb\",\"itemListElement\":[{\"@type\":\"ListItem\",\"position\":1,\"name\":\"\u017divot na Praze 14\",\"item\":\"https:\/\/www.praha14.cz\/zivot-na-praze-14\/\"},{\"@type\":\"ListItem\",\"position\":2,\"name\":\"\u010casopis \u010ctrn\u00e1ctka\",\"item\":\"https:\/\/www.praha14.cz\/zivot-na-praze-14\/casopis-ctrnactka-14\/\"},{\"@type\":\"ListItem\",\"position\":3,\"name\":\"Listy Prahy 14\",\"item\":\"https:\/\/www.praha14.cz\/zivot-na-praze-14\/casopis-ctrnactka-14\/listy-prahy-14\/\"},{\"@type\":\"ListItem\",\"position\":4,\"name\":\"Archiv &#8211; 10\/2003\"}]},{\"@type\":\"WebSite\",\"@id\":\"https:\/\/www.praha14.cz\/zivot-na-praze-14\/#website\",\"url\":\"https:\/\/www.praha14.cz\/zivot-na-praze-14\/\",\"name\":\"\u017divot na Praze 14\",\"description\":\"\",\"potentialAction\":[{\"@type\":\"SearchAction\",\"target\":{\"@type\":\"EntryPoint\",\"urlTemplate\":\"https:\/\/www.praha14.cz\/zivot-na-praze-14\/?s={search_term_string}\"},\"query-input\":{\"@type\":\"PropertyValueSpecification\",\"valueRequired\":true,\"valueName\":\"search_term_string\"}}],\"inLanguage\":\"cs\"}]}<\/script>\n<!-- \/ Yoast SEO plugin. -->","yoast_head_json":{"title":"Archiv - 10\/2003 - \u017divot na Praze 14","robots":{"index":"index","follow":"follow","max-snippet":"max-snippet:-1","max-image-preview":"max-image-preview:large","max-video-preview":"max-video-preview:-1"},"canonical":"https:\/\/www.praha14.cz\/zivot-na-praze-14\/casopis-ctrnactka-14\/listy-prahy-14\/archiv-102003\/","og_locale":"cs_CZ","og_type":"article","og_title":"Archiv - 10\/2003 - \u017divot na Praze 14","og_description":"Seznam \u010dl\u00e1nk\u016f \u010d. 10\/2003 Tituln\u00ed strana strana 10 Osm\u00fd ro\u010dn\u00edk Bab\u00edho l\u00e9ta Mot\u00fdlek informuje strana 2 a\u017e 3 Komunitn\u00ed centrum Zpravodajstv\u00ed z Radnice Indi\u00e1nsk\u00fd p\u0159\u00edm\u011bstsk\u00fd t\u00e1bor Zm\u011bna p\u016fsobnosti odboru v\u00fdstavby Mot\u00fdlek let\u00ed d\u00e1l strana 4 Velkoobjemov\u00e9 kontejnery na \u0159\u00edjen strana 11 Aktu\u00e1ln\u011b ke t\u0159em stavebn\u00edm akc\u00edm z oblasti dopravy Ka\u017ed\u00fd den s n\u00e1kupn\u00edm i z\u00e1bavn\u00edm...","og_url":"https:\/\/www.praha14.cz\/zivot-na-praze-14\/casopis-ctrnactka-14\/listy-prahy-14\/archiv-102003\/","og_site_name":"\u017divot na Praze 14","article_modified_time":"2014-06-18T08:24:08+00:00","og_image":[{"url":"https:\/\/www.praha14.cz\/app\/uploads\/sites\/3\/2014\/04\/logoListy.jpg","type":"","width":"","height":""}],"twitter_card":"summary_large_image","twitter_misc":{"Est. reading time":"1 minuta"},"schema":{"@context":"https:\/\/schema.org","@graph":[{"@type":"WebPage","@id":"https:\/\/www.praha14.cz\/zivot-na-praze-14\/casopis-ctrnactka-14\/listy-prahy-14\/archiv-102003\/","url":"https:\/\/www.praha14.cz\/zivot-na-praze-14\/casopis-ctrnactka-14\/listy-prahy-14\/archiv-102003\/","name":"Archiv - 10\/2003 - \u017divot na Praze 14","isPartOf":{"@id":"https:\/\/www.praha14.cz\/zivot-na-praze-14\/#website"},"primaryImageOfPage":{"@id":"https:\/\/www.praha14.cz\/zivot-na-praze-14\/casopis-ctrnactka-14\/listy-prahy-14\/archiv-102003\/#primaryimage"},"image":{"@id":"https:\/\/www.praha14.cz\/zivot-na-praze-14\/casopis-ctrnactka-14\/listy-prahy-14\/archiv-102003\/#primaryimage"},"thumbnailUrl":"https:\/\/www.praha14.cz\/app\/uploads\/sites\/3\/2014\/04\/logoListy.jpg","datePublished":"2014-04-23T13:50:02+00:00","dateModified":"2014-06-18T08:24:08+00:00","breadcrumb":{"@id":"https:\/\/www.praha14.cz\/zivot-na-praze-14\/casopis-ctrnactka-14\/listy-prahy-14\/archiv-102003\/#breadcrumb"},"inLanguage":"cs","potentialAction":[{"@type":"ReadAction","target":["https:\/\/www.praha14.cz\/zivot-na-praze-14\/casopis-ctrnactka-14\/listy-prahy-14\/archiv-102003\/"]}]},{"@type":"ImageObject","inLanguage":"cs","@id":"https:\/\/www.praha14.cz\/zivot-na-praze-14\/casopis-ctrnactka-14\/listy-prahy-14\/archiv-102003\/#primaryimage","url":"https:\/\/www.praha14.cz\/app\/uploads\/sites\/3\/2014\/04\/logoListy.jpg","contentUrl":"https:\/\/www.praha14.cz\/app\/uploads\/sites\/3\/2014\/04\/logoListy.jpg"},{"@type":"BreadcrumbList","@id":"https:\/\/www.praha14.cz\/zivot-na-praze-14\/casopis-ctrnactka-14\/listy-prahy-14\/archiv-102003\/#breadcrumb","itemListElement":[{"@type":"ListItem","position":1,"name":"\u017divot na Praze 14","item":"https:\/\/www.praha14.cz\/zivot-na-praze-14\/"},{"@type":"ListItem","position":2,"name":"\u010casopis \u010ctrn\u00e1ctka","item":"https:\/\/www.praha14.cz\/zivot-na-praze-14\/casopis-ctrnactka-14\/"},{"@type":"ListItem","position":3,"name":"Listy Prahy 14","item":"https:\/\/www.praha14.cz\/zivot-na-praze-14\/casopis-ctrnactka-14\/listy-prahy-14\/"},{"@type":"ListItem","position":4,"name":"Archiv &#8211; 10\/2003"}]},{"@type":"WebSite","@id":"https:\/\/www.praha14.cz\/zivot-na-praze-14\/#website","url":"https:\/\/www.praha14.cz\/zivot-na-praze-14\/","name":"\u017divot na Praze 14","description":"","potentialAction":[{"@type":"SearchAction","target":{"@type":"EntryPoint","urlTemplate":"https:\/\/www.praha14.cz\/zivot-na-praze-14\/?s={search_term_string}"},"query-input":{"@type":"PropertyValueSpecification","valueRequired":true,"valueName":"search_term_string"}}],"inLanguage":"cs"}]}},"_links":{"self":[{"href":"https:\/\/www.praha14.cz\/zivot-na-praze-14\/wp-json\/wp\/v2\/pages\/11716","targetHints":{"allow":["GET"]}}],"collection":[{"href":"https:\/\/www.praha14.cz\/zivot-na-praze-14\/wp-json\/wp\/v2\/pages"}],"about":[{"href":"https:\/\/www.praha14.cz\/zivot-na-praze-14\/wp-json\/wp\/v2\/types\/page"}],"author":[{"embeddable":true,"href":"https:\/\/www.praha14.cz\/zivot-na-praze-14\/wp-json\/wp\/v2\/users\/1"}],"replies":[{"embeddable":true,"href":"https:\/\/www.praha14.cz\/zivot-na-praze-14\/wp-json\/wp\/v2\/comments?post=11716"}],"version-history":[{"count":0,"href":"https:\/\/www.praha14.cz\/zivot-na-praze-14\/wp-json\/wp\/v2\/pages\/11716\/revisions"}],"up":[{"embeddable":true,"href":"https:\/\/www.praha14.cz\/zivot-na-praze-14\/wp-json\/wp\/v2\/pages\/409"}],"wp:attachment":[{"href":"https:\/\/www.praha14.cz\/zivot-na-praze-14\/wp-json\/wp\/v2\/media?parent=11716"}],"curies":[{"name":"wp","href":"https:\/\/api.w.org\/{rel}","templated":true}]}}