{"id":1398,"date":"2014-05-06T09:36:12","date_gmt":"2014-05-06T08:36:12","guid":{"rendered":"https:\/\/www.praha14.cz\/zivot-na-praze-14\/?page_id=1398"},"modified":"2020-10-13T08:49:08","modified_gmt":"2020-10-13T08:49:08","slug":"kulturni-centrum","status":"publish","type":"page","link":"https:\/\/www.praha14.cz\/zivot-na-praze-14\/kulturni-centrum\/","title":{"rendered":"Kulturn\u00ed centrum"},"content":{"rendered":"<section class=\"p14-panel-group\"><div id=\"panel_group_1\" class=\"panel-group\"><article class=\"panel panel-default\">\n\t\t\t<div class=\"panel-heading\">\n\t\t\t\t<h1 class=\"panel-title\">\n\t\t\t\t\t<a data-toggle=\"collapse\" data-parent=\"#panel_group_1\" href=\"#panel_1_1\" class=\"collapsed\">\n\t\t\t\t\t\tKulturn\u00ed centrum Doln\u00ed Po\u010dernice\n\t\t\t\t\t<\/a>\n\t\t\t\t<\/h1>\n\t\t\t<\/div>\n\t\t\t<div id=\"panel_1_1\" class=\"panel-collapse collapse\">\n\t\t\t\t<div class=\"panel-body\">\n\t\t\t\t\t<\/p>\n<p><strong>V sobotu 23. \u010dervna 2007 bylo slavnostn\u011b otev\u0159eno spole\u010dn\u00e9 kulturn\u00ed centrum m\u011bstsk\u00fdch \u010d\u00e1st\u00ed Praha &#8211; Doln\u00ed Po\u010dernice a Praha 14.<\/strong><\/p>\n<p>Kulturn\u00ed centrum se nach\u00e1z\u00ed v rekonstruovan\u00e9m objektu b\u00fdval\u00e9ho pivovaru, kter\u00fd je sou\u010d\u00e1st\u00ed pam\u00e1tkov\u011b chr\u00e1n\u011bn\u00e9ho z\u00e1meck\u00e9ho are\u00e1lu v Doln\u00edch Po\u010dernic\u00edch, jeho\u017e historie sah\u00e1 a\u017e do roku 1751.<\/p>\n<p>Z\u0159\u00edzen\u00ed kulturn\u00edho centra bylo financov\u00e1no ze struktur\u00e1ln\u00edch fond\u016f EU, st\u00e1tn\u00edho rozpo\u010dtu, ze zdroj\u016f hl. m. Prahy a M\u010c Praha &#8211; Doln\u00ed Po\u010dernice.<\/p>\n<p>Kulturn\u00ed centrum bude slou\u017eit k po\u0159\u00e1d\u00e1n\u00ed kulturn\u00edch, spole\u010densk\u00fdch, charitativn\u00edch a firemn\u00edch akc\u00ed, konferenc\u00ed, besed, lze jej t\u00e9\u017e vyu\u017e\u00edt ke klubov\u00e9, p\u0159edn\u00e1\u0161kov\u00e9 a vzd\u011bl\u00e1vac\u00ed \u010dinnosti. Sou\u010d\u00e1st\u00ed rekonstruovan\u00e9ho pivovaru je restaurace\u00a0<a title=\"Str\u00e1nky restaurace L\u00e9ta p\u00e1n\u011b-do nov\u00e9ho okna\" href=\"http:\/\/www.letapane.cz\/\" target=\"_blank\" rel=\"noopener noreferrer\">L\u00e9ta p\u00e1n\u011b<\/a>.<\/p>\n<p>&nbsp;<\/p>\n<p style=\"text-align: center\"><a href=\"https:\/\/www.praha14.cz\/app\/uploads\/sites\/4\/2014\/04\/kult_centrum_dp.jpg\" data-rel=\"lightbox-image-0\" data-rl_title=\"\" data-rl_caption=\"\" title=\"\"><img loading=\"lazy\" decoding=\"async\" class=\"wp-image-489 aligncenter\" src=\"https:\/\/www.praha14.cz\/app\/uploads\/sites\/4\/2014\/04\/kult_centrum_dp.jpg\" alt=\"kult_centrum_dp\" width=\"230\" height=\"158\" srcset=\"https:\/\/www.praha14.cz\/app\/uploads\/sites\/4\/2014\/04\/kult_centrum_dp.jpg 640w, https:\/\/www.praha14.cz\/app\/uploads\/sites\/4\/2014\/04\/kult_centrum_dp-370x254.jpg 370w\" sizes=\"(max-width: 230px) 100vw, 230px\" \/><\/a>\n\t\t\t\t<\/div>\n\t\t\t<\/div>\n\t\t<\/article><article class=\"panel panel-default\">\n\t\t\t<div class=\"panel-heading\">\n\t\t\t\t<h1 class=\"panel-title\">\n\t\t\t\t\t<a data-toggle=\"collapse\" data-parent=\"#panel_group_1\" href=\"#panel_1_2\" class=\"collapsed\">\n\t\t\t\t\t\tKulturn\u00ed centrum Horn\u00ed Po\u010dernice\n\t\t\t\t\t<\/a>\n\t\t\t\t<\/h1>\n\t\t\t<\/div>\n\t\t\t<div id=\"panel_1_2\" class=\"panel-collapse collapse\">\n\t\t\t\t<div class=\"panel-body\">\n\t\t\t\t\t<\/p>\n<p><a href=\"http:\/\/www.divadlopocernice.cz\/\" target=\"_blank\" rel=\"noopener noreferrer\">http:\/\/www.divadlopocernice.cz\/<\/a>\n\t\t\t\t<\/div>\n\t\t\t<\/div>\n\t\t<\/article><\/div><\/section>\n","protected":false},"excerpt":{"rendered":"","protected":false},"author":1,"featured_media":0,"parent":0,"menu_order":0,"comment_status":"closed","ping_status":"open","template":"","meta":{"_acf_changed":false,"footnotes":""},"class_list":["post-1398","page","type-page","status-publish","hentry"],"acf":[],"yoast_head":"<!-- This site is optimized with the Yoast SEO plugin v27.2 - https:\/\/yoast.com\/product\/yoast-seo-wordpress\/ -->\n<title>Kulturn\u00ed centrum - \u017divot na Praze 14<\/title>\n<meta name=\"robots\" content=\"index, follow, max-snippet:-1, max-image-preview:large, max-video-preview:-1\" \/>\n<link rel=\"canonical\" href=\"https:\/\/www.praha14.cz\/zivot-na-praze-14\/kulturni-centrum\/\" \/>\n<meta property=\"og:locale\" content=\"cs_CZ\" \/>\n<meta property=\"og:type\" content=\"article\" \/>\n<meta property=\"og:title\" content=\"Kulturn\u00ed centrum - \u017divot na Praze 14\" \/>\n<meta property=\"og:url\" content=\"https:\/\/www.praha14.cz\/zivot-na-praze-14\/kulturni-centrum\/\" \/>\n<meta property=\"og:site_name\" content=\"\u017divot na Praze 14\" \/>\n<meta property=\"article:modified_time\" content=\"2020-10-13T08:49:08+00:00\" \/>\n<meta property=\"og:image\" content=\"https:\/\/www.praha14.cz\/app\/uploads\/sites\/4\/2014\/04\/kult_centrum_dp.jpg\" \/>\n<meta name=\"twitter:card\" content=\"summary_large_image\" \/>\n<meta name=\"twitter:label1\" content=\"Est. reading time\" \/>\n\t<meta name=\"twitter:data1\" content=\"1 minuta\" \/>\n<script type=\"application\/ld+json\" class=\"yoast-schema-graph\">{\"@context\":\"https:\/\/schema.org\",\"@graph\":[{\"@type\":\"WebPage\",\"@id\":\"https:\/\/www.praha14.cz\/zivot-na-praze-14\/kulturni-centrum\/\",\"url\":\"https:\/\/www.praha14.cz\/zivot-na-praze-14\/kulturni-centrum\/\",\"name\":\"Kulturn\u00ed centrum - \u017divot na Praze 14\",\"isPartOf\":{\"@id\":\"https:\/\/www.praha14.cz\/zivot-na-praze-14\/#website\"},\"primaryImageOfPage\":{\"@id\":\"https:\/\/www.praha14.cz\/zivot-na-praze-14\/kulturni-centrum\/#primaryimage\"},\"image\":{\"@id\":\"https:\/\/www.praha14.cz\/zivot-na-praze-14\/kulturni-centrum\/#primaryimage\"},\"thumbnailUrl\":\"https:\/\/www.praha14.cz\/app\/uploads\/sites\/4\/2014\/04\/kult_centrum_dp.jpg\",\"datePublished\":\"2014-05-06T08:36:12+00:00\",\"dateModified\":\"2020-10-13T08:49:08+00:00\",\"breadcrumb\":{\"@id\":\"https:\/\/www.praha14.cz\/zivot-na-praze-14\/kulturni-centrum\/#breadcrumb\"},\"inLanguage\":\"cs\",\"potentialAction\":[{\"@type\":\"ReadAction\",\"target\":[\"https:\/\/www.praha14.cz\/zivot-na-praze-14\/kulturni-centrum\/\"]}]},{\"@type\":\"ImageObject\",\"inLanguage\":\"cs\",\"@id\":\"https:\/\/www.praha14.cz\/zivot-na-praze-14\/kulturni-centrum\/#primaryimage\",\"url\":\"https:\/\/www.praha14.cz\/app\/uploads\/sites\/4\/2014\/04\/kult_centrum_dp.jpg\",\"contentUrl\":\"https:\/\/www.praha14.cz\/app\/uploads\/sites\/4\/2014\/04\/kult_centrum_dp.jpg\"},{\"@type\":\"BreadcrumbList\",\"@id\":\"https:\/\/www.praha14.cz\/zivot-na-praze-14\/kulturni-centrum\/#breadcrumb\",\"itemListElement\":[{\"@type\":\"ListItem\",\"position\":1,\"name\":\"\u017divot na Praze 14\",\"item\":\"https:\/\/www.praha14.cz\/zivot-na-praze-14\/\"},{\"@type\":\"ListItem\",\"position\":2,\"name\":\"Kulturn\u00ed centrum\"}]},{\"@type\":\"WebSite\",\"@id\":\"https:\/\/www.praha14.cz\/zivot-na-praze-14\/#website\",\"url\":\"https:\/\/www.praha14.cz\/zivot-na-praze-14\/\",\"name\":\"\u017divot na Praze 14\",\"description\":\"\",\"potentialAction\":[{\"@type\":\"SearchAction\",\"target\":{\"@type\":\"EntryPoint\",\"urlTemplate\":\"https:\/\/www.praha14.cz\/zivot-na-praze-14\/?s={search_term_string}\"},\"query-input\":{\"@type\":\"PropertyValueSpecification\",\"valueRequired\":true,\"valueName\":\"search_term_string\"}}],\"inLanguage\":\"cs\"}]}<\/script>\n<!-- \/ Yoast SEO plugin. -->","yoast_head_json":{"title":"Kulturn\u00ed centrum - \u017divot na Praze 14","robots":{"index":"index","follow":"follow","max-snippet":"max-snippet:-1","max-image-preview":"max-image-preview:large","max-video-preview":"max-video-preview:-1"},"canonical":"https:\/\/www.praha14.cz\/zivot-na-praze-14\/kulturni-centrum\/","og_locale":"cs_CZ","og_type":"article","og_title":"Kulturn\u00ed centrum - \u017divot na Praze 14","og_url":"https:\/\/www.praha14.cz\/zivot-na-praze-14\/kulturni-centrum\/","og_site_name":"\u017divot na Praze 14","article_modified_time":"2020-10-13T08:49:08+00:00","og_image":[{"url":"https:\/\/www.praha14.cz\/app\/uploads\/sites\/4\/2014\/04\/kult_centrum_dp.jpg","type":"","width":"","height":""}],"twitter_card":"summary_large_image","twitter_misc":{"Est. reading time":"1 minuta"},"schema":{"@context":"https:\/\/schema.org","@graph":[{"@type":"WebPage","@id":"https:\/\/www.praha14.cz\/zivot-na-praze-14\/kulturni-centrum\/","url":"https:\/\/www.praha14.cz\/zivot-na-praze-14\/kulturni-centrum\/","name":"Kulturn\u00ed centrum - \u017divot na Praze 14","isPartOf":{"@id":"https:\/\/www.praha14.cz\/zivot-na-praze-14\/#website"},"primaryImageOfPage":{"@id":"https:\/\/www.praha14.cz\/zivot-na-praze-14\/kulturni-centrum\/#primaryimage"},"image":{"@id":"https:\/\/www.praha14.cz\/zivot-na-praze-14\/kulturni-centrum\/#primaryimage"},"thumbnailUrl":"https:\/\/www.praha14.cz\/app\/uploads\/sites\/4\/2014\/04\/kult_centrum_dp.jpg","datePublished":"2014-05-06T08:36:12+00:00","dateModified":"2020-10-13T08:49:08+00:00","breadcrumb":{"@id":"https:\/\/www.praha14.cz\/zivot-na-praze-14\/kulturni-centrum\/#breadcrumb"},"inLanguage":"cs","potentialAction":[{"@type":"ReadAction","target":["https:\/\/www.praha14.cz\/zivot-na-praze-14\/kulturni-centrum\/"]}]},{"@type":"ImageObject","inLanguage":"cs","@id":"https:\/\/www.praha14.cz\/zivot-na-praze-14\/kulturni-centrum\/#primaryimage","url":"https:\/\/www.praha14.cz\/app\/uploads\/sites\/4\/2014\/04\/kult_centrum_dp.jpg","contentUrl":"https:\/\/www.praha14.cz\/app\/uploads\/sites\/4\/2014\/04\/kult_centrum_dp.jpg"},{"@type":"BreadcrumbList","@id":"https:\/\/www.praha14.cz\/zivot-na-praze-14\/kulturni-centrum\/#breadcrumb","itemListElement":[{"@type":"ListItem","position":1,"name":"\u017divot na Praze 14","item":"https:\/\/www.praha14.cz\/zivot-na-praze-14\/"},{"@type":"ListItem","position":2,"name":"Kulturn\u00ed centrum"}]},{"@type":"WebSite","@id":"https:\/\/www.praha14.cz\/zivot-na-praze-14\/#website","url":"https:\/\/www.praha14.cz\/zivot-na-praze-14\/","name":"\u017divot na Praze 14","description":"","potentialAction":[{"@type":"SearchAction","target":{"@type":"EntryPoint","urlTemplate":"https:\/\/www.praha14.cz\/zivot-na-praze-14\/?s={search_term_string}"},"query-input":{"@type":"PropertyValueSpecification","valueRequired":true,"valueName":"search_term_string"}}],"inLanguage":"cs"}]}},"_links":{"self":[{"href":"https:\/\/www.praha14.cz\/zivot-na-praze-14\/wp-json\/wp\/v2\/pages\/1398","targetHints":{"allow":["GET"]}}],"collection":[{"href":"https:\/\/www.praha14.cz\/zivot-na-praze-14\/wp-json\/wp\/v2\/pages"}],"about":[{"href":"https:\/\/www.praha14.cz\/zivot-na-praze-14\/wp-json\/wp\/v2\/types\/page"}],"author":[{"embeddable":true,"href":"https:\/\/www.praha14.cz\/zivot-na-praze-14\/wp-json\/wp\/v2\/users\/1"}],"replies":[{"embeddable":true,"href":"https:\/\/www.praha14.cz\/zivot-na-praze-14\/wp-json\/wp\/v2\/comments?post=1398"}],"version-history":[{"count":1,"href":"https:\/\/www.praha14.cz\/zivot-na-praze-14\/wp-json\/wp\/v2\/pages\/1398\/revisions"}],"predecessor-version":[{"id":55609,"href":"https:\/\/www.praha14.cz\/zivot-na-praze-14\/wp-json\/wp\/v2\/pages\/1398\/revisions\/55609"}],"wp:attachment":[{"href":"https:\/\/www.praha14.cz\/zivot-na-praze-14\/wp-json\/wp\/v2\/media?parent=1398"}],"curies":[{"name":"wp","href":"https:\/\/api.w.org\/{rel}","templated":true}]}}