{"id":1596,"date":"2014-05-06T15:28:02","date_gmt":"2014-05-06T14:28:02","guid":{"rendered":"https:\/\/www.praha14.cz\/zivot-na-praze-14\/?page_id=1596"},"modified":"2023-01-30T08:29:28","modified_gmt":"2023-01-30T08:29:28","slug":"obytny-soubor-rajsky-vrch","status":"publish","type":"page","link":"https:\/\/www.praha14.cz\/zivot-na-praze-14\/obytny-soubor-rajsky-vrch\/","title":{"rendered":"Obytn\u00fd soubor Rajsk\u00fd vrch I. a II. etapa"},"content":{"rendered":"<p><strong><span style=\"color: #009dde;\">Um\u00edst\u011bn\u00ed:\u00a0<\/span><\/strong>kat. \u00fazem\u00ed \u010cern\u00fd Most, ji\u017en\u011b od ulice Ocelkova a Dobrovoln\u00e9ho, \u010dlen\u011bn\u00ed do 4 etap<\/p>\n<p><strong><span style=\"color: #009dde;\">Investor:<\/span><\/strong>\u00a0Landia Management,\u00a0 s.r.o., Evropsk\u00e1 810\/136,\u00a0 Praha 6<\/p>\n<p><strong><span style=\"color: #009dde;\">Projektant:\u00a0<\/span><\/strong>Archit.ateli\u00e9r KAMMA, s.r.o., Roz\u0161\u00ed\u0159en\u00e1 203, Praha<\/p>\n<p><strong><span style=\"color: #009dde;\">I. etapa:\u00a0<\/span><\/strong>v\u00a0centru z\u00e1jmov\u00e9ho \u00fazem\u00ed,\u00a0kapacita: 34 \u0159adov\u00fdch rodinn\u00fdch dom\u016f, 53 izolovan\u00fdch RD,\u00a0v\u00fdstavba prob\u00edh\u00e1, sou\u010d\u00e1st\u00ed jsou nov\u00e9 obslu\u017en\u00e9 komunikace<\/p>\n<p><strong><span style=\"color: #009dde;\">II. etapa:\u00a0<\/span><\/strong>mezi I. etapou a ulic\u00ed Ocelkova, kapacita: 167 bytov\u00fdch jednotek, z\u00a0toho 71 b.\u00a0j. \u2013 za\u0159\u00edzen\u00ed pro seniory, dal\u0161\u00ed ve\u0159ejn\u00e1 vybavenost \u2013 u\u017eitn\u00e1 plocha cca 370 m<sup>2<\/sup><\/p>\n<p><strong><span style=\"color: #009dde;\">Parkov\u00e1n\u00ed:\u00a0<\/span><\/strong>p\u0159ev\u00e1\u017en\u011b v\u00a0podzemn\u00edch gar\u00e1\u017e\u00edch, men\u0161\u00ed \u010d\u00e1st v\u00a01. NP a na povrchu, M\u010c prosazuje z\u0159\u00edzen\u00ed sv\u011bteln\u00e9ho signaliza\u010dn\u00edho za\u0159\u00edzen\u00ed na k\u0159i\u017eovatce Ocelkova x Gener\u00e1la Janou\u0161ka<\/p>\n<p>&nbsp;<\/p>\n<p>&nbsp;<\/p>\n<p><a style=\"line-height: 1.5em;\" href=\"https:\/\/www.praha14.cz\/app\/uploads\/sites\/4\/2014\/05\/RV_mapa.jpg\" target=\"_blank\" rel=\"noopener noreferrer\" data-rel=\"lightbox-image-0\" data-rl_title=\"\" data-rl_caption=\"\" title=\"\"><img loading=\"lazy\" decoding=\"async\" class=\"alignnone wp-image-1601 size-thumbnail\" style=\"margin-left: 5px; margin-right: 5px;\" src=\"https:\/\/www.praha14.cz\/app\/uploads\/sites\/4\/2014\/05\/RV_mapa-150x150.jpg\" alt=\"RV_mapa\" width=\"150\" height=\"150\" srcset=\"https:\/\/www.praha14.cz\/app\/uploads\/sites\/4\/2014\/05\/RV_mapa-150x150.jpg 150w, https:\/\/www.praha14.cz\/app\/uploads\/sites\/4\/2014\/05\/RV_mapa-370x370.jpg 370w, https:\/\/www.praha14.cz\/app\/uploads\/sites\/4\/2014\/05\/RV_mapa.jpg 1000w\" sizes=\"(max-width: 150px) 100vw, 150px\" \/><\/a><span style=\"line-height: 1.5em;\">\u00a0 \u00a0 \u00a0 \u00a0\u00a0<\/span><a style=\"line-height: 1.5em;\" href=\"https:\/\/www.praha14.cz\/app\/uploads\/sites\/4\/2014\/05\/RV_obr1.jpg\" target=\"_blank\" rel=\"noopener noreferrer\" data-rel=\"lightbox-image-1\" data-rl_title=\"\" data-rl_caption=\"\" title=\"\"><img loading=\"lazy\" decoding=\"async\" class=\"alignnone\" src=\"https:\/\/www.praha14.cz\/app\/uploads\/sites\/4\/2014\/05\/RV_obr1-150x150.jpg\" alt=\"RV_obr1\" width=\"150\" height=\"150\" \/><\/a><span style=\"line-height: 1.5em;\">\u00a0 \u00a0 \u00a0 \u00a0\u00a0<\/span><a style=\"line-height: 1.5em;\" href=\"https:\/\/www.praha14.cz\/app\/uploads\/sites\/4\/2014\/05\/RV_obr2.jpg\" target=\"_blank\" rel=\"noopener noreferrer\" data-rel=\"lightbox-image-2\" data-rl_title=\"\" data-rl_caption=\"\" title=\"\"><img loading=\"lazy\" decoding=\"async\" class=\"alignnone wp-image-1603 size-thumbnail\" style=\"margin-left: 5px; margin-right: 5px;\" src=\"https:\/\/www.praha14.cz\/app\/uploads\/sites\/4\/2014\/05\/RV_obr2-150x150.jpg\" alt=\"RV_obr2\" width=\"150\" height=\"150\" \/><\/a><span style=\"line-height: 1.5em;\">\u00a0 \u00a0 \u00a0 \u00a0\u00a0<\/span><a style=\"line-height: 1.5em;\" href=\"https:\/\/www.praha14.cz\/app\/uploads\/sites\/4\/2014\/05\/RV_obr3.jpg\" target=\"_blank\" rel=\"noopener noreferrer\" data-rel=\"lightbox-image-3\" data-rl_title=\"\" data-rl_caption=\"\" title=\"\"><img loading=\"lazy\" decoding=\"async\" class=\"alignnone wp-image-1604 size-thumbnail\" style=\"margin-left: 5px; margin-right: 5px;\" src=\"https:\/\/www.praha14.cz\/app\/uploads\/sites\/4\/2014\/05\/RV_obr3-150x150.jpg\" alt=\"RV_obr3\" width=\"150\" height=\"150\" \/><\/a><\/p>\n<p>&nbsp;<\/p>\n<h3><span style=\"color: #99ccff;\"><strong><span style=\"color: #009dde;\">OBYTN\u00dd SOUBOR RAJSK\u00dd VRCH 3<\/span><\/strong><\/span><\/h3>\n<p><strong><span style=\"color: #009dde;\">Investor:<\/span><\/strong> LANDIA &#8211; Rajsk\u00fd vrch 3 s.r.o., Evropsk\u00e1 810\/136,\u00a0 Praha 6<\/p>\n<p><strong><span style=\"color: #009dde;\">Projektant:\u00a0<\/span><\/strong>mar.s architects s.r.o., Stavitelsk\u00e1 8, Praha 6<\/p>\n<p><strong><span style=\"color: #009dde;\">HPP: <\/span><\/strong>11 476 m2<\/p>\n<p><strong><span style=\"color: #009dde;\">Kapacita: <\/span><\/strong>5 polyfunk\u010dn\u00edch objekt\u016f soci\u00e1ln\u00ed p\u00e9\u010de o 160 jednotk\u00e1ch<\/p>\n<p><strong><span style=\"color: #009dde;\">Parkov\u00e1n\u00ed:\u00a0<\/span><\/strong>gar\u00e1\u017ee v podzem\u00ed i na povrchu<\/p>\n<p><strong><a href=\"https:\/\/www.praha14.cz\/app\/uploads\/sites\/4\/2022\/06\/Rajsky-vrch-koordinacni-situace.pdf\" target=\"_blank\" rel=\"noopener\">Rajsk\u00fd vrch koordina\u010dn\u00ed situace<\/a><\/strong><\/p>\n<p><strong>Dokumentace pro \u00fazemn\u00ed rozhodnut\u00ed 2020<\/strong><\/p>\n<p><a href=\"https:\/\/www.praha14.cz\/app\/uploads\/sites\/4\/2021\/02\/Rajsk\u00fd-vrch-3-\u0159ez-\u00fazem\u00edm.jpg\" target=\"_blank\" rel=\"noopener noreferrer\" data-rel=\"lightbox-image-4\" data-rl_title=\"\" data-rl_caption=\"\"><img loading=\"lazy\" decoding=\"async\" class=\"wp-image-57814 size-thumbnail alignnone\" title=\"\" src=\"https:\/\/www.praha14.cz\/app\/uploads\/sites\/4\/2021\/02\/Rajsk\u00fd-vrch-3-\u0159ez-\u00fazem\u00edm-150x150.jpg\" alt=\"Rajsk\u00fd vrch 3-\u0159ez \u00fazem\u00edm\" width=\"150\" height=\"150\" \/><\/a> \u00a0 <a href=\"https:\/\/www.praha14.cz\/app\/uploads\/sites\/4\/2021\/02\/Rajsk\u00fd-vrch-3-situace.jpg\" target=\"_blank\" rel=\"noopener noreferrer\" data-rel=\"lightbox-image-5\" data-rl_title=\"\" data-rl_caption=\"\"><img loading=\"lazy\" decoding=\"async\" class=\"alignnone wp-image-57815 size-thumbnail\" title=\"\" src=\"https:\/\/www.praha14.cz\/app\/uploads\/sites\/4\/2021\/02\/Rajsk\u00fd-vrch-3-situace-150x150.jpg\" alt=\"Rajsk\u00fd vrch 3-situace\" width=\"150\" height=\"150\" \/><\/a> <a href=\"https:\/\/www.praha14.cz\/app\/uploads\/sites\/4\/2021\/02\/Rajsk\u00fd-vrch-3-vizualizace.jpg\" target=\"_blank\" rel=\"noopener noreferrer\" data-rel=\"lightbox-image-6\" data-rl_title=\"\" data-rl_caption=\"\"><img loading=\"lazy\" decoding=\"async\" class=\"alignleft wp-image-57816 size-thumbnail\" title=\"\" src=\"https:\/\/www.praha14.cz\/app\/uploads\/sites\/4\/2021\/02\/Rajsk\u00fd-vrch-3-vizualizace-150x150.jpg\" alt=\"Rajsk\u00fd vrch 3-vizualizace\" width=\"150\" height=\"150\" \/><\/a><\/p>\n","protected":false},"excerpt":{"rendered":"<p>Um\u00edst\u011bn\u00ed:\u00a0kat. \u00fazem\u00ed \u010cern\u00fd Most, ji\u017en\u011b od ulice Ocelkova a Dobrovoln\u00e9ho, \u010dlen\u011bn\u00ed do 4 etap Investor:\u00a0Landia Management,\u00a0 s.r.o., Evropsk\u00e1 810\/136,\u00a0 Praha 6 Projektant:\u00a0Archit.ateli\u00e9r KAMMA, s.r.o., Roz\u0161\u00ed\u0159en\u00e1 203, Praha I. etapa:\u00a0v\u00a0centru z\u00e1jmov\u00e9ho \u00fazem\u00ed,\u00a0kapacita: 34 \u0159adov\u00fdch rodinn\u00fdch dom\u016f, 53 izolovan\u00fdch RD,\u00a0v\u00fdstavba prob\u00edh\u00e1, sou\u010d\u00e1st\u00ed jsou nov\u00e9 obslu\u017en\u00e9 komunikace II. etapa:\u00a0mezi I. etapou a ulic\u00ed Ocelkova, kapacita: 167 bytov\u00fdch jednotek,&#8230;<\/p>\n","protected":false},"author":1,"featured_media":0,"parent":0,"menu_order":0,"comment_status":"closed","ping_status":"open","template":"","meta":{"_acf_changed":false,"footnotes":""},"class_list":["post-1596","page","type-page","status-publish","hentry"],"acf":[],"yoast_head":"<!-- This site is optimized with the Yoast SEO plugin v27.2 - https:\/\/yoast.com\/product\/yoast-seo-wordpress\/ -->\n<title>Obytn\u00fd soubor Rajsk\u00fd vrch I. a II. etapa - \u017divot na Praze 14<\/title>\n<meta name=\"robots\" content=\"index, follow, max-snippet:-1, max-image-preview:large, max-video-preview:-1\" \/>\n<link rel=\"canonical\" href=\"https:\/\/www.praha14.cz\/zivot-na-praze-14\/obytny-soubor-rajsky-vrch\/\" \/>\n<meta property=\"og:locale\" content=\"cs_CZ\" \/>\n<meta property=\"og:type\" content=\"article\" \/>\n<meta property=\"og:title\" content=\"Obytn\u00fd soubor Rajsk\u00fd vrch I. a II. etapa - \u017divot na Praze 14\" \/>\n<meta property=\"og:description\" content=\"Um\u00edst\u011bn\u00ed:\u00a0kat. \u00fazem\u00ed \u010cern\u00fd Most, ji\u017en\u011b od ulice Ocelkova a Dobrovoln\u00e9ho, \u010dlen\u011bn\u00ed do 4 etap Investor:\u00a0Landia Management,\u00a0 s.r.o., Evropsk\u00e1 810\/136,\u00a0 Praha 6 Projektant:\u00a0Archit.ateli\u00e9r KAMMA, s.r.o., Roz\u0161\u00ed\u0159en\u00e1 203, Praha I. etapa:\u00a0v\u00a0centru z\u00e1jmov\u00e9ho \u00fazem\u00ed,\u00a0kapacita: 34 \u0159adov\u00fdch rodinn\u00fdch dom\u016f, 53 izolovan\u00fdch RD,\u00a0v\u00fdstavba prob\u00edh\u00e1, sou\u010d\u00e1st\u00ed jsou nov\u00e9 obslu\u017en\u00e9 komunikace II. etapa:\u00a0mezi I. etapou a ulic\u00ed Ocelkova, kapacita: 167 bytov\u00fdch jednotek,...\" \/>\n<meta property=\"og:url\" content=\"https:\/\/www.praha14.cz\/zivot-na-praze-14\/obytny-soubor-rajsky-vrch\/\" \/>\n<meta property=\"og:site_name\" content=\"\u017divot na Praze 14\" \/>\n<meta property=\"article:modified_time\" content=\"2023-01-30T08:29:28+00:00\" \/>\n<meta property=\"og:image\" content=\"https:\/\/www.praha14.cz\/app\/uploads\/sites\/4\/2014\/05\/RV_mapa-150x150.jpg\" \/>\n<meta name=\"twitter:card\" content=\"summary_large_image\" \/>\n<meta name=\"twitter:label1\" content=\"Est. reading time\" \/>\n\t<meta name=\"twitter:data1\" content=\"3 minuty\" \/>\n<script type=\"application\/ld+json\" class=\"yoast-schema-graph\">{\"@context\":\"https:\/\/schema.org\",\"@graph\":[{\"@type\":\"WebPage\",\"@id\":\"https:\/\/www.praha14.cz\/zivot-na-praze-14\/obytny-soubor-rajsky-vrch\/\",\"url\":\"https:\/\/www.praha14.cz\/zivot-na-praze-14\/obytny-soubor-rajsky-vrch\/\",\"name\":\"Obytn\u00fd soubor Rajsk\u00fd vrch I. a II. etapa - \u017divot na Praze 14\",\"isPartOf\":{\"@id\":\"https:\/\/www.praha14.cz\/zivot-na-praze-14\/#website\"},\"primaryImageOfPage\":{\"@id\":\"https:\/\/www.praha14.cz\/zivot-na-praze-14\/obytny-soubor-rajsky-vrch\/#primaryimage\"},\"image\":{\"@id\":\"https:\/\/www.praha14.cz\/zivot-na-praze-14\/obytny-soubor-rajsky-vrch\/#primaryimage\"},\"thumbnailUrl\":\"https:\/\/www.praha14.cz\/app\/uploads\/sites\/4\/2014\/05\/RV_mapa-150x150.jpg\",\"datePublished\":\"2014-05-06T14:28:02+00:00\",\"dateModified\":\"2023-01-30T08:29:28+00:00\",\"breadcrumb\":{\"@id\":\"https:\/\/www.praha14.cz\/zivot-na-praze-14\/obytny-soubor-rajsky-vrch\/#breadcrumb\"},\"inLanguage\":\"cs\",\"potentialAction\":[{\"@type\":\"ReadAction\",\"target\":[\"https:\/\/www.praha14.cz\/zivot-na-praze-14\/obytny-soubor-rajsky-vrch\/\"]}]},{\"@type\":\"ImageObject\",\"inLanguage\":\"cs\",\"@id\":\"https:\/\/www.praha14.cz\/zivot-na-praze-14\/obytny-soubor-rajsky-vrch\/#primaryimage\",\"url\":\"https:\/\/www.praha14.cz\/app\/uploads\/sites\/4\/2014\/05\/RV_mapa-150x150.jpg\",\"contentUrl\":\"https:\/\/www.praha14.cz\/app\/uploads\/sites\/4\/2014\/05\/RV_mapa-150x150.jpg\"},{\"@type\":\"BreadcrumbList\",\"@id\":\"https:\/\/www.praha14.cz\/zivot-na-praze-14\/obytny-soubor-rajsky-vrch\/#breadcrumb\",\"itemListElement\":[{\"@type\":\"ListItem\",\"position\":1,\"name\":\"\u017divot na Praze 14\",\"item\":\"https:\/\/www.praha14.cz\/zivot-na-praze-14\/\"},{\"@type\":\"ListItem\",\"position\":2,\"name\":\"Obytn\u00fd soubor Rajsk\u00fd vrch I. a II. etapa\"}]},{\"@type\":\"WebSite\",\"@id\":\"https:\/\/www.praha14.cz\/zivot-na-praze-14\/#website\",\"url\":\"https:\/\/www.praha14.cz\/zivot-na-praze-14\/\",\"name\":\"\u017divot na Praze 14\",\"description\":\"\",\"potentialAction\":[{\"@type\":\"SearchAction\",\"target\":{\"@type\":\"EntryPoint\",\"urlTemplate\":\"https:\/\/www.praha14.cz\/zivot-na-praze-14\/?s={search_term_string}\"},\"query-input\":{\"@type\":\"PropertyValueSpecification\",\"valueRequired\":true,\"valueName\":\"search_term_string\"}}],\"inLanguage\":\"cs\"}]}<\/script>\n<!-- \/ Yoast SEO plugin. -->","yoast_head_json":{"title":"Obytn\u00fd soubor Rajsk\u00fd vrch I. a II. etapa - \u017divot na Praze 14","robots":{"index":"index","follow":"follow","max-snippet":"max-snippet:-1","max-image-preview":"max-image-preview:large","max-video-preview":"max-video-preview:-1"},"canonical":"https:\/\/www.praha14.cz\/zivot-na-praze-14\/obytny-soubor-rajsky-vrch\/","og_locale":"cs_CZ","og_type":"article","og_title":"Obytn\u00fd soubor Rajsk\u00fd vrch I. a II. etapa - \u017divot na Praze 14","og_description":"Um\u00edst\u011bn\u00ed:\u00a0kat. \u00fazem\u00ed \u010cern\u00fd Most, ji\u017en\u011b od ulice Ocelkova a Dobrovoln\u00e9ho, \u010dlen\u011bn\u00ed do 4 etap Investor:\u00a0Landia Management,\u00a0 s.r.o., Evropsk\u00e1 810\/136,\u00a0 Praha 6 Projektant:\u00a0Archit.ateli\u00e9r KAMMA, s.r.o., Roz\u0161\u00ed\u0159en\u00e1 203, Praha I. etapa:\u00a0v\u00a0centru z\u00e1jmov\u00e9ho \u00fazem\u00ed,\u00a0kapacita: 34 \u0159adov\u00fdch rodinn\u00fdch dom\u016f, 53 izolovan\u00fdch RD,\u00a0v\u00fdstavba prob\u00edh\u00e1, sou\u010d\u00e1st\u00ed jsou nov\u00e9 obslu\u017en\u00e9 komunikace II. etapa:\u00a0mezi I. etapou a ulic\u00ed Ocelkova, kapacita: 167 bytov\u00fdch jednotek,...","og_url":"https:\/\/www.praha14.cz\/zivot-na-praze-14\/obytny-soubor-rajsky-vrch\/","og_site_name":"\u017divot na Praze 14","article_modified_time":"2023-01-30T08:29:28+00:00","og_image":[{"url":"https:\/\/www.praha14.cz\/app\/uploads\/sites\/4\/2014\/05\/RV_mapa-150x150.jpg","type":"","width":"","height":""}],"twitter_card":"summary_large_image","twitter_misc":{"Est. reading time":"3 minuty"},"schema":{"@context":"https:\/\/schema.org","@graph":[{"@type":"WebPage","@id":"https:\/\/www.praha14.cz\/zivot-na-praze-14\/obytny-soubor-rajsky-vrch\/","url":"https:\/\/www.praha14.cz\/zivot-na-praze-14\/obytny-soubor-rajsky-vrch\/","name":"Obytn\u00fd soubor Rajsk\u00fd vrch I. a II. etapa - \u017divot na Praze 14","isPartOf":{"@id":"https:\/\/www.praha14.cz\/zivot-na-praze-14\/#website"},"primaryImageOfPage":{"@id":"https:\/\/www.praha14.cz\/zivot-na-praze-14\/obytny-soubor-rajsky-vrch\/#primaryimage"},"image":{"@id":"https:\/\/www.praha14.cz\/zivot-na-praze-14\/obytny-soubor-rajsky-vrch\/#primaryimage"},"thumbnailUrl":"https:\/\/www.praha14.cz\/app\/uploads\/sites\/4\/2014\/05\/RV_mapa-150x150.jpg","datePublished":"2014-05-06T14:28:02+00:00","dateModified":"2023-01-30T08:29:28+00:00","breadcrumb":{"@id":"https:\/\/www.praha14.cz\/zivot-na-praze-14\/obytny-soubor-rajsky-vrch\/#breadcrumb"},"inLanguage":"cs","potentialAction":[{"@type":"ReadAction","target":["https:\/\/www.praha14.cz\/zivot-na-praze-14\/obytny-soubor-rajsky-vrch\/"]}]},{"@type":"ImageObject","inLanguage":"cs","@id":"https:\/\/www.praha14.cz\/zivot-na-praze-14\/obytny-soubor-rajsky-vrch\/#primaryimage","url":"https:\/\/www.praha14.cz\/app\/uploads\/sites\/4\/2014\/05\/RV_mapa-150x150.jpg","contentUrl":"https:\/\/www.praha14.cz\/app\/uploads\/sites\/4\/2014\/05\/RV_mapa-150x150.jpg"},{"@type":"BreadcrumbList","@id":"https:\/\/www.praha14.cz\/zivot-na-praze-14\/obytny-soubor-rajsky-vrch\/#breadcrumb","itemListElement":[{"@type":"ListItem","position":1,"name":"\u017divot na Praze 14","item":"https:\/\/www.praha14.cz\/zivot-na-praze-14\/"},{"@type":"ListItem","position":2,"name":"Obytn\u00fd soubor Rajsk\u00fd vrch I. a II. etapa"}]},{"@type":"WebSite","@id":"https:\/\/www.praha14.cz\/zivot-na-praze-14\/#website","url":"https:\/\/www.praha14.cz\/zivot-na-praze-14\/","name":"\u017divot na Praze 14","description":"","potentialAction":[{"@type":"SearchAction","target":{"@type":"EntryPoint","urlTemplate":"https:\/\/www.praha14.cz\/zivot-na-praze-14\/?s={search_term_string}"},"query-input":{"@type":"PropertyValueSpecification","valueRequired":true,"valueName":"search_term_string"}}],"inLanguage":"cs"}]}},"_links":{"self":[{"href":"https:\/\/www.praha14.cz\/zivot-na-praze-14\/wp-json\/wp\/v2\/pages\/1596","targetHints":{"allow":["GET"]}}],"collection":[{"href":"https:\/\/www.praha14.cz\/zivot-na-praze-14\/wp-json\/wp\/v2\/pages"}],"about":[{"href":"https:\/\/www.praha14.cz\/zivot-na-praze-14\/wp-json\/wp\/v2\/types\/page"}],"author":[{"embeddable":true,"href":"https:\/\/www.praha14.cz\/zivot-na-praze-14\/wp-json\/wp\/v2\/users\/1"}],"replies":[{"embeddable":true,"href":"https:\/\/www.praha14.cz\/zivot-na-praze-14\/wp-json\/wp\/v2\/comments?post=1596"}],"version-history":[{"count":6,"href":"https:\/\/www.praha14.cz\/zivot-na-praze-14\/wp-json\/wp\/v2\/pages\/1596\/revisions"}],"predecessor-version":[{"id":63673,"href":"https:\/\/www.praha14.cz\/zivot-na-praze-14\/wp-json\/wp\/v2\/pages\/1596\/revisions\/63673"}],"wp:attachment":[{"href":"https:\/\/www.praha14.cz\/zivot-na-praze-14\/wp-json\/wp\/v2\/media?parent=1596"}],"curies":[{"name":"wp","href":"https:\/\/api.w.org\/{rel}","templated":true}]}}