{"id":1657,"date":"2014-05-06T16:04:31","date_gmt":"2014-05-06T15:04:31","guid":{"rendered":"https:\/\/www.praha14.cz\/zivot-na-praze-14\/?page_id=1657"},"modified":"2023-01-30T08:35:11","modified_gmt":"2023-01-30T08:35:11","slug":"obytna-lokalita-canaba","status":"publish","type":"page","link":"https:\/\/www.praha14.cz\/zivot-na-praze-14\/obytna-lokalita-canaba\/","title":{"rendered":"Obytn\u00e1 lokalita Canaba"},"content":{"rendered":"<p><strong><span style=\"color: #009dde;\">OBYTN\u00c1 LOKALITA CANABA &#8211;\u00a0P\u016eVODN\u00cd N\u00c1VRH<\/span><\/strong><\/p>\n<p><strong><span style=\"color: #009dde;\">Um\u00edst\u011bn\u00ed:\u00a0<\/span><\/strong>kat.\u00fazem\u00ed \u010cern\u00fdm most, ji\u017en\u011b od ul. Bryksova<\/p>\n<p><strong><span style=\"color: #009dde;\">Investor:\u00a0<\/span><\/strong>CANABA Development,s.r.o., \u0160t\u011btkova 1001\/5, Praha 4<\/p>\n<p><strong><span style=\"color: #009dde;\">Projektant:\u00a0<\/span><\/strong>PROJECT ISA, spol. s r.o., Markupova 2854\/2a, Praha 9<\/p>\n<p><strong><span style=\"color: #009dde;\">Bydlen\u00ed:\u00a0<\/span><\/strong>5 bytov\u00fdch dom\u016f, t\u0159i BD severn\u011b um\u00edst\u011bn\u00e9 &#8211; 7 NP a jedno ustupuj\u00edc\u00ed,\u00a0dva BD navazuj\u00edc\u00ed ji\u017en\u011b &#8211; 4 NP\u00a0 a jedno ustupuj\u00edc\u00ed, ka\u017ed\u00fd BD m\u00e1 1 PP<\/p>\n<p><strong><span style=\"color: #009dde;\">Kapacita:\u00a0<\/span><\/strong>142 bytov\u00fdch jednotek<\/p>\n<p><strong><span style=\"color: #009dde;\">Parkov\u00e1n\u00ed:\u00a0<\/span><\/strong>gar\u00e1\u017ee v\u00a0podzem\u00ed a na povrchu\u00a0parkovac\u00ed d\u016fm \u2013 4 NP, kapacita 160 st\u00e1n\u00ed<\/p>\n<p><strong><span style=\"color: #009dde;\">Vybaven\u00ed:\u00a0<\/span><\/strong>d\u011btsk\u00e9 h\u0159i\u0161t\u011b<\/p>\n<p>&nbsp;<\/p>\n<p><strong><span style=\"color: #009dde;\">OBYTN\u00c1 LOKALITA CANABA &#8211; ROK 2015<\/span><\/strong><\/p>\n<p><strong><span style=\"color: #009dde;\">Um\u00edst\u011bn\u00ed:<\/span>\u00a0<\/strong>kat. \u00fazem\u00ed \u010cern\u00fd most, ji\u017en\u011b od ul. Bryksova<\/p>\n<p><span style=\"color: #009dde;\"><strong>Investor:\u00a0<\/strong><\/span>CANABA Development,s.r.o., \u0160t\u011btkova 1001\/5, Praha 4<\/p>\n<p><strong><span style=\"color: #009dde;\">Projektant:<\/span>\u00a0<\/strong>PROJECT ISA, spol. s r.o., Markupova 2854\/2a, Praha 9<\/p>\n<p><strong><span style=\"color: #009dde;\">Bydlen\u00ed:<\/span>\u00a0<\/strong>5 bytov\u00fdch dom\u016f, t\u0159i BD severn\u011b um\u00edst\u011bn\u00e9 \u2013 5 NP a jedno ustupuj\u00edc\u00ed,\u00a0dva BD navazuj\u00edc\u00ed ji\u017en\u011b \u2013 4 NP\u00a0 a jedno ustupuj\u00edc\u00ed, ka\u017ed\u00fd BD m\u00e1 1 PP<\/p>\n<p><strong><span style=\"color: #009dde;\">Kapacita:<\/span>\u00a0<\/strong>138 bytov\u00fdch jednotek<\/p>\n<p><strong><span style=\"color: #009dde;\">Parkov\u00e1n\u00ed:<\/span>\u00a0<\/strong>gar\u00e1\u017ee v\u00a0podzem\u00ed jednotliv\u00fdch bytov\u00fdch dom\u016f (=70ps), na povrchu (=104 ps), v parkovac\u00edm dom\u011b: PD \u2013 4 NP, kapacita =160 st\u00e1n\u00ed, parkovi\u0161t\u011b (=176ps)<\/p>\n<p><strong><span style=\"color: #009dde;\">Vybaven\u00ed:<\/span>\u00a0<\/strong>d\u011btsk\u00e9 h\u0159i\u0161t\u011b<\/p>\n<p><strong>Vyd\u00e1no \u00fazemn\u00ed rozhodnut\u00ed \u2013 rok 2016, vyd\u00e1no stavebn\u00ed povolen\u00ed \u2013 rok 2018<\/strong><\/p>\n<p>&nbsp;<\/p>\n<p><a href=\"https:\/\/www.praha14.cz\/app\/uploads\/sites\/4\/2014\/05\/Can_mapa.jpg\" target=\"_blank\" rel=\"noopener noreferrer\" data-rel=\"lightbox-image-0\" data-rl_title=\"\" data-rl_caption=\"\" title=\"\"><img loading=\"lazy\" decoding=\"async\" class=\"alignnone wp-image-1658 size-thumbnail\" src=\"https:\/\/www.praha14.cz\/app\/uploads\/sites\/4\/2014\/05\/Can_mapa-150x150.jpg\" alt=\"Can_mapa\" width=\"150\" height=\"150\" srcset=\"https:\/\/www.praha14.cz\/app\/uploads\/sites\/4\/2014\/05\/Can_mapa-150x150.jpg 150w, https:\/\/www.praha14.cz\/app\/uploads\/sites\/4\/2014\/05\/Can_mapa-370x370.jpg 370w, https:\/\/www.praha14.cz\/app\/uploads\/sites\/4\/2014\/05\/Can_mapa.jpg 1000w\" sizes=\"(max-width: 150px) 100vw, 150px\" \/><\/a><span style=\"line-height: 1.5em;\">\u00a0 <\/span><span style=\"line-height: 1.5em;\">\u00a0\u00a0<a href=\"https:\/\/www.praha14.cz\/app\/uploads\/sites\/4\/2014\/05\/Can_obr1-1.jpg\" target=\"_blank\" rel=\"noopener noreferrer\" data-rel=\"lightbox-image-1\" data-rl_title=\"\" data-rl_caption=\"\" title=\"\"><img loading=\"lazy\" decoding=\"async\" class=\"alignnone wp-image-30901 size-thumbnail\" src=\"https:\/\/www.praha14.cz\/app\/uploads\/sites\/4\/2014\/05\/Can_obr1-1-150x150.jpg\" alt=\"Can_obr1\" width=\"150\" height=\"150\" \/><\/a>\u00a0 \u00a0<a href=\"https:\/\/www.praha14.cz\/app\/uploads\/sites\/4\/2014\/05\/Can_obr2-1.jpg\" target=\"_blank\" rel=\"noopener noreferrer\" data-rel=\"lightbox-image-2\" data-rl_title=\"\" data-rl_caption=\"\" title=\"\"><img loading=\"lazy\" decoding=\"async\" class=\"alignnone wp-image-30902 size-thumbnail\" src=\"https:\/\/www.praha14.cz\/app\/uploads\/sites\/4\/2014\/05\/Can_obr2-1-150x150.jpg\" alt=\"Can_obr2\" width=\"150\" height=\"150\" \/><\/a> \u00a0\u00a0<\/span><span style=\"line-height: 1.5em;\">\u00a0<\/span><\/p>\n<p>&nbsp;<\/p>\n","protected":false},"excerpt":{"rendered":"<p>OBYTN\u00c1 LOKALITA CANABA &#8211;\u00a0P\u016eVODN\u00cd N\u00c1VRH Um\u00edst\u011bn\u00ed:\u00a0kat.\u00fazem\u00ed \u010cern\u00fdm most, ji\u017en\u011b od ul. Bryksova Investor:\u00a0CANABA Development,s.r.o., \u0160t\u011btkova 1001\/5, Praha 4 Projektant:\u00a0PROJECT ISA, spol. s r.o., Markupova 2854\/2a, Praha 9 Bydlen\u00ed:\u00a05 bytov\u00fdch dom\u016f, t\u0159i BD severn\u011b um\u00edst\u011bn\u00e9 &#8211; 7 NP a jedno ustupuj\u00edc\u00ed,\u00a0dva BD navazuj\u00edc\u00ed ji\u017en\u011b &#8211; 4 NP\u00a0 a jedno ustupuj\u00edc\u00ed, ka\u017ed\u00fd BD m\u00e1 1 PP Kapacita:\u00a0142&#8230;<\/p>\n","protected":false},"author":1,"featured_media":0,"parent":0,"menu_order":0,"comment_status":"closed","ping_status":"open","template":"","meta":{"_acf_changed":false,"footnotes":""},"class_list":["post-1657","page","type-page","status-publish","hentry"],"acf":[],"yoast_head":"<!-- This site is optimized with the Yoast SEO plugin v27.2 - https:\/\/yoast.com\/product\/yoast-seo-wordpress\/ -->\n<title>Obytn\u00e1 lokalita Canaba - \u017divot na Praze 14<\/title>\n<meta name=\"robots\" content=\"index, follow, max-snippet:-1, max-image-preview:large, max-video-preview:-1\" \/>\n<link rel=\"canonical\" href=\"https:\/\/www.praha14.cz\/zivot-na-praze-14\/obytna-lokalita-canaba\/\" \/>\n<meta property=\"og:locale\" content=\"cs_CZ\" \/>\n<meta property=\"og:type\" content=\"article\" \/>\n<meta property=\"og:title\" content=\"Obytn\u00e1 lokalita Canaba - \u017divot na Praze 14\" \/>\n<meta property=\"og:description\" content=\"OBYTN\u00c1 LOKALITA CANABA &#8211;\u00a0P\u016eVODN\u00cd N\u00c1VRH Um\u00edst\u011bn\u00ed:\u00a0kat.\u00fazem\u00ed \u010cern\u00fdm most, ji\u017en\u011b od ul. Bryksova Investor:\u00a0CANABA Development,s.r.o., \u0160t\u011btkova 1001\/5, Praha 4 Projektant:\u00a0PROJECT ISA, spol. s r.o., Markupova 2854\/2a, Praha 9 Bydlen\u00ed:\u00a05 bytov\u00fdch dom\u016f, t\u0159i BD severn\u011b um\u00edst\u011bn\u00e9 &#8211; 7 NP a jedno ustupuj\u00edc\u00ed,\u00a0dva BD navazuj\u00edc\u00ed ji\u017en\u011b &#8211; 4 NP\u00a0 a jedno ustupuj\u00edc\u00ed, ka\u017ed\u00fd BD m\u00e1 1 PP Kapacita:\u00a0142...\" \/>\n<meta property=\"og:url\" content=\"https:\/\/www.praha14.cz\/zivot-na-praze-14\/obytna-lokalita-canaba\/\" \/>\n<meta property=\"og:site_name\" content=\"\u017divot na Praze 14\" \/>\n<meta property=\"article:modified_time\" content=\"2023-01-30T08:35:11+00:00\" \/>\n<meta property=\"og:image\" content=\"https:\/\/www.praha14.cz\/app\/uploads\/sites\/4\/2014\/05\/Can_mapa-150x150.jpg\" \/>\n<meta name=\"twitter:card\" content=\"summary_large_image\" \/>\n<meta name=\"twitter:label1\" content=\"Est. reading time\" \/>\n\t<meta name=\"twitter:data1\" content=\"2 minuty\" \/>\n<script type=\"application\/ld+json\" class=\"yoast-schema-graph\">{\"@context\":\"https:\/\/schema.org\",\"@graph\":[{\"@type\":\"WebPage\",\"@id\":\"https:\/\/www.praha14.cz\/zivot-na-praze-14\/obytna-lokalita-canaba\/\",\"url\":\"https:\/\/www.praha14.cz\/zivot-na-praze-14\/obytna-lokalita-canaba\/\",\"name\":\"Obytn\u00e1 lokalita Canaba - \u017divot na Praze 14\",\"isPartOf\":{\"@id\":\"https:\/\/www.praha14.cz\/zivot-na-praze-14\/#website\"},\"primaryImageOfPage\":{\"@id\":\"https:\/\/www.praha14.cz\/zivot-na-praze-14\/obytna-lokalita-canaba\/#primaryimage\"},\"image\":{\"@id\":\"https:\/\/www.praha14.cz\/zivot-na-praze-14\/obytna-lokalita-canaba\/#primaryimage\"},\"thumbnailUrl\":\"https:\/\/www.praha14.cz\/app\/uploads\/sites\/4\/2014\/05\/Can_mapa-150x150.jpg\",\"datePublished\":\"2014-05-06T15:04:31+00:00\",\"dateModified\":\"2023-01-30T08:35:11+00:00\",\"breadcrumb\":{\"@id\":\"https:\/\/www.praha14.cz\/zivot-na-praze-14\/obytna-lokalita-canaba\/#breadcrumb\"},\"inLanguage\":\"cs\",\"potentialAction\":[{\"@type\":\"ReadAction\",\"target\":[\"https:\/\/www.praha14.cz\/zivot-na-praze-14\/obytna-lokalita-canaba\/\"]}]},{\"@type\":\"ImageObject\",\"inLanguage\":\"cs\",\"@id\":\"https:\/\/www.praha14.cz\/zivot-na-praze-14\/obytna-lokalita-canaba\/#primaryimage\",\"url\":\"https:\/\/www.praha14.cz\/app\/uploads\/sites\/4\/2014\/05\/Can_mapa-150x150.jpg\",\"contentUrl\":\"https:\/\/www.praha14.cz\/app\/uploads\/sites\/4\/2014\/05\/Can_mapa-150x150.jpg\"},{\"@type\":\"BreadcrumbList\",\"@id\":\"https:\/\/www.praha14.cz\/zivot-na-praze-14\/obytna-lokalita-canaba\/#breadcrumb\",\"itemListElement\":[{\"@type\":\"ListItem\",\"position\":1,\"name\":\"\u017divot na Praze 14\",\"item\":\"https:\/\/www.praha14.cz\/zivot-na-praze-14\/\"},{\"@type\":\"ListItem\",\"position\":2,\"name\":\"Obytn\u00e1 lokalita Canaba\"}]},{\"@type\":\"WebSite\",\"@id\":\"https:\/\/www.praha14.cz\/zivot-na-praze-14\/#website\",\"url\":\"https:\/\/www.praha14.cz\/zivot-na-praze-14\/\",\"name\":\"\u017divot na Praze 14\",\"description\":\"\",\"potentialAction\":[{\"@type\":\"SearchAction\",\"target\":{\"@type\":\"EntryPoint\",\"urlTemplate\":\"https:\/\/www.praha14.cz\/zivot-na-praze-14\/?s={search_term_string}\"},\"query-input\":{\"@type\":\"PropertyValueSpecification\",\"valueRequired\":true,\"valueName\":\"search_term_string\"}}],\"inLanguage\":\"cs\"}]}<\/script>\n<!-- \/ Yoast SEO plugin. -->","yoast_head_json":{"title":"Obytn\u00e1 lokalita Canaba - \u017divot na Praze 14","robots":{"index":"index","follow":"follow","max-snippet":"max-snippet:-1","max-image-preview":"max-image-preview:large","max-video-preview":"max-video-preview:-1"},"canonical":"https:\/\/www.praha14.cz\/zivot-na-praze-14\/obytna-lokalita-canaba\/","og_locale":"cs_CZ","og_type":"article","og_title":"Obytn\u00e1 lokalita Canaba - \u017divot na Praze 14","og_description":"OBYTN\u00c1 LOKALITA CANABA &#8211;\u00a0P\u016eVODN\u00cd N\u00c1VRH Um\u00edst\u011bn\u00ed:\u00a0kat.\u00fazem\u00ed \u010cern\u00fdm most, ji\u017en\u011b od ul. Bryksova Investor:\u00a0CANABA Development,s.r.o., \u0160t\u011btkova 1001\/5, Praha 4 Projektant:\u00a0PROJECT ISA, spol. s r.o., Markupova 2854\/2a, Praha 9 Bydlen\u00ed:\u00a05 bytov\u00fdch dom\u016f, t\u0159i BD severn\u011b um\u00edst\u011bn\u00e9 &#8211; 7 NP a jedno ustupuj\u00edc\u00ed,\u00a0dva BD navazuj\u00edc\u00ed ji\u017en\u011b &#8211; 4 NP\u00a0 a jedno ustupuj\u00edc\u00ed, ka\u017ed\u00fd BD m\u00e1 1 PP Kapacita:\u00a0142...","og_url":"https:\/\/www.praha14.cz\/zivot-na-praze-14\/obytna-lokalita-canaba\/","og_site_name":"\u017divot na Praze 14","article_modified_time":"2023-01-30T08:35:11+00:00","og_image":[{"url":"https:\/\/www.praha14.cz\/app\/uploads\/sites\/4\/2014\/05\/Can_mapa-150x150.jpg","type":"","width":"","height":""}],"twitter_card":"summary_large_image","twitter_misc":{"Est. reading time":"2 minuty"},"schema":{"@context":"https:\/\/schema.org","@graph":[{"@type":"WebPage","@id":"https:\/\/www.praha14.cz\/zivot-na-praze-14\/obytna-lokalita-canaba\/","url":"https:\/\/www.praha14.cz\/zivot-na-praze-14\/obytna-lokalita-canaba\/","name":"Obytn\u00e1 lokalita Canaba - \u017divot na Praze 14","isPartOf":{"@id":"https:\/\/www.praha14.cz\/zivot-na-praze-14\/#website"},"primaryImageOfPage":{"@id":"https:\/\/www.praha14.cz\/zivot-na-praze-14\/obytna-lokalita-canaba\/#primaryimage"},"image":{"@id":"https:\/\/www.praha14.cz\/zivot-na-praze-14\/obytna-lokalita-canaba\/#primaryimage"},"thumbnailUrl":"https:\/\/www.praha14.cz\/app\/uploads\/sites\/4\/2014\/05\/Can_mapa-150x150.jpg","datePublished":"2014-05-06T15:04:31+00:00","dateModified":"2023-01-30T08:35:11+00:00","breadcrumb":{"@id":"https:\/\/www.praha14.cz\/zivot-na-praze-14\/obytna-lokalita-canaba\/#breadcrumb"},"inLanguage":"cs","potentialAction":[{"@type":"ReadAction","target":["https:\/\/www.praha14.cz\/zivot-na-praze-14\/obytna-lokalita-canaba\/"]}]},{"@type":"ImageObject","inLanguage":"cs","@id":"https:\/\/www.praha14.cz\/zivot-na-praze-14\/obytna-lokalita-canaba\/#primaryimage","url":"https:\/\/www.praha14.cz\/app\/uploads\/sites\/4\/2014\/05\/Can_mapa-150x150.jpg","contentUrl":"https:\/\/www.praha14.cz\/app\/uploads\/sites\/4\/2014\/05\/Can_mapa-150x150.jpg"},{"@type":"BreadcrumbList","@id":"https:\/\/www.praha14.cz\/zivot-na-praze-14\/obytna-lokalita-canaba\/#breadcrumb","itemListElement":[{"@type":"ListItem","position":1,"name":"\u017divot na Praze 14","item":"https:\/\/www.praha14.cz\/zivot-na-praze-14\/"},{"@type":"ListItem","position":2,"name":"Obytn\u00e1 lokalita Canaba"}]},{"@type":"WebSite","@id":"https:\/\/www.praha14.cz\/zivot-na-praze-14\/#website","url":"https:\/\/www.praha14.cz\/zivot-na-praze-14\/","name":"\u017divot na Praze 14","description":"","potentialAction":[{"@type":"SearchAction","target":{"@type":"EntryPoint","urlTemplate":"https:\/\/www.praha14.cz\/zivot-na-praze-14\/?s={search_term_string}"},"query-input":{"@type":"PropertyValueSpecification","valueRequired":true,"valueName":"search_term_string"}}],"inLanguage":"cs"}]}},"_links":{"self":[{"href":"https:\/\/www.praha14.cz\/zivot-na-praze-14\/wp-json\/wp\/v2\/pages\/1657","targetHints":{"allow":["GET"]}}],"collection":[{"href":"https:\/\/www.praha14.cz\/zivot-na-praze-14\/wp-json\/wp\/v2\/pages"}],"about":[{"href":"https:\/\/www.praha14.cz\/zivot-na-praze-14\/wp-json\/wp\/v2\/types\/page"}],"author":[{"embeddable":true,"href":"https:\/\/www.praha14.cz\/zivot-na-praze-14\/wp-json\/wp\/v2\/users\/1"}],"replies":[{"embeddable":true,"href":"https:\/\/www.praha14.cz\/zivot-na-praze-14\/wp-json\/wp\/v2\/comments?post=1657"}],"version-history":[{"count":6,"href":"https:\/\/www.praha14.cz\/zivot-na-praze-14\/wp-json\/wp\/v2\/pages\/1657\/revisions"}],"predecessor-version":[{"id":50417,"href":"https:\/\/www.praha14.cz\/zivot-na-praze-14\/wp-json\/wp\/v2\/pages\/1657\/revisions\/50417"}],"wp:attachment":[{"href":"https:\/\/www.praha14.cz\/zivot-na-praze-14\/wp-json\/wp\/v2\/media?parent=1657"}],"curies":[{"name":"wp","href":"https:\/\/api.w.org\/{rel}","templated":true}]}}