{"id":1675,"date":"2014-05-06T16:18:23","date_gmt":"2014-05-06T15:18:23","guid":{"rendered":"https:\/\/www.praha14.cz\/zivot-na-praze-14\/?page_id=1675"},"modified":"2023-01-30T08:38:00","modified_gmt":"2023-01-30T08:38:00","slug":"podnet-na-zmenu-up-su-hl-m-prahy-v-k-u-cerny-most-hostavice-kyje","status":"publish","type":"page","link":"https:\/\/www.praha14.cz\/zivot-na-praze-14\/podnet-na-zmenu-up-su-hl-m-prahy-v-k-u-cerny-most-hostavice-kyje\/","title":{"rendered":"Podn\u011bt na zm\u011bnu \u00daP S\u00da hl. m. Prahy v k. \u00fa. \u010cern\u00fd Most, Hostavice, Kyje."},"content":{"rendered":"<p><strong><span style=\"color: #009dde;\">Um\u00edst\u011bn\u00ed:<\/span><\/strong> kat. \u00fazem\u00ed \u010cern\u00fd Most, Hostavice, Kyje<\/p>\n<p>V z\u00e1jmov\u00e9m \u00fazem\u00ed m\u011bstsk\u00e1 \u010d\u00e1st Praha 14 spole\u010dn\u011b se z\u00e1stupci hl. m. Prahy pl\u00e1nuje a v posledn\u00edch letech i intenzivn\u011b spolupracuje v\u00fdstavb\u011b parku, kter\u00fd se m\u00e1 st\u00e1t d\u016fle\u017eit\u00fdm rekrea\u010dn\u00edm a oddychov\u00fdm m\u00edstem nejen pro obyvatele Prahy 14, ale kde se d\u00e1 o\u010dek\u00e1vat z\u00e1jem i od ob\u010dan\u016f z p\u0159ilehl\u00fdch m\u011bstsk\u00fdch \u010d\u00e1st\u00ed.<\/p>\n<p>St\u00e1vaj\u00edc\u00ed rozm\u00edst\u011bn\u00ed a funk\u010dn\u00ed vyu\u017eit\u00ed ploch v dot\u010den\u00e9m \u00fazem\u00ed nevyhovuje tomuto strategick\u00e9mu c\u00edli m\u011bstsk\u00e9 \u010d\u00e1sti, a proto m\u011bstsk\u00e1 \u010d\u00e1st Praha 14 pod\u00e1v\u00e1 podn\u011bt na po\u0159\u00edzen\u00ed zm\u011bny platn\u00e9ho \u00fazemn\u00edho pl\u00e1nu hl. m. Prahy. P\u0159edm\u011btem navrhovan\u00e9 iniciace je \u00faprava rozlo\u017een\u00ed funk\u010dn\u00edho vyu\u017eit\u00ed st\u00e1vaj\u00edc\u00edch ploch a jeho \u010d\u00e1ste\u010dn\u00e1 zm\u011bna.<\/p>\n<p>Zm\u011bna je navr\u017eena tak, aby nedo\u0161lo k z\u00e1sadn\u00edmu n\u00e1r\u016fstu zastaviteln\u00fdch ploch. V r\u00e1mci n\u00e1vrhu zm\u011bn funk\u010dn\u00edch ploch nedoch\u00e1z\u00ed k vyru\u0161en\u00ed ve\u0159ejn\u011b prosp\u011b\u0161n\u00fdch staveb, ale k jejich pln\u00e9 n\u00e1hrad\u011b p\u0159esunut\u00edm na jin\u00e1 m\u00edsta v \u0159e\u0161en\u00e9m \u00fazem\u00ed tak, aby mohla ide\u00e1ln\u011b plnit funkci urbanistickou i spole\u010denskou (ob\u010dansk\u00e1 vybavenost). N\u00e1vrh zjednodu\u0161uje veden\u00ed hranic, kter\u00e9 respektuje danosti \u00fazem\u00ed, nap\u0159. v\u010detn\u011b morfologie. Zm\u011bna \u00fazemn\u00edho pl\u00e1nu umo\u017en\u00ed vybudov\u00e1n\u00ed kvalitn\u00edho centra sportu, oddychu a rekreace v p\u0159\u00edrodn\u00ed lokalit\u011b \u010cihadla &#8211; Kl\u00e1novice a zatraktivn\u011bn\u00ed m\u011bstsk\u00e9 \u010d\u00e1sti v\u010detn\u011b pozitivn\u00edch sociologick\u00fdch dopad\u016f.<\/p>\n<p>&nbsp;<\/p>\n<p><a href=\"https:\/\/www.praha14.cz\/app\/uploads\/sites\/4\/2014\/05\/ZmenaUP_mapa.jpg\" target=\"_blank\" rel=\"noopener noreferrer\" data-rel=\"lightbox-image-0\" data-rl_title=\"\" data-rl_caption=\"\" title=\"\"><img loading=\"lazy\" decoding=\"async\" class=\"alignnone wp-image-1676 size-thumbnail\" src=\"https:\/\/www.praha14.cz\/app\/uploads\/sites\/4\/2014\/05\/ZmenaUP_mapa-150x150.jpg\" alt=\"ZmenaUP_mapa\" width=\"150\" height=\"150\" srcset=\"https:\/\/www.praha14.cz\/app\/uploads\/sites\/4\/2014\/05\/ZmenaUP_mapa-150x150.jpg 150w, https:\/\/www.praha14.cz\/app\/uploads\/sites\/4\/2014\/05\/ZmenaUP_mapa-370x370.jpg 370w, https:\/\/www.praha14.cz\/app\/uploads\/sites\/4\/2014\/05\/ZmenaUP_mapa-1024x1024.jpg 1024w, https:\/\/www.praha14.cz\/app\/uploads\/sites\/4\/2014\/05\/ZmenaUP_mapa.jpg 1162w\" sizes=\"(max-width: 150px) 100vw, 150px\" \/><\/a><span style=\"line-height: 1.5em;\">\u00a0 \u00a0 \u00a0 \u00a0\u00a0<\/span><a href=\"https:\/\/www.praha14.cz\/app\/uploads\/sites\/4\/2014\/05\/ZmenaUP_obr1.jpg\" target=\"_blank\" rel=\"noopener noreferrer\" data-rel=\"lightbox-image-1\" data-rl_title=\"\" data-rl_caption=\"\" title=\"\"><img loading=\"lazy\" decoding=\"async\" class=\"alignnone wp-image-1677 size-thumbnail\" src=\"https:\/\/www.praha14.cz\/app\/uploads\/sites\/4\/2014\/05\/ZmenaUP_obr1-150x150.jpg\" alt=\"ZmenaUP_obr1\" width=\"150\" height=\"150\" \/><\/a><span style=\"line-height: 1.5em;\">\u00a0 \u00a0 \u00a0 \u00a0\u00a0<\/span><a href=\"https:\/\/www.praha14.cz\/app\/uploads\/sites\/4\/2014\/05\/ZmenaUP_obr2.jpg\" target=\"_blank\" rel=\"noopener noreferrer\" data-rel=\"lightbox-image-2\" data-rl_title=\"\" data-rl_caption=\"\" title=\"\"><img loading=\"lazy\" decoding=\"async\" class=\"alignnone wp-image-1678 size-thumbnail\" src=\"https:\/\/www.praha14.cz\/app\/uploads\/sites\/4\/2014\/05\/ZmenaUP_obr2-150x150.jpg\" alt=\"ZmenaUP_obr2\" width=\"150\" height=\"150\" \/><\/a><\/p>\n<p>&nbsp;<\/p>\n","protected":false},"excerpt":{"rendered":"<p>Um\u00edst\u011bn\u00ed: kat. \u00fazem\u00ed \u010cern\u00fd Most, Hostavice, Kyje V z\u00e1jmov\u00e9m \u00fazem\u00ed m\u011bstsk\u00e1 \u010d\u00e1st Praha 14 spole\u010dn\u011b se z\u00e1stupci hl. m. Prahy pl\u00e1nuje a v posledn\u00edch letech i intenzivn\u011b spolupracuje v\u00fdstavb\u011b parku, kter\u00fd se m\u00e1 st\u00e1t d\u016fle\u017eit\u00fdm rekrea\u010dn\u00edm a oddychov\u00fdm m\u00edstem nejen pro obyvatele Prahy 14, ale kde se d\u00e1 o\u010dek\u00e1vat z\u00e1jem i od ob\u010dan\u016f z p\u0159ilehl\u00fdch&#8230;<\/p>\n","protected":false},"author":1,"featured_media":0,"parent":0,"menu_order":0,"comment_status":"closed","ping_status":"open","template":"","meta":{"_acf_changed":false,"footnotes":""},"class_list":["post-1675","page","type-page","status-publish","hentry"],"acf":[],"yoast_head":"<!-- This site is optimized with the Yoast SEO plugin v27.2 - https:\/\/yoast.com\/product\/yoast-seo-wordpress\/ -->\n<title>Podn\u011bt na zm\u011bnu \u00daP S\u00da hl. m. Prahy v k. \u00fa. \u010cern\u00fd Most, Hostavice, Kyje. - \u017divot na Praze 14<\/title>\n<meta name=\"robots\" content=\"index, follow, max-snippet:-1, max-image-preview:large, max-video-preview:-1\" \/>\n<link rel=\"canonical\" href=\"https:\/\/www.praha14.cz\/zivot-na-praze-14\/podnet-na-zmenu-up-su-hl-m-prahy-v-k-u-cerny-most-hostavice-kyje\/\" \/>\n<meta property=\"og:locale\" content=\"cs_CZ\" \/>\n<meta property=\"og:type\" content=\"article\" \/>\n<meta property=\"og:title\" content=\"Podn\u011bt na zm\u011bnu \u00daP S\u00da hl. m. Prahy v k. \u00fa. \u010cern\u00fd Most, Hostavice, Kyje. - \u017divot na Praze 14\" \/>\n<meta property=\"og:description\" content=\"Um\u00edst\u011bn\u00ed: kat. \u00fazem\u00ed \u010cern\u00fd Most, Hostavice, Kyje V z\u00e1jmov\u00e9m \u00fazem\u00ed m\u011bstsk\u00e1 \u010d\u00e1st Praha 14 spole\u010dn\u011b se z\u00e1stupci hl. m. Prahy pl\u00e1nuje a v posledn\u00edch letech i intenzivn\u011b spolupracuje v\u00fdstavb\u011b parku, kter\u00fd se m\u00e1 st\u00e1t d\u016fle\u017eit\u00fdm rekrea\u010dn\u00edm a oddychov\u00fdm m\u00edstem nejen pro obyvatele Prahy 14, ale kde se d\u00e1 o\u010dek\u00e1vat z\u00e1jem i od ob\u010dan\u016f z p\u0159ilehl\u00fdch...\" \/>\n<meta property=\"og:url\" content=\"https:\/\/www.praha14.cz\/zivot-na-praze-14\/podnet-na-zmenu-up-su-hl-m-prahy-v-k-u-cerny-most-hostavice-kyje\/\" \/>\n<meta property=\"og:site_name\" content=\"\u017divot na Praze 14\" \/>\n<meta property=\"article:modified_time\" content=\"2023-01-30T08:38:00+00:00\" \/>\n<meta property=\"og:image\" content=\"https:\/\/www.praha14.cz\/app\/uploads\/sites\/4\/2014\/05\/ZmenaUP_mapa-150x150.jpg\" \/>\n<meta name=\"twitter:card\" content=\"summary_large_image\" \/>\n<meta name=\"twitter:label1\" content=\"Est. reading time\" \/>\n\t<meta name=\"twitter:data1\" content=\"2 minuty\" \/>\n<script type=\"application\/ld+json\" class=\"yoast-schema-graph\">{\"@context\":\"https:\/\/schema.org\",\"@graph\":[{\"@type\":\"WebPage\",\"@id\":\"https:\/\/www.praha14.cz\/zivot-na-praze-14\/podnet-na-zmenu-up-su-hl-m-prahy-v-k-u-cerny-most-hostavice-kyje\/\",\"url\":\"https:\/\/www.praha14.cz\/zivot-na-praze-14\/podnet-na-zmenu-up-su-hl-m-prahy-v-k-u-cerny-most-hostavice-kyje\/\",\"name\":\"Podn\u011bt na zm\u011bnu \u00daP S\u00da hl. m. Prahy v k. \u00fa. \u010cern\u00fd Most, Hostavice, Kyje. - \u017divot na Praze 14\",\"isPartOf\":{\"@id\":\"https:\/\/www.praha14.cz\/zivot-na-praze-14\/#website\"},\"primaryImageOfPage\":{\"@id\":\"https:\/\/www.praha14.cz\/zivot-na-praze-14\/podnet-na-zmenu-up-su-hl-m-prahy-v-k-u-cerny-most-hostavice-kyje\/#primaryimage\"},\"image\":{\"@id\":\"https:\/\/www.praha14.cz\/zivot-na-praze-14\/podnet-na-zmenu-up-su-hl-m-prahy-v-k-u-cerny-most-hostavice-kyje\/#primaryimage\"},\"thumbnailUrl\":\"https:\/\/www.praha14.cz\/app\/uploads\/sites\/4\/2014\/05\/ZmenaUP_mapa-150x150.jpg\",\"datePublished\":\"2014-05-06T15:18:23+00:00\",\"dateModified\":\"2023-01-30T08:38:00+00:00\",\"breadcrumb\":{\"@id\":\"https:\/\/www.praha14.cz\/zivot-na-praze-14\/podnet-na-zmenu-up-su-hl-m-prahy-v-k-u-cerny-most-hostavice-kyje\/#breadcrumb\"},\"inLanguage\":\"cs\",\"potentialAction\":[{\"@type\":\"ReadAction\",\"target\":[\"https:\/\/www.praha14.cz\/zivot-na-praze-14\/podnet-na-zmenu-up-su-hl-m-prahy-v-k-u-cerny-most-hostavice-kyje\/\"]}]},{\"@type\":\"ImageObject\",\"inLanguage\":\"cs\",\"@id\":\"https:\/\/www.praha14.cz\/zivot-na-praze-14\/podnet-na-zmenu-up-su-hl-m-prahy-v-k-u-cerny-most-hostavice-kyje\/#primaryimage\",\"url\":\"https:\/\/www.praha14.cz\/app\/uploads\/sites\/4\/2014\/05\/ZmenaUP_mapa-150x150.jpg\",\"contentUrl\":\"https:\/\/www.praha14.cz\/app\/uploads\/sites\/4\/2014\/05\/ZmenaUP_mapa-150x150.jpg\"},{\"@type\":\"BreadcrumbList\",\"@id\":\"https:\/\/www.praha14.cz\/zivot-na-praze-14\/podnet-na-zmenu-up-su-hl-m-prahy-v-k-u-cerny-most-hostavice-kyje\/#breadcrumb\",\"itemListElement\":[{\"@type\":\"ListItem\",\"position\":1,\"name\":\"\u017divot na Praze 14\",\"item\":\"https:\/\/www.praha14.cz\/zivot-na-praze-14\/\"},{\"@type\":\"ListItem\",\"position\":2,\"name\":\"Podn\u011bt na zm\u011bnu \u00daP S\u00da hl. m. Prahy v k. \u00fa. \u010cern\u00fd Most, Hostavice, Kyje.\"}]},{\"@type\":\"WebSite\",\"@id\":\"https:\/\/www.praha14.cz\/zivot-na-praze-14\/#website\",\"url\":\"https:\/\/www.praha14.cz\/zivot-na-praze-14\/\",\"name\":\"\u017divot na Praze 14\",\"description\":\"\",\"potentialAction\":[{\"@type\":\"SearchAction\",\"target\":{\"@type\":\"EntryPoint\",\"urlTemplate\":\"https:\/\/www.praha14.cz\/zivot-na-praze-14\/?s={search_term_string}\"},\"query-input\":{\"@type\":\"PropertyValueSpecification\",\"valueRequired\":true,\"valueName\":\"search_term_string\"}}],\"inLanguage\":\"cs\"}]}<\/script>\n<!-- \/ Yoast SEO plugin. -->","yoast_head_json":{"title":"Podn\u011bt na zm\u011bnu \u00daP S\u00da hl. m. Prahy v k. \u00fa. \u010cern\u00fd Most, Hostavice, Kyje. - \u017divot na Praze 14","robots":{"index":"index","follow":"follow","max-snippet":"max-snippet:-1","max-image-preview":"max-image-preview:large","max-video-preview":"max-video-preview:-1"},"canonical":"https:\/\/www.praha14.cz\/zivot-na-praze-14\/podnet-na-zmenu-up-su-hl-m-prahy-v-k-u-cerny-most-hostavice-kyje\/","og_locale":"cs_CZ","og_type":"article","og_title":"Podn\u011bt na zm\u011bnu \u00daP S\u00da hl. m. Prahy v k. \u00fa. \u010cern\u00fd Most, Hostavice, Kyje. - \u017divot na Praze 14","og_description":"Um\u00edst\u011bn\u00ed: kat. \u00fazem\u00ed \u010cern\u00fd Most, Hostavice, Kyje V z\u00e1jmov\u00e9m \u00fazem\u00ed m\u011bstsk\u00e1 \u010d\u00e1st Praha 14 spole\u010dn\u011b se z\u00e1stupci hl. m. Prahy pl\u00e1nuje a v posledn\u00edch letech i intenzivn\u011b spolupracuje v\u00fdstavb\u011b parku, kter\u00fd se m\u00e1 st\u00e1t d\u016fle\u017eit\u00fdm rekrea\u010dn\u00edm a oddychov\u00fdm m\u00edstem nejen pro obyvatele Prahy 14, ale kde se d\u00e1 o\u010dek\u00e1vat z\u00e1jem i od ob\u010dan\u016f z p\u0159ilehl\u00fdch...","og_url":"https:\/\/www.praha14.cz\/zivot-na-praze-14\/podnet-na-zmenu-up-su-hl-m-prahy-v-k-u-cerny-most-hostavice-kyje\/","og_site_name":"\u017divot na Praze 14","article_modified_time":"2023-01-30T08:38:00+00:00","og_image":[{"url":"https:\/\/www.praha14.cz\/app\/uploads\/sites\/4\/2014\/05\/ZmenaUP_mapa-150x150.jpg","type":"","width":"","height":""}],"twitter_card":"summary_large_image","twitter_misc":{"Est. reading time":"2 minuty"},"schema":{"@context":"https:\/\/schema.org","@graph":[{"@type":"WebPage","@id":"https:\/\/www.praha14.cz\/zivot-na-praze-14\/podnet-na-zmenu-up-su-hl-m-prahy-v-k-u-cerny-most-hostavice-kyje\/","url":"https:\/\/www.praha14.cz\/zivot-na-praze-14\/podnet-na-zmenu-up-su-hl-m-prahy-v-k-u-cerny-most-hostavice-kyje\/","name":"Podn\u011bt na zm\u011bnu \u00daP S\u00da hl. m. Prahy v k. \u00fa. \u010cern\u00fd Most, Hostavice, Kyje. - \u017divot na Praze 14","isPartOf":{"@id":"https:\/\/www.praha14.cz\/zivot-na-praze-14\/#website"},"primaryImageOfPage":{"@id":"https:\/\/www.praha14.cz\/zivot-na-praze-14\/podnet-na-zmenu-up-su-hl-m-prahy-v-k-u-cerny-most-hostavice-kyje\/#primaryimage"},"image":{"@id":"https:\/\/www.praha14.cz\/zivot-na-praze-14\/podnet-na-zmenu-up-su-hl-m-prahy-v-k-u-cerny-most-hostavice-kyje\/#primaryimage"},"thumbnailUrl":"https:\/\/www.praha14.cz\/app\/uploads\/sites\/4\/2014\/05\/ZmenaUP_mapa-150x150.jpg","datePublished":"2014-05-06T15:18:23+00:00","dateModified":"2023-01-30T08:38:00+00:00","breadcrumb":{"@id":"https:\/\/www.praha14.cz\/zivot-na-praze-14\/podnet-na-zmenu-up-su-hl-m-prahy-v-k-u-cerny-most-hostavice-kyje\/#breadcrumb"},"inLanguage":"cs","potentialAction":[{"@type":"ReadAction","target":["https:\/\/www.praha14.cz\/zivot-na-praze-14\/podnet-na-zmenu-up-su-hl-m-prahy-v-k-u-cerny-most-hostavice-kyje\/"]}]},{"@type":"ImageObject","inLanguage":"cs","@id":"https:\/\/www.praha14.cz\/zivot-na-praze-14\/podnet-na-zmenu-up-su-hl-m-prahy-v-k-u-cerny-most-hostavice-kyje\/#primaryimage","url":"https:\/\/www.praha14.cz\/app\/uploads\/sites\/4\/2014\/05\/ZmenaUP_mapa-150x150.jpg","contentUrl":"https:\/\/www.praha14.cz\/app\/uploads\/sites\/4\/2014\/05\/ZmenaUP_mapa-150x150.jpg"},{"@type":"BreadcrumbList","@id":"https:\/\/www.praha14.cz\/zivot-na-praze-14\/podnet-na-zmenu-up-su-hl-m-prahy-v-k-u-cerny-most-hostavice-kyje\/#breadcrumb","itemListElement":[{"@type":"ListItem","position":1,"name":"\u017divot na Praze 14","item":"https:\/\/www.praha14.cz\/zivot-na-praze-14\/"},{"@type":"ListItem","position":2,"name":"Podn\u011bt na zm\u011bnu \u00daP S\u00da hl. m. Prahy v k. \u00fa. \u010cern\u00fd Most, Hostavice, Kyje."}]},{"@type":"WebSite","@id":"https:\/\/www.praha14.cz\/zivot-na-praze-14\/#website","url":"https:\/\/www.praha14.cz\/zivot-na-praze-14\/","name":"\u017divot na Praze 14","description":"","potentialAction":[{"@type":"SearchAction","target":{"@type":"EntryPoint","urlTemplate":"https:\/\/www.praha14.cz\/zivot-na-praze-14\/?s={search_term_string}"},"query-input":{"@type":"PropertyValueSpecification","valueRequired":true,"valueName":"search_term_string"}}],"inLanguage":"cs"}]}},"_links":{"self":[{"href":"https:\/\/www.praha14.cz\/zivot-na-praze-14\/wp-json\/wp\/v2\/pages\/1675","targetHints":{"allow":["GET"]}}],"collection":[{"href":"https:\/\/www.praha14.cz\/zivot-na-praze-14\/wp-json\/wp\/v2\/pages"}],"about":[{"href":"https:\/\/www.praha14.cz\/zivot-na-praze-14\/wp-json\/wp\/v2\/types\/page"}],"author":[{"embeddable":true,"href":"https:\/\/www.praha14.cz\/zivot-na-praze-14\/wp-json\/wp\/v2\/users\/1"}],"replies":[{"embeddable":true,"href":"https:\/\/www.praha14.cz\/zivot-na-praze-14\/wp-json\/wp\/v2\/comments?post=1675"}],"version-history":[{"count":1,"href":"https:\/\/www.praha14.cz\/zivot-na-praze-14\/wp-json\/wp\/v2\/pages\/1675\/revisions"}],"predecessor-version":[{"id":50419,"href":"https:\/\/www.praha14.cz\/zivot-na-praze-14\/wp-json\/wp\/v2\/pages\/1675\/revisions\/50419"}],"wp:attachment":[{"href":"https:\/\/www.praha14.cz\/zivot-na-praze-14\/wp-json\/wp\/v2\/media?parent=1675"}],"curies":[{"name":"wp","href":"https:\/\/api.w.org\/{rel}","templated":true}]}}