{"id":1680,"date":"2014-05-06T16:55:25","date_gmt":"2014-05-06T15:55:25","guid":{"rendered":"https:\/\/www.praha14.cz\/zivot-na-praze-14\/?page_id=1680"},"modified":"2023-01-30T08:38:21","modified_gmt":"2023-01-30T08:38:21","slug":"bytovy-komplex-za-cernym-mostem","status":"publish","type":"page","link":"https:\/\/www.praha14.cz\/zivot-na-praze-14\/bytovy-komplex-za-cernym-mostem\/","title":{"rendered":"Bytov\u00fd komplex ul. Za \u010cern\u00fdm mostem"},"content":{"rendered":"<p><span style=\"color: #009dde;\"><strong>Um\u00edst\u011bn\u00ed:<\/strong><\/span> kat.\u00fazem\u00ed Hloub\u011bt\u00edn, p\u0159i ulici Za \u010cern\u00fdm mostem<\/p>\n<p><span style=\"color: #009dde;\"><strong>Investor:<\/strong><\/span>\u00a0Lipnick\u00e1 Develop, s.r.o.,Pelu\u0161kova \u010dp. 1398, Praha 9<\/p>\n<p><span style=\"color: #009dde;\"><strong>Projektant:\u00a0<\/strong><span style=\"color: #000000;\">STUDIOAM, s.r.o., Na Kolejn\u00edm statku 1, Praha 4<\/span><\/span><\/p>\n<p><span style=\"color: #009dde;\"><strong>Prodejna potravin:<\/strong><\/span> 1 NP, \u010d\u00e1ste\u010dn\u00e9 podsklepen\u00ed &#8211; vyd\u00e1no \u00fazemn\u00ed rozhodnut\u00ed<\/p>\n<p><span style=\"color: #009dde;\"><strong>Plocha pozemku:<\/strong><\/span> 0,29 ha<\/p>\n<p><span style=\"color: #009dde;\"><strong>Plocha zastav\u011bn\u00e1:<\/strong><\/span><span style=\"line-height: 1.5em;\"> 0,08 ha<\/span><\/p>\n<p><span style=\"color: #009dde;\"><strong>U\u017eitn\u00e1 plocha:<\/strong><\/span><span style=\"line-height: 1.5em;\"> 9210 m2<\/span><\/p>\n<p><span style=\"color: #009dde;\"><strong>Bydlen\u00ed:<\/strong><\/span>\u00a0t\u0159i bytov\u00e9 domy, 7 nadzemn\u00edch a 1 podzemn\u00ed podla\u017e\u00ed<\/p>\n<p><span style=\"color: #009dde;\"><strong>Kapacita:<\/strong><\/span> 96 bytov\u00fdch jednotek<\/p>\n<p><span style=\"color: #009dde;\"><strong>Parkov\u00e1n\u00ed:<\/strong><\/span> gar\u00e1\u017ee v podzem\u00ed a na povrchu<\/p>\n<p><strong>Vyd\u00e1no \u00fazemn\u00ed rozhodnut\u00ed &#8211; rok 2017<br \/>\nVyd\u00e1no stavebn\u00ed povolen\u00ed 2019, prob\u00edh\u00e1 realizace<br \/>\n<\/strong><\/p>\n<p>&nbsp;<\/p>\n<p><a style=\"line-height: 1.5em;\" href=\"https:\/\/www.praha14.cz\/app\/uploads\/sites\/4\/2014\/05\/ZCM_mapa.jpg\" target=\"_blank\" rel=\"noopener noreferrer\" data-rel=\"lightbox-image-0\" data-rl_title=\"\" data-rl_caption=\"\" title=\"\"><img loading=\"lazy\" decoding=\"async\" class=\"alignnone wp-image-1681 size-thumbnail\" src=\"https:\/\/www.praha14.cz\/app\/uploads\/sites\/4\/2014\/05\/ZCM_mapa-150x150.jpg\" alt=\"ZCM_mapa\" width=\"150\" height=\"150\" srcset=\"https:\/\/www.praha14.cz\/app\/uploads\/sites\/4\/2014\/05\/ZCM_mapa-150x150.jpg 150w, https:\/\/www.praha14.cz\/app\/uploads\/sites\/4\/2014\/05\/ZCM_mapa-370x370.jpg 370w, https:\/\/www.praha14.cz\/app\/uploads\/sites\/4\/2014\/05\/ZCM_mapa.jpg 1000w\" sizes=\"(max-width: 150px) 100vw, 150px\" \/><\/a><span style=\"line-height: 1.5em;\">\u00a0 \u00a0 \u00a0 \u00a0\u00a0<\/span><a style=\"line-height: 1.5em;\" href=\"https:\/\/www.praha14.cz\/app\/uploads\/sites\/4\/2014\/05\/ZCM_obr1.jpg\" target=\"_blank\" rel=\"noopener noreferrer\" data-rel=\"lightbox-image-1\" data-rl_title=\"\" data-rl_caption=\"\" title=\"\"><img loading=\"lazy\" decoding=\"async\" class=\"alignnone wp-image-1682 size-thumbnail\" src=\"https:\/\/www.praha14.cz\/app\/uploads\/sites\/4\/2014\/05\/ZCM_obr1-150x150.jpg\" alt=\"ZCM_obr1\" width=\"150\" height=\"150\" \/><\/a><span style=\"line-height: 1.5em;\">\u00a0 \u00a0 \u00a0 \u00a0\u00a0<\/span><a style=\"line-height: 1.5em;\" href=\"https:\/\/www.praha14.cz\/app\/uploads\/sites\/4\/2014\/05\/ZCM_obr2.jpg\" target=\"_blank\" rel=\"noopener noreferrer\" data-rel=\"lightbox-image-2\" data-rl_title=\"\" data-rl_caption=\"\" title=\"\"><img loading=\"lazy\" decoding=\"async\" class=\"alignnone wp-image-1683 size-thumbnail\" src=\"https:\/\/www.praha14.cz\/app\/uploads\/sites\/4\/2014\/05\/ZCM_obr2-150x150.jpg\" alt=\"ZCM_obr2\" width=\"150\" height=\"150\" \/><\/a><span style=\"line-height: 1.5em;\">\u00a0<\/span><span style=\"line-height: 1.5em;\">\u00a0 \u00a0 \u00a0 \u00a0\u00a0<\/span><\/p>\n<p>&nbsp;<\/p>\n<h3><span style=\"color: #99ccff;\"><strong><span style=\"color: #009dde;\">OBJEKT D<\/span><\/strong><\/span><\/h3>\n<p><span style=\"color: #009dde;\"><strong>Um\u00edst\u011bn\u00ed:<\/strong><\/span> kat. \u00fazem\u00ed Hloub\u011bt\u00edn, ulice Za \u010cern\u00fdm mostem<\/p>\n<p><span style=\"color: #009dde;\"><strong>Investor:<\/strong><\/span> man\u017eel\u00e9 Hor\u00e1\u010dkovi<\/p>\n<p><span style=\"color: #009dde;\"><strong>Projektant:\u00a0<\/strong><span style=\"color: #000000;\">STUDIOAM, s.r.o., Boji\u0161ti 24, Praha 2<\/span><\/span><\/p>\n<p><span style=\"color: #009dde;\"><strong>HPP:<\/strong><\/span><span style=\"line-height: 1.5em;\"> 1 029 m2<\/span><\/p>\n<p><span style=\"color: #009dde;\"><strong>Bydlen\u00ed:<\/strong><\/span> jeden bytov\u00fd d\u016fm, 6 nadzemn\u00edch a 1 podzemn\u00ed podla\u017e\u00ed<\/p>\n<p><span style=\"color: #009dde;\"><strong>Kapacita:<\/strong><\/span> 15 bytov\u00fdch jednotek<\/p>\n<p><span style=\"color: #009dde;\"><strong>Parkov\u00e1n\u00ed:<\/strong><\/span> gar\u00e1\u017ee v podzem\u00ed a na povrchu<\/p>\n<p><strong>Studie 2020<\/strong><\/p>\n<p><a href=\"https:\/\/www.praha14.cz\/app\/uploads\/sites\/4\/2021\/02\/Za-\u010c-Mostem-OBJEKT-D-STUDIE-perspektiva.jpg\" target=\"_blank\" rel=\"noopener noreferrer\" data-rel=\"lightbox-image-3\" data-rl_title=\"\" data-rl_caption=\"\"><img loading=\"lazy\" decoding=\"async\" class=\"alignnone wp-image-57821 size-thumbnail\" title=\"\" src=\"https:\/\/www.praha14.cz\/app\/uploads\/sites\/4\/2021\/02\/Za-\u010c-Mostem-OBJEKT-D-STUDIE-perspektiva-150x150.jpg\" alt=\"Za \u010cern\u00fdm Mostem OBJEKT D STUDIE - perspektiva\" width=\"150\" height=\"150\" \/><\/a> <a href=\"https:\/\/www.praha14.cz\/app\/uploads\/sites\/4\/2021\/02\/Za-\u010c-Mostem-OBJEKT-D-STUDIE-pohledy.jpg\" target=\"_blank\" rel=\"noopener noreferrer\" data-rel=\"lightbox-image-4\" data-rl_title=\"\" data-rl_caption=\"\"><img loading=\"lazy\" decoding=\"async\" class=\"wp-image-57822 size-thumbnail alignnone\" title=\"\" src=\"https:\/\/www.praha14.cz\/app\/uploads\/sites\/4\/2021\/02\/Za-\u010c-Mostem-OBJEKT-D-STUDIE-pohledy-150x150.jpg\" alt=\"Za \u010cern\u00fdm Mostem OBJEKT D STUDIE - pohledy\" width=\"150\" height=\"150\" \/><\/a>\u00a0 \u00a0<a href=\"https:\/\/www.praha14.cz\/app\/uploads\/sites\/4\/2021\/02\/Za-\u010c-Mostem-OBJEKT-D-STUDIE-pudorys.jpg\" target=\"_blank\" rel=\"noopener noreferrer\" data-rel=\"lightbox-image-5\" data-rl_title=\"\" data-rl_caption=\"\"><img loading=\"lazy\" decoding=\"async\" class=\"wp-image-57823 size-thumbnail alignnone\" title=\"\" src=\"https:\/\/www.praha14.cz\/app\/uploads\/sites\/4\/2021\/02\/Za-\u010c-Mostem-OBJEKT-D-STUDIE-pudorys-150x150.jpg\" alt=\"Za \u010cern\u00fdm Mostem OBJEKT D STUDIE - p\u016fdorys\" width=\"150\" height=\"150\" \/><\/a>\u00a0 <a href=\"https:\/\/www.praha14.cz\/app\/uploads\/sites\/4\/2021\/02\/Za-\u010c-Mostem-OBJEKT-D-STUDIE-situace.jpg\" target=\"_blank\" rel=\"noopener noreferrer\" data-rel=\"lightbox-image-6\" data-rl_title=\"\" data-rl_caption=\"\"><img loading=\"lazy\" decoding=\"async\" class=\"alignleft wp-image-57824 size-thumbnail\" title=\"\" src=\"https:\/\/www.praha14.cz\/app\/uploads\/sites\/4\/2021\/02\/Za-\u010c-Mostem-OBJEKT-D-STUDIE-situace-150x150.jpg\" alt=\"Za \u010cern\u00fdm Mostem OBJEKT D STUDIE - situace\" width=\"150\" height=\"150\" \/><\/a><\/p>\n","protected":false},"excerpt":{"rendered":"<p>Um\u00edst\u011bn\u00ed: kat.\u00fazem\u00ed Hloub\u011bt\u00edn, p\u0159i ulici Za \u010cern\u00fdm mostem Investor:\u00a0Lipnick\u00e1 Develop, s.r.o.,Pelu\u0161kova \u010dp. 1398, Praha 9 Projektant:\u00a0STUDIOAM, s.r.o., Na Kolejn\u00edm statku 1, Praha 4 Prodejna potravin: 1 NP, \u010d\u00e1ste\u010dn\u00e9 podsklepen\u00ed &#8211; vyd\u00e1no \u00fazemn\u00ed rozhodnut\u00ed Plocha pozemku: 0,29 ha Plocha zastav\u011bn\u00e1: 0,08 ha U\u017eitn\u00e1 plocha: 9210 m2 Bydlen\u00ed:\u00a0t\u0159i bytov\u00e9 domy, 7 nadzemn\u00edch a 1 podzemn\u00ed podla\u017e\u00ed Kapacita:&#8230;<\/p>\n","protected":false},"author":1,"featured_media":0,"parent":0,"menu_order":0,"comment_status":"closed","ping_status":"open","template":"","meta":{"_acf_changed":false,"footnotes":""},"class_list":["post-1680","page","type-page","status-publish","hentry"],"acf":[],"yoast_head":"<!-- This site is optimized with the Yoast SEO plugin v27.2 - https:\/\/yoast.com\/product\/yoast-seo-wordpress\/ -->\n<title>Bytov\u00fd komplex ul. Za \u010cern\u00fdm mostem - \u017divot na Praze 14<\/title>\n<meta name=\"robots\" content=\"index, follow, max-snippet:-1, max-image-preview:large, max-video-preview:-1\" \/>\n<link rel=\"canonical\" href=\"https:\/\/www.praha14.cz\/zivot-na-praze-14\/bytovy-komplex-za-cernym-mostem\/\" \/>\n<meta property=\"og:locale\" content=\"cs_CZ\" \/>\n<meta property=\"og:type\" content=\"article\" \/>\n<meta property=\"og:title\" content=\"Bytov\u00fd komplex ul. Za \u010cern\u00fdm mostem - \u017divot na Praze 14\" \/>\n<meta property=\"og:description\" content=\"Um\u00edst\u011bn\u00ed: kat.\u00fazem\u00ed Hloub\u011bt\u00edn, p\u0159i ulici Za \u010cern\u00fdm mostem Investor:\u00a0Lipnick\u00e1 Develop, s.r.o.,Pelu\u0161kova \u010dp. 1398, Praha 9 Projektant:\u00a0STUDIOAM, s.r.o., Na Kolejn\u00edm statku 1, Praha 4 Prodejna potravin: 1 NP, \u010d\u00e1ste\u010dn\u00e9 podsklepen\u00ed &#8211; vyd\u00e1no \u00fazemn\u00ed rozhodnut\u00ed Plocha pozemku: 0,29 ha Plocha zastav\u011bn\u00e1: 0,08 ha U\u017eitn\u00e1 plocha: 9210 m2 Bydlen\u00ed:\u00a0t\u0159i bytov\u00e9 domy, 7 nadzemn\u00edch a 1 podzemn\u00ed podla\u017e\u00ed Kapacita:...\" \/>\n<meta property=\"og:url\" content=\"https:\/\/www.praha14.cz\/zivot-na-praze-14\/bytovy-komplex-za-cernym-mostem\/\" \/>\n<meta property=\"og:site_name\" content=\"\u017divot na Praze 14\" \/>\n<meta property=\"article:modified_time\" content=\"2023-01-30T08:38:21+00:00\" \/>\n<meta property=\"og:image\" content=\"https:\/\/www.praha14.cz\/app\/uploads\/sites\/4\/2014\/05\/ZCM_mapa-150x150.jpg\" \/>\n<meta name=\"twitter:card\" content=\"summary_large_image\" \/>\n<meta name=\"twitter:label1\" content=\"Est. reading time\" \/>\n\t<meta name=\"twitter:data1\" content=\"3 minuty\" \/>\n<script type=\"application\/ld+json\" class=\"yoast-schema-graph\">{\"@context\":\"https:\/\/schema.org\",\"@graph\":[{\"@type\":\"WebPage\",\"@id\":\"https:\/\/www.praha14.cz\/zivot-na-praze-14\/bytovy-komplex-za-cernym-mostem\/\",\"url\":\"https:\/\/www.praha14.cz\/zivot-na-praze-14\/bytovy-komplex-za-cernym-mostem\/\",\"name\":\"Bytov\u00fd komplex ul. Za \u010cern\u00fdm mostem - \u017divot na Praze 14\",\"isPartOf\":{\"@id\":\"https:\/\/www.praha14.cz\/zivot-na-praze-14\/#website\"},\"primaryImageOfPage\":{\"@id\":\"https:\/\/www.praha14.cz\/zivot-na-praze-14\/bytovy-komplex-za-cernym-mostem\/#primaryimage\"},\"image\":{\"@id\":\"https:\/\/www.praha14.cz\/zivot-na-praze-14\/bytovy-komplex-za-cernym-mostem\/#primaryimage\"},\"thumbnailUrl\":\"https:\/\/www.praha14.cz\/app\/uploads\/sites\/4\/2014\/05\/ZCM_mapa-150x150.jpg\",\"datePublished\":\"2014-05-06T15:55:25+00:00\",\"dateModified\":\"2023-01-30T08:38:21+00:00\",\"breadcrumb\":{\"@id\":\"https:\/\/www.praha14.cz\/zivot-na-praze-14\/bytovy-komplex-za-cernym-mostem\/#breadcrumb\"},\"inLanguage\":\"cs\",\"potentialAction\":[{\"@type\":\"ReadAction\",\"target\":[\"https:\/\/www.praha14.cz\/zivot-na-praze-14\/bytovy-komplex-za-cernym-mostem\/\"]}]},{\"@type\":\"ImageObject\",\"inLanguage\":\"cs\",\"@id\":\"https:\/\/www.praha14.cz\/zivot-na-praze-14\/bytovy-komplex-za-cernym-mostem\/#primaryimage\",\"url\":\"https:\/\/www.praha14.cz\/app\/uploads\/sites\/4\/2014\/05\/ZCM_mapa-150x150.jpg\",\"contentUrl\":\"https:\/\/www.praha14.cz\/app\/uploads\/sites\/4\/2014\/05\/ZCM_mapa-150x150.jpg\"},{\"@type\":\"BreadcrumbList\",\"@id\":\"https:\/\/www.praha14.cz\/zivot-na-praze-14\/bytovy-komplex-za-cernym-mostem\/#breadcrumb\",\"itemListElement\":[{\"@type\":\"ListItem\",\"position\":1,\"name\":\"\u017divot na Praze 14\",\"item\":\"https:\/\/www.praha14.cz\/zivot-na-praze-14\/\"},{\"@type\":\"ListItem\",\"position\":2,\"name\":\"Bytov\u00fd komplex ul. Za \u010cern\u00fdm mostem\"}]},{\"@type\":\"WebSite\",\"@id\":\"https:\/\/www.praha14.cz\/zivot-na-praze-14\/#website\",\"url\":\"https:\/\/www.praha14.cz\/zivot-na-praze-14\/\",\"name\":\"\u017divot na Praze 14\",\"description\":\"\",\"potentialAction\":[{\"@type\":\"SearchAction\",\"target\":{\"@type\":\"EntryPoint\",\"urlTemplate\":\"https:\/\/www.praha14.cz\/zivot-na-praze-14\/?s={search_term_string}\"},\"query-input\":{\"@type\":\"PropertyValueSpecification\",\"valueRequired\":true,\"valueName\":\"search_term_string\"}}],\"inLanguage\":\"cs\"}]}<\/script>\n<!-- \/ Yoast SEO plugin. -->","yoast_head_json":{"title":"Bytov\u00fd komplex ul. Za \u010cern\u00fdm mostem - \u017divot na Praze 14","robots":{"index":"index","follow":"follow","max-snippet":"max-snippet:-1","max-image-preview":"max-image-preview:large","max-video-preview":"max-video-preview:-1"},"canonical":"https:\/\/www.praha14.cz\/zivot-na-praze-14\/bytovy-komplex-za-cernym-mostem\/","og_locale":"cs_CZ","og_type":"article","og_title":"Bytov\u00fd komplex ul. Za \u010cern\u00fdm mostem - \u017divot na Praze 14","og_description":"Um\u00edst\u011bn\u00ed: kat.\u00fazem\u00ed Hloub\u011bt\u00edn, p\u0159i ulici Za \u010cern\u00fdm mostem Investor:\u00a0Lipnick\u00e1 Develop, s.r.o.,Pelu\u0161kova \u010dp. 1398, Praha 9 Projektant:\u00a0STUDIOAM, s.r.o., Na Kolejn\u00edm statku 1, Praha 4 Prodejna potravin: 1 NP, \u010d\u00e1ste\u010dn\u00e9 podsklepen\u00ed &#8211; vyd\u00e1no \u00fazemn\u00ed rozhodnut\u00ed Plocha pozemku: 0,29 ha Plocha zastav\u011bn\u00e1: 0,08 ha U\u017eitn\u00e1 plocha: 9210 m2 Bydlen\u00ed:\u00a0t\u0159i bytov\u00e9 domy, 7 nadzemn\u00edch a 1 podzemn\u00ed podla\u017e\u00ed Kapacita:...","og_url":"https:\/\/www.praha14.cz\/zivot-na-praze-14\/bytovy-komplex-za-cernym-mostem\/","og_site_name":"\u017divot na Praze 14","article_modified_time":"2023-01-30T08:38:21+00:00","og_image":[{"url":"https:\/\/www.praha14.cz\/app\/uploads\/sites\/4\/2014\/05\/ZCM_mapa-150x150.jpg","type":"","width":"","height":""}],"twitter_card":"summary_large_image","twitter_misc":{"Est. reading time":"3 minuty"},"schema":{"@context":"https:\/\/schema.org","@graph":[{"@type":"WebPage","@id":"https:\/\/www.praha14.cz\/zivot-na-praze-14\/bytovy-komplex-za-cernym-mostem\/","url":"https:\/\/www.praha14.cz\/zivot-na-praze-14\/bytovy-komplex-za-cernym-mostem\/","name":"Bytov\u00fd komplex ul. Za \u010cern\u00fdm mostem - \u017divot na Praze 14","isPartOf":{"@id":"https:\/\/www.praha14.cz\/zivot-na-praze-14\/#website"},"primaryImageOfPage":{"@id":"https:\/\/www.praha14.cz\/zivot-na-praze-14\/bytovy-komplex-za-cernym-mostem\/#primaryimage"},"image":{"@id":"https:\/\/www.praha14.cz\/zivot-na-praze-14\/bytovy-komplex-za-cernym-mostem\/#primaryimage"},"thumbnailUrl":"https:\/\/www.praha14.cz\/app\/uploads\/sites\/4\/2014\/05\/ZCM_mapa-150x150.jpg","datePublished":"2014-05-06T15:55:25+00:00","dateModified":"2023-01-30T08:38:21+00:00","breadcrumb":{"@id":"https:\/\/www.praha14.cz\/zivot-na-praze-14\/bytovy-komplex-za-cernym-mostem\/#breadcrumb"},"inLanguage":"cs","potentialAction":[{"@type":"ReadAction","target":["https:\/\/www.praha14.cz\/zivot-na-praze-14\/bytovy-komplex-za-cernym-mostem\/"]}]},{"@type":"ImageObject","inLanguage":"cs","@id":"https:\/\/www.praha14.cz\/zivot-na-praze-14\/bytovy-komplex-za-cernym-mostem\/#primaryimage","url":"https:\/\/www.praha14.cz\/app\/uploads\/sites\/4\/2014\/05\/ZCM_mapa-150x150.jpg","contentUrl":"https:\/\/www.praha14.cz\/app\/uploads\/sites\/4\/2014\/05\/ZCM_mapa-150x150.jpg"},{"@type":"BreadcrumbList","@id":"https:\/\/www.praha14.cz\/zivot-na-praze-14\/bytovy-komplex-za-cernym-mostem\/#breadcrumb","itemListElement":[{"@type":"ListItem","position":1,"name":"\u017divot na Praze 14","item":"https:\/\/www.praha14.cz\/zivot-na-praze-14\/"},{"@type":"ListItem","position":2,"name":"Bytov\u00fd komplex ul. Za \u010cern\u00fdm mostem"}]},{"@type":"WebSite","@id":"https:\/\/www.praha14.cz\/zivot-na-praze-14\/#website","url":"https:\/\/www.praha14.cz\/zivot-na-praze-14\/","name":"\u017divot na Praze 14","description":"","potentialAction":[{"@type":"SearchAction","target":{"@type":"EntryPoint","urlTemplate":"https:\/\/www.praha14.cz\/zivot-na-praze-14\/?s={search_term_string}"},"query-input":{"@type":"PropertyValueSpecification","valueRequired":true,"valueName":"search_term_string"}}],"inLanguage":"cs"}]}},"_links":{"self":[{"href":"https:\/\/www.praha14.cz\/zivot-na-praze-14\/wp-json\/wp\/v2\/pages\/1680","targetHints":{"allow":["GET"]}}],"collection":[{"href":"https:\/\/www.praha14.cz\/zivot-na-praze-14\/wp-json\/wp\/v2\/pages"}],"about":[{"href":"https:\/\/www.praha14.cz\/zivot-na-praze-14\/wp-json\/wp\/v2\/types\/page"}],"author":[{"embeddable":true,"href":"https:\/\/www.praha14.cz\/zivot-na-praze-14\/wp-json\/wp\/v2\/users\/1"}],"replies":[{"embeddable":true,"href":"https:\/\/www.praha14.cz\/zivot-na-praze-14\/wp-json\/wp\/v2\/comments?post=1680"}],"version-history":[{"count":6,"href":"https:\/\/www.praha14.cz\/zivot-na-praze-14\/wp-json\/wp\/v2\/pages\/1680\/revisions"}],"predecessor-version":[{"id":57843,"href":"https:\/\/www.praha14.cz\/zivot-na-praze-14\/wp-json\/wp\/v2\/pages\/1680\/revisions\/57843"}],"wp:attachment":[{"href":"https:\/\/www.praha14.cz\/zivot-na-praze-14\/wp-json\/wp\/v2\/media?parent=1680"}],"curies":[{"name":"wp","href":"https:\/\/api.w.org\/{rel}","templated":true}]}}