{"id":1686,"date":"2014-05-06T16:58:26","date_gmt":"2014-05-06T15:58:26","guid":{"rendered":"https:\/\/www.praha14.cz\/zivot-na-praze-14\/?page_id=1686"},"modified":"2023-01-30T08:38:43","modified_gmt":"2023-01-30T08:38:43","slug":"komunitni-centrum-h55","status":"publish","type":"page","link":"https:\/\/www.praha14.cz\/zivot-na-praze-14\/komunitni-centrum-h55\/","title":{"rendered":"Komunitn\u00ed centrum H55 &#8211; M\u010c Praha 14"},"content":{"rendered":"<p><span style=\"color: #009dde;\"><strong>Um\u00edst\u011bn\u00ed:<\/strong><\/span> kat. \u00fazem\u00ed Hloub\u011bt\u00edn, ul. Hloub\u011bt\u00ednsk\u00e1<\/p>\n<p><strong><span style=\"color: #009dde;\">Investor: <\/span><\/strong>M\u010c Praha 14, Brat\u0159\u00ed Vencl\u00edk\u016f 1073, 198 21 Praha 9<\/p>\n<p><strong><span style=\"color: #009dde;\">Projektant DSP:<\/span><\/strong> Ing. arch. Milo\u0161 Synovec, M.S. projekce staveb, Libereck\u00e1 3508\/25, 46601 Jablonec nad Nisou<\/p>\n<p><strong><span style=\"color: #009dde;\">Objekt:<\/span><\/strong> 2 nadzemn\u00ed a 1 podzemn\u00ed podla\u017e\u00ed<\/p>\n<p><strong><span style=\"color: #009dde;\">Kapacita:<\/span><\/strong> kav\u00e1rna 50 m\u00edst, pobo\u010dka m\u011bstsk\u00e9 knihovny s\u00a0kapacitou cca 14000 svazk\u016f, spole\u010densk\u00fd s\u00e1l s\u00a0kapacitou 100 m\u00edst, 2 klubovny s\u00a0kapacitou 6 a 9 m\u00edst<\/p>\n<p><strong><span style=\"color: #009dde;\">Parkov\u00e1n\u00ed:<\/span><\/strong> 20 parkovac\u00edch st\u00e1n\u00ed, 2 parkovac\u00ed st\u00e1n\u00ed ZTP<\/p>\n<p><strong><span style=\"color: #009dde;\">Zastav\u011bn\u00e1 plocha:<\/span><\/strong> 0,035 ha<\/p>\n<p><span style=\"color: #009dde;\"><strong>V\u00fdvoj:<\/strong><\/span> 2008 &#8211; 2009 zpracov\u00e1na studie,\u00a02011 vyd\u00e1no UR pro stavbu o u\u017eitn\u00e9 plo\u0161e 1 100 m2 s n\u00e1klady 57 mil .K\u010d,\u00a002\/2014 ve\u0159ejn\u00e1 architektonick\u00e1 sout\u011b\u017e o n\u00e1vrh (hodnocen\u00ed ocen\u011bn\u00fdch n\u00e1vrh\u016f ke sta\u017een\u00ed\u00a0<a href=\"https:\/\/www.praha14.cz\/app\/uploads\/sites\/4\/2014\/05\/H55-hodnoceni.pdf\" target=\"_blank\" rel=\"noopener noreferrer\">zde<\/a>).<\/p>\n<p><strong>Vyd\u00e1no stavebn\u00ed povolen\u00ed 2017<\/strong><\/p>\n<p><span style=\"color: #009dde;\"><strong>Redukovan\u00fd stavebn\u00ed program s omezenou hranic\u00ed investi\u010dn\u00edch n\u00e1klad\u016f:<\/strong><\/span><\/p>\n<ul>\n<li>sez\u00f3nn\u00ed multifunk\u010dn\u00ed s\u00e1l<\/li>\n<li>komunitn\u00ed centrum s klubovnami<\/li>\n<li>kav\u00e1rna<\/li>\n<li>pobo\u010dka M\u011bstsk\u00e9 knihovny<\/li>\n<\/ul>\n<p>&nbsp;<\/p>\n\n\t\t<style type=\"text\/css\">\n\t\t\t#gallery-1 {\n\t\t\t\tmargin: auto;\n\t\t\t}\n\t\t\t#gallery-1 .gallery-item {\n\t\t\t\tfloat: left;\n\t\t\t\tmargin-top: 10px;\n\t\t\t\ttext-align: center;\n\t\t\t\twidth: 33%;\n\t\t\t}\n\t\t\t#gallery-1 img {\n\t\t\t\tborder: 2px solid #cfcfcf;\n\t\t\t}\n\t\t\t#gallery-1 .gallery-caption {\n\t\t\t\tmargin-left: 0;\n\t\t\t}\n\t\t\t\/* see gallery_shortcode() in wp-includes\/media.php *\/\n\t\t<\/style>\n\t\t<div id='gallery-1' class='gallery galleryid-1686 gallery-columns-3 gallery-size-thumbnail'><dl class='gallery-item'>\n\t\t\t<dt class='gallery-icon landscape'>\n\t\t\t\t<a rel=\"galleryInfomapa\" class=\"thickbox no_icon rl-gallery-link\"  href='https:\/\/www.praha14.cz\/app\/uploads\/sites\/4\/2014\/05\/H55_mapa-1.jpg' title=\"\" data-rl_title=\"\" data-rl_caption=\"\" data-rel=\"lightbox-gallery-1\"><img loading=\"lazy\" decoding=\"async\" width=\"150\" height=\"150\" src=\"https:\/\/www.praha14.cz\/app\/uploads\/sites\/4\/2014\/05\/H55_mapa-1-150x150.jpg\" class=\"attachment-thumbnail size-thumbnail\" alt=\"H55_mapa\" srcset=\"https:\/\/www.praha14.cz\/app\/uploads\/sites\/4\/2014\/05\/H55_mapa-1-150x150.jpg 150w, https:\/\/www.praha14.cz\/app\/uploads\/sites\/4\/2014\/05\/H55_mapa-1-370x370.jpg 370w, https:\/\/www.praha14.cz\/app\/uploads\/sites\/4\/2014\/05\/H55_mapa-1-768x768.jpg 768w, https:\/\/www.praha14.cz\/app\/uploads\/sites\/4\/2014\/05\/H55_mapa-1.jpg 1000w\" sizes=\"(max-width: 150px) 100vw, 150px\" \/><\/a>\n\t\t\t<\/dt><\/dl><dl class='gallery-item'>\n\t\t\t<dt class='gallery-icon landscape'>\n\t\t\t\t<a rel=\"galleryInfomapa\" class=\"thickbox no_icon rl-gallery-link\"  href='https:\/\/www.praha14.cz\/app\/uploads\/sites\/4\/2014\/05\/01situace.jpg' title=\"\" data-rl_title=\"\" data-rl_caption=\"\" data-rel=\"lightbox-gallery-1\"><img loading=\"lazy\" decoding=\"async\" width=\"150\" height=\"150\" src=\"https:\/\/www.praha14.cz\/app\/uploads\/sites\/4\/2014\/05\/01situace-150x150.jpg\" class=\"attachment-thumbnail size-thumbnail\" alt=\"01situace\" \/><\/a>\n\t\t\t<\/dt><\/dl><dl class='gallery-item'>\n\t\t\t<dt class='gallery-icon landscape'>\n\t\t\t\t<a rel=\"galleryInfomapa\" class=\"thickbox no_icon rl-gallery-link\"  href='https:\/\/www.praha14.cz\/app\/uploads\/sites\/4\/2014\/05\/02fas.jpg' title=\"\" data-rl_title=\"\" data-rl_caption=\"\" data-rel=\"lightbox-gallery-1\"><img loading=\"lazy\" decoding=\"async\" width=\"150\" height=\"150\" src=\"https:\/\/www.praha14.cz\/app\/uploads\/sites\/4\/2014\/05\/02fas-150x150.jpg\" class=\"attachment-thumbnail size-thumbnail\" alt=\"02fas\" \/><\/a>\n\t\t\t<\/dt><\/dl><br style=\"clear: both\" \/><dl class='gallery-item'>\n\t\t\t<dt class='gallery-icon landscape'>\n\t\t\t\t<a rel=\"galleryInfomapa\" class=\"thickbox no_icon rl-gallery-link\"  href='https:\/\/www.praha14.cz\/app\/uploads\/sites\/4\/2014\/05\/03fas.jpg' title=\"\" data-rl_title=\"\" data-rl_caption=\"\" data-rel=\"lightbox-gallery-1\"><img loading=\"lazy\" decoding=\"async\" width=\"150\" height=\"150\" src=\"https:\/\/www.praha14.cz\/app\/uploads\/sites\/4\/2014\/05\/03fas-150x150.jpg\" class=\"attachment-thumbnail size-thumbnail\" alt=\"03fas\" \/><\/a>\n\t\t\t<\/dt><\/dl><dl class='gallery-item'>\n\t\t\t<dt class='gallery-icon landscape'>\n\t\t\t\t<a rel=\"galleryInfomapa\" class=\"thickbox no_icon rl-gallery-link\"  href='https:\/\/www.praha14.cz\/app\/uploads\/sites\/4\/2014\/05\/04fas.jpg' title=\"\" data-rl_title=\"\" data-rl_caption=\"\" data-rel=\"lightbox-gallery-1\"><img loading=\"lazy\" decoding=\"async\" width=\"150\" height=\"150\" src=\"https:\/\/www.praha14.cz\/app\/uploads\/sites\/4\/2014\/05\/04fas-150x150.jpg\" class=\"attachment-thumbnail size-thumbnail\" alt=\"04fas\" \/><\/a>\n\t\t\t<\/dt><\/dl>\n\t\t\t<br style='clear: both' \/>\n\t\t<\/div>\n\n<p>&nbsp;<\/p>\n","protected":false},"excerpt":{"rendered":"<p>Um\u00edst\u011bn\u00ed: kat. \u00fazem\u00ed Hloub\u011bt\u00edn, ul. Hloub\u011bt\u00ednsk\u00e1 Investor: M\u010c Praha 14, Brat\u0159\u00ed Vencl\u00edk\u016f 1073, 198 21 Praha 9 Projektant DSP: Ing. arch. Milo\u0161 Synovec, M.S. projekce staveb, Libereck\u00e1 3508\/25, 46601 Jablonec nad Nisou Objekt: 2 nadzemn\u00ed a 1 podzemn\u00ed podla\u017e\u00ed Kapacita: kav\u00e1rna 50 m\u00edst, pobo\u010dka m\u011bstsk\u00e9 knihovny s\u00a0kapacitou cca 14000 svazk\u016f, spole\u010densk\u00fd s\u00e1l s\u00a0kapacitou 100 m\u00edst,&#8230;<\/p>\n","protected":false},"author":1,"featured_media":0,"parent":0,"menu_order":0,"comment_status":"closed","ping_status":"open","template":"","meta":{"_acf_changed":false,"footnotes":""},"class_list":["post-1686","page","type-page","status-publish","hentry"],"acf":[],"yoast_head":"<!-- This site is optimized with the Yoast SEO plugin v27.2 - https:\/\/yoast.com\/product\/yoast-seo-wordpress\/ -->\n<title>Komunitn\u00ed centrum H55 - M\u010c Praha 14 - \u017divot na Praze 14<\/title>\n<meta name=\"robots\" content=\"index, follow, max-snippet:-1, max-image-preview:large, max-video-preview:-1\" \/>\n<link rel=\"canonical\" href=\"https:\/\/www.praha14.cz\/zivot-na-praze-14\/komunitni-centrum-h55\/\" \/>\n<meta property=\"og:locale\" content=\"cs_CZ\" \/>\n<meta property=\"og:type\" content=\"article\" \/>\n<meta property=\"og:title\" content=\"Komunitn\u00ed centrum H55 - M\u010c Praha 14 - \u017divot na Praze 14\" \/>\n<meta property=\"og:description\" content=\"Um\u00edst\u011bn\u00ed: kat. \u00fazem\u00ed Hloub\u011bt\u00edn, ul. Hloub\u011bt\u00ednsk\u00e1 Investor: M\u010c Praha 14, Brat\u0159\u00ed Vencl\u00edk\u016f 1073, 198 21 Praha 9 Projektant DSP: Ing. arch. Milo\u0161 Synovec, M.S. projekce staveb, Libereck\u00e1 3508\/25, 46601 Jablonec nad Nisou Objekt: 2 nadzemn\u00ed a 1 podzemn\u00ed podla\u017e\u00ed Kapacita: kav\u00e1rna 50 m\u00edst, pobo\u010dka m\u011bstsk\u00e9 knihovny s\u00a0kapacitou cca 14000 svazk\u016f, spole\u010densk\u00fd s\u00e1l s\u00a0kapacitou 100 m\u00edst,...\" \/>\n<meta property=\"og:url\" content=\"https:\/\/www.praha14.cz\/zivot-na-praze-14\/komunitni-centrum-h55\/\" \/>\n<meta property=\"og:site_name\" content=\"\u017divot na Praze 14\" \/>\n<meta property=\"article:modified_time\" content=\"2023-01-30T08:38:43+00:00\" \/>\n<meta property=\"og:image\" content=\"https:\/\/www.praha14.cz\/app\/uploads\/sites\/4\/2014\/05\/H55_mapa-1-150x150.jpg\" \/>\n<meta name=\"twitter:card\" content=\"summary_large_image\" \/>\n<meta name=\"twitter:label1\" content=\"Est. reading time\" \/>\n\t<meta name=\"twitter:data1\" content=\"1 minuta\" \/>\n<script type=\"application\/ld+json\" class=\"yoast-schema-graph\">{\"@context\":\"https:\/\/schema.org\",\"@graph\":[{\"@type\":\"WebPage\",\"@id\":\"https:\/\/www.praha14.cz\/zivot-na-praze-14\/komunitni-centrum-h55\/\",\"url\":\"https:\/\/www.praha14.cz\/zivot-na-praze-14\/komunitni-centrum-h55\/\",\"name\":\"Komunitn\u00ed centrum H55 - M\u010c Praha 14 - \u017divot na Praze 14\",\"isPartOf\":{\"@id\":\"https:\/\/www.praha14.cz\/zivot-na-praze-14\/#website\"},\"datePublished\":\"2014-05-06T15:58:26+00:00\",\"dateModified\":\"2023-01-30T08:38:43+00:00\",\"breadcrumb\":{\"@id\":\"https:\/\/www.praha14.cz\/zivot-na-praze-14\/komunitni-centrum-h55\/#breadcrumb\"},\"inLanguage\":\"cs\",\"potentialAction\":[{\"@type\":\"ReadAction\",\"target\":[\"https:\/\/www.praha14.cz\/zivot-na-praze-14\/komunitni-centrum-h55\/\"]}]},{\"@type\":\"BreadcrumbList\",\"@id\":\"https:\/\/www.praha14.cz\/zivot-na-praze-14\/komunitni-centrum-h55\/#breadcrumb\",\"itemListElement\":[{\"@type\":\"ListItem\",\"position\":1,\"name\":\"\u017divot na Praze 14\",\"item\":\"https:\/\/www.praha14.cz\/zivot-na-praze-14\/\"},{\"@type\":\"ListItem\",\"position\":2,\"name\":\"Komunitn\u00ed centrum H55 &#8211; M\u010c Praha 14\"}]},{\"@type\":\"WebSite\",\"@id\":\"https:\/\/www.praha14.cz\/zivot-na-praze-14\/#website\",\"url\":\"https:\/\/www.praha14.cz\/zivot-na-praze-14\/\",\"name\":\"\u017divot na Praze 14\",\"description\":\"\",\"potentialAction\":[{\"@type\":\"SearchAction\",\"target\":{\"@type\":\"EntryPoint\",\"urlTemplate\":\"https:\/\/www.praha14.cz\/zivot-na-praze-14\/?s={search_term_string}\"},\"query-input\":{\"@type\":\"PropertyValueSpecification\",\"valueRequired\":true,\"valueName\":\"search_term_string\"}}],\"inLanguage\":\"cs\"}]}<\/script>\n<!-- \/ Yoast SEO plugin. -->","yoast_head_json":{"title":"Komunitn\u00ed centrum H55 - M\u010c Praha 14 - \u017divot na Praze 14","robots":{"index":"index","follow":"follow","max-snippet":"max-snippet:-1","max-image-preview":"max-image-preview:large","max-video-preview":"max-video-preview:-1"},"canonical":"https:\/\/www.praha14.cz\/zivot-na-praze-14\/komunitni-centrum-h55\/","og_locale":"cs_CZ","og_type":"article","og_title":"Komunitn\u00ed centrum H55 - M\u010c Praha 14 - \u017divot na Praze 14","og_description":"Um\u00edst\u011bn\u00ed: kat. \u00fazem\u00ed Hloub\u011bt\u00edn, ul. Hloub\u011bt\u00ednsk\u00e1 Investor: M\u010c Praha 14, Brat\u0159\u00ed Vencl\u00edk\u016f 1073, 198 21 Praha 9 Projektant DSP: Ing. arch. Milo\u0161 Synovec, M.S. projekce staveb, Libereck\u00e1 3508\/25, 46601 Jablonec nad Nisou Objekt: 2 nadzemn\u00ed a 1 podzemn\u00ed podla\u017e\u00ed Kapacita: kav\u00e1rna 50 m\u00edst, pobo\u010dka m\u011bstsk\u00e9 knihovny s\u00a0kapacitou cca 14000 svazk\u016f, spole\u010densk\u00fd s\u00e1l s\u00a0kapacitou 100 m\u00edst,...","og_url":"https:\/\/www.praha14.cz\/zivot-na-praze-14\/komunitni-centrum-h55\/","og_site_name":"\u017divot na Praze 14","article_modified_time":"2023-01-30T08:38:43+00:00","og_image":[{"url":"https:\/\/www.praha14.cz\/app\/uploads\/sites\/4\/2014\/05\/H55_mapa-1-150x150.jpg","type":"","width":"","height":""}],"twitter_card":"summary_large_image","twitter_misc":{"Est. reading time":"1 minuta"},"schema":{"@context":"https:\/\/schema.org","@graph":[{"@type":"WebPage","@id":"https:\/\/www.praha14.cz\/zivot-na-praze-14\/komunitni-centrum-h55\/","url":"https:\/\/www.praha14.cz\/zivot-na-praze-14\/komunitni-centrum-h55\/","name":"Komunitn\u00ed centrum H55 - M\u010c Praha 14 - \u017divot na Praze 14","isPartOf":{"@id":"https:\/\/www.praha14.cz\/zivot-na-praze-14\/#website"},"datePublished":"2014-05-06T15:58:26+00:00","dateModified":"2023-01-30T08:38:43+00:00","breadcrumb":{"@id":"https:\/\/www.praha14.cz\/zivot-na-praze-14\/komunitni-centrum-h55\/#breadcrumb"},"inLanguage":"cs","potentialAction":[{"@type":"ReadAction","target":["https:\/\/www.praha14.cz\/zivot-na-praze-14\/komunitni-centrum-h55\/"]}]},{"@type":"BreadcrumbList","@id":"https:\/\/www.praha14.cz\/zivot-na-praze-14\/komunitni-centrum-h55\/#breadcrumb","itemListElement":[{"@type":"ListItem","position":1,"name":"\u017divot na Praze 14","item":"https:\/\/www.praha14.cz\/zivot-na-praze-14\/"},{"@type":"ListItem","position":2,"name":"Komunitn\u00ed centrum H55 &#8211; M\u010c Praha 14"}]},{"@type":"WebSite","@id":"https:\/\/www.praha14.cz\/zivot-na-praze-14\/#website","url":"https:\/\/www.praha14.cz\/zivot-na-praze-14\/","name":"\u017divot na Praze 14","description":"","potentialAction":[{"@type":"SearchAction","target":{"@type":"EntryPoint","urlTemplate":"https:\/\/www.praha14.cz\/zivot-na-praze-14\/?s={search_term_string}"},"query-input":{"@type":"PropertyValueSpecification","valueRequired":true,"valueName":"search_term_string"}}],"inLanguage":"cs"}]}},"_links":{"self":[{"href":"https:\/\/www.praha14.cz\/zivot-na-praze-14\/wp-json\/wp\/v2\/pages\/1686","targetHints":{"allow":["GET"]}}],"collection":[{"href":"https:\/\/www.praha14.cz\/zivot-na-praze-14\/wp-json\/wp\/v2\/pages"}],"about":[{"href":"https:\/\/www.praha14.cz\/zivot-na-praze-14\/wp-json\/wp\/v2\/types\/page"}],"author":[{"embeddable":true,"href":"https:\/\/www.praha14.cz\/zivot-na-praze-14\/wp-json\/wp\/v2\/users\/1"}],"replies":[{"embeddable":true,"href":"https:\/\/www.praha14.cz\/zivot-na-praze-14\/wp-json\/wp\/v2\/comments?post=1686"}],"version-history":[{"count":5,"href":"https:\/\/www.praha14.cz\/zivot-na-praze-14\/wp-json\/wp\/v2\/pages\/1686\/revisions"}],"predecessor-version":[{"id":38787,"href":"https:\/\/www.praha14.cz\/zivot-na-praze-14\/wp-json\/wp\/v2\/pages\/1686\/revisions\/38787"}],"wp:attachment":[{"href":"https:\/\/www.praha14.cz\/zivot-na-praze-14\/wp-json\/wp\/v2\/media?parent=1686"}],"curies":[{"name":"wp","href":"https:\/\/api.w.org\/{rel}","templated":true}]}}