{"id":1691,"date":"2014-05-06T17:01:59","date_gmt":"2014-05-06T16:01:59","guid":{"rendered":"https:\/\/www.praha14.cz\/zivot-na-praze-14\/?page_id=1691"},"modified":"2023-01-30T08:39:04","modified_gmt":"2023-01-30T08:39:04","slug":"obchodni-dum-kaufland","status":"publish","type":"page","link":"https:\/\/www.praha14.cz\/zivot-na-praze-14\/obchodni-dum-kaufland\/","title":{"rendered":"Obchodn\u00ed d\u016fm Kaufland"},"content":{"rendered":"<p><span style=\"color: #009dde;\"><strong>OBCHODN\u00cd D\u016eM KAUFLAND &#8211; STUDIE<\/strong><\/span><\/p>\n<p><span style=\"color: #009dde;\"><strong>Um\u00edst\u011bn\u00ed:<\/strong><\/span> kat. \u00fazem\u00ed Hloub\u011bt\u00edn, p\u0159i komunikaci Kolbenova, \u00faprava k\u0159i\u017eovatky Kolbenova x Sl\u00e9va\u010dsk\u00e1<\/p>\n<p><span style=\"color: #009dde;\"><strong>Investor:\u00a0 <\/strong><span style=\"color: #000000;\">InterCora, spol. s r.o., Lochot\u00ednsk\u00e1 18, Plze\u0148<\/span><\/span><\/p>\n<p><span style=\"color: #009dde;\"><strong>Projektant:<\/strong><\/span>\u00a0BOMART, spol. s r.o., Ohradn\u00ed 65, Praha 4<\/p>\n<p><span style=\"color: #009dde;\"><strong>Objekt:<\/strong><\/span> 1 NP, samoobslu\u017en\u00e1 prodejna s koncesion\u00e1\u0159sk\u00fdmi prodejn\u00edmi plochami<\/p>\n<p><span style=\"color: #009dde;\"><strong>Plocha are\u00e1lu:<\/strong><\/span>\u00a02,21 ha<\/p>\n<p><span style=\"color: #009dde;\"><strong>Zastav\u011bn\u00e1 plocha:\u00a0<\/strong><\/span>0,54 ha<\/p>\n<p><span style=\"color: #009dde;\"><strong>Zele\u0148:<\/strong><\/span>\u00a00,20 ha<\/p>\n<p><span style=\"color: #009dde;\"><strong>Parkov\u00e1n\u00ed:<\/strong><\/span> 235 parkovac\u00edch st\u00e1n\u00ed na povrchu mezi objektem a komunikac\u00ed Kolbenova, plocha dopln\u011bn\u00e1 zelen\u00ed<\/p>\n<p>&nbsp;<\/p>\n<p>__________________________________________________________________________________________________<\/p>\n<p>&nbsp;<\/p>\n<p><span style=\"color: #009dde;\"><strong>OBCHODN\u00cd D\u016eM KAUFLAND &#8211; ROK 2015<\/strong><\/span><\/p>\n<p><span style=\"color: #009dde;\"><strong>Um\u00edst\u011bn\u00ed:<\/strong><\/span>\u00a0kat. \u00fazem\u00ed Hloub\u011bt\u00edn, p\u0159i komunikaci Kolbenova, napojen\u00ed novou k\u0159i\u017eovatkou se SSZ<\/p>\n<p><strong><span style=\"color: #009dde;\">Investor:\u00a0<\/span>\u00a0<\/strong>InterCora, spol. s r.o., Lochot\u00ednsk\u00e1 18, Plze\u0148<\/p>\n<p><span style=\"color: #009dde;\"><strong>Projektant:<\/strong>\u00a0<\/span>BO MART, spol. s r.o., Ohradn\u00ed 65, Praha 4<\/p>\n<p><span style=\"color: #009dde;\"><strong>Objekt:<\/strong><\/span>\u00a0\u00a0\u00a0 2 NP + ustupuj\u00edc\u00ed podla\u017e\u00ed,<\/p>\n<p><span style=\"color: #009dde;\"><strong>Prodejna: <\/strong><\/span>2.NP<strong> &#8211; <\/strong>samoobslu\u017en\u00e1 prodejna s koncesion\u00e1\u0159sk\u00fdmi prodejn\u00edmi plochami, HPP=4.900m<sup>2 <\/sup><\/p>\n<p><strong><span style=\"color: #009dde;\">Zastav\u011bn\u00e1 plocha:<\/span>\u00a0<\/strong>0,49 ha<\/p>\n<p><span style=\"color: #009dde;\"><strong>Zele\u0148:<\/strong>\u00a0<\/span>0,13 ha<\/p>\n<p><span style=\"color: #009dde;\"><strong>Parkov\u00e1n\u00ed:<\/strong><\/span>\u00a0148 parkovac\u00edch st\u00e1n\u00ed v\u00a01.NP a 68 na povrchu mimo objekt<\/p>\n<p><strong>Vyd\u00e1no stavebn\u00ed povolen\u00ed &#8211; rok 2017<\/strong><\/p>\n<p>&nbsp;<\/p>\n<p><a href=\"https:\/\/www.praha14.cz\/app\/uploads\/sites\/4\/2014\/05\/Kau_mapa.jpg\" data-rel=\"lightbox-image-0\" data-rl_title=\"\" data-rl_caption=\"\" title=\"\"><img loading=\"lazy\" decoding=\"async\" class=\"alignnone size-thumbnail wp-image-1692\" src=\"https:\/\/www.praha14.cz\/app\/uploads\/sites\/4\/2014\/05\/Kau_mapa-150x150.jpg\" alt=\"Kau_mapa\" width=\"150\" height=\"150\" srcset=\"https:\/\/www.praha14.cz\/app\/uploads\/sites\/4\/2014\/05\/Kau_mapa-150x150.jpg 150w, https:\/\/www.praha14.cz\/app\/uploads\/sites\/4\/2014\/05\/Kau_mapa-370x370.jpg 370w, https:\/\/www.praha14.cz\/app\/uploads\/sites\/4\/2014\/05\/Kau_mapa.jpg 1000w\" sizes=\"(max-width: 150px) 100vw, 150px\" \/><\/a><span style=\"line-height: 1.5em;\">\u00a0 \u00a0 \u00a0 \u00a0\u00a0<\/span><span style=\"line-height: 1.5em;\">\u00a0<a href=\"https:\/\/www.praha14.cz\/app\/uploads\/sites\/4\/2014\/05\/Kau_obr1-1.jpg\" data-rel=\"lightbox-image-1\" data-rl_title=\"\" data-rl_caption=\"\" title=\"\"><img loading=\"lazy\" decoding=\"async\" class=\"alignnone wp-image-30913 size-thumbnail\" src=\"https:\/\/www.praha14.cz\/app\/uploads\/sites\/4\/2014\/05\/Kau_obr1-1-150x150.jpg\" alt=\"Kau_obr1\" width=\"150\" height=\"150\" \/><\/a> \u00a0 \u00a0 \u00a0\u00a0<a href=\"https:\/\/www.praha14.cz\/app\/uploads\/sites\/4\/2014\/05\/Kau_obr2-1.jpg\" data-rel=\"lightbox-image-2\" data-rl_title=\"\" data-rl_caption=\"\" title=\"\"><img loading=\"lazy\" decoding=\"async\" class=\"alignnone wp-image-30914 size-thumbnail\" src=\"https:\/\/www.praha14.cz\/app\/uploads\/sites\/4\/2014\/05\/Kau_obr2-1-150x150.jpg\" alt=\"Kau_obr2\" width=\"150\" height=\"150\" \/><\/a><\/span><\/p>\n<p>&nbsp;<\/p>\n","protected":false},"excerpt":{"rendered":"<p>OBCHODN\u00cd D\u016eM KAUFLAND &#8211; STUDIE Um\u00edst\u011bn\u00ed: kat. \u00fazem\u00ed Hloub\u011bt\u00edn, p\u0159i komunikaci Kolbenova, \u00faprava k\u0159i\u017eovatky Kolbenova x Sl\u00e9va\u010dsk\u00e1 Investor:\u00a0 InterCora, spol. s r.o., Lochot\u00ednsk\u00e1 18, Plze\u0148 Projektant:\u00a0BOMART, spol. s r.o., Ohradn\u00ed 65, Praha 4 Objekt: 1 NP, samoobslu\u017en\u00e1 prodejna s koncesion\u00e1\u0159sk\u00fdmi prodejn\u00edmi plochami Plocha are\u00e1lu:\u00a02,21 ha Zastav\u011bn\u00e1 plocha:\u00a00,54 ha Zele\u0148:\u00a00,20 ha Parkov\u00e1n\u00ed: 235 parkovac\u00edch st\u00e1n\u00ed na&#8230;<\/p>\n","protected":false},"author":1,"featured_media":0,"parent":0,"menu_order":0,"comment_status":"closed","ping_status":"open","template":"","meta":{"_acf_changed":false,"footnotes":""},"class_list":["post-1691","page","type-page","status-publish","hentry"],"acf":[],"yoast_head":"<!-- This site is optimized with the Yoast SEO plugin v27.2 - https:\/\/yoast.com\/product\/yoast-seo-wordpress\/ -->\n<title>Obchodn\u00ed d\u016fm Kaufland - \u017divot na Praze 14<\/title>\n<meta name=\"robots\" content=\"index, follow, max-snippet:-1, max-image-preview:large, max-video-preview:-1\" \/>\n<link rel=\"canonical\" href=\"https:\/\/www.praha14.cz\/zivot-na-praze-14\/obchodni-dum-kaufland\/\" \/>\n<meta property=\"og:locale\" content=\"cs_CZ\" \/>\n<meta property=\"og:type\" content=\"article\" \/>\n<meta property=\"og:title\" content=\"Obchodn\u00ed d\u016fm Kaufland - \u017divot na Praze 14\" \/>\n<meta property=\"og:description\" content=\"OBCHODN\u00cd D\u016eM KAUFLAND &#8211; STUDIE Um\u00edst\u011bn\u00ed: kat. \u00fazem\u00ed Hloub\u011bt\u00edn, p\u0159i komunikaci Kolbenova, \u00faprava k\u0159i\u017eovatky Kolbenova x Sl\u00e9va\u010dsk\u00e1 Investor:\u00a0 InterCora, spol. s r.o., Lochot\u00ednsk\u00e1 18, Plze\u0148 Projektant:\u00a0BOMART, spol. s r.o., Ohradn\u00ed 65, Praha 4 Objekt: 1 NP, samoobslu\u017en\u00e1 prodejna s koncesion\u00e1\u0159sk\u00fdmi prodejn\u00edmi plochami Plocha are\u00e1lu:\u00a02,21 ha Zastav\u011bn\u00e1 plocha:\u00a00,54 ha Zele\u0148:\u00a00,20 ha Parkov\u00e1n\u00ed: 235 parkovac\u00edch st\u00e1n\u00ed na...\" \/>\n<meta property=\"og:url\" content=\"https:\/\/www.praha14.cz\/zivot-na-praze-14\/obchodni-dum-kaufland\/\" \/>\n<meta property=\"og:site_name\" content=\"\u017divot na Praze 14\" \/>\n<meta property=\"article:modified_time\" content=\"2023-01-30T08:39:04+00:00\" \/>\n<meta property=\"og:image\" content=\"https:\/\/www.praha14.cz\/app\/uploads\/sites\/4\/2014\/05\/Kau_mapa-150x150.jpg\" \/>\n<meta name=\"twitter:card\" content=\"summary_large_image\" \/>\n<meta name=\"twitter:label1\" content=\"Est. reading time\" \/>\n\t<meta name=\"twitter:data1\" content=\"2 minuty\" \/>\n<script type=\"application\/ld+json\" class=\"yoast-schema-graph\">{\"@context\":\"https:\/\/schema.org\",\"@graph\":[{\"@type\":\"WebPage\",\"@id\":\"https:\/\/www.praha14.cz\/zivot-na-praze-14\/obchodni-dum-kaufland\/\",\"url\":\"https:\/\/www.praha14.cz\/zivot-na-praze-14\/obchodni-dum-kaufland\/\",\"name\":\"Obchodn\u00ed d\u016fm Kaufland - \u017divot na Praze 14\",\"isPartOf\":{\"@id\":\"https:\/\/www.praha14.cz\/zivot-na-praze-14\/#website\"},\"primaryImageOfPage\":{\"@id\":\"https:\/\/www.praha14.cz\/zivot-na-praze-14\/obchodni-dum-kaufland\/#primaryimage\"},\"image\":{\"@id\":\"https:\/\/www.praha14.cz\/zivot-na-praze-14\/obchodni-dum-kaufland\/#primaryimage\"},\"thumbnailUrl\":\"https:\/\/www.praha14.cz\/app\/uploads\/sites\/4\/2014\/05\/Kau_mapa-150x150.jpg\",\"datePublished\":\"2014-05-06T16:01:59+00:00\",\"dateModified\":\"2023-01-30T08:39:04+00:00\",\"breadcrumb\":{\"@id\":\"https:\/\/www.praha14.cz\/zivot-na-praze-14\/obchodni-dum-kaufland\/#breadcrumb\"},\"inLanguage\":\"cs\",\"potentialAction\":[{\"@type\":\"ReadAction\",\"target\":[\"https:\/\/www.praha14.cz\/zivot-na-praze-14\/obchodni-dum-kaufland\/\"]}]},{\"@type\":\"ImageObject\",\"inLanguage\":\"cs\",\"@id\":\"https:\/\/www.praha14.cz\/zivot-na-praze-14\/obchodni-dum-kaufland\/#primaryimage\",\"url\":\"https:\/\/www.praha14.cz\/app\/uploads\/sites\/4\/2014\/05\/Kau_mapa-150x150.jpg\",\"contentUrl\":\"https:\/\/www.praha14.cz\/app\/uploads\/sites\/4\/2014\/05\/Kau_mapa-150x150.jpg\"},{\"@type\":\"BreadcrumbList\",\"@id\":\"https:\/\/www.praha14.cz\/zivot-na-praze-14\/obchodni-dum-kaufland\/#breadcrumb\",\"itemListElement\":[{\"@type\":\"ListItem\",\"position\":1,\"name\":\"\u017divot na Praze 14\",\"item\":\"https:\/\/www.praha14.cz\/zivot-na-praze-14\/\"},{\"@type\":\"ListItem\",\"position\":2,\"name\":\"Obchodn\u00ed d\u016fm Kaufland\"}]},{\"@type\":\"WebSite\",\"@id\":\"https:\/\/www.praha14.cz\/zivot-na-praze-14\/#website\",\"url\":\"https:\/\/www.praha14.cz\/zivot-na-praze-14\/\",\"name\":\"\u017divot na Praze 14\",\"description\":\"\",\"potentialAction\":[{\"@type\":\"SearchAction\",\"target\":{\"@type\":\"EntryPoint\",\"urlTemplate\":\"https:\/\/www.praha14.cz\/zivot-na-praze-14\/?s={search_term_string}\"},\"query-input\":{\"@type\":\"PropertyValueSpecification\",\"valueRequired\":true,\"valueName\":\"search_term_string\"}}],\"inLanguage\":\"cs\"}]}<\/script>\n<!-- \/ Yoast SEO plugin. -->","yoast_head_json":{"title":"Obchodn\u00ed d\u016fm Kaufland - \u017divot na Praze 14","robots":{"index":"index","follow":"follow","max-snippet":"max-snippet:-1","max-image-preview":"max-image-preview:large","max-video-preview":"max-video-preview:-1"},"canonical":"https:\/\/www.praha14.cz\/zivot-na-praze-14\/obchodni-dum-kaufland\/","og_locale":"cs_CZ","og_type":"article","og_title":"Obchodn\u00ed d\u016fm Kaufland - \u017divot na Praze 14","og_description":"OBCHODN\u00cd D\u016eM KAUFLAND &#8211; STUDIE Um\u00edst\u011bn\u00ed: kat. \u00fazem\u00ed Hloub\u011bt\u00edn, p\u0159i komunikaci Kolbenova, \u00faprava k\u0159i\u017eovatky Kolbenova x Sl\u00e9va\u010dsk\u00e1 Investor:\u00a0 InterCora, spol. s r.o., Lochot\u00ednsk\u00e1 18, Plze\u0148 Projektant:\u00a0BOMART, spol. s r.o., Ohradn\u00ed 65, Praha 4 Objekt: 1 NP, samoobslu\u017en\u00e1 prodejna s koncesion\u00e1\u0159sk\u00fdmi prodejn\u00edmi plochami Plocha are\u00e1lu:\u00a02,21 ha Zastav\u011bn\u00e1 plocha:\u00a00,54 ha Zele\u0148:\u00a00,20 ha Parkov\u00e1n\u00ed: 235 parkovac\u00edch st\u00e1n\u00ed na...","og_url":"https:\/\/www.praha14.cz\/zivot-na-praze-14\/obchodni-dum-kaufland\/","og_site_name":"\u017divot na Praze 14","article_modified_time":"2023-01-30T08:39:04+00:00","og_image":[{"url":"https:\/\/www.praha14.cz\/app\/uploads\/sites\/4\/2014\/05\/Kau_mapa-150x150.jpg","type":"","width":"","height":""}],"twitter_card":"summary_large_image","twitter_misc":{"Est. reading time":"2 minuty"},"schema":{"@context":"https:\/\/schema.org","@graph":[{"@type":"WebPage","@id":"https:\/\/www.praha14.cz\/zivot-na-praze-14\/obchodni-dum-kaufland\/","url":"https:\/\/www.praha14.cz\/zivot-na-praze-14\/obchodni-dum-kaufland\/","name":"Obchodn\u00ed d\u016fm Kaufland - \u017divot na Praze 14","isPartOf":{"@id":"https:\/\/www.praha14.cz\/zivot-na-praze-14\/#website"},"primaryImageOfPage":{"@id":"https:\/\/www.praha14.cz\/zivot-na-praze-14\/obchodni-dum-kaufland\/#primaryimage"},"image":{"@id":"https:\/\/www.praha14.cz\/zivot-na-praze-14\/obchodni-dum-kaufland\/#primaryimage"},"thumbnailUrl":"https:\/\/www.praha14.cz\/app\/uploads\/sites\/4\/2014\/05\/Kau_mapa-150x150.jpg","datePublished":"2014-05-06T16:01:59+00:00","dateModified":"2023-01-30T08:39:04+00:00","breadcrumb":{"@id":"https:\/\/www.praha14.cz\/zivot-na-praze-14\/obchodni-dum-kaufland\/#breadcrumb"},"inLanguage":"cs","potentialAction":[{"@type":"ReadAction","target":["https:\/\/www.praha14.cz\/zivot-na-praze-14\/obchodni-dum-kaufland\/"]}]},{"@type":"ImageObject","inLanguage":"cs","@id":"https:\/\/www.praha14.cz\/zivot-na-praze-14\/obchodni-dum-kaufland\/#primaryimage","url":"https:\/\/www.praha14.cz\/app\/uploads\/sites\/4\/2014\/05\/Kau_mapa-150x150.jpg","contentUrl":"https:\/\/www.praha14.cz\/app\/uploads\/sites\/4\/2014\/05\/Kau_mapa-150x150.jpg"},{"@type":"BreadcrumbList","@id":"https:\/\/www.praha14.cz\/zivot-na-praze-14\/obchodni-dum-kaufland\/#breadcrumb","itemListElement":[{"@type":"ListItem","position":1,"name":"\u017divot na Praze 14","item":"https:\/\/www.praha14.cz\/zivot-na-praze-14\/"},{"@type":"ListItem","position":2,"name":"Obchodn\u00ed d\u016fm Kaufland"}]},{"@type":"WebSite","@id":"https:\/\/www.praha14.cz\/zivot-na-praze-14\/#website","url":"https:\/\/www.praha14.cz\/zivot-na-praze-14\/","name":"\u017divot na Praze 14","description":"","potentialAction":[{"@type":"SearchAction","target":{"@type":"EntryPoint","urlTemplate":"https:\/\/www.praha14.cz\/zivot-na-praze-14\/?s={search_term_string}"},"query-input":{"@type":"PropertyValueSpecification","valueRequired":true,"valueName":"search_term_string"}}],"inLanguage":"cs"}]}},"_links":{"self":[{"href":"https:\/\/www.praha14.cz\/zivot-na-praze-14\/wp-json\/wp\/v2\/pages\/1691","targetHints":{"allow":["GET"]}}],"collection":[{"href":"https:\/\/www.praha14.cz\/zivot-na-praze-14\/wp-json\/wp\/v2\/pages"}],"about":[{"href":"https:\/\/www.praha14.cz\/zivot-na-praze-14\/wp-json\/wp\/v2\/types\/page"}],"author":[{"embeddable":true,"href":"https:\/\/www.praha14.cz\/zivot-na-praze-14\/wp-json\/wp\/v2\/users\/1"}],"replies":[{"embeddable":true,"href":"https:\/\/www.praha14.cz\/zivot-na-praze-14\/wp-json\/wp\/v2\/comments?post=1691"}],"version-history":[{"count":7,"href":"https:\/\/www.praha14.cz\/zivot-na-praze-14\/wp-json\/wp\/v2\/pages\/1691\/revisions"}],"predecessor-version":[{"id":65940,"href":"https:\/\/www.praha14.cz\/zivot-na-praze-14\/wp-json\/wp\/v2\/pages\/1691\/revisions\/65940"}],"wp:attachment":[{"href":"https:\/\/www.praha14.cz\/zivot-na-praze-14\/wp-json\/wp\/v2\/media?parent=1691"}],"curies":[{"name":"wp","href":"https:\/\/api.w.org\/{rel}","templated":true}]}}