{"id":1702,"date":"2014-05-06T17:07:25","date_gmt":"2014-05-06T16:07:25","guid":{"rendered":"https:\/\/www.praha14.cz\/zivot-na-praze-14\/?page_id=1702"},"modified":"2023-01-30T08:39:24","modified_gmt":"2023-01-30T08:39:24","slug":"namesti-hloubetin-byvale-vetiskovo-tsk-hl-m-prahy","status":"publish","type":"page","link":"https:\/\/www.praha14.cz\/zivot-na-praze-14\/namesti-hloubetin-byvale-vetiskovo-tsk-hl-m-prahy\/","title":{"rendered":"N\u00c1M\u011aST\u00cd HLOUB\u011aT\u00cdN (b\u00fdval\u00e9 Veti\u0161kovo) \u2013 \/M\u010c Praha 14\/ &#8211; TSK hl.m. Prahy"},"content":{"rendered":"<p><span style=\"color: #009dde;\"><strong>Um\u00edst\u011bn\u00ed:<\/strong> <\/span>kat. \u00fazem\u00ed Hloub\u011bt\u00edn, ul. Pod\u011bbradsk\u00e1, Chvalsk\u00e1, Kl\u00e1novick\u00e1, Soustru\u017enick\u00e1<\/p>\n<p><span style=\"color: #009dde;\"><strong>Investor:<\/strong>\u00a0<span style=\"color: #000000;\">Technick\u00e1 spr\u00e1va komunikac\u00ed hl.m. Prahy , \u0158\u00e1snovka 770\/8, Praha 1<\/span><\/span><\/p>\n<p><span style=\"color: #009dde;\"><strong>Projektant: <\/strong><\/span>P\u00edsek Sey\u010dek Architekti s.r.o., Korunn\u00ed 810\/104, Praha 10<\/p>\n<p><span style=\"color: #009dde;\"><strong>Celkov\u00e1 plocha:<\/strong> <\/span>0,7 ha<\/p>\n<p><span style=\"color: #009dde;\"><strong>V\u00fdvoj:<\/strong><\/span> 2005 zpracov\u00e1na studie Revitalizace \u0161ir\u0161\u00edho \u00fazem\u00ed v\u010detn\u011b stavby podzemn\u00edho P+R a podrobn\u00fdch anal\u00fdz \u00fazem\u00ed,\u00a012\/2013 zpracov\u00e1na studie na Revitalizaci ji\u017en\u00ed \u010d\u00e1sti n\u00e1m\u011bst\u00ed,\u00a02015 zpracov\u00e1na dokumentace pro \u00fazemn\u00ed \u0159\u00edzen\u00ed (zm\u011bna 2017)<\/p>\n<p>&nbsp;<\/p>\n<p><span style=\"color: #009dde;\"><strong>P\u0159edpokl\u00e1dan\u00e9 \u00fapravy n\u00e1m\u011bst\u00ed zahrnuj\u00ed p\u0159edev\u0161\u00edm:<\/strong><\/span><\/p>\n<ul>\n<li>v\u00fdm\u011bnu a zlep\u0161en\u00ed povrchu n\u00e1m\u011bst\u00ed<\/li>\n<li>oprava svod\u016f de\u0161\u0165ov\u00e9 kanalizace<\/li>\n<li>\u00faprava a nov\u00e9 rozvr\u017een\u00ed zelen\u00fdch ploch<\/li>\n<li>zkulturn\u011bn\u00ed prost\u0159ed\u00ed st\u00e1nkov\u00e9ho prodeje<\/li>\n<li>um\u00edst\u011bn\u00ed objekt\u016f: kav\u00e1rny, rychl\u00e9ho ob\u010derstven\u00ed a z\u00e1zem\u00ed pro st\u00e1nky, valu\u00a0se stup\u0148ovit\u00fdm sezen\u00edm, vodn\u00edho prvku se st\u00e1vaj\u00edc\u00ed plastikou a d\u011btsk\u00e9ho h\u0159i\u0161t\u011b<\/li>\n<li>dopln\u011bn\u00ed mobili\u00e1\u0159e a ve\u0159ejn\u00e9ho osv\u011btlen\u00ed<\/li>\n<\/ul>\n<p><strong>Vyd\u00e1no stavebn\u00ed povolen\u00ed &#8211;\u00a0 rok 2017<br \/>\n<\/strong><\/p>\n\n\t\t<style type=\"text\/css\">\n\t\t\t#gallery-1 {\n\t\t\t\tmargin: auto;\n\t\t\t}\n\t\t\t#gallery-1 .gallery-item {\n\t\t\t\tfloat: left;\n\t\t\t\tmargin-top: 10px;\n\t\t\t\ttext-align: center;\n\t\t\t\twidth: 20%;\n\t\t\t}\n\t\t\t#gallery-1 img {\n\t\t\t\tborder: 2px solid #cfcfcf;\n\t\t\t}\n\t\t\t#gallery-1 .gallery-caption {\n\t\t\t\tmargin-left: 0;\n\t\t\t}\n\t\t\t\/* see gallery_shortcode() in wp-includes\/media.php *\/\n\t\t<\/style>\n\t\t<div id='gallery-1' class='gallery galleryid-1702 gallery-columns-5 gallery-size-thumbnail'><dl class='gallery-item'>\n\t\t\t<dt class='gallery-icon landscape'>\n\t\t\t\t<a rel=\"galleryInfomapa\" class=\"thickbox no_icon rl-gallery-link\"  href='https:\/\/www.praha14.cz\/app\/uploads\/sites\/4\/2014\/05\/03_situace_navrh_zmeny-e1563773205733.jpg' title=\"\" data-rl_title=\"\" data-rl_caption=\"\" data-rel=\"lightbox-gallery-1\"><img loading=\"lazy\" decoding=\"async\" width=\"150\" height=\"150\" src=\"https:\/\/www.praha14.cz\/app\/uploads\/sites\/4\/2014\/05\/03_situace_navrh_zmeny-e1563773205733-150x150.jpg\" class=\"attachment-thumbnail size-thumbnail\" alt=\"03_situace_navrh_zmeny\" \/><\/a>\n\t\t\t<\/dt><\/dl><dl class='gallery-item'>\n\t\t\t<dt class='gallery-icon landscape'>\n\t\t\t\t<a rel=\"galleryInfomapa\" class=\"thickbox no_icon rl-gallery-link\"  href='https:\/\/www.praha14.cz\/app\/uploads\/sites\/4\/2014\/05\/04_vizualizace_severo-zapadni_nadhled-e1563773214883.jpg' title=\"\" data-rl_title=\"\" data-rl_caption=\"\" data-rel=\"lightbox-gallery-1\"><img loading=\"lazy\" decoding=\"async\" width=\"150\" height=\"150\" src=\"https:\/\/www.praha14.cz\/app\/uploads\/sites\/4\/2014\/05\/04_vizualizace_severo-zapadni_nadhled-e1563773214883-150x150.jpg\" class=\"attachment-thumbnail size-thumbnail\" alt=\"04_vizualizace_severo-zapadni_nadhled\" \/><\/a>\n\t\t\t<\/dt><\/dl><dl class='gallery-item'>\n\t\t\t<dt class='gallery-icon landscape'>\n\t\t\t\t<a rel=\"galleryInfomapa\" class=\"thickbox no_icon rl-gallery-link\"  href='https:\/\/www.praha14.cz\/app\/uploads\/sites\/4\/2014\/05\/06_vizualizace_pohled_od_lavice-e1563773223544.jpg' title=\"\" data-rl_title=\"\" data-rl_caption=\"\" data-rel=\"lightbox-gallery-1\"><img loading=\"lazy\" decoding=\"async\" width=\"150\" height=\"150\" src=\"https:\/\/www.praha14.cz\/app\/uploads\/sites\/4\/2014\/05\/06_vizualizace_pohled_od_lavice-e1563773223544-150x150.jpg\" class=\"attachment-thumbnail size-thumbnail\" alt=\"06_vizualizace_pohled_od_lavice\" \/><\/a>\n\t\t\t<\/dt><\/dl><dl class='gallery-item'>\n\t\t\t<dt class='gallery-icon landscape'>\n\t\t\t\t<a rel=\"galleryInfomapa\" class=\"thickbox no_icon rl-gallery-link\"  href='https:\/\/www.praha14.cz\/app\/uploads\/sites\/4\/2014\/05\/07_vizualizace_pohled_na_namesti-e1563773233516.jpg' title=\"\" data-rl_title=\"\" data-rl_caption=\"\" data-rel=\"lightbox-gallery-1\"><img loading=\"lazy\" decoding=\"async\" width=\"150\" height=\"150\" src=\"https:\/\/www.praha14.cz\/app\/uploads\/sites\/4\/2014\/05\/07_vizualizace_pohled_na_namesti-e1563773233516-150x150.jpg\" class=\"attachment-thumbnail size-thumbnail\" alt=\"07_vizualizace_pohled_na_namesti\" \/><\/a>\n\t\t\t<\/dt><\/dl>\n\t\t\t<br style='clear: both' \/>\n\t\t<\/div>\n\n<h4><u>Rok 2021<\/u><\/h4>\n<p><span style=\"color: #009dde;\"><strong>Projektant:<\/strong><\/span> D-PLUS PROJEKTOV\u00c1 A IN\u017dEN\u00ddRSK\u00c1 a.s, Sokolovsk\u00e1 16\/45A, Praha 8<\/p>\n<p><strong>Vyd\u00e1no spole\u010dn\u00e9 rozhodnut\u00ed 2021<\/strong><\/p>\n<p><a href=\"https:\/\/www.praha14.cz\/app\/uploads\/sites\/4\/2021\/02\/Hloub\u011bt\u00edn-n\u00e1m\u011bst\u00ed.jpg\" target=\"_blank\" rel=\"noopener noreferrer\" data-rel=\"lightbox-image-4\" data-rl_title=\"\" data-rl_caption=\"\"><img loading=\"lazy\" decoding=\"async\" class=\"alignnone wp-image-57826 size-thumbnail\" title=\"\" src=\"https:\/\/www.praha14.cz\/app\/uploads\/sites\/4\/2021\/02\/Hloub\u011bt\u00edn-n\u00e1m\u011bst\u00ed-150x150.jpg\" alt=\"Hloub\u011bt\u00edn-n\u00e1m\u011bst\u00ed\" width=\"150\" height=\"150\" \/><\/a><\/p>\n<h3><\/h3>\n<h3><span style=\"color: #99ccff;\"><strong><span style=\"color: #009dde;\">BYTOV\u00dd D\u016eM HLOUB\u011aT\u00cdN<\/span><\/strong><\/span><\/h3>\n<p><span style=\"color: #009dde;\"><strong>Um\u00edst\u011bn\u00ed:<\/strong> <\/span>kat. \u00fazem\u00ed Hloub\u011bt\u00edn, n\u00e1m. Hloub\u011bt\u00edn<\/p>\n<p><span style=\"color: #009dde;\"><strong>Investor:<\/strong> <span style=\"color: #000000;\">INTERTRADE KO\u0160\u00cd\u0158E, s. r. o., Naskov\u00e9 1318\/1f, Praha 5<\/span><\/span><\/p>\n<p><span style=\"color: #009dde;\"><strong>Projektant: <\/strong><span style=\"color: #000000;\">Architekti Headhand s.r.o., U obecn\u00edho dvora 799\/7, Praha 1<\/span><\/span><\/p>\n<p><span style=\"color: #009dde;\"><strong>Objekt:<\/strong>\u00a0<span style=\"color: #000000;\">jeden\u00e1ct nadzemn\u00edch a dv\u011b podzemn\u00ed podla\u017e\u00ed<\/span><\/span><\/p>\n<p><span style=\"color: #009dde;\"><strong>Bydlen\u00ed:\u00a0<\/strong><\/span>1-10 nadzemn\u00ed podla\u017e\u00ed, 40 bytov\u00fdch jednotek<\/p>\n<p><span style=\"color: #009dde;\"><strong>Parkov\u00e1n\u00ed:\u00a0<\/strong><\/span>43 parkovac\u00edch st\u00e1n\u00ed v podzemn\u00edch podla\u017e\u00edch<\/p>\n<p><span style=\"color: #009dde;\"><strong>Slu\u017eby:\u00a0<\/strong><\/span>\u0161kolka v p\u0159\u00edzem\u00ed<\/p>\n<p><strong>Studie<\/strong><\/p>\n\n\t\t<style type=\"text\/css\">\n\t\t\t#gallery-2 {\n\t\t\t\tmargin: auto;\n\t\t\t}\n\t\t\t#gallery-2 .gallery-item {\n\t\t\t\tfloat: left;\n\t\t\t\tmargin-top: 10px;\n\t\t\t\ttext-align: center;\n\t\t\t\twidth: 20%;\n\t\t\t}\n\t\t\t#gallery-2 img {\n\t\t\t\tborder: 2px solid #cfcfcf;\n\t\t\t}\n\t\t\t#gallery-2 .gallery-caption {\n\t\t\t\tmargin-left: 0;\n\t\t\t}\n\t\t\t\/* see gallery_shortcode() in wp-includes\/media.php *\/\n\t\t<\/style>\n\t\t<div id='gallery-2' class='gallery galleryid-1702 gallery-columns-5 gallery-size-thumbnail'><dl class='gallery-item'>\n\t\t\t<dt class='gallery-icon landscape'>\n\t\t\t\t<a rel=\"galleryInfomapa\" class=\"thickbox no_icon rl-gallery-link\"  href='https:\/\/www.praha14.cz\/app\/uploads\/sites\/4\/2022\/06\/BD-Hloubetin-situace.jpg' title=\"\" data-rl_title=\"\" data-rl_caption=\"\" data-rel=\"lightbox-gallery-2\"><img loading=\"lazy\" decoding=\"async\" width=\"150\" height=\"150\" src=\"https:\/\/www.praha14.cz\/app\/uploads\/sites\/4\/2022\/06\/BD-Hloubetin-situace-150x150.jpg\" class=\"attachment-thumbnail size-thumbnail\" alt=\"BD Hloub\u011bt\u00edn situace\" \/><\/a>\n\t\t\t<\/dt><\/dl><dl class='gallery-item'>\n\t\t\t<dt class='gallery-icon landscape'>\n\t\t\t\t<a rel=\"galleryInfomapa\" class=\"thickbox no_icon rl-gallery-link\"  href='https:\/\/www.praha14.cz\/app\/uploads\/sites\/4\/2022\/06\/BD-Hloubetin-prizemi.jpg' title=\"\" data-rl_title=\"\" data-rl_caption=\"\" data-rel=\"lightbox-gallery-2\"><img loading=\"lazy\" decoding=\"async\" width=\"150\" height=\"150\" src=\"https:\/\/www.praha14.cz\/app\/uploads\/sites\/4\/2022\/06\/BD-Hloubetin-prizemi-150x150.jpg\" class=\"attachment-thumbnail size-thumbnail\" alt=\"BD Hloub\u011bt\u00edn p\u0159\u00edzem\u00ed\" \/><\/a>\n\t\t\t<\/dt><\/dl><dl class='gallery-item'>\n\t\t\t<dt class='gallery-icon landscape'>\n\t\t\t\t<a rel=\"galleryInfomapa\" class=\"thickbox no_icon rl-gallery-link\"  href='https:\/\/www.praha14.cz\/app\/uploads\/sites\/4\/2022\/06\/BD-Hloubetin-typicke-patro.jpg' title=\"\" data-rl_title=\"\" data-rl_caption=\"\" data-rel=\"lightbox-gallery-2\"><img loading=\"lazy\" decoding=\"async\" width=\"150\" height=\"150\" src=\"https:\/\/www.praha14.cz\/app\/uploads\/sites\/4\/2022\/06\/BD-Hloubetin-typicke-patro-150x150.jpg\" class=\"attachment-thumbnail size-thumbnail\" alt=\"BD Hloub\u011bt\u00edn typick\u00e9 patro\" \/><\/a>\n\t\t\t<\/dt><\/dl><dl class='gallery-item'>\n\t\t\t<dt class='gallery-icon landscape'>\n\t\t\t\t<a rel=\"galleryInfomapa\" class=\"thickbox no_icon rl-gallery-link\"  href='https:\/\/www.praha14.cz\/app\/uploads\/sites\/4\/2022\/06\/BD-Hloubetin-rez.jpg' title=\"\" data-rl_title=\"\" data-rl_caption=\"\" data-rel=\"lightbox-gallery-2\"><img loading=\"lazy\" decoding=\"async\" width=\"150\" height=\"150\" src=\"https:\/\/www.praha14.cz\/app\/uploads\/sites\/4\/2022\/06\/BD-Hloubetin-rez-150x150.jpg\" class=\"attachment-thumbnail size-thumbnail\" alt=\"BD Hloub\u011bt\u00edn \u0159ez\" \/><\/a>\n\t\t\t<\/dt><\/dl><dl class='gallery-item'>\n\t\t\t<dt class='gallery-icon landscape'>\n\t\t\t\t<a rel=\"galleryInfomapa\" class=\"thickbox no_icon rl-gallery-link\"  href='https:\/\/www.praha14.cz\/app\/uploads\/sites\/4\/2022\/06\/BD-Hloubetin-vizualizace1.jpg' title=\"\" data-rl_title=\"\" data-rl_caption=\"\" data-rel=\"lightbox-gallery-2\"><img loading=\"lazy\" decoding=\"async\" width=\"150\" height=\"150\" src=\"https:\/\/www.praha14.cz\/app\/uploads\/sites\/4\/2022\/06\/BD-Hloubetin-vizualizace1-150x150.jpg\" class=\"attachment-thumbnail size-thumbnail\" alt=\"BD Hloub\u011bt\u00edn vizualizace1\" \/><\/a>\n\t\t\t<\/dt><\/dl><br style=\"clear: both\" \/><dl class='gallery-item'>\n\t\t\t<dt class='gallery-icon landscape'>\n\t\t\t\t<a rel=\"galleryInfomapa\" class=\"thickbox no_icon rl-gallery-link\"  href='https:\/\/www.praha14.cz\/app\/uploads\/sites\/4\/2022\/06\/BD-Hloubetin-vizualizace2.jpg' title=\"\" data-rl_title=\"\" data-rl_caption=\"\" data-rel=\"lightbox-gallery-2\"><img loading=\"lazy\" decoding=\"async\" width=\"150\" height=\"150\" src=\"https:\/\/www.praha14.cz\/app\/uploads\/sites\/4\/2022\/06\/BD-Hloubetin-vizualizace2-150x150.jpg\" class=\"attachment-thumbnail size-thumbnail\" alt=\"BD Hloub\u011bt\u00edn vizualizace2\" \/><\/a>\n\t\t\t<\/dt><\/dl><dl class='gallery-item'>\n\t\t\t<dt class='gallery-icon landscape'>\n\t\t\t\t<a rel=\"galleryInfomapa\" class=\"thickbox no_icon rl-gallery-link\"  href='https:\/\/www.praha14.cz\/app\/uploads\/sites\/4\/2022\/06\/BD-Hloubetin-vizualizace3.jpg' title=\"\" data-rl_title=\"\" data-rl_caption=\"\" data-rel=\"lightbox-gallery-2\"><img loading=\"lazy\" decoding=\"async\" width=\"150\" height=\"150\" src=\"https:\/\/www.praha14.cz\/app\/uploads\/sites\/4\/2022\/06\/BD-Hloubetin-vizualizace3-150x150.jpg\" class=\"attachment-thumbnail size-thumbnail\" alt=\"BD Hloub\u011bt\u00edn vizualizace3\" \/><\/a>\n\t\t\t<\/dt><\/dl>\n\t\t\t<br style='clear: both' \/>\n\t\t<\/div>\n\n","protected":false},"excerpt":{"rendered":"<p>Um\u00edst\u011bn\u00ed: kat. \u00fazem\u00ed Hloub\u011bt\u00edn, ul. Pod\u011bbradsk\u00e1, Chvalsk\u00e1, Kl\u00e1novick\u00e1, Soustru\u017enick\u00e1 Investor:\u00a0Technick\u00e1 spr\u00e1va komunikac\u00ed hl.m. Prahy , \u0158\u00e1snovka 770\/8, Praha 1 Projektant: P\u00edsek Sey\u010dek Architekti s.r.o., Korunn\u00ed 810\/104, Praha 10 Celkov\u00e1 plocha: 0,7 ha V\u00fdvoj: 2005 zpracov\u00e1na studie Revitalizace \u0161ir\u0161\u00edho \u00fazem\u00ed v\u010detn\u011b stavby podzemn\u00edho P+R a podrobn\u00fdch anal\u00fdz \u00fazem\u00ed,\u00a012\/2013 zpracov\u00e1na studie na Revitalizaci ji\u017en\u00ed \u010d\u00e1sti n\u00e1m\u011bst\u00ed,\u00a02015 zpracov\u00e1na&#8230;<\/p>\n","protected":false},"author":1,"featured_media":0,"parent":0,"menu_order":0,"comment_status":"closed","ping_status":"open","template":"","meta":{"_acf_changed":false,"footnotes":""},"class_list":["post-1702","page","type-page","status-publish","hentry"],"acf":[],"yoast_head":"<!-- This site is optimized with the Yoast SEO plugin v27.2 - https:\/\/yoast.com\/product\/yoast-seo-wordpress\/ -->\n<title>N\u00c1M\u011aST\u00cd HLOUB\u011aT\u00cdN (b\u00fdval\u00e9 Veti\u0161kovo) \u2013 \/M\u010c Praha 14\/ - TSK hl.m. Prahy - \u017divot na Praze 14<\/title>\n<meta name=\"robots\" content=\"index, follow, max-snippet:-1, max-image-preview:large, max-video-preview:-1\" \/>\n<link rel=\"canonical\" href=\"https:\/\/www.praha14.cz\/zivot-na-praze-14\/namesti-hloubetin-byvale-vetiskovo-tsk-hl-m-prahy\/\" \/>\n<meta property=\"og:locale\" content=\"cs_CZ\" \/>\n<meta property=\"og:type\" content=\"article\" \/>\n<meta property=\"og:title\" content=\"N\u00c1M\u011aST\u00cd HLOUB\u011aT\u00cdN (b\u00fdval\u00e9 Veti\u0161kovo) \u2013 \/M\u010c Praha 14\/ - TSK hl.m. Prahy - \u017divot na Praze 14\" \/>\n<meta property=\"og:description\" content=\"Um\u00edst\u011bn\u00ed: kat. \u00fazem\u00ed Hloub\u011bt\u00edn, ul. Pod\u011bbradsk\u00e1, Chvalsk\u00e1, Kl\u00e1novick\u00e1, Soustru\u017enick\u00e1 Investor:\u00a0Technick\u00e1 spr\u00e1va komunikac\u00ed hl.m. Prahy , \u0158\u00e1snovka 770\/8, Praha 1 Projektant: P\u00edsek Sey\u010dek Architekti s.r.o., Korunn\u00ed 810\/104, Praha 10 Celkov\u00e1 plocha: 0,7 ha V\u00fdvoj: 2005 zpracov\u00e1na studie Revitalizace \u0161ir\u0161\u00edho \u00fazem\u00ed v\u010detn\u011b stavby podzemn\u00edho P+R a podrobn\u00fdch anal\u00fdz \u00fazem\u00ed,\u00a012\/2013 zpracov\u00e1na studie na Revitalizaci ji\u017en\u00ed \u010d\u00e1sti n\u00e1m\u011bst\u00ed,\u00a02015 zpracov\u00e1na...\" \/>\n<meta property=\"og:url\" content=\"https:\/\/www.praha14.cz\/zivot-na-praze-14\/namesti-hloubetin-byvale-vetiskovo-tsk-hl-m-prahy\/\" \/>\n<meta property=\"og:site_name\" content=\"\u017divot na Praze 14\" \/>\n<meta property=\"article:modified_time\" content=\"2023-01-30T08:39:24+00:00\" \/>\n<meta property=\"og:image\" content=\"https:\/\/www.praha14.cz\/app\/uploads\/sites\/4\/2014\/05\/03_situace_navrh_zmeny-e1563773205733-150x150.jpg\" \/>\n<meta name=\"twitter:card\" content=\"summary_large_image\" \/>\n<meta name=\"twitter:label1\" content=\"Est. reading time\" \/>\n\t<meta name=\"twitter:data1\" content=\"2 minuty\" \/>\n<script type=\"application\/ld+json\" class=\"yoast-schema-graph\">{\"@context\":\"https:\/\/schema.org\",\"@graph\":[{\"@type\":\"WebPage\",\"@id\":\"https:\/\/www.praha14.cz\/zivot-na-praze-14\/namesti-hloubetin-byvale-vetiskovo-tsk-hl-m-prahy\/\",\"url\":\"https:\/\/www.praha14.cz\/zivot-na-praze-14\/namesti-hloubetin-byvale-vetiskovo-tsk-hl-m-prahy\/\",\"name\":\"N\u00c1M\u011aST\u00cd HLOUB\u011aT\u00cdN (b\u00fdval\u00e9 Veti\u0161kovo) \u2013 \/M\u010c Praha 14\/ - TSK hl.m. Prahy - \u017divot na Praze 14\",\"isPartOf\":{\"@id\":\"https:\/\/www.praha14.cz\/zivot-na-praze-14\/#website\"},\"datePublished\":\"2014-05-06T16:07:25+00:00\",\"dateModified\":\"2023-01-30T08:39:24+00:00\",\"breadcrumb\":{\"@id\":\"https:\/\/www.praha14.cz\/zivot-na-praze-14\/namesti-hloubetin-byvale-vetiskovo-tsk-hl-m-prahy\/#breadcrumb\"},\"inLanguage\":\"cs\",\"potentialAction\":[{\"@type\":\"ReadAction\",\"target\":[\"https:\/\/www.praha14.cz\/zivot-na-praze-14\/namesti-hloubetin-byvale-vetiskovo-tsk-hl-m-prahy\/\"]}]},{\"@type\":\"BreadcrumbList\",\"@id\":\"https:\/\/www.praha14.cz\/zivot-na-praze-14\/namesti-hloubetin-byvale-vetiskovo-tsk-hl-m-prahy\/#breadcrumb\",\"itemListElement\":[{\"@type\":\"ListItem\",\"position\":1,\"name\":\"\u017divot na Praze 14\",\"item\":\"https:\/\/www.praha14.cz\/zivot-na-praze-14\/\"},{\"@type\":\"ListItem\",\"position\":2,\"name\":\"N\u00c1M\u011aST\u00cd HLOUB\u011aT\u00cdN (b\u00fdval\u00e9 Veti\u0161kovo) \u2013 \/M\u010c Praha 14\/ &#8211; TSK hl.m. Prahy\"}]},{\"@type\":\"WebSite\",\"@id\":\"https:\/\/www.praha14.cz\/zivot-na-praze-14\/#website\",\"url\":\"https:\/\/www.praha14.cz\/zivot-na-praze-14\/\",\"name\":\"\u017divot na Praze 14\",\"description\":\"\",\"potentialAction\":[{\"@type\":\"SearchAction\",\"target\":{\"@type\":\"EntryPoint\",\"urlTemplate\":\"https:\/\/www.praha14.cz\/zivot-na-praze-14\/?s={search_term_string}\"},\"query-input\":{\"@type\":\"PropertyValueSpecification\",\"valueRequired\":true,\"valueName\":\"search_term_string\"}}],\"inLanguage\":\"cs\"}]}<\/script>\n<!-- \/ Yoast SEO plugin. -->","yoast_head_json":{"title":"N\u00c1M\u011aST\u00cd HLOUB\u011aT\u00cdN (b\u00fdval\u00e9 Veti\u0161kovo) \u2013 \/M\u010c Praha 14\/ - TSK hl.m. Prahy - \u017divot na Praze 14","robots":{"index":"index","follow":"follow","max-snippet":"max-snippet:-1","max-image-preview":"max-image-preview:large","max-video-preview":"max-video-preview:-1"},"canonical":"https:\/\/www.praha14.cz\/zivot-na-praze-14\/namesti-hloubetin-byvale-vetiskovo-tsk-hl-m-prahy\/","og_locale":"cs_CZ","og_type":"article","og_title":"N\u00c1M\u011aST\u00cd HLOUB\u011aT\u00cdN (b\u00fdval\u00e9 Veti\u0161kovo) \u2013 \/M\u010c Praha 14\/ - TSK hl.m. Prahy - \u017divot na Praze 14","og_description":"Um\u00edst\u011bn\u00ed: kat. \u00fazem\u00ed Hloub\u011bt\u00edn, ul. Pod\u011bbradsk\u00e1, Chvalsk\u00e1, Kl\u00e1novick\u00e1, Soustru\u017enick\u00e1 Investor:\u00a0Technick\u00e1 spr\u00e1va komunikac\u00ed hl.m. Prahy , \u0158\u00e1snovka 770\/8, Praha 1 Projektant: P\u00edsek Sey\u010dek Architekti s.r.o., Korunn\u00ed 810\/104, Praha 10 Celkov\u00e1 plocha: 0,7 ha V\u00fdvoj: 2005 zpracov\u00e1na studie Revitalizace \u0161ir\u0161\u00edho \u00fazem\u00ed v\u010detn\u011b stavby podzemn\u00edho P+R a podrobn\u00fdch anal\u00fdz \u00fazem\u00ed,\u00a012\/2013 zpracov\u00e1na studie na Revitalizaci ji\u017en\u00ed \u010d\u00e1sti n\u00e1m\u011bst\u00ed,\u00a02015 zpracov\u00e1na...","og_url":"https:\/\/www.praha14.cz\/zivot-na-praze-14\/namesti-hloubetin-byvale-vetiskovo-tsk-hl-m-prahy\/","og_site_name":"\u017divot na Praze 14","article_modified_time":"2023-01-30T08:39:24+00:00","og_image":[{"url":"https:\/\/www.praha14.cz\/app\/uploads\/sites\/4\/2014\/05\/03_situace_navrh_zmeny-e1563773205733-150x150.jpg","type":"","width":"","height":""}],"twitter_card":"summary_large_image","twitter_misc":{"Est. reading time":"2 minuty"},"schema":{"@context":"https:\/\/schema.org","@graph":[{"@type":"WebPage","@id":"https:\/\/www.praha14.cz\/zivot-na-praze-14\/namesti-hloubetin-byvale-vetiskovo-tsk-hl-m-prahy\/","url":"https:\/\/www.praha14.cz\/zivot-na-praze-14\/namesti-hloubetin-byvale-vetiskovo-tsk-hl-m-prahy\/","name":"N\u00c1M\u011aST\u00cd HLOUB\u011aT\u00cdN (b\u00fdval\u00e9 Veti\u0161kovo) \u2013 \/M\u010c Praha 14\/ - TSK hl.m. Prahy - \u017divot na Praze 14","isPartOf":{"@id":"https:\/\/www.praha14.cz\/zivot-na-praze-14\/#website"},"datePublished":"2014-05-06T16:07:25+00:00","dateModified":"2023-01-30T08:39:24+00:00","breadcrumb":{"@id":"https:\/\/www.praha14.cz\/zivot-na-praze-14\/namesti-hloubetin-byvale-vetiskovo-tsk-hl-m-prahy\/#breadcrumb"},"inLanguage":"cs","potentialAction":[{"@type":"ReadAction","target":["https:\/\/www.praha14.cz\/zivot-na-praze-14\/namesti-hloubetin-byvale-vetiskovo-tsk-hl-m-prahy\/"]}]},{"@type":"BreadcrumbList","@id":"https:\/\/www.praha14.cz\/zivot-na-praze-14\/namesti-hloubetin-byvale-vetiskovo-tsk-hl-m-prahy\/#breadcrumb","itemListElement":[{"@type":"ListItem","position":1,"name":"\u017divot na Praze 14","item":"https:\/\/www.praha14.cz\/zivot-na-praze-14\/"},{"@type":"ListItem","position":2,"name":"N\u00c1M\u011aST\u00cd HLOUB\u011aT\u00cdN (b\u00fdval\u00e9 Veti\u0161kovo) \u2013 \/M\u010c Praha 14\/ &#8211; TSK hl.m. Prahy"}]},{"@type":"WebSite","@id":"https:\/\/www.praha14.cz\/zivot-na-praze-14\/#website","url":"https:\/\/www.praha14.cz\/zivot-na-praze-14\/","name":"\u017divot na Praze 14","description":"","potentialAction":[{"@type":"SearchAction","target":{"@type":"EntryPoint","urlTemplate":"https:\/\/www.praha14.cz\/zivot-na-praze-14\/?s={search_term_string}"},"query-input":{"@type":"PropertyValueSpecification","valueRequired":true,"valueName":"search_term_string"}}],"inLanguage":"cs"}]}},"_links":{"self":[{"href":"https:\/\/www.praha14.cz\/zivot-na-praze-14\/wp-json\/wp\/v2\/pages\/1702","targetHints":{"allow":["GET"]}}],"collection":[{"href":"https:\/\/www.praha14.cz\/zivot-na-praze-14\/wp-json\/wp\/v2\/pages"}],"about":[{"href":"https:\/\/www.praha14.cz\/zivot-na-praze-14\/wp-json\/wp\/v2\/types\/page"}],"author":[{"embeddable":true,"href":"https:\/\/www.praha14.cz\/zivot-na-praze-14\/wp-json\/wp\/v2\/users\/1"}],"replies":[{"embeddable":true,"href":"https:\/\/www.praha14.cz\/zivot-na-praze-14\/wp-json\/wp\/v2\/comments?post=1702"}],"version-history":[{"count":6,"href":"https:\/\/www.praha14.cz\/zivot-na-praze-14\/wp-json\/wp\/v2\/pages\/1702\/revisions"}],"predecessor-version":[{"id":63701,"href":"https:\/\/www.praha14.cz\/zivot-na-praze-14\/wp-json\/wp\/v2\/pages\/1702\/revisions\/63701"}],"wp:attachment":[{"href":"https:\/\/www.praha14.cz\/zivot-na-praze-14\/wp-json\/wp\/v2\/media?parent=1702"}],"curies":[{"name":"wp","href":"https:\/\/api.w.org\/{rel}","templated":true}]}}