{"id":1704,"date":"2014-05-06T17:10:30","date_gmt":"2014-05-06T16:10:30","guid":{"rendered":"https:\/\/www.praha14.cz\/zivot-na-praze-14\/?page_id=1704"},"modified":"2023-01-30T08:39:43","modified_gmt":"2023-01-30T08:39:43","slug":"polyfunkcni-dum-lehovec","status":"publish","type":"page","link":"https:\/\/www.praha14.cz\/zivot-na-praze-14\/polyfunkcni-dum-lehovec\/","title":{"rendered":"Polyfunk\u010dn\u00ed d\u016fm Lehovec &#8211; Bytov\u00fd d\u016fm Lehovec"},"content":{"rendered":"<p><span style=\"color: #009dde;\"><strong>POLYFUNK\u010cN\u00cd D\u016eM LEHOVEC<\/strong><\/span><\/p>\n<p><span style=\"color: #009dde;\"><strong>Um\u00edst\u011bn\u00ed:<\/strong><\/span> kat. \u00fazem\u00ed Hloub\u011bt\u00edn, p\u0159i ulici Kolbenova a Pod\u011bbradsk\u00e1<\/p>\n<p><span style=\"color: #009dde;\"><strong>Investor:<\/strong><\/span>\u00a0A+R s r. o., Jirny 353, Jirny<\/p>\n<p><span style=\"color: #009dde;\"><strong>Projektant:<\/strong><\/span>\u00a0Ackermann achitekti s r. o., Dobrovsk\u00e9ho 2, Praha 7, vyd\u00e1no \u00fazemn\u00ed rozhodnut\u00ed<\/p>\n<p><span style=\"color: #009dde;\"><strong>Objekt:<\/strong><\/span> 8 nadzemn\u00edch a 3 podzemn\u00ed podla\u017e\u00ed,\u00a01 NP &#8211; hala s recepc\u00ed<\/p>\n<p><span style=\"color: #009dde;\"><strong>Kancel\u00e1\u0159e:<\/strong><\/span> 2 &#8211; 5 NP<\/p>\n<p><span style=\"color: #009dde;\"><strong>Bydlen\u00ed:<\/strong> <\/span>6 &#8211; 8 NP; kapacita 18 bytov\u00fdch jednotek<\/p>\n<p><span style=\"color: #009dde;\"><strong>Parkov\u00e1n\u00ed:<\/strong><\/span> 1 &#8211; 3 PP v po\u010dtu 112 parkovac\u00edch st\u00e1n\u00ed, zb\u00fdvaj\u00edc\u00ed na povrchu<\/p>\n<p><span style=\"color: #009dde;\"><strong>Zastav\u011bn\u00e1 plocha:<\/strong><\/span> 0,17 ha<\/p>\n<p><span style=\"color: #009dde;\"><strong>Plocha zelen\u011b:<\/strong><\/span> 0,23 ha<\/p>\n<p>__________________________________________________________________________________________<\/p>\n<p>&nbsp;<\/p>\n<p>&nbsp;<\/p>\n<p><strong><span style=\"color: #009dde;\">BYTOV\u00dd D\u016eM LEHOVEC<\/span><\/strong><\/p>\n<p><span style=\"color: #009dde;\"><strong>Um\u00edst\u011bn\u00ed:<\/strong><\/span>\u00a0kat. \u00fazem\u00ed Hloub\u011bt\u00edn, p\u0159i ulici Kolbenova a Pod\u011bbradsk\u00e1<\/p>\n<p><span style=\"color: #009dde;\"><strong>Investor:<\/strong>\u00a0<\/span>BAYTON Alfa, a.s., Vladislavova 1390\/17, Nov\u00e9 M\u011bsto<\/p>\n<p><span style=\"color: #009dde;\"><strong>Projektant:<\/strong>\u00a0<\/span>AIP, Ing. arch. Jaroslav Ka\u010der &amp; Ing. Zden\u011bk J\u00e4ger,\u00a0 P\u00edska\u0159sk\u00e1 2076\/7, Praha 4<\/p>\n<p><span style=\"color: #009dde;\"><strong>Objekt:<\/strong>\u00a0<\/span>8 nadzemn\u00edch a 3 podzemn\u00ed podla\u017e\u00ed<\/p>\n<p><span style=\"color: #009dde;\"><strong>Administrativa:<\/strong><\/span>\u00a01 NP; 290 m<sup>2<\/sup><\/p>\n<p><span style=\"color: #009dde;\"><strong>Bydlen\u00ed:<\/strong><\/span>\u00a01 \u2013 8 NP; kapacita 129 bytov\u00fdch jednotek<\/p>\n<p><span style=\"color: #009dde;\"><strong>Parkov\u00e1n\u00ed:<\/strong><\/span>\u00a01 \u2013 2 PP v po\u010dtu 139 parkovac\u00edch st\u00e1n\u00ed, zb\u00fdvaj\u00edc\u00ed na povrchu<\/p>\n<p><span style=\"color: #009dde;\"><strong>Zastav\u011bn\u00e1 plocha:<\/strong><\/span>\u00a00,17 ha<\/p>\n<p><span style=\"color: #009dde;\"><strong>Plocha zelen\u011b:<\/strong>\u00a0<\/span>0,23 ha<\/p>\n<p><strong>Vyd\u00e1no stavebn\u00ed povolen\u00ed &#8211; rok 2017<br \/>\nProb\u00edh\u00e1 realizace<br \/>\n<\/strong><\/p>\n<p>&nbsp;<\/p>\n<p>&nbsp;<\/p>\n<p><a href=\"https:\/\/www.praha14.cz\/app\/uploads\/sites\/4\/2014\/05\/PFL_mapa.jpg\" target=\"_blank\" rel=\"noopener noreferrer\" data-rel=\"lightbox-image-0\" data-rl_title=\"\" data-rl_caption=\"\" title=\"\"><img loading=\"lazy\" decoding=\"async\" class=\"alignnone wp-image-1705 size-thumbnail\" src=\"https:\/\/www.praha14.cz\/app\/uploads\/sites\/4\/2014\/05\/PFL_mapa-150x150.jpg\" alt=\"PFL_mapa\" width=\"150\" height=\"150\" srcset=\"https:\/\/www.praha14.cz\/app\/uploads\/sites\/4\/2014\/05\/PFL_mapa-150x150.jpg 150w, https:\/\/www.praha14.cz\/app\/uploads\/sites\/4\/2014\/05\/PFL_mapa-370x370.jpg 370w, https:\/\/www.praha14.cz\/app\/uploads\/sites\/4\/2014\/05\/PFL_mapa.jpg 1000w\" sizes=\"(max-width: 150px) 100vw, 150px\" \/><\/a><span style=\"line-height: 1.5em;\">\u00a0 \u00a0 \u00a0 \u00a0\u00a0<a href=\"https:\/\/www.praha14.cz\/app\/uploads\/sites\/4\/2014\/05\/BDL_obr1.jpg\" target=\"_blank\" rel=\"noopener noreferrer\" data-rel=\"lightbox-image-1\" data-rl_title=\"\" data-rl_caption=\"\" title=\"\"><img loading=\"lazy\" decoding=\"async\" class=\"alignnone wp-image-30923 size-thumbnail\" src=\"https:\/\/www.praha14.cz\/app\/uploads\/sites\/4\/2014\/05\/BDL_obr1-150x150.jpg\" alt=\"BDL_obr1\" width=\"150\" height=\"150\" \/><\/a><\/span><span style=\"line-height: 1.5em;\">\u00a0 \u00a0 \u00a0 \u00a0\u00a0<a href=\"https:\/\/www.praha14.cz\/app\/uploads\/sites\/4\/2014\/05\/BDL_obr2.jpg\" target=\"_blank\" rel=\"noopener noreferrer\" data-rel=\"lightbox-image-2\" data-rl_title=\"\" data-rl_caption=\"\" title=\"\"><img loading=\"lazy\" decoding=\"async\" class=\"alignnone wp-image-30924 size-thumbnail\" src=\"https:\/\/www.praha14.cz\/app\/uploads\/sites\/4\/2014\/05\/BDL_obr2-150x150.jpg\" alt=\"BDL_obr2\" width=\"150\" height=\"150\" \/><\/a>\u00a0\u00a0\u00a0<a href=\"https:\/\/www.praha14.cz\/app\/uploads\/sites\/4\/2014\/05\/BDL_obr3.jpg\" target=\"_blank\" rel=\"noopener noreferrer\" data-rel=\"lightbox-image-3\" data-rl_title=\"\" data-rl_caption=\"\" title=\"\"><img loading=\"lazy\" decoding=\"async\" class=\"alignnone wp-image-30925 size-thumbnail\" src=\"https:\/\/www.praha14.cz\/app\/uploads\/sites\/4\/2014\/05\/BDL_obr3-150x150.jpg\" alt=\"BDL_obr3\" width=\"150\" height=\"150\" \/><\/a><\/span><span style=\"line-height: 1.5em;\">\u00a0 \u00a0 \u00a0 \u00a0\u00a0<\/span><\/p>\n<p>&nbsp;<\/p>\n","protected":false},"excerpt":{"rendered":"<p>POLYFUNK\u010cN\u00cd D\u016eM LEHOVEC Um\u00edst\u011bn\u00ed: kat. \u00fazem\u00ed Hloub\u011bt\u00edn, p\u0159i ulici Kolbenova a Pod\u011bbradsk\u00e1 Investor:\u00a0A+R s r. o., Jirny 353, Jirny Projektant:\u00a0Ackermann achitekti s r. o., Dobrovsk\u00e9ho 2, Praha 7, vyd\u00e1no \u00fazemn\u00ed rozhodnut\u00ed Objekt: 8 nadzemn\u00edch a 3 podzemn\u00ed podla\u017e\u00ed,\u00a01 NP &#8211; hala s recepc\u00ed Kancel\u00e1\u0159e: 2 &#8211; 5 NP Bydlen\u00ed: 6 &#8211; 8 NP; kapacita 18&#8230;<\/p>\n","protected":false},"author":1,"featured_media":0,"parent":0,"menu_order":0,"comment_status":"closed","ping_status":"open","template":"","meta":{"_acf_changed":false,"footnotes":""},"class_list":["post-1704","page","type-page","status-publish","hentry"],"acf":[],"yoast_head":"<!-- This site is optimized with the Yoast SEO plugin v27.2 - https:\/\/yoast.com\/product\/yoast-seo-wordpress\/ -->\n<title>Polyfunk\u010dn\u00ed d\u016fm Lehovec - Bytov\u00fd d\u016fm Lehovec - \u017divot na Praze 14<\/title>\n<meta name=\"robots\" content=\"index, follow, max-snippet:-1, max-image-preview:large, max-video-preview:-1\" \/>\n<link rel=\"canonical\" href=\"https:\/\/www.praha14.cz\/zivot-na-praze-14\/polyfunkcni-dum-lehovec\/\" \/>\n<meta property=\"og:locale\" content=\"cs_CZ\" \/>\n<meta property=\"og:type\" content=\"article\" \/>\n<meta property=\"og:title\" content=\"Polyfunk\u010dn\u00ed d\u016fm Lehovec - Bytov\u00fd d\u016fm Lehovec - \u017divot na Praze 14\" \/>\n<meta property=\"og:description\" content=\"POLYFUNK\u010cN\u00cd D\u016eM LEHOVEC Um\u00edst\u011bn\u00ed: kat. \u00fazem\u00ed Hloub\u011bt\u00edn, p\u0159i ulici Kolbenova a Pod\u011bbradsk\u00e1 Investor:\u00a0A+R s r. o., Jirny 353, Jirny Projektant:\u00a0Ackermann achitekti s r. o., Dobrovsk\u00e9ho 2, Praha 7, vyd\u00e1no \u00fazemn\u00ed rozhodnut\u00ed Objekt: 8 nadzemn\u00edch a 3 podzemn\u00ed podla\u017e\u00ed,\u00a01 NP &#8211; hala s recepc\u00ed Kancel\u00e1\u0159e: 2 &#8211; 5 NP Bydlen\u00ed: 6 &#8211; 8 NP; kapacita 18...\" \/>\n<meta property=\"og:url\" content=\"https:\/\/www.praha14.cz\/zivot-na-praze-14\/polyfunkcni-dum-lehovec\/\" \/>\n<meta property=\"og:site_name\" content=\"\u017divot na Praze 14\" \/>\n<meta property=\"article:modified_time\" content=\"2023-01-30T08:39:43+00:00\" \/>\n<meta property=\"og:image\" content=\"https:\/\/www.praha14.cz\/app\/uploads\/sites\/4\/2014\/05\/PFL_mapa-150x150.jpg\" \/>\n<meta name=\"twitter:card\" content=\"summary_large_image\" \/>\n<meta name=\"twitter:label1\" content=\"Est. reading time\" \/>\n\t<meta name=\"twitter:data1\" content=\"2 minuty\" \/>\n<script type=\"application\/ld+json\" class=\"yoast-schema-graph\">{\"@context\":\"https:\/\/schema.org\",\"@graph\":[{\"@type\":\"WebPage\",\"@id\":\"https:\/\/www.praha14.cz\/zivot-na-praze-14\/polyfunkcni-dum-lehovec\/\",\"url\":\"https:\/\/www.praha14.cz\/zivot-na-praze-14\/polyfunkcni-dum-lehovec\/\",\"name\":\"Polyfunk\u010dn\u00ed d\u016fm Lehovec - Bytov\u00fd d\u016fm Lehovec - \u017divot na Praze 14\",\"isPartOf\":{\"@id\":\"https:\/\/www.praha14.cz\/zivot-na-praze-14\/#website\"},\"primaryImageOfPage\":{\"@id\":\"https:\/\/www.praha14.cz\/zivot-na-praze-14\/polyfunkcni-dum-lehovec\/#primaryimage\"},\"image\":{\"@id\":\"https:\/\/www.praha14.cz\/zivot-na-praze-14\/polyfunkcni-dum-lehovec\/#primaryimage\"},\"thumbnailUrl\":\"https:\/\/www.praha14.cz\/app\/uploads\/sites\/4\/2014\/05\/PFL_mapa-150x150.jpg\",\"datePublished\":\"2014-05-06T16:10:30+00:00\",\"dateModified\":\"2023-01-30T08:39:43+00:00\",\"breadcrumb\":{\"@id\":\"https:\/\/www.praha14.cz\/zivot-na-praze-14\/polyfunkcni-dum-lehovec\/#breadcrumb\"},\"inLanguage\":\"cs\",\"potentialAction\":[{\"@type\":\"ReadAction\",\"target\":[\"https:\/\/www.praha14.cz\/zivot-na-praze-14\/polyfunkcni-dum-lehovec\/\"]}]},{\"@type\":\"ImageObject\",\"inLanguage\":\"cs\",\"@id\":\"https:\/\/www.praha14.cz\/zivot-na-praze-14\/polyfunkcni-dum-lehovec\/#primaryimage\",\"url\":\"https:\/\/www.praha14.cz\/app\/uploads\/sites\/4\/2014\/05\/PFL_mapa-150x150.jpg\",\"contentUrl\":\"https:\/\/www.praha14.cz\/app\/uploads\/sites\/4\/2014\/05\/PFL_mapa-150x150.jpg\"},{\"@type\":\"BreadcrumbList\",\"@id\":\"https:\/\/www.praha14.cz\/zivot-na-praze-14\/polyfunkcni-dum-lehovec\/#breadcrumb\",\"itemListElement\":[{\"@type\":\"ListItem\",\"position\":1,\"name\":\"\u017divot na Praze 14\",\"item\":\"https:\/\/www.praha14.cz\/zivot-na-praze-14\/\"},{\"@type\":\"ListItem\",\"position\":2,\"name\":\"Polyfunk\u010dn\u00ed d\u016fm Lehovec &#8211; Bytov\u00fd d\u016fm Lehovec\"}]},{\"@type\":\"WebSite\",\"@id\":\"https:\/\/www.praha14.cz\/zivot-na-praze-14\/#website\",\"url\":\"https:\/\/www.praha14.cz\/zivot-na-praze-14\/\",\"name\":\"\u017divot na Praze 14\",\"description\":\"\",\"potentialAction\":[{\"@type\":\"SearchAction\",\"target\":{\"@type\":\"EntryPoint\",\"urlTemplate\":\"https:\/\/www.praha14.cz\/zivot-na-praze-14\/?s={search_term_string}\"},\"query-input\":{\"@type\":\"PropertyValueSpecification\",\"valueRequired\":true,\"valueName\":\"search_term_string\"}}],\"inLanguage\":\"cs\"}]}<\/script>\n<!-- \/ Yoast SEO plugin. -->","yoast_head_json":{"title":"Polyfunk\u010dn\u00ed d\u016fm Lehovec - Bytov\u00fd d\u016fm Lehovec - \u017divot na Praze 14","robots":{"index":"index","follow":"follow","max-snippet":"max-snippet:-1","max-image-preview":"max-image-preview:large","max-video-preview":"max-video-preview:-1"},"canonical":"https:\/\/www.praha14.cz\/zivot-na-praze-14\/polyfunkcni-dum-lehovec\/","og_locale":"cs_CZ","og_type":"article","og_title":"Polyfunk\u010dn\u00ed d\u016fm Lehovec - Bytov\u00fd d\u016fm Lehovec - \u017divot na Praze 14","og_description":"POLYFUNK\u010cN\u00cd D\u016eM LEHOVEC Um\u00edst\u011bn\u00ed: kat. \u00fazem\u00ed Hloub\u011bt\u00edn, p\u0159i ulici Kolbenova a Pod\u011bbradsk\u00e1 Investor:\u00a0A+R s r. o., Jirny 353, Jirny Projektant:\u00a0Ackermann achitekti s r. o., Dobrovsk\u00e9ho 2, Praha 7, vyd\u00e1no \u00fazemn\u00ed rozhodnut\u00ed Objekt: 8 nadzemn\u00edch a 3 podzemn\u00ed podla\u017e\u00ed,\u00a01 NP &#8211; hala s recepc\u00ed Kancel\u00e1\u0159e: 2 &#8211; 5 NP Bydlen\u00ed: 6 &#8211; 8 NP; kapacita 18...","og_url":"https:\/\/www.praha14.cz\/zivot-na-praze-14\/polyfunkcni-dum-lehovec\/","og_site_name":"\u017divot na Praze 14","article_modified_time":"2023-01-30T08:39:43+00:00","og_image":[{"url":"https:\/\/www.praha14.cz\/app\/uploads\/sites\/4\/2014\/05\/PFL_mapa-150x150.jpg","type":"","width":"","height":""}],"twitter_card":"summary_large_image","twitter_misc":{"Est. reading time":"2 minuty"},"schema":{"@context":"https:\/\/schema.org","@graph":[{"@type":"WebPage","@id":"https:\/\/www.praha14.cz\/zivot-na-praze-14\/polyfunkcni-dum-lehovec\/","url":"https:\/\/www.praha14.cz\/zivot-na-praze-14\/polyfunkcni-dum-lehovec\/","name":"Polyfunk\u010dn\u00ed d\u016fm Lehovec - Bytov\u00fd d\u016fm Lehovec - \u017divot na Praze 14","isPartOf":{"@id":"https:\/\/www.praha14.cz\/zivot-na-praze-14\/#website"},"primaryImageOfPage":{"@id":"https:\/\/www.praha14.cz\/zivot-na-praze-14\/polyfunkcni-dum-lehovec\/#primaryimage"},"image":{"@id":"https:\/\/www.praha14.cz\/zivot-na-praze-14\/polyfunkcni-dum-lehovec\/#primaryimage"},"thumbnailUrl":"https:\/\/www.praha14.cz\/app\/uploads\/sites\/4\/2014\/05\/PFL_mapa-150x150.jpg","datePublished":"2014-05-06T16:10:30+00:00","dateModified":"2023-01-30T08:39:43+00:00","breadcrumb":{"@id":"https:\/\/www.praha14.cz\/zivot-na-praze-14\/polyfunkcni-dum-lehovec\/#breadcrumb"},"inLanguage":"cs","potentialAction":[{"@type":"ReadAction","target":["https:\/\/www.praha14.cz\/zivot-na-praze-14\/polyfunkcni-dum-lehovec\/"]}]},{"@type":"ImageObject","inLanguage":"cs","@id":"https:\/\/www.praha14.cz\/zivot-na-praze-14\/polyfunkcni-dum-lehovec\/#primaryimage","url":"https:\/\/www.praha14.cz\/app\/uploads\/sites\/4\/2014\/05\/PFL_mapa-150x150.jpg","contentUrl":"https:\/\/www.praha14.cz\/app\/uploads\/sites\/4\/2014\/05\/PFL_mapa-150x150.jpg"},{"@type":"BreadcrumbList","@id":"https:\/\/www.praha14.cz\/zivot-na-praze-14\/polyfunkcni-dum-lehovec\/#breadcrumb","itemListElement":[{"@type":"ListItem","position":1,"name":"\u017divot na Praze 14","item":"https:\/\/www.praha14.cz\/zivot-na-praze-14\/"},{"@type":"ListItem","position":2,"name":"Polyfunk\u010dn\u00ed d\u016fm Lehovec &#8211; Bytov\u00fd d\u016fm Lehovec"}]},{"@type":"WebSite","@id":"https:\/\/www.praha14.cz\/zivot-na-praze-14\/#website","url":"https:\/\/www.praha14.cz\/zivot-na-praze-14\/","name":"\u017divot na Praze 14","description":"","potentialAction":[{"@type":"SearchAction","target":{"@type":"EntryPoint","urlTemplate":"https:\/\/www.praha14.cz\/zivot-na-praze-14\/?s={search_term_string}"},"query-input":{"@type":"PropertyValueSpecification","valueRequired":true,"valueName":"search_term_string"}}],"inLanguage":"cs"}]}},"_links":{"self":[{"href":"https:\/\/www.praha14.cz\/zivot-na-praze-14\/wp-json\/wp\/v2\/pages\/1704","targetHints":{"allow":["GET"]}}],"collection":[{"href":"https:\/\/www.praha14.cz\/zivot-na-praze-14\/wp-json\/wp\/v2\/pages"}],"about":[{"href":"https:\/\/www.praha14.cz\/zivot-na-praze-14\/wp-json\/wp\/v2\/types\/page"}],"author":[{"embeddable":true,"href":"https:\/\/www.praha14.cz\/zivot-na-praze-14\/wp-json\/wp\/v2\/users\/1"}],"replies":[{"embeddable":true,"href":"https:\/\/www.praha14.cz\/zivot-na-praze-14\/wp-json\/wp\/v2\/comments?post=1704"}],"version-history":[{"count":6,"href":"https:\/\/www.praha14.cz\/zivot-na-praze-14\/wp-json\/wp\/v2\/pages\/1704\/revisions"}],"predecessor-version":[{"id":56657,"href":"https:\/\/www.praha14.cz\/zivot-na-praze-14\/wp-json\/wp\/v2\/pages\/1704\/revisions\/56657"}],"wp:attachment":[{"href":"https:\/\/www.praha14.cz\/zivot-na-praze-14\/wp-json\/wp\/v2\/media?parent=1704"}],"curies":[{"name":"wp","href":"https:\/\/api.w.org\/{rel}","templated":true}]}}