{"id":1716,"date":"2014-05-06T17:14:38","date_gmt":"2014-05-06T16:14:38","guid":{"rendered":"https:\/\/www.praha14.cz\/zivot-na-praze-14\/?page_id=1716"},"modified":"2023-01-30T08:40:01","modified_gmt":"2023-01-30T08:40:01","slug":"obytny-soubor-nezarska-34-rd","status":"publish","type":"page","link":"https:\/\/www.praha14.cz\/zivot-na-praze-14\/obytny-soubor-nezarska-34-rd\/","title":{"rendered":"Obytn\u00fd soubor Ne\u017e\u00e1rsk\u00e1 34 RD"},"content":{"rendered":"<p><span style=\"color: #009dde;\"><strong>Um\u00edst\u011bn\u00ed:<\/strong><\/span> kat. \u00fazem\u00ed Hostavice, severoz\u00e1padn\u00ed okraj Hostavic sm\u011brem k P\u00edskovn\u011b, v pokra\u010dov\u00e1n\u00ed ulic Jansova a Postlova<\/p>\n<p><span style=\"color: #009dde;\"><strong>Kapacita:<\/strong><\/span> 34 rodinn\u00fdch dom\u016f, p\u0159eva\u017euj\u00ed \u0159adov\u00e9<\/p>\n<p><span style=\"color: #009dde;\"><strong>U\u017eitn\u00e1 plocha dom\u016f:<\/strong><\/span> 173-188 m2, 6+kk<\/p>\n<p>M\u011bstsk\u00e1 \u010d\u00e1st Praha 14 usiluje o pln\u00e9 dopravn\u00ed propojen\u00ed tohoto souboru se st\u00e1vaj\u00edc\u00ed z\u00e1stavbou.<\/p>\n<p><strong>Vyd\u00e1no stavebn\u00ed povolen\u00ed &#8211; rok 2010<\/strong><\/p>\n<p>&nbsp;<\/p>\n<p><a href=\"https:\/\/www.praha14.cz\/app\/uploads\/sites\/4\/2014\/05\/TLS_mapa.jpg\" data-rel=\"lightbox-image-0\" data-rl_title=\"\" data-rl_caption=\"\" title=\"\"><img loading=\"lazy\" decoding=\"async\" class=\"alignnone size-thumbnail wp-image-1717\" src=\"https:\/\/www.praha14.cz\/app\/uploads\/sites\/4\/2014\/05\/TLS_mapa-150x150.jpg\" alt=\"TLS_mapa\" width=\"150\" height=\"150\" srcset=\"https:\/\/www.praha14.cz\/app\/uploads\/sites\/4\/2014\/05\/TLS_mapa-150x150.jpg 150w, https:\/\/www.praha14.cz\/app\/uploads\/sites\/4\/2014\/05\/TLS_mapa-370x370.jpg 370w, https:\/\/www.praha14.cz\/app\/uploads\/sites\/4\/2014\/05\/TLS_mapa.jpg 1000w\" sizes=\"(max-width: 150px) 100vw, 150px\" \/><\/a><span style=\"line-height: 1.5em;\">\u00a0 \u00a0 \u00a0 \u00a0\u00a0<\/span><a href=\"https:\/\/www.praha14.cz\/app\/uploads\/sites\/4\/2014\/05\/TLS_obr1.jpg\" data-rel=\"lightbox-image-1\" data-rl_title=\"\" data-rl_caption=\"\" title=\"\"><img loading=\"lazy\" decoding=\"async\" class=\"alignnone size-thumbnail wp-image-1718\" src=\"https:\/\/www.praha14.cz\/app\/uploads\/sites\/4\/2014\/05\/TLS_obr1-150x150.jpg\" alt=\"TLS_obr1\" width=\"150\" height=\"150\" \/><\/a><span style=\"line-height: 1.5em;\">\u00a0 \u00a0 \u00a0 \u00a0\u00a0<\/span><a href=\"https:\/\/www.praha14.cz\/app\/uploads\/sites\/4\/2014\/05\/TLS_obr2.jpg\" data-rel=\"lightbox-image-2\" data-rl_title=\"\" data-rl_caption=\"\" title=\"\"><img loading=\"lazy\" decoding=\"async\" class=\"alignnone size-thumbnail wp-image-1719\" src=\"https:\/\/www.praha14.cz\/app\/uploads\/sites\/4\/2014\/05\/TLS_obr2-150x150.jpg\" alt=\"TLS_obr2\" width=\"150\" height=\"150\" \/><\/a><span style=\"line-height: 1.5em;\">\u00a0 \u00a0 \u00a0 \u00a0\u00a0<\/span><a href=\"https:\/\/www.praha14.cz\/app\/uploads\/sites\/4\/2014\/05\/TLS_obr3.jpg\" data-rel=\"lightbox-image-3\" data-rl_title=\"\" data-rl_caption=\"\" title=\"\"><img loading=\"lazy\" decoding=\"async\" class=\"alignnone size-thumbnail wp-image-1720\" src=\"https:\/\/www.praha14.cz\/app\/uploads\/sites\/4\/2014\/05\/TLS_obr3-150x150.jpg\" alt=\"TLS_obr3\" width=\"150\" height=\"150\" \/><\/a><\/p>\n<p>&nbsp;<\/p>\n","protected":false},"excerpt":{"rendered":"<p>Um\u00edst\u011bn\u00ed: kat. \u00fazem\u00ed Hostavice, severoz\u00e1padn\u00ed okraj Hostavic sm\u011brem k P\u00edskovn\u011b, v pokra\u010dov\u00e1n\u00ed ulic Jansova a Postlova Kapacita: 34 rodinn\u00fdch dom\u016f, p\u0159eva\u017euj\u00ed \u0159adov\u00e9 U\u017eitn\u00e1 plocha dom\u016f: 173-188 m2, 6+kk M\u011bstsk\u00e1 \u010d\u00e1st Praha 14 usiluje o pln\u00e9 dopravn\u00ed propojen\u00ed tohoto souboru se st\u00e1vaj\u00edc\u00ed z\u00e1stavbou. Vyd\u00e1no stavebn\u00ed povolen\u00ed &#8211; rok 2010 &nbsp; \u00a0 \u00a0 \u00a0 \u00a0\u00a0\u00a0 \u00a0 \u00a0&#8230;<\/p>\n","protected":false},"author":1,"featured_media":0,"parent":0,"menu_order":0,"comment_status":"closed","ping_status":"open","template":"","meta":{"_acf_changed":false,"footnotes":""},"class_list":["post-1716","page","type-page","status-publish","hentry"],"acf":[],"yoast_head":"<!-- This site is optimized with the Yoast SEO plugin v27.2 - https:\/\/yoast.com\/product\/yoast-seo-wordpress\/ -->\n<title>Obytn\u00fd soubor Ne\u017e\u00e1rsk\u00e1 34 RD - \u017divot na Praze 14<\/title>\n<meta name=\"robots\" content=\"index, follow, max-snippet:-1, max-image-preview:large, max-video-preview:-1\" \/>\n<link rel=\"canonical\" href=\"https:\/\/www.praha14.cz\/zivot-na-praze-14\/obytny-soubor-nezarska-34-rd\/\" \/>\n<meta property=\"og:locale\" content=\"cs_CZ\" \/>\n<meta property=\"og:type\" content=\"article\" \/>\n<meta property=\"og:title\" content=\"Obytn\u00fd soubor Ne\u017e\u00e1rsk\u00e1 34 RD - \u017divot na Praze 14\" \/>\n<meta property=\"og:description\" content=\"Um\u00edst\u011bn\u00ed: kat. \u00fazem\u00ed Hostavice, severoz\u00e1padn\u00ed okraj Hostavic sm\u011brem k P\u00edskovn\u011b, v pokra\u010dov\u00e1n\u00ed ulic Jansova a Postlova Kapacita: 34 rodinn\u00fdch dom\u016f, p\u0159eva\u017euj\u00ed \u0159adov\u00e9 U\u017eitn\u00e1 plocha dom\u016f: 173-188 m2, 6+kk M\u011bstsk\u00e1 \u010d\u00e1st Praha 14 usiluje o pln\u00e9 dopravn\u00ed propojen\u00ed tohoto souboru se st\u00e1vaj\u00edc\u00ed z\u00e1stavbou. Vyd\u00e1no stavebn\u00ed povolen\u00ed &#8211; rok 2010 &nbsp; \u00a0 \u00a0 \u00a0 \u00a0\u00a0\u00a0 \u00a0 \u00a0...\" \/>\n<meta property=\"og:url\" content=\"https:\/\/www.praha14.cz\/zivot-na-praze-14\/obytny-soubor-nezarska-34-rd\/\" \/>\n<meta property=\"og:site_name\" content=\"\u017divot na Praze 14\" \/>\n<meta property=\"article:modified_time\" content=\"2023-01-30T08:40:01+00:00\" \/>\n<meta property=\"og:image\" content=\"https:\/\/www.praha14.cz\/app\/uploads\/sites\/4\/2014\/05\/TLS_mapa-150x150.jpg\" \/>\n<meta name=\"twitter:card\" content=\"summary_large_image\" \/>\n<meta name=\"twitter:label1\" content=\"Est. reading time\" \/>\n\t<meta name=\"twitter:data1\" content=\"2 minuty\" \/>\n<script type=\"application\/ld+json\" class=\"yoast-schema-graph\">{\"@context\":\"https:\/\/schema.org\",\"@graph\":[{\"@type\":\"WebPage\",\"@id\":\"https:\/\/www.praha14.cz\/zivot-na-praze-14\/obytny-soubor-nezarska-34-rd\/\",\"url\":\"https:\/\/www.praha14.cz\/zivot-na-praze-14\/obytny-soubor-nezarska-34-rd\/\",\"name\":\"Obytn\u00fd soubor Ne\u017e\u00e1rsk\u00e1 34 RD - \u017divot na Praze 14\",\"isPartOf\":{\"@id\":\"https:\/\/www.praha14.cz\/zivot-na-praze-14\/#website\"},\"primaryImageOfPage\":{\"@id\":\"https:\/\/www.praha14.cz\/zivot-na-praze-14\/obytny-soubor-nezarska-34-rd\/#primaryimage\"},\"image\":{\"@id\":\"https:\/\/www.praha14.cz\/zivot-na-praze-14\/obytny-soubor-nezarska-34-rd\/#primaryimage\"},\"thumbnailUrl\":\"https:\/\/www.praha14.cz\/app\/uploads\/sites\/4\/2014\/05\/TLS_mapa-150x150.jpg\",\"datePublished\":\"2014-05-06T16:14:38+00:00\",\"dateModified\":\"2023-01-30T08:40:01+00:00\",\"breadcrumb\":{\"@id\":\"https:\/\/www.praha14.cz\/zivot-na-praze-14\/obytny-soubor-nezarska-34-rd\/#breadcrumb\"},\"inLanguage\":\"cs\",\"potentialAction\":[{\"@type\":\"ReadAction\",\"target\":[\"https:\/\/www.praha14.cz\/zivot-na-praze-14\/obytny-soubor-nezarska-34-rd\/\"]}]},{\"@type\":\"ImageObject\",\"inLanguage\":\"cs\",\"@id\":\"https:\/\/www.praha14.cz\/zivot-na-praze-14\/obytny-soubor-nezarska-34-rd\/#primaryimage\",\"url\":\"https:\/\/www.praha14.cz\/app\/uploads\/sites\/4\/2014\/05\/TLS_mapa-150x150.jpg\",\"contentUrl\":\"https:\/\/www.praha14.cz\/app\/uploads\/sites\/4\/2014\/05\/TLS_mapa-150x150.jpg\"},{\"@type\":\"BreadcrumbList\",\"@id\":\"https:\/\/www.praha14.cz\/zivot-na-praze-14\/obytny-soubor-nezarska-34-rd\/#breadcrumb\",\"itemListElement\":[{\"@type\":\"ListItem\",\"position\":1,\"name\":\"\u017divot na Praze 14\",\"item\":\"https:\/\/www.praha14.cz\/zivot-na-praze-14\/\"},{\"@type\":\"ListItem\",\"position\":2,\"name\":\"Obytn\u00fd soubor Ne\u017e\u00e1rsk\u00e1 34 RD\"}]},{\"@type\":\"WebSite\",\"@id\":\"https:\/\/www.praha14.cz\/zivot-na-praze-14\/#website\",\"url\":\"https:\/\/www.praha14.cz\/zivot-na-praze-14\/\",\"name\":\"\u017divot na Praze 14\",\"description\":\"\",\"potentialAction\":[{\"@type\":\"SearchAction\",\"target\":{\"@type\":\"EntryPoint\",\"urlTemplate\":\"https:\/\/www.praha14.cz\/zivot-na-praze-14\/?s={search_term_string}\"},\"query-input\":{\"@type\":\"PropertyValueSpecification\",\"valueRequired\":true,\"valueName\":\"search_term_string\"}}],\"inLanguage\":\"cs\"}]}<\/script>\n<!-- \/ Yoast SEO plugin. -->","yoast_head_json":{"title":"Obytn\u00fd soubor Ne\u017e\u00e1rsk\u00e1 34 RD - \u017divot na Praze 14","robots":{"index":"index","follow":"follow","max-snippet":"max-snippet:-1","max-image-preview":"max-image-preview:large","max-video-preview":"max-video-preview:-1"},"canonical":"https:\/\/www.praha14.cz\/zivot-na-praze-14\/obytny-soubor-nezarska-34-rd\/","og_locale":"cs_CZ","og_type":"article","og_title":"Obytn\u00fd soubor Ne\u017e\u00e1rsk\u00e1 34 RD - \u017divot na Praze 14","og_description":"Um\u00edst\u011bn\u00ed: kat. \u00fazem\u00ed Hostavice, severoz\u00e1padn\u00ed okraj Hostavic sm\u011brem k P\u00edskovn\u011b, v pokra\u010dov\u00e1n\u00ed ulic Jansova a Postlova Kapacita: 34 rodinn\u00fdch dom\u016f, p\u0159eva\u017euj\u00ed \u0159adov\u00e9 U\u017eitn\u00e1 plocha dom\u016f: 173-188 m2, 6+kk M\u011bstsk\u00e1 \u010d\u00e1st Praha 14 usiluje o pln\u00e9 dopravn\u00ed propojen\u00ed tohoto souboru se st\u00e1vaj\u00edc\u00ed z\u00e1stavbou. Vyd\u00e1no stavebn\u00ed povolen\u00ed &#8211; rok 2010 &nbsp; \u00a0 \u00a0 \u00a0 \u00a0\u00a0\u00a0 \u00a0 \u00a0...","og_url":"https:\/\/www.praha14.cz\/zivot-na-praze-14\/obytny-soubor-nezarska-34-rd\/","og_site_name":"\u017divot na Praze 14","article_modified_time":"2023-01-30T08:40:01+00:00","og_image":[{"url":"https:\/\/www.praha14.cz\/app\/uploads\/sites\/4\/2014\/05\/TLS_mapa-150x150.jpg","type":"","width":"","height":""}],"twitter_card":"summary_large_image","twitter_misc":{"Est. reading time":"2 minuty"},"schema":{"@context":"https:\/\/schema.org","@graph":[{"@type":"WebPage","@id":"https:\/\/www.praha14.cz\/zivot-na-praze-14\/obytny-soubor-nezarska-34-rd\/","url":"https:\/\/www.praha14.cz\/zivot-na-praze-14\/obytny-soubor-nezarska-34-rd\/","name":"Obytn\u00fd soubor Ne\u017e\u00e1rsk\u00e1 34 RD - \u017divot na Praze 14","isPartOf":{"@id":"https:\/\/www.praha14.cz\/zivot-na-praze-14\/#website"},"primaryImageOfPage":{"@id":"https:\/\/www.praha14.cz\/zivot-na-praze-14\/obytny-soubor-nezarska-34-rd\/#primaryimage"},"image":{"@id":"https:\/\/www.praha14.cz\/zivot-na-praze-14\/obytny-soubor-nezarska-34-rd\/#primaryimage"},"thumbnailUrl":"https:\/\/www.praha14.cz\/app\/uploads\/sites\/4\/2014\/05\/TLS_mapa-150x150.jpg","datePublished":"2014-05-06T16:14:38+00:00","dateModified":"2023-01-30T08:40:01+00:00","breadcrumb":{"@id":"https:\/\/www.praha14.cz\/zivot-na-praze-14\/obytny-soubor-nezarska-34-rd\/#breadcrumb"},"inLanguage":"cs","potentialAction":[{"@type":"ReadAction","target":["https:\/\/www.praha14.cz\/zivot-na-praze-14\/obytny-soubor-nezarska-34-rd\/"]}]},{"@type":"ImageObject","inLanguage":"cs","@id":"https:\/\/www.praha14.cz\/zivot-na-praze-14\/obytny-soubor-nezarska-34-rd\/#primaryimage","url":"https:\/\/www.praha14.cz\/app\/uploads\/sites\/4\/2014\/05\/TLS_mapa-150x150.jpg","contentUrl":"https:\/\/www.praha14.cz\/app\/uploads\/sites\/4\/2014\/05\/TLS_mapa-150x150.jpg"},{"@type":"BreadcrumbList","@id":"https:\/\/www.praha14.cz\/zivot-na-praze-14\/obytny-soubor-nezarska-34-rd\/#breadcrumb","itemListElement":[{"@type":"ListItem","position":1,"name":"\u017divot na Praze 14","item":"https:\/\/www.praha14.cz\/zivot-na-praze-14\/"},{"@type":"ListItem","position":2,"name":"Obytn\u00fd soubor Ne\u017e\u00e1rsk\u00e1 34 RD"}]},{"@type":"WebSite","@id":"https:\/\/www.praha14.cz\/zivot-na-praze-14\/#website","url":"https:\/\/www.praha14.cz\/zivot-na-praze-14\/","name":"\u017divot na Praze 14","description":"","potentialAction":[{"@type":"SearchAction","target":{"@type":"EntryPoint","urlTemplate":"https:\/\/www.praha14.cz\/zivot-na-praze-14\/?s={search_term_string}"},"query-input":{"@type":"PropertyValueSpecification","valueRequired":true,"valueName":"search_term_string"}}],"inLanguage":"cs"}]}},"_links":{"self":[{"href":"https:\/\/www.praha14.cz\/zivot-na-praze-14\/wp-json\/wp\/v2\/pages\/1716","targetHints":{"allow":["GET"]}}],"collection":[{"href":"https:\/\/www.praha14.cz\/zivot-na-praze-14\/wp-json\/wp\/v2\/pages"}],"about":[{"href":"https:\/\/www.praha14.cz\/zivot-na-praze-14\/wp-json\/wp\/v2\/types\/page"}],"author":[{"embeddable":true,"href":"https:\/\/www.praha14.cz\/zivot-na-praze-14\/wp-json\/wp\/v2\/users\/1"}],"replies":[{"embeddable":true,"href":"https:\/\/www.praha14.cz\/zivot-na-praze-14\/wp-json\/wp\/v2\/comments?post=1716"}],"version-history":[{"count":3,"href":"https:\/\/www.praha14.cz\/zivot-na-praze-14\/wp-json\/wp\/v2\/pages\/1716\/revisions"}],"predecessor-version":[{"id":65941,"href":"https:\/\/www.praha14.cz\/zivot-na-praze-14\/wp-json\/wp\/v2\/pages\/1716\/revisions\/65941"}],"wp:attachment":[{"href":"https:\/\/www.praha14.cz\/zivot-na-praze-14\/wp-json\/wp\/v2\/media?parent=1716"}],"curies":[{"name":"wp","href":"https:\/\/api.w.org\/{rel}","templated":true}]}}