{"id":1722,"date":"2014-05-06T17:18:02","date_gmt":"2014-05-06T16:18:02","guid":{"rendered":"https:\/\/www.praha14.cz\/zivot-na-praze-14\/?page_id=1722"},"modified":"2023-01-30T08:40:22","modified_gmt":"2023-01-30T08:40:22","slug":"obytny-soubor-rodinne-bydleni-jahodnice","status":"publish","type":"page","link":"https:\/\/www.praha14.cz\/zivot-na-praze-14\/obytny-soubor-rodinne-bydleni-jahodnice\/","title":{"rendered":"Obytn\u00fd soubor Rodinn\u00e9 bydlen\u00ed Jahodnice"},"content":{"rendered":"<p><span style=\"color: #009dde;\"><strong>Um\u00edst\u011bn\u00ed:<\/strong> <\/span>kat.\u00fazem\u00ed Hostavice, ji\u017en\u011b od ul. Lomnick\u00e1<\/p>\n<p><span style=\"color: #009dde;\"><strong>Investor:<\/strong>\u00a0<span style=\"color: #000000;\">UNIMEX GROUP a. s., V\u00e1clavsk\u00e9 n\u00e1m\u011bst\u00ed 815\/53, Praha 1<\/span><\/span><\/p>\n<p><span style=\"color: #009dde;\"><strong>Projektant:<\/strong>\u00a0<span style=\"color: #000000;\">Jiran Kohout architekti s.r.o., Jankovcova 53, Praha 7, vyd\u00e1no stavebn\u00ed povolen\u00ed<\/span><\/span><\/p>\n<p><span style=\"color: #009dde;\"><strong>Bydlen\u00ed:<\/strong><\/span> \u0159adov\u00e9 domy (4 \u0159ady &#8211; 108 dom\u016f), atriov\u00e9 domy (24 dom\u016f), dvojdomy (9dom\u016f), bytov\u00e9 domy- 2 NP, 2NP a ustupuj\u00edc\u00edm podla\u017e\u00ed<\/p>\n<p><span style=\"color: #009dde;\"><strong>Kapacita:<\/strong><\/span> 142 dom\u016f a 118 byt. jednotek<\/p>\n<p><span style=\"color: #009dde;\"><strong>Parkov\u00e1n\u00ed:<\/strong><\/span> u BD gar\u00e1\u017ee v podzem\u00ed<\/p>\n<p><span style=\"color: #009dde;\"><strong>Vybaven\u00ed:<\/strong><\/span> park v centru souboru<\/p>\n<p>&nbsp;<\/p>\n<p><a href=\"https:\/\/www.praha14.cz\/app\/uploads\/sites\/4\/2014\/05\/JJ_mapa.jpg\" target=\"_blank\" rel=\"noopener noreferrer\" data-rel=\"lightbox-image-0\" data-rl_title=\"\" data-rl_caption=\"\" title=\"\"><img loading=\"lazy\" decoding=\"async\" class=\"alignnone wp-image-1723 size-thumbnail\" src=\"https:\/\/www.praha14.cz\/app\/uploads\/sites\/4\/2014\/05\/JJ_mapa-150x150.jpg\" alt=\"JJ_mapa\" width=\"150\" height=\"150\" srcset=\"https:\/\/www.praha14.cz\/app\/uploads\/sites\/4\/2014\/05\/JJ_mapa-150x150.jpg 150w, https:\/\/www.praha14.cz\/app\/uploads\/sites\/4\/2014\/05\/JJ_mapa-370x370.jpg 370w, https:\/\/www.praha14.cz\/app\/uploads\/sites\/4\/2014\/05\/JJ_mapa.jpg 1000w\" sizes=\"(max-width: 150px) 100vw, 150px\" \/><\/a><span style=\"line-height: 1.5em;\">\u00a0 \u00a0 \u00a0 \u00a0\u00a0<\/span><a href=\"https:\/\/www.praha14.cz\/app\/uploads\/sites\/4\/2014\/05\/JJ_obr1.jpg\" target=\"_blank\" rel=\"noopener noreferrer\" data-rel=\"lightbox-image-1\" data-rl_title=\"\" data-rl_caption=\"\" title=\"\"><img loading=\"lazy\" decoding=\"async\" class=\"alignnone wp-image-1724 size-thumbnail\" src=\"https:\/\/www.praha14.cz\/app\/uploads\/sites\/4\/2014\/05\/JJ_obr1-150x150.jpg\" alt=\"JJ_obr1\" width=\"150\" height=\"150\" \/><\/a><span style=\"line-height: 1.5em;\">\u00a0 \u00a0 \u00a0 \u00a0\u00a0<\/span><a href=\"https:\/\/www.praha14.cz\/app\/uploads\/sites\/4\/2014\/05\/JJ_obr2.jpg\" target=\"_blank\" rel=\"noopener noreferrer\" data-rel=\"lightbox-image-2\" data-rl_title=\"\" data-rl_caption=\"\" title=\"\"><img loading=\"lazy\" decoding=\"async\" class=\"alignnone wp-image-1725 size-thumbnail\" src=\"https:\/\/www.praha14.cz\/app\/uploads\/sites\/4\/2014\/05\/JJ_obr2-150x150.jpg\" alt=\"JJ_obr2\" width=\"150\" height=\"150\" \/><\/a><span style=\"line-height: 1.5em;\">\u00a0 \u00a0 \u00a0 \u00a0\u00a0<\/span><a href=\"https:\/\/www.praha14.cz\/app\/uploads\/sites\/4\/2014\/05\/JJ_obr3.jpg\" target=\"_blank\" rel=\"noopener noreferrer\" data-rel=\"lightbox-image-3\" data-rl_title=\"\" data-rl_caption=\"\" title=\"\"><img loading=\"lazy\" decoding=\"async\" class=\"alignnone wp-image-1726 size-thumbnail\" src=\"https:\/\/www.praha14.cz\/app\/uploads\/sites\/4\/2014\/05\/JJ_obr3-150x150.jpg\" alt=\"JJ_obr3\" width=\"150\" height=\"150\" \/><\/a><\/p>\n<p>&nbsp;<\/p>\n","protected":false},"excerpt":{"rendered":"<p>Um\u00edst\u011bn\u00ed: kat.\u00fazem\u00ed Hostavice, ji\u017en\u011b od ul. Lomnick\u00e1 Investor:\u00a0UNIMEX GROUP a. s., V\u00e1clavsk\u00e9 n\u00e1m\u011bst\u00ed 815\/53, Praha 1 Projektant:\u00a0Jiran Kohout architekti s.r.o., Jankovcova 53, Praha 7, vyd\u00e1no stavebn\u00ed povolen\u00ed Bydlen\u00ed: \u0159adov\u00e9 domy (4 \u0159ady &#8211; 108 dom\u016f), atriov\u00e9 domy (24 dom\u016f), dvojdomy (9dom\u016f), bytov\u00e9 domy- 2 NP, 2NP a ustupuj\u00edc\u00edm podla\u017e\u00ed Kapacita: 142 dom\u016f a 118 byt&#8230;.<\/p>\n","protected":false},"author":1,"featured_media":0,"parent":0,"menu_order":0,"comment_status":"closed","ping_status":"open","template":"","meta":{"_acf_changed":false,"footnotes":""},"class_list":["post-1722","page","type-page","status-publish","hentry"],"acf":[],"yoast_head":"<!-- This site is optimized with the Yoast SEO plugin v27.2 - https:\/\/yoast.com\/product\/yoast-seo-wordpress\/ -->\n<title>Obytn\u00fd soubor Rodinn\u00e9 bydlen\u00ed Jahodnice - \u017divot na Praze 14<\/title>\n<meta name=\"robots\" content=\"index, follow, max-snippet:-1, max-image-preview:large, max-video-preview:-1\" \/>\n<link rel=\"canonical\" href=\"https:\/\/www.praha14.cz\/zivot-na-praze-14\/obytny-soubor-rodinne-bydleni-jahodnice\/\" \/>\n<meta property=\"og:locale\" content=\"cs_CZ\" \/>\n<meta property=\"og:type\" content=\"article\" \/>\n<meta property=\"og:title\" content=\"Obytn\u00fd soubor Rodinn\u00e9 bydlen\u00ed Jahodnice - \u017divot na Praze 14\" \/>\n<meta property=\"og:description\" content=\"Um\u00edst\u011bn\u00ed: kat.\u00fazem\u00ed Hostavice, ji\u017en\u011b od ul. Lomnick\u00e1 Investor:\u00a0UNIMEX GROUP a. s., V\u00e1clavsk\u00e9 n\u00e1m\u011bst\u00ed 815\/53, Praha 1 Projektant:\u00a0Jiran Kohout architekti s.r.o., Jankovcova 53, Praha 7, vyd\u00e1no stavebn\u00ed povolen\u00ed Bydlen\u00ed: \u0159adov\u00e9 domy (4 \u0159ady &#8211; 108 dom\u016f), atriov\u00e9 domy (24 dom\u016f), dvojdomy (9dom\u016f), bytov\u00e9 domy- 2 NP, 2NP a ustupuj\u00edc\u00edm podla\u017e\u00ed Kapacita: 142 dom\u016f a 118 byt....\" \/>\n<meta property=\"og:url\" content=\"https:\/\/www.praha14.cz\/zivot-na-praze-14\/obytny-soubor-rodinne-bydleni-jahodnice\/\" \/>\n<meta property=\"og:site_name\" content=\"\u017divot na Praze 14\" \/>\n<meta property=\"article:modified_time\" content=\"2023-01-30T08:40:22+00:00\" \/>\n<meta property=\"og:image\" content=\"https:\/\/www.praha14.cz\/app\/uploads\/sites\/4\/2014\/05\/JJ_mapa-150x150.jpg\" \/>\n<meta name=\"twitter:card\" content=\"summary_large_image\" \/>\n<meta name=\"twitter:label1\" content=\"Est. reading time\" \/>\n\t<meta name=\"twitter:data1\" content=\"2 minuty\" \/>\n<script type=\"application\/ld+json\" class=\"yoast-schema-graph\">{\"@context\":\"https:\/\/schema.org\",\"@graph\":[{\"@type\":\"WebPage\",\"@id\":\"https:\/\/www.praha14.cz\/zivot-na-praze-14\/obytny-soubor-rodinne-bydleni-jahodnice\/\",\"url\":\"https:\/\/www.praha14.cz\/zivot-na-praze-14\/obytny-soubor-rodinne-bydleni-jahodnice\/\",\"name\":\"Obytn\u00fd soubor Rodinn\u00e9 bydlen\u00ed Jahodnice - \u017divot na Praze 14\",\"isPartOf\":{\"@id\":\"https:\/\/www.praha14.cz\/zivot-na-praze-14\/#website\"},\"primaryImageOfPage\":{\"@id\":\"https:\/\/www.praha14.cz\/zivot-na-praze-14\/obytny-soubor-rodinne-bydleni-jahodnice\/#primaryimage\"},\"image\":{\"@id\":\"https:\/\/www.praha14.cz\/zivot-na-praze-14\/obytny-soubor-rodinne-bydleni-jahodnice\/#primaryimage\"},\"thumbnailUrl\":\"https:\/\/www.praha14.cz\/app\/uploads\/sites\/4\/2014\/05\/JJ_mapa-150x150.jpg\",\"datePublished\":\"2014-05-06T16:18:02+00:00\",\"dateModified\":\"2023-01-30T08:40:22+00:00\",\"breadcrumb\":{\"@id\":\"https:\/\/www.praha14.cz\/zivot-na-praze-14\/obytny-soubor-rodinne-bydleni-jahodnice\/#breadcrumb\"},\"inLanguage\":\"cs\",\"potentialAction\":[{\"@type\":\"ReadAction\",\"target\":[\"https:\/\/www.praha14.cz\/zivot-na-praze-14\/obytny-soubor-rodinne-bydleni-jahodnice\/\"]}]},{\"@type\":\"ImageObject\",\"inLanguage\":\"cs\",\"@id\":\"https:\/\/www.praha14.cz\/zivot-na-praze-14\/obytny-soubor-rodinne-bydleni-jahodnice\/#primaryimage\",\"url\":\"https:\/\/www.praha14.cz\/app\/uploads\/sites\/4\/2014\/05\/JJ_mapa-150x150.jpg\",\"contentUrl\":\"https:\/\/www.praha14.cz\/app\/uploads\/sites\/4\/2014\/05\/JJ_mapa-150x150.jpg\"},{\"@type\":\"BreadcrumbList\",\"@id\":\"https:\/\/www.praha14.cz\/zivot-na-praze-14\/obytny-soubor-rodinne-bydleni-jahodnice\/#breadcrumb\",\"itemListElement\":[{\"@type\":\"ListItem\",\"position\":1,\"name\":\"\u017divot na Praze 14\",\"item\":\"https:\/\/www.praha14.cz\/zivot-na-praze-14\/\"},{\"@type\":\"ListItem\",\"position\":2,\"name\":\"Obytn\u00fd soubor Rodinn\u00e9 bydlen\u00ed Jahodnice\"}]},{\"@type\":\"WebSite\",\"@id\":\"https:\/\/www.praha14.cz\/zivot-na-praze-14\/#website\",\"url\":\"https:\/\/www.praha14.cz\/zivot-na-praze-14\/\",\"name\":\"\u017divot na Praze 14\",\"description\":\"\",\"potentialAction\":[{\"@type\":\"SearchAction\",\"target\":{\"@type\":\"EntryPoint\",\"urlTemplate\":\"https:\/\/www.praha14.cz\/zivot-na-praze-14\/?s={search_term_string}\"},\"query-input\":{\"@type\":\"PropertyValueSpecification\",\"valueRequired\":true,\"valueName\":\"search_term_string\"}}],\"inLanguage\":\"cs\"}]}<\/script>\n<!-- \/ Yoast SEO plugin. -->","yoast_head_json":{"title":"Obytn\u00fd soubor Rodinn\u00e9 bydlen\u00ed Jahodnice - \u017divot na Praze 14","robots":{"index":"index","follow":"follow","max-snippet":"max-snippet:-1","max-image-preview":"max-image-preview:large","max-video-preview":"max-video-preview:-1"},"canonical":"https:\/\/www.praha14.cz\/zivot-na-praze-14\/obytny-soubor-rodinne-bydleni-jahodnice\/","og_locale":"cs_CZ","og_type":"article","og_title":"Obytn\u00fd soubor Rodinn\u00e9 bydlen\u00ed Jahodnice - \u017divot na Praze 14","og_description":"Um\u00edst\u011bn\u00ed: kat.\u00fazem\u00ed Hostavice, ji\u017en\u011b od ul. Lomnick\u00e1 Investor:\u00a0UNIMEX GROUP a. s., V\u00e1clavsk\u00e9 n\u00e1m\u011bst\u00ed 815\/53, Praha 1 Projektant:\u00a0Jiran Kohout architekti s.r.o., Jankovcova 53, Praha 7, vyd\u00e1no stavebn\u00ed povolen\u00ed Bydlen\u00ed: \u0159adov\u00e9 domy (4 \u0159ady &#8211; 108 dom\u016f), atriov\u00e9 domy (24 dom\u016f), dvojdomy (9dom\u016f), bytov\u00e9 domy- 2 NP, 2NP a ustupuj\u00edc\u00edm podla\u017e\u00ed Kapacita: 142 dom\u016f a 118 byt....","og_url":"https:\/\/www.praha14.cz\/zivot-na-praze-14\/obytny-soubor-rodinne-bydleni-jahodnice\/","og_site_name":"\u017divot na Praze 14","article_modified_time":"2023-01-30T08:40:22+00:00","og_image":[{"url":"https:\/\/www.praha14.cz\/app\/uploads\/sites\/4\/2014\/05\/JJ_mapa-150x150.jpg","type":"","width":"","height":""}],"twitter_card":"summary_large_image","twitter_misc":{"Est. reading time":"2 minuty"},"schema":{"@context":"https:\/\/schema.org","@graph":[{"@type":"WebPage","@id":"https:\/\/www.praha14.cz\/zivot-na-praze-14\/obytny-soubor-rodinne-bydleni-jahodnice\/","url":"https:\/\/www.praha14.cz\/zivot-na-praze-14\/obytny-soubor-rodinne-bydleni-jahodnice\/","name":"Obytn\u00fd soubor Rodinn\u00e9 bydlen\u00ed Jahodnice - \u017divot na Praze 14","isPartOf":{"@id":"https:\/\/www.praha14.cz\/zivot-na-praze-14\/#website"},"primaryImageOfPage":{"@id":"https:\/\/www.praha14.cz\/zivot-na-praze-14\/obytny-soubor-rodinne-bydleni-jahodnice\/#primaryimage"},"image":{"@id":"https:\/\/www.praha14.cz\/zivot-na-praze-14\/obytny-soubor-rodinne-bydleni-jahodnice\/#primaryimage"},"thumbnailUrl":"https:\/\/www.praha14.cz\/app\/uploads\/sites\/4\/2014\/05\/JJ_mapa-150x150.jpg","datePublished":"2014-05-06T16:18:02+00:00","dateModified":"2023-01-30T08:40:22+00:00","breadcrumb":{"@id":"https:\/\/www.praha14.cz\/zivot-na-praze-14\/obytny-soubor-rodinne-bydleni-jahodnice\/#breadcrumb"},"inLanguage":"cs","potentialAction":[{"@type":"ReadAction","target":["https:\/\/www.praha14.cz\/zivot-na-praze-14\/obytny-soubor-rodinne-bydleni-jahodnice\/"]}]},{"@type":"ImageObject","inLanguage":"cs","@id":"https:\/\/www.praha14.cz\/zivot-na-praze-14\/obytny-soubor-rodinne-bydleni-jahodnice\/#primaryimage","url":"https:\/\/www.praha14.cz\/app\/uploads\/sites\/4\/2014\/05\/JJ_mapa-150x150.jpg","contentUrl":"https:\/\/www.praha14.cz\/app\/uploads\/sites\/4\/2014\/05\/JJ_mapa-150x150.jpg"},{"@type":"BreadcrumbList","@id":"https:\/\/www.praha14.cz\/zivot-na-praze-14\/obytny-soubor-rodinne-bydleni-jahodnice\/#breadcrumb","itemListElement":[{"@type":"ListItem","position":1,"name":"\u017divot na Praze 14","item":"https:\/\/www.praha14.cz\/zivot-na-praze-14\/"},{"@type":"ListItem","position":2,"name":"Obytn\u00fd soubor Rodinn\u00e9 bydlen\u00ed Jahodnice"}]},{"@type":"WebSite","@id":"https:\/\/www.praha14.cz\/zivot-na-praze-14\/#website","url":"https:\/\/www.praha14.cz\/zivot-na-praze-14\/","name":"\u017divot na Praze 14","description":"","potentialAction":[{"@type":"SearchAction","target":{"@type":"EntryPoint","urlTemplate":"https:\/\/www.praha14.cz\/zivot-na-praze-14\/?s={search_term_string}"},"query-input":{"@type":"PropertyValueSpecification","valueRequired":true,"valueName":"search_term_string"}}],"inLanguage":"cs"}]}},"_links":{"self":[{"href":"https:\/\/www.praha14.cz\/zivot-na-praze-14\/wp-json\/wp\/v2\/pages\/1722","targetHints":{"allow":["GET"]}}],"collection":[{"href":"https:\/\/www.praha14.cz\/zivot-na-praze-14\/wp-json\/wp\/v2\/pages"}],"about":[{"href":"https:\/\/www.praha14.cz\/zivot-na-praze-14\/wp-json\/wp\/v2\/types\/page"}],"author":[{"embeddable":true,"href":"https:\/\/www.praha14.cz\/zivot-na-praze-14\/wp-json\/wp\/v2\/users\/1"}],"replies":[{"embeddable":true,"href":"https:\/\/www.praha14.cz\/zivot-na-praze-14\/wp-json\/wp\/v2\/comments?post=1722"}],"version-history":[{"count":3,"href":"https:\/\/www.praha14.cz\/zivot-na-praze-14\/wp-json\/wp\/v2\/pages\/1722\/revisions"}],"predecessor-version":[{"id":50422,"href":"https:\/\/www.praha14.cz\/zivot-na-praze-14\/wp-json\/wp\/v2\/pages\/1722\/revisions\/50422"}],"wp:attachment":[{"href":"https:\/\/www.praha14.cz\/zivot-na-praze-14\/wp-json\/wp\/v2\/media?parent=1722"}],"curies":[{"name":"wp","href":"https:\/\/api.w.org\/{rel}","templated":true}]}}