{"id":1733,"date":"2014-05-06T17:24:06","date_gmt":"2014-05-06T16:24:06","guid":{"rendered":"https:\/\/www.praha14.cz\/zivot-na-praze-14\/?page_id=1733"},"modified":"2023-01-30T08:41:02","modified_gmt":"2023-01-30T08:41:02","slug":"obytne-soubory-panorama-ii-iii-iv-a-v","status":"publish","type":"page","link":"https:\/\/www.praha14.cz\/zivot-na-praze-14\/obytne-soubory-panorama-ii-iii-iv-a-v\/","title":{"rendered":"Obytn\u00e9 soubory Panorama VII. &#8211; VIII."},"content":{"rendered":"<p><span style=\"color: #009dde;\"><strong>Um\u00edst\u011bn\u00ed:<\/strong><\/span> kat. \u00fazem\u00ed Kyje v\u00fdchodn\u011b a z\u00e1padn\u011b od ulice Budovatelsk\u00e1 a pod\u00e9l nov\u011b vybudovan\u00e9 obslu\u017en\u00e9 komunikace Sicherova<\/p>\n<p><span style=\"color: #009dde;\"><strong>Investor a projektant:<\/strong><\/span>\u00a0EKOSPOL, a.s., Dukelsk\u00fdch hrdin\u016f 19, Praha 7<\/p>\n<p><span style=\"color: #000000;\"><strong>Panorama I-VI je v u\u017e\u00edv\u00e1n\u00ed.<\/strong><\/span><\/p>\n<p><strong>Panorama VII<\/strong><\/p>\n<p><strong><span style=\"color: #009dde;\">Um\u00edst\u011bn\u00ed:<\/span><\/strong> severov\u00fdchodn\u011b za souborem Panorama I<br \/>\n<strong><span style=\"color: #009dde;\">Kapacity:<\/span><\/strong> objekty K, L, M &#8211; 4 NP + ustupuj\u00edc\u00ed podla\u017e\u00ed, 1 PP, celkem\u00a0 cca 96 b. j.<br \/>\n<strong><span style=\"color: #000000;\">Vyd\u00e1no stavebn\u00ed povolen\u00ed<\/span><\/strong><\/p>\n<p><strong>Panorama VIII<\/strong><\/p>\n<p><strong><span style=\"color: #009dde;\">Um\u00edst\u011bn\u00ed:<\/span><\/strong> v\u00fdchodn\u011b za souborem Panorama I<br \/>\n<strong><span style=\"color: #009dde;\">Kapacity:<\/span><\/strong> objekt N &#8211; 4 NP + ustupuj\u00edc\u00ed podla\u017e\u00ed, 1 PP<br \/>\nobjekt O &#8211; 4 NP, 1 PP<br \/>\ncelkem cca 91 b. j.<br \/>\n<span style=\"color: #000000;\"><strong>Vyd\u00e1no stavebn\u00ed povolen\u00ed<\/strong><\/span><\/p>\n<p><span style=\"color: #009dde;\"><strong>Parkov\u00e1n\u00ed:<\/strong><\/span> ve v\u0161ech souborech je \u0159e\u0161eno p\u0159ev\u00e1\u017en\u011b v gar\u00e1\u017e\u00edch bytov\u00fdch dom\u016f.<\/p>\n<p>&nbsp;<\/p>\n\n\t\t<style type=\"text\/css\">\n\t\t\t#gallery-1 {\n\t\t\t\tmargin: auto;\n\t\t\t}\n\t\t\t#gallery-1 .gallery-item {\n\t\t\t\tfloat: left;\n\t\t\t\tmargin-top: 10px;\n\t\t\t\ttext-align: center;\n\t\t\t\twidth: 33%;\n\t\t\t}\n\t\t\t#gallery-1 img {\n\t\t\t\tborder: 2px solid #cfcfcf;\n\t\t\t}\n\t\t\t#gallery-1 .gallery-caption {\n\t\t\t\tmargin-left: 0;\n\t\t\t}\n\t\t\t\/* see gallery_shortcode() in wp-includes\/media.php *\/\n\t\t<\/style>\n\t\t<div id='gallery-1' class='gallery galleryid-1733 gallery-columns-3 gallery-size-thumbnail'><dl class='gallery-item'>\n\t\t\t<dt class='gallery-icon landscape'>\n\t\t\t\t<a rel=\"galleryInfomapa\" class=\"thickbox no_icon rl-gallery-link\"  href='https:\/\/www.praha14.cz\/app\/uploads\/sites\/4\/2014\/05\/ES_mapa-1.jpg' title=\"\" data-rl_title=\"\" data-rl_caption=\"\" data-rel=\"lightbox-gallery-1\"><img loading=\"lazy\" decoding=\"async\" width=\"150\" height=\"150\" src=\"https:\/\/www.praha14.cz\/app\/uploads\/sites\/4\/2014\/05\/ES_mapa-1-150x150.jpg\" class=\"attachment-thumbnail size-thumbnail\" alt=\"ES_mapa\" srcset=\"https:\/\/www.praha14.cz\/app\/uploads\/sites\/4\/2014\/05\/ES_mapa-1-150x150.jpg 150w, https:\/\/www.praha14.cz\/app\/uploads\/sites\/4\/2014\/05\/ES_mapa-1-370x370.jpg 370w, https:\/\/www.praha14.cz\/app\/uploads\/sites\/4\/2014\/05\/ES_mapa-1-768x768.jpg 768w, https:\/\/www.praha14.cz\/app\/uploads\/sites\/4\/2014\/05\/ES_mapa-1.jpg 1000w\" sizes=\"(max-width: 150px) 100vw, 150px\" \/><\/a>\n\t\t\t<\/dt><\/dl><dl class='gallery-item'>\n\t\t\t<dt class='gallery-icon landscape'>\n\t\t\t\t<a rel=\"galleryInfomapa\" class=\"thickbox no_icon rl-gallery-link\"  href='https:\/\/www.praha14.cz\/app\/uploads\/sites\/4\/2014\/05\/panorama-situace.jpg' title=\"\" data-rl_title=\"\" data-rl_caption=\"\" data-rel=\"lightbox-gallery-1\"><img loading=\"lazy\" decoding=\"async\" width=\"150\" height=\"150\" src=\"https:\/\/www.praha14.cz\/app\/uploads\/sites\/4\/2014\/05\/panorama-situace-150x150.jpg\" class=\"attachment-thumbnail size-thumbnail\" alt=\"panorama situace\" \/><\/a>\n\t\t\t<\/dt><\/dl><dl class='gallery-item'>\n\t\t\t<dt class='gallery-icon landscape'>\n\t\t\t\t<a rel=\"galleryInfomapa\" class=\"thickbox no_icon rl-gallery-link\"  href='https:\/\/www.praha14.cz\/app\/uploads\/sites\/4\/2014\/05\/panorama-BD-M.jpg' title=\"\" data-rl_title=\"\" data-rl_caption=\"\" data-rel=\"lightbox-gallery-1\"><img loading=\"lazy\" decoding=\"async\" width=\"150\" height=\"150\" src=\"https:\/\/www.praha14.cz\/app\/uploads\/sites\/4\/2014\/05\/panorama-BD-M-150x150.jpg\" class=\"attachment-thumbnail size-thumbnail\" alt=\"panorama BD M\" \/><\/a>\n\t\t\t<\/dt><\/dl><br style=\"clear: both\" \/>\n\t\t<\/div>\n\n<p>&nbsp;<\/p>\n","protected":false},"excerpt":{"rendered":"<p>Um\u00edst\u011bn\u00ed: kat. \u00fazem\u00ed Kyje v\u00fdchodn\u011b a z\u00e1padn\u011b od ulice Budovatelsk\u00e1 a pod\u00e9l nov\u011b vybudovan\u00e9 obslu\u017en\u00e9 komunikace Sicherova Investor a projektant:\u00a0EKOSPOL, a.s., Dukelsk\u00fdch hrdin\u016f 19, Praha 7 Panorama I-VI je v u\u017e\u00edv\u00e1n\u00ed. Panorama VII Um\u00edst\u011bn\u00ed: severov\u00fdchodn\u011b za souborem Panorama I Kapacity: objekty K, L, M &#8211; 4 NP + ustupuj\u00edc\u00ed podla\u017e\u00ed, 1 PP, celkem\u00a0 cca 96&#8230;<\/p>\n","protected":false},"author":1,"featured_media":0,"parent":0,"menu_order":0,"comment_status":"closed","ping_status":"open","template":"","meta":{"_acf_changed":false,"footnotes":""},"class_list":["post-1733","page","type-page","status-publish","hentry"],"acf":[],"yoast_head":"<!-- This site is optimized with the Yoast SEO plugin v27.2 - https:\/\/yoast.com\/product\/yoast-seo-wordpress\/ -->\n<title>Obytn\u00e9 soubory Panorama VII. - VIII. - \u017divot na Praze 14<\/title>\n<meta name=\"robots\" content=\"index, follow, max-snippet:-1, max-image-preview:large, max-video-preview:-1\" \/>\n<link rel=\"canonical\" href=\"https:\/\/www.praha14.cz\/zivot-na-praze-14\/obytne-soubory-panorama-ii-iii-iv-a-v\/\" \/>\n<meta property=\"og:locale\" content=\"cs_CZ\" \/>\n<meta property=\"og:type\" content=\"article\" \/>\n<meta property=\"og:title\" content=\"Obytn\u00e9 soubory Panorama VII. - VIII. - \u017divot na Praze 14\" \/>\n<meta property=\"og:description\" content=\"Um\u00edst\u011bn\u00ed: kat. \u00fazem\u00ed Kyje v\u00fdchodn\u011b a z\u00e1padn\u011b od ulice Budovatelsk\u00e1 a pod\u00e9l nov\u011b vybudovan\u00e9 obslu\u017en\u00e9 komunikace Sicherova Investor a projektant:\u00a0EKOSPOL, a.s., Dukelsk\u00fdch hrdin\u016f 19, Praha 7 Panorama I-VI je v u\u017e\u00edv\u00e1n\u00ed. Panorama VII Um\u00edst\u011bn\u00ed: severov\u00fdchodn\u011b za souborem Panorama I Kapacity: objekty K, L, M &#8211; 4 NP + ustupuj\u00edc\u00ed podla\u017e\u00ed, 1 PP, celkem\u00a0 cca 96...\" \/>\n<meta property=\"og:url\" content=\"https:\/\/www.praha14.cz\/zivot-na-praze-14\/obytne-soubory-panorama-ii-iii-iv-a-v\/\" \/>\n<meta property=\"og:site_name\" content=\"\u017divot na Praze 14\" \/>\n<meta property=\"article:modified_time\" content=\"2023-01-30T08:41:02+00:00\" \/>\n<meta property=\"og:image\" content=\"https:\/\/www.praha14.cz\/app\/uploads\/sites\/4\/2014\/05\/ES_mapa-1-150x150.jpg\" \/>\n<meta name=\"twitter:card\" content=\"summary_large_image\" \/>\n<meta name=\"twitter:label1\" content=\"Est. reading time\" \/>\n\t<meta name=\"twitter:data1\" content=\"1 minuta\" \/>\n<script type=\"application\/ld+json\" class=\"yoast-schema-graph\">{\"@context\":\"https:\/\/schema.org\",\"@graph\":[{\"@type\":\"WebPage\",\"@id\":\"https:\/\/www.praha14.cz\/zivot-na-praze-14\/obytne-soubory-panorama-ii-iii-iv-a-v\/\",\"url\":\"https:\/\/www.praha14.cz\/zivot-na-praze-14\/obytne-soubory-panorama-ii-iii-iv-a-v\/\",\"name\":\"Obytn\u00e9 soubory Panorama VII. - VIII. - \u017divot na Praze 14\",\"isPartOf\":{\"@id\":\"https:\/\/www.praha14.cz\/zivot-na-praze-14\/#website\"},\"datePublished\":\"2014-05-06T16:24:06+00:00\",\"dateModified\":\"2023-01-30T08:41:02+00:00\",\"breadcrumb\":{\"@id\":\"https:\/\/www.praha14.cz\/zivot-na-praze-14\/obytne-soubory-panorama-ii-iii-iv-a-v\/#breadcrumb\"},\"inLanguage\":\"cs\",\"potentialAction\":[{\"@type\":\"ReadAction\",\"target\":[\"https:\/\/www.praha14.cz\/zivot-na-praze-14\/obytne-soubory-panorama-ii-iii-iv-a-v\/\"]}]},{\"@type\":\"BreadcrumbList\",\"@id\":\"https:\/\/www.praha14.cz\/zivot-na-praze-14\/obytne-soubory-panorama-ii-iii-iv-a-v\/#breadcrumb\",\"itemListElement\":[{\"@type\":\"ListItem\",\"position\":1,\"name\":\"\u017divot na Praze 14\",\"item\":\"https:\/\/www.praha14.cz\/zivot-na-praze-14\/\"},{\"@type\":\"ListItem\",\"position\":2,\"name\":\"Obytn\u00e9 soubory Panorama VII. &#8211; VIII.\"}]},{\"@type\":\"WebSite\",\"@id\":\"https:\/\/www.praha14.cz\/zivot-na-praze-14\/#website\",\"url\":\"https:\/\/www.praha14.cz\/zivot-na-praze-14\/\",\"name\":\"\u017divot na Praze 14\",\"description\":\"\",\"potentialAction\":[{\"@type\":\"SearchAction\",\"target\":{\"@type\":\"EntryPoint\",\"urlTemplate\":\"https:\/\/www.praha14.cz\/zivot-na-praze-14\/?s={search_term_string}\"},\"query-input\":{\"@type\":\"PropertyValueSpecification\",\"valueRequired\":true,\"valueName\":\"search_term_string\"}}],\"inLanguage\":\"cs\"}]}<\/script>\n<!-- \/ Yoast SEO plugin. -->","yoast_head_json":{"title":"Obytn\u00e9 soubory Panorama VII. - VIII. - \u017divot na Praze 14","robots":{"index":"index","follow":"follow","max-snippet":"max-snippet:-1","max-image-preview":"max-image-preview:large","max-video-preview":"max-video-preview:-1"},"canonical":"https:\/\/www.praha14.cz\/zivot-na-praze-14\/obytne-soubory-panorama-ii-iii-iv-a-v\/","og_locale":"cs_CZ","og_type":"article","og_title":"Obytn\u00e9 soubory Panorama VII. - VIII. - \u017divot na Praze 14","og_description":"Um\u00edst\u011bn\u00ed: kat. \u00fazem\u00ed Kyje v\u00fdchodn\u011b a z\u00e1padn\u011b od ulice Budovatelsk\u00e1 a pod\u00e9l nov\u011b vybudovan\u00e9 obslu\u017en\u00e9 komunikace Sicherova Investor a projektant:\u00a0EKOSPOL, a.s., Dukelsk\u00fdch hrdin\u016f 19, Praha 7 Panorama I-VI je v u\u017e\u00edv\u00e1n\u00ed. Panorama VII Um\u00edst\u011bn\u00ed: severov\u00fdchodn\u011b za souborem Panorama I Kapacity: objekty K, L, M &#8211; 4 NP + ustupuj\u00edc\u00ed podla\u017e\u00ed, 1 PP, celkem\u00a0 cca 96...","og_url":"https:\/\/www.praha14.cz\/zivot-na-praze-14\/obytne-soubory-panorama-ii-iii-iv-a-v\/","og_site_name":"\u017divot na Praze 14","article_modified_time":"2023-01-30T08:41:02+00:00","og_image":[{"url":"https:\/\/www.praha14.cz\/app\/uploads\/sites\/4\/2014\/05\/ES_mapa-1-150x150.jpg","type":"","width":"","height":""}],"twitter_card":"summary_large_image","twitter_misc":{"Est. reading time":"1 minuta"},"schema":{"@context":"https:\/\/schema.org","@graph":[{"@type":"WebPage","@id":"https:\/\/www.praha14.cz\/zivot-na-praze-14\/obytne-soubory-panorama-ii-iii-iv-a-v\/","url":"https:\/\/www.praha14.cz\/zivot-na-praze-14\/obytne-soubory-panorama-ii-iii-iv-a-v\/","name":"Obytn\u00e9 soubory Panorama VII. - VIII. - \u017divot na Praze 14","isPartOf":{"@id":"https:\/\/www.praha14.cz\/zivot-na-praze-14\/#website"},"datePublished":"2014-05-06T16:24:06+00:00","dateModified":"2023-01-30T08:41:02+00:00","breadcrumb":{"@id":"https:\/\/www.praha14.cz\/zivot-na-praze-14\/obytne-soubory-panorama-ii-iii-iv-a-v\/#breadcrumb"},"inLanguage":"cs","potentialAction":[{"@type":"ReadAction","target":["https:\/\/www.praha14.cz\/zivot-na-praze-14\/obytne-soubory-panorama-ii-iii-iv-a-v\/"]}]},{"@type":"BreadcrumbList","@id":"https:\/\/www.praha14.cz\/zivot-na-praze-14\/obytne-soubory-panorama-ii-iii-iv-a-v\/#breadcrumb","itemListElement":[{"@type":"ListItem","position":1,"name":"\u017divot na Praze 14","item":"https:\/\/www.praha14.cz\/zivot-na-praze-14\/"},{"@type":"ListItem","position":2,"name":"Obytn\u00e9 soubory Panorama VII. &#8211; VIII."}]},{"@type":"WebSite","@id":"https:\/\/www.praha14.cz\/zivot-na-praze-14\/#website","url":"https:\/\/www.praha14.cz\/zivot-na-praze-14\/","name":"\u017divot na Praze 14","description":"","potentialAction":[{"@type":"SearchAction","target":{"@type":"EntryPoint","urlTemplate":"https:\/\/www.praha14.cz\/zivot-na-praze-14\/?s={search_term_string}"},"query-input":{"@type":"PropertyValueSpecification","valueRequired":true,"valueName":"search_term_string"}}],"inLanguage":"cs"}]}},"_links":{"self":[{"href":"https:\/\/www.praha14.cz\/zivot-na-praze-14\/wp-json\/wp\/v2\/pages\/1733","targetHints":{"allow":["GET"]}}],"collection":[{"href":"https:\/\/www.praha14.cz\/zivot-na-praze-14\/wp-json\/wp\/v2\/pages"}],"about":[{"href":"https:\/\/www.praha14.cz\/zivot-na-praze-14\/wp-json\/wp\/v2\/types\/page"}],"author":[{"embeddable":true,"href":"https:\/\/www.praha14.cz\/zivot-na-praze-14\/wp-json\/wp\/v2\/users\/1"}],"replies":[{"embeddable":true,"href":"https:\/\/www.praha14.cz\/zivot-na-praze-14\/wp-json\/wp\/v2\/comments?post=1733"}],"version-history":[{"count":6,"href":"https:\/\/www.praha14.cz\/zivot-na-praze-14\/wp-json\/wp\/v2\/pages\/1733\/revisions"}],"predecessor-version":[{"id":65943,"href":"https:\/\/www.praha14.cz\/zivot-na-praze-14\/wp-json\/wp\/v2\/pages\/1733\/revisions\/65943"}],"wp:attachment":[{"href":"https:\/\/www.praha14.cz\/zivot-na-praze-14\/wp-json\/wp\/v2\/media?parent=1733"}],"curies":[{"name":"wp","href":"https:\/\/api.w.org\/{rel}","templated":true}]}}