{"id":1744,"date":"2014-05-06T17:28:22","date_gmt":"2014-05-06T16:28:22","guid":{"rendered":"https:\/\/www.praha14.cz\/zivot-na-praze-14\/?page_id=1744"},"modified":"2023-01-30T08:41:44","modified_gmt":"2023-01-30T08:41:44","slug":"obytny-soubor-broumarska-sever-jih","status":"publish","type":"page","link":"https:\/\/www.praha14.cz\/zivot-na-praze-14\/obytny-soubor-broumarska-sever-jih\/","title":{"rendered":"Ideov\u00e1 urbanistick\u00e1 sout\u011b\u017e &#8211; Star\u00e9 Kyje"},"content":{"rendered":"<p>(podn\u011bt na Zm\u011bnu \u00daP S\u00da hl. m. Prahy)<\/p>\n<p><span style=\"color: #009dde;\"><strong>Um\u00edst\u011bn\u00ed:<\/strong><\/span> kat. \u00fazem\u00ed Kyje, oboustrann\u011b p\u0159i ulici Broumarsk\u00e1 mezi Kyjsk\u00fdm rybn\u00edkem na severu a Rokytkou na v\u00fdchod\u011b a jihu.<\/p>\n<p>V lo\u0148sk\u00e9m roce prob\u011bhla ve\u0159ejn\u00e1 urbanistick\u00e1 ideov\u00e1 sout\u011b\u017e o n\u00e1vrh &#8222;\u00dazemn\u00ed rozvoj star\u00fdch Kyj\u00ed, potenci\u00e1ln\u00ed nov\u00e9 lok\u00e1ln\u00ed centrum M\u010c Praha 14&#8220;. V\u00edt\u011bzn\u00fd projektant zpracov\u00e1v\u00e1 n\u00e1vaznou zastavovac\u00ed studii.<\/p>\n<p>Urbanizovan\u00e9 \u00fazem\u00ed m\u011bstsk\u00e9 \u010d\u00e1sti sest\u00e1v\u00e1, v d\u016fsledku historick\u00e9ho v\u00fdvoje, ze dvou \u0159et\u011bzc\u016f os\u00eddlen\u00ed p\u0159i severn\u00edm a ji\u017en\u00edm okraji spr\u00e1vn\u00edho obvodu. Prostorov\u00e1 rozt\u0159\u00ed\u0161t\u011bnost nepodporuje m\u011bstsk\u00fd charakter prost\u0159ed\u00ed a projevuje se t\u00e9\u017e v \u00farovni identifikace obyvatel s jejich obc\u00ed. J\u00e1dro Kyj\u00ed se vyvinulo mimo radi\u00e1ln\u00ed osy, \u010d\u00edm\u017e se t\u00e9\u017e stabilizovala severoji\u017en\u00ed cesta (dne\u0161n\u00ed ul. Broumarsk\u00e1) &#8211; spojnice obou radi\u00e1l. Podle v\u00fdsledk\u016f ideov\u00e9 sout\u011b\u017ee, z\u00e1v\u011br\u016f poroty a m\u00edn\u011bn\u00ed \u017eadatele m\u016f\u017ee pos\u00edlen\u00ed severoji\u017en\u00ed osy podpo\u0159it propojen\u00ed obou radi\u00e1l a t\u00edm p\u0159isp\u011bt ke scelen\u00ed urb\u00e1nn\u00edho prost\u0159ed\u00ed m\u011bstsk\u00e9 \u010d\u00e1sti.<\/p>\n<p>&nbsp;<\/p>\n<p><a href=\"https:\/\/www.praha14.cz\/app\/uploads\/sites\/4\/2014\/05\/Broum_obr2.jpg\" data-rel=\"lightbox-image-0\" data-rl_title=\"\" data-rl_caption=\"\" title=\"\"><img loading=\"lazy\" decoding=\"async\" class=\"alignnone size-thumbnail wp-image-1747\" src=\"https:\/\/www.praha14.cz\/app\/uploads\/sites\/4\/2014\/05\/Broum_obr2-150x150.jpg\" alt=\"Broum_obr2\" width=\"150\" height=\"150\" \/><\/a>\u00a0 \u00a0 \u00a0 \u00a0\u00a0<a href=\"https:\/\/www.praha14.cz\/app\/uploads\/sites\/4\/2014\/05\/Broum_obr3.jpg\" data-rel=\"lightbox-image-1\" data-rl_title=\"\" data-rl_caption=\"\" title=\"\"><img loading=\"lazy\" decoding=\"async\" class=\"alignnone size-thumbnail wp-image-1748\" src=\"https:\/\/www.praha14.cz\/app\/uploads\/sites\/4\/2014\/05\/Broum_obr3-150x150.jpg\" alt=\"Broum_obr3\" width=\"150\" height=\"150\" \/>\u00a0 \u00a0 \u00a0 \u00a0\u00a0<\/a><a href=\"https:\/\/www.praha14.cz\/app\/uploads\/sites\/4\/2014\/05\/Broum_mapa.jpg\" data-rel=\"lightbox-image-2\" data-rl_title=\"\" data-rl_caption=\"\" title=\"\"><img loading=\"lazy\" decoding=\"async\" src=\"https:\/\/www.praha14.cz\/app\/uploads\/sites\/4\/2014\/05\/Broum_mapa-150x150.jpg\" alt=\"Broum_mapa\" width=\"150\" height=\"150\" \/><\/a><a href=\"https:\/\/www.praha14.cz\/app\/uploads\/sites\/4\/2014\/05\/Broum_obr3.jpg\" data-rel=\"lightbox-image-3\" data-rl_title=\"\" data-rl_caption=\"\" title=\"\">\u00a0<\/a>\u00a0 \u00a0 \u00a0 \u00a0<a href=\"https:\/\/www.praha14.cz\/app\/uploads\/sites\/4\/2014\/05\/Broum_obr1.jpg\" data-rel=\"lightbox-image-4\" data-rl_title=\"\" data-rl_caption=\"\" title=\"\"><img loading=\"lazy\" decoding=\"async\" src=\"https:\/\/www.praha14.cz\/app\/uploads\/sites\/4\/2014\/05\/Broum_obr1-150x150.jpg\" alt=\"Broum_obr1\" width=\"150\" height=\"150\" \/><\/a><\/p>\n<p><span style=\"line-height: 1.5em;\">\u00a0<\/span><\/p>\n<p><a style=\"line-height: 1.5em;\" href=\"https:\/\/www.praha14.cz\/app\/uploads\/sites\/4\/2014\/05\/Broum_obr4.jpg\" data-rel=\"lightbox-image-5\" data-rl_title=\"\" data-rl_caption=\"\" title=\"\"><img loading=\"lazy\" decoding=\"async\" class=\"alignnone size-thumbnail wp-image-1749\" src=\"https:\/\/www.praha14.cz\/app\/uploads\/sites\/4\/2014\/05\/Broum_obr4-150x150.jpg\" alt=\"Broum_obr4\" width=\"150\" height=\"150\" \/><\/a><span style=\"line-height: 1.5em;\">\u00a0 \u00a0 \u00a0 \u00a0\u00a0<\/span><a style=\"line-height: 1.5em;\" href=\"https:\/\/www.praha14.cz\/app\/uploads\/sites\/4\/2014\/05\/Broum_obr5.jpg\" data-rel=\"lightbox-image-6\" data-rl_title=\"\" data-rl_caption=\"\" title=\"\"><img loading=\"lazy\" decoding=\"async\" class=\"alignnone size-thumbnail wp-image-1750\" src=\"https:\/\/www.praha14.cz\/app\/uploads\/sites\/4\/2014\/05\/Broum_obr5-150x150.jpg\" alt=\"Broum_obr5\" width=\"150\" height=\"150\" \/><\/a><\/p>\n<p>&nbsp;<\/p>\n","protected":false},"excerpt":{"rendered":"<p>(podn\u011bt na Zm\u011bnu \u00daP S\u00da hl. m. Prahy) Um\u00edst\u011bn\u00ed: kat. \u00fazem\u00ed Kyje, oboustrann\u011b p\u0159i ulici Broumarsk\u00e1 mezi Kyjsk\u00fdm rybn\u00edkem na severu a Rokytkou na v\u00fdchod\u011b a jihu. V lo\u0148sk\u00e9m roce prob\u011bhla ve\u0159ejn\u00e1 urbanistick\u00e1 ideov\u00e1 sout\u011b\u017e o n\u00e1vrh &#8222;\u00dazemn\u00ed rozvoj star\u00fdch Kyj\u00ed, potenci\u00e1ln\u00ed nov\u00e9 lok\u00e1ln\u00ed centrum M\u010c Praha 14&#8220;. V\u00edt\u011bzn\u00fd projektant zpracov\u00e1v\u00e1 n\u00e1vaznou zastavovac\u00ed studii. Urbanizovan\u00e9&#8230;<\/p>\n","protected":false},"author":1,"featured_media":0,"parent":0,"menu_order":0,"comment_status":"closed","ping_status":"open","template":"","meta":{"_acf_changed":false,"footnotes":""},"class_list":["post-1744","page","type-page","status-publish","hentry"],"acf":[],"yoast_head":"<!-- This site is optimized with the Yoast SEO plugin v27.2 - https:\/\/yoast.com\/product\/yoast-seo-wordpress\/ -->\n<title>Ideov\u00e1 urbanistick\u00e1 sout\u011b\u017e - Star\u00e9 Kyje - \u017divot na Praze 14<\/title>\n<meta name=\"robots\" content=\"index, follow, max-snippet:-1, max-image-preview:large, max-video-preview:-1\" \/>\n<link rel=\"canonical\" href=\"https:\/\/www.praha14.cz\/zivot-na-praze-14\/obytny-soubor-broumarska-sever-jih\/\" \/>\n<meta property=\"og:locale\" content=\"cs_CZ\" \/>\n<meta property=\"og:type\" content=\"article\" \/>\n<meta property=\"og:title\" content=\"Ideov\u00e1 urbanistick\u00e1 sout\u011b\u017e - Star\u00e9 Kyje - \u017divot na Praze 14\" \/>\n<meta property=\"og:description\" content=\"(podn\u011bt na Zm\u011bnu \u00daP S\u00da hl. m. Prahy) Um\u00edst\u011bn\u00ed: kat. \u00fazem\u00ed Kyje, oboustrann\u011b p\u0159i ulici Broumarsk\u00e1 mezi Kyjsk\u00fdm rybn\u00edkem na severu a Rokytkou na v\u00fdchod\u011b a jihu. V lo\u0148sk\u00e9m roce prob\u011bhla ve\u0159ejn\u00e1 urbanistick\u00e1 ideov\u00e1 sout\u011b\u017e o n\u00e1vrh &#8222;\u00dazemn\u00ed rozvoj star\u00fdch Kyj\u00ed, potenci\u00e1ln\u00ed nov\u00e9 lok\u00e1ln\u00ed centrum M\u010c Praha 14&#8220;. V\u00edt\u011bzn\u00fd projektant zpracov\u00e1v\u00e1 n\u00e1vaznou zastavovac\u00ed studii. Urbanizovan\u00e9...\" \/>\n<meta property=\"og:url\" content=\"https:\/\/www.praha14.cz\/zivot-na-praze-14\/obytny-soubor-broumarska-sever-jih\/\" \/>\n<meta property=\"og:site_name\" content=\"\u017divot na Praze 14\" \/>\n<meta property=\"article:modified_time\" content=\"2023-01-30T08:41:44+00:00\" \/>\n<meta property=\"og:image\" content=\"https:\/\/www.praha14.cz\/app\/uploads\/sites\/4\/2014\/05\/Broum_obr2-150x150.jpg\" \/>\n<meta name=\"twitter:card\" content=\"summary_large_image\" \/>\n<meta name=\"twitter:label1\" content=\"Est. reading time\" \/>\n\t<meta name=\"twitter:data1\" content=\"2 minuty\" \/>\n<script type=\"application\/ld+json\" class=\"yoast-schema-graph\">{\"@context\":\"https:\/\/schema.org\",\"@graph\":[{\"@type\":\"WebPage\",\"@id\":\"https:\/\/www.praha14.cz\/zivot-na-praze-14\/obytny-soubor-broumarska-sever-jih\/\",\"url\":\"https:\/\/www.praha14.cz\/zivot-na-praze-14\/obytny-soubor-broumarska-sever-jih\/\",\"name\":\"Ideov\u00e1 urbanistick\u00e1 sout\u011b\u017e - Star\u00e9 Kyje - \u017divot na Praze 14\",\"isPartOf\":{\"@id\":\"https:\/\/www.praha14.cz\/zivot-na-praze-14\/#website\"},\"primaryImageOfPage\":{\"@id\":\"https:\/\/www.praha14.cz\/zivot-na-praze-14\/obytny-soubor-broumarska-sever-jih\/#primaryimage\"},\"image\":{\"@id\":\"https:\/\/www.praha14.cz\/zivot-na-praze-14\/obytny-soubor-broumarska-sever-jih\/#primaryimage\"},\"thumbnailUrl\":\"https:\/\/www.praha14.cz\/app\/uploads\/sites\/4\/2014\/05\/Broum_obr2-150x150.jpg\",\"datePublished\":\"2014-05-06T16:28:22+00:00\",\"dateModified\":\"2023-01-30T08:41:44+00:00\",\"breadcrumb\":{\"@id\":\"https:\/\/www.praha14.cz\/zivot-na-praze-14\/obytny-soubor-broumarska-sever-jih\/#breadcrumb\"},\"inLanguage\":\"cs\",\"potentialAction\":[{\"@type\":\"ReadAction\",\"target\":[\"https:\/\/www.praha14.cz\/zivot-na-praze-14\/obytny-soubor-broumarska-sever-jih\/\"]}]},{\"@type\":\"ImageObject\",\"inLanguage\":\"cs\",\"@id\":\"https:\/\/www.praha14.cz\/zivot-na-praze-14\/obytny-soubor-broumarska-sever-jih\/#primaryimage\",\"url\":\"https:\/\/www.praha14.cz\/app\/uploads\/sites\/4\/2014\/05\/Broum_obr2-150x150.jpg\",\"contentUrl\":\"https:\/\/www.praha14.cz\/app\/uploads\/sites\/4\/2014\/05\/Broum_obr2-150x150.jpg\"},{\"@type\":\"BreadcrumbList\",\"@id\":\"https:\/\/www.praha14.cz\/zivot-na-praze-14\/obytny-soubor-broumarska-sever-jih\/#breadcrumb\",\"itemListElement\":[{\"@type\":\"ListItem\",\"position\":1,\"name\":\"\u017divot na Praze 14\",\"item\":\"https:\/\/www.praha14.cz\/zivot-na-praze-14\/\"},{\"@type\":\"ListItem\",\"position\":2,\"name\":\"Ideov\u00e1 urbanistick\u00e1 sout\u011b\u017e &#8211; Star\u00e9 Kyje\"}]},{\"@type\":\"WebSite\",\"@id\":\"https:\/\/www.praha14.cz\/zivot-na-praze-14\/#website\",\"url\":\"https:\/\/www.praha14.cz\/zivot-na-praze-14\/\",\"name\":\"\u017divot na Praze 14\",\"description\":\"\",\"potentialAction\":[{\"@type\":\"SearchAction\",\"target\":{\"@type\":\"EntryPoint\",\"urlTemplate\":\"https:\/\/www.praha14.cz\/zivot-na-praze-14\/?s={search_term_string}\"},\"query-input\":{\"@type\":\"PropertyValueSpecification\",\"valueRequired\":true,\"valueName\":\"search_term_string\"}}],\"inLanguage\":\"cs\"}]}<\/script>\n<!-- \/ Yoast SEO plugin. -->","yoast_head_json":{"title":"Ideov\u00e1 urbanistick\u00e1 sout\u011b\u017e - Star\u00e9 Kyje - \u017divot na Praze 14","robots":{"index":"index","follow":"follow","max-snippet":"max-snippet:-1","max-image-preview":"max-image-preview:large","max-video-preview":"max-video-preview:-1"},"canonical":"https:\/\/www.praha14.cz\/zivot-na-praze-14\/obytny-soubor-broumarska-sever-jih\/","og_locale":"cs_CZ","og_type":"article","og_title":"Ideov\u00e1 urbanistick\u00e1 sout\u011b\u017e - Star\u00e9 Kyje - \u017divot na Praze 14","og_description":"(podn\u011bt na Zm\u011bnu \u00daP S\u00da hl. m. Prahy) Um\u00edst\u011bn\u00ed: kat. \u00fazem\u00ed Kyje, oboustrann\u011b p\u0159i ulici Broumarsk\u00e1 mezi Kyjsk\u00fdm rybn\u00edkem na severu a Rokytkou na v\u00fdchod\u011b a jihu. V lo\u0148sk\u00e9m roce prob\u011bhla ve\u0159ejn\u00e1 urbanistick\u00e1 ideov\u00e1 sout\u011b\u017e o n\u00e1vrh &#8222;\u00dazemn\u00ed rozvoj star\u00fdch Kyj\u00ed, potenci\u00e1ln\u00ed nov\u00e9 lok\u00e1ln\u00ed centrum M\u010c Praha 14&#8220;. V\u00edt\u011bzn\u00fd projektant zpracov\u00e1v\u00e1 n\u00e1vaznou zastavovac\u00ed studii. Urbanizovan\u00e9...","og_url":"https:\/\/www.praha14.cz\/zivot-na-praze-14\/obytny-soubor-broumarska-sever-jih\/","og_site_name":"\u017divot na Praze 14","article_modified_time":"2023-01-30T08:41:44+00:00","og_image":[{"url":"https:\/\/www.praha14.cz\/app\/uploads\/sites\/4\/2014\/05\/Broum_obr2-150x150.jpg","type":"","width":"","height":""}],"twitter_card":"summary_large_image","twitter_misc":{"Est. reading time":"2 minuty"},"schema":{"@context":"https:\/\/schema.org","@graph":[{"@type":"WebPage","@id":"https:\/\/www.praha14.cz\/zivot-na-praze-14\/obytny-soubor-broumarska-sever-jih\/","url":"https:\/\/www.praha14.cz\/zivot-na-praze-14\/obytny-soubor-broumarska-sever-jih\/","name":"Ideov\u00e1 urbanistick\u00e1 sout\u011b\u017e - Star\u00e9 Kyje - \u017divot na Praze 14","isPartOf":{"@id":"https:\/\/www.praha14.cz\/zivot-na-praze-14\/#website"},"primaryImageOfPage":{"@id":"https:\/\/www.praha14.cz\/zivot-na-praze-14\/obytny-soubor-broumarska-sever-jih\/#primaryimage"},"image":{"@id":"https:\/\/www.praha14.cz\/zivot-na-praze-14\/obytny-soubor-broumarska-sever-jih\/#primaryimage"},"thumbnailUrl":"https:\/\/www.praha14.cz\/app\/uploads\/sites\/4\/2014\/05\/Broum_obr2-150x150.jpg","datePublished":"2014-05-06T16:28:22+00:00","dateModified":"2023-01-30T08:41:44+00:00","breadcrumb":{"@id":"https:\/\/www.praha14.cz\/zivot-na-praze-14\/obytny-soubor-broumarska-sever-jih\/#breadcrumb"},"inLanguage":"cs","potentialAction":[{"@type":"ReadAction","target":["https:\/\/www.praha14.cz\/zivot-na-praze-14\/obytny-soubor-broumarska-sever-jih\/"]}]},{"@type":"ImageObject","inLanguage":"cs","@id":"https:\/\/www.praha14.cz\/zivot-na-praze-14\/obytny-soubor-broumarska-sever-jih\/#primaryimage","url":"https:\/\/www.praha14.cz\/app\/uploads\/sites\/4\/2014\/05\/Broum_obr2-150x150.jpg","contentUrl":"https:\/\/www.praha14.cz\/app\/uploads\/sites\/4\/2014\/05\/Broum_obr2-150x150.jpg"},{"@type":"BreadcrumbList","@id":"https:\/\/www.praha14.cz\/zivot-na-praze-14\/obytny-soubor-broumarska-sever-jih\/#breadcrumb","itemListElement":[{"@type":"ListItem","position":1,"name":"\u017divot na Praze 14","item":"https:\/\/www.praha14.cz\/zivot-na-praze-14\/"},{"@type":"ListItem","position":2,"name":"Ideov\u00e1 urbanistick\u00e1 sout\u011b\u017e &#8211; Star\u00e9 Kyje"}]},{"@type":"WebSite","@id":"https:\/\/www.praha14.cz\/zivot-na-praze-14\/#website","url":"https:\/\/www.praha14.cz\/zivot-na-praze-14\/","name":"\u017divot na Praze 14","description":"","potentialAction":[{"@type":"SearchAction","target":{"@type":"EntryPoint","urlTemplate":"https:\/\/www.praha14.cz\/zivot-na-praze-14\/?s={search_term_string}"},"query-input":{"@type":"PropertyValueSpecification","valueRequired":true,"valueName":"search_term_string"}}],"inLanguage":"cs"}]}},"_links":{"self":[{"href":"https:\/\/www.praha14.cz\/zivot-na-praze-14\/wp-json\/wp\/v2\/pages\/1744","targetHints":{"allow":["GET"]}}],"collection":[{"href":"https:\/\/www.praha14.cz\/zivot-na-praze-14\/wp-json\/wp\/v2\/pages"}],"about":[{"href":"https:\/\/www.praha14.cz\/zivot-na-praze-14\/wp-json\/wp\/v2\/types\/page"}],"author":[{"embeddable":true,"href":"https:\/\/www.praha14.cz\/zivot-na-praze-14\/wp-json\/wp\/v2\/users\/1"}],"replies":[{"embeddable":true,"href":"https:\/\/www.praha14.cz\/zivot-na-praze-14\/wp-json\/wp\/v2\/comments?post=1744"}],"version-history":[{"count":1,"href":"https:\/\/www.praha14.cz\/zivot-na-praze-14\/wp-json\/wp\/v2\/pages\/1744\/revisions"}],"predecessor-version":[{"id":20293,"href":"https:\/\/www.praha14.cz\/zivot-na-praze-14\/wp-json\/wp\/v2\/pages\/1744\/revisions\/20293"}],"wp:attachment":[{"href":"https:\/\/www.praha14.cz\/zivot-na-praze-14\/wp-json\/wp\/v2\/media?parent=1744"}],"curies":[{"name":"wp","href":"https:\/\/api.w.org\/{rel}","templated":true}]}}