{"id":1759,"date":"2014-05-06T17:33:11","date_gmt":"2014-05-06T16:33:11","guid":{"rendered":"https:\/\/www.praha14.cz\/zivot-na-praze-14\/?page_id=1759"},"modified":"2023-01-30T08:42:30","modified_gmt":"2023-01-30T08:42:30","slug":"komunikace-ocelkova-lipnicka-budovatelska","status":"publish","type":"page","link":"https:\/\/www.praha14.cz\/zivot-na-praze-14\/komunikace-ocelkova-lipnicka-budovatelska\/","title":{"rendered":"Komunikace Ocelkova &#8211; Lipnick\u00e1 (Budovatelsk\u00e1)"},"content":{"rendered":"<p><span style=\"color: #009dde;\"><strong>Um\u00edst\u011bn\u00ed:<\/strong> <\/span>kat. \u00fazem\u00ed Kyje<\/p>\n<p><span style=\"color: #009dde;\"><strong>Investor:<\/strong>\u00a0<span style=\"color: #000000;\">Hlavn\u00ed m\u011bsto Praha, OMI, Mari\u00e1nsk\u00e9 n\u00e1m\u011bst\u00ed 2, Praha 1<\/span><\/span><\/p>\n<p><span style=\"color: #009dde;\"><strong>Projektant:<\/strong>\u00a0<span style=\"color: #000000;\">Atelier projektov\u00e1n\u00ed in\u017een\u00fdrsk\u00fdch staveb s.r.o., Ohradn\u00ed 24b, Praha 4, vyd\u00e1no \u00fazemn\u00ed rozhodnut\u00ed<\/span><\/span><\/p>\n<p><span style=\"color: #009dde;\"><strong>Stavba<\/strong><\/span>: sb\u011brn\u00e1 dvoupruh\u00e1 komunikace, d\u00e9lky 1.245 km<\/p>\n<p><span style=\"color: #009dde;\"><strong>\u0160\u00ed\u0159kov\u00e9 uspo\u0159\u00e1d\u00e1n\u00ed:<\/strong><\/span> 2 x 4 m pro j\u00edzdn\u00ed pruh, jednostrann\u00fd chodn\u00edk 3 m, odd\u011blen\u00fd zelen\u00fdm p\u00e1sem v \u0161\u00ed\u0159i 2 m, m\u00edsty pruh pro cyklisty v \u0161\u00ed\u0159i 2,50m<\/p>\n<p><span style=\"color: #009dde;\"><strong>Dopln\u011bn\u00ed:<\/strong><\/span> bus zast\u00e1vky p\u0159i napojen\u00ed na ul. Budovatelsk\u00e1<\/p>\n<p><strong>Vyd\u00e1no \u00fazemn\u00ed rozhodnut\u00ed<\/strong><\/p>\n<p>&nbsp;<\/p>\n<p><a href=\"https:\/\/www.praha14.cz\/app\/uploads\/sites\/4\/2014\/05\/Ocel_mapa.jpg\" target=\"_blank\" rel=\"noopener noreferrer\" data-rel=\"lightbox-image-0\" data-rl_title=\"\" data-rl_caption=\"\" title=\"\"><img loading=\"lazy\" decoding=\"async\" class=\"alignnone wp-image-1760 size-thumbnail\" src=\"https:\/\/www.praha14.cz\/app\/uploads\/sites\/4\/2014\/05\/Ocel_mapa-150x150.jpg\" alt=\"Ocel_mapa\" width=\"150\" height=\"150\" srcset=\"https:\/\/www.praha14.cz\/app\/uploads\/sites\/4\/2014\/05\/Ocel_mapa-150x150.jpg 150w, https:\/\/www.praha14.cz\/app\/uploads\/sites\/4\/2014\/05\/Ocel_mapa-370x370.jpg 370w, https:\/\/www.praha14.cz\/app\/uploads\/sites\/4\/2014\/05\/Ocel_mapa.jpg 1000w\" sizes=\"(max-width: 150px) 100vw, 150px\" \/><\/a><span style=\"line-height: 1.5em;\">\u00a0 \u00a0 \u00a0 \u00a0\u00a0<\/span><a href=\"https:\/\/www.praha14.cz\/app\/uploads\/sites\/4\/2014\/05\/Ocel_obr1.jpg\" target=\"_blank\" rel=\"noopener noreferrer\" data-rel=\"lightbox-image-1\" data-rl_title=\"\" data-rl_caption=\"\" title=\"\"><img loading=\"lazy\" decoding=\"async\" class=\"alignnone wp-image-1761 size-thumbnail\" src=\"https:\/\/www.praha14.cz\/app\/uploads\/sites\/4\/2014\/05\/Ocel_obr1-150x150.jpg\" alt=\"Ocel_obr1\" width=\"150\" height=\"150\" \/><\/a><span style=\"line-height: 1.5em;\">\u00a0 \u00a0 \u00a0 \u00a0\u00a0<\/span><a href=\"https:\/\/www.praha14.cz\/app\/uploads\/sites\/4\/2014\/05\/Ocel_obr2.jpg\" target=\"_blank\" rel=\"noopener noreferrer\" data-rel=\"lightbox-image-2\" data-rl_title=\"\" data-rl_caption=\"\" title=\"\"><img loading=\"lazy\" decoding=\"async\" class=\"alignnone wp-image-1762 size-thumbnail\" src=\"https:\/\/www.praha14.cz\/app\/uploads\/sites\/4\/2014\/05\/Ocel_obr2-150x150.jpg\" alt=\"Ocel_obr2\" width=\"150\" height=\"150\" \/><\/a><span style=\"line-height: 1.5em;\">\u00a0 \u00a0 \u00a0 \u00a0\u00a0<\/span><a href=\"https:\/\/www.praha14.cz\/app\/uploads\/sites\/4\/2014\/05\/Ocel_obr3.jpg\" target=\"_blank\" rel=\"noopener noreferrer\" data-rel=\"lightbox-image-3\" data-rl_title=\"\" data-rl_caption=\"\" title=\"\"><img loading=\"lazy\" decoding=\"async\" class=\"alignnone wp-image-1763 size-thumbnail\" src=\"https:\/\/www.praha14.cz\/app\/uploads\/sites\/4\/2014\/05\/Ocel_obr3-150x150.jpg\" alt=\"Ocel_obr3\" width=\"150\" height=\"150\" \/><\/a><\/p>\n<p>&nbsp;<\/p>\n","protected":false},"excerpt":{"rendered":"<p>Um\u00edst\u011bn\u00ed: kat. \u00fazem\u00ed Kyje Investor:\u00a0Hlavn\u00ed m\u011bsto Praha, OMI, Mari\u00e1nsk\u00e9 n\u00e1m\u011bst\u00ed 2, Praha 1 Projektant:\u00a0Atelier projektov\u00e1n\u00ed in\u017een\u00fdrsk\u00fdch staveb s.r.o., Ohradn\u00ed 24b, Praha 4, vyd\u00e1no \u00fazemn\u00ed rozhodnut\u00ed Stavba: sb\u011brn\u00e1 dvoupruh\u00e1 komunikace, d\u00e9lky 1.245 km \u0160\u00ed\u0159kov\u00e9 uspo\u0159\u00e1d\u00e1n\u00ed: 2 x 4 m pro j\u00edzdn\u00ed pruh, jednostrann\u00fd chodn\u00edk 3 m, odd\u011blen\u00fd zelen\u00fdm p\u00e1sem v \u0161\u00ed\u0159i 2 m, m\u00edsty pruh pro&#8230;<\/p>\n","protected":false},"author":1,"featured_media":0,"parent":0,"menu_order":0,"comment_status":"closed","ping_status":"open","template":"","meta":{"_acf_changed":false,"footnotes":""},"class_list":["post-1759","page","type-page","status-publish","hentry"],"acf":[],"yoast_head":"<!-- This site is optimized with the Yoast SEO plugin v27.2 - https:\/\/yoast.com\/product\/yoast-seo-wordpress\/ -->\n<title>Komunikace Ocelkova - Lipnick\u00e1 (Budovatelsk\u00e1) - \u017divot na Praze 14<\/title>\n<meta name=\"robots\" content=\"index, follow, max-snippet:-1, max-image-preview:large, max-video-preview:-1\" \/>\n<link rel=\"canonical\" href=\"https:\/\/www.praha14.cz\/zivot-na-praze-14\/komunikace-ocelkova-lipnicka-budovatelska\/\" \/>\n<meta property=\"og:locale\" content=\"cs_CZ\" \/>\n<meta property=\"og:type\" content=\"article\" \/>\n<meta property=\"og:title\" content=\"Komunikace Ocelkova - Lipnick\u00e1 (Budovatelsk\u00e1) - \u017divot na Praze 14\" \/>\n<meta property=\"og:description\" content=\"Um\u00edst\u011bn\u00ed: kat. \u00fazem\u00ed Kyje Investor:\u00a0Hlavn\u00ed m\u011bsto Praha, OMI, Mari\u00e1nsk\u00e9 n\u00e1m\u011bst\u00ed 2, Praha 1 Projektant:\u00a0Atelier projektov\u00e1n\u00ed in\u017een\u00fdrsk\u00fdch staveb s.r.o., Ohradn\u00ed 24b, Praha 4, vyd\u00e1no \u00fazemn\u00ed rozhodnut\u00ed Stavba: sb\u011brn\u00e1 dvoupruh\u00e1 komunikace, d\u00e9lky 1.245 km \u0160\u00ed\u0159kov\u00e9 uspo\u0159\u00e1d\u00e1n\u00ed: 2 x 4 m pro j\u00edzdn\u00ed pruh, jednostrann\u00fd chodn\u00edk 3 m, odd\u011blen\u00fd zelen\u00fdm p\u00e1sem v \u0161\u00ed\u0159i 2 m, m\u00edsty pruh pro...\" \/>\n<meta property=\"og:url\" content=\"https:\/\/www.praha14.cz\/zivot-na-praze-14\/komunikace-ocelkova-lipnicka-budovatelska\/\" \/>\n<meta property=\"og:site_name\" content=\"\u017divot na Praze 14\" \/>\n<meta property=\"article:modified_time\" content=\"2023-01-30T08:42:30+00:00\" \/>\n<meta property=\"og:image\" content=\"https:\/\/www.praha14.cz\/app\/uploads\/sites\/4\/2014\/05\/Ocel_mapa-150x150.jpg\" \/>\n<meta name=\"twitter:card\" content=\"summary_large_image\" \/>\n<meta name=\"twitter:label1\" content=\"Est. reading time\" \/>\n\t<meta name=\"twitter:data1\" content=\"2 minuty\" \/>\n<script type=\"application\/ld+json\" class=\"yoast-schema-graph\">{\"@context\":\"https:\/\/schema.org\",\"@graph\":[{\"@type\":\"WebPage\",\"@id\":\"https:\/\/www.praha14.cz\/zivot-na-praze-14\/komunikace-ocelkova-lipnicka-budovatelska\/\",\"url\":\"https:\/\/www.praha14.cz\/zivot-na-praze-14\/komunikace-ocelkova-lipnicka-budovatelska\/\",\"name\":\"Komunikace Ocelkova - Lipnick\u00e1 (Budovatelsk\u00e1) - \u017divot na Praze 14\",\"isPartOf\":{\"@id\":\"https:\/\/www.praha14.cz\/zivot-na-praze-14\/#website\"},\"primaryImageOfPage\":{\"@id\":\"https:\/\/www.praha14.cz\/zivot-na-praze-14\/komunikace-ocelkova-lipnicka-budovatelska\/#primaryimage\"},\"image\":{\"@id\":\"https:\/\/www.praha14.cz\/zivot-na-praze-14\/komunikace-ocelkova-lipnicka-budovatelska\/#primaryimage\"},\"thumbnailUrl\":\"https:\/\/www.praha14.cz\/app\/uploads\/sites\/4\/2014\/05\/Ocel_mapa-150x150.jpg\",\"datePublished\":\"2014-05-06T16:33:11+00:00\",\"dateModified\":\"2023-01-30T08:42:30+00:00\",\"breadcrumb\":{\"@id\":\"https:\/\/www.praha14.cz\/zivot-na-praze-14\/komunikace-ocelkova-lipnicka-budovatelska\/#breadcrumb\"},\"inLanguage\":\"cs\",\"potentialAction\":[{\"@type\":\"ReadAction\",\"target\":[\"https:\/\/www.praha14.cz\/zivot-na-praze-14\/komunikace-ocelkova-lipnicka-budovatelska\/\"]}]},{\"@type\":\"ImageObject\",\"inLanguage\":\"cs\",\"@id\":\"https:\/\/www.praha14.cz\/zivot-na-praze-14\/komunikace-ocelkova-lipnicka-budovatelska\/#primaryimage\",\"url\":\"https:\/\/www.praha14.cz\/app\/uploads\/sites\/4\/2014\/05\/Ocel_mapa-150x150.jpg\",\"contentUrl\":\"https:\/\/www.praha14.cz\/app\/uploads\/sites\/4\/2014\/05\/Ocel_mapa-150x150.jpg\"},{\"@type\":\"BreadcrumbList\",\"@id\":\"https:\/\/www.praha14.cz\/zivot-na-praze-14\/komunikace-ocelkova-lipnicka-budovatelska\/#breadcrumb\",\"itemListElement\":[{\"@type\":\"ListItem\",\"position\":1,\"name\":\"\u017divot na Praze 14\",\"item\":\"https:\/\/www.praha14.cz\/zivot-na-praze-14\/\"},{\"@type\":\"ListItem\",\"position\":2,\"name\":\"Komunikace Ocelkova &#8211; Lipnick\u00e1 (Budovatelsk\u00e1)\"}]},{\"@type\":\"WebSite\",\"@id\":\"https:\/\/www.praha14.cz\/zivot-na-praze-14\/#website\",\"url\":\"https:\/\/www.praha14.cz\/zivot-na-praze-14\/\",\"name\":\"\u017divot na Praze 14\",\"description\":\"\",\"potentialAction\":[{\"@type\":\"SearchAction\",\"target\":{\"@type\":\"EntryPoint\",\"urlTemplate\":\"https:\/\/www.praha14.cz\/zivot-na-praze-14\/?s={search_term_string}\"},\"query-input\":{\"@type\":\"PropertyValueSpecification\",\"valueRequired\":true,\"valueName\":\"search_term_string\"}}],\"inLanguage\":\"cs\"}]}<\/script>\n<!-- \/ Yoast SEO plugin. -->","yoast_head_json":{"title":"Komunikace Ocelkova - Lipnick\u00e1 (Budovatelsk\u00e1) - \u017divot na Praze 14","robots":{"index":"index","follow":"follow","max-snippet":"max-snippet:-1","max-image-preview":"max-image-preview:large","max-video-preview":"max-video-preview:-1"},"canonical":"https:\/\/www.praha14.cz\/zivot-na-praze-14\/komunikace-ocelkova-lipnicka-budovatelska\/","og_locale":"cs_CZ","og_type":"article","og_title":"Komunikace Ocelkova - Lipnick\u00e1 (Budovatelsk\u00e1) - \u017divot na Praze 14","og_description":"Um\u00edst\u011bn\u00ed: kat. \u00fazem\u00ed Kyje Investor:\u00a0Hlavn\u00ed m\u011bsto Praha, OMI, Mari\u00e1nsk\u00e9 n\u00e1m\u011bst\u00ed 2, Praha 1 Projektant:\u00a0Atelier projektov\u00e1n\u00ed in\u017een\u00fdrsk\u00fdch staveb s.r.o., Ohradn\u00ed 24b, Praha 4, vyd\u00e1no \u00fazemn\u00ed rozhodnut\u00ed Stavba: sb\u011brn\u00e1 dvoupruh\u00e1 komunikace, d\u00e9lky 1.245 km \u0160\u00ed\u0159kov\u00e9 uspo\u0159\u00e1d\u00e1n\u00ed: 2 x 4 m pro j\u00edzdn\u00ed pruh, jednostrann\u00fd chodn\u00edk 3 m, odd\u011blen\u00fd zelen\u00fdm p\u00e1sem v \u0161\u00ed\u0159i 2 m, m\u00edsty pruh pro...","og_url":"https:\/\/www.praha14.cz\/zivot-na-praze-14\/komunikace-ocelkova-lipnicka-budovatelska\/","og_site_name":"\u017divot na Praze 14","article_modified_time":"2023-01-30T08:42:30+00:00","og_image":[{"url":"https:\/\/www.praha14.cz\/app\/uploads\/sites\/4\/2014\/05\/Ocel_mapa-150x150.jpg","type":"","width":"","height":""}],"twitter_card":"summary_large_image","twitter_misc":{"Est. reading time":"2 minuty"},"schema":{"@context":"https:\/\/schema.org","@graph":[{"@type":"WebPage","@id":"https:\/\/www.praha14.cz\/zivot-na-praze-14\/komunikace-ocelkova-lipnicka-budovatelska\/","url":"https:\/\/www.praha14.cz\/zivot-na-praze-14\/komunikace-ocelkova-lipnicka-budovatelska\/","name":"Komunikace Ocelkova - Lipnick\u00e1 (Budovatelsk\u00e1) - \u017divot na Praze 14","isPartOf":{"@id":"https:\/\/www.praha14.cz\/zivot-na-praze-14\/#website"},"primaryImageOfPage":{"@id":"https:\/\/www.praha14.cz\/zivot-na-praze-14\/komunikace-ocelkova-lipnicka-budovatelska\/#primaryimage"},"image":{"@id":"https:\/\/www.praha14.cz\/zivot-na-praze-14\/komunikace-ocelkova-lipnicka-budovatelska\/#primaryimage"},"thumbnailUrl":"https:\/\/www.praha14.cz\/app\/uploads\/sites\/4\/2014\/05\/Ocel_mapa-150x150.jpg","datePublished":"2014-05-06T16:33:11+00:00","dateModified":"2023-01-30T08:42:30+00:00","breadcrumb":{"@id":"https:\/\/www.praha14.cz\/zivot-na-praze-14\/komunikace-ocelkova-lipnicka-budovatelska\/#breadcrumb"},"inLanguage":"cs","potentialAction":[{"@type":"ReadAction","target":["https:\/\/www.praha14.cz\/zivot-na-praze-14\/komunikace-ocelkova-lipnicka-budovatelska\/"]}]},{"@type":"ImageObject","inLanguage":"cs","@id":"https:\/\/www.praha14.cz\/zivot-na-praze-14\/komunikace-ocelkova-lipnicka-budovatelska\/#primaryimage","url":"https:\/\/www.praha14.cz\/app\/uploads\/sites\/4\/2014\/05\/Ocel_mapa-150x150.jpg","contentUrl":"https:\/\/www.praha14.cz\/app\/uploads\/sites\/4\/2014\/05\/Ocel_mapa-150x150.jpg"},{"@type":"BreadcrumbList","@id":"https:\/\/www.praha14.cz\/zivot-na-praze-14\/komunikace-ocelkova-lipnicka-budovatelska\/#breadcrumb","itemListElement":[{"@type":"ListItem","position":1,"name":"\u017divot na Praze 14","item":"https:\/\/www.praha14.cz\/zivot-na-praze-14\/"},{"@type":"ListItem","position":2,"name":"Komunikace Ocelkova &#8211; Lipnick\u00e1 (Budovatelsk\u00e1)"}]},{"@type":"WebSite","@id":"https:\/\/www.praha14.cz\/zivot-na-praze-14\/#website","url":"https:\/\/www.praha14.cz\/zivot-na-praze-14\/","name":"\u017divot na Praze 14","description":"","potentialAction":[{"@type":"SearchAction","target":{"@type":"EntryPoint","urlTemplate":"https:\/\/www.praha14.cz\/zivot-na-praze-14\/?s={search_term_string}"},"query-input":{"@type":"PropertyValueSpecification","valueRequired":true,"valueName":"search_term_string"}}],"inLanguage":"cs"}]}},"_links":{"self":[{"href":"https:\/\/www.praha14.cz\/zivot-na-praze-14\/wp-json\/wp\/v2\/pages\/1759","targetHints":{"allow":["GET"]}}],"collection":[{"href":"https:\/\/www.praha14.cz\/zivot-na-praze-14\/wp-json\/wp\/v2\/pages"}],"about":[{"href":"https:\/\/www.praha14.cz\/zivot-na-praze-14\/wp-json\/wp\/v2\/types\/page"}],"author":[{"embeddable":true,"href":"https:\/\/www.praha14.cz\/zivot-na-praze-14\/wp-json\/wp\/v2\/users\/1"}],"replies":[{"embeddable":true,"href":"https:\/\/www.praha14.cz\/zivot-na-praze-14\/wp-json\/wp\/v2\/comments?post=1759"}],"version-history":[{"count":4,"href":"https:\/\/www.praha14.cz\/zivot-na-praze-14\/wp-json\/wp\/v2\/pages\/1759\/revisions"}],"predecessor-version":[{"id":50425,"href":"https:\/\/www.praha14.cz\/zivot-na-praze-14\/wp-json\/wp\/v2\/pages\/1759\/revisions\/50425"}],"wp:attachment":[{"href":"https:\/\/www.praha14.cz\/zivot-na-praze-14\/wp-json\/wp\/v2\/media?parent=1759"}],"curies":[{"name":"wp","href":"https:\/\/api.w.org\/{rel}","templated":true}]}}