{"id":1766,"date":"2014-05-06T17:35:36","date_gmt":"2014-05-06T16:35:36","guid":{"rendered":"https:\/\/www.praha14.cz\/zivot-na-praze-14\/?page_id=1766"},"modified":"2023-01-30T08:42:56","modified_gmt":"2023-01-30T08:42:56","slug":"zeleznicni-zastavka-a-lavka-pres-chlumeckou-a-pres-zeleznicni-zastavku","status":"publish","type":"page","link":"https:\/\/www.praha14.cz\/zivot-na-praze-14\/zeleznicni-zastavka-a-lavka-pres-chlumeckou-a-pres-zeleznicni-zastavku\/","title":{"rendered":"L\u00c1VKA P\u0158ES CHLUMECKOU A P\u0158ES \u017dELEZNI\u010cN\u00cd ZAST\u00c1VKU"},"content":{"rendered":"<p><span style=\"color: #009dde;\"><strong>Um\u00edst\u011bn\u00ed:<\/strong><\/span> kat.\u00fazem\u00ed Kyje, propojen\u00ed mezi stanic\u00ed metra Rajsk\u00e1 zahrada a zast\u00e1vkou \u010cD a z\u00e1stavbou v oblasti Na Hut\u00edch, \u00fazemn\u00ed rozhodnut\u00ed 2016<\/p>\n<p><span style=\"color: #009dde;\"><strong>Investor:<\/strong><\/span>\u00a0Hlavn\u00ed m\u011bsto Praha, Mari\u00e1nsk\u00e9 n\u00e1m\u011bst\u00ed 2, Praha 1<\/p>\n<p><span style=\"color: #009dde;\"><strong>Projektant:<\/strong><\/span>\u00a0VP\u00da Deco Praha, a.s., Podbabsk\u00e1 1014\/20, Praha 6<\/p>\n<p>d\u00e9lka 40m, vy\u00fast\u011bn\u00ed do ulice Borsk\u00e1 &#8211; U J\u00e1rku, p\u0159\u00edstup od stanice metra rampou a schodi\u0161t\u011bm, osv\u011btlen\u00ed, z\u00e1bradl\u00ed<\/p>\n<p>&nbsp;<\/p>\n<p><a href=\"https:\/\/www.praha14.cz\/app\/uploads\/sites\/4\/2014\/05\/Most_mapa.jpg\" target=\"_blank\" rel=\"noopener noreferrer\" data-rel=\"lightbox-image-0\" data-rl_title=\"\" data-rl_caption=\"\" title=\"\"><img loading=\"lazy\" decoding=\"async\" class=\"alignnone wp-image-1767 size-thumbnail\" src=\"https:\/\/www.praha14.cz\/app\/uploads\/sites\/4\/2014\/05\/Most_mapa-150x150.jpg\" alt=\"Most_mapa\" width=\"150\" height=\"150\" srcset=\"https:\/\/www.praha14.cz\/app\/uploads\/sites\/4\/2014\/05\/Most_mapa-150x150.jpg 150w, https:\/\/www.praha14.cz\/app\/uploads\/sites\/4\/2014\/05\/Most_mapa-370x370.jpg 370w, https:\/\/www.praha14.cz\/app\/uploads\/sites\/4\/2014\/05\/Most_mapa.jpg 1000w\" sizes=\"(max-width: 150px) 100vw, 150px\" \/><\/a><span style=\"line-height: 1.5em;\">\u00a0 \u00a0 \u00a0 <a href=\"https:\/\/www.praha14.cz\/app\/uploads\/sites\/4\/2014\/05\/Most_obr1-1.jpg\" target=\"_blank\" rel=\"noopener noreferrer\" data-rel=\"lightbox-image-1\" data-rl_title=\"\" data-rl_caption=\"\" title=\"\"><img loading=\"lazy\" decoding=\"async\" class=\"alignnone wp-image-30927 size-thumbnail\" src=\"https:\/\/www.praha14.cz\/app\/uploads\/sites\/4\/2014\/05\/Most_obr1-1-150x150.jpg\" alt=\"Most_obr1\" width=\"150\" height=\"150\" \/><\/a>\u00a0 \u00a0\u00a0<a href=\"https:\/\/www.praha14.cz\/app\/uploads\/sites\/4\/2014\/05\/Most_obr2-1.jpg\" target=\"_blank\" rel=\"noopener noreferrer\" data-rel=\"lightbox-image-2\" data-rl_title=\"\" data-rl_caption=\"\" title=\"\"><img loading=\"lazy\" decoding=\"async\" class=\"alignnone wp-image-30928 size-thumbnail\" src=\"https:\/\/www.praha14.cz\/app\/uploads\/sites\/4\/2014\/05\/Most_obr2-1-150x150.jpg\" alt=\"Most_obr2\" width=\"150\" height=\"150\" \/><\/a><\/span>\u00a0 \u00a0 <a href=\"https:\/\/www.praha14.cz\/app\/uploads\/sites\/4\/2014\/05\/Most_obr3.jpg\" target=\"_blank\" rel=\"noopener noreferrer\" data-rel=\"lightbox-image-3\" data-rl_title=\"\" data-rl_caption=\"\" title=\"\"><img loading=\"lazy\" decoding=\"async\" class=\"alignnone wp-image-30929 size-thumbnail\" src=\"https:\/\/www.praha14.cz\/app\/uploads\/sites\/4\/2014\/05\/Most_obr3-150x150.jpg\" alt=\"Most_obr3\" width=\"150\" height=\"150\" \/><\/a><\/p>\n<p>&nbsp;<\/p>\n","protected":false},"excerpt":{"rendered":"<p>Um\u00edst\u011bn\u00ed: kat.\u00fazem\u00ed Kyje, propojen\u00ed mezi stanic\u00ed metra Rajsk\u00e1 zahrada a zast\u00e1vkou \u010cD a z\u00e1stavbou v oblasti Na Hut\u00edch, \u00fazemn\u00ed rozhodnut\u00ed 2016 Investor:\u00a0Hlavn\u00ed m\u011bsto Praha, Mari\u00e1nsk\u00e9 n\u00e1m\u011bst\u00ed 2, Praha 1 Projektant:\u00a0VP\u00da Deco Praha, a.s., Podbabsk\u00e1 1014\/20, Praha 6 d\u00e9lka 40m, vy\u00fast\u011bn\u00ed do ulice Borsk\u00e1 &#8211; U J\u00e1rku, p\u0159\u00edstup od stanice metra rampou a schodi\u0161t\u011bm, osv\u011btlen\u00ed, z\u00e1bradl\u00ed&#8230;<\/p>\n","protected":false},"author":1,"featured_media":0,"parent":0,"menu_order":0,"comment_status":"closed","ping_status":"open","template":"","meta":{"_acf_changed":false,"footnotes":""},"class_list":["post-1766","page","type-page","status-publish","hentry"],"acf":[],"yoast_head":"<!-- This site is optimized with the Yoast SEO plugin v27.2 - https:\/\/yoast.com\/product\/yoast-seo-wordpress\/ -->\n<title>L\u00c1VKA P\u0158ES CHLUMECKOU A P\u0158ES \u017dELEZNI\u010cN\u00cd ZAST\u00c1VKU - \u017divot na Praze 14<\/title>\n<meta name=\"robots\" content=\"index, follow, max-snippet:-1, max-image-preview:large, max-video-preview:-1\" \/>\n<link rel=\"canonical\" href=\"https:\/\/www.praha14.cz\/zivot-na-praze-14\/zeleznicni-zastavka-a-lavka-pres-chlumeckou-a-pres-zeleznicni-zastavku\/\" \/>\n<meta property=\"og:locale\" content=\"cs_CZ\" \/>\n<meta property=\"og:type\" content=\"article\" \/>\n<meta property=\"og:title\" content=\"L\u00c1VKA P\u0158ES CHLUMECKOU A P\u0158ES \u017dELEZNI\u010cN\u00cd ZAST\u00c1VKU - \u017divot na Praze 14\" \/>\n<meta property=\"og:description\" content=\"Um\u00edst\u011bn\u00ed: kat.\u00fazem\u00ed Kyje, propojen\u00ed mezi stanic\u00ed metra Rajsk\u00e1 zahrada a zast\u00e1vkou \u010cD a z\u00e1stavbou v oblasti Na Hut\u00edch, \u00fazemn\u00ed rozhodnut\u00ed 2016 Investor:\u00a0Hlavn\u00ed m\u011bsto Praha, Mari\u00e1nsk\u00e9 n\u00e1m\u011bst\u00ed 2, Praha 1 Projektant:\u00a0VP\u00da Deco Praha, a.s., Podbabsk\u00e1 1014\/20, Praha 6 d\u00e9lka 40m, vy\u00fast\u011bn\u00ed do ulice Borsk\u00e1 &#8211; U J\u00e1rku, p\u0159\u00edstup od stanice metra rampou a schodi\u0161t\u011bm, osv\u011btlen\u00ed, z\u00e1bradl\u00ed...\" \/>\n<meta property=\"og:url\" content=\"https:\/\/www.praha14.cz\/zivot-na-praze-14\/zeleznicni-zastavka-a-lavka-pres-chlumeckou-a-pres-zeleznicni-zastavku\/\" \/>\n<meta property=\"og:site_name\" content=\"\u017divot na Praze 14\" \/>\n<meta property=\"article:modified_time\" content=\"2023-01-30T08:42:56+00:00\" \/>\n<meta property=\"og:image\" content=\"https:\/\/www.praha14.cz\/app\/uploads\/sites\/4\/2014\/05\/Most_mapa-150x150.jpg\" \/>\n<meta name=\"twitter:card\" content=\"summary_large_image\" \/>\n<meta name=\"twitter:label1\" content=\"Est. reading time\" \/>\n\t<meta name=\"twitter:data1\" content=\"2 minuty\" \/>\n<script type=\"application\/ld+json\" class=\"yoast-schema-graph\">{\"@context\":\"https:\/\/schema.org\",\"@graph\":[{\"@type\":\"WebPage\",\"@id\":\"https:\/\/www.praha14.cz\/zivot-na-praze-14\/zeleznicni-zastavka-a-lavka-pres-chlumeckou-a-pres-zeleznicni-zastavku\/\",\"url\":\"https:\/\/www.praha14.cz\/zivot-na-praze-14\/zeleznicni-zastavka-a-lavka-pres-chlumeckou-a-pres-zeleznicni-zastavku\/\",\"name\":\"L\u00c1VKA P\u0158ES CHLUMECKOU A P\u0158ES \u017dELEZNI\u010cN\u00cd ZAST\u00c1VKU - \u017divot na Praze 14\",\"isPartOf\":{\"@id\":\"https:\/\/www.praha14.cz\/zivot-na-praze-14\/#website\"},\"primaryImageOfPage\":{\"@id\":\"https:\/\/www.praha14.cz\/zivot-na-praze-14\/zeleznicni-zastavka-a-lavka-pres-chlumeckou-a-pres-zeleznicni-zastavku\/#primaryimage\"},\"image\":{\"@id\":\"https:\/\/www.praha14.cz\/zivot-na-praze-14\/zeleznicni-zastavka-a-lavka-pres-chlumeckou-a-pres-zeleznicni-zastavku\/#primaryimage\"},\"thumbnailUrl\":\"https:\/\/www.praha14.cz\/app\/uploads\/sites\/4\/2014\/05\/Most_mapa-150x150.jpg\",\"datePublished\":\"2014-05-06T16:35:36+00:00\",\"dateModified\":\"2023-01-30T08:42:56+00:00\",\"breadcrumb\":{\"@id\":\"https:\/\/www.praha14.cz\/zivot-na-praze-14\/zeleznicni-zastavka-a-lavka-pres-chlumeckou-a-pres-zeleznicni-zastavku\/#breadcrumb\"},\"inLanguage\":\"cs\",\"potentialAction\":[{\"@type\":\"ReadAction\",\"target\":[\"https:\/\/www.praha14.cz\/zivot-na-praze-14\/zeleznicni-zastavka-a-lavka-pres-chlumeckou-a-pres-zeleznicni-zastavku\/\"]}]},{\"@type\":\"ImageObject\",\"inLanguage\":\"cs\",\"@id\":\"https:\/\/www.praha14.cz\/zivot-na-praze-14\/zeleznicni-zastavka-a-lavka-pres-chlumeckou-a-pres-zeleznicni-zastavku\/#primaryimage\",\"url\":\"https:\/\/www.praha14.cz\/app\/uploads\/sites\/4\/2014\/05\/Most_mapa-150x150.jpg\",\"contentUrl\":\"https:\/\/www.praha14.cz\/app\/uploads\/sites\/4\/2014\/05\/Most_mapa-150x150.jpg\"},{\"@type\":\"BreadcrumbList\",\"@id\":\"https:\/\/www.praha14.cz\/zivot-na-praze-14\/zeleznicni-zastavka-a-lavka-pres-chlumeckou-a-pres-zeleznicni-zastavku\/#breadcrumb\",\"itemListElement\":[{\"@type\":\"ListItem\",\"position\":1,\"name\":\"\u017divot na Praze 14\",\"item\":\"https:\/\/www.praha14.cz\/zivot-na-praze-14\/\"},{\"@type\":\"ListItem\",\"position\":2,\"name\":\"L\u00c1VKA P\u0158ES CHLUMECKOU A P\u0158ES \u017dELEZNI\u010cN\u00cd ZAST\u00c1VKU\"}]},{\"@type\":\"WebSite\",\"@id\":\"https:\/\/www.praha14.cz\/zivot-na-praze-14\/#website\",\"url\":\"https:\/\/www.praha14.cz\/zivot-na-praze-14\/\",\"name\":\"\u017divot na Praze 14\",\"description\":\"\",\"potentialAction\":[{\"@type\":\"SearchAction\",\"target\":{\"@type\":\"EntryPoint\",\"urlTemplate\":\"https:\/\/www.praha14.cz\/zivot-na-praze-14\/?s={search_term_string}\"},\"query-input\":{\"@type\":\"PropertyValueSpecification\",\"valueRequired\":true,\"valueName\":\"search_term_string\"}}],\"inLanguage\":\"cs\"}]}<\/script>\n<!-- \/ Yoast SEO plugin. -->","yoast_head_json":{"title":"L\u00c1VKA P\u0158ES CHLUMECKOU A P\u0158ES \u017dELEZNI\u010cN\u00cd ZAST\u00c1VKU - \u017divot na Praze 14","robots":{"index":"index","follow":"follow","max-snippet":"max-snippet:-1","max-image-preview":"max-image-preview:large","max-video-preview":"max-video-preview:-1"},"canonical":"https:\/\/www.praha14.cz\/zivot-na-praze-14\/zeleznicni-zastavka-a-lavka-pres-chlumeckou-a-pres-zeleznicni-zastavku\/","og_locale":"cs_CZ","og_type":"article","og_title":"L\u00c1VKA P\u0158ES CHLUMECKOU A P\u0158ES \u017dELEZNI\u010cN\u00cd ZAST\u00c1VKU - \u017divot na Praze 14","og_description":"Um\u00edst\u011bn\u00ed: kat.\u00fazem\u00ed Kyje, propojen\u00ed mezi stanic\u00ed metra Rajsk\u00e1 zahrada a zast\u00e1vkou \u010cD a z\u00e1stavbou v oblasti Na Hut\u00edch, \u00fazemn\u00ed rozhodnut\u00ed 2016 Investor:\u00a0Hlavn\u00ed m\u011bsto Praha, Mari\u00e1nsk\u00e9 n\u00e1m\u011bst\u00ed 2, Praha 1 Projektant:\u00a0VP\u00da Deco Praha, a.s., Podbabsk\u00e1 1014\/20, Praha 6 d\u00e9lka 40m, vy\u00fast\u011bn\u00ed do ulice Borsk\u00e1 &#8211; U J\u00e1rku, p\u0159\u00edstup od stanice metra rampou a schodi\u0161t\u011bm, osv\u011btlen\u00ed, z\u00e1bradl\u00ed...","og_url":"https:\/\/www.praha14.cz\/zivot-na-praze-14\/zeleznicni-zastavka-a-lavka-pres-chlumeckou-a-pres-zeleznicni-zastavku\/","og_site_name":"\u017divot na Praze 14","article_modified_time":"2023-01-30T08:42:56+00:00","og_image":[{"url":"https:\/\/www.praha14.cz\/app\/uploads\/sites\/4\/2014\/05\/Most_mapa-150x150.jpg","type":"","width":"","height":""}],"twitter_card":"summary_large_image","twitter_misc":{"Est. reading time":"2 minuty"},"schema":{"@context":"https:\/\/schema.org","@graph":[{"@type":"WebPage","@id":"https:\/\/www.praha14.cz\/zivot-na-praze-14\/zeleznicni-zastavka-a-lavka-pres-chlumeckou-a-pres-zeleznicni-zastavku\/","url":"https:\/\/www.praha14.cz\/zivot-na-praze-14\/zeleznicni-zastavka-a-lavka-pres-chlumeckou-a-pres-zeleznicni-zastavku\/","name":"L\u00c1VKA P\u0158ES CHLUMECKOU A P\u0158ES \u017dELEZNI\u010cN\u00cd ZAST\u00c1VKU - \u017divot na Praze 14","isPartOf":{"@id":"https:\/\/www.praha14.cz\/zivot-na-praze-14\/#website"},"primaryImageOfPage":{"@id":"https:\/\/www.praha14.cz\/zivot-na-praze-14\/zeleznicni-zastavka-a-lavka-pres-chlumeckou-a-pres-zeleznicni-zastavku\/#primaryimage"},"image":{"@id":"https:\/\/www.praha14.cz\/zivot-na-praze-14\/zeleznicni-zastavka-a-lavka-pres-chlumeckou-a-pres-zeleznicni-zastavku\/#primaryimage"},"thumbnailUrl":"https:\/\/www.praha14.cz\/app\/uploads\/sites\/4\/2014\/05\/Most_mapa-150x150.jpg","datePublished":"2014-05-06T16:35:36+00:00","dateModified":"2023-01-30T08:42:56+00:00","breadcrumb":{"@id":"https:\/\/www.praha14.cz\/zivot-na-praze-14\/zeleznicni-zastavka-a-lavka-pres-chlumeckou-a-pres-zeleznicni-zastavku\/#breadcrumb"},"inLanguage":"cs","potentialAction":[{"@type":"ReadAction","target":["https:\/\/www.praha14.cz\/zivot-na-praze-14\/zeleznicni-zastavka-a-lavka-pres-chlumeckou-a-pres-zeleznicni-zastavku\/"]}]},{"@type":"ImageObject","inLanguage":"cs","@id":"https:\/\/www.praha14.cz\/zivot-na-praze-14\/zeleznicni-zastavka-a-lavka-pres-chlumeckou-a-pres-zeleznicni-zastavku\/#primaryimage","url":"https:\/\/www.praha14.cz\/app\/uploads\/sites\/4\/2014\/05\/Most_mapa-150x150.jpg","contentUrl":"https:\/\/www.praha14.cz\/app\/uploads\/sites\/4\/2014\/05\/Most_mapa-150x150.jpg"},{"@type":"BreadcrumbList","@id":"https:\/\/www.praha14.cz\/zivot-na-praze-14\/zeleznicni-zastavka-a-lavka-pres-chlumeckou-a-pres-zeleznicni-zastavku\/#breadcrumb","itemListElement":[{"@type":"ListItem","position":1,"name":"\u017divot na Praze 14","item":"https:\/\/www.praha14.cz\/zivot-na-praze-14\/"},{"@type":"ListItem","position":2,"name":"L\u00c1VKA P\u0158ES CHLUMECKOU A P\u0158ES \u017dELEZNI\u010cN\u00cd ZAST\u00c1VKU"}]},{"@type":"WebSite","@id":"https:\/\/www.praha14.cz\/zivot-na-praze-14\/#website","url":"https:\/\/www.praha14.cz\/zivot-na-praze-14\/","name":"\u017divot na Praze 14","description":"","potentialAction":[{"@type":"SearchAction","target":{"@type":"EntryPoint","urlTemplate":"https:\/\/www.praha14.cz\/zivot-na-praze-14\/?s={search_term_string}"},"query-input":{"@type":"PropertyValueSpecification","valueRequired":true,"valueName":"search_term_string"}}],"inLanguage":"cs"}]}},"_links":{"self":[{"href":"https:\/\/www.praha14.cz\/zivot-na-praze-14\/wp-json\/wp\/v2\/pages\/1766","targetHints":{"allow":["GET"]}}],"collection":[{"href":"https:\/\/www.praha14.cz\/zivot-na-praze-14\/wp-json\/wp\/v2\/pages"}],"about":[{"href":"https:\/\/www.praha14.cz\/zivot-na-praze-14\/wp-json\/wp\/v2\/types\/page"}],"author":[{"embeddable":true,"href":"https:\/\/www.praha14.cz\/zivot-na-praze-14\/wp-json\/wp\/v2\/users\/1"}],"replies":[{"embeddable":true,"href":"https:\/\/www.praha14.cz\/zivot-na-praze-14\/wp-json\/wp\/v2\/comments?post=1766"}],"version-history":[{"count":6,"href":"https:\/\/www.praha14.cz\/zivot-na-praze-14\/wp-json\/wp\/v2\/pages\/1766\/revisions"}],"predecessor-version":[{"id":38955,"href":"https:\/\/www.praha14.cz\/zivot-na-praze-14\/wp-json\/wp\/v2\/pages\/1766\/revisions\/38955"}],"wp:attachment":[{"href":"https:\/\/www.praha14.cz\/zivot-na-praze-14\/wp-json\/wp\/v2\/media?parent=1766"}],"curies":[{"name":"wp","href":"https:\/\/api.w.org\/{rel}","templated":true}]}}