{"id":1782,"date":"2014-05-06T18:03:38","date_gmt":"2014-05-06T17:03:38","guid":{"rendered":"https:\/\/www.praha14.cz\/zivot-na-praze-14\/?page_id=1782"},"modified":"2020-10-13T08:41:51","modified_gmt":"2020-10-13T08:41:51","slug":"hasicsky-zachranny-sbor-hlavniho-mesta-prahy","status":"publish","type":"page","link":"https:\/\/www.praha14.cz\/zivot-na-praze-14\/hasicsky-zachranny-sbor-hlavniho-mesta-prahy\/","title":{"rendered":"Hasi\u010dsk\u00fd z\u00e1chrann\u00fd sbor hlavn\u00edho m\u011bsta Prahy"},"content":{"rendered":"<p><strong>Sokolsk\u00e1 62<br \/>\n<\/strong><strong>121 24<br \/>\n<\/strong><strong>Praha 2<\/strong><\/p>\n<p>Odd\u011blen\u00ed prevence (ODP 4) pro Prahu 9, 14, 18, 19, 20 a 21 s\u00eddl\u00ed od 1. z\u00e1\u0159\u00ed 2010 na adrese Ol\u0161ansk\u00e1 ul. \u010d. 5, Praha 3 &#8211; \u017di\u017ekov.<\/p>\n<p><span style=\"color: #009dde\"><strong><br \/>\nTelefonn\u00ed spojen\u00ed<\/strong>:<\/span><\/p>\n<p><strong>Ing. Bohdan Mr\u00f3zek<\/strong> (vedouc\u00ed odd\u011blen\u00ed) &#8211; 950 812 401<br \/>\n<strong>Lucie Esserova<\/strong> &#8211; 950 812 403<br \/>\n<strong>Ing. Libor Dost\u00e1l<\/strong> &#8211; 950 812 404<br \/>\n<strong>Ing. Magdalena \u0158\u00edhov\u00e1<\/strong> &#8211; 950 812 405<br \/>\n<strong>Bc. Martin Sita\u0159<\/strong> &#8211; 950 812 406<br \/>\n<strong>Bc. Kate\u0159ina Kohoutov\u00e1<\/strong> (odbor ochrany obyvatelstva) &#8211; 950 812 550<\/p>\n<p>N\u00e1v\u0161t\u011bvn\u00ed den na odd\u011blen\u00ed prevence je pouze ve st\u0159edu a to v dob\u011b od 8.00 &#8211; 12.00 a 13.00 &#8211; 17.30.<br \/>\nVe\u0161kerou korespondenci a pod\u00e1n\u00ed \u017e\u00e1dost\u00ed adresujte p\u0159es centr\u00e1ln\u00ed podatelnu HZS na adresu: Sokolsk\u00e1 62, 121 24 Praha 2.<\/p>\n","protected":false},"excerpt":{"rendered":"<p>Sokolsk\u00e1 62 121 24 Praha 2 Odd\u011blen\u00ed prevence (ODP 4) pro Prahu 9, 14, 18, 19, 20 a 21 s\u00eddl\u00ed od 1. z\u00e1\u0159\u00ed 2010 na adrese Ol\u0161ansk\u00e1 ul. \u010d. 5, Praha 3 &#8211; \u017di\u017ekov. Telefonn\u00ed spojen\u00ed: Ing. Bohdan Mr\u00f3zek (vedouc\u00ed odd\u011blen\u00ed) &#8211; 950 812 401 Lucie Esserova &#8211; 950 812 403 Ing. Libor Dost\u00e1l &#8211;&#8230;<\/p>\n","protected":false},"author":1,"featured_media":0,"parent":0,"menu_order":0,"comment_status":"closed","ping_status":"open","template":"","meta":{"_acf_changed":false,"footnotes":""},"class_list":["post-1782","page","type-page","status-publish","hentry"],"acf":[],"yoast_head":"<!-- This site is optimized with the Yoast SEO plugin v27.2 - https:\/\/yoast.com\/product\/yoast-seo-wordpress\/ -->\n<title>Hasi\u010dsk\u00fd z\u00e1chrann\u00fd sbor hlavn\u00edho m\u011bsta Prahy - \u017divot na Praze 14<\/title>\n<meta name=\"robots\" content=\"index, follow, max-snippet:-1, max-image-preview:large, max-video-preview:-1\" \/>\n<link rel=\"canonical\" href=\"https:\/\/www.praha14.cz\/zivot-na-praze-14\/hasicsky-zachranny-sbor-hlavniho-mesta-prahy\/\" \/>\n<meta property=\"og:locale\" content=\"cs_CZ\" \/>\n<meta property=\"og:type\" content=\"article\" \/>\n<meta property=\"og:title\" content=\"Hasi\u010dsk\u00fd z\u00e1chrann\u00fd sbor hlavn\u00edho m\u011bsta Prahy - \u017divot na Praze 14\" \/>\n<meta property=\"og:description\" content=\"Sokolsk\u00e1 62 121 24 Praha 2 Odd\u011blen\u00ed prevence (ODP 4) pro Prahu 9, 14, 18, 19, 20 a 21 s\u00eddl\u00ed od 1. z\u00e1\u0159\u00ed 2010 na adrese Ol\u0161ansk\u00e1 ul. \u010d. 5, Praha 3 &#8211; \u017di\u017ekov. Telefonn\u00ed spojen\u00ed: Ing. Bohdan Mr\u00f3zek (vedouc\u00ed odd\u011blen\u00ed) &#8211; 950 812 401 Lucie Esserova &#8211; 950 812 403 Ing. Libor Dost\u00e1l &#8211;...\" \/>\n<meta property=\"og:url\" content=\"https:\/\/www.praha14.cz\/zivot-na-praze-14\/hasicsky-zachranny-sbor-hlavniho-mesta-prahy\/\" \/>\n<meta property=\"og:site_name\" content=\"\u017divot na Praze 14\" \/>\n<meta property=\"article:modified_time\" content=\"2020-10-13T08:41:51+00:00\" \/>\n<meta name=\"twitter:card\" content=\"summary_large_image\" \/>\n<script type=\"application\/ld+json\" class=\"yoast-schema-graph\">{\"@context\":\"https:\/\/schema.org\",\"@graph\":[{\"@type\":\"WebPage\",\"@id\":\"https:\/\/www.praha14.cz\/zivot-na-praze-14\/hasicsky-zachranny-sbor-hlavniho-mesta-prahy\/\",\"url\":\"https:\/\/www.praha14.cz\/zivot-na-praze-14\/hasicsky-zachranny-sbor-hlavniho-mesta-prahy\/\",\"name\":\"Hasi\u010dsk\u00fd z\u00e1chrann\u00fd sbor hlavn\u00edho m\u011bsta Prahy - \u017divot na Praze 14\",\"isPartOf\":{\"@id\":\"https:\/\/www.praha14.cz\/zivot-na-praze-14\/#website\"},\"datePublished\":\"2014-05-06T17:03:38+00:00\",\"dateModified\":\"2020-10-13T08:41:51+00:00\",\"breadcrumb\":{\"@id\":\"https:\/\/www.praha14.cz\/zivot-na-praze-14\/hasicsky-zachranny-sbor-hlavniho-mesta-prahy\/#breadcrumb\"},\"inLanguage\":\"cs\",\"potentialAction\":[{\"@type\":\"ReadAction\",\"target\":[\"https:\/\/www.praha14.cz\/zivot-na-praze-14\/hasicsky-zachranny-sbor-hlavniho-mesta-prahy\/\"]}]},{\"@type\":\"BreadcrumbList\",\"@id\":\"https:\/\/www.praha14.cz\/zivot-na-praze-14\/hasicsky-zachranny-sbor-hlavniho-mesta-prahy\/#breadcrumb\",\"itemListElement\":[{\"@type\":\"ListItem\",\"position\":1,\"name\":\"\u017divot na Praze 14\",\"item\":\"https:\/\/www.praha14.cz\/zivot-na-praze-14\/\"},{\"@type\":\"ListItem\",\"position\":2,\"name\":\"Hasi\u010dsk\u00fd z\u00e1chrann\u00fd sbor hlavn\u00edho m\u011bsta Prahy\"}]},{\"@type\":\"WebSite\",\"@id\":\"https:\/\/www.praha14.cz\/zivot-na-praze-14\/#website\",\"url\":\"https:\/\/www.praha14.cz\/zivot-na-praze-14\/\",\"name\":\"\u017divot na Praze 14\",\"description\":\"\",\"potentialAction\":[{\"@type\":\"SearchAction\",\"target\":{\"@type\":\"EntryPoint\",\"urlTemplate\":\"https:\/\/www.praha14.cz\/zivot-na-praze-14\/?s={search_term_string}\"},\"query-input\":{\"@type\":\"PropertyValueSpecification\",\"valueRequired\":true,\"valueName\":\"search_term_string\"}}],\"inLanguage\":\"cs\"}]}<\/script>\n<!-- \/ Yoast SEO plugin. -->","yoast_head_json":{"title":"Hasi\u010dsk\u00fd z\u00e1chrann\u00fd sbor hlavn\u00edho m\u011bsta Prahy - \u017divot na Praze 14","robots":{"index":"index","follow":"follow","max-snippet":"max-snippet:-1","max-image-preview":"max-image-preview:large","max-video-preview":"max-video-preview:-1"},"canonical":"https:\/\/www.praha14.cz\/zivot-na-praze-14\/hasicsky-zachranny-sbor-hlavniho-mesta-prahy\/","og_locale":"cs_CZ","og_type":"article","og_title":"Hasi\u010dsk\u00fd z\u00e1chrann\u00fd sbor hlavn\u00edho m\u011bsta Prahy - \u017divot na Praze 14","og_description":"Sokolsk\u00e1 62 121 24 Praha 2 Odd\u011blen\u00ed prevence (ODP 4) pro Prahu 9, 14, 18, 19, 20 a 21 s\u00eddl\u00ed od 1. z\u00e1\u0159\u00ed 2010 na adrese Ol\u0161ansk\u00e1 ul. \u010d. 5, Praha 3 &#8211; \u017di\u017ekov. Telefonn\u00ed spojen\u00ed: Ing. Bohdan Mr\u00f3zek (vedouc\u00ed odd\u011blen\u00ed) &#8211; 950 812 401 Lucie Esserova &#8211; 950 812 403 Ing. Libor Dost\u00e1l &#8211;...","og_url":"https:\/\/www.praha14.cz\/zivot-na-praze-14\/hasicsky-zachranny-sbor-hlavniho-mesta-prahy\/","og_site_name":"\u017divot na Praze 14","article_modified_time":"2020-10-13T08:41:51+00:00","twitter_card":"summary_large_image","schema":{"@context":"https:\/\/schema.org","@graph":[{"@type":"WebPage","@id":"https:\/\/www.praha14.cz\/zivot-na-praze-14\/hasicsky-zachranny-sbor-hlavniho-mesta-prahy\/","url":"https:\/\/www.praha14.cz\/zivot-na-praze-14\/hasicsky-zachranny-sbor-hlavniho-mesta-prahy\/","name":"Hasi\u010dsk\u00fd z\u00e1chrann\u00fd sbor hlavn\u00edho m\u011bsta Prahy - \u017divot na Praze 14","isPartOf":{"@id":"https:\/\/www.praha14.cz\/zivot-na-praze-14\/#website"},"datePublished":"2014-05-06T17:03:38+00:00","dateModified":"2020-10-13T08:41:51+00:00","breadcrumb":{"@id":"https:\/\/www.praha14.cz\/zivot-na-praze-14\/hasicsky-zachranny-sbor-hlavniho-mesta-prahy\/#breadcrumb"},"inLanguage":"cs","potentialAction":[{"@type":"ReadAction","target":["https:\/\/www.praha14.cz\/zivot-na-praze-14\/hasicsky-zachranny-sbor-hlavniho-mesta-prahy\/"]}]},{"@type":"BreadcrumbList","@id":"https:\/\/www.praha14.cz\/zivot-na-praze-14\/hasicsky-zachranny-sbor-hlavniho-mesta-prahy\/#breadcrumb","itemListElement":[{"@type":"ListItem","position":1,"name":"\u017divot na Praze 14","item":"https:\/\/www.praha14.cz\/zivot-na-praze-14\/"},{"@type":"ListItem","position":2,"name":"Hasi\u010dsk\u00fd z\u00e1chrann\u00fd sbor hlavn\u00edho m\u011bsta Prahy"}]},{"@type":"WebSite","@id":"https:\/\/www.praha14.cz\/zivot-na-praze-14\/#website","url":"https:\/\/www.praha14.cz\/zivot-na-praze-14\/","name":"\u017divot na Praze 14","description":"","potentialAction":[{"@type":"SearchAction","target":{"@type":"EntryPoint","urlTemplate":"https:\/\/www.praha14.cz\/zivot-na-praze-14\/?s={search_term_string}"},"query-input":{"@type":"PropertyValueSpecification","valueRequired":true,"valueName":"search_term_string"}}],"inLanguage":"cs"}]}},"_links":{"self":[{"href":"https:\/\/www.praha14.cz\/zivot-na-praze-14\/wp-json\/wp\/v2\/pages\/1782","targetHints":{"allow":["GET"]}}],"collection":[{"href":"https:\/\/www.praha14.cz\/zivot-na-praze-14\/wp-json\/wp\/v2\/pages"}],"about":[{"href":"https:\/\/www.praha14.cz\/zivot-na-praze-14\/wp-json\/wp\/v2\/types\/page"}],"author":[{"embeddable":true,"href":"https:\/\/www.praha14.cz\/zivot-na-praze-14\/wp-json\/wp\/v2\/users\/1"}],"replies":[{"embeddable":true,"href":"https:\/\/www.praha14.cz\/zivot-na-praze-14\/wp-json\/wp\/v2\/comments?post=1782"}],"version-history":[{"count":1,"href":"https:\/\/www.praha14.cz\/zivot-na-praze-14\/wp-json\/wp\/v2\/pages\/1782\/revisions"}],"predecessor-version":[{"id":57045,"href":"https:\/\/www.praha14.cz\/zivot-na-praze-14\/wp-json\/wp\/v2\/pages\/1782\/revisions\/57045"}],"wp:attachment":[{"href":"https:\/\/www.praha14.cz\/zivot-na-praze-14\/wp-json\/wp\/v2\/media?parent=1782"}],"curies":[{"name":"wp","href":"https:\/\/api.w.org\/{rel}","templated":true}]}}