{"id":189,"date":"2014-04-24T18:41:34","date_gmt":"2014-04-24T17:41:34","guid":{"rendered":"https:\/\/www.praha14.cz\/zivot-na-praze-14\/?page_id=189"},"modified":"2023-02-02T13:55:26","modified_gmt":"2023-02-02T13:55:26","slug":"budova-radnice-mc-praha-14","status":"publish","type":"page","link":"https:\/\/www.praha14.cz\/zivot-na-praze-14\/uvod-o-praze-14\/budova-radnice-mc-praha-14\/","title":{"rendered":"Budova radnice M\u010c Praha 14"},"content":{"rendered":"<p>Po vzniku m\u011bstsk\u00e9 \u010d\u00e1sti Praha 14 v lednu 1995 tvo\u0159ilo jej\u00ed m\u00edstn\u00ed \u00fa\u0159ad n\u011bkolik roztrou\u0161en\u00fdch pracovi\u0161\u0165. Za nov\u00e9 s\u00eddlo radnice byl vybr\u00e1n panelov\u00fd d\u016fm v ulici Brat\u0159\u00ed Vencl\u00edk\u016f 1073, bl\u00edzko budouc\u00ed stanice metra Rajsk\u00e1 zahrada na \u010cern\u00e9m Most\u011b I. Po \u00fapln\u00e9 rekonstrukci je dosud v tomto dom\u011b hlavn\u00ed s\u00eddlo \u00da\u0159adu M\u010c Praha 14, kter\u00fd se \u010dasem rozrostl i o dv\u011b dal\u0161\u00ed budovy v ulici Brat\u0159\u00ed Vencl\u00edk\u016f (1072 a 1070). Po p\u0159ipojen\u00ed St\u00e1tn\u00ed soci\u00e1ln\u00ed podpory a Odd\u011blen\u00ed osobn\u00edch doklad\u016f byl tak \u00da\u0159ad m\u011bstsk\u00e9 \u010d\u00e1sti Praha 14 rozm\u00edst\u011bn v celkem p\u011bti budov\u00e1ch.<\/p>\n<p>V kv\u011btnu 2002 byla dokon\u010dena prvn\u00ed etapa rekonstrukce administrativn\u00edho objektu radnice Prahy 14 na adrese Brat\u0159\u00ed Vencl\u00edk\u016f 1072 (od p\u0159\u00edzem\u00ed do druh\u00e9ho patra). Stavebn\u00ed \u00fapravy zahrnovaly zbudov\u00e1n\u00ed nov\u00e9 plynov\u00e9 kotelny v suter\u00e9nu, vyzd\u011bn\u00ed nov\u00fdch p\u0159\u00ed\u010dek, v\u00fdm\u011bnu podlahov\u00fdch krytin, instalace elekt\u0159iny, rozvod\u016f vyt\u00e1p\u011bn\u00ed, WC a kuchyn\u011bk, po\u010d\u00edta\u010dov\u00e9 s\u00edt\u011b, d\u00e1le vybudov\u00e1n\u00ed bezbari\u00e9rov\u00e9ho p\u0159\u00edstupu do objektu a proveden\u00ed keramick\u00fdch obklad\u016f.<\/p>\n<p>V listopadu 2002 byla dokon\u010dena rekonstrukce zbyl\u00fdch pater. \u00da\u0159ad pot\u00e9 opustil objekt v Brat\u0159\u00ed Vencl\u00edk\u016f 1070 a v Pod\u011bbradsk\u00e9 120 (15. 11. 2002) a s\u00eddl\u00ed nyn\u00ed pouze na\u00a0<a href=\"https:\/\/www.praha14.cz\/urad-mestske-casti\/\">dvou m\u00edstech<\/a>, a to Brat\u0159\u00ed Vencl\u00edk\u016f 1073 a 1072.<\/p>\n<p>St\u00e1tn\u00ed soci\u00e1ln\u00ed podpora v ulici Gener\u00e1la Janou\u0161ka 844 p\u0159e\u0161la od 1. 1. 2009 pod Ministerstvo pr\u00e1ce a soci\u00e1ln\u00edch v\u011bc\u00ed.<br \/>\nHlavn\u00ed budova radnice se nach\u00e1z\u00ed na 50\u00b006&#8217;21&#8220; severn\u00ed \u0161\u00ed\u0159ky a 14\u00b033&#8217;37&#8220; v\u00fdchodn\u00ed d\u00e9lky.<\/p>\n<p>V letech 2020 a 2021 byly radni\u010dn\u00ed budovy v ulici Brat\u0159\u00ed Vencl\u00edk\u016f (1072 a 1073) modernizov\u00e1ny (finan\u010dn\u00ed podpora z evropsk\u00e9ho Opera\u010dn\u00edho programu Praha &#8211; p\u00f3l r\u016fstu). B\u011bhem rekonstrukce do\u0161lo k zateplen\u00ed objekt\u016f, v\u00fdm\u011bn\u011b oken i dve\u0159\u00ed, k instalaci nov\u00fdch elektrick\u00fdch rozvod\u016f, v\u00fdm\u011bn\u011b kotl\u016f \u010di k instalaci nov\u00e9 inteligentn\u00ed vzduchotechniky. D\u00edky uveden\u00fdm opat\u0159en\u00edm byla sn\u00ed\u017eena energetick\u00e1 spot\u0159eba budov.<\/p>\n<p>&nbsp;<\/p>\n<p><a href=\"https:\/\/www.praha14.cz\/app\/uploads\/sites\/4\/2023\/02\/foto-radnice-nova-1.-12.-2021-scaled.jpg\" target=\"_blank\" rel=\"noopener\" data-rel=\"lightbox-image-0\" data-rl_title=\"\" data-rl_caption=\"\"><img loading=\"lazy\" decoding=\"async\" class=\"alignnone wp-image-66092\" title=\"\" src=\"https:\/\/www.praha14.cz\/app\/uploads\/sites\/4\/2023\/02\/foto-radnice-nova-1.-12.-2021-scaled.jpg\" alt=\"Budova radnice v ulici Brat\u0159\u00ed Vencl\u00edk\u016f po rekonstrukci v letech 2020 a\u017e 2021\" width=\"185\" height=\"139\" srcset=\"https:\/\/www.praha14.cz\/app\/uploads\/sites\/4\/2023\/02\/foto-radnice-nova-1.-12.-2021-scaled.jpg 2560w, https:\/\/www.praha14.cz\/app\/uploads\/sites\/4\/2023\/02\/foto-radnice-nova-1.-12.-2021-370x278.jpg 370w, https:\/\/www.praha14.cz\/app\/uploads\/sites\/4\/2023\/02\/foto-radnice-nova-1.-12.-2021-1024x768.jpg 1024w, https:\/\/www.praha14.cz\/app\/uploads\/sites\/4\/2023\/02\/foto-radnice-nova-1.-12.-2021-768x576.jpg 768w, https:\/\/www.praha14.cz\/app\/uploads\/sites\/4\/2023\/02\/foto-radnice-nova-1.-12.-2021-1536x1152.jpg 1536w, https:\/\/www.praha14.cz\/app\/uploads\/sites\/4\/2023\/02\/foto-radnice-nova-1.-12.-2021-2048x1536.jpg 2048w\" sizes=\"(max-width: 185px) 100vw, 185px\" \/><\/a> \u00a0\u00a0 <img loading=\"lazy\" decoding=\"async\" class=\"alignnone\" src=\"https:\/\/www.praha14.cz\/app\/uploads\/sites\/4\/2014\/04\/radnice.jpg\" alt=\"Budova radnice v ul. Brat\u0159\u00ed Vencl\u00edk\u016f\" width=\"194\" height=\"138\" \/><span style=\"line-height: 1.5em;\">\u00a0 \u00a0 \u00a0 \u00a0\u00a0<\/span><img loading=\"lazy\" decoding=\"async\" class=\"alignnone\" src=\"https:\/\/www.praha14.cz\/app\/uploads\/sites\/4\/2014\/04\/radnice_vchod1.jpg\" alt=\"Budova radnice v ul. Brat\u0159\u00ed Vencl\u00edk\u016f\" width=\"202\" height=\"136\" \/><span style=\"line-height: 1.5em;\">\u00a0 \u00a0 \u00a0 \u00a0\u00a0<\/span><img loading=\"lazy\" decoding=\"async\" class=\"alignnone\" style=\"line-height: 1.5em;\" src=\"https:\/\/www.praha14.cz\/app\/uploads\/sites\/4\/2014\/04\/radnice_vchod2.jpg\" alt=\"Budova radnice v ul. Brat\u0159\u00ed Vencl\u00edk\u016f\" width=\"193\" height=\"134\" \/><\/p>\n","protected":false},"excerpt":{"rendered":"<p>Po vzniku m\u011bstsk\u00e9 \u010d\u00e1sti Praha 14 v lednu 1995 tvo\u0159ilo jej\u00ed m\u00edstn\u00ed \u00fa\u0159ad n\u011bkolik roztrou\u0161en\u00fdch pracovi\u0161\u0165. Za nov\u00e9 s\u00eddlo radnice byl vybr\u00e1n panelov\u00fd d\u016fm v ulici Brat\u0159\u00ed Vencl\u00edk\u016f 1073, bl\u00edzko budouc\u00ed stanice metra Rajsk\u00e1 zahrada na \u010cern\u00e9m Most\u011b I. Po \u00fapln\u00e9 rekonstrukci je dosud v tomto dom\u011b hlavn\u00ed s\u00eddlo \u00da\u0159adu M\u010c Praha 14, kter\u00fd se&#8230;<\/p>\n","protected":false},"author":1,"featured_media":0,"parent":64,"menu_order":0,"comment_status":"closed","ping_status":"open","template":"","meta":{"_acf_changed":false,"footnotes":""},"class_list":["post-189","page","type-page","status-publish","hentry"],"acf":[],"yoast_head":"<!-- This site is optimized with the Yoast SEO plugin v27.2 - https:\/\/yoast.com\/product\/yoast-seo-wordpress\/ -->\n<title>Budova radnice M\u010c Praha 14 - \u017divot na Praze 14<\/title>\n<meta name=\"robots\" content=\"index, follow, max-snippet:-1, max-image-preview:large, max-video-preview:-1\" \/>\n<link rel=\"canonical\" href=\"https:\/\/www.praha14.cz\/zivot-na-praze-14\/uvod-o-praze-14\/budova-radnice-mc-praha-14\/\" \/>\n<meta property=\"og:locale\" content=\"cs_CZ\" \/>\n<meta property=\"og:type\" content=\"article\" \/>\n<meta property=\"og:title\" content=\"Budova radnice M\u010c Praha 14 - \u017divot na Praze 14\" \/>\n<meta property=\"og:description\" content=\"Po vzniku m\u011bstsk\u00e9 \u010d\u00e1sti Praha 14 v lednu 1995 tvo\u0159ilo jej\u00ed m\u00edstn\u00ed \u00fa\u0159ad n\u011bkolik roztrou\u0161en\u00fdch pracovi\u0161\u0165. Za nov\u00e9 s\u00eddlo radnice byl vybr\u00e1n panelov\u00fd d\u016fm v ulici Brat\u0159\u00ed Vencl\u00edk\u016f 1073, bl\u00edzko budouc\u00ed stanice metra Rajsk\u00e1 zahrada na \u010cern\u00e9m Most\u011b I. Po \u00fapln\u00e9 rekonstrukci je dosud v tomto dom\u011b hlavn\u00ed s\u00eddlo \u00da\u0159adu M\u010c Praha 14, kter\u00fd se...\" \/>\n<meta property=\"og:url\" content=\"https:\/\/www.praha14.cz\/zivot-na-praze-14\/uvod-o-praze-14\/budova-radnice-mc-praha-14\/\" \/>\n<meta property=\"og:site_name\" content=\"\u017divot na Praze 14\" \/>\n<meta property=\"article:modified_time\" content=\"2023-02-02T13:55:26+00:00\" \/>\n<meta property=\"og:image\" content=\"https:\/\/www.praha14.cz\/app\/uploads\/sites\/4\/2023\/02\/foto-radnice-nova-1.-12.-2021-scaled.jpg\" \/>\n<meta name=\"twitter:card\" content=\"summary_large_image\" \/>\n<meta name=\"twitter:label1\" content=\"Est. reading time\" \/>\n\t<meta name=\"twitter:data1\" content=\"3 minuty\" \/>\n<script type=\"application\/ld+json\" class=\"yoast-schema-graph\">{\"@context\":\"https:\/\/schema.org\",\"@graph\":[{\"@type\":\"WebPage\",\"@id\":\"https:\/\/www.praha14.cz\/zivot-na-praze-14\/uvod-o-praze-14\/budova-radnice-mc-praha-14\/\",\"url\":\"https:\/\/www.praha14.cz\/zivot-na-praze-14\/uvod-o-praze-14\/budova-radnice-mc-praha-14\/\",\"name\":\"Budova radnice M\u010c Praha 14 - \u017divot na Praze 14\",\"isPartOf\":{\"@id\":\"https:\/\/www.praha14.cz\/zivot-na-praze-14\/#website\"},\"primaryImageOfPage\":{\"@id\":\"https:\/\/www.praha14.cz\/zivot-na-praze-14\/uvod-o-praze-14\/budova-radnice-mc-praha-14\/#primaryimage\"},\"image\":{\"@id\":\"https:\/\/www.praha14.cz\/zivot-na-praze-14\/uvod-o-praze-14\/budova-radnice-mc-praha-14\/#primaryimage\"},\"thumbnailUrl\":\"https:\/\/www.praha14.cz\/app\/uploads\/sites\/4\/2023\/02\/foto-radnice-nova-1.-12.-2021-scaled.jpg\",\"datePublished\":\"2014-04-24T17:41:34+00:00\",\"dateModified\":\"2023-02-02T13:55:26+00:00\",\"breadcrumb\":{\"@id\":\"https:\/\/www.praha14.cz\/zivot-na-praze-14\/uvod-o-praze-14\/budova-radnice-mc-praha-14\/#breadcrumb\"},\"inLanguage\":\"cs\",\"potentialAction\":[{\"@type\":\"ReadAction\",\"target\":[\"https:\/\/www.praha14.cz\/zivot-na-praze-14\/uvod-o-praze-14\/budova-radnice-mc-praha-14\/\"]}]},{\"@type\":\"ImageObject\",\"inLanguage\":\"cs\",\"@id\":\"https:\/\/www.praha14.cz\/zivot-na-praze-14\/uvod-o-praze-14\/budova-radnice-mc-praha-14\/#primaryimage\",\"url\":\"https:\/\/www.praha14.cz\/app\/uploads\/sites\/4\/2023\/02\/foto-radnice-nova-1.-12.-2021-scaled.jpg\",\"contentUrl\":\"https:\/\/www.praha14.cz\/app\/uploads\/sites\/4\/2023\/02\/foto-radnice-nova-1.-12.-2021-scaled.jpg\"},{\"@type\":\"BreadcrumbList\",\"@id\":\"https:\/\/www.praha14.cz\/zivot-na-praze-14\/uvod-o-praze-14\/budova-radnice-mc-praha-14\/#breadcrumb\",\"itemListElement\":[{\"@type\":\"ListItem\",\"position\":1,\"name\":\"\u017divot na Praze 14\",\"item\":\"https:\/\/www.praha14.cz\/zivot-na-praze-14\/\"},{\"@type\":\"ListItem\",\"position\":2,\"name\":\"O Praze 14\",\"item\":\"https:\/\/www.praha14.cz\/zivot-na-praze-14\/uvod-o-praze-14\/\"},{\"@type\":\"ListItem\",\"position\":3,\"name\":\"Budova radnice M\u010c Praha 14\"}]},{\"@type\":\"WebSite\",\"@id\":\"https:\/\/www.praha14.cz\/zivot-na-praze-14\/#website\",\"url\":\"https:\/\/www.praha14.cz\/zivot-na-praze-14\/\",\"name\":\"\u017divot na Praze 14\",\"description\":\"\",\"potentialAction\":[{\"@type\":\"SearchAction\",\"target\":{\"@type\":\"EntryPoint\",\"urlTemplate\":\"https:\/\/www.praha14.cz\/zivot-na-praze-14\/?s={search_term_string}\"},\"query-input\":{\"@type\":\"PropertyValueSpecification\",\"valueRequired\":true,\"valueName\":\"search_term_string\"}}],\"inLanguage\":\"cs\"}]}<\/script>\n<!-- \/ Yoast SEO plugin. -->","yoast_head_json":{"title":"Budova radnice M\u010c Praha 14 - \u017divot na Praze 14","robots":{"index":"index","follow":"follow","max-snippet":"max-snippet:-1","max-image-preview":"max-image-preview:large","max-video-preview":"max-video-preview:-1"},"canonical":"https:\/\/www.praha14.cz\/zivot-na-praze-14\/uvod-o-praze-14\/budova-radnice-mc-praha-14\/","og_locale":"cs_CZ","og_type":"article","og_title":"Budova radnice M\u010c Praha 14 - \u017divot na Praze 14","og_description":"Po vzniku m\u011bstsk\u00e9 \u010d\u00e1sti Praha 14 v lednu 1995 tvo\u0159ilo jej\u00ed m\u00edstn\u00ed \u00fa\u0159ad n\u011bkolik roztrou\u0161en\u00fdch pracovi\u0161\u0165. Za nov\u00e9 s\u00eddlo radnice byl vybr\u00e1n panelov\u00fd d\u016fm v ulici Brat\u0159\u00ed Vencl\u00edk\u016f 1073, bl\u00edzko budouc\u00ed stanice metra Rajsk\u00e1 zahrada na \u010cern\u00e9m Most\u011b I. Po \u00fapln\u00e9 rekonstrukci je dosud v tomto dom\u011b hlavn\u00ed s\u00eddlo \u00da\u0159adu M\u010c Praha 14, kter\u00fd se...","og_url":"https:\/\/www.praha14.cz\/zivot-na-praze-14\/uvod-o-praze-14\/budova-radnice-mc-praha-14\/","og_site_name":"\u017divot na Praze 14","article_modified_time":"2023-02-02T13:55:26+00:00","og_image":[{"url":"https:\/\/www.praha14.cz\/app\/uploads\/sites\/4\/2023\/02\/foto-radnice-nova-1.-12.-2021-scaled.jpg","type":"","width":"","height":""}],"twitter_card":"summary_large_image","twitter_misc":{"Est. reading time":"3 minuty"},"schema":{"@context":"https:\/\/schema.org","@graph":[{"@type":"WebPage","@id":"https:\/\/www.praha14.cz\/zivot-na-praze-14\/uvod-o-praze-14\/budova-radnice-mc-praha-14\/","url":"https:\/\/www.praha14.cz\/zivot-na-praze-14\/uvod-o-praze-14\/budova-radnice-mc-praha-14\/","name":"Budova radnice M\u010c Praha 14 - \u017divot na Praze 14","isPartOf":{"@id":"https:\/\/www.praha14.cz\/zivot-na-praze-14\/#website"},"primaryImageOfPage":{"@id":"https:\/\/www.praha14.cz\/zivot-na-praze-14\/uvod-o-praze-14\/budova-radnice-mc-praha-14\/#primaryimage"},"image":{"@id":"https:\/\/www.praha14.cz\/zivot-na-praze-14\/uvod-o-praze-14\/budova-radnice-mc-praha-14\/#primaryimage"},"thumbnailUrl":"https:\/\/www.praha14.cz\/app\/uploads\/sites\/4\/2023\/02\/foto-radnice-nova-1.-12.-2021-scaled.jpg","datePublished":"2014-04-24T17:41:34+00:00","dateModified":"2023-02-02T13:55:26+00:00","breadcrumb":{"@id":"https:\/\/www.praha14.cz\/zivot-na-praze-14\/uvod-o-praze-14\/budova-radnice-mc-praha-14\/#breadcrumb"},"inLanguage":"cs","potentialAction":[{"@type":"ReadAction","target":["https:\/\/www.praha14.cz\/zivot-na-praze-14\/uvod-o-praze-14\/budova-radnice-mc-praha-14\/"]}]},{"@type":"ImageObject","inLanguage":"cs","@id":"https:\/\/www.praha14.cz\/zivot-na-praze-14\/uvod-o-praze-14\/budova-radnice-mc-praha-14\/#primaryimage","url":"https:\/\/www.praha14.cz\/app\/uploads\/sites\/4\/2023\/02\/foto-radnice-nova-1.-12.-2021-scaled.jpg","contentUrl":"https:\/\/www.praha14.cz\/app\/uploads\/sites\/4\/2023\/02\/foto-radnice-nova-1.-12.-2021-scaled.jpg"},{"@type":"BreadcrumbList","@id":"https:\/\/www.praha14.cz\/zivot-na-praze-14\/uvod-o-praze-14\/budova-radnice-mc-praha-14\/#breadcrumb","itemListElement":[{"@type":"ListItem","position":1,"name":"\u017divot na Praze 14","item":"https:\/\/www.praha14.cz\/zivot-na-praze-14\/"},{"@type":"ListItem","position":2,"name":"O Praze 14","item":"https:\/\/www.praha14.cz\/zivot-na-praze-14\/uvod-o-praze-14\/"},{"@type":"ListItem","position":3,"name":"Budova radnice M\u010c Praha 14"}]},{"@type":"WebSite","@id":"https:\/\/www.praha14.cz\/zivot-na-praze-14\/#website","url":"https:\/\/www.praha14.cz\/zivot-na-praze-14\/","name":"\u017divot na Praze 14","description":"","potentialAction":[{"@type":"SearchAction","target":{"@type":"EntryPoint","urlTemplate":"https:\/\/www.praha14.cz\/zivot-na-praze-14\/?s={search_term_string}"},"query-input":{"@type":"PropertyValueSpecification","valueRequired":true,"valueName":"search_term_string"}}],"inLanguage":"cs"}]}},"_links":{"self":[{"href":"https:\/\/www.praha14.cz\/zivot-na-praze-14\/wp-json\/wp\/v2\/pages\/189","targetHints":{"allow":["GET"]}}],"collection":[{"href":"https:\/\/www.praha14.cz\/zivot-na-praze-14\/wp-json\/wp\/v2\/pages"}],"about":[{"href":"https:\/\/www.praha14.cz\/zivot-na-praze-14\/wp-json\/wp\/v2\/types\/page"}],"author":[{"embeddable":true,"href":"https:\/\/www.praha14.cz\/zivot-na-praze-14\/wp-json\/wp\/v2\/users\/1"}],"replies":[{"embeddable":true,"href":"https:\/\/www.praha14.cz\/zivot-na-praze-14\/wp-json\/wp\/v2\/comments?post=189"}],"version-history":[{"count":4,"href":"https:\/\/www.praha14.cz\/zivot-na-praze-14\/wp-json\/wp\/v2\/pages\/189\/revisions"}],"predecessor-version":[{"id":66094,"href":"https:\/\/www.praha14.cz\/zivot-na-praze-14\/wp-json\/wp\/v2\/pages\/189\/revisions\/66094"}],"up":[{"embeddable":true,"href":"https:\/\/www.praha14.cz\/zivot-na-praze-14\/wp-json\/wp\/v2\/pages\/64"}],"wp:attachment":[{"href":"https:\/\/www.praha14.cz\/zivot-na-praze-14\/wp-json\/wp\/v2\/media?parent=189"}],"curies":[{"name":"wp","href":"https:\/\/api.w.org\/{rel}","templated":true}]}}