{"id":19411,"date":"2014-06-23T13:31:00","date_gmt":"2014-06-23T12:31:00","guid":{"rendered":"https:\/\/www.praha14.cz\/zivot-na-praze-14\/?page_id=19411"},"modified":"2023-01-30T13:13:50","modified_gmt":"2023-01-30T13:13:50","slug":"nsp14-1","status":"publish","type":"page","link":"https:\/\/www.praha14.cz\/zivot-na-praze-14\/nsp14-1\/","title":{"rendered":"Nau\u010dn\u00e1 stezka &#8211; 14 zastaven\u00ed na Praze 14"},"content":{"rendered":"<p><span style=\"color: #000000;\">Nau\u010dn\u00e1 stezka v\u00e1s prov\u00e1z\u00ed po zaj\u00edmav\u00fdch m\u00edstech Prahy 14. Od prvn\u00edho zastaven\u00ed u stanice metra B Hloub\u011bt\u00edn v\u00e1s stezka d\u00e1le zav\u00e1d\u00ed do Kyj\u00ed, p\u0159es Jahodnici do Hostavic a na \u010cern\u00fd Most k oblasti Hut\u00ed. Celkov\u00e1 d\u00e9lka trasy je 11,7 kilometru.<\/span><\/p>\n<p><b>Zastaven\u00ed prvn\u00ed&#8230;<\/b><\/p>\n<div id=\"attachment_19413\" style=\"width: 380px\" class=\"wp-caption aligncenter\"><img loading=\"lazy\" decoding=\"async\" aria-describedby=\"caption-attachment-19413\" class=\"wp-image-19413 size-medium\" src=\"https:\/\/www.praha14.cz\/app\/uploads\/sites\/4\/2014\/06\/Hloubetin_web-370x246.jpg\" alt=\"Hloub\u011bt\u00edn \/ Nau\u010dn\u00e1 stezka\" width=\"370\" height=\"246\" srcset=\"https:\/\/www.praha14.cz\/app\/uploads\/sites\/4\/2014\/06\/Hloubetin_web-370x246.jpg 370w, https:\/\/www.praha14.cz\/app\/uploads\/sites\/4\/2014\/06\/Hloubetin_web.jpg 400w\" sizes=\"(max-width: 370px) 100vw, 370px\" \/><p id=\"caption-attachment-19413\" class=\"wp-caption-text\">Hloub\u011bt\u00edn \/ Nau\u010dn\u00e1 stezka<\/p><\/div>\n<p style=\"color: #000000; text-align: center;\" align=\"center\">Na m\u00edst\u011b Hloub\u011bt\u00edna \u017eili lid\u00e9 ji\u017e v 10. stolet\u00ed. Jm\u00e9no obce historick\u00e9 prameny spojuj\u00ed s postavou vladyky Hlupoty. Dne\u0161n\u00ed podobu z\u00edskal Hloub\u011bt\u00edn a\u017e v roce 1907. K Praze byl Hloub\u011bt\u00edn p\u0159ipojen v roce 1922.<\/p>\n<div id=\"attachment_19414\" style=\"width: 380px\" class=\"wp-caption aligncenter\"><img loading=\"lazy\" decoding=\"async\" aria-describedby=\"caption-attachment-19414\" class=\"wp-image-19414 size-medium\" src=\"https:\/\/www.praha14.cz\/app\/uploads\/sites\/4\/2014\/06\/02Bazen_web-370x246.jpg\" alt=\"Baz\u00e9n \/ Nau\u010dn\u00e1 stezka\" width=\"370\" height=\"246\" srcset=\"https:\/\/www.praha14.cz\/app\/uploads\/sites\/4\/2014\/06\/02Bazen_web-370x246.jpg 370w, https:\/\/www.praha14.cz\/app\/uploads\/sites\/4\/2014\/06\/02Bazen_web.jpg 400w\" sizes=\"(max-width: 370px) 100vw, 370px\" \/><p id=\"caption-attachment-19414\" class=\"wp-caption-text\">Baz\u00e9n \/ Nau\u010dn\u00e1 stezka<\/p><\/div>\n","protected":false},"excerpt":{"rendered":"<p>Nau\u010dn\u00e1 stezka v\u00e1s prov\u00e1z\u00ed po zaj\u00edmav\u00fdch m\u00edstech Prahy 14. Od prvn\u00edho zastaven\u00ed u stanice metra B Hloub\u011bt\u00edn v\u00e1s stezka d\u00e1le zav\u00e1d\u00ed do Kyj\u00ed, p\u0159es Jahodnici do Hostavic a na \u010cern\u00fd Most k oblasti Hut\u00ed. Celkov\u00e1 d\u00e9lka trasy je 11,7 kilometru. Zastaven\u00ed prvn\u00ed&#8230; Na m\u00edst\u011b Hloub\u011bt\u00edna \u017eili lid\u00e9 ji\u017e v 10. stolet\u00ed. Jm\u00e9no obce historick\u00e9 prameny&#8230;<\/p>\n","protected":false},"author":1,"featured_media":0,"parent":0,"menu_order":0,"comment_status":"closed","ping_status":"open","template":"","meta":{"_acf_changed":false,"footnotes":""},"class_list":["post-19411","page","type-page","status-publish","hentry"],"acf":[],"yoast_head":"<!-- This site is optimized with the Yoast SEO plugin v27.2 - https:\/\/yoast.com\/product\/yoast-seo-wordpress\/ -->\n<title>Nau\u010dn\u00e1 stezka - 14 zastaven\u00ed na Praze 14 - \u017divot na Praze 14<\/title>\n<meta name=\"robots\" content=\"index, follow, max-snippet:-1, max-image-preview:large, max-video-preview:-1\" \/>\n<link rel=\"canonical\" href=\"https:\/\/www.praha14.cz\/zivot-na-praze-14\/nsp14-1\/\" \/>\n<meta property=\"og:locale\" content=\"cs_CZ\" \/>\n<meta property=\"og:type\" content=\"article\" \/>\n<meta property=\"og:title\" content=\"Nau\u010dn\u00e1 stezka - 14 zastaven\u00ed na Praze 14 - \u017divot na Praze 14\" \/>\n<meta property=\"og:description\" content=\"Nau\u010dn\u00e1 stezka v\u00e1s prov\u00e1z\u00ed po zaj\u00edmav\u00fdch m\u00edstech Prahy 14. Od prvn\u00edho zastaven\u00ed u stanice metra B Hloub\u011bt\u00edn v\u00e1s stezka d\u00e1le zav\u00e1d\u00ed do Kyj\u00ed, p\u0159es Jahodnici do Hostavic a na \u010cern\u00fd Most k oblasti Hut\u00ed. Celkov\u00e1 d\u00e9lka trasy je 11,7 kilometru. Zastaven\u00ed prvn\u00ed&#8230; Na m\u00edst\u011b Hloub\u011bt\u00edna \u017eili lid\u00e9 ji\u017e v 10. stolet\u00ed. Jm\u00e9no obce historick\u00e9 prameny...\" \/>\n<meta property=\"og:url\" content=\"https:\/\/www.praha14.cz\/zivot-na-praze-14\/nsp14-1\/\" \/>\n<meta property=\"og:site_name\" content=\"\u017divot na Praze 14\" \/>\n<meta property=\"article:modified_time\" content=\"2023-01-30T13:13:50+00:00\" \/>\n<meta property=\"og:image\" content=\"https:\/\/www.praha14.cz\/app\/uploads\/sites\/4\/2014\/06\/Hloubetin_web-370x246.jpg\" \/>\n<meta name=\"twitter:card\" content=\"summary_large_image\" \/>\n<meta name=\"twitter:label1\" content=\"Est. reading time\" \/>\n\t<meta name=\"twitter:data1\" content=\"1 minuta\" \/>\n<script type=\"application\/ld+json\" class=\"yoast-schema-graph\">{\"@context\":\"https:\/\/schema.org\",\"@graph\":[{\"@type\":\"WebPage\",\"@id\":\"https:\/\/www.praha14.cz\/zivot-na-praze-14\/nsp14-1\/\",\"url\":\"https:\/\/www.praha14.cz\/zivot-na-praze-14\/nsp14-1\/\",\"name\":\"Nau\u010dn\u00e1 stezka - 14 zastaven\u00ed na Praze 14 - \u017divot na Praze 14\",\"isPartOf\":{\"@id\":\"https:\/\/www.praha14.cz\/zivot-na-praze-14\/#website\"},\"primaryImageOfPage\":{\"@id\":\"https:\/\/www.praha14.cz\/zivot-na-praze-14\/nsp14-1\/#primaryimage\"},\"image\":{\"@id\":\"https:\/\/www.praha14.cz\/zivot-na-praze-14\/nsp14-1\/#primaryimage\"},\"thumbnailUrl\":\"https:\/\/www.praha14.cz\/app\/uploads\/sites\/4\/2014\/06\/Hloubetin_web-370x246.jpg\",\"datePublished\":\"2014-06-23T12:31:00+00:00\",\"dateModified\":\"2023-01-30T13:13:50+00:00\",\"breadcrumb\":{\"@id\":\"https:\/\/www.praha14.cz\/zivot-na-praze-14\/nsp14-1\/#breadcrumb\"},\"inLanguage\":\"cs\",\"potentialAction\":[{\"@type\":\"ReadAction\",\"target\":[\"https:\/\/www.praha14.cz\/zivot-na-praze-14\/nsp14-1\/\"]}]},{\"@type\":\"ImageObject\",\"inLanguage\":\"cs\",\"@id\":\"https:\/\/www.praha14.cz\/zivot-na-praze-14\/nsp14-1\/#primaryimage\",\"url\":\"https:\/\/www.praha14.cz\/app\/uploads\/sites\/4\/2014\/06\/Hloubetin_web-370x246.jpg\",\"contentUrl\":\"https:\/\/www.praha14.cz\/app\/uploads\/sites\/4\/2014\/06\/Hloubetin_web-370x246.jpg\"},{\"@type\":\"BreadcrumbList\",\"@id\":\"https:\/\/www.praha14.cz\/zivot-na-praze-14\/nsp14-1\/#breadcrumb\",\"itemListElement\":[{\"@type\":\"ListItem\",\"position\":1,\"name\":\"\u017divot na Praze 14\",\"item\":\"https:\/\/www.praha14.cz\/zivot-na-praze-14\/\"},{\"@type\":\"ListItem\",\"position\":2,\"name\":\"Nau\u010dn\u00e1 stezka &#8211; 14 zastaven\u00ed na Praze 14\"}]},{\"@type\":\"WebSite\",\"@id\":\"https:\/\/www.praha14.cz\/zivot-na-praze-14\/#website\",\"url\":\"https:\/\/www.praha14.cz\/zivot-na-praze-14\/\",\"name\":\"\u017divot na Praze 14\",\"description\":\"\",\"potentialAction\":[{\"@type\":\"SearchAction\",\"target\":{\"@type\":\"EntryPoint\",\"urlTemplate\":\"https:\/\/www.praha14.cz\/zivot-na-praze-14\/?s={search_term_string}\"},\"query-input\":{\"@type\":\"PropertyValueSpecification\",\"valueRequired\":true,\"valueName\":\"search_term_string\"}}],\"inLanguage\":\"cs\"}]}<\/script>\n<!-- \/ Yoast SEO plugin. -->","yoast_head_json":{"title":"Nau\u010dn\u00e1 stezka - 14 zastaven\u00ed na Praze 14 - \u017divot na Praze 14","robots":{"index":"index","follow":"follow","max-snippet":"max-snippet:-1","max-image-preview":"max-image-preview:large","max-video-preview":"max-video-preview:-1"},"canonical":"https:\/\/www.praha14.cz\/zivot-na-praze-14\/nsp14-1\/","og_locale":"cs_CZ","og_type":"article","og_title":"Nau\u010dn\u00e1 stezka - 14 zastaven\u00ed na Praze 14 - \u017divot na Praze 14","og_description":"Nau\u010dn\u00e1 stezka v\u00e1s prov\u00e1z\u00ed po zaj\u00edmav\u00fdch m\u00edstech Prahy 14. Od prvn\u00edho zastaven\u00ed u stanice metra B Hloub\u011bt\u00edn v\u00e1s stezka d\u00e1le zav\u00e1d\u00ed do Kyj\u00ed, p\u0159es Jahodnici do Hostavic a na \u010cern\u00fd Most k oblasti Hut\u00ed. Celkov\u00e1 d\u00e9lka trasy je 11,7 kilometru. Zastaven\u00ed prvn\u00ed&#8230; Na m\u00edst\u011b Hloub\u011bt\u00edna \u017eili lid\u00e9 ji\u017e v 10. stolet\u00ed. Jm\u00e9no obce historick\u00e9 prameny...","og_url":"https:\/\/www.praha14.cz\/zivot-na-praze-14\/nsp14-1\/","og_site_name":"\u017divot na Praze 14","article_modified_time":"2023-01-30T13:13:50+00:00","og_image":[{"url":"https:\/\/www.praha14.cz\/app\/uploads\/sites\/4\/2014\/06\/Hloubetin_web-370x246.jpg","type":"","width":"","height":""}],"twitter_card":"summary_large_image","twitter_misc":{"Est. reading time":"1 minuta"},"schema":{"@context":"https:\/\/schema.org","@graph":[{"@type":"WebPage","@id":"https:\/\/www.praha14.cz\/zivot-na-praze-14\/nsp14-1\/","url":"https:\/\/www.praha14.cz\/zivot-na-praze-14\/nsp14-1\/","name":"Nau\u010dn\u00e1 stezka - 14 zastaven\u00ed na Praze 14 - \u017divot na Praze 14","isPartOf":{"@id":"https:\/\/www.praha14.cz\/zivot-na-praze-14\/#website"},"primaryImageOfPage":{"@id":"https:\/\/www.praha14.cz\/zivot-na-praze-14\/nsp14-1\/#primaryimage"},"image":{"@id":"https:\/\/www.praha14.cz\/zivot-na-praze-14\/nsp14-1\/#primaryimage"},"thumbnailUrl":"https:\/\/www.praha14.cz\/app\/uploads\/sites\/4\/2014\/06\/Hloubetin_web-370x246.jpg","datePublished":"2014-06-23T12:31:00+00:00","dateModified":"2023-01-30T13:13:50+00:00","breadcrumb":{"@id":"https:\/\/www.praha14.cz\/zivot-na-praze-14\/nsp14-1\/#breadcrumb"},"inLanguage":"cs","potentialAction":[{"@type":"ReadAction","target":["https:\/\/www.praha14.cz\/zivot-na-praze-14\/nsp14-1\/"]}]},{"@type":"ImageObject","inLanguage":"cs","@id":"https:\/\/www.praha14.cz\/zivot-na-praze-14\/nsp14-1\/#primaryimage","url":"https:\/\/www.praha14.cz\/app\/uploads\/sites\/4\/2014\/06\/Hloubetin_web-370x246.jpg","contentUrl":"https:\/\/www.praha14.cz\/app\/uploads\/sites\/4\/2014\/06\/Hloubetin_web-370x246.jpg"},{"@type":"BreadcrumbList","@id":"https:\/\/www.praha14.cz\/zivot-na-praze-14\/nsp14-1\/#breadcrumb","itemListElement":[{"@type":"ListItem","position":1,"name":"\u017divot na Praze 14","item":"https:\/\/www.praha14.cz\/zivot-na-praze-14\/"},{"@type":"ListItem","position":2,"name":"Nau\u010dn\u00e1 stezka &#8211; 14 zastaven\u00ed na Praze 14"}]},{"@type":"WebSite","@id":"https:\/\/www.praha14.cz\/zivot-na-praze-14\/#website","url":"https:\/\/www.praha14.cz\/zivot-na-praze-14\/","name":"\u017divot na Praze 14","description":"","potentialAction":[{"@type":"SearchAction","target":{"@type":"EntryPoint","urlTemplate":"https:\/\/www.praha14.cz\/zivot-na-praze-14\/?s={search_term_string}"},"query-input":{"@type":"PropertyValueSpecification","valueRequired":true,"valueName":"search_term_string"}}],"inLanguage":"cs"}]}},"_links":{"self":[{"href":"https:\/\/www.praha14.cz\/zivot-na-praze-14\/wp-json\/wp\/v2\/pages\/19411","targetHints":{"allow":["GET"]}}],"collection":[{"href":"https:\/\/www.praha14.cz\/zivot-na-praze-14\/wp-json\/wp\/v2\/pages"}],"about":[{"href":"https:\/\/www.praha14.cz\/zivot-na-praze-14\/wp-json\/wp\/v2\/types\/page"}],"author":[{"embeddable":true,"href":"https:\/\/www.praha14.cz\/zivot-na-praze-14\/wp-json\/wp\/v2\/users\/1"}],"replies":[{"embeddable":true,"href":"https:\/\/www.praha14.cz\/zivot-na-praze-14\/wp-json\/wp\/v2\/comments?post=19411"}],"version-history":[{"count":1,"href":"https:\/\/www.praha14.cz\/zivot-na-praze-14\/wp-json\/wp\/v2\/pages\/19411\/revisions"}],"predecessor-version":[{"id":65982,"href":"https:\/\/www.praha14.cz\/zivot-na-praze-14\/wp-json\/wp\/v2\/pages\/19411\/revisions\/65982"}],"wp:attachment":[{"href":"https:\/\/www.praha14.cz\/zivot-na-praze-14\/wp-json\/wp\/v2\/media?parent=19411"}],"curies":[{"name":"wp","href":"https:\/\/api.w.org\/{rel}","templated":true}]}}