{"id":19769,"date":"2014-06-27T16:56:50","date_gmt":"2014-06-27T15:56:50","guid":{"rendered":"https:\/\/www.praha14.cz\/zivot-na-praze-14\/?page_id=19769"},"modified":"2023-01-30T11:36:48","modified_gmt":"2023-01-30T11:36:48","slug":"nsp14-7","status":"publish","type":"page","link":"https:\/\/www.praha14.cz\/zivot-na-praze-14\/nsp14-7\/","title":{"rendered":"Nau\u010dn\u00e1 stezka &#8211; 14 zastaven\u00ed na Praze 14"},"content":{"rendered":"<h5 style=\"color: #000000;\" align=\"center\">Nau\u010dn\u00e1 stezka v\u00e1s prov\u00e1z\u00ed po zaj\u00edmav\u00fdch m\u00edstech Prahy 14. Od prvn\u00edho zastaven\u00ed u stanice metra B Hloub\u011bt\u00edn v\u00e1s stezka d\u00e1le zav\u00e1d\u00ed do Kyj\u00ed, p\u0159es Jahodnici do Hostavic a na \u010cern\u00fd Most k oblasti Hut\u00ed. Celkov\u00e1 d\u00e9lka trasy je 11,7 kilometru.<\/h5>\n<p style=\"color: #000000;\"><b>Zastaven\u00ed sedm\u00e9&#8230;<\/b><\/p>\n<p style=\"color: #000000;\" align=\"center\"><strong>Hostavice &#8211; zvoni\u010dka<\/strong><\/p>\n<div id=\"attachment_19770\" style=\"width: 256px\" class=\"wp-caption aligncenter\"><a href=\"https:\/\/www.praha14.cz\/app\/uploads\/sites\/4\/2014\/06\/08zvonicka_web.jpg\" data-rel=\"lightbox-image-0\" data-rl_title=\"\" data-rl_caption=\"\" title=\"\"><img loading=\"lazy\" decoding=\"async\" aria-describedby=\"caption-attachment-19770\" class=\"size-medium wp-image-19770\" src=\"https:\/\/www.praha14.cz\/app\/uploads\/sites\/4\/2014\/06\/08zvonicka_web-246x370.jpg\" alt=\"Hostavice - zvoni\u010dka\" width=\"246\" height=\"370\" srcset=\"https:\/\/www.praha14.cz\/app\/uploads\/sites\/4\/2014\/06\/08zvonicka_web-246x370.jpg 246w, https:\/\/www.praha14.cz\/app\/uploads\/sites\/4\/2014\/06\/08zvonicka_web.jpg 400w\" sizes=\"(max-width: 246px) 100vw, 246px\" \/><\/a><p id=\"caption-attachment-19770\" class=\"wp-caption-text\">Hostavice &#8211; zvoni\u010dka<\/p><\/div>\n<p style=\"color: #000000;\">Klidn\u00e1 vesnice v p\u0159\u00edrodn\u00edm parku Kl\u00e1novice &#8211; \u010cihadla, kter\u00e1 le\u017e\u00ed na Hostavick\u00e9m potoku. Ten Hostavice rozd\u011bluje na dv\u011b \u010d\u00e1sti. Hostavick\u00e1 n\u00e1ves se zvoni\u010dkou se nach\u00e1z\u00ed u ulice Pilsk\u00e1, v sousedstv\u00ed je z\u00e1me\u010dek i Vysok\u00e1 \u0161kola Palestra.<\/p>\n","protected":false},"excerpt":{"rendered":"<p>Nau\u010dn\u00e1 stezka v\u00e1s prov\u00e1z\u00ed po zaj\u00edmav\u00fdch m\u00edstech Prahy 14. Od prvn\u00edho zastaven\u00ed u stanice metra B Hloub\u011bt\u00edn v\u00e1s stezka d\u00e1le zav\u00e1d\u00ed do Kyj\u00ed, p\u0159es Jahodnici do Hostavic a na \u010cern\u00fd Most k oblasti Hut\u00ed. Celkov\u00e1 d\u00e9lka trasy je 11,7 kilometru. Zastaven\u00ed sedm\u00e9&#8230; Hostavice &#8211; zvoni\u010dka Klidn\u00e1 vesnice v p\u0159\u00edrodn\u00edm parku Kl\u00e1novice &#8211; \u010cihadla, kter\u00e1 le\u017e\u00ed&#8230;<\/p>\n","protected":false},"author":1,"featured_media":0,"parent":0,"menu_order":0,"comment_status":"closed","ping_status":"closed","template":"","meta":{"_acf_changed":false,"footnotes":""},"class_list":["post-19769","page","type-page","status-publish","hentry"],"acf":[],"yoast_head":"<!-- This site is optimized with the Yoast SEO plugin v27.2 - https:\/\/yoast.com\/product\/yoast-seo-wordpress\/ -->\n<title>Nau\u010dn\u00e1 stezka - 14 zastaven\u00ed na Praze 14 - \u017divot na Praze 14<\/title>\n<meta name=\"robots\" content=\"index, follow, max-snippet:-1, max-image-preview:large, max-video-preview:-1\" \/>\n<link rel=\"canonical\" href=\"https:\/\/www.praha14.cz\/zivot-na-praze-14\/nsp14-7\/\" \/>\n<meta property=\"og:locale\" content=\"cs_CZ\" \/>\n<meta property=\"og:type\" content=\"article\" \/>\n<meta property=\"og:title\" content=\"Nau\u010dn\u00e1 stezka - 14 zastaven\u00ed na Praze 14 - \u017divot na Praze 14\" \/>\n<meta property=\"og:description\" content=\"Nau\u010dn\u00e1 stezka v\u00e1s prov\u00e1z\u00ed po zaj\u00edmav\u00fdch m\u00edstech Prahy 14. Od prvn\u00edho zastaven\u00ed u stanice metra B Hloub\u011bt\u00edn v\u00e1s stezka d\u00e1le zav\u00e1d\u00ed do Kyj\u00ed, p\u0159es Jahodnici do Hostavic a na \u010cern\u00fd Most k oblasti Hut\u00ed. Celkov\u00e1 d\u00e9lka trasy je 11,7 kilometru. Zastaven\u00ed sedm\u00e9&#8230; Hostavice &#8211; zvoni\u010dka Klidn\u00e1 vesnice v p\u0159\u00edrodn\u00edm parku Kl\u00e1novice &#8211; \u010cihadla, kter\u00e1 le\u017e\u00ed...\" \/>\n<meta property=\"og:url\" content=\"https:\/\/www.praha14.cz\/zivot-na-praze-14\/nsp14-7\/\" \/>\n<meta property=\"og:site_name\" content=\"\u017divot na Praze 14\" \/>\n<meta property=\"article:modified_time\" content=\"2023-01-30T11:36:48+00:00\" \/>\n<meta property=\"og:image\" content=\"https:\/\/www.praha14.cz\/app\/uploads\/sites\/4\/2014\/06\/08zvonicka_web-246x370.jpg\" \/>\n<meta name=\"twitter:card\" content=\"summary_large_image\" \/>\n<meta name=\"twitter:label1\" content=\"Est. reading time\" \/>\n\t<meta name=\"twitter:data1\" content=\"1 minuta\" \/>\n<script type=\"application\/ld+json\" class=\"yoast-schema-graph\">{\"@context\":\"https:\/\/schema.org\",\"@graph\":[{\"@type\":\"WebPage\",\"@id\":\"https:\/\/www.praha14.cz\/zivot-na-praze-14\/nsp14-7\/\",\"url\":\"https:\/\/www.praha14.cz\/zivot-na-praze-14\/nsp14-7\/\",\"name\":\"Nau\u010dn\u00e1 stezka - 14 zastaven\u00ed na Praze 14 - \u017divot na Praze 14\",\"isPartOf\":{\"@id\":\"https:\/\/www.praha14.cz\/zivot-na-praze-14\/#website\"},\"primaryImageOfPage\":{\"@id\":\"https:\/\/www.praha14.cz\/zivot-na-praze-14\/nsp14-7\/#primaryimage\"},\"image\":{\"@id\":\"https:\/\/www.praha14.cz\/zivot-na-praze-14\/nsp14-7\/#primaryimage\"},\"thumbnailUrl\":\"https:\/\/www.praha14.cz\/app\/uploads\/sites\/4\/2014\/06\/08zvonicka_web-246x370.jpg\",\"datePublished\":\"2014-06-27T15:56:50+00:00\",\"dateModified\":\"2023-01-30T11:36:48+00:00\",\"breadcrumb\":{\"@id\":\"https:\/\/www.praha14.cz\/zivot-na-praze-14\/nsp14-7\/#breadcrumb\"},\"inLanguage\":\"cs\",\"potentialAction\":[{\"@type\":\"ReadAction\",\"target\":[\"https:\/\/www.praha14.cz\/zivot-na-praze-14\/nsp14-7\/\"]}]},{\"@type\":\"ImageObject\",\"inLanguage\":\"cs\",\"@id\":\"https:\/\/www.praha14.cz\/zivot-na-praze-14\/nsp14-7\/#primaryimage\",\"url\":\"https:\/\/www.praha14.cz\/app\/uploads\/sites\/4\/2014\/06\/08zvonicka_web-246x370.jpg\",\"contentUrl\":\"https:\/\/www.praha14.cz\/app\/uploads\/sites\/4\/2014\/06\/08zvonicka_web-246x370.jpg\"},{\"@type\":\"BreadcrumbList\",\"@id\":\"https:\/\/www.praha14.cz\/zivot-na-praze-14\/nsp14-7\/#breadcrumb\",\"itemListElement\":[{\"@type\":\"ListItem\",\"position\":1,\"name\":\"\u017divot na Praze 14\",\"item\":\"https:\/\/www.praha14.cz\/zivot-na-praze-14\/\"},{\"@type\":\"ListItem\",\"position\":2,\"name\":\"Nau\u010dn\u00e1 stezka &#8211; 14 zastaven\u00ed na Praze 14\"}]},{\"@type\":\"WebSite\",\"@id\":\"https:\/\/www.praha14.cz\/zivot-na-praze-14\/#website\",\"url\":\"https:\/\/www.praha14.cz\/zivot-na-praze-14\/\",\"name\":\"\u017divot na Praze 14\",\"description\":\"\",\"potentialAction\":[{\"@type\":\"SearchAction\",\"target\":{\"@type\":\"EntryPoint\",\"urlTemplate\":\"https:\/\/www.praha14.cz\/zivot-na-praze-14\/?s={search_term_string}\"},\"query-input\":{\"@type\":\"PropertyValueSpecification\",\"valueRequired\":true,\"valueName\":\"search_term_string\"}}],\"inLanguage\":\"cs\"}]}<\/script>\n<!-- \/ Yoast SEO plugin. -->","yoast_head_json":{"title":"Nau\u010dn\u00e1 stezka - 14 zastaven\u00ed na Praze 14 - \u017divot na Praze 14","robots":{"index":"index","follow":"follow","max-snippet":"max-snippet:-1","max-image-preview":"max-image-preview:large","max-video-preview":"max-video-preview:-1"},"canonical":"https:\/\/www.praha14.cz\/zivot-na-praze-14\/nsp14-7\/","og_locale":"cs_CZ","og_type":"article","og_title":"Nau\u010dn\u00e1 stezka - 14 zastaven\u00ed na Praze 14 - \u017divot na Praze 14","og_description":"Nau\u010dn\u00e1 stezka v\u00e1s prov\u00e1z\u00ed po zaj\u00edmav\u00fdch m\u00edstech Prahy 14. Od prvn\u00edho zastaven\u00ed u stanice metra B Hloub\u011bt\u00edn v\u00e1s stezka d\u00e1le zav\u00e1d\u00ed do Kyj\u00ed, p\u0159es Jahodnici do Hostavic a na \u010cern\u00fd Most k oblasti Hut\u00ed. Celkov\u00e1 d\u00e9lka trasy je 11,7 kilometru. Zastaven\u00ed sedm\u00e9&#8230; Hostavice &#8211; zvoni\u010dka Klidn\u00e1 vesnice v p\u0159\u00edrodn\u00edm parku Kl\u00e1novice &#8211; \u010cihadla, kter\u00e1 le\u017e\u00ed...","og_url":"https:\/\/www.praha14.cz\/zivot-na-praze-14\/nsp14-7\/","og_site_name":"\u017divot na Praze 14","article_modified_time":"2023-01-30T11:36:48+00:00","og_image":[{"url":"https:\/\/www.praha14.cz\/app\/uploads\/sites\/4\/2014\/06\/08zvonicka_web-246x370.jpg","type":"","width":"","height":""}],"twitter_card":"summary_large_image","twitter_misc":{"Est. reading time":"1 minuta"},"schema":{"@context":"https:\/\/schema.org","@graph":[{"@type":"WebPage","@id":"https:\/\/www.praha14.cz\/zivot-na-praze-14\/nsp14-7\/","url":"https:\/\/www.praha14.cz\/zivot-na-praze-14\/nsp14-7\/","name":"Nau\u010dn\u00e1 stezka - 14 zastaven\u00ed na Praze 14 - \u017divot na Praze 14","isPartOf":{"@id":"https:\/\/www.praha14.cz\/zivot-na-praze-14\/#website"},"primaryImageOfPage":{"@id":"https:\/\/www.praha14.cz\/zivot-na-praze-14\/nsp14-7\/#primaryimage"},"image":{"@id":"https:\/\/www.praha14.cz\/zivot-na-praze-14\/nsp14-7\/#primaryimage"},"thumbnailUrl":"https:\/\/www.praha14.cz\/app\/uploads\/sites\/4\/2014\/06\/08zvonicka_web-246x370.jpg","datePublished":"2014-06-27T15:56:50+00:00","dateModified":"2023-01-30T11:36:48+00:00","breadcrumb":{"@id":"https:\/\/www.praha14.cz\/zivot-na-praze-14\/nsp14-7\/#breadcrumb"},"inLanguage":"cs","potentialAction":[{"@type":"ReadAction","target":["https:\/\/www.praha14.cz\/zivot-na-praze-14\/nsp14-7\/"]}]},{"@type":"ImageObject","inLanguage":"cs","@id":"https:\/\/www.praha14.cz\/zivot-na-praze-14\/nsp14-7\/#primaryimage","url":"https:\/\/www.praha14.cz\/app\/uploads\/sites\/4\/2014\/06\/08zvonicka_web-246x370.jpg","contentUrl":"https:\/\/www.praha14.cz\/app\/uploads\/sites\/4\/2014\/06\/08zvonicka_web-246x370.jpg"},{"@type":"BreadcrumbList","@id":"https:\/\/www.praha14.cz\/zivot-na-praze-14\/nsp14-7\/#breadcrumb","itemListElement":[{"@type":"ListItem","position":1,"name":"\u017divot na Praze 14","item":"https:\/\/www.praha14.cz\/zivot-na-praze-14\/"},{"@type":"ListItem","position":2,"name":"Nau\u010dn\u00e1 stezka &#8211; 14 zastaven\u00ed na Praze 14"}]},{"@type":"WebSite","@id":"https:\/\/www.praha14.cz\/zivot-na-praze-14\/#website","url":"https:\/\/www.praha14.cz\/zivot-na-praze-14\/","name":"\u017divot na Praze 14","description":"","potentialAction":[{"@type":"SearchAction","target":{"@type":"EntryPoint","urlTemplate":"https:\/\/www.praha14.cz\/zivot-na-praze-14\/?s={search_term_string}"},"query-input":{"@type":"PropertyValueSpecification","valueRequired":true,"valueName":"search_term_string"}}],"inLanguage":"cs"}]}},"_links":{"self":[{"href":"https:\/\/www.praha14.cz\/zivot-na-praze-14\/wp-json\/wp\/v2\/pages\/19769","targetHints":{"allow":["GET"]}}],"collection":[{"href":"https:\/\/www.praha14.cz\/zivot-na-praze-14\/wp-json\/wp\/v2\/pages"}],"about":[{"href":"https:\/\/www.praha14.cz\/zivot-na-praze-14\/wp-json\/wp\/v2\/types\/page"}],"author":[{"embeddable":true,"href":"https:\/\/www.praha14.cz\/zivot-na-praze-14\/wp-json\/wp\/v2\/users\/1"}],"replies":[{"embeddable":true,"href":"https:\/\/www.praha14.cz\/zivot-na-praze-14\/wp-json\/wp\/v2\/comments?post=19769"}],"version-history":[{"count":1,"href":"https:\/\/www.praha14.cz\/zivot-na-praze-14\/wp-json\/wp\/v2\/pages\/19769\/revisions"}],"predecessor-version":[{"id":65967,"href":"https:\/\/www.praha14.cz\/zivot-na-praze-14\/wp-json\/wp\/v2\/pages\/19769\/revisions\/65967"}],"wp:attachment":[{"href":"https:\/\/www.praha14.cz\/zivot-na-praze-14\/wp-json\/wp\/v2\/media?parent=19769"}],"curies":[{"name":"wp","href":"https:\/\/api.w.org\/{rel}","templated":true}]}}