{"id":19779,"date":"2014-06-27T16:59:56","date_gmt":"2014-06-27T15:59:56","guid":{"rendered":"https:\/\/www.praha14.cz\/zivot-na-praze-14\/?page_id=19779"},"modified":"2023-01-30T11:46:01","modified_gmt":"2023-01-30T11:46:01","slug":"nsp14-10","status":"publish","type":"page","link":"https:\/\/www.praha14.cz\/zivot-na-praze-14\/nsp14-10\/","title":{"rendered":"Nau\u010dn\u00e1 stezka &#8211; 14 zastaven\u00ed na Praze 14"},"content":{"rendered":"<p>Nau\u010dn\u00e1 stezka v\u00e1s prov\u00e1z\u00ed po zaj\u00edmav\u00fdch m\u00edstech Prahy 14. Od prvn\u00edho zastaven\u00ed u stanice metra B Hloub\u011bt\u00edn v\u00e1s stezka d\u00e1le zav\u00e1d\u00ed do Kyj\u00ed, p\u0159es Jahodnici do Hostavic a na \u010cern\u00fd Most k oblasti Hut\u00ed. Celkov\u00e1 d\u00e9lka trasy je 11,7 kilometru.<\/p>\n<p style=\"color: #000000;\"><b>Zastaven\u00ed des\u00e1t\u00e9&#8230;<\/b><\/p>\n<p style=\"color: #000000;\" align=\"center\"><b>\u010cihadla<\/b><\/p>\n<div id=\"attachment_19780\" style=\"width: 380px\" class=\"wp-caption aligncenter\"><a href=\"https:\/\/www.praha14.cz\/app\/uploads\/sites\/4\/2014\/06\/10pohled_sidliste_web.jpg\" data-rel=\"lightbox-image-0\" data-rl_title=\"\" data-rl_caption=\"\" title=\"\"><img loading=\"lazy\" decoding=\"async\" aria-describedby=\"caption-attachment-19780\" class=\"size-medium wp-image-19780\" src=\"https:\/\/www.praha14.cz\/app\/uploads\/sites\/4\/2014\/06\/10pohled_sidliste_web-370x246.jpg\" alt=\"\u010cihadla\" width=\"370\" height=\"246\" srcset=\"https:\/\/www.praha14.cz\/app\/uploads\/sites\/4\/2014\/06\/10pohled_sidliste_web-370x246.jpg 370w, https:\/\/www.praha14.cz\/app\/uploads\/sites\/4\/2014\/06\/10pohled_sidliste_web.jpg 400w\" sizes=\"(max-width: 370px) 100vw, 370px\" \/><\/a><p id=\"caption-attachment-19780\" class=\"wp-caption-text\">\u010cihadla<\/p><\/div>\n<p style=\"color: #000000;\">P\u0159\u00edrodn\u00ed park Kl\u00e1novice-\u010cihadla je nejv\u011bt\u0161\u00edm p\u0159\u00edrodn\u00edm parkem v Praze (2222,8 ha). Nejrozs\u00e1hlej\u0161\u00ed pra\u017esk\u00fd p\u0159\u00edrodn\u00ed park le\u017e\u00edc\u00ed na severov\u00fdchod\u011b \u00fazem\u00ed hlavn\u00edho m\u011bsta je prota\u017een\u00fd ve sm\u011bru z\u00e1pad-v\u00fdchod od okraje Kyj\u00ed a\u017e po hranici Velk\u00e9 Prahy ve v\u00fdchodn\u00ed \u010d\u00e1sti lesn\u00edho komplexu Vidrholec.<\/p>\n","protected":false},"excerpt":{"rendered":"<p>Nau\u010dn\u00e1 stezka v\u00e1s prov\u00e1z\u00ed po zaj\u00edmav\u00fdch m\u00edstech Prahy 14. Od prvn\u00edho zastaven\u00ed u stanice metra B Hloub\u011bt\u00edn v\u00e1s stezka d\u00e1le zav\u00e1d\u00ed do Kyj\u00ed, p\u0159es Jahodnici do Hostavic a na \u010cern\u00fd Most k oblasti Hut\u00ed. Celkov\u00e1 d\u00e9lka trasy je 11,7 kilometru. Zastaven\u00ed des\u00e1t\u00e9&#8230; \u010cihadla P\u0159\u00edrodn\u00ed park Kl\u00e1novice-\u010cihadla je nejv\u011bt\u0161\u00edm p\u0159\u00edrodn\u00edm parkem v Praze (2222,8 ha). Nejrozs\u00e1hlej\u0161\u00ed&#8230;<\/p>\n","protected":false},"author":1,"featured_media":0,"parent":0,"menu_order":0,"comment_status":"closed","ping_status":"closed","template":"","meta":{"_acf_changed":false,"footnotes":""},"class_list":["post-19779","page","type-page","status-publish","hentry"],"acf":[],"yoast_head":"<!-- This site is optimized with the Yoast SEO plugin v27.2 - https:\/\/yoast.com\/product\/yoast-seo-wordpress\/ -->\n<title>Nau\u010dn\u00e1 stezka - 14 zastaven\u00ed na Praze 14 - \u017divot na Praze 14<\/title>\n<meta name=\"robots\" content=\"index, follow, max-snippet:-1, max-image-preview:large, max-video-preview:-1\" \/>\n<link rel=\"canonical\" href=\"https:\/\/www.praha14.cz\/zivot-na-praze-14\/nsp14-10\/\" \/>\n<meta property=\"og:locale\" content=\"cs_CZ\" \/>\n<meta property=\"og:type\" content=\"article\" \/>\n<meta property=\"og:title\" content=\"Nau\u010dn\u00e1 stezka - 14 zastaven\u00ed na Praze 14 - \u017divot na Praze 14\" \/>\n<meta property=\"og:description\" content=\"Nau\u010dn\u00e1 stezka v\u00e1s prov\u00e1z\u00ed po zaj\u00edmav\u00fdch m\u00edstech Prahy 14. Od prvn\u00edho zastaven\u00ed u stanice metra B Hloub\u011bt\u00edn v\u00e1s stezka d\u00e1le zav\u00e1d\u00ed do Kyj\u00ed, p\u0159es Jahodnici do Hostavic a na \u010cern\u00fd Most k oblasti Hut\u00ed. Celkov\u00e1 d\u00e9lka trasy je 11,7 kilometru. Zastaven\u00ed des\u00e1t\u00e9&#8230; \u010cihadla P\u0159\u00edrodn\u00ed park Kl\u00e1novice-\u010cihadla je nejv\u011bt\u0161\u00edm p\u0159\u00edrodn\u00edm parkem v Praze (2222,8 ha). Nejrozs\u00e1hlej\u0161\u00ed...\" \/>\n<meta property=\"og:url\" content=\"https:\/\/www.praha14.cz\/zivot-na-praze-14\/nsp14-10\/\" \/>\n<meta property=\"og:site_name\" content=\"\u017divot na Praze 14\" \/>\n<meta property=\"article:modified_time\" content=\"2023-01-30T11:46:01+00:00\" \/>\n<meta property=\"og:image\" content=\"https:\/\/www.praha14.cz\/app\/uploads\/sites\/4\/2014\/06\/10pohled_sidliste_web-370x246.jpg\" \/>\n<meta name=\"twitter:card\" content=\"summary_large_image\" \/>\n<meta name=\"twitter:label1\" content=\"Est. reading time\" \/>\n\t<meta name=\"twitter:data1\" content=\"1 minuta\" \/>\n<script type=\"application\/ld+json\" class=\"yoast-schema-graph\">{\"@context\":\"https:\/\/schema.org\",\"@graph\":[{\"@type\":\"WebPage\",\"@id\":\"https:\/\/www.praha14.cz\/zivot-na-praze-14\/nsp14-10\/\",\"url\":\"https:\/\/www.praha14.cz\/zivot-na-praze-14\/nsp14-10\/\",\"name\":\"Nau\u010dn\u00e1 stezka - 14 zastaven\u00ed na Praze 14 - \u017divot na Praze 14\",\"isPartOf\":{\"@id\":\"https:\/\/www.praha14.cz\/zivot-na-praze-14\/#website\"},\"primaryImageOfPage\":{\"@id\":\"https:\/\/www.praha14.cz\/zivot-na-praze-14\/nsp14-10\/#primaryimage\"},\"image\":{\"@id\":\"https:\/\/www.praha14.cz\/zivot-na-praze-14\/nsp14-10\/#primaryimage\"},\"thumbnailUrl\":\"https:\/\/www.praha14.cz\/app\/uploads\/sites\/4\/2014\/06\/10pohled_sidliste_web-370x246.jpg\",\"datePublished\":\"2014-06-27T15:59:56+00:00\",\"dateModified\":\"2023-01-30T11:46:01+00:00\",\"breadcrumb\":{\"@id\":\"https:\/\/www.praha14.cz\/zivot-na-praze-14\/nsp14-10\/#breadcrumb\"},\"inLanguage\":\"cs\",\"potentialAction\":[{\"@type\":\"ReadAction\",\"target\":[\"https:\/\/www.praha14.cz\/zivot-na-praze-14\/nsp14-10\/\"]}]},{\"@type\":\"ImageObject\",\"inLanguage\":\"cs\",\"@id\":\"https:\/\/www.praha14.cz\/zivot-na-praze-14\/nsp14-10\/#primaryimage\",\"url\":\"https:\/\/www.praha14.cz\/app\/uploads\/sites\/4\/2014\/06\/10pohled_sidliste_web-370x246.jpg\",\"contentUrl\":\"https:\/\/www.praha14.cz\/app\/uploads\/sites\/4\/2014\/06\/10pohled_sidliste_web-370x246.jpg\"},{\"@type\":\"BreadcrumbList\",\"@id\":\"https:\/\/www.praha14.cz\/zivot-na-praze-14\/nsp14-10\/#breadcrumb\",\"itemListElement\":[{\"@type\":\"ListItem\",\"position\":1,\"name\":\"\u017divot na Praze 14\",\"item\":\"https:\/\/www.praha14.cz\/zivot-na-praze-14\/\"},{\"@type\":\"ListItem\",\"position\":2,\"name\":\"Nau\u010dn\u00e1 stezka &#8211; 14 zastaven\u00ed na Praze 14\"}]},{\"@type\":\"WebSite\",\"@id\":\"https:\/\/www.praha14.cz\/zivot-na-praze-14\/#website\",\"url\":\"https:\/\/www.praha14.cz\/zivot-na-praze-14\/\",\"name\":\"\u017divot na Praze 14\",\"description\":\"\",\"potentialAction\":[{\"@type\":\"SearchAction\",\"target\":{\"@type\":\"EntryPoint\",\"urlTemplate\":\"https:\/\/www.praha14.cz\/zivot-na-praze-14\/?s={search_term_string}\"},\"query-input\":{\"@type\":\"PropertyValueSpecification\",\"valueRequired\":true,\"valueName\":\"search_term_string\"}}],\"inLanguage\":\"cs\"}]}<\/script>\n<!-- \/ Yoast SEO plugin. -->","yoast_head_json":{"title":"Nau\u010dn\u00e1 stezka - 14 zastaven\u00ed na Praze 14 - \u017divot na Praze 14","robots":{"index":"index","follow":"follow","max-snippet":"max-snippet:-1","max-image-preview":"max-image-preview:large","max-video-preview":"max-video-preview:-1"},"canonical":"https:\/\/www.praha14.cz\/zivot-na-praze-14\/nsp14-10\/","og_locale":"cs_CZ","og_type":"article","og_title":"Nau\u010dn\u00e1 stezka - 14 zastaven\u00ed na Praze 14 - \u017divot na Praze 14","og_description":"Nau\u010dn\u00e1 stezka v\u00e1s prov\u00e1z\u00ed po zaj\u00edmav\u00fdch m\u00edstech Prahy 14. Od prvn\u00edho zastaven\u00ed u stanice metra B Hloub\u011bt\u00edn v\u00e1s stezka d\u00e1le zav\u00e1d\u00ed do Kyj\u00ed, p\u0159es Jahodnici do Hostavic a na \u010cern\u00fd Most k oblasti Hut\u00ed. Celkov\u00e1 d\u00e9lka trasy je 11,7 kilometru. Zastaven\u00ed des\u00e1t\u00e9&#8230; \u010cihadla P\u0159\u00edrodn\u00ed park Kl\u00e1novice-\u010cihadla je nejv\u011bt\u0161\u00edm p\u0159\u00edrodn\u00edm parkem v Praze (2222,8 ha). Nejrozs\u00e1hlej\u0161\u00ed...","og_url":"https:\/\/www.praha14.cz\/zivot-na-praze-14\/nsp14-10\/","og_site_name":"\u017divot na Praze 14","article_modified_time":"2023-01-30T11:46:01+00:00","og_image":[{"url":"https:\/\/www.praha14.cz\/app\/uploads\/sites\/4\/2014\/06\/10pohled_sidliste_web-370x246.jpg","type":"","width":"","height":""}],"twitter_card":"summary_large_image","twitter_misc":{"Est. reading time":"1 minuta"},"schema":{"@context":"https:\/\/schema.org","@graph":[{"@type":"WebPage","@id":"https:\/\/www.praha14.cz\/zivot-na-praze-14\/nsp14-10\/","url":"https:\/\/www.praha14.cz\/zivot-na-praze-14\/nsp14-10\/","name":"Nau\u010dn\u00e1 stezka - 14 zastaven\u00ed na Praze 14 - \u017divot na Praze 14","isPartOf":{"@id":"https:\/\/www.praha14.cz\/zivot-na-praze-14\/#website"},"primaryImageOfPage":{"@id":"https:\/\/www.praha14.cz\/zivot-na-praze-14\/nsp14-10\/#primaryimage"},"image":{"@id":"https:\/\/www.praha14.cz\/zivot-na-praze-14\/nsp14-10\/#primaryimage"},"thumbnailUrl":"https:\/\/www.praha14.cz\/app\/uploads\/sites\/4\/2014\/06\/10pohled_sidliste_web-370x246.jpg","datePublished":"2014-06-27T15:59:56+00:00","dateModified":"2023-01-30T11:46:01+00:00","breadcrumb":{"@id":"https:\/\/www.praha14.cz\/zivot-na-praze-14\/nsp14-10\/#breadcrumb"},"inLanguage":"cs","potentialAction":[{"@type":"ReadAction","target":["https:\/\/www.praha14.cz\/zivot-na-praze-14\/nsp14-10\/"]}]},{"@type":"ImageObject","inLanguage":"cs","@id":"https:\/\/www.praha14.cz\/zivot-na-praze-14\/nsp14-10\/#primaryimage","url":"https:\/\/www.praha14.cz\/app\/uploads\/sites\/4\/2014\/06\/10pohled_sidliste_web-370x246.jpg","contentUrl":"https:\/\/www.praha14.cz\/app\/uploads\/sites\/4\/2014\/06\/10pohled_sidliste_web-370x246.jpg"},{"@type":"BreadcrumbList","@id":"https:\/\/www.praha14.cz\/zivot-na-praze-14\/nsp14-10\/#breadcrumb","itemListElement":[{"@type":"ListItem","position":1,"name":"\u017divot na Praze 14","item":"https:\/\/www.praha14.cz\/zivot-na-praze-14\/"},{"@type":"ListItem","position":2,"name":"Nau\u010dn\u00e1 stezka &#8211; 14 zastaven\u00ed na Praze 14"}]},{"@type":"WebSite","@id":"https:\/\/www.praha14.cz\/zivot-na-praze-14\/#website","url":"https:\/\/www.praha14.cz\/zivot-na-praze-14\/","name":"\u017divot na Praze 14","description":"","potentialAction":[{"@type":"SearchAction","target":{"@type":"EntryPoint","urlTemplate":"https:\/\/www.praha14.cz\/zivot-na-praze-14\/?s={search_term_string}"},"query-input":{"@type":"PropertyValueSpecification","valueRequired":true,"valueName":"search_term_string"}}],"inLanguage":"cs"}]}},"_links":{"self":[{"href":"https:\/\/www.praha14.cz\/zivot-na-praze-14\/wp-json\/wp\/v2\/pages\/19779","targetHints":{"allow":["GET"]}}],"collection":[{"href":"https:\/\/www.praha14.cz\/zivot-na-praze-14\/wp-json\/wp\/v2\/pages"}],"about":[{"href":"https:\/\/www.praha14.cz\/zivot-na-praze-14\/wp-json\/wp\/v2\/types\/page"}],"author":[{"embeddable":true,"href":"https:\/\/www.praha14.cz\/zivot-na-praze-14\/wp-json\/wp\/v2\/users\/1"}],"replies":[{"embeddable":true,"href":"https:\/\/www.praha14.cz\/zivot-na-praze-14\/wp-json\/wp\/v2\/comments?post=19779"}],"version-history":[{"count":1,"href":"https:\/\/www.praha14.cz\/zivot-na-praze-14\/wp-json\/wp\/v2\/pages\/19779\/revisions"}],"predecessor-version":[{"id":65972,"href":"https:\/\/www.praha14.cz\/zivot-na-praze-14\/wp-json\/wp\/v2\/pages\/19779\/revisions\/65972"}],"wp:attachment":[{"href":"https:\/\/www.praha14.cz\/zivot-na-praze-14\/wp-json\/wp\/v2\/media?parent=19779"}],"curies":[{"name":"wp","href":"https:\/\/api.w.org\/{rel}","templated":true}]}}