{"id":19805,"date":"2014-06-28T10:04:02","date_gmt":"2014-06-28T09:04:02","guid":{"rendered":"https:\/\/www.praha14.cz\/zivot-na-praze-14\/?page_id=19805"},"modified":"2023-01-30T08:34:30","modified_gmt":"2023-01-30T08:34:30","slug":"starekyje","status":"publish","type":"page","link":"https:\/\/www.praha14.cz\/zivot-na-praze-14\/starekyje\/","title":{"rendered":"Zastavovac\u00ed studie Star\u00e9 Kyje"},"content":{"rendered":"<p><span style=\"color: #009dde;\"><strong>Um\u00edst\u011bn\u00ed:<\/strong><\/span><br \/>\nkat. \u00fazem\u00ed Kyje, oboustrann\u011b p\u0159i ulici Broumarsk\u00e1 mezi Kyjsk\u00fdm rybn\u00edkem na severu a Rokytkou na v\u00fdchod\u011b a jihu.<br \/>\nNa z\u00e1klad\u011b prob\u011bhl\u00e9 urbanistick\u00e9 sout\u011b\u017ee &#8222;\u00dazemn\u00ed rozvoj Star\u00fdch Kyj\u00ed&#8220; (viz p\u0159edchoz\u00ed bod v sekci Nov\u00e1 v\u00fdstavba) byla v\u00edt\u011bzn\u00fdm t\u00fdmem zpracov\u00e1na Zastavovac\u00ed studie Star\u00e9 Kyje, kter\u00e1 dopracov\u00e1v\u00e1 sout\u011b\u017en\u00ed n\u00e1vrh dle p\u0159ipom\u00ednek poroty a po\u017eadavk\u016f m\u011bstsk\u00e9 \u010d\u00e1sti. Podrobn\u011bji je tak\u00e9 \u0159e\u0161eno \u0161ir\u0161\u00ed \u00fazem\u00ed Kyj\u00ed se v\u0161emi n\u00e1vaznostmi.<\/p>\n<p><span style=\"color: #009dde;\"><strong>Projektant:\u00a0<\/strong><span style=\"color: #000000;\">Headhand architekti, U Obecn\u00edho dvora 7, Praha 1<\/span><\/span><\/p>\n<p>Cel\u00e1 studie je k dispozici <a title=\"Odkaz do nov\u00e9ho okna\" href=\"\/wp-content\/uploads\/2014\/08\/stare_kyje_zastavovaci_studie.pdf\" target=\"_blank\" rel=\"noopener\">zde<\/a> (33 stran).<br \/>\n<a href=\"https:\/\/www.praha14.cz\/app\/uploads\/sites\/4\/2014\/06\/SK_obr1.png\" data-rel=\"lightbox-image-0\" data-rl_title=\"\" data-rl_caption=\"\" title=\"\"><img loading=\"lazy\" decoding=\"async\" class=\"alignleft size-thumbnail wp-image-19806\" src=\"https:\/\/www.praha14.cz\/app\/uploads\/sites\/4\/2014\/06\/SK_obr1-150x150.png\" alt=\"Studie Star\u00e9 Kyje\" width=\"150\" height=\"150\" \/><\/a><\/p>\n","protected":false},"excerpt":{"rendered":"<p>Um\u00edst\u011bn\u00ed: kat. \u00fazem\u00ed Kyje, oboustrann\u011b p\u0159i ulici Broumarsk\u00e1 mezi Kyjsk\u00fdm rybn\u00edkem na severu a Rokytkou na v\u00fdchod\u011b a jihu. Na z\u00e1klad\u011b prob\u011bhl\u00e9 urbanistick\u00e9 sout\u011b\u017ee &#8222;\u00dazemn\u00ed rozvoj Star\u00fdch Kyj\u00ed&#8220; (viz p\u0159edchoz\u00ed bod v sekci Nov\u00e1 v\u00fdstavba) byla v\u00edt\u011bzn\u00fdm t\u00fdmem zpracov\u00e1na Zastavovac\u00ed studie Star\u00e9 Kyje, kter\u00e1 dopracov\u00e1v\u00e1 sout\u011b\u017en\u00ed n\u00e1vrh dle p\u0159ipom\u00ednek poroty a po\u017eadavk\u016f m\u011bstsk\u00e9 \u010d\u00e1sti. Podrobn\u011bji&#8230;<\/p>\n","protected":false},"author":4,"featured_media":0,"parent":0,"menu_order":0,"comment_status":"closed","ping_status":"open","template":"","meta":{"_acf_changed":false,"footnotes":""},"class_list":["post-19805","page","type-page","status-publish","hentry"],"acf":[],"yoast_head":"<!-- This site is optimized with the Yoast SEO plugin v27.2 - https:\/\/yoast.com\/product\/yoast-seo-wordpress\/ -->\n<title>Zastavovac\u00ed studie Star\u00e9 Kyje - \u017divot na Praze 14<\/title>\n<meta name=\"robots\" content=\"index, follow, max-snippet:-1, max-image-preview:large, max-video-preview:-1\" \/>\n<link rel=\"canonical\" href=\"https:\/\/www.praha14.cz\/zivot-na-praze-14\/starekyje\/\" \/>\n<meta property=\"og:locale\" content=\"cs_CZ\" \/>\n<meta property=\"og:type\" content=\"article\" \/>\n<meta property=\"og:title\" content=\"Zastavovac\u00ed studie Star\u00e9 Kyje - \u017divot na Praze 14\" \/>\n<meta property=\"og:description\" content=\"Um\u00edst\u011bn\u00ed: kat. \u00fazem\u00ed Kyje, oboustrann\u011b p\u0159i ulici Broumarsk\u00e1 mezi Kyjsk\u00fdm rybn\u00edkem na severu a Rokytkou na v\u00fdchod\u011b a jihu. Na z\u00e1klad\u011b prob\u011bhl\u00e9 urbanistick\u00e9 sout\u011b\u017ee &#8222;\u00dazemn\u00ed rozvoj Star\u00fdch Kyj\u00ed&#8220; (viz p\u0159edchoz\u00ed bod v sekci Nov\u00e1 v\u00fdstavba) byla v\u00edt\u011bzn\u00fdm t\u00fdmem zpracov\u00e1na Zastavovac\u00ed studie Star\u00e9 Kyje, kter\u00e1 dopracov\u00e1v\u00e1 sout\u011b\u017en\u00ed n\u00e1vrh dle p\u0159ipom\u00ednek poroty a po\u017eadavk\u016f m\u011bstsk\u00e9 \u010d\u00e1sti. Podrobn\u011bji...\" \/>\n<meta property=\"og:url\" content=\"https:\/\/www.praha14.cz\/zivot-na-praze-14\/starekyje\/\" \/>\n<meta property=\"og:site_name\" content=\"\u017divot na Praze 14\" \/>\n<meta property=\"article:modified_time\" content=\"2023-01-30T08:34:30+00:00\" \/>\n<meta property=\"og:image\" content=\"https:\/\/www.praha14.cz\/app\/uploads\/sites\/4\/2014\/06\/SK_obr1-150x150.png\" \/>\n<meta name=\"twitter:card\" content=\"summary_large_image\" \/>\n<meta name=\"twitter:label1\" content=\"Est. reading time\" \/>\n\t<meta name=\"twitter:data1\" content=\"1 minuta\" \/>\n<script type=\"application\/ld+json\" class=\"yoast-schema-graph\">{\"@context\":\"https:\/\/schema.org\",\"@graph\":[{\"@type\":\"WebPage\",\"@id\":\"https:\/\/www.praha14.cz\/zivot-na-praze-14\/starekyje\/\",\"url\":\"https:\/\/www.praha14.cz\/zivot-na-praze-14\/starekyje\/\",\"name\":\"Zastavovac\u00ed studie Star\u00e9 Kyje - \u017divot na Praze 14\",\"isPartOf\":{\"@id\":\"https:\/\/www.praha14.cz\/zivot-na-praze-14\/#website\"},\"primaryImageOfPage\":{\"@id\":\"https:\/\/www.praha14.cz\/zivot-na-praze-14\/starekyje\/#primaryimage\"},\"image\":{\"@id\":\"https:\/\/www.praha14.cz\/zivot-na-praze-14\/starekyje\/#primaryimage\"},\"thumbnailUrl\":\"https:\/\/www.praha14.cz\/app\/uploads\/sites\/4\/2014\/06\/SK_obr1-150x150.png\",\"datePublished\":\"2014-06-28T09:04:02+00:00\",\"dateModified\":\"2023-01-30T08:34:30+00:00\",\"breadcrumb\":{\"@id\":\"https:\/\/www.praha14.cz\/zivot-na-praze-14\/starekyje\/#breadcrumb\"},\"inLanguage\":\"cs\",\"potentialAction\":[{\"@type\":\"ReadAction\",\"target\":[\"https:\/\/www.praha14.cz\/zivot-na-praze-14\/starekyje\/\"]}]},{\"@type\":\"ImageObject\",\"inLanguage\":\"cs\",\"@id\":\"https:\/\/www.praha14.cz\/zivot-na-praze-14\/starekyje\/#primaryimage\",\"url\":\"https:\/\/www.praha14.cz\/app\/uploads\/sites\/4\/2014\/06\/SK_obr1-150x150.png\",\"contentUrl\":\"https:\/\/www.praha14.cz\/app\/uploads\/sites\/4\/2014\/06\/SK_obr1-150x150.png\"},{\"@type\":\"BreadcrumbList\",\"@id\":\"https:\/\/www.praha14.cz\/zivot-na-praze-14\/starekyje\/#breadcrumb\",\"itemListElement\":[{\"@type\":\"ListItem\",\"position\":1,\"name\":\"\u017divot na Praze 14\",\"item\":\"https:\/\/www.praha14.cz\/zivot-na-praze-14\/\"},{\"@type\":\"ListItem\",\"position\":2,\"name\":\"Zastavovac\u00ed studie Star\u00e9 Kyje\"}]},{\"@type\":\"WebSite\",\"@id\":\"https:\/\/www.praha14.cz\/zivot-na-praze-14\/#website\",\"url\":\"https:\/\/www.praha14.cz\/zivot-na-praze-14\/\",\"name\":\"\u017divot na Praze 14\",\"description\":\"\",\"potentialAction\":[{\"@type\":\"SearchAction\",\"target\":{\"@type\":\"EntryPoint\",\"urlTemplate\":\"https:\/\/www.praha14.cz\/zivot-na-praze-14\/?s={search_term_string}\"},\"query-input\":{\"@type\":\"PropertyValueSpecification\",\"valueRequired\":true,\"valueName\":\"search_term_string\"}}],\"inLanguage\":\"cs\"}]}<\/script>\n<!-- \/ Yoast SEO plugin. -->","yoast_head_json":{"title":"Zastavovac\u00ed studie Star\u00e9 Kyje - \u017divot na Praze 14","robots":{"index":"index","follow":"follow","max-snippet":"max-snippet:-1","max-image-preview":"max-image-preview:large","max-video-preview":"max-video-preview:-1"},"canonical":"https:\/\/www.praha14.cz\/zivot-na-praze-14\/starekyje\/","og_locale":"cs_CZ","og_type":"article","og_title":"Zastavovac\u00ed studie Star\u00e9 Kyje - \u017divot na Praze 14","og_description":"Um\u00edst\u011bn\u00ed: kat. \u00fazem\u00ed Kyje, oboustrann\u011b p\u0159i ulici Broumarsk\u00e1 mezi Kyjsk\u00fdm rybn\u00edkem na severu a Rokytkou na v\u00fdchod\u011b a jihu. Na z\u00e1klad\u011b prob\u011bhl\u00e9 urbanistick\u00e9 sout\u011b\u017ee &#8222;\u00dazemn\u00ed rozvoj Star\u00fdch Kyj\u00ed&#8220; (viz p\u0159edchoz\u00ed bod v sekci Nov\u00e1 v\u00fdstavba) byla v\u00edt\u011bzn\u00fdm t\u00fdmem zpracov\u00e1na Zastavovac\u00ed studie Star\u00e9 Kyje, kter\u00e1 dopracov\u00e1v\u00e1 sout\u011b\u017en\u00ed n\u00e1vrh dle p\u0159ipom\u00ednek poroty a po\u017eadavk\u016f m\u011bstsk\u00e9 \u010d\u00e1sti. Podrobn\u011bji...","og_url":"https:\/\/www.praha14.cz\/zivot-na-praze-14\/starekyje\/","og_site_name":"\u017divot na Praze 14","article_modified_time":"2023-01-30T08:34:30+00:00","og_image":[{"url":"https:\/\/www.praha14.cz\/app\/uploads\/sites\/4\/2014\/06\/SK_obr1-150x150.png","type":"","width":"","height":""}],"twitter_card":"summary_large_image","twitter_misc":{"Est. reading time":"1 minuta"},"schema":{"@context":"https:\/\/schema.org","@graph":[{"@type":"WebPage","@id":"https:\/\/www.praha14.cz\/zivot-na-praze-14\/starekyje\/","url":"https:\/\/www.praha14.cz\/zivot-na-praze-14\/starekyje\/","name":"Zastavovac\u00ed studie Star\u00e9 Kyje - \u017divot na Praze 14","isPartOf":{"@id":"https:\/\/www.praha14.cz\/zivot-na-praze-14\/#website"},"primaryImageOfPage":{"@id":"https:\/\/www.praha14.cz\/zivot-na-praze-14\/starekyje\/#primaryimage"},"image":{"@id":"https:\/\/www.praha14.cz\/zivot-na-praze-14\/starekyje\/#primaryimage"},"thumbnailUrl":"https:\/\/www.praha14.cz\/app\/uploads\/sites\/4\/2014\/06\/SK_obr1-150x150.png","datePublished":"2014-06-28T09:04:02+00:00","dateModified":"2023-01-30T08:34:30+00:00","breadcrumb":{"@id":"https:\/\/www.praha14.cz\/zivot-na-praze-14\/starekyje\/#breadcrumb"},"inLanguage":"cs","potentialAction":[{"@type":"ReadAction","target":["https:\/\/www.praha14.cz\/zivot-na-praze-14\/starekyje\/"]}]},{"@type":"ImageObject","inLanguage":"cs","@id":"https:\/\/www.praha14.cz\/zivot-na-praze-14\/starekyje\/#primaryimage","url":"https:\/\/www.praha14.cz\/app\/uploads\/sites\/4\/2014\/06\/SK_obr1-150x150.png","contentUrl":"https:\/\/www.praha14.cz\/app\/uploads\/sites\/4\/2014\/06\/SK_obr1-150x150.png"},{"@type":"BreadcrumbList","@id":"https:\/\/www.praha14.cz\/zivot-na-praze-14\/starekyje\/#breadcrumb","itemListElement":[{"@type":"ListItem","position":1,"name":"\u017divot na Praze 14","item":"https:\/\/www.praha14.cz\/zivot-na-praze-14\/"},{"@type":"ListItem","position":2,"name":"Zastavovac\u00ed studie Star\u00e9 Kyje"}]},{"@type":"WebSite","@id":"https:\/\/www.praha14.cz\/zivot-na-praze-14\/#website","url":"https:\/\/www.praha14.cz\/zivot-na-praze-14\/","name":"\u017divot na Praze 14","description":"","potentialAction":[{"@type":"SearchAction","target":{"@type":"EntryPoint","urlTemplate":"https:\/\/www.praha14.cz\/zivot-na-praze-14\/?s={search_term_string}"},"query-input":{"@type":"PropertyValueSpecification","valueRequired":true,"valueName":"search_term_string"}}],"inLanguage":"cs"}]}},"_links":{"self":[{"href":"https:\/\/www.praha14.cz\/zivot-na-praze-14\/wp-json\/wp\/v2\/pages\/19805","targetHints":{"allow":["GET"]}}],"collection":[{"href":"https:\/\/www.praha14.cz\/zivot-na-praze-14\/wp-json\/wp\/v2\/pages"}],"about":[{"href":"https:\/\/www.praha14.cz\/zivot-na-praze-14\/wp-json\/wp\/v2\/types\/page"}],"author":[{"embeddable":true,"href":"https:\/\/www.praha14.cz\/zivot-na-praze-14\/wp-json\/wp\/v2\/users\/4"}],"replies":[{"embeddable":true,"href":"https:\/\/www.praha14.cz\/zivot-na-praze-14\/wp-json\/wp\/v2\/comments?post=19805"}],"version-history":[{"count":5,"href":"https:\/\/www.praha14.cz\/zivot-na-praze-14\/wp-json\/wp\/v2\/pages\/19805\/revisions"}],"predecessor-version":[{"id":65939,"href":"https:\/\/www.praha14.cz\/zivot-na-praze-14\/wp-json\/wp\/v2\/pages\/19805\/revisions\/65939"}],"wp:attachment":[{"href":"https:\/\/www.praha14.cz\/zivot-na-praze-14\/wp-json\/wp\/v2\/media?parent=19805"}],"curies":[{"name":"wp","href":"https:\/\/api.w.org\/{rel}","templated":true}]}}