{"id":206,"date":"2014-04-24T19:03:58","date_gmt":"2014-04-24T18:03:58","guid":{"rendered":"https:\/\/www.praha14.cz\/zivot-na-praze-14\/?page_id=206"},"modified":"2025-03-13T09:00:57","modified_gmt":"2025-03-13T09:00:57","slug":"plk-i-m-leo-anderle-dfc","status":"publish","type":"page","link":"https:\/\/www.praha14.cz\/zivot-na-praze-14\/plk-i-m-leo-anderle-dfc\/","title":{"rendered":"Leo Anderle"},"content":{"rendered":"<p><strong><a href=\"https:\/\/www.praha14.cz\/app\/uploads\/sites\/4\/2014\/04\/anderle.jpg\" data-rel=\"lightbox-image-0\" data-rl_title=\"\" data-rl_caption=\"\" title=\"\"><img loading=\"lazy\" decoding=\"async\" class=\"alignright\" src=\"https:\/\/www.praha14.cz\/app\/uploads\/sites\/4\/2014\/04\/anderle.jpg\" alt=\"anderle\" width=\"278\" height=\"400\" \/><\/a><\/strong><\/p>\n<p style=\"text-align: left;\"><strong>Plk. i.m. LEO ANDERLE, DFC<\/strong><\/p>\n<p>Leo Anderle se narodil ve Vy\u0161kov\u011b jako nejmlad\u0161\u00ed ze t\u0159\u00ed bratr\u016f, v\u0161ichni t\u0159i se stali piloty. Anderle nejd\u0159\u00edve nastoupil k 311. bombardovac\u00ed peruti RAF, kde vykonal 27 bombardovac\u00edch akc\u00ed. Pot\u00e9 se na z\u00e1klad\u011b v\u00fdzvy britsk\u00e9ho Air Ministry p\u0159ihl\u00e1sil dobrovoln\u011b ke 138. peruti, ur\u010den\u00e9 pro zvl\u00e1\u0161tn\u00ed \u00fakoly. Jeho prim\u00e1rn\u00edm \u00fakolem byly operace nad okupovan\u00fdm \u010ceskoslovenskem. U t\u00e9to jednotky absolvoval Anderle dal\u0161\u00edch 28 bojov\u00fdch let\u016f, vyzna\u010duj\u00edc\u00edch se snad nejvy\u0161\u0161\u00edm stupn\u011bm nebezpe\u010dnosti v cel\u00e9m RAF. Shazoval para\u0161utisty nejen nad \u010ceskoslovenskem, kam let\u011bl celkem \u0161estkr\u00e1t, ale p\u0159edev\u0161\u00edm nad Franci\u00ed. Stejn\u011b jako p\u0159edt\u00edm u 311. byl i u 138. perut\u011b hodnocen jako zcela v\u00fdjime\u010dn\u00fd, nadpr\u016fm\u011brn\u00fd pilot s ocelov\u00fdmi nervy, kapit\u00e1n, jen\u017e sv\u011b\u0159en\u00fd \u00fakol spln\u00ed za v\u0161ech okolnost\u00ed. V listopadu 1942 bylo n\u011bkolik vybran\u00fdch os\u00e1dek 138. perut\u011b vysl\u00e1no do severn\u00ed Afriky, aby zde pos\u00edlily dopravn\u00ed letectvo.<br \/>\nLeo Anderle v prosinci 1942 odstartoval z leti\u0161t\u011b u K\u00e1hiry k cest\u011b na Maltu, do c\u00edlov\u00e9 destinace v\u0161ak nikdy nedorazil. P\u0159\u00ed\u010dinu zmizen\u00ed letounu s celou os\u00e1dkou i v\u0161emi cestuj\u00edc\u00edmi dosud nikdo neobjasnil, pravd\u011bpodobn\u011b byl sest\u0159elen n\u011bmeck\u00fdmi st\u00edha\u010di. Za svou odvahu z\u00edskal Leo Anderle \u0159adu ocen\u011bn\u00ed in memoriam, v\u010detn\u011b britsk\u00e9ho Z\u00e1slu\u017en\u00e9ho leteck\u00e9ho k\u0159\u00ed\u017ee. A jak\u00fd byl Anderle v osobn\u00edm \u017eivot\u011b? \u201eAnderle byl \u0161ikula. Po jeho smrti se n\u00e1m p\u0159ihl\u00e1silo \u0161est jeho vdov s n\u00e1roky na od\u0161kodn\u00e9,\u201c uvedl po v\u00edce ne\u017e pades\u00e1ti letech od Anderleho zmizen\u00ed jeho velitel Ronald C. Hockey.<\/p>\n","protected":false},"excerpt":{"rendered":"<p>Plk. i.m. LEO ANDERLE, DFC Leo Anderle se narodil ve Vy\u0161kov\u011b jako nejmlad\u0161\u00ed ze t\u0159\u00ed bratr\u016f, v\u0161ichni t\u0159i se stali piloty. Anderle nejd\u0159\u00edve nastoupil k 311. bombardovac\u00ed peruti RAF, kde vykonal 27 bombardovac\u00edch akc\u00ed. Pot\u00e9 se na z\u00e1klad\u011b v\u00fdzvy britsk\u00e9ho Air Ministry p\u0159ihl\u00e1sil dobrovoln\u011b ke 138. peruti, ur\u010den\u00e9 pro zvl\u00e1\u0161tn\u00ed \u00fakoly. Jeho prim\u00e1rn\u00edm \u00fakolem byly&#8230;<\/p>\n","protected":false},"author":1,"featured_media":0,"parent":0,"menu_order":0,"comment_status":"closed","ping_status":"open","template":"","meta":{"_acf_changed":false,"footnotes":""},"class_list":["post-206","page","type-page","status-publish","hentry"],"acf":[],"yoast_head":"<!-- This site is optimized with the Yoast SEO plugin v27.2 - https:\/\/yoast.com\/product\/yoast-seo-wordpress\/ -->\n<title>Leo Anderle - \u017divot na Praze 14<\/title>\n<meta name=\"robots\" content=\"index, follow, max-snippet:-1, max-image-preview:large, max-video-preview:-1\" \/>\n<link rel=\"canonical\" href=\"https:\/\/www.praha14.cz\/zivot-na-praze-14\/plk-i-m-leo-anderle-dfc\/\" \/>\n<meta property=\"og:locale\" content=\"cs_CZ\" \/>\n<meta property=\"og:type\" content=\"article\" \/>\n<meta property=\"og:title\" content=\"Leo Anderle - \u017divot na Praze 14\" \/>\n<meta property=\"og:description\" content=\"Plk. i.m. LEO ANDERLE, DFC Leo Anderle se narodil ve Vy\u0161kov\u011b jako nejmlad\u0161\u00ed ze t\u0159\u00ed bratr\u016f, v\u0161ichni t\u0159i se stali piloty. Anderle nejd\u0159\u00edve nastoupil k 311. bombardovac\u00ed peruti RAF, kde vykonal 27 bombardovac\u00edch akc\u00ed. Pot\u00e9 se na z\u00e1klad\u011b v\u00fdzvy britsk\u00e9ho Air Ministry p\u0159ihl\u00e1sil dobrovoln\u011b ke 138. peruti, ur\u010den\u00e9 pro zvl\u00e1\u0161tn\u00ed \u00fakoly. Jeho prim\u00e1rn\u00edm \u00fakolem byly...\" \/>\n<meta property=\"og:url\" content=\"https:\/\/www.praha14.cz\/zivot-na-praze-14\/plk-i-m-leo-anderle-dfc\/\" \/>\n<meta property=\"og:site_name\" content=\"\u017divot na Praze 14\" \/>\n<meta property=\"article:modified_time\" content=\"2025-03-13T09:00:57+00:00\" \/>\n<meta property=\"og:image\" content=\"https:\/\/www.praha14.cz\/app\/uploads\/sites\/4\/2014\/04\/anderle.jpg\" \/>\n<meta name=\"twitter:card\" content=\"summary_large_image\" \/>\n<meta name=\"twitter:label1\" content=\"Est. reading time\" \/>\n\t<meta name=\"twitter:data1\" content=\"2 minuty\" \/>\n<script type=\"application\/ld+json\" class=\"yoast-schema-graph\">{\"@context\":\"https:\/\/schema.org\",\"@graph\":[{\"@type\":\"WebPage\",\"@id\":\"https:\/\/www.praha14.cz\/zivot-na-praze-14\/plk-i-m-leo-anderle-dfc\/\",\"url\":\"https:\/\/www.praha14.cz\/zivot-na-praze-14\/plk-i-m-leo-anderle-dfc\/\",\"name\":\"Leo Anderle - \u017divot na Praze 14\",\"isPartOf\":{\"@id\":\"https:\/\/www.praha14.cz\/zivot-na-praze-14\/#website\"},\"primaryImageOfPage\":{\"@id\":\"https:\/\/www.praha14.cz\/zivot-na-praze-14\/plk-i-m-leo-anderle-dfc\/#primaryimage\"},\"image\":{\"@id\":\"https:\/\/www.praha14.cz\/zivot-na-praze-14\/plk-i-m-leo-anderle-dfc\/#primaryimage\"},\"thumbnailUrl\":\"https:\/\/www.praha14.cz\/app\/uploads\/sites\/4\/2014\/04\/anderle.jpg\",\"datePublished\":\"2014-04-24T18:03:58+00:00\",\"dateModified\":\"2025-03-13T09:00:57+00:00\",\"breadcrumb\":{\"@id\":\"https:\/\/www.praha14.cz\/zivot-na-praze-14\/plk-i-m-leo-anderle-dfc\/#breadcrumb\"},\"inLanguage\":\"cs\",\"potentialAction\":[{\"@type\":\"ReadAction\",\"target\":[\"https:\/\/www.praha14.cz\/zivot-na-praze-14\/plk-i-m-leo-anderle-dfc\/\"]}]},{\"@type\":\"ImageObject\",\"inLanguage\":\"cs\",\"@id\":\"https:\/\/www.praha14.cz\/zivot-na-praze-14\/plk-i-m-leo-anderle-dfc\/#primaryimage\",\"url\":\"https:\/\/www.praha14.cz\/app\/uploads\/sites\/4\/2014\/04\/anderle.jpg\",\"contentUrl\":\"https:\/\/www.praha14.cz\/app\/uploads\/sites\/4\/2014\/04\/anderle.jpg\"},{\"@type\":\"BreadcrumbList\",\"@id\":\"https:\/\/www.praha14.cz\/zivot-na-praze-14\/plk-i-m-leo-anderle-dfc\/#breadcrumb\",\"itemListElement\":[{\"@type\":\"ListItem\",\"position\":1,\"name\":\"\u017divot na Praze 14\",\"item\":\"https:\/\/www.praha14.cz\/zivot-na-praze-14\/\"},{\"@type\":\"ListItem\",\"position\":2,\"name\":\"Leo Anderle\"}]},{\"@type\":\"WebSite\",\"@id\":\"https:\/\/www.praha14.cz\/zivot-na-praze-14\/#website\",\"url\":\"https:\/\/www.praha14.cz\/zivot-na-praze-14\/\",\"name\":\"\u017divot na Praze 14\",\"description\":\"\",\"potentialAction\":[{\"@type\":\"SearchAction\",\"target\":{\"@type\":\"EntryPoint\",\"urlTemplate\":\"https:\/\/www.praha14.cz\/zivot-na-praze-14\/?s={search_term_string}\"},\"query-input\":{\"@type\":\"PropertyValueSpecification\",\"valueRequired\":true,\"valueName\":\"search_term_string\"}}],\"inLanguage\":\"cs\"}]}<\/script>\n<!-- \/ Yoast SEO plugin. -->","yoast_head_json":{"title":"Leo Anderle - \u017divot na Praze 14","robots":{"index":"index","follow":"follow","max-snippet":"max-snippet:-1","max-image-preview":"max-image-preview:large","max-video-preview":"max-video-preview:-1"},"canonical":"https:\/\/www.praha14.cz\/zivot-na-praze-14\/plk-i-m-leo-anderle-dfc\/","og_locale":"cs_CZ","og_type":"article","og_title":"Leo Anderle - \u017divot na Praze 14","og_description":"Plk. i.m. LEO ANDERLE, DFC Leo Anderle se narodil ve Vy\u0161kov\u011b jako nejmlad\u0161\u00ed ze t\u0159\u00ed bratr\u016f, v\u0161ichni t\u0159i se stali piloty. Anderle nejd\u0159\u00edve nastoupil k 311. bombardovac\u00ed peruti RAF, kde vykonal 27 bombardovac\u00edch akc\u00ed. Pot\u00e9 se na z\u00e1klad\u011b v\u00fdzvy britsk\u00e9ho Air Ministry p\u0159ihl\u00e1sil dobrovoln\u011b ke 138. peruti, ur\u010den\u00e9 pro zvl\u00e1\u0161tn\u00ed \u00fakoly. Jeho prim\u00e1rn\u00edm \u00fakolem byly...","og_url":"https:\/\/www.praha14.cz\/zivot-na-praze-14\/plk-i-m-leo-anderle-dfc\/","og_site_name":"\u017divot na Praze 14","article_modified_time":"2025-03-13T09:00:57+00:00","og_image":[{"url":"https:\/\/www.praha14.cz\/app\/uploads\/sites\/4\/2014\/04\/anderle.jpg","type":"","width":"","height":""}],"twitter_card":"summary_large_image","twitter_misc":{"Est. reading time":"2 minuty"},"schema":{"@context":"https:\/\/schema.org","@graph":[{"@type":"WebPage","@id":"https:\/\/www.praha14.cz\/zivot-na-praze-14\/plk-i-m-leo-anderle-dfc\/","url":"https:\/\/www.praha14.cz\/zivot-na-praze-14\/plk-i-m-leo-anderle-dfc\/","name":"Leo Anderle - \u017divot na Praze 14","isPartOf":{"@id":"https:\/\/www.praha14.cz\/zivot-na-praze-14\/#website"},"primaryImageOfPage":{"@id":"https:\/\/www.praha14.cz\/zivot-na-praze-14\/plk-i-m-leo-anderle-dfc\/#primaryimage"},"image":{"@id":"https:\/\/www.praha14.cz\/zivot-na-praze-14\/plk-i-m-leo-anderle-dfc\/#primaryimage"},"thumbnailUrl":"https:\/\/www.praha14.cz\/app\/uploads\/sites\/4\/2014\/04\/anderle.jpg","datePublished":"2014-04-24T18:03:58+00:00","dateModified":"2025-03-13T09:00:57+00:00","breadcrumb":{"@id":"https:\/\/www.praha14.cz\/zivot-na-praze-14\/plk-i-m-leo-anderle-dfc\/#breadcrumb"},"inLanguage":"cs","potentialAction":[{"@type":"ReadAction","target":["https:\/\/www.praha14.cz\/zivot-na-praze-14\/plk-i-m-leo-anderle-dfc\/"]}]},{"@type":"ImageObject","inLanguage":"cs","@id":"https:\/\/www.praha14.cz\/zivot-na-praze-14\/plk-i-m-leo-anderle-dfc\/#primaryimage","url":"https:\/\/www.praha14.cz\/app\/uploads\/sites\/4\/2014\/04\/anderle.jpg","contentUrl":"https:\/\/www.praha14.cz\/app\/uploads\/sites\/4\/2014\/04\/anderle.jpg"},{"@type":"BreadcrumbList","@id":"https:\/\/www.praha14.cz\/zivot-na-praze-14\/plk-i-m-leo-anderle-dfc\/#breadcrumb","itemListElement":[{"@type":"ListItem","position":1,"name":"\u017divot na Praze 14","item":"https:\/\/www.praha14.cz\/zivot-na-praze-14\/"},{"@type":"ListItem","position":2,"name":"Leo Anderle"}]},{"@type":"WebSite","@id":"https:\/\/www.praha14.cz\/zivot-na-praze-14\/#website","url":"https:\/\/www.praha14.cz\/zivot-na-praze-14\/","name":"\u017divot na Praze 14","description":"","potentialAction":[{"@type":"SearchAction","target":{"@type":"EntryPoint","urlTemplate":"https:\/\/www.praha14.cz\/zivot-na-praze-14\/?s={search_term_string}"},"query-input":{"@type":"PropertyValueSpecification","valueRequired":true,"valueName":"search_term_string"}}],"inLanguage":"cs"}]}},"_links":{"self":[{"href":"https:\/\/www.praha14.cz\/zivot-na-praze-14\/wp-json\/wp\/v2\/pages\/206","targetHints":{"allow":["GET"]}}],"collection":[{"href":"https:\/\/www.praha14.cz\/zivot-na-praze-14\/wp-json\/wp\/v2\/pages"}],"about":[{"href":"https:\/\/www.praha14.cz\/zivot-na-praze-14\/wp-json\/wp\/v2\/types\/page"}],"author":[{"embeddable":true,"href":"https:\/\/www.praha14.cz\/zivot-na-praze-14\/wp-json\/wp\/v2\/users\/1"}],"replies":[{"embeddable":true,"href":"https:\/\/www.praha14.cz\/zivot-na-praze-14\/wp-json\/wp\/v2\/comments?post=206"}],"version-history":[{"count":4,"href":"https:\/\/www.praha14.cz\/zivot-na-praze-14\/wp-json\/wp\/v2\/pages\/206\/revisions"}],"predecessor-version":[{"id":71748,"href":"https:\/\/www.praha14.cz\/zivot-na-praze-14\/wp-json\/wp\/v2\/pages\/206\/revisions\/71748"}],"wp:attachment":[{"href":"https:\/\/www.praha14.cz\/zivot-na-praze-14\/wp-json\/wp\/v2\/media?parent=206"}],"curies":[{"name":"wp","href":"https:\/\/api.w.org\/{rel}","templated":true}]}}