{"id":20858,"date":"2014-09-11T16:22:02","date_gmt":"2014-09-11T14:22:02","guid":{"rendered":"https:\/\/www.praha14.cz\/zivot-na-praze-14\/?page_id=20858"},"modified":"2022-08-01T08:42:18","modified_gmt":"2022-08-01T08:42:18","slug":"cyklomapa-prahy-14","status":"publish","type":"page","link":"https:\/\/www.praha14.cz\/zivot-na-praze-14\/cyklomapa-prahy-14\/","title":{"rendered":"Cyklomapa Prahy 14"},"content":{"rendered":"<p>Radnice m\u011bstsk\u00e9 \u010d\u00e1sti nechala zpracovat cyklomapu Prahy 14 a jej\u00edho okol\u00ed (posledn\u00ed aktualizace: rok 2022).<\/p>\n<p><strong>V ti\u0161t\u011bn\u00e9 verzi je cyklomapa k dispozici na podateln\u011b a v informa\u010dn\u00ed kancel\u00e1\u0159i \u00da\u0159adu m\u011bstsk\u00e9 \u010d\u00e1sti Praha 14.<\/strong><\/p>\n<p><strong>Mapa ke sta\u017een\u00ed:<\/strong><\/p>\n<p><a href=\"https:\/\/www.praha14.cz\/app\/uploads\/sites\/4\/2022\/08\/Cyklomapa-5_2022.jpg\" target=\"_blank\" rel=\"noopener\" data-rel=\"lightbox-image-0\" data-rl_title=\"\" data-rl_caption=\"\"><img loading=\"lazy\" decoding=\"async\" class=\"alignnone wp-image-63897\" title=\"\" src=\"https:\/\/www.praha14.cz\/app\/uploads\/sites\/4\/2022\/08\/Cyklomapa-5_2022.jpg\" alt=\"Cyklomapa Prahy 14\" width=\"838\" height=\"598\" srcset=\"https:\/\/www.praha14.cz\/app\/uploads\/sites\/4\/2022\/08\/Cyklomapa-5_2022.jpg 2481w, https:\/\/www.praha14.cz\/app\/uploads\/sites\/4\/2022\/08\/Cyklomapa-5_2022-370x264.jpg 370w, https:\/\/www.praha14.cz\/app\/uploads\/sites\/4\/2022\/08\/Cyklomapa-5_2022-1024x731.jpg 1024w, https:\/\/www.praha14.cz\/app\/uploads\/sites\/4\/2022\/08\/Cyklomapa-5_2022-768x549.jpg 768w, https:\/\/www.praha14.cz\/app\/uploads\/sites\/4\/2022\/08\/Cyklomapa-5_2022-1536x1097.jpg 1536w, https:\/\/www.praha14.cz\/app\/uploads\/sites\/4\/2022\/08\/Cyklomapa-5_2022-2048x1463.jpg 2048w\" sizes=\"(max-width: 838px) 100vw, 838px\" \/><\/a><\/p>\n<p>&nbsp;<\/p>\n<p><strong>Zde je ke sta\u017een\u00ed <a href=\"https:\/\/www.praha14.cz\/app\/uploads\/sites\/4\/2022\/08\/Cyklomapa-5_2022.pdf\" target=\"_blank\" rel=\"noopener\">textov\u00e1 \u010d\u00e1st mapy.<\/a><\/strong><\/p>\n","protected":false},"excerpt":{"rendered":"<p>Radnice m\u011bstsk\u00e9 \u010d\u00e1sti nechala zpracovat cyklomapu Prahy 14 a jej\u00edho okol\u00ed (posledn\u00ed aktualizace: rok 2022). V ti\u0161t\u011bn\u00e9 verzi je cyklomapa k dispozici na podateln\u011b a v informa\u010dn\u00ed kancel\u00e1\u0159i \u00da\u0159adu m\u011bstsk\u00e9 \u010d\u00e1sti Praha 14. Mapa ke sta\u017een\u00ed: &nbsp; Zde je ke sta\u017een\u00ed textov\u00e1 \u010d\u00e1st mapy.<\/p>\n","protected":false},"author":6,"featured_media":0,"parent":0,"menu_order":0,"comment_status":"closed","ping_status":"closed","template":"","meta":{"_acf_changed":false,"footnotes":""},"class_list":["post-20858","page","type-page","status-publish","hentry"],"acf":[],"yoast_head":"<!-- This site is optimized with the Yoast SEO plugin v27.2 - https:\/\/yoast.com\/product\/yoast-seo-wordpress\/ -->\n<title>Cyklomapa Prahy 14 - \u017divot na Praze 14<\/title>\n<meta name=\"robots\" content=\"index, follow, max-snippet:-1, max-image-preview:large, max-video-preview:-1\" \/>\n<link rel=\"canonical\" href=\"https:\/\/www.praha14.cz\/zivot-na-praze-14\/cyklomapa-prahy-14\/\" \/>\n<meta property=\"og:locale\" content=\"cs_CZ\" \/>\n<meta property=\"og:type\" content=\"article\" \/>\n<meta property=\"og:title\" content=\"Cyklomapa Prahy 14 - \u017divot na Praze 14\" \/>\n<meta property=\"og:description\" content=\"Radnice m\u011bstsk\u00e9 \u010d\u00e1sti nechala zpracovat cyklomapu Prahy 14 a jej\u00edho okol\u00ed (posledn\u00ed aktualizace: rok 2022). V ti\u0161t\u011bn\u00e9 verzi je cyklomapa k dispozici na podateln\u011b a v informa\u010dn\u00ed kancel\u00e1\u0159i \u00da\u0159adu m\u011bstsk\u00e9 \u010d\u00e1sti Praha 14. Mapa ke sta\u017een\u00ed: &nbsp; Zde je ke sta\u017een\u00ed textov\u00e1 \u010d\u00e1st mapy.\" \/>\n<meta property=\"og:url\" content=\"https:\/\/www.praha14.cz\/zivot-na-praze-14\/cyklomapa-prahy-14\/\" \/>\n<meta property=\"og:site_name\" content=\"\u017divot na Praze 14\" \/>\n<meta property=\"article:modified_time\" content=\"2022-08-01T08:42:18+00:00\" \/>\n<meta property=\"og:image\" content=\"https:\/\/www.praha14.cz\/app\/uploads\/sites\/4\/2022\/08\/Cyklomapa-5_2022.jpg\" \/>\n<meta name=\"twitter:card\" content=\"summary_large_image\" \/>\n<script type=\"application\/ld+json\" class=\"yoast-schema-graph\">{\"@context\":\"https:\/\/schema.org\",\"@graph\":[{\"@type\":\"WebPage\",\"@id\":\"https:\/\/www.praha14.cz\/zivot-na-praze-14\/cyklomapa-prahy-14\/\",\"url\":\"https:\/\/www.praha14.cz\/zivot-na-praze-14\/cyklomapa-prahy-14\/\",\"name\":\"Cyklomapa Prahy 14 - \u017divot na Praze 14\",\"isPartOf\":{\"@id\":\"https:\/\/www.praha14.cz\/zivot-na-praze-14\/#website\"},\"primaryImageOfPage\":{\"@id\":\"https:\/\/www.praha14.cz\/zivot-na-praze-14\/cyklomapa-prahy-14\/#primaryimage\"},\"image\":{\"@id\":\"https:\/\/www.praha14.cz\/zivot-na-praze-14\/cyklomapa-prahy-14\/#primaryimage\"},\"thumbnailUrl\":\"https:\/\/www.praha14.cz\/app\/uploads\/sites\/4\/2022\/08\/Cyklomapa-5_2022.jpg\",\"datePublished\":\"2014-09-11T14:22:02+00:00\",\"dateModified\":\"2022-08-01T08:42:18+00:00\",\"breadcrumb\":{\"@id\":\"https:\/\/www.praha14.cz\/zivot-na-praze-14\/cyklomapa-prahy-14\/#breadcrumb\"},\"inLanguage\":\"cs\",\"potentialAction\":[{\"@type\":\"ReadAction\",\"target\":[\"https:\/\/www.praha14.cz\/zivot-na-praze-14\/cyklomapa-prahy-14\/\"]}]},{\"@type\":\"ImageObject\",\"inLanguage\":\"cs\",\"@id\":\"https:\/\/www.praha14.cz\/zivot-na-praze-14\/cyklomapa-prahy-14\/#primaryimage\",\"url\":\"https:\/\/www.praha14.cz\/app\/uploads\/sites\/4\/2022\/08\/Cyklomapa-5_2022.jpg\",\"contentUrl\":\"https:\/\/www.praha14.cz\/app\/uploads\/sites\/4\/2022\/08\/Cyklomapa-5_2022.jpg\"},{\"@type\":\"BreadcrumbList\",\"@id\":\"https:\/\/www.praha14.cz\/zivot-na-praze-14\/cyklomapa-prahy-14\/#breadcrumb\",\"itemListElement\":[{\"@type\":\"ListItem\",\"position\":1,\"name\":\"\u017divot na Praze 14\",\"item\":\"https:\/\/www.praha14.cz\/zivot-na-praze-14\/\"},{\"@type\":\"ListItem\",\"position\":2,\"name\":\"Cyklomapa Prahy 14\"}]},{\"@type\":\"WebSite\",\"@id\":\"https:\/\/www.praha14.cz\/zivot-na-praze-14\/#website\",\"url\":\"https:\/\/www.praha14.cz\/zivot-na-praze-14\/\",\"name\":\"\u017divot na Praze 14\",\"description\":\"\",\"potentialAction\":[{\"@type\":\"SearchAction\",\"target\":{\"@type\":\"EntryPoint\",\"urlTemplate\":\"https:\/\/www.praha14.cz\/zivot-na-praze-14\/?s={search_term_string}\"},\"query-input\":{\"@type\":\"PropertyValueSpecification\",\"valueRequired\":true,\"valueName\":\"search_term_string\"}}],\"inLanguage\":\"cs\"}]}<\/script>\n<!-- \/ Yoast SEO plugin. -->","yoast_head_json":{"title":"Cyklomapa Prahy 14 - \u017divot na Praze 14","robots":{"index":"index","follow":"follow","max-snippet":"max-snippet:-1","max-image-preview":"max-image-preview:large","max-video-preview":"max-video-preview:-1"},"canonical":"https:\/\/www.praha14.cz\/zivot-na-praze-14\/cyklomapa-prahy-14\/","og_locale":"cs_CZ","og_type":"article","og_title":"Cyklomapa Prahy 14 - \u017divot na Praze 14","og_description":"Radnice m\u011bstsk\u00e9 \u010d\u00e1sti nechala zpracovat cyklomapu Prahy 14 a jej\u00edho okol\u00ed (posledn\u00ed aktualizace: rok 2022). V ti\u0161t\u011bn\u00e9 verzi je cyklomapa k dispozici na podateln\u011b a v informa\u010dn\u00ed kancel\u00e1\u0159i \u00da\u0159adu m\u011bstsk\u00e9 \u010d\u00e1sti Praha 14. Mapa ke sta\u017een\u00ed: &nbsp; Zde je ke sta\u017een\u00ed textov\u00e1 \u010d\u00e1st mapy.","og_url":"https:\/\/www.praha14.cz\/zivot-na-praze-14\/cyklomapa-prahy-14\/","og_site_name":"\u017divot na Praze 14","article_modified_time":"2022-08-01T08:42:18+00:00","og_image":[{"url":"https:\/\/www.praha14.cz\/app\/uploads\/sites\/4\/2022\/08\/Cyklomapa-5_2022.jpg","type":"","width":"","height":""}],"twitter_card":"summary_large_image","schema":{"@context":"https:\/\/schema.org","@graph":[{"@type":"WebPage","@id":"https:\/\/www.praha14.cz\/zivot-na-praze-14\/cyklomapa-prahy-14\/","url":"https:\/\/www.praha14.cz\/zivot-na-praze-14\/cyklomapa-prahy-14\/","name":"Cyklomapa Prahy 14 - \u017divot na Praze 14","isPartOf":{"@id":"https:\/\/www.praha14.cz\/zivot-na-praze-14\/#website"},"primaryImageOfPage":{"@id":"https:\/\/www.praha14.cz\/zivot-na-praze-14\/cyklomapa-prahy-14\/#primaryimage"},"image":{"@id":"https:\/\/www.praha14.cz\/zivot-na-praze-14\/cyklomapa-prahy-14\/#primaryimage"},"thumbnailUrl":"https:\/\/www.praha14.cz\/app\/uploads\/sites\/4\/2022\/08\/Cyklomapa-5_2022.jpg","datePublished":"2014-09-11T14:22:02+00:00","dateModified":"2022-08-01T08:42:18+00:00","breadcrumb":{"@id":"https:\/\/www.praha14.cz\/zivot-na-praze-14\/cyklomapa-prahy-14\/#breadcrumb"},"inLanguage":"cs","potentialAction":[{"@type":"ReadAction","target":["https:\/\/www.praha14.cz\/zivot-na-praze-14\/cyklomapa-prahy-14\/"]}]},{"@type":"ImageObject","inLanguage":"cs","@id":"https:\/\/www.praha14.cz\/zivot-na-praze-14\/cyklomapa-prahy-14\/#primaryimage","url":"https:\/\/www.praha14.cz\/app\/uploads\/sites\/4\/2022\/08\/Cyklomapa-5_2022.jpg","contentUrl":"https:\/\/www.praha14.cz\/app\/uploads\/sites\/4\/2022\/08\/Cyklomapa-5_2022.jpg"},{"@type":"BreadcrumbList","@id":"https:\/\/www.praha14.cz\/zivot-na-praze-14\/cyklomapa-prahy-14\/#breadcrumb","itemListElement":[{"@type":"ListItem","position":1,"name":"\u017divot na Praze 14","item":"https:\/\/www.praha14.cz\/zivot-na-praze-14\/"},{"@type":"ListItem","position":2,"name":"Cyklomapa Prahy 14"}]},{"@type":"WebSite","@id":"https:\/\/www.praha14.cz\/zivot-na-praze-14\/#website","url":"https:\/\/www.praha14.cz\/zivot-na-praze-14\/","name":"\u017divot na Praze 14","description":"","potentialAction":[{"@type":"SearchAction","target":{"@type":"EntryPoint","urlTemplate":"https:\/\/www.praha14.cz\/zivot-na-praze-14\/?s={search_term_string}"},"query-input":{"@type":"PropertyValueSpecification","valueRequired":true,"valueName":"search_term_string"}}],"inLanguage":"cs"}]}},"_links":{"self":[{"href":"https:\/\/www.praha14.cz\/zivot-na-praze-14\/wp-json\/wp\/v2\/pages\/20858","targetHints":{"allow":["GET"]}}],"collection":[{"href":"https:\/\/www.praha14.cz\/zivot-na-praze-14\/wp-json\/wp\/v2\/pages"}],"about":[{"href":"https:\/\/www.praha14.cz\/zivot-na-praze-14\/wp-json\/wp\/v2\/types\/page"}],"author":[{"embeddable":true,"href":"https:\/\/www.praha14.cz\/zivot-na-praze-14\/wp-json\/wp\/v2\/users\/6"}],"replies":[{"embeddable":true,"href":"https:\/\/www.praha14.cz\/zivot-na-praze-14\/wp-json\/wp\/v2\/comments?post=20858"}],"version-history":[{"count":5,"href":"https:\/\/www.praha14.cz\/zivot-na-praze-14\/wp-json\/wp\/v2\/pages\/20858\/revisions"}],"predecessor-version":[{"id":63899,"href":"https:\/\/www.praha14.cz\/zivot-na-praze-14\/wp-json\/wp\/v2\/pages\/20858\/revisions\/63899"}],"wp:attachment":[{"href":"https:\/\/www.praha14.cz\/zivot-na-praze-14\/wp-json\/wp\/v2\/media?parent=20858"}],"curies":[{"name":"wp","href":"https:\/\/api.w.org\/{rel}","templated":true}]}}