{"id":2177,"date":"2014-05-12T17:42:51","date_gmt":"2014-05-12T16:42:51","guid":{"rendered":"https:\/\/www.praha14.cz\/zivot-na-praze-14\/?page_id=2177"},"modified":"2026-01-30T11:32:46","modified_gmt":"2026-01-30T11:32:46","slug":"armadni-general-i-m-janousek-karel-rndr","status":"publish","type":"page","link":"https:\/\/www.praha14.cz\/zivot-na-praze-14\/armadni-general-i-m-janousek-karel-rndr\/","title":{"rendered":"KAREL JANOU\u0160EK"},"content":{"rendered":"<p><strong>Arm\u00e1dn\u00ed gener\u00e1l i.m. Janou\u0161ek, Karel, RNDr.<\/strong><\/p>\n<p><img loading=\"lazy\" decoding=\"async\" class=\"alignright\" src=\"https:\/\/www.praha14.cz\/app\/uploads\/sites\/4\/2014\/04\/janousek.jpg\" alt=\"janousek\" width=\"278\" height=\"400\" \/>Narodil se v P\u0159erov\u011b, kde absolvoval gymn\u00e1zium. B\u011bhem prvn\u00ed sv\u011btov\u00e9 v\u00e1lky se zapojil do \u010deskoslovensk\u00fdch legi\u00ed v Rusku. Po n\u00e1vratu do vlasti se stal d\u016fstojn\u00edkem nov\u011b vznikaj\u00edc\u00ed \u010deskoslovensk\u00e9 arm\u00e1dy a z\u00e1hy se za\u010dal specializovat na letectvo, kter\u00e9 v t\u00e9 dob\u011b teprve hledalo sv\u00e9 m\u00edsto v modern\u00edm vojenstv\u00ed. Vystudoval i Univerzitu Karlovu a z\u00edskal titul doktora p\u0159\u00edrodn\u00edch v\u011bd \u2013 byl to tedy nejen voj\u00e1k, ale tak\u00e9 intelektu\u00e1l.<\/p>\n<p>Po okupaci \u010ceskoslovenska v roce 1939 uprchl p\u0159es Jugosl\u00e1vii a Bl\u00edzk\u00fd v\u00fdchod do Francie, kde se p\u0159ipojil k exilov\u00fdm vojensk\u00fdm jednotk\u00e1m. Po p\u00e1du Francie se p\u0159esunul do Velk\u00e9 Brit\u00e1nie, kde sehr\u00e1l z\u00e1sadn\u00ed roli \u2013 stal se organiz\u00e1torem a velitelem \u010deskoslovensk\u00fdch letc\u016f v RAF. V roce 1941 byl pov\u00fd\u0161en na Air Vice-Marshal, co\u017e bylo bezprecedentn\u00ed ocen\u011bn\u00ed d\u016fv\u011bry i schopnost\u00ed nebritsk\u00e9ho ob\u010dana. Janou\u0161ek je jedin\u00fd v na\u0161ich d\u011bjin\u00e1ch, kdo dos\u00e1hl mar\u0161\u00e1lsk\u00e9 hodnosti. S\u00e1m se ne\u00fa\u010dastnil bojov\u00fdch mis\u00ed, jeho \u00fakolem bylo v\u00e9st, motivovat a h\u00e1jit z\u00e1jmy \u010deskoslovensk\u00fdch letc\u016f, kter\u00fdch v RAF slou\u017eily tis\u00edce. Jeho autorita, diplomatick\u00e9 schopnosti i vzd\u011bl\u00e1n\u00ed mu umo\u017enily prosadit \u010deskoslovensk\u00e9 jednotky jako plnohodnotnou sou\u010d\u00e1st spojeneck\u00fdch sil.<\/p>\n<p>Karel Janou\u0161ek se tak\u00e9 zaslou\u017eil o vznik \u0159ady org\u00e1n\u016f pro civiln\u00ed letectv\u00ed a jeho rozvoj. Po v\u00e1lce se triumf\u00e1ln\u011b vr\u00e1til do \u010ceskoslovenska jako hrdina, av\u0161ak jen do\u010dasn\u011b. Po komunistick\u00e9m p\u0159evratu v \u00fanoru 1948 byl zat\u010den, degradov\u00e1n a po vykonstruovan\u00e9m procesu odsouzen na do\u017eivot\u00ed za \u00fadajnou vlastizradu. Ve v\u011bzen\u00ed str\u00e1vil 12 let, v\u011bt\u0161inu v krut\u00fdch podm\u00ednk\u00e1ch. Byl propu\u0161t\u011bn v roce 1960, \u010d\u00e1ste\u010dn\u00e9 rehabilitace se do\u010dkal roku 1968, hodnost mu v\u0161ak navr\u00e1cena nebyla. Zem\u0159el zapomenut\u00fd a bez ofici\u00e1ln\u00edch poct 27. \u0159\u00edjna 1971. Tragick\u00fd osud Karla Janou\u0161ka inspiroval \u0161v\u00e9dskou heavymetalovou skupinu Sabaton k p\u00edsni Far From the Fame.<\/p>\n<p>&nbsp;<\/p>\n","protected":false},"excerpt":{"rendered":"<p>Arm\u00e1dn\u00ed gener\u00e1l i.m. Janou\u0161ek, Karel, RNDr. Narodil se v P\u0159erov\u011b, kde absolvoval gymn\u00e1zium. B\u011bhem prvn\u00ed sv\u011btov\u00e9 v\u00e1lky se zapojil do \u010deskoslovensk\u00fdch legi\u00ed v Rusku. Po n\u00e1vratu do vlasti se stal d\u016fstojn\u00edkem nov\u011b vznikaj\u00edc\u00ed \u010deskoslovensk\u00e9 arm\u00e1dy a z\u00e1hy se za\u010dal specializovat na letectvo, kter\u00e9 v t\u00e9 dob\u011b teprve hledalo sv\u00e9 m\u00edsto v modern\u00edm vojenstv\u00ed. Vystudoval i&#8230;<\/p>\n","protected":false},"author":1,"featured_media":0,"parent":0,"menu_order":0,"comment_status":"closed","ping_status":"open","template":"","meta":{"_acf_changed":false,"footnotes":""},"class_list":["post-2177","page","type-page","status-publish","hentry"],"acf":[],"yoast_head":"<!-- This site is optimized with the Yoast SEO plugin v27.2 - https:\/\/yoast.com\/product\/yoast-seo-wordpress\/ -->\n<title>KAREL JANOU\u0160EK - \u017divot na Praze 14<\/title>\n<meta name=\"robots\" content=\"index, follow, max-snippet:-1, max-image-preview:large, max-video-preview:-1\" \/>\n<link rel=\"canonical\" href=\"https:\/\/www.praha14.cz\/zivot-na-praze-14\/armadni-general-i-m-janousek-karel-rndr\/\" \/>\n<meta property=\"og:locale\" content=\"cs_CZ\" \/>\n<meta property=\"og:type\" content=\"article\" \/>\n<meta property=\"og:title\" content=\"KAREL JANOU\u0160EK - \u017divot na Praze 14\" \/>\n<meta property=\"og:description\" content=\"Arm\u00e1dn\u00ed gener\u00e1l i.m. Janou\u0161ek, Karel, RNDr. Narodil se v P\u0159erov\u011b, kde absolvoval gymn\u00e1zium. B\u011bhem prvn\u00ed sv\u011btov\u00e9 v\u00e1lky se zapojil do \u010deskoslovensk\u00fdch legi\u00ed v Rusku. Po n\u00e1vratu do vlasti se stal d\u016fstojn\u00edkem nov\u011b vznikaj\u00edc\u00ed \u010deskoslovensk\u00e9 arm\u00e1dy a z\u00e1hy se za\u010dal specializovat na letectvo, kter\u00e9 v t\u00e9 dob\u011b teprve hledalo sv\u00e9 m\u00edsto v modern\u00edm vojenstv\u00ed. Vystudoval i...\" \/>\n<meta property=\"og:url\" content=\"https:\/\/www.praha14.cz\/zivot-na-praze-14\/armadni-general-i-m-janousek-karel-rndr\/\" \/>\n<meta property=\"og:site_name\" content=\"\u017divot na Praze 14\" \/>\n<meta property=\"article:modified_time\" content=\"2026-01-30T11:32:46+00:00\" \/>\n<meta property=\"og:image\" content=\"https:\/\/www.praha14.cz\/app\/uploads\/sites\/4\/2014\/04\/janousek.jpg\" \/>\n<meta name=\"twitter:card\" content=\"summary_large_image\" \/>\n<meta name=\"twitter:label1\" content=\"Est. reading time\" \/>\n\t<meta name=\"twitter:data1\" content=\"2 minuty\" \/>\n<script type=\"application\/ld+json\" class=\"yoast-schema-graph\">{\"@context\":\"https:\/\/schema.org\",\"@graph\":[{\"@type\":\"WebPage\",\"@id\":\"https:\/\/www.praha14.cz\/zivot-na-praze-14\/armadni-general-i-m-janousek-karel-rndr\/\",\"url\":\"https:\/\/www.praha14.cz\/zivot-na-praze-14\/armadni-general-i-m-janousek-karel-rndr\/\",\"name\":\"KAREL JANOU\u0160EK - \u017divot na Praze 14\",\"isPartOf\":{\"@id\":\"https:\/\/www.praha14.cz\/zivot-na-praze-14\/#website\"},\"primaryImageOfPage\":{\"@id\":\"https:\/\/www.praha14.cz\/zivot-na-praze-14\/armadni-general-i-m-janousek-karel-rndr\/#primaryimage\"},\"image\":{\"@id\":\"https:\/\/www.praha14.cz\/zivot-na-praze-14\/armadni-general-i-m-janousek-karel-rndr\/#primaryimage\"},\"thumbnailUrl\":\"https:\/\/www.praha14.cz\/app\/uploads\/sites\/4\/2014\/04\/janousek.jpg\",\"datePublished\":\"2014-05-12T16:42:51+00:00\",\"dateModified\":\"2026-01-30T11:32:46+00:00\",\"breadcrumb\":{\"@id\":\"https:\/\/www.praha14.cz\/zivot-na-praze-14\/armadni-general-i-m-janousek-karel-rndr\/#breadcrumb\"},\"inLanguage\":\"cs\",\"potentialAction\":[{\"@type\":\"ReadAction\",\"target\":[\"https:\/\/www.praha14.cz\/zivot-na-praze-14\/armadni-general-i-m-janousek-karel-rndr\/\"]}]},{\"@type\":\"ImageObject\",\"inLanguage\":\"cs\",\"@id\":\"https:\/\/www.praha14.cz\/zivot-na-praze-14\/armadni-general-i-m-janousek-karel-rndr\/#primaryimage\",\"url\":\"https:\/\/www.praha14.cz\/app\/uploads\/sites\/4\/2014\/04\/janousek.jpg\",\"contentUrl\":\"https:\/\/www.praha14.cz\/app\/uploads\/sites\/4\/2014\/04\/janousek.jpg\"},{\"@type\":\"BreadcrumbList\",\"@id\":\"https:\/\/www.praha14.cz\/zivot-na-praze-14\/armadni-general-i-m-janousek-karel-rndr\/#breadcrumb\",\"itemListElement\":[{\"@type\":\"ListItem\",\"position\":1,\"name\":\"\u017divot na Praze 14\",\"item\":\"https:\/\/www.praha14.cz\/zivot-na-praze-14\/\"},{\"@type\":\"ListItem\",\"position\":2,\"name\":\"KAREL JANOU\u0160EK\"}]},{\"@type\":\"WebSite\",\"@id\":\"https:\/\/www.praha14.cz\/zivot-na-praze-14\/#website\",\"url\":\"https:\/\/www.praha14.cz\/zivot-na-praze-14\/\",\"name\":\"\u017divot na Praze 14\",\"description\":\"\",\"potentialAction\":[{\"@type\":\"SearchAction\",\"target\":{\"@type\":\"EntryPoint\",\"urlTemplate\":\"https:\/\/www.praha14.cz\/zivot-na-praze-14\/?s={search_term_string}\"},\"query-input\":{\"@type\":\"PropertyValueSpecification\",\"valueRequired\":true,\"valueName\":\"search_term_string\"}}],\"inLanguage\":\"cs\"}]}<\/script>\n<!-- \/ Yoast SEO plugin. -->","yoast_head_json":{"title":"KAREL JANOU\u0160EK - \u017divot na Praze 14","robots":{"index":"index","follow":"follow","max-snippet":"max-snippet:-1","max-image-preview":"max-image-preview:large","max-video-preview":"max-video-preview:-1"},"canonical":"https:\/\/www.praha14.cz\/zivot-na-praze-14\/armadni-general-i-m-janousek-karel-rndr\/","og_locale":"cs_CZ","og_type":"article","og_title":"KAREL JANOU\u0160EK - \u017divot na Praze 14","og_description":"Arm\u00e1dn\u00ed gener\u00e1l i.m. Janou\u0161ek, Karel, RNDr. Narodil se v P\u0159erov\u011b, kde absolvoval gymn\u00e1zium. B\u011bhem prvn\u00ed sv\u011btov\u00e9 v\u00e1lky se zapojil do \u010deskoslovensk\u00fdch legi\u00ed v Rusku. Po n\u00e1vratu do vlasti se stal d\u016fstojn\u00edkem nov\u011b vznikaj\u00edc\u00ed \u010deskoslovensk\u00e9 arm\u00e1dy a z\u00e1hy se za\u010dal specializovat na letectvo, kter\u00e9 v t\u00e9 dob\u011b teprve hledalo sv\u00e9 m\u00edsto v modern\u00edm vojenstv\u00ed. Vystudoval i...","og_url":"https:\/\/www.praha14.cz\/zivot-na-praze-14\/armadni-general-i-m-janousek-karel-rndr\/","og_site_name":"\u017divot na Praze 14","article_modified_time":"2026-01-30T11:32:46+00:00","og_image":[{"url":"https:\/\/www.praha14.cz\/app\/uploads\/sites\/4\/2014\/04\/janousek.jpg","type":"","width":"","height":""}],"twitter_card":"summary_large_image","twitter_misc":{"Est. reading time":"2 minuty"},"schema":{"@context":"https:\/\/schema.org","@graph":[{"@type":"WebPage","@id":"https:\/\/www.praha14.cz\/zivot-na-praze-14\/armadni-general-i-m-janousek-karel-rndr\/","url":"https:\/\/www.praha14.cz\/zivot-na-praze-14\/armadni-general-i-m-janousek-karel-rndr\/","name":"KAREL JANOU\u0160EK - \u017divot na Praze 14","isPartOf":{"@id":"https:\/\/www.praha14.cz\/zivot-na-praze-14\/#website"},"primaryImageOfPage":{"@id":"https:\/\/www.praha14.cz\/zivot-na-praze-14\/armadni-general-i-m-janousek-karel-rndr\/#primaryimage"},"image":{"@id":"https:\/\/www.praha14.cz\/zivot-na-praze-14\/armadni-general-i-m-janousek-karel-rndr\/#primaryimage"},"thumbnailUrl":"https:\/\/www.praha14.cz\/app\/uploads\/sites\/4\/2014\/04\/janousek.jpg","datePublished":"2014-05-12T16:42:51+00:00","dateModified":"2026-01-30T11:32:46+00:00","breadcrumb":{"@id":"https:\/\/www.praha14.cz\/zivot-na-praze-14\/armadni-general-i-m-janousek-karel-rndr\/#breadcrumb"},"inLanguage":"cs","potentialAction":[{"@type":"ReadAction","target":["https:\/\/www.praha14.cz\/zivot-na-praze-14\/armadni-general-i-m-janousek-karel-rndr\/"]}]},{"@type":"ImageObject","inLanguage":"cs","@id":"https:\/\/www.praha14.cz\/zivot-na-praze-14\/armadni-general-i-m-janousek-karel-rndr\/#primaryimage","url":"https:\/\/www.praha14.cz\/app\/uploads\/sites\/4\/2014\/04\/janousek.jpg","contentUrl":"https:\/\/www.praha14.cz\/app\/uploads\/sites\/4\/2014\/04\/janousek.jpg"},{"@type":"BreadcrumbList","@id":"https:\/\/www.praha14.cz\/zivot-na-praze-14\/armadni-general-i-m-janousek-karel-rndr\/#breadcrumb","itemListElement":[{"@type":"ListItem","position":1,"name":"\u017divot na Praze 14","item":"https:\/\/www.praha14.cz\/zivot-na-praze-14\/"},{"@type":"ListItem","position":2,"name":"KAREL JANOU\u0160EK"}]},{"@type":"WebSite","@id":"https:\/\/www.praha14.cz\/zivot-na-praze-14\/#website","url":"https:\/\/www.praha14.cz\/zivot-na-praze-14\/","name":"\u017divot na Praze 14","description":"","potentialAction":[{"@type":"SearchAction","target":{"@type":"EntryPoint","urlTemplate":"https:\/\/www.praha14.cz\/zivot-na-praze-14\/?s={search_term_string}"},"query-input":{"@type":"PropertyValueSpecification","valueRequired":true,"valueName":"search_term_string"}}],"inLanguage":"cs"}]}},"_links":{"self":[{"href":"https:\/\/www.praha14.cz\/zivot-na-praze-14\/wp-json\/wp\/v2\/pages\/2177","targetHints":{"allow":["GET"]}}],"collection":[{"href":"https:\/\/www.praha14.cz\/zivot-na-praze-14\/wp-json\/wp\/v2\/pages"}],"about":[{"href":"https:\/\/www.praha14.cz\/zivot-na-praze-14\/wp-json\/wp\/v2\/types\/page"}],"author":[{"embeddable":true,"href":"https:\/\/www.praha14.cz\/zivot-na-praze-14\/wp-json\/wp\/v2\/users\/1"}],"replies":[{"embeddable":true,"href":"https:\/\/www.praha14.cz\/zivot-na-praze-14\/wp-json\/wp\/v2\/comments?post=2177"}],"version-history":[{"count":3,"href":"https:\/\/www.praha14.cz\/zivot-na-praze-14\/wp-json\/wp\/v2\/pages\/2177\/revisions"}],"predecessor-version":[{"id":73876,"href":"https:\/\/www.praha14.cz\/zivot-na-praze-14\/wp-json\/wp\/v2\/pages\/2177\/revisions\/73876"}],"wp:attachment":[{"href":"https:\/\/www.praha14.cz\/zivot-na-praze-14\/wp-json\/wp\/v2\/media?parent=2177"}],"curies":[{"name":"wp","href":"https:\/\/api.w.org\/{rel}","templated":true}]}}