{"id":2180,"date":"2014-05-12T17:44:36","date_gmt":"2014-05-12T16:44:36","guid":{"rendered":"https:\/\/www.praha14.cz\/zivot-na-praze-14\/?page_id=2180"},"modified":"2026-01-30T11:40:41","modified_gmt":"2026-01-30T11:40:41","slug":"plk-i-m-vaclav-jicha","status":"publish","type":"page","link":"https:\/\/www.praha14.cz\/zivot-na-praze-14\/plk-i-m-vaclav-jicha\/","title":{"rendered":"V\u00c1CLAV J\u00cdCHA"},"content":{"rendered":"<p><strong>Plk. i.m. V\u00e1clav J\u00edcha<\/strong><\/p>\n<p><a href=\"https:\/\/www.praha14.cz\/app\/uploads\/sites\/4\/2014\/04\/jicha.jpg\" data-rel=\"lightbox-image-0\" data-rl_title=\"\" data-rl_caption=\"\" title=\"\"><img loading=\"lazy\" decoding=\"async\" class=\"alignright\" src=\"https:\/\/www.praha14.cz\/app\/uploads\/sites\/4\/2014\/04\/jicha.jpg\" alt=\"jicha\" width=\"277\" height=\"400\" \/><\/a>V\u00e1clav J\u00edcha pat\u0159il mezi nejv\u00fdznamn\u011bj\u0161\u00ed \u010deskoslovensk\u00e9 st\u00edha\u010de RAF. U\u017e p\u0159ed v\u00e1lkou se nadchl pro letectv\u00ed, v Praze z\u00edskal pilotn\u00ed licenci v aeroklubu i jako eduka\u010dn\u00ed mechanik a posl\u00e9ze slou\u017eil u vojensk\u00e9 letky v Pie\u0161\u0165anech, aby se mohl st\u00e1t st\u00edhac\u00edm pilotem. Sv\u016fj talent rozvinul v akrobatick\u00e9 skupin\u011b \u201eKr\u00e1l vzduchu\u201c pod veden\u00edm Franti\u0161ka Nov\u00e1ka.<\/p>\n<p>S n\u011bmeckou okupac\u00ed ode\u0161el v kv\u011btnu 1939 do Polska, odkud putoval p\u0159es Francii \u2013 kde si p\u0159ipsal \u010dty\u0159i sest\u0159ely \u2013 a\u017e do Velk\u00e9 Brit\u00e1nie, kde vstoupil do RAF. Bojoval v bitv\u011b o Brit\u00e1nii v 1. a 17. peruti, n\u00e1sledn\u011b p\u0159e\u0161el do 313. \u010deskoslovensk\u00e9 perut\u011b. B\u011bhem dal\u0161\u00edho turnusu sest\u0159elil je\u0161t\u011b trojici nep\u0159\u00e1telsk\u00fdch stroj\u016f. Po vy\u010derp\u00e1n\u00ed bojov\u00e9 lh\u016fty se stal zku\u0161ebn\u00edm pilotem \u2013 otestoval celkem 1267 Spitfir\u016f.<\/p>\n<p>V listopadu 1945 mu bylo za tuto pr\u00e1ci ud\u011bleno britsk\u00e9 Vyznamen\u00e1n\u00ed leteck\u00e9 slu\u017eby (AFC), kde se mimo jin\u00e9 uv\u00e1d\u00ed: \u201eZdatnost F\/Lt J\u00edchy byla mimoto podrobena t\u011b\u017ek\u00e9 zkou\u0161ce t\u00edm, \u017ee byl z valn\u00e9 \u010d\u00e1sti zam\u011bstn\u00e1n zji\u0161\u0165ov\u00e1n\u00edm p\u0159\u00ed\u010din vysazov\u00e1n\u00ed motor\u016f. Z patn\u00e1cti nouzov\u00fdch p\u0159ist\u00e1n\u00ed, kter\u00e9 v d\u016fsledku toho musel prov\u00e9st, p\u0159ist\u00e1l dev\u011btkr\u00e1t s neporu\u0161en\u00fdm letounem bez podvozku na leti\u0161ti.\u201c<\/p>\n<p>Bohu\u017eel se l\u00e9t\u00e1n\u00ed nakonec stalo V\u00e1clavu J\u00edchovi osudn\u00fdm, tragicky zahynul 1. \u00fanora 1945 p\u0159i leteck\u00e9 nehod\u011b ve skotsk\u00fdch hor\u00e1ch. Nepilotoval, byl mezi pasa\u017e\u00e9ry letu, kter\u00fd ztratil orientaci v mraziv\u00e9 bou\u0159i. J\u00edcha p\u0159e\u017eil hav\u00e1rii s lehk\u00fdmi zran\u011bn\u00edmi, ale bez pomoci ve sn\u011bhu umrzl.<\/p>\n<p>&nbsp;<\/p>\n","protected":false},"excerpt":{"rendered":"<p>Plk. i.m. V\u00e1clav J\u00edcha V\u00e1clav J\u00edcha pat\u0159il mezi nejv\u00fdznamn\u011bj\u0161\u00ed \u010deskoslovensk\u00e9 st\u00edha\u010de RAF. U\u017e p\u0159ed v\u00e1lkou se nadchl pro letectv\u00ed, v Praze z\u00edskal pilotn\u00ed licenci v aeroklubu i jako eduka\u010dn\u00ed mechanik a posl\u00e9ze slou\u017eil u vojensk\u00e9 letky v Pie\u0161\u0165anech, aby se mohl st\u00e1t st\u00edhac\u00edm pilotem. Sv\u016fj talent rozvinul v akrobatick\u00e9 skupin\u011b \u201eKr\u00e1l vzduchu\u201c pod veden\u00edm Franti\u0161ka&#8230;<\/p>\n","protected":false},"author":1,"featured_media":0,"parent":0,"menu_order":0,"comment_status":"closed","ping_status":"open","template":"","meta":{"_acf_changed":false,"footnotes":""},"class_list":["post-2180","page","type-page","status-publish","hentry"],"acf":[],"yoast_head":"<!-- This site is optimized with the Yoast SEO plugin v27.2 - https:\/\/yoast.com\/product\/yoast-seo-wordpress\/ -->\n<title>V\u00c1CLAV J\u00cdCHA - \u017divot na Praze 14<\/title>\n<meta name=\"robots\" content=\"index, follow, max-snippet:-1, max-image-preview:large, max-video-preview:-1\" \/>\n<link rel=\"canonical\" href=\"https:\/\/www.praha14.cz\/zivot-na-praze-14\/plk-i-m-vaclav-jicha\/\" \/>\n<meta property=\"og:locale\" content=\"cs_CZ\" \/>\n<meta property=\"og:type\" content=\"article\" \/>\n<meta property=\"og:title\" content=\"V\u00c1CLAV J\u00cdCHA - \u017divot na Praze 14\" \/>\n<meta property=\"og:description\" content=\"Plk. i.m. V\u00e1clav J\u00edcha V\u00e1clav J\u00edcha pat\u0159il mezi nejv\u00fdznamn\u011bj\u0161\u00ed \u010deskoslovensk\u00e9 st\u00edha\u010de RAF. U\u017e p\u0159ed v\u00e1lkou se nadchl pro letectv\u00ed, v Praze z\u00edskal pilotn\u00ed licenci v aeroklubu i jako eduka\u010dn\u00ed mechanik a posl\u00e9ze slou\u017eil u vojensk\u00e9 letky v Pie\u0161\u0165anech, aby se mohl st\u00e1t st\u00edhac\u00edm pilotem. Sv\u016fj talent rozvinul v akrobatick\u00e9 skupin\u011b \u201eKr\u00e1l vzduchu\u201c pod veden\u00edm Franti\u0161ka...\" \/>\n<meta property=\"og:url\" content=\"https:\/\/www.praha14.cz\/zivot-na-praze-14\/plk-i-m-vaclav-jicha\/\" \/>\n<meta property=\"og:site_name\" content=\"\u017divot na Praze 14\" \/>\n<meta property=\"article:modified_time\" content=\"2026-01-30T11:40:41+00:00\" \/>\n<meta property=\"og:image\" content=\"https:\/\/www.praha14.cz\/app\/uploads\/sites\/4\/2014\/04\/jicha.jpg\" \/>\n<meta name=\"twitter:card\" content=\"summary_large_image\" \/>\n<meta name=\"twitter:label1\" content=\"Est. reading time\" \/>\n\t<meta name=\"twitter:data1\" content=\"2 minuty\" \/>\n<script type=\"application\/ld+json\" class=\"yoast-schema-graph\">{\"@context\":\"https:\/\/schema.org\",\"@graph\":[{\"@type\":\"WebPage\",\"@id\":\"https:\/\/www.praha14.cz\/zivot-na-praze-14\/plk-i-m-vaclav-jicha\/\",\"url\":\"https:\/\/www.praha14.cz\/zivot-na-praze-14\/plk-i-m-vaclav-jicha\/\",\"name\":\"V\u00c1CLAV J\u00cdCHA - \u017divot na Praze 14\",\"isPartOf\":{\"@id\":\"https:\/\/www.praha14.cz\/zivot-na-praze-14\/#website\"},\"primaryImageOfPage\":{\"@id\":\"https:\/\/www.praha14.cz\/zivot-na-praze-14\/plk-i-m-vaclav-jicha\/#primaryimage\"},\"image\":{\"@id\":\"https:\/\/www.praha14.cz\/zivot-na-praze-14\/plk-i-m-vaclav-jicha\/#primaryimage\"},\"thumbnailUrl\":\"https:\/\/www.praha14.cz\/app\/uploads\/sites\/4\/2014\/04\/jicha.jpg\",\"datePublished\":\"2014-05-12T16:44:36+00:00\",\"dateModified\":\"2026-01-30T11:40:41+00:00\",\"breadcrumb\":{\"@id\":\"https:\/\/www.praha14.cz\/zivot-na-praze-14\/plk-i-m-vaclav-jicha\/#breadcrumb\"},\"inLanguage\":\"cs\",\"potentialAction\":[{\"@type\":\"ReadAction\",\"target\":[\"https:\/\/www.praha14.cz\/zivot-na-praze-14\/plk-i-m-vaclav-jicha\/\"]}]},{\"@type\":\"ImageObject\",\"inLanguage\":\"cs\",\"@id\":\"https:\/\/www.praha14.cz\/zivot-na-praze-14\/plk-i-m-vaclav-jicha\/#primaryimage\",\"url\":\"https:\/\/www.praha14.cz\/app\/uploads\/sites\/4\/2014\/04\/jicha.jpg\",\"contentUrl\":\"https:\/\/www.praha14.cz\/app\/uploads\/sites\/4\/2014\/04\/jicha.jpg\"},{\"@type\":\"BreadcrumbList\",\"@id\":\"https:\/\/www.praha14.cz\/zivot-na-praze-14\/plk-i-m-vaclav-jicha\/#breadcrumb\",\"itemListElement\":[{\"@type\":\"ListItem\",\"position\":1,\"name\":\"\u017divot na Praze 14\",\"item\":\"https:\/\/www.praha14.cz\/zivot-na-praze-14\/\"},{\"@type\":\"ListItem\",\"position\":2,\"name\":\"V\u00c1CLAV J\u00cdCHA\"}]},{\"@type\":\"WebSite\",\"@id\":\"https:\/\/www.praha14.cz\/zivot-na-praze-14\/#website\",\"url\":\"https:\/\/www.praha14.cz\/zivot-na-praze-14\/\",\"name\":\"\u017divot na Praze 14\",\"description\":\"\",\"potentialAction\":[{\"@type\":\"SearchAction\",\"target\":{\"@type\":\"EntryPoint\",\"urlTemplate\":\"https:\/\/www.praha14.cz\/zivot-na-praze-14\/?s={search_term_string}\"},\"query-input\":{\"@type\":\"PropertyValueSpecification\",\"valueRequired\":true,\"valueName\":\"search_term_string\"}}],\"inLanguage\":\"cs\"}]}<\/script>\n<!-- \/ Yoast SEO plugin. -->","yoast_head_json":{"title":"V\u00c1CLAV J\u00cdCHA - \u017divot na Praze 14","robots":{"index":"index","follow":"follow","max-snippet":"max-snippet:-1","max-image-preview":"max-image-preview:large","max-video-preview":"max-video-preview:-1"},"canonical":"https:\/\/www.praha14.cz\/zivot-na-praze-14\/plk-i-m-vaclav-jicha\/","og_locale":"cs_CZ","og_type":"article","og_title":"V\u00c1CLAV J\u00cdCHA - \u017divot na Praze 14","og_description":"Plk. i.m. V\u00e1clav J\u00edcha V\u00e1clav J\u00edcha pat\u0159il mezi nejv\u00fdznamn\u011bj\u0161\u00ed \u010deskoslovensk\u00e9 st\u00edha\u010de RAF. U\u017e p\u0159ed v\u00e1lkou se nadchl pro letectv\u00ed, v Praze z\u00edskal pilotn\u00ed licenci v aeroklubu i jako eduka\u010dn\u00ed mechanik a posl\u00e9ze slou\u017eil u vojensk\u00e9 letky v Pie\u0161\u0165anech, aby se mohl st\u00e1t st\u00edhac\u00edm pilotem. Sv\u016fj talent rozvinul v akrobatick\u00e9 skupin\u011b \u201eKr\u00e1l vzduchu\u201c pod veden\u00edm Franti\u0161ka...","og_url":"https:\/\/www.praha14.cz\/zivot-na-praze-14\/plk-i-m-vaclav-jicha\/","og_site_name":"\u017divot na Praze 14","article_modified_time":"2026-01-30T11:40:41+00:00","og_image":[{"url":"https:\/\/www.praha14.cz\/app\/uploads\/sites\/4\/2014\/04\/jicha.jpg","type":"","width":"","height":""}],"twitter_card":"summary_large_image","twitter_misc":{"Est. reading time":"2 minuty"},"schema":{"@context":"https:\/\/schema.org","@graph":[{"@type":"WebPage","@id":"https:\/\/www.praha14.cz\/zivot-na-praze-14\/plk-i-m-vaclav-jicha\/","url":"https:\/\/www.praha14.cz\/zivot-na-praze-14\/plk-i-m-vaclav-jicha\/","name":"V\u00c1CLAV J\u00cdCHA - \u017divot na Praze 14","isPartOf":{"@id":"https:\/\/www.praha14.cz\/zivot-na-praze-14\/#website"},"primaryImageOfPage":{"@id":"https:\/\/www.praha14.cz\/zivot-na-praze-14\/plk-i-m-vaclav-jicha\/#primaryimage"},"image":{"@id":"https:\/\/www.praha14.cz\/zivot-na-praze-14\/plk-i-m-vaclav-jicha\/#primaryimage"},"thumbnailUrl":"https:\/\/www.praha14.cz\/app\/uploads\/sites\/4\/2014\/04\/jicha.jpg","datePublished":"2014-05-12T16:44:36+00:00","dateModified":"2026-01-30T11:40:41+00:00","breadcrumb":{"@id":"https:\/\/www.praha14.cz\/zivot-na-praze-14\/plk-i-m-vaclav-jicha\/#breadcrumb"},"inLanguage":"cs","potentialAction":[{"@type":"ReadAction","target":["https:\/\/www.praha14.cz\/zivot-na-praze-14\/plk-i-m-vaclav-jicha\/"]}]},{"@type":"ImageObject","inLanguage":"cs","@id":"https:\/\/www.praha14.cz\/zivot-na-praze-14\/plk-i-m-vaclav-jicha\/#primaryimage","url":"https:\/\/www.praha14.cz\/app\/uploads\/sites\/4\/2014\/04\/jicha.jpg","contentUrl":"https:\/\/www.praha14.cz\/app\/uploads\/sites\/4\/2014\/04\/jicha.jpg"},{"@type":"BreadcrumbList","@id":"https:\/\/www.praha14.cz\/zivot-na-praze-14\/plk-i-m-vaclav-jicha\/#breadcrumb","itemListElement":[{"@type":"ListItem","position":1,"name":"\u017divot na Praze 14","item":"https:\/\/www.praha14.cz\/zivot-na-praze-14\/"},{"@type":"ListItem","position":2,"name":"V\u00c1CLAV J\u00cdCHA"}]},{"@type":"WebSite","@id":"https:\/\/www.praha14.cz\/zivot-na-praze-14\/#website","url":"https:\/\/www.praha14.cz\/zivot-na-praze-14\/","name":"\u017divot na Praze 14","description":"","potentialAction":[{"@type":"SearchAction","target":{"@type":"EntryPoint","urlTemplate":"https:\/\/www.praha14.cz\/zivot-na-praze-14\/?s={search_term_string}"},"query-input":{"@type":"PropertyValueSpecification","valueRequired":true,"valueName":"search_term_string"}}],"inLanguage":"cs"}]}},"_links":{"self":[{"href":"https:\/\/www.praha14.cz\/zivot-na-praze-14\/wp-json\/wp\/v2\/pages\/2180","targetHints":{"allow":["GET"]}}],"collection":[{"href":"https:\/\/www.praha14.cz\/zivot-na-praze-14\/wp-json\/wp\/v2\/pages"}],"about":[{"href":"https:\/\/www.praha14.cz\/zivot-na-praze-14\/wp-json\/wp\/v2\/types\/page"}],"author":[{"embeddable":true,"href":"https:\/\/www.praha14.cz\/zivot-na-praze-14\/wp-json\/wp\/v2\/users\/1"}],"replies":[{"embeddable":true,"href":"https:\/\/www.praha14.cz\/zivot-na-praze-14\/wp-json\/wp\/v2\/comments?post=2180"}],"version-history":[{"count":3,"href":"https:\/\/www.praha14.cz\/zivot-na-praze-14\/wp-json\/wp\/v2\/pages\/2180\/revisions"}],"predecessor-version":[{"id":73878,"href":"https:\/\/www.praha14.cz\/zivot-na-praze-14\/wp-json\/wp\/v2\/pages\/2180\/revisions\/73878"}],"wp:attachment":[{"href":"https:\/\/www.praha14.cz\/zivot-na-praze-14\/wp-json\/wp\/v2\/media?parent=2180"}],"curies":[{"name":"wp","href":"https:\/\/api.w.org\/{rel}","templated":true}]}}