{"id":2182,"date":"2014-05-12T17:45:52","date_gmt":"2014-05-12T16:45:52","guid":{"rendered":"https:\/\/www.praha14.cz\/zivot-na-praze-14\/?page_id=2182"},"modified":"2026-01-30T11:48:12","modified_gmt":"2026-01-30T11:48:12","slug":"genmjr-v-v-otmar-kucera-dfc","status":"publish","type":"page","link":"https:\/\/www.praha14.cz\/zivot-na-praze-14\/genmjr-v-v-otmar-kucera-dfc\/","title":{"rendered":"OTMAR KU\u010cERA"},"content":{"rendered":"<p align=\"left\"><a href=\"https:\/\/www.praha14.cz\/app\/uploads\/sites\/4\/2014\/04\/kucera.jpg\" data-rel=\"lightbox-image-0\" data-rl_title=\"\" data-rl_caption=\"\" title=\"\"><img loading=\"lazy\" decoding=\"async\" class=\"alignright size-full wp-image-2148\" src=\"https:\/\/www.praha14.cz\/app\/uploads\/sites\/4\/2014\/04\/kucera.jpg\" alt=\"kucera\" width=\"281\" height=\"400\" srcset=\"https:\/\/www.praha14.cz\/app\/uploads\/sites\/4\/2014\/04\/kucera.jpg 281w, https:\/\/www.praha14.cz\/app\/uploads\/sites\/4\/2014\/04\/kucera-259x370.jpg 259w\" sizes=\"(max-width: 281px) 100vw, 281px\" \/><\/a><strong>Genmjr. v.v. OTMAR KU\u010cERA, DFC<\/strong><\/p>\n<p align=\"left\">Otmar Ku\u010dera, ro\u010dn\u00edk 1914, vstoupil do prost\u011bjovsk\u00e9 vojensk\u00e9 leteck\u00e9 \u0161koly v roce 1933. Po absolvov\u00e1n\u00ed p\u016fsobil v Olomouci nejprve u pozorovac\u00ed, pot\u00e9 st\u00edhac\u00ed letky.<\/p>\n<p align=\"left\">Po okupaci uprchl v prosinci 1939 p\u0159es Budape\u0161\u0165, Bejr\u00fat a Francii a\u017e do Brit\u00e1nie, kde v RAF konvertoval na Hurricane a za\u010dal bojovat v 111. peruti. Jeho bojov\u00e9 nasazen\u00ed zahrnovalo i \u00fa\u010dast v bitv\u011b o Brit\u00e1nii a n\u00e1sledn\u00e9 boje nad Evropou se 312. a pak 313. perut\u00ed, kde zas\u00e1hl do elitn\u00edch akc\u00ed. Dos\u00e1hl n\u011bkolika pov\u00fd\u0161en\u00ed a za state\u010dnost z\u00edskal DFC (Distinguished Flying Cross). Na sklonku v\u00e1lky velel 313. peruti v RAF North Weald. Byl tak jedn\u00edm z hrstky t\u011bch, kte\u0159\u00ed se veliteli peruti stali bez dosa\u017een\u00ed maturity.<\/p>\n<p align=\"left\">P\u0159edepsan\u00e9 vzd\u011bl\u00e1n\u00ed, nezbytn\u00fd p\u0159edpoklad pro v\u00fdkon velitelsk\u00fdch funkc\u00ed u pov\u00e1le\u010dn\u00e9ho letectva, si v\u0161ak posl\u00e9ze doplnil a 13. srpna 1945 se v hodnosti Flight Lieutenanta vr\u00e1til do tehdej\u0161\u00edho \u010ceskoslovenska s 550 nal\u00e9tan\u00fdmi opera\u010dn\u00edmi hodinami, sedmi jist\u00fdmi sest\u0159ely (z toho dva ve spolupr\u00e1ci), jedn\u00edm pravd\u011bpodobn\u00fdm, a jedn\u00edm po\u0161kozen\u00fdm nep\u0159\u00e1telsk\u00fdm letounem.<\/p>\n<p align=\"left\">Po n\u00e1vratu p\u016fsobil v brn\u011bnsk\u00e9m letectvu, ale po komunistick\u00e9m p\u0159evratu v roce 1948 byl perzekuov\u00e1n \u2013 uv\u011bzn\u011bn a degradov\u00e1n. Rehabilitov\u00e1n byl a\u017e v roce 1963, pot\u00e9 ode\u0161el do v\u00fdslu\u017eby. V roce 1990 byl pov\u00fd\u0161en na plukovn\u00edka, v roce 1993 na gener\u00e1lmajora. Zem\u0159el v \u010dervnu 1995 v 81 letech.<\/p>\n","protected":false},"excerpt":{"rendered":"<p>Genmjr. v.v. OTMAR KU\u010cERA, DFC Otmar Ku\u010dera, ro\u010dn\u00edk 1914, vstoupil do prost\u011bjovsk\u00e9 vojensk\u00e9 leteck\u00e9 \u0161koly v roce 1933. Po absolvov\u00e1n\u00ed p\u016fsobil v Olomouci nejprve u pozorovac\u00ed, pot\u00e9 st\u00edhac\u00ed letky. Po okupaci uprchl v prosinci 1939 p\u0159es Budape\u0161\u0165, Bejr\u00fat a Francii a\u017e do Brit\u00e1nie, kde v RAF konvertoval na Hurricane a za\u010dal bojovat v 111. peruti&#8230;.<\/p>\n","protected":false},"author":1,"featured_media":0,"parent":0,"menu_order":0,"comment_status":"closed","ping_status":"open","template":"","meta":{"_acf_changed":false,"footnotes":""},"class_list":["post-2182","page","type-page","status-publish","hentry"],"acf":[],"yoast_head":"<!-- This site is optimized with the Yoast SEO plugin v27.2 - https:\/\/yoast.com\/product\/yoast-seo-wordpress\/ -->\n<title>OTMAR KU\u010cERA - \u017divot na Praze 14<\/title>\n<meta name=\"robots\" content=\"index, follow, max-snippet:-1, max-image-preview:large, max-video-preview:-1\" \/>\n<link rel=\"canonical\" href=\"https:\/\/www.praha14.cz\/zivot-na-praze-14\/genmjr-v-v-otmar-kucera-dfc\/\" \/>\n<meta property=\"og:locale\" content=\"cs_CZ\" \/>\n<meta property=\"og:type\" content=\"article\" \/>\n<meta property=\"og:title\" content=\"OTMAR KU\u010cERA - \u017divot na Praze 14\" \/>\n<meta property=\"og:description\" content=\"Genmjr. v.v. OTMAR KU\u010cERA, DFC Otmar Ku\u010dera, ro\u010dn\u00edk 1914, vstoupil do prost\u011bjovsk\u00e9 vojensk\u00e9 leteck\u00e9 \u0161koly v roce 1933. Po absolvov\u00e1n\u00ed p\u016fsobil v Olomouci nejprve u pozorovac\u00ed, pot\u00e9 st\u00edhac\u00ed letky. Po okupaci uprchl v prosinci 1939 p\u0159es Budape\u0161\u0165, Bejr\u00fat a Francii a\u017e do Brit\u00e1nie, kde v RAF konvertoval na Hurricane a za\u010dal bojovat v 111. peruti....\" \/>\n<meta property=\"og:url\" content=\"https:\/\/www.praha14.cz\/zivot-na-praze-14\/genmjr-v-v-otmar-kucera-dfc\/\" \/>\n<meta property=\"og:site_name\" content=\"\u017divot na Praze 14\" \/>\n<meta property=\"article:modified_time\" content=\"2026-01-30T11:48:12+00:00\" \/>\n<meta property=\"og:image\" content=\"https:\/\/www.praha14.cz\/app\/uploads\/sites\/4\/2014\/04\/kucera.jpg\" \/>\n\t<meta property=\"og:image:width\" content=\"281\" \/>\n\t<meta property=\"og:image:height\" content=\"400\" \/>\n\t<meta property=\"og:image:type\" content=\"image\/jpeg\" \/>\n<meta name=\"twitter:card\" content=\"summary_large_image\" \/>\n<meta name=\"twitter:label1\" content=\"Est. reading time\" \/>\n\t<meta name=\"twitter:data1\" content=\"2 minuty\" \/>\n<script type=\"application\/ld+json\" class=\"yoast-schema-graph\">{\"@context\":\"https:\/\/schema.org\",\"@graph\":[{\"@type\":\"WebPage\",\"@id\":\"https:\/\/www.praha14.cz\/zivot-na-praze-14\/genmjr-v-v-otmar-kucera-dfc\/\",\"url\":\"https:\/\/www.praha14.cz\/zivot-na-praze-14\/genmjr-v-v-otmar-kucera-dfc\/\",\"name\":\"OTMAR KU\u010cERA - \u017divot na Praze 14\",\"isPartOf\":{\"@id\":\"https:\/\/www.praha14.cz\/zivot-na-praze-14\/#website\"},\"primaryImageOfPage\":{\"@id\":\"https:\/\/www.praha14.cz\/zivot-na-praze-14\/genmjr-v-v-otmar-kucera-dfc\/#primaryimage\"},\"image\":{\"@id\":\"https:\/\/www.praha14.cz\/zivot-na-praze-14\/genmjr-v-v-otmar-kucera-dfc\/#primaryimage\"},\"thumbnailUrl\":\"https:\/\/www.praha14.cz\/app\/uploads\/sites\/4\/2014\/04\/kucera.jpg\",\"datePublished\":\"2014-05-12T16:45:52+00:00\",\"dateModified\":\"2026-01-30T11:48:12+00:00\",\"breadcrumb\":{\"@id\":\"https:\/\/www.praha14.cz\/zivot-na-praze-14\/genmjr-v-v-otmar-kucera-dfc\/#breadcrumb\"},\"inLanguage\":\"cs\",\"potentialAction\":[{\"@type\":\"ReadAction\",\"target\":[\"https:\/\/www.praha14.cz\/zivot-na-praze-14\/genmjr-v-v-otmar-kucera-dfc\/\"]}]},{\"@type\":\"ImageObject\",\"inLanguage\":\"cs\",\"@id\":\"https:\/\/www.praha14.cz\/zivot-na-praze-14\/genmjr-v-v-otmar-kucera-dfc\/#primaryimage\",\"url\":\"https:\/\/www.praha14.cz\/app\/uploads\/sites\/4\/2014\/04\/kucera.jpg\",\"contentUrl\":\"https:\/\/www.praha14.cz\/app\/uploads\/sites\/4\/2014\/04\/kucera.jpg\"},{\"@type\":\"BreadcrumbList\",\"@id\":\"https:\/\/www.praha14.cz\/zivot-na-praze-14\/genmjr-v-v-otmar-kucera-dfc\/#breadcrumb\",\"itemListElement\":[{\"@type\":\"ListItem\",\"position\":1,\"name\":\"\u017divot na Praze 14\",\"item\":\"https:\/\/www.praha14.cz\/zivot-na-praze-14\/\"},{\"@type\":\"ListItem\",\"position\":2,\"name\":\"OTMAR KU\u010cERA\"}]},{\"@type\":\"WebSite\",\"@id\":\"https:\/\/www.praha14.cz\/zivot-na-praze-14\/#website\",\"url\":\"https:\/\/www.praha14.cz\/zivot-na-praze-14\/\",\"name\":\"\u017divot na Praze 14\",\"description\":\"\",\"potentialAction\":[{\"@type\":\"SearchAction\",\"target\":{\"@type\":\"EntryPoint\",\"urlTemplate\":\"https:\/\/www.praha14.cz\/zivot-na-praze-14\/?s={search_term_string}\"},\"query-input\":{\"@type\":\"PropertyValueSpecification\",\"valueRequired\":true,\"valueName\":\"search_term_string\"}}],\"inLanguage\":\"cs\"}]}<\/script>\n<!-- \/ Yoast SEO plugin. -->","yoast_head_json":{"title":"OTMAR KU\u010cERA - \u017divot na Praze 14","robots":{"index":"index","follow":"follow","max-snippet":"max-snippet:-1","max-image-preview":"max-image-preview:large","max-video-preview":"max-video-preview:-1"},"canonical":"https:\/\/www.praha14.cz\/zivot-na-praze-14\/genmjr-v-v-otmar-kucera-dfc\/","og_locale":"cs_CZ","og_type":"article","og_title":"OTMAR KU\u010cERA - \u017divot na Praze 14","og_description":"Genmjr. v.v. OTMAR KU\u010cERA, DFC Otmar Ku\u010dera, ro\u010dn\u00edk 1914, vstoupil do prost\u011bjovsk\u00e9 vojensk\u00e9 leteck\u00e9 \u0161koly v roce 1933. Po absolvov\u00e1n\u00ed p\u016fsobil v Olomouci nejprve u pozorovac\u00ed, pot\u00e9 st\u00edhac\u00ed letky. Po okupaci uprchl v prosinci 1939 p\u0159es Budape\u0161\u0165, Bejr\u00fat a Francii a\u017e do Brit\u00e1nie, kde v RAF konvertoval na Hurricane a za\u010dal bojovat v 111. peruti....","og_url":"https:\/\/www.praha14.cz\/zivot-na-praze-14\/genmjr-v-v-otmar-kucera-dfc\/","og_site_name":"\u017divot na Praze 14","article_modified_time":"2026-01-30T11:48:12+00:00","og_image":[{"width":281,"height":400,"url":"https:\/\/www.praha14.cz\/app\/uploads\/sites\/4\/2014\/04\/kucera.jpg","type":"image\/jpeg"}],"twitter_card":"summary_large_image","twitter_misc":{"Est. reading time":"2 minuty"},"schema":{"@context":"https:\/\/schema.org","@graph":[{"@type":"WebPage","@id":"https:\/\/www.praha14.cz\/zivot-na-praze-14\/genmjr-v-v-otmar-kucera-dfc\/","url":"https:\/\/www.praha14.cz\/zivot-na-praze-14\/genmjr-v-v-otmar-kucera-dfc\/","name":"OTMAR KU\u010cERA - \u017divot na Praze 14","isPartOf":{"@id":"https:\/\/www.praha14.cz\/zivot-na-praze-14\/#website"},"primaryImageOfPage":{"@id":"https:\/\/www.praha14.cz\/zivot-na-praze-14\/genmjr-v-v-otmar-kucera-dfc\/#primaryimage"},"image":{"@id":"https:\/\/www.praha14.cz\/zivot-na-praze-14\/genmjr-v-v-otmar-kucera-dfc\/#primaryimage"},"thumbnailUrl":"https:\/\/www.praha14.cz\/app\/uploads\/sites\/4\/2014\/04\/kucera.jpg","datePublished":"2014-05-12T16:45:52+00:00","dateModified":"2026-01-30T11:48:12+00:00","breadcrumb":{"@id":"https:\/\/www.praha14.cz\/zivot-na-praze-14\/genmjr-v-v-otmar-kucera-dfc\/#breadcrumb"},"inLanguage":"cs","potentialAction":[{"@type":"ReadAction","target":["https:\/\/www.praha14.cz\/zivot-na-praze-14\/genmjr-v-v-otmar-kucera-dfc\/"]}]},{"@type":"ImageObject","inLanguage":"cs","@id":"https:\/\/www.praha14.cz\/zivot-na-praze-14\/genmjr-v-v-otmar-kucera-dfc\/#primaryimage","url":"https:\/\/www.praha14.cz\/app\/uploads\/sites\/4\/2014\/04\/kucera.jpg","contentUrl":"https:\/\/www.praha14.cz\/app\/uploads\/sites\/4\/2014\/04\/kucera.jpg"},{"@type":"BreadcrumbList","@id":"https:\/\/www.praha14.cz\/zivot-na-praze-14\/genmjr-v-v-otmar-kucera-dfc\/#breadcrumb","itemListElement":[{"@type":"ListItem","position":1,"name":"\u017divot na Praze 14","item":"https:\/\/www.praha14.cz\/zivot-na-praze-14\/"},{"@type":"ListItem","position":2,"name":"OTMAR KU\u010cERA"}]},{"@type":"WebSite","@id":"https:\/\/www.praha14.cz\/zivot-na-praze-14\/#website","url":"https:\/\/www.praha14.cz\/zivot-na-praze-14\/","name":"\u017divot na Praze 14","description":"","potentialAction":[{"@type":"SearchAction","target":{"@type":"EntryPoint","urlTemplate":"https:\/\/www.praha14.cz\/zivot-na-praze-14\/?s={search_term_string}"},"query-input":{"@type":"PropertyValueSpecification","valueRequired":true,"valueName":"search_term_string"}}],"inLanguage":"cs"}]}},"_links":{"self":[{"href":"https:\/\/www.praha14.cz\/zivot-na-praze-14\/wp-json\/wp\/v2\/pages\/2182","targetHints":{"allow":["GET"]}}],"collection":[{"href":"https:\/\/www.praha14.cz\/zivot-na-praze-14\/wp-json\/wp\/v2\/pages"}],"about":[{"href":"https:\/\/www.praha14.cz\/zivot-na-praze-14\/wp-json\/wp\/v2\/types\/page"}],"author":[{"embeddable":true,"href":"https:\/\/www.praha14.cz\/zivot-na-praze-14\/wp-json\/wp\/v2\/users\/1"}],"replies":[{"embeddable":true,"href":"https:\/\/www.praha14.cz\/zivot-na-praze-14\/wp-json\/wp\/v2\/comments?post=2182"}],"version-history":[{"count":3,"href":"https:\/\/www.praha14.cz\/zivot-na-praze-14\/wp-json\/wp\/v2\/pages\/2182\/revisions"}],"predecessor-version":[{"id":73880,"href":"https:\/\/www.praha14.cz\/zivot-na-praze-14\/wp-json\/wp\/v2\/pages\/2182\/revisions\/73880"}],"wp:attachment":[{"href":"https:\/\/www.praha14.cz\/zivot-na-praze-14\/wp-json\/wp\/v2\/media?parent=2182"}],"curies":[{"name":"wp","href":"https:\/\/api.w.org\/{rel}","templated":true}]}}