{"id":2184,"date":"2014-05-12T17:46:55","date_gmt":"2014-05-12T16:46:55","guid":{"rendered":"https:\/\/www.praha14.cz\/zivot-na-praze-14\/?page_id=2184"},"modified":"2026-01-30T11:54:18","modified_gmt":"2026-01-30T11:54:18","slug":"brigadni-general-i-m-karel-kuttelwascher-dfc-bar","status":"publish","type":"page","link":"https:\/\/www.praha14.cz\/zivot-na-praze-14\/brigadni-general-i-m-karel-kuttelwascher-dfc-bar\/","title":{"rendered":"KAREL KUTTELWASCHER"},"content":{"rendered":"<p align=\"left\"><a href=\"https:\/\/www.praha14.cz\/app\/uploads\/sites\/4\/2014\/04\/kuttelwascher.jpg\" data-rel=\"lightbox-image-0\" data-rl_title=\"\" data-rl_caption=\"\" title=\"\"><img loading=\"lazy\" decoding=\"async\" class=\"alignright size-full wp-image-2149\" src=\"https:\/\/www.praha14.cz\/app\/uploads\/sites\/4\/2014\/04\/kuttelwascher.jpg\" alt=\"kuttelwascher\" width=\"280\" height=\"400\" srcset=\"https:\/\/www.praha14.cz\/app\/uploads\/sites\/4\/2014\/04\/kuttelwascher.jpg 280w, https:\/\/www.praha14.cz\/app\/uploads\/sites\/4\/2014\/04\/kuttelwascher-259x370.jpg 259w\" sizes=\"(max-width: 280px) 100vw, 280px\" \/><\/a><strong>Brig\u00e1dn\u00ed gener\u00e1l i.m. KAREL KUTTELWASCHER, DFC &amp; bar<\/strong><\/p>\n<p align=\"left\">Karel Kuttelwascher, zn\u00e1m\u00fd jako \u201eKut\u201c nebo \u201eCzech Night Hawk (\u010desk\u00fd no\u010dn\u00ed jest\u0159\u00e1b)\u201c, pat\u0159\u00ed mezi nej\u00fasp\u011b\u0161n\u011bj\u0161\u00ed \u010deskoslovensk\u00e1 esa RAF.<\/p>\n<p align=\"left\">Po \u00fat\u011bku z okupovan\u00e9 vlasti se z\u00fa\u010dastnil u francouzsk\u00e9 l\u2019Arm\u00e9e de l\u2019Air bitvy o Francii a \u00fasp\u011b\u0161n\u011b sest\u0159elil n\u011bkolik nep\u0159\u00e1telsk\u00fdch letadel. Po p\u0159echodu do RAF slou\u017eil v 1. peruti, kde zejm\u00e9na b\u011bhem no\u010dn\u00edch operac\u00ed nad okupovanou Evropou, ozna\u010dovan\u00fdch jako Night Intruder, dos\u00e1hl obdivuhodn\u00e9ho sk\u00f3re \u2013 18 potvrzen\u00fdch sest\u0159el\u016f. Za svou slu\u017ebu byl ocen\u011bn DFC a bar, n\u011bkolikan\u00e1sobn\u011b dekorov\u00e1n \u010ceskoslovensk\u00fdm v\u00e1le\u010dn\u00fdm k\u0159\u00ed\u017eem, Medail\u00ed Za chrabrost a zahrani\u010dn\u00edmi vyznamen\u00e1n\u00edmi.<\/p>\n<p align=\"left\">V \u00fanoru 1942 se o\u017eenil s tehdy dvaadvacetiletou Ruby Thomasovou, v z\u00e1\u0159\u00ed 1942 se jim narodil syn Huw, v listopadu 1944 dvoj\u010data Vera a Mari. Po v\u00e1lce pracoval nejprve ve znovu zalo\u017een\u00e9 \u010deskoslovensk\u00e9 arm\u00e1d\u011b. Jeho britsk\u00e1 man\u017eelka se v\u0161ak s \u010ceskoslovenskem nes\u017eila, tak\u017ee arm\u00e1du opustil a ji\u017e roku 1946 se vr\u00e1til do Velk\u00e9 Brit\u00e1nie, kde pokra\u010doval v kari\u00e9\u0159e jako komer\u010dn\u00ed pilot u British European Airways.<\/p>\n<p align=\"left\">Zem\u0159el p\u0159ed\u010dasn\u011b na srde\u010dn\u00ed selh\u00e1n\u00ed ve v\u011bku 42 let. V roce 1985 vy\u0161la ve Velk\u00e9 Brit\u00e1nii jeho biografie pod n\u00e1zvem Night Hawk, sepsal ji jeho ze\u0165 Roger Darlington. \u010cesky byla vyd\u00e1na pod n\u00e1zvem No\u010dn\u00ed jest\u0159\u00e1b v roce 1993.<\/p>\n<p align=\"left\">V\u00edce ne\u017e \u010dty\u0159icet let po sv\u00e9 smrti, 8. kv\u011btna 2000, byl Kuttelwascher in memoriam pov\u00fd\u0161en na brig\u00e1dn\u00edho gener\u00e1la.<\/p>\n","protected":false},"excerpt":{"rendered":"<p>Brig\u00e1dn\u00ed gener\u00e1l i.m. KAREL KUTTELWASCHER, DFC &amp; bar Karel Kuttelwascher, zn\u00e1m\u00fd jako \u201eKut\u201c nebo \u201eCzech Night Hawk (\u010desk\u00fd no\u010dn\u00ed jest\u0159\u00e1b)\u201c, pat\u0159\u00ed mezi nej\u00fasp\u011b\u0161n\u011bj\u0161\u00ed \u010deskoslovensk\u00e1 esa RAF. Po \u00fat\u011bku z okupovan\u00e9 vlasti se z\u00fa\u010dastnil u francouzsk\u00e9 l\u2019Arm\u00e9e de l\u2019Air bitvy o Francii a \u00fasp\u011b\u0161n\u011b sest\u0159elil n\u011bkolik nep\u0159\u00e1telsk\u00fdch letadel. Po p\u0159echodu do RAF slou\u017eil v 1. peruti,&#8230;<\/p>\n","protected":false},"author":1,"featured_media":0,"parent":0,"menu_order":0,"comment_status":"closed","ping_status":"open","template":"","meta":{"_acf_changed":false,"footnotes":""},"class_list":["post-2184","page","type-page","status-publish","hentry"],"acf":[],"yoast_head":"<!-- This site is optimized with the Yoast SEO plugin v27.2 - https:\/\/yoast.com\/product\/yoast-seo-wordpress\/ -->\n<title>KAREL KUTTELWASCHER - \u017divot na Praze 14<\/title>\n<meta name=\"robots\" content=\"index, follow, max-snippet:-1, max-image-preview:large, max-video-preview:-1\" \/>\n<link rel=\"canonical\" href=\"https:\/\/www.praha14.cz\/zivot-na-praze-14\/brigadni-general-i-m-karel-kuttelwascher-dfc-bar\/\" \/>\n<meta property=\"og:locale\" content=\"cs_CZ\" \/>\n<meta property=\"og:type\" content=\"article\" \/>\n<meta property=\"og:title\" content=\"KAREL KUTTELWASCHER - \u017divot na Praze 14\" \/>\n<meta property=\"og:description\" content=\"Brig\u00e1dn\u00ed gener\u00e1l i.m. KAREL KUTTELWASCHER, DFC &amp; bar Karel Kuttelwascher, zn\u00e1m\u00fd jako \u201eKut\u201c nebo \u201eCzech Night Hawk (\u010desk\u00fd no\u010dn\u00ed jest\u0159\u00e1b)\u201c, pat\u0159\u00ed mezi nej\u00fasp\u011b\u0161n\u011bj\u0161\u00ed \u010deskoslovensk\u00e1 esa RAF. Po \u00fat\u011bku z okupovan\u00e9 vlasti se z\u00fa\u010dastnil u francouzsk\u00e9 l\u2019Arm\u00e9e de l\u2019Air bitvy o Francii a \u00fasp\u011b\u0161n\u011b sest\u0159elil n\u011bkolik nep\u0159\u00e1telsk\u00fdch letadel. Po p\u0159echodu do RAF slou\u017eil v 1. peruti,...\" \/>\n<meta property=\"og:url\" content=\"https:\/\/www.praha14.cz\/zivot-na-praze-14\/brigadni-general-i-m-karel-kuttelwascher-dfc-bar\/\" \/>\n<meta property=\"og:site_name\" content=\"\u017divot na Praze 14\" \/>\n<meta property=\"article:modified_time\" content=\"2026-01-30T11:54:18+00:00\" \/>\n<meta property=\"og:image\" content=\"https:\/\/www.praha14.cz\/app\/uploads\/sites\/4\/2014\/04\/kuttelwascher.jpg\" \/>\n\t<meta property=\"og:image:width\" content=\"280\" \/>\n\t<meta property=\"og:image:height\" content=\"400\" \/>\n\t<meta property=\"og:image:type\" content=\"image\/jpeg\" \/>\n<meta name=\"twitter:card\" content=\"summary_large_image\" \/>\n<meta name=\"twitter:label1\" content=\"Est. reading time\" \/>\n\t<meta name=\"twitter:data1\" content=\"2 minuty\" \/>\n<script type=\"application\/ld+json\" class=\"yoast-schema-graph\">{\"@context\":\"https:\/\/schema.org\",\"@graph\":[{\"@type\":\"WebPage\",\"@id\":\"https:\/\/www.praha14.cz\/zivot-na-praze-14\/brigadni-general-i-m-karel-kuttelwascher-dfc-bar\/\",\"url\":\"https:\/\/www.praha14.cz\/zivot-na-praze-14\/brigadni-general-i-m-karel-kuttelwascher-dfc-bar\/\",\"name\":\"KAREL KUTTELWASCHER - \u017divot na Praze 14\",\"isPartOf\":{\"@id\":\"https:\/\/www.praha14.cz\/zivot-na-praze-14\/#website\"},\"primaryImageOfPage\":{\"@id\":\"https:\/\/www.praha14.cz\/zivot-na-praze-14\/brigadni-general-i-m-karel-kuttelwascher-dfc-bar\/#primaryimage\"},\"image\":{\"@id\":\"https:\/\/www.praha14.cz\/zivot-na-praze-14\/brigadni-general-i-m-karel-kuttelwascher-dfc-bar\/#primaryimage\"},\"thumbnailUrl\":\"https:\/\/www.praha14.cz\/app\/uploads\/sites\/4\/2014\/04\/kuttelwascher.jpg\",\"datePublished\":\"2014-05-12T16:46:55+00:00\",\"dateModified\":\"2026-01-30T11:54:18+00:00\",\"breadcrumb\":{\"@id\":\"https:\/\/www.praha14.cz\/zivot-na-praze-14\/brigadni-general-i-m-karel-kuttelwascher-dfc-bar\/#breadcrumb\"},\"inLanguage\":\"cs\",\"potentialAction\":[{\"@type\":\"ReadAction\",\"target\":[\"https:\/\/www.praha14.cz\/zivot-na-praze-14\/brigadni-general-i-m-karel-kuttelwascher-dfc-bar\/\"]}]},{\"@type\":\"ImageObject\",\"inLanguage\":\"cs\",\"@id\":\"https:\/\/www.praha14.cz\/zivot-na-praze-14\/brigadni-general-i-m-karel-kuttelwascher-dfc-bar\/#primaryimage\",\"url\":\"https:\/\/www.praha14.cz\/app\/uploads\/sites\/4\/2014\/04\/kuttelwascher.jpg\",\"contentUrl\":\"https:\/\/www.praha14.cz\/app\/uploads\/sites\/4\/2014\/04\/kuttelwascher.jpg\"},{\"@type\":\"BreadcrumbList\",\"@id\":\"https:\/\/www.praha14.cz\/zivot-na-praze-14\/brigadni-general-i-m-karel-kuttelwascher-dfc-bar\/#breadcrumb\",\"itemListElement\":[{\"@type\":\"ListItem\",\"position\":1,\"name\":\"\u017divot na Praze 14\",\"item\":\"https:\/\/www.praha14.cz\/zivot-na-praze-14\/\"},{\"@type\":\"ListItem\",\"position\":2,\"name\":\"KAREL KUTTELWASCHER\"}]},{\"@type\":\"WebSite\",\"@id\":\"https:\/\/www.praha14.cz\/zivot-na-praze-14\/#website\",\"url\":\"https:\/\/www.praha14.cz\/zivot-na-praze-14\/\",\"name\":\"\u017divot na Praze 14\",\"description\":\"\",\"potentialAction\":[{\"@type\":\"SearchAction\",\"target\":{\"@type\":\"EntryPoint\",\"urlTemplate\":\"https:\/\/www.praha14.cz\/zivot-na-praze-14\/?s={search_term_string}\"},\"query-input\":{\"@type\":\"PropertyValueSpecification\",\"valueRequired\":true,\"valueName\":\"search_term_string\"}}],\"inLanguage\":\"cs\"}]}<\/script>\n<!-- \/ Yoast SEO plugin. -->","yoast_head_json":{"title":"KAREL KUTTELWASCHER - \u017divot na Praze 14","robots":{"index":"index","follow":"follow","max-snippet":"max-snippet:-1","max-image-preview":"max-image-preview:large","max-video-preview":"max-video-preview:-1"},"canonical":"https:\/\/www.praha14.cz\/zivot-na-praze-14\/brigadni-general-i-m-karel-kuttelwascher-dfc-bar\/","og_locale":"cs_CZ","og_type":"article","og_title":"KAREL KUTTELWASCHER - \u017divot na Praze 14","og_description":"Brig\u00e1dn\u00ed gener\u00e1l i.m. KAREL KUTTELWASCHER, DFC &amp; bar Karel Kuttelwascher, zn\u00e1m\u00fd jako \u201eKut\u201c nebo \u201eCzech Night Hawk (\u010desk\u00fd no\u010dn\u00ed jest\u0159\u00e1b)\u201c, pat\u0159\u00ed mezi nej\u00fasp\u011b\u0161n\u011bj\u0161\u00ed \u010deskoslovensk\u00e1 esa RAF. Po \u00fat\u011bku z okupovan\u00e9 vlasti se z\u00fa\u010dastnil u francouzsk\u00e9 l\u2019Arm\u00e9e de l\u2019Air bitvy o Francii a \u00fasp\u011b\u0161n\u011b sest\u0159elil n\u011bkolik nep\u0159\u00e1telsk\u00fdch letadel. Po p\u0159echodu do RAF slou\u017eil v 1. peruti,...","og_url":"https:\/\/www.praha14.cz\/zivot-na-praze-14\/brigadni-general-i-m-karel-kuttelwascher-dfc-bar\/","og_site_name":"\u017divot na Praze 14","article_modified_time":"2026-01-30T11:54:18+00:00","og_image":[{"width":280,"height":400,"url":"https:\/\/www.praha14.cz\/app\/uploads\/sites\/4\/2014\/04\/kuttelwascher.jpg","type":"image\/jpeg"}],"twitter_card":"summary_large_image","twitter_misc":{"Est. reading time":"2 minuty"},"schema":{"@context":"https:\/\/schema.org","@graph":[{"@type":"WebPage","@id":"https:\/\/www.praha14.cz\/zivot-na-praze-14\/brigadni-general-i-m-karel-kuttelwascher-dfc-bar\/","url":"https:\/\/www.praha14.cz\/zivot-na-praze-14\/brigadni-general-i-m-karel-kuttelwascher-dfc-bar\/","name":"KAREL KUTTELWASCHER - \u017divot na Praze 14","isPartOf":{"@id":"https:\/\/www.praha14.cz\/zivot-na-praze-14\/#website"},"primaryImageOfPage":{"@id":"https:\/\/www.praha14.cz\/zivot-na-praze-14\/brigadni-general-i-m-karel-kuttelwascher-dfc-bar\/#primaryimage"},"image":{"@id":"https:\/\/www.praha14.cz\/zivot-na-praze-14\/brigadni-general-i-m-karel-kuttelwascher-dfc-bar\/#primaryimage"},"thumbnailUrl":"https:\/\/www.praha14.cz\/app\/uploads\/sites\/4\/2014\/04\/kuttelwascher.jpg","datePublished":"2014-05-12T16:46:55+00:00","dateModified":"2026-01-30T11:54:18+00:00","breadcrumb":{"@id":"https:\/\/www.praha14.cz\/zivot-na-praze-14\/brigadni-general-i-m-karel-kuttelwascher-dfc-bar\/#breadcrumb"},"inLanguage":"cs","potentialAction":[{"@type":"ReadAction","target":["https:\/\/www.praha14.cz\/zivot-na-praze-14\/brigadni-general-i-m-karel-kuttelwascher-dfc-bar\/"]}]},{"@type":"ImageObject","inLanguage":"cs","@id":"https:\/\/www.praha14.cz\/zivot-na-praze-14\/brigadni-general-i-m-karel-kuttelwascher-dfc-bar\/#primaryimage","url":"https:\/\/www.praha14.cz\/app\/uploads\/sites\/4\/2014\/04\/kuttelwascher.jpg","contentUrl":"https:\/\/www.praha14.cz\/app\/uploads\/sites\/4\/2014\/04\/kuttelwascher.jpg"},{"@type":"BreadcrumbList","@id":"https:\/\/www.praha14.cz\/zivot-na-praze-14\/brigadni-general-i-m-karel-kuttelwascher-dfc-bar\/#breadcrumb","itemListElement":[{"@type":"ListItem","position":1,"name":"\u017divot na Praze 14","item":"https:\/\/www.praha14.cz\/zivot-na-praze-14\/"},{"@type":"ListItem","position":2,"name":"KAREL KUTTELWASCHER"}]},{"@type":"WebSite","@id":"https:\/\/www.praha14.cz\/zivot-na-praze-14\/#website","url":"https:\/\/www.praha14.cz\/zivot-na-praze-14\/","name":"\u017divot na Praze 14","description":"","potentialAction":[{"@type":"SearchAction","target":{"@type":"EntryPoint","urlTemplate":"https:\/\/www.praha14.cz\/zivot-na-praze-14\/?s={search_term_string}"},"query-input":{"@type":"PropertyValueSpecification","valueRequired":true,"valueName":"search_term_string"}}],"inLanguage":"cs"}]}},"_links":{"self":[{"href":"https:\/\/www.praha14.cz\/zivot-na-praze-14\/wp-json\/wp\/v2\/pages\/2184","targetHints":{"allow":["GET"]}}],"collection":[{"href":"https:\/\/www.praha14.cz\/zivot-na-praze-14\/wp-json\/wp\/v2\/pages"}],"about":[{"href":"https:\/\/www.praha14.cz\/zivot-na-praze-14\/wp-json\/wp\/v2\/types\/page"}],"author":[{"embeddable":true,"href":"https:\/\/www.praha14.cz\/zivot-na-praze-14\/wp-json\/wp\/v2\/users\/1"}],"replies":[{"embeddable":true,"href":"https:\/\/www.praha14.cz\/zivot-na-praze-14\/wp-json\/wp\/v2\/comments?post=2184"}],"version-history":[{"count":3,"href":"https:\/\/www.praha14.cz\/zivot-na-praze-14\/wp-json\/wp\/v2\/pages\/2184\/revisions"}],"predecessor-version":[{"id":73882,"href":"https:\/\/www.praha14.cz\/zivot-na-praze-14\/wp-json\/wp\/v2\/pages\/2184\/revisions\/73882"}],"wp:attachment":[{"href":"https:\/\/www.praha14.cz\/zivot-na-praze-14\/wp-json\/wp\/v2\/media?parent=2184"}],"curies":[{"name":"wp","href":"https:\/\/api.w.org\/{rel}","templated":true}]}}