{"id":2186,"date":"2014-05-12T17:47:52","date_gmt":"2014-05-12T16:47:52","guid":{"rendered":"https:\/\/www.praha14.cz\/zivot-na-praze-14\/?page_id=2186"},"modified":"2026-01-30T12:07:56","modified_gmt":"2026-01-30T12:07:56","slug":"plk-i-m-jiri-manak-dfc","status":"publish","type":"page","link":"https:\/\/www.praha14.cz\/zivot-na-praze-14\/plk-i-m-jiri-manak-dfc\/","title":{"rendered":"JI\u0158\u00cd MA\u0147\u00c1K"},"content":{"rendered":"<p align=\"left\">\n<a href=\"https:\/\/www.praha14.cz\/app\/uploads\/sites\/4\/2014\/04\/manak.jpg\" data-rel=\"lightbox-image-0\" data-rl_title=\"\" data-rl_caption=\"\" title=\"\"><img loading=\"lazy\" decoding=\"async\" class=\"alignright size-full wp-image-2150\" src=\"https:\/\/www.praha14.cz\/app\/uploads\/sites\/4\/2014\/04\/manak.jpg\" alt=\"manak\" width=\"281\" height=\"400\" srcset=\"https:\/\/www.praha14.cz\/app\/uploads\/sites\/4\/2014\/04\/manak.jpg 281w, https:\/\/www.praha14.cz\/app\/uploads\/sites\/4\/2014\/04\/manak-259x370.jpg 259w\" sizes=\"(max-width: 281px) 100vw, 281px\" \/><\/a><strong>Plk i.m. JI\u0158\u00cd MA\u0147\u00c1K, DFC<\/strong><\/p>\n<p align=\"left\">K obloze ho p\u0159ivedl otec, profesor matematiky a propag\u00e1tor letectv\u00ed. Po studi\u00edch se stal Ma\u0148\u00e1k d\u016fstojn\u00edkem letectva, po okupaci ode\u0161el do Polska, pot\u00e9 do Francie, nakonec do Brit\u00e1nie. Tam vstoupil do RAF, bojoval na Hurricanu, Spitfiru, Airacob\u0159e i Typhoonu \u2013 jako jedin\u00fd \u010cech pilotoval v\u0161echny tyto letouny.<\/p>\n<p align=\"left\">Pro\u0161el p\u011bti britsk\u00fdmi perut\u011bmi, aby se nakonec stal velitelem 198., t\u00e9to pocty se cizinc\u016fm dostalo jen v\u00fdjime\u010dn\u011b. L\u00e9tal n\u00edzko nad okupovanou Franci\u00ed, \u00fato\u010dil na vlaky, lod\u011b a p\u0159\u00edstavy. Byl zn\u00e1m t\u00edm, \u017ee v\u017edy nech\u00e1val vystoupit civilisty, ne\u017e rozst\u0159\u00edlel lokomotivu. M\u011bl na kont\u011b p\u0159es 270 bojov\u00fdch let\u016f a des\u00edtky zni\u010den\u00fdch c\u00edl\u016f.<\/p>\n<p align=\"left\">V srpnu 1943 byl jeho stroj zasa\u017een, Ma\u0148\u00e1k p\u0159ist\u00e1l do mo\u0159e a byl zajat. V zajateck\u00e9m t\u00e1bo\u0159e Stalag Luft III pom\u00e1hal s p\u0159\u00edpravami slavn\u00e9ho \u00fat\u011bku, ale nakonec z\u016fstal, co\u017e mu nejsp\u00ed\u0161 zachr\u00e1nilo \u017eivot. Osvobozen\u00ed se do\u010dkal po strastipln\u00e9m pochodu N\u011bmeckem v kv\u011btnu 1945. Po n\u00e1vratu do vlasti se stal zku\u0161ebn\u00edm pilotem a hv\u011bzdou leteck\u00fdch dn\u016f.<\/p>\n<p align=\"left\">Po roce 1948 byl ale zat\u010den a zbaven mo\u017enosti l\u00e9tat. A\u017e po 15 letech mohl znovu usednout do kokpitu, tentokr\u00e1t jako pilot \u010cSA. Pln\u00e9 rehabilitace se do\u010dkal a\u017e po roce 1989, kdy byl pov\u00fd\u0161en na plukovn\u00edka a vyznamen\u00e1n \u0158\u00e1dem M. R. \u0160tef\u00e1nika. Zem\u0159el roku 1992 v Praze.<\/p>\n","protected":false},"excerpt":{"rendered":"<p>Plk i.m. JI\u0158\u00cd MA\u0147\u00c1K, DFC K obloze ho p\u0159ivedl otec, profesor matematiky a propag\u00e1tor letectv\u00ed. Po studi\u00edch se stal Ma\u0148\u00e1k d\u016fstojn\u00edkem letectva, po okupaci ode\u0161el do Polska, pot\u00e9 do Francie, nakonec do Brit\u00e1nie. Tam vstoupil do RAF, bojoval na Hurricanu, Spitfiru, Airacob\u0159e i Typhoonu \u2013 jako jedin\u00fd \u010cech pilotoval v\u0161echny tyto letouny. Pro\u0161el p\u011bti britsk\u00fdmi&#8230;<\/p>\n","protected":false},"author":1,"featured_media":0,"parent":0,"menu_order":0,"comment_status":"closed","ping_status":"open","template":"","meta":{"_acf_changed":false,"footnotes":""},"class_list":["post-2186","page","type-page","status-publish","hentry"],"acf":[],"yoast_head":"<!-- This site is optimized with the Yoast SEO plugin v27.2 - https:\/\/yoast.com\/product\/yoast-seo-wordpress\/ -->\n<title>JI\u0158\u00cd MA\u0147\u00c1K - \u017divot na Praze 14<\/title>\n<meta name=\"robots\" content=\"index, follow, max-snippet:-1, max-image-preview:large, max-video-preview:-1\" \/>\n<link rel=\"canonical\" href=\"https:\/\/www.praha14.cz\/zivot-na-praze-14\/plk-i-m-jiri-manak-dfc\/\" \/>\n<meta property=\"og:locale\" content=\"cs_CZ\" \/>\n<meta property=\"og:type\" content=\"article\" \/>\n<meta property=\"og:title\" content=\"JI\u0158\u00cd MA\u0147\u00c1K - \u017divot na Praze 14\" \/>\n<meta property=\"og:description\" content=\"Plk i.m. JI\u0158\u00cd MA\u0147\u00c1K, DFC K obloze ho p\u0159ivedl otec, profesor matematiky a propag\u00e1tor letectv\u00ed. Po studi\u00edch se stal Ma\u0148\u00e1k d\u016fstojn\u00edkem letectva, po okupaci ode\u0161el do Polska, pot\u00e9 do Francie, nakonec do Brit\u00e1nie. Tam vstoupil do RAF, bojoval na Hurricanu, Spitfiru, Airacob\u0159e i Typhoonu \u2013 jako jedin\u00fd \u010cech pilotoval v\u0161echny tyto letouny. Pro\u0161el p\u011bti britsk\u00fdmi...\" \/>\n<meta property=\"og:url\" content=\"https:\/\/www.praha14.cz\/zivot-na-praze-14\/plk-i-m-jiri-manak-dfc\/\" \/>\n<meta property=\"og:site_name\" content=\"\u017divot na Praze 14\" \/>\n<meta property=\"article:modified_time\" content=\"2026-01-30T12:07:56+00:00\" \/>\n<meta property=\"og:image\" content=\"https:\/\/www.praha14.cz\/app\/uploads\/sites\/4\/2014\/04\/manak.jpg\" \/>\n\t<meta property=\"og:image:width\" content=\"281\" \/>\n\t<meta property=\"og:image:height\" content=\"400\" \/>\n\t<meta property=\"og:image:type\" content=\"image\/jpeg\" \/>\n<meta name=\"twitter:card\" content=\"summary_large_image\" \/>\n<meta name=\"twitter:label1\" content=\"Est. reading time\" \/>\n\t<meta name=\"twitter:data1\" content=\"2 minuty\" \/>\n<script type=\"application\/ld+json\" class=\"yoast-schema-graph\">{\"@context\":\"https:\/\/schema.org\",\"@graph\":[{\"@type\":\"WebPage\",\"@id\":\"https:\/\/www.praha14.cz\/zivot-na-praze-14\/plk-i-m-jiri-manak-dfc\/\",\"url\":\"https:\/\/www.praha14.cz\/zivot-na-praze-14\/plk-i-m-jiri-manak-dfc\/\",\"name\":\"JI\u0158\u00cd MA\u0147\u00c1K - \u017divot na Praze 14\",\"isPartOf\":{\"@id\":\"https:\/\/www.praha14.cz\/zivot-na-praze-14\/#website\"},\"primaryImageOfPage\":{\"@id\":\"https:\/\/www.praha14.cz\/zivot-na-praze-14\/plk-i-m-jiri-manak-dfc\/#primaryimage\"},\"image\":{\"@id\":\"https:\/\/www.praha14.cz\/zivot-na-praze-14\/plk-i-m-jiri-manak-dfc\/#primaryimage\"},\"thumbnailUrl\":\"https:\/\/www.praha14.cz\/app\/uploads\/sites\/4\/2014\/04\/manak.jpg\",\"datePublished\":\"2014-05-12T16:47:52+00:00\",\"dateModified\":\"2026-01-30T12:07:56+00:00\",\"breadcrumb\":{\"@id\":\"https:\/\/www.praha14.cz\/zivot-na-praze-14\/plk-i-m-jiri-manak-dfc\/#breadcrumb\"},\"inLanguage\":\"cs\",\"potentialAction\":[{\"@type\":\"ReadAction\",\"target\":[\"https:\/\/www.praha14.cz\/zivot-na-praze-14\/plk-i-m-jiri-manak-dfc\/\"]}]},{\"@type\":\"ImageObject\",\"inLanguage\":\"cs\",\"@id\":\"https:\/\/www.praha14.cz\/zivot-na-praze-14\/plk-i-m-jiri-manak-dfc\/#primaryimage\",\"url\":\"https:\/\/www.praha14.cz\/app\/uploads\/sites\/4\/2014\/04\/manak.jpg\",\"contentUrl\":\"https:\/\/www.praha14.cz\/app\/uploads\/sites\/4\/2014\/04\/manak.jpg\"},{\"@type\":\"BreadcrumbList\",\"@id\":\"https:\/\/www.praha14.cz\/zivot-na-praze-14\/plk-i-m-jiri-manak-dfc\/#breadcrumb\",\"itemListElement\":[{\"@type\":\"ListItem\",\"position\":1,\"name\":\"\u017divot na Praze 14\",\"item\":\"https:\/\/www.praha14.cz\/zivot-na-praze-14\/\"},{\"@type\":\"ListItem\",\"position\":2,\"name\":\"JI\u0158\u00cd MA\u0147\u00c1K\"}]},{\"@type\":\"WebSite\",\"@id\":\"https:\/\/www.praha14.cz\/zivot-na-praze-14\/#website\",\"url\":\"https:\/\/www.praha14.cz\/zivot-na-praze-14\/\",\"name\":\"\u017divot na Praze 14\",\"description\":\"\",\"potentialAction\":[{\"@type\":\"SearchAction\",\"target\":{\"@type\":\"EntryPoint\",\"urlTemplate\":\"https:\/\/www.praha14.cz\/zivot-na-praze-14\/?s={search_term_string}\"},\"query-input\":{\"@type\":\"PropertyValueSpecification\",\"valueRequired\":true,\"valueName\":\"search_term_string\"}}],\"inLanguage\":\"cs\"}]}<\/script>\n<!-- \/ Yoast SEO plugin. -->","yoast_head_json":{"title":"JI\u0158\u00cd MA\u0147\u00c1K - \u017divot na Praze 14","robots":{"index":"index","follow":"follow","max-snippet":"max-snippet:-1","max-image-preview":"max-image-preview:large","max-video-preview":"max-video-preview:-1"},"canonical":"https:\/\/www.praha14.cz\/zivot-na-praze-14\/plk-i-m-jiri-manak-dfc\/","og_locale":"cs_CZ","og_type":"article","og_title":"JI\u0158\u00cd MA\u0147\u00c1K - \u017divot na Praze 14","og_description":"Plk i.m. JI\u0158\u00cd MA\u0147\u00c1K, DFC K obloze ho p\u0159ivedl otec, profesor matematiky a propag\u00e1tor letectv\u00ed. Po studi\u00edch se stal Ma\u0148\u00e1k d\u016fstojn\u00edkem letectva, po okupaci ode\u0161el do Polska, pot\u00e9 do Francie, nakonec do Brit\u00e1nie. Tam vstoupil do RAF, bojoval na Hurricanu, Spitfiru, Airacob\u0159e i Typhoonu \u2013 jako jedin\u00fd \u010cech pilotoval v\u0161echny tyto letouny. Pro\u0161el p\u011bti britsk\u00fdmi...","og_url":"https:\/\/www.praha14.cz\/zivot-na-praze-14\/plk-i-m-jiri-manak-dfc\/","og_site_name":"\u017divot na Praze 14","article_modified_time":"2026-01-30T12:07:56+00:00","og_image":[{"width":281,"height":400,"url":"https:\/\/www.praha14.cz\/app\/uploads\/sites\/4\/2014\/04\/manak.jpg","type":"image\/jpeg"}],"twitter_card":"summary_large_image","twitter_misc":{"Est. reading time":"2 minuty"},"schema":{"@context":"https:\/\/schema.org","@graph":[{"@type":"WebPage","@id":"https:\/\/www.praha14.cz\/zivot-na-praze-14\/plk-i-m-jiri-manak-dfc\/","url":"https:\/\/www.praha14.cz\/zivot-na-praze-14\/plk-i-m-jiri-manak-dfc\/","name":"JI\u0158\u00cd MA\u0147\u00c1K - \u017divot na Praze 14","isPartOf":{"@id":"https:\/\/www.praha14.cz\/zivot-na-praze-14\/#website"},"primaryImageOfPage":{"@id":"https:\/\/www.praha14.cz\/zivot-na-praze-14\/plk-i-m-jiri-manak-dfc\/#primaryimage"},"image":{"@id":"https:\/\/www.praha14.cz\/zivot-na-praze-14\/plk-i-m-jiri-manak-dfc\/#primaryimage"},"thumbnailUrl":"https:\/\/www.praha14.cz\/app\/uploads\/sites\/4\/2014\/04\/manak.jpg","datePublished":"2014-05-12T16:47:52+00:00","dateModified":"2026-01-30T12:07:56+00:00","breadcrumb":{"@id":"https:\/\/www.praha14.cz\/zivot-na-praze-14\/plk-i-m-jiri-manak-dfc\/#breadcrumb"},"inLanguage":"cs","potentialAction":[{"@type":"ReadAction","target":["https:\/\/www.praha14.cz\/zivot-na-praze-14\/plk-i-m-jiri-manak-dfc\/"]}]},{"@type":"ImageObject","inLanguage":"cs","@id":"https:\/\/www.praha14.cz\/zivot-na-praze-14\/plk-i-m-jiri-manak-dfc\/#primaryimage","url":"https:\/\/www.praha14.cz\/app\/uploads\/sites\/4\/2014\/04\/manak.jpg","contentUrl":"https:\/\/www.praha14.cz\/app\/uploads\/sites\/4\/2014\/04\/manak.jpg"},{"@type":"BreadcrumbList","@id":"https:\/\/www.praha14.cz\/zivot-na-praze-14\/plk-i-m-jiri-manak-dfc\/#breadcrumb","itemListElement":[{"@type":"ListItem","position":1,"name":"\u017divot na Praze 14","item":"https:\/\/www.praha14.cz\/zivot-na-praze-14\/"},{"@type":"ListItem","position":2,"name":"JI\u0158\u00cd MA\u0147\u00c1K"}]},{"@type":"WebSite","@id":"https:\/\/www.praha14.cz\/zivot-na-praze-14\/#website","url":"https:\/\/www.praha14.cz\/zivot-na-praze-14\/","name":"\u017divot na Praze 14","description":"","potentialAction":[{"@type":"SearchAction","target":{"@type":"EntryPoint","urlTemplate":"https:\/\/www.praha14.cz\/zivot-na-praze-14\/?s={search_term_string}"},"query-input":{"@type":"PropertyValueSpecification","valueRequired":true,"valueName":"search_term_string"}}],"inLanguage":"cs"}]}},"_links":{"self":[{"href":"https:\/\/www.praha14.cz\/zivot-na-praze-14\/wp-json\/wp\/v2\/pages\/2186","targetHints":{"allow":["GET"]}}],"collection":[{"href":"https:\/\/www.praha14.cz\/zivot-na-praze-14\/wp-json\/wp\/v2\/pages"}],"about":[{"href":"https:\/\/www.praha14.cz\/zivot-na-praze-14\/wp-json\/wp\/v2\/types\/page"}],"author":[{"embeddable":true,"href":"https:\/\/www.praha14.cz\/zivot-na-praze-14\/wp-json\/wp\/v2\/users\/1"}],"replies":[{"embeddable":true,"href":"https:\/\/www.praha14.cz\/zivot-na-praze-14\/wp-json\/wp\/v2\/comments?post=2186"}],"version-history":[{"count":3,"href":"https:\/\/www.praha14.cz\/zivot-na-praze-14\/wp-json\/wp\/v2\/pages\/2186\/revisions"}],"predecessor-version":[{"id":73887,"href":"https:\/\/www.praha14.cz\/zivot-na-praze-14\/wp-json\/wp\/v2\/pages\/2186\/revisions\/73887"}],"wp:attachment":[{"href":"https:\/\/www.praha14.cz\/zivot-na-praze-14\/wp-json\/wp\/v2\/media?parent=2186"}],"curies":[{"name":"wp","href":"https:\/\/api.w.org\/{rel}","templated":true}]}}