{"id":21883,"date":"2014-11-18T11:40:58","date_gmt":"2014-11-18T10:40:58","guid":{"rendered":"https:\/\/www.praha14.cz\/zivot-na-praze-14\/?page_id=21883"},"modified":"2021-10-21T07:06:48","modified_gmt":"2021-10-21T07:06:48","slug":"videa-z-akci","status":"publish","type":"page","link":"https:\/\/www.praha14.cz\/zivot-na-praze-14\/videa-z-akci\/","title":{"rendered":"Videa"},"content":{"rendered":"<section class=\"p14-panel-group\"><div id=\"panel_group_1\" class=\"panel-group\"><article class=\"panel panel-default\">\n\t\t\t<div class=\"panel-heading\">\n\t\t\t\t<h1 class=\"panel-title\">\n\t\t\t\t\t<a data-toggle=\"collapse\" data-parent=\"#panel_group_1\" href=\"#panel_1_1\" class=\"collapsed\">\n\t\t\t\t\t\tPropaga\u010dn\u00ed videa - Praha 14\n\t\t\t\t\t<\/a>\n\t\t\t\t<\/h1>\n\t\t\t<\/div>\n\t\t\t<div id=\"panel_1_1\" class=\"panel-collapse collapse\">\n\t\t\t\t<div class=\"panel-body\">\n\t\t\t\t\t<\/p>\n<p class=\"title style-scope ytd-video-primary-info-renderer\">Volno\u010dasov\u00e9 centrum Plech\u00e1rna, Centrum \u010cern\u00fd Most &#8211; video<a href=\"https:\/\/www.youtube.com\/watch?v=sTBdSmQHVCg&amp;feature=youtu.be\" target=\"_blank\" rel=\"noopener noreferrer\"> zde<\/a>.<\/p>\n<p class=\"title style-scope ytd-video-primary-info-renderer\">Hostavice, Jahodnice &#8211; video <a href=\"https:\/\/www.youtube.com\/watch?v=4oaFWLEvEHM\" target=\"_blank\" rel=\"noopener noreferrer\">zde<\/a>.<\/p>\n<p class=\"title style-scope ytd-video-primary-info-renderer\">Kostel sv. Bartolom\u011bje, Kyjsk\u00fd rybn\u00edk, TJ Kyje &#8211; video <a href=\"https:\/\/www.youtube.com\/watch?v=Dc-31I4aMAE\" target=\"_blank\" rel=\"noopener noreferrer\">zde<\/a>.<\/p>\n<p class=\"title style-scope ytd-video-primary-info-renderer\">Kostel sv. Ji\u0159\u00ed, Hloub\u011bt\u00ednsk\u00fd z\u00e1me\u010dek, stanice metra Rajsk\u00e1 zahrada &#8211; video <a href=\"https:\/\/www.youtube.com\/watch?v=oG2j2eAL5bg\" target=\"_blank\" rel=\"noopener noreferrer\">zde<\/a>.<br \/>\n\n\t\t\t\t<\/div>\n\t\t\t<\/div>\n\t\t<\/article><article class=\"panel panel-default\">\n\t\t\t<div class=\"panel-heading\">\n\t\t\t\t<h1 class=\"panel-title\">\n\t\t\t\t\t<a data-toggle=\"collapse\" data-parent=\"#panel_group_1\" href=\"#panel_1_2\" class=\"collapsed\">\n\t\t\t\t\t\tAkce Prahy 14\n\t\t\t\t\t<\/a>\n\t\t\t\t<\/h1>\n\t\t\t<\/div>\n\t\t\t<div id=\"panel_1_2\" class=\"panel-collapse collapse\">\n\t\t\t\t<div class=\"panel-body\">\n\t\t\t\t\t<\/p>\n<p><a href=\"https:\/\/www.youtube.com\/watch?v=8ieeQIf1pR4&amp;t=5s\" target=\"_blank\" rel=\"noopener\">VOLNOFEST 2021<\/a><\/p>\n<p><a href=\"https:\/\/www.youtube.com\/watch?v=darBlRCwVGc\" target=\"_blank\" rel=\"noopener\">Slavnostn\u00ed otev\u0159en\u00ed Bikeparku Jahodnice 2021<\/a><\/p>\n<p><a href=\"https:\/\/www.youtube.com\/watch?v=2nuyB19WBtE\" target=\"_blank\" rel=\"noopener\">VOLNOFEST 2020<\/a><\/p>\n<p><a href=\"https:\/\/www.youtube.com\/watch?v=W_Yskzy4Q6o&amp;t=41s\" target=\"_blank\" rel=\"noopener\">\u010carod\u011bjnice 2019<\/a><\/p>\n<p>\n\t\t\t\t<\/div>\n\t\t\t<\/div>\n\t\t<\/article><article class=\"panel panel-default\">\n\t\t\t<div class=\"panel-heading\">\n\t\t\t\t<h1 class=\"panel-title\">\n\t\t\t\t\t<a data-toggle=\"collapse\" data-parent=\"#panel_group_1\" href=\"#panel_1_3\" class=\"collapsed\">\n\t\t\t\t\t\tKronika Prahy 14\n\t\t\t\t\t<\/a>\n\t\t\t\t<\/h1>\n\t\t\t<\/div>\n\t\t\t<div id=\"panel_1_3\" class=\"panel-collapse collapse\">\n\t\t\t\t<div class=\"panel-body\">\n\t\t\t\t\t<\/p>\n<p>Zde je ke sta\u017een\u00ed <a href=\"https:\/\/www.youtube.com\/watch?v=wKKRSiF8zxs\" target=\"_blank\" rel=\"noopener\">pozv\u00e1nka k zapojen\u00ed do projektu Kronika Prahy 14<\/a>.<\/p>\n<p>\n\t\t\t\t<\/div>\n\t\t\t<\/div>\n\t\t<\/article><article class=\"panel panel-default\">\n\t\t\t<div class=\"panel-heading\">\n\t\t\t\t<h1 class=\"panel-title\">\n\t\t\t\t\t<a data-toggle=\"collapse\" data-parent=\"#panel_group_1\" href=\"#panel_1_4\" class=\"collapsed\">\n\t\t\t\t\t\tUrbanGame 2015\n\t\t\t\t\t<\/a>\n\t\t\t\t<\/h1>\n\t\t\t<\/div>\n\t\t\t<div id=\"panel_1_4\" class=\"panel-collapse collapse\">\n\t\t\t\t<div class=\"panel-body\">\n\t\t\t\t\t<\/p>\n<p>UrbanGame je z\u00e1\u017eitkov\u00e1 hra, v n\u00ed\u017e m\u016f\u017ee vyhr\u00e1t opravdu ka\u017ed\u00fd. T\u0159et\u00ed ro\u010dn\u00edk (duben 2015) organiz\u00e1to\u0159i pojmenovali Nedoru\u010den\u00e9 psan\u00ed. Zde se m\u016f\u017eete pod\u00edvat na pozv\u00e1nku na akci zpracovanou formou\u00a0<strong><a href=\"https:\/\/www.youtube.com\/watch?v=DSb9kkFWOoc\" target=\"_blank\" rel=\"noopener noreferrer\">videa<\/a>.<\/strong><\/p>\n<p style=\"color: #414042;\">\n\t\t\t\t<\/div>\n\t\t\t<\/div>\n\t\t<\/article><\/div><\/section>\n","protected":false},"excerpt":{"rendered":"","protected":false},"author":6,"featured_media":0,"parent":0,"menu_order":0,"comment_status":"closed","ping_status":"closed","template":"","meta":{"_acf_changed":false,"footnotes":""},"class_list":["post-21883","page","type-page","status-publish","hentry"],"acf":[],"yoast_head":"<!-- This site is optimized with the Yoast SEO plugin v27.2 - https:\/\/yoast.com\/product\/yoast-seo-wordpress\/ -->\n<title>Videa - \u017divot na Praze 14<\/title>\n<meta name=\"robots\" content=\"index, follow, max-snippet:-1, max-image-preview:large, max-video-preview:-1\" \/>\n<link rel=\"canonical\" href=\"https:\/\/www.praha14.cz\/zivot-na-praze-14\/videa-z-akci\/\" \/>\n<meta property=\"og:locale\" content=\"cs_CZ\" \/>\n<meta property=\"og:type\" content=\"article\" \/>\n<meta property=\"og:title\" content=\"Videa - \u017divot na Praze 14\" \/>\n<meta property=\"og:url\" content=\"https:\/\/www.praha14.cz\/zivot-na-praze-14\/videa-z-akci\/\" \/>\n<meta property=\"og:site_name\" content=\"\u017divot na Praze 14\" \/>\n<meta property=\"article:modified_time\" content=\"2021-10-21T07:06:48+00:00\" \/>\n<meta name=\"twitter:card\" content=\"summary_large_image\" \/>\n<meta name=\"twitter:label1\" content=\"Est. reading time\" \/>\n\t<meta name=\"twitter:data1\" content=\"1 minuta\" \/>\n<script type=\"application\/ld+json\" class=\"yoast-schema-graph\">{\"@context\":\"https:\/\/schema.org\",\"@graph\":[{\"@type\":\"WebPage\",\"@id\":\"https:\/\/www.praha14.cz\/zivot-na-praze-14\/videa-z-akci\/\",\"url\":\"https:\/\/www.praha14.cz\/zivot-na-praze-14\/videa-z-akci\/\",\"name\":\"Videa - \u017divot na Praze 14\",\"isPartOf\":{\"@id\":\"https:\/\/www.praha14.cz\/zivot-na-praze-14\/#website\"},\"datePublished\":\"2014-11-18T10:40:58+00:00\",\"dateModified\":\"2021-10-21T07:06:48+00:00\",\"breadcrumb\":{\"@id\":\"https:\/\/www.praha14.cz\/zivot-na-praze-14\/videa-z-akci\/#breadcrumb\"},\"inLanguage\":\"cs\",\"potentialAction\":[{\"@type\":\"ReadAction\",\"target\":[\"https:\/\/www.praha14.cz\/zivot-na-praze-14\/videa-z-akci\/\"]}]},{\"@type\":\"BreadcrumbList\",\"@id\":\"https:\/\/www.praha14.cz\/zivot-na-praze-14\/videa-z-akci\/#breadcrumb\",\"itemListElement\":[{\"@type\":\"ListItem\",\"position\":1,\"name\":\"\u017divot na Praze 14\",\"item\":\"https:\/\/www.praha14.cz\/zivot-na-praze-14\/\"},{\"@type\":\"ListItem\",\"position\":2,\"name\":\"Videa\"}]},{\"@type\":\"WebSite\",\"@id\":\"https:\/\/www.praha14.cz\/zivot-na-praze-14\/#website\",\"url\":\"https:\/\/www.praha14.cz\/zivot-na-praze-14\/\",\"name\":\"\u017divot na Praze 14\",\"description\":\"\",\"potentialAction\":[{\"@type\":\"SearchAction\",\"target\":{\"@type\":\"EntryPoint\",\"urlTemplate\":\"https:\/\/www.praha14.cz\/zivot-na-praze-14\/?s={search_term_string}\"},\"query-input\":{\"@type\":\"PropertyValueSpecification\",\"valueRequired\":true,\"valueName\":\"search_term_string\"}}],\"inLanguage\":\"cs\"}]}<\/script>\n<!-- \/ Yoast SEO plugin. -->","yoast_head_json":{"title":"Videa - \u017divot na Praze 14","robots":{"index":"index","follow":"follow","max-snippet":"max-snippet:-1","max-image-preview":"max-image-preview:large","max-video-preview":"max-video-preview:-1"},"canonical":"https:\/\/www.praha14.cz\/zivot-na-praze-14\/videa-z-akci\/","og_locale":"cs_CZ","og_type":"article","og_title":"Videa - \u017divot na Praze 14","og_url":"https:\/\/www.praha14.cz\/zivot-na-praze-14\/videa-z-akci\/","og_site_name":"\u017divot na Praze 14","article_modified_time":"2021-10-21T07:06:48+00:00","twitter_card":"summary_large_image","twitter_misc":{"Est. reading time":"1 minuta"},"schema":{"@context":"https:\/\/schema.org","@graph":[{"@type":"WebPage","@id":"https:\/\/www.praha14.cz\/zivot-na-praze-14\/videa-z-akci\/","url":"https:\/\/www.praha14.cz\/zivot-na-praze-14\/videa-z-akci\/","name":"Videa - \u017divot na Praze 14","isPartOf":{"@id":"https:\/\/www.praha14.cz\/zivot-na-praze-14\/#website"},"datePublished":"2014-11-18T10:40:58+00:00","dateModified":"2021-10-21T07:06:48+00:00","breadcrumb":{"@id":"https:\/\/www.praha14.cz\/zivot-na-praze-14\/videa-z-akci\/#breadcrumb"},"inLanguage":"cs","potentialAction":[{"@type":"ReadAction","target":["https:\/\/www.praha14.cz\/zivot-na-praze-14\/videa-z-akci\/"]}]},{"@type":"BreadcrumbList","@id":"https:\/\/www.praha14.cz\/zivot-na-praze-14\/videa-z-akci\/#breadcrumb","itemListElement":[{"@type":"ListItem","position":1,"name":"\u017divot na Praze 14","item":"https:\/\/www.praha14.cz\/zivot-na-praze-14\/"},{"@type":"ListItem","position":2,"name":"Videa"}]},{"@type":"WebSite","@id":"https:\/\/www.praha14.cz\/zivot-na-praze-14\/#website","url":"https:\/\/www.praha14.cz\/zivot-na-praze-14\/","name":"\u017divot na Praze 14","description":"","potentialAction":[{"@type":"SearchAction","target":{"@type":"EntryPoint","urlTemplate":"https:\/\/www.praha14.cz\/zivot-na-praze-14\/?s={search_term_string}"},"query-input":{"@type":"PropertyValueSpecification","valueRequired":true,"valueName":"search_term_string"}}],"inLanguage":"cs"}]}},"_links":{"self":[{"href":"https:\/\/www.praha14.cz\/zivot-na-praze-14\/wp-json\/wp\/v2\/pages\/21883","targetHints":{"allow":["GET"]}}],"collection":[{"href":"https:\/\/www.praha14.cz\/zivot-na-praze-14\/wp-json\/wp\/v2\/pages"}],"about":[{"href":"https:\/\/www.praha14.cz\/zivot-na-praze-14\/wp-json\/wp\/v2\/types\/page"}],"author":[{"embeddable":true,"href":"https:\/\/www.praha14.cz\/zivot-na-praze-14\/wp-json\/wp\/v2\/users\/6"}],"replies":[{"embeddable":true,"href":"https:\/\/www.praha14.cz\/zivot-na-praze-14\/wp-json\/wp\/v2\/comments?post=21883"}],"version-history":[{"count":6,"href":"https:\/\/www.praha14.cz\/zivot-na-praze-14\/wp-json\/wp\/v2\/pages\/21883\/revisions"}],"predecessor-version":[{"id":60634,"href":"https:\/\/www.praha14.cz\/zivot-na-praze-14\/wp-json\/wp\/v2\/pages\/21883\/revisions\/60634"}],"wp:attachment":[{"href":"https:\/\/www.praha14.cz\/zivot-na-praze-14\/wp-json\/wp\/v2\/media?parent=21883"}],"curies":[{"name":"wp","href":"https:\/\/api.w.org\/{rel}","templated":true}]}}