{"id":2190,"date":"2014-05-12T17:49:30","date_gmt":"2014-05-12T16:49:30","guid":{"rendered":"https:\/\/www.praha14.cz\/zivot-na-praze-14\/?page_id=2190"},"modified":"2026-01-30T12:33:05","modified_gmt":"2026-01-30T12:33:05","slug":"genmjr-i-m-josef-ocelka-dfc","status":"publish","type":"page","link":"https:\/\/www.praha14.cz\/zivot-na-praze-14\/genmjr-i-m-josef-ocelka-dfc\/","title":{"rendered":"JOSEF OCELKA"},"content":{"rendered":"<p><a href=\"https:\/\/www.praha14.cz\/app\/uploads\/sites\/4\/2014\/04\/ocelka.jpg\" data-rel=\"lightbox-image-0\" data-rl_title=\"\" data-rl_caption=\"\" title=\"\"><img loading=\"lazy\" decoding=\"async\" class=\"alignright size-full wp-image-2152\" src=\"https:\/\/www.praha14.cz\/app\/uploads\/sites\/4\/2014\/04\/ocelka.jpg\" alt=\"ocelka\" width=\"280\" height=\"400\" srcset=\"https:\/\/www.praha14.cz\/app\/uploads\/sites\/4\/2014\/04\/ocelka.jpg 280w, https:\/\/www.praha14.cz\/app\/uploads\/sites\/4\/2014\/04\/ocelka-259x370.jpg 259w\" sizes=\"(max-width: 280px) 100vw, 280px\" \/><\/a><strong>Genmjr. i.m. JOSEF OCELKA, DFC<\/strong><\/p>\n<p>Josef Ocelka z\u00e1sadn\u011b ovlivnil ran\u00e9 fungov\u00e1n\u00ed 311. \u010deskoslovensk\u00e9 bombardovac\u00ed perut\u011b RAF. U\u017e p\u0159ed v\u00e1lkou slou\u017eil u \u010deskoslovensk\u00e9ho letectva, byl vn\u00edm\u00e1n jako profesion\u00e1l a ten typ \u010dlov\u011bka, kter\u00fd dok\u00e1\u017ee dr\u017eet jednotku pohromad\u011b nejen v boji, ale i v ka\u017edodenn\u00ed rutin\u011b.<\/p>\n<p>Po okupaci ode\u0161el p\u0159es Polsko a Francii do Brit\u00e1nie, kde se rychle zapojil do budov\u00e1n\u00ed \u010ds. bombardovac\u00edho \u00fatvaru v r\u00e1mci RAF. Josef Ocelka pat\u0159il k charakterov\u011b i fyzicky v\u00fdrazn\u00fdm osobnostem 311. bombardovac\u00ed perut\u011b. Byl t\u00e9m\u011b\u0159 dvoumetrov\u00fd, \u0161irokoramenn\u00fd a d\u00edky sv\u00e9 p\u0159irozen\u00e9 autorit\u011b i schopnosti v\u00e9st z\u016fstal v pam\u011bti jako \u201evelitel z prvn\u00ed linie\u201c. Nal\u00e9tal p\u0159es 224 opera\u010dn\u00edch hodin a z\u00fa\u010dastnil se 45 n\u00e1let\u016f \u2013 nejv\u00edce ze v\u0161ech p\u0159\u00edslu\u0161n\u00edk\u016f perut\u011b v jej\u00edch po\u010d\u00e1tc\u00edch. Jako jeden z prvn\u00edch \u010deskoslovensk\u00fdch pilot\u016f z\u00edskal britsk\u00fd Z\u00e1slu\u017en\u00fd leteck\u00fd k\u0159\u00ed\u017e.<\/p>\n<p>Kdy\u017e panovaly pochybnosti o technick\u00e9m stavu letounu, \u0161el ho prov\u011b\u0159it s\u00e1m, a u rizikov\u00fdch operac\u00ed startoval mezi prvn\u00edmi. Sou\u010dasn\u011b si dok\u00e1zal zachovat lidskost \u2013 chodil za nemocn\u00fdmi letci, debatoval s pos\u00e1dkami, bydlel s nimi p\u0159\u00edmo u leti\u0161t\u011b.<\/p>\n<p>Jeho kari\u00e9ru ukon\u010dila nehoda roku 1942 p\u0159i zku\u0161ebn\u00edm letu Beaufortu na z\u00e1kladn\u011b Brize Norton. Ocelka se stal symbolem velitele, kter\u00fd dob\u0159e rozum\u011bl jak opera\u010dn\u00edmu tlaku, tak ka\u017edodenn\u00ed pr\u00e1ci pos\u00e1dek.<\/p>\n","protected":false},"excerpt":{"rendered":"<p>Genmjr. i.m. JOSEF OCELKA, DFC Josef Ocelka z\u00e1sadn\u011b ovlivnil ran\u00e9 fungov\u00e1n\u00ed 311. \u010deskoslovensk\u00e9 bombardovac\u00ed perut\u011b RAF. U\u017e p\u0159ed v\u00e1lkou slou\u017eil u \u010deskoslovensk\u00e9ho letectva, byl vn\u00edm\u00e1n jako profesion\u00e1l a ten typ \u010dlov\u011bka, kter\u00fd dok\u00e1\u017ee dr\u017eet jednotku pohromad\u011b nejen v boji, ale i v ka\u017edodenn\u00ed rutin\u011b. Po okupaci ode\u0161el p\u0159es Polsko a Francii do Brit\u00e1nie, kde se&#8230;<\/p>\n","protected":false},"author":1,"featured_media":0,"parent":0,"menu_order":0,"comment_status":"closed","ping_status":"open","template":"","meta":{"_acf_changed":false,"footnotes":""},"class_list":["post-2190","page","type-page","status-publish","hentry"],"acf":[],"yoast_head":"<!-- This site is optimized with the Yoast SEO plugin v27.2 - https:\/\/yoast.com\/product\/yoast-seo-wordpress\/ -->\n<title>JOSEF OCELKA - \u017divot na Praze 14<\/title>\n<meta name=\"robots\" content=\"index, follow, max-snippet:-1, max-image-preview:large, max-video-preview:-1\" \/>\n<link rel=\"canonical\" href=\"https:\/\/www.praha14.cz\/zivot-na-praze-14\/genmjr-i-m-josef-ocelka-dfc\/\" \/>\n<meta property=\"og:locale\" content=\"cs_CZ\" \/>\n<meta property=\"og:type\" content=\"article\" \/>\n<meta property=\"og:title\" content=\"JOSEF OCELKA - \u017divot na Praze 14\" \/>\n<meta property=\"og:description\" content=\"Genmjr. i.m. JOSEF OCELKA, DFC Josef Ocelka z\u00e1sadn\u011b ovlivnil ran\u00e9 fungov\u00e1n\u00ed 311. \u010deskoslovensk\u00e9 bombardovac\u00ed perut\u011b RAF. U\u017e p\u0159ed v\u00e1lkou slou\u017eil u \u010deskoslovensk\u00e9ho letectva, byl vn\u00edm\u00e1n jako profesion\u00e1l a ten typ \u010dlov\u011bka, kter\u00fd dok\u00e1\u017ee dr\u017eet jednotku pohromad\u011b nejen v boji, ale i v ka\u017edodenn\u00ed rutin\u011b. Po okupaci ode\u0161el p\u0159es Polsko a Francii do Brit\u00e1nie, kde se...\" \/>\n<meta property=\"og:url\" content=\"https:\/\/www.praha14.cz\/zivot-na-praze-14\/genmjr-i-m-josef-ocelka-dfc\/\" \/>\n<meta property=\"og:site_name\" content=\"\u017divot na Praze 14\" \/>\n<meta property=\"article:modified_time\" content=\"2026-01-30T12:33:05+00:00\" \/>\n<meta property=\"og:image\" content=\"https:\/\/www.praha14.cz\/app\/uploads\/sites\/4\/2014\/04\/ocelka.jpg\" \/>\n\t<meta property=\"og:image:width\" content=\"280\" \/>\n\t<meta property=\"og:image:height\" content=\"400\" \/>\n\t<meta property=\"og:image:type\" content=\"image\/jpeg\" \/>\n<meta name=\"twitter:card\" content=\"summary_large_image\" \/>\n<meta name=\"twitter:label1\" content=\"Est. reading time\" \/>\n\t<meta name=\"twitter:data1\" content=\"2 minuty\" \/>\n<script type=\"application\/ld+json\" class=\"yoast-schema-graph\">{\"@context\":\"https:\/\/schema.org\",\"@graph\":[{\"@type\":\"WebPage\",\"@id\":\"https:\/\/www.praha14.cz\/zivot-na-praze-14\/genmjr-i-m-josef-ocelka-dfc\/\",\"url\":\"https:\/\/www.praha14.cz\/zivot-na-praze-14\/genmjr-i-m-josef-ocelka-dfc\/\",\"name\":\"JOSEF OCELKA - \u017divot na Praze 14\",\"isPartOf\":{\"@id\":\"https:\/\/www.praha14.cz\/zivot-na-praze-14\/#website\"},\"primaryImageOfPage\":{\"@id\":\"https:\/\/www.praha14.cz\/zivot-na-praze-14\/genmjr-i-m-josef-ocelka-dfc\/#primaryimage\"},\"image\":{\"@id\":\"https:\/\/www.praha14.cz\/zivot-na-praze-14\/genmjr-i-m-josef-ocelka-dfc\/#primaryimage\"},\"thumbnailUrl\":\"https:\/\/www.praha14.cz\/app\/uploads\/sites\/4\/2014\/04\/ocelka.jpg\",\"datePublished\":\"2014-05-12T16:49:30+00:00\",\"dateModified\":\"2026-01-30T12:33:05+00:00\",\"breadcrumb\":{\"@id\":\"https:\/\/www.praha14.cz\/zivot-na-praze-14\/genmjr-i-m-josef-ocelka-dfc\/#breadcrumb\"},\"inLanguage\":\"cs\",\"potentialAction\":[{\"@type\":\"ReadAction\",\"target\":[\"https:\/\/www.praha14.cz\/zivot-na-praze-14\/genmjr-i-m-josef-ocelka-dfc\/\"]}]},{\"@type\":\"ImageObject\",\"inLanguage\":\"cs\",\"@id\":\"https:\/\/www.praha14.cz\/zivot-na-praze-14\/genmjr-i-m-josef-ocelka-dfc\/#primaryimage\",\"url\":\"https:\/\/www.praha14.cz\/app\/uploads\/sites\/4\/2014\/04\/ocelka.jpg\",\"contentUrl\":\"https:\/\/www.praha14.cz\/app\/uploads\/sites\/4\/2014\/04\/ocelka.jpg\"},{\"@type\":\"BreadcrumbList\",\"@id\":\"https:\/\/www.praha14.cz\/zivot-na-praze-14\/genmjr-i-m-josef-ocelka-dfc\/#breadcrumb\",\"itemListElement\":[{\"@type\":\"ListItem\",\"position\":1,\"name\":\"\u017divot na Praze 14\",\"item\":\"https:\/\/www.praha14.cz\/zivot-na-praze-14\/\"},{\"@type\":\"ListItem\",\"position\":2,\"name\":\"JOSEF OCELKA\"}]},{\"@type\":\"WebSite\",\"@id\":\"https:\/\/www.praha14.cz\/zivot-na-praze-14\/#website\",\"url\":\"https:\/\/www.praha14.cz\/zivot-na-praze-14\/\",\"name\":\"\u017divot na Praze 14\",\"description\":\"\",\"potentialAction\":[{\"@type\":\"SearchAction\",\"target\":{\"@type\":\"EntryPoint\",\"urlTemplate\":\"https:\/\/www.praha14.cz\/zivot-na-praze-14\/?s={search_term_string}\"},\"query-input\":{\"@type\":\"PropertyValueSpecification\",\"valueRequired\":true,\"valueName\":\"search_term_string\"}}],\"inLanguage\":\"cs\"}]}<\/script>\n<!-- \/ Yoast SEO plugin. -->","yoast_head_json":{"title":"JOSEF OCELKA - \u017divot na Praze 14","robots":{"index":"index","follow":"follow","max-snippet":"max-snippet:-1","max-image-preview":"max-image-preview:large","max-video-preview":"max-video-preview:-1"},"canonical":"https:\/\/www.praha14.cz\/zivot-na-praze-14\/genmjr-i-m-josef-ocelka-dfc\/","og_locale":"cs_CZ","og_type":"article","og_title":"JOSEF OCELKA - \u017divot na Praze 14","og_description":"Genmjr. i.m. JOSEF OCELKA, DFC Josef Ocelka z\u00e1sadn\u011b ovlivnil ran\u00e9 fungov\u00e1n\u00ed 311. \u010deskoslovensk\u00e9 bombardovac\u00ed perut\u011b RAF. U\u017e p\u0159ed v\u00e1lkou slou\u017eil u \u010deskoslovensk\u00e9ho letectva, byl vn\u00edm\u00e1n jako profesion\u00e1l a ten typ \u010dlov\u011bka, kter\u00fd dok\u00e1\u017ee dr\u017eet jednotku pohromad\u011b nejen v boji, ale i v ka\u017edodenn\u00ed rutin\u011b. Po okupaci ode\u0161el p\u0159es Polsko a Francii do Brit\u00e1nie, kde se...","og_url":"https:\/\/www.praha14.cz\/zivot-na-praze-14\/genmjr-i-m-josef-ocelka-dfc\/","og_site_name":"\u017divot na Praze 14","article_modified_time":"2026-01-30T12:33:05+00:00","og_image":[{"width":280,"height":400,"url":"https:\/\/www.praha14.cz\/app\/uploads\/sites\/4\/2014\/04\/ocelka.jpg","type":"image\/jpeg"}],"twitter_card":"summary_large_image","twitter_misc":{"Est. reading time":"2 minuty"},"schema":{"@context":"https:\/\/schema.org","@graph":[{"@type":"WebPage","@id":"https:\/\/www.praha14.cz\/zivot-na-praze-14\/genmjr-i-m-josef-ocelka-dfc\/","url":"https:\/\/www.praha14.cz\/zivot-na-praze-14\/genmjr-i-m-josef-ocelka-dfc\/","name":"JOSEF OCELKA - \u017divot na Praze 14","isPartOf":{"@id":"https:\/\/www.praha14.cz\/zivot-na-praze-14\/#website"},"primaryImageOfPage":{"@id":"https:\/\/www.praha14.cz\/zivot-na-praze-14\/genmjr-i-m-josef-ocelka-dfc\/#primaryimage"},"image":{"@id":"https:\/\/www.praha14.cz\/zivot-na-praze-14\/genmjr-i-m-josef-ocelka-dfc\/#primaryimage"},"thumbnailUrl":"https:\/\/www.praha14.cz\/app\/uploads\/sites\/4\/2014\/04\/ocelka.jpg","datePublished":"2014-05-12T16:49:30+00:00","dateModified":"2026-01-30T12:33:05+00:00","breadcrumb":{"@id":"https:\/\/www.praha14.cz\/zivot-na-praze-14\/genmjr-i-m-josef-ocelka-dfc\/#breadcrumb"},"inLanguage":"cs","potentialAction":[{"@type":"ReadAction","target":["https:\/\/www.praha14.cz\/zivot-na-praze-14\/genmjr-i-m-josef-ocelka-dfc\/"]}]},{"@type":"ImageObject","inLanguage":"cs","@id":"https:\/\/www.praha14.cz\/zivot-na-praze-14\/genmjr-i-m-josef-ocelka-dfc\/#primaryimage","url":"https:\/\/www.praha14.cz\/app\/uploads\/sites\/4\/2014\/04\/ocelka.jpg","contentUrl":"https:\/\/www.praha14.cz\/app\/uploads\/sites\/4\/2014\/04\/ocelka.jpg"},{"@type":"BreadcrumbList","@id":"https:\/\/www.praha14.cz\/zivot-na-praze-14\/genmjr-i-m-josef-ocelka-dfc\/#breadcrumb","itemListElement":[{"@type":"ListItem","position":1,"name":"\u017divot na Praze 14","item":"https:\/\/www.praha14.cz\/zivot-na-praze-14\/"},{"@type":"ListItem","position":2,"name":"JOSEF OCELKA"}]},{"@type":"WebSite","@id":"https:\/\/www.praha14.cz\/zivot-na-praze-14\/#website","url":"https:\/\/www.praha14.cz\/zivot-na-praze-14\/","name":"\u017divot na Praze 14","description":"","potentialAction":[{"@type":"SearchAction","target":{"@type":"EntryPoint","urlTemplate":"https:\/\/www.praha14.cz\/zivot-na-praze-14\/?s={search_term_string}"},"query-input":{"@type":"PropertyValueSpecification","valueRequired":true,"valueName":"search_term_string"}}],"inLanguage":"cs"}]}},"_links":{"self":[{"href":"https:\/\/www.praha14.cz\/zivot-na-praze-14\/wp-json\/wp\/v2\/pages\/2190","targetHints":{"allow":["GET"]}}],"collection":[{"href":"https:\/\/www.praha14.cz\/zivot-na-praze-14\/wp-json\/wp\/v2\/pages"}],"about":[{"href":"https:\/\/www.praha14.cz\/zivot-na-praze-14\/wp-json\/wp\/v2\/types\/page"}],"author":[{"embeddable":true,"href":"https:\/\/www.praha14.cz\/zivot-na-praze-14\/wp-json\/wp\/v2\/users\/1"}],"replies":[{"embeddable":true,"href":"https:\/\/www.praha14.cz\/zivot-na-praze-14\/wp-json\/wp\/v2\/comments?post=2190"}],"version-history":[{"count":3,"href":"https:\/\/www.praha14.cz\/zivot-na-praze-14\/wp-json\/wp\/v2\/pages\/2190\/revisions"}],"predecessor-version":[{"id":73890,"href":"https:\/\/www.praha14.cz\/zivot-na-praze-14\/wp-json\/wp\/v2\/pages\/2190\/revisions\/73890"}],"wp:attachment":[{"href":"https:\/\/www.praha14.cz\/zivot-na-praze-14\/wp-json\/wp\/v2\/media?parent=2190"}],"curies":[{"name":"wp","href":"https:\/\/api.w.org\/{rel}","templated":true}]}}